{"id":1002,"date":"2022-01-28T17:42:03","date_gmt":"2022-01-28T16:42:03","guid":{"rendered":"https:\/\/www.be-cool.nl\/?page_id=1002"},"modified":"2024-04-15T13:57:57","modified_gmt":"2024-04-15T11:57:57","slug":"wartungskuehler","status":"publish","type":"page","link":"https:\/\/www.be-cool.nl\/de\/wartungskuehler\/","title":{"rendered":"K\u00fchlerwartung"},"content":{"rendered":"<div class=\"wpb-content-wrapper\"><p>[vc_row][vc_column width=&#8220;2\/3&#8243;][vc_column_text]<\/p>\n<h3>Was machen wir?<\/h3>\n<ul>\n<li>\u00dcberholung der Bel\u00e4ge.<\/li>\n<li>\u00dcberpr\u00fcfung des L\u00fcfters.<\/li>\n<li>Schl\u00e4uche sp\u00fclen und Wasserpumpe pr\u00fcfen.<\/li>\n<li>Die K\u00fchleinheit wird innen und au\u00dfen gereinigt.<\/li>\n<li>Sollten elektrische Teile noch unter Garantie sein und nicht mehr ordnungsgem\u00e4\u00df funktionieren, werden diese ausgetauscht. (In Absprache mit dem Kunden)<\/li>\n<\/ul>\n<p>[\/vc_column_text][vc_column_text]<\/p>\n<h3>Vorteile der Wartung:<\/h3>\n<p><strong>L\u00e4ngere Lebensdauer.<br \/>\n<\/strong>Eine gute Wartung, bei der auf die richtige Einstellung geachtet wird und bei Bedarf Teile gereinigt und ausgetauscht werden, kann die Lebensdauer Ihres K\u00fchlers deutlich verl\u00e4ngern. Die Investition in die Wartung kann zu attraktiven Kosteneinsparungen f\u00fchren.<\/p>\n<p><strong>Optimaler Betrieb.<br \/>\n<\/strong>Ein optimaler Betrieb des K\u00fchlers ist nur bei ordnungsgem\u00e4\u00dfer Wartung m\u00f6glich. Wenn der K\u00fchler nicht ordnungsgem\u00e4\u00df gewartet wird, kann es zu Fehlfunktionen kommen oder der K\u00fchler funktioniert nicht optimal. Nachdem die K\u00fchlbox gereinigt und \u00fcberpr\u00fcft wurde, kann sie diesen Sommer betriebsbereit eingelagert werden.[\/vc_column_text][\/vc_column][vc_column width=&#8220;1\/3&#8243;][vc_row_inner][vc_column_inner width=&#8220;1\/2&#8243;][vc_single_image image=&#8220;1278&#8243; img_size=&#8220;400&#215;300&#8243; onclick=&#8220;link_image&#8220;][vc_column_text]<\/p>\n<p style=\"text-align: center;\"><em>F\u00fcr<\/em><\/p>\n<p>[\/vc_column_text][\/vc_column_inner][vc_column_inner width=&#8220;1\/2&#8243;][vc_single_image image=&#8220;1284&#8243; img_size=&#8220;400&#215;300&#8243; onclick=&#8220;link_image&#8220;][vc_column_text]<\/p>\n<p style=\"text-align: center;\"><em>Nach<\/em><\/p>\n<p>[\/vc_column_text][\/vc_column_inner][\/vc_row_inner][vc_row_inner][vc_column_inner width=&#8220;1\/2&#8243;][vc_single_image image=&#8220;1294&#8243; img_size=&#8220;400&#215;300&#8243; onclick=&#8220;link_image&#8220;][vc_column_text]<\/p>\n<p style=\"text-align: center;\"><em>F\u00fcr<\/em><\/p>\n<p>[\/vc_column_text][\/vc_column_inner][vc_column_inner width=&#8220;1\/2&#8243;][vc_single_image image=&#8220;1300&#8243; img_size=&#8220;400&#215;300&#8243; onclick=&#8220;link_image&#8220;][vc_column_text]<\/p>\n<p style=\"text-align: center;\"><em>Nach<\/em><\/p>\n<p>[\/vc_column_text][\/vc_column_inner][\/vc_row_inner][vc_row_inner][vc_column_inner width=&#8220;1\/2&#8243;][vc_single_image image=&#8220;1312&#8243; img_size=&#8220;400&#215;300&#8243; onclick=&#8220;link_image&#8220;][vc_column_text]<\/p>\n<p style=\"text-align: center;\"><em>F\u00fcr<\/em><\/p>\n<p>[\/vc_column_text][\/vc_column_inner][vc_column_inner width=&#8220;1\/2&#8243;][vc_single_image image=&#8220;1306&#8243; img_size=&#8220;400&#215;300&#8243; onclick=&#8220;link_image&#8220;][vc_column_text]<\/p>\n<p style=\"text-align: center;\"><em>Nach<\/em><\/p>\n<p>[\/vc_column_text][\/vc_column_inner][\/vc_row_inner][\/vc_column][\/vc_row]<\/p>\n<\/div>","protected":false},"excerpt":{"rendered":"<p>[vc_row][vc_column width=&#8220;2\/3&#8243;][vc_column_text] Was machen wir? \u00dcberholung der Bel\u00e4ge. \u00dcberpr\u00fcfung des L\u00fcfters. Schl\u00e4uche sp\u00fclen und Wasserpumpe pr\u00fcfen. Die K\u00fchleinheit wird innen und au\u00dfen gereinigt. Sollten elektrische<a class=\"moretag\" href=\"https:\/\/www.be-cool.nl\/de\/wartungskuehler\/\">&#8230;<\/a><\/p>\n","protected":false},"author":2,"featured_media":0,"parent":0,"menu_order":0,"comment_status":"closed","ping_status":"closed","template":"","meta":{"_glsr_average":0,"_glsr_ranking":0,"_glsr_reviews":0,"footnotes":""},"class_list":["post-1002","page","type-page","status-publish","hentry"],"yoast_head":"<!-- This site is optimized with the Yoast SEO plugin v27.5 - https:\/\/yoast.com\/product\/yoast-seo-wordpress\/ -->\n<title>K\u00fchlerwartung - Be-Cool<\/title>\n<meta name=\"robots\" content=\"index, follow, max-snippet:-1, max-image-preview:large, max-video-preview:-1\" \/>\n<link rel=\"canonical\" href=\"https:\/\/www.be-cool.nl\/de\/wartungskuehler\/\" \/>\n<meta property=\"og:locale\" content=\"de_DE\" \/>\n<meta property=\"og:type\" content=\"article\" \/>\n<meta property=\"og:title\" content=\"K\u00fchlerwartung - Be-Cool\" \/>\n<meta property=\"og:description\" content=\"[vc_row][vc_column width=&#8220;2\/3&#8243;][vc_column_text] Was machen wir? \u00dcberholung der Bel\u00e4ge. \u00dcberpr\u00fcfung des L\u00fcfters. Schl\u00e4uche sp\u00fclen und Wasserpumpe pr\u00fcfen. Die K\u00fchleinheit wird innen und au\u00dfen gereinigt. Sollten elektrische...\" \/>\n<meta property=\"og:url\" content=\"https:\/\/www.be-cool.nl\/de\/wartungskuehler\/\" \/>\n<meta property=\"og:site_name\" content=\"Be-Cool\" \/>\n<meta property=\"article:modified_time\" content=\"2024-04-15T11:57:57+00:00\" \/>\n<meta name=\"twitter:card\" content=\"summary_large_image\" \/>\n<meta name=\"twitter:label1\" content=\"Gesch\u00e4tzte Lesezeit\" \/>\n\t<meta name=\"twitter:data1\" content=\"2\u00a0Minuten\" \/>\n<script type=\"application\/ld+json\" class=\"yoast-schema-graph\">{\"@context\":\"https:\\\/\\\/schema.org\",\"@graph\":[{\"@type\":\"WebPage\",\"@id\":\"https:\\\/\\\/www.be-cool.nl\\\/de\\\/wartungskuehler\\\/\",\"url\":\"https:\\\/\\\/www.be-cool.nl\\\/de\\\/wartungskuehler\\\/\",\"name\":\"K\u00fchlerwartung - Be-Cool\",\"isPartOf\":{\"@id\":\"https:\\\/\\\/www.be-cool.nl\\\/de\\\/#website\"},\"datePublished\":\"2022-01-28T16:42:03+00:00\",\"dateModified\":\"2024-04-15T11:57:57+00:00\",\"breadcrumb\":{\"@id\":\"https:\\\/\\\/www.be-cool.nl\\\/de\\\/wartungskuehler\\\/#breadcrumb\"},\"inLanguage\":\"de\",\"potentialAction\":[{\"@type\":\"ReadAction\",\"target\":[\"https:\\\/\\\/www.be-cool.nl\\\/de\\\/wartungskuehler\\\/\"]}]},{\"@type\":\"BreadcrumbList\",\"@id\":\"https:\\\/\\\/www.be-cool.nl\\\/de\\\/wartungskuehler\\\/#breadcrumb\",\"itemListElement\":[{\"@type\":\"ListItem\",\"position\":1,\"name\":\"Home\",\"item\":\"https:\\\/\\\/www.be-cool.nl\\\/de\\\/\"},{\"@type\":\"ListItem\",\"position\":2,\"name\":\"K\u00fchlerwartung\"}]},{\"@type\":\"WebSite\",\"@id\":\"https:\\\/\\\/www.be-cool.nl\\\/de\\\/#website\",\"url\":\"https:\\\/\\\/www.be-cool.nl\\\/de\\\/\",\"name\":\"Be-Cool\",\"description\":\"\",\"publisher\":{\"@id\":\"https:\\\/\\\/www.be-cool.nl\\\/de\\\/#organization\"},\"potentialAction\":[{\"@type\":\"SearchAction\",\"target\":{\"@type\":\"EntryPoint\",\"urlTemplate\":\"https:\\\/\\\/www.be-cool.nl\\\/de\\\/?s={search_term_string}\"},\"query-input\":{\"@type\":\"PropertyValueSpecification\",\"valueRequired\":true,\"valueName\":\"search_term_string\"}}],\"inLanguage\":\"de\"},{\"@type\":\"Organization\",\"@id\":\"https:\\\/\\\/www.be-cool.nl\\\/de\\\/#organization\",\"name\":\"Be-Cool\",\"url\":\"https:\\\/\\\/www.be-cool.nl\\\/de\\\/\",\"logo\":{\"@type\":\"ImageObject\",\"inLanguage\":\"de\",\"@id\":\"https:\\\/\\\/www.be-cool.nl\\\/de\\\/#\\\/schema\\\/logo\\\/image\\\/\",\"url\":\"https:\\\/\\\/www.be-cool.nl\\\/wp-content\\\/uploads\\\/Be-cool_Logo.png\",\"contentUrl\":\"https:\\\/\\\/www.be-cool.nl\\\/wp-content\\\/uploads\\\/Be-cool_Logo.png\",\"width\":426,\"height\":142,\"caption\":\"Be-Cool\"},\"image\":{\"@id\":\"https:\\\/\\\/www.be-cool.nl\\\/de\\\/#\\\/schema\\\/logo\\\/image\\\/\"}}]}<\/script>\n<!-- \/ Yoast SEO plugin. -->","yoast_head_json":{"title":"K\u00fchlerwartung - Be-Cool","robots":{"index":"index","follow":"follow","max-snippet":"max-snippet:-1","max-image-preview":"max-image-preview:large","max-video-preview":"max-video-preview:-1"},"canonical":"https:\/\/www.be-cool.nl\/de\/wartungskuehler\/","og_locale":"de_DE","og_type":"article","og_title":"K\u00fchlerwartung - Be-Cool","og_description":"[vc_row][vc_column width=&#8220;2\/3&#8243;][vc_column_text] Was machen wir? \u00dcberholung der Bel\u00e4ge. \u00dcberpr\u00fcfung des L\u00fcfters. Schl\u00e4uche sp\u00fclen und Wasserpumpe pr\u00fcfen. Die K\u00fchleinheit wird innen und au\u00dfen gereinigt. Sollten elektrische...","og_url":"https:\/\/www.be-cool.nl\/de\/wartungskuehler\/","og_site_name":"Be-Cool","article_modified_time":"2024-04-15T11:57:57+00:00","twitter_card":"summary_large_image","twitter_misc":{"Gesch\u00e4tzte Lesezeit":"2\u00a0Minuten"},"schema":{"@context":"https:\/\/schema.org","@graph":[{"@type":"WebPage","@id":"https:\/\/www.be-cool.nl\/de\/wartungskuehler\/","url":"https:\/\/www.be-cool.nl\/de\/wartungskuehler\/","name":"K\u00fchlerwartung - Be-Cool","isPartOf":{"@id":"https:\/\/www.be-cool.nl\/de\/#website"},"datePublished":"2022-01-28T16:42:03+00:00","dateModified":"2024-04-15T11:57:57+00:00","breadcrumb":{"@id":"https:\/\/www.be-cool.nl\/de\/wartungskuehler\/#breadcrumb"},"inLanguage":"de","potentialAction":[{"@type":"ReadAction","target":["https:\/\/www.be-cool.nl\/de\/wartungskuehler\/"]}]},{"@type":"BreadcrumbList","@id":"https:\/\/www.be-cool.nl\/de\/wartungskuehler\/#breadcrumb","itemListElement":[{"@type":"ListItem","position":1,"name":"Home","item":"https:\/\/www.be-cool.nl\/de\/"},{"@type":"ListItem","position":2,"name":"K\u00fchlerwartung"}]},{"@type":"WebSite","@id":"https:\/\/www.be-cool.nl\/de\/#website","url":"https:\/\/www.be-cool.nl\/de\/","name":"Be-Cool","description":"","publisher":{"@id":"https:\/\/www.be-cool.nl\/de\/#organization"},"potentialAction":[{"@type":"SearchAction","target":{"@type":"EntryPoint","urlTemplate":"https:\/\/www.be-cool.nl\/de\/?s={search_term_string}"},"query-input":{"@type":"PropertyValueSpecification","valueRequired":true,"valueName":"search_term_string"}}],"inLanguage":"de"},{"@type":"Organization","@id":"https:\/\/www.be-cool.nl\/de\/#organization","name":"Be-Cool","url":"https:\/\/www.be-cool.nl\/de\/","logo":{"@type":"ImageObject","inLanguage":"de","@id":"https:\/\/www.be-cool.nl\/de\/#\/schema\/logo\/image\/","url":"https:\/\/www.be-cool.nl\/wp-content\/uploads\/Be-cool_Logo.png","contentUrl":"https:\/\/www.be-cool.nl\/wp-content\/uploads\/Be-cool_Logo.png","width":426,"height":142,"caption":"Be-Cool"},"image":{"@id":"https:\/\/www.be-cool.nl\/de\/#\/schema\/logo\/image\/"}}]}},"_links":{"self":[{"href":"https:\/\/www.be-cool.nl\/de\/wp-json\/wp\/v2\/pages\/1002","targetHints":{"allow":["GET"]}}],"collection":[{"href":"https:\/\/www.be-cool.nl\/de\/wp-json\/wp\/v2\/pages"}],"about":[{"href":"https:\/\/www.be-cool.nl\/de\/wp-json\/wp\/v2\/types\/page"}],"author":[{"embeddable":true,"href":"https:\/\/www.be-cool.nl\/de\/wp-json\/wp\/v2\/users\/2"}],"replies":[{"embeddable":true,"href":"https:\/\/www.be-cool.nl\/de\/wp-json\/wp\/v2\/comments?post=1002"}],"version-history":[{"count":2,"href":"https:\/\/www.be-cool.nl\/de\/wp-json\/wp\/v2\/pages\/1002\/revisions"}],"predecessor-version":[{"id":2508,"href":"https:\/\/www.be-cool.nl\/de\/wp-json\/wp\/v2\/pages\/1002\/revisions\/2508"}],"wp:attachment":[{"href":"https:\/\/www.be-cool.nl\/de\/wp-json\/wp\/v2\/media?parent=1002"}],"curies":[{"name":"wp","href":"https:\/\/api.w.org\/{rel}","templated":true}]}}