{"id":1012,"date":"2022-02-21T11:39:08","date_gmt":"2022-02-21T10:39:08","guid":{"rendered":"https:\/\/www.be-cool.nl\/?page_id=1012"},"modified":"2022-03-03T11:32:18","modified_gmt":"2022-03-03T10:32:18","slug":"portacool-cyclone","status":"publish","type":"page","link":"https:\/\/www.be-cool.nl\/de\/portacool-cyclone\/","title":{"rendered":"Portacool Cyclone"},"content":{"rendered":"<div class=\"wpb-content-wrapper\"><p>[vc_row][vc_column][vc_column_text]<\/p>\n<h2>Gehen Sie f\u00fcr die Portacool Cyclone Serie<\/h2>\n<p>Wenn Sie nach dem besten mobilen Adiabat-K\u00fchler der besten Qualit\u00e4t suchen, sind die Luftk\u00fchler der Portacool Cyclone-Serie die richtige Wahl. Die portacoolLuftk\u00fchler sind sehr energieeffizient und fein zu bedienen. Ben\u00f6tigen Sie Beratung bei der Wahl des richtigen K\u00fchlers? Wir bei Be-Cool sind gerne f\u00fcr Sie da. Unser Sortiment umfasst den Portacool Cyclone 1000, Cyclone 2000 und Cyclone 3000. M\u00f6chten Sie mehr \u00fcber die Luftk\u00fchler dieser Portacool-Serie erfahren? Bitte kontaktieren Sie uns oder lesen Sie weiter.[\/vc_column_text][\/vc_column][\/vc_row][vc_row][vc_column][vc_column_text]<\/p>\n<h3>Zyklon 1000<\/h3>\n<p>Der erste Luftk\u00fchler der Cyclone-Serie ist der Cyclone 1000. Dies ist ein K\u00fchler mit einem gro\u00dfen Wassertank von 30 Litern. Es ist ideal als Terrassenk\u00fchler oder als Spotk\u00fchler in der Industrie oder zu Hause. Ein gro\u00dfer Vorteil ist, dass es sehr leise und energieeffizient in seiner Verwendung ist. Es ist einfach zu bewegen und installationsfrei. Sobald Sie das Ger\u00e4t an das Wasser und den Strom angeschlossen haben, k\u00f6nnen Sie es direkt verwenden. Es ist einfach auf 2 Arten nachzuf\u00fcllen (Gartenschlauchanschluss oder manuelle nachf\u00fcllung). Die Lamellen im Ger\u00e4t sorgen daf\u00fcr, dass der Luftstrom besser bew\u00e4ltigt werden kann. Mit diesem K\u00fchler profitieren Sie von einer \u00f6kologischen, wirtschaftlichen und effektiven K\u00fchlung. Hier sind einige Spezifikationen dieses Luftk\u00fchlers:<\/p>\n<ul>\n<li>Luftleistung: 1700 m3\/h<\/li>\n<li>Wasserreservoir: 30L<\/li>\n<li>Abmessungen: 89(H) x 50(B) x 50(D)<\/li>\n<li>Gewicht: 23kg<\/li>\n<li>K\u00fchlleistung: 28m2<\/li>\n<\/ul>\n<h3>Zyklon 2000<\/h3>\n<p>Der Cyclone 2000 aus der Portacool-Serie hat eine gr\u00f6\u00dfere Wasserkapazit\u00e4t als der Cyclone 1000, n\u00e4mlich 38 Liter. Wie der 1000 ist er ideal als Terrassenk\u00fchler oder Spotk\u00fchler in der Industrie und zu Hause. Dieser energieeffiziente Luftk\u00fchler ist ebenfalls sehr fein zu bedienen und sorgt f\u00fcr eine \u00f6kologische, wirtschaftliche und effektive K\u00fchlung. Der K\u00fchler hat eine Luftleistung von 3398 m3\/h, wiegt 27 kg und eine K\u00fchlleistung von 46 m2. In Bezug auf die Abmessungen ist es 79(H) x 61(B) x 64(D).<\/p>\n<h3>Zyklon 3000<\/h3>\n<p>Der Cyclone 3000 ist der gr\u00f6\u00dfte mobile adiabatische K\u00fchler der Qualit\u00e4tsmarke Portacool. Die 3000 k\u00fchlen R\u00e4ume bis zu 65 m2 energieeffizient und umweltbewusst. Der K\u00fchler hat ein Fassungsverm\u00f6gen von 60 Litern. Das Ger\u00e4t hat eine Luftleistung von 5097 m3\/h und wiegt 46 kg. Schlie\u00dflich sind die Abmessungen dieses K\u00fchlers 97(H) x 76(B) x 70(D).<\/p>\n<h3>Wir informieren Sie weiter<\/h3>\n<p>M\u00f6chten Sie mehr \u00fcber die Portacool K\u00fchler erfahren? Bitte kontaktieren Sie uns unter <a href=\"tel:0152002116\">015-2002116<\/a> oder per E-Mail <a href=\"mailto:info@be-cool.nl\">info@be-cool.nl.<\/a> Es ist auch m\u00f6glich, eine Nachricht \u00fcber unser Online-Kontaktformular zu hinterlassen. Wir m\u00f6chten Sie gerne \u00fcber die Portacool Cyclone Serie informieren.[\/vc_column_text][\/vc_column][\/vc_row]<\/p>\n<\/div>","protected":false},"excerpt":{"rendered":"<p>[vc_row][vc_column][vc_column_text] Gehen Sie f\u00fcr die Portacool Cyclone Serie Wenn Sie nach dem besten mobilen Adiabat-K\u00fchler der besten Qualit\u00e4t suchen, sind die Luftk\u00fchler der Portacool Cyclone-Serie<a class=\"moretag\" href=\"https:\/\/www.be-cool.nl\/de\/portacool-cyclone\/\">&#8230;<\/a><\/p>\n","protected":false},"author":1,"featured_media":0,"parent":0,"menu_order":0,"comment_status":"closed","ping_status":"closed","template":"","meta":{"_glsr_average":0,"_glsr_ranking":0,"_glsr_reviews":0,"footnotes":""},"class_list":["post-1012","page","type-page","status-publish","hentry"],"yoast_head":"<!-- This site is optimized with the Yoast SEO plugin v27.5 - https:\/\/yoast.com\/product\/yoast-seo-wordpress\/ -->\n<title>Portacool Cyclone - Be-Cool<\/title>\n<meta name=\"description\" content=\"Wenn Sie auf der Suche nach einem hochwertigen Luftk\u00fchler sind, sind die Luftk\u00fchler aus der Cyclone-Serie von portacool die richtige Wahl. Schauen Sie sich die Be-Cool-Serie an und w\u00e4hlen Sie den K\u00fchler, der Ihren Bed\u00fcrfnissen entspricht. Ben\u00f6tigen Sie Rat bei der Auswahl? Wir haben Sie abgedeckt. Rufen Sie direkt unter 015-2002116 an.\" \/>\n<meta name=\"robots\" content=\"index, follow, max-snippet:-1, max-image-preview:large, max-video-preview:-1\" \/>\n<link rel=\"canonical\" href=\"https:\/\/www.be-cool.nl\/de\/portacool-cyclone\/\" \/>\n<meta property=\"og:locale\" content=\"de_DE\" \/>\n<meta property=\"og:type\" content=\"article\" \/>\n<meta property=\"og:title\" content=\"Portacool Cyclone - Be-Cool\" \/>\n<meta property=\"og:description\" content=\"Wenn Sie auf der Suche nach einem hochwertigen Luftk\u00fchler sind, sind die Luftk\u00fchler aus der Cyclone-Serie von portacool die richtige Wahl. Schauen Sie sich die Be-Cool-Serie an und w\u00e4hlen Sie den K\u00fchler, der Ihren Bed\u00fcrfnissen entspricht. Ben\u00f6tigen Sie Rat bei der Auswahl? Wir haben Sie abgedeckt. Rufen Sie direkt unter 015-2002116 an.\" \/>\n<meta property=\"og:url\" content=\"https:\/\/www.be-cool.nl\/de\/portacool-cyclone\/\" \/>\n<meta property=\"og:site_name\" content=\"Be-Cool\" \/>\n<meta property=\"article:modified_time\" content=\"2022-03-03T10:32:18+00:00\" \/>\n<meta name=\"twitter:card\" content=\"summary_large_image\" \/>\n<meta name=\"twitter:label1\" content=\"Gesch\u00e4tzte Lesezeit\" \/>\n\t<meta name=\"twitter:data1\" content=\"2\u00a0Minuten\" \/>\n<script type=\"application\/ld+json\" class=\"yoast-schema-graph\">{\"@context\":\"https:\\\/\\\/schema.org\",\"@graph\":[{\"@type\":\"WebPage\",\"@id\":\"https:\\\/\\\/www.be-cool.nl\\\/de\\\/portacool-cyclone\\\/\",\"url\":\"https:\\\/\\\/www.be-cool.nl\\\/de\\\/portacool-cyclone\\\/\",\"name\":\"Portacool Cyclone - Be-Cool\",\"isPartOf\":{\"@id\":\"https:\\\/\\\/www.be-cool.nl\\\/de\\\/#website\"},\"datePublished\":\"2022-02-21T10:39:08+00:00\",\"dateModified\":\"2022-03-03T10:32:18+00:00\",\"description\":\"Wenn Sie auf der Suche nach einem hochwertigen Luftk\u00fchler sind, sind die Luftk\u00fchler aus der Cyclone-Serie von portacool die richtige Wahl. Schauen Sie sich die Be-Cool-Serie an und w\u00e4hlen Sie den K\u00fchler, der Ihren Bed\u00fcrfnissen entspricht. Ben\u00f6tigen Sie Rat bei der Auswahl? Wir haben Sie abgedeckt. Rufen Sie direkt unter 015-2002116 an.\",\"breadcrumb\":{\"@id\":\"https:\\\/\\\/www.be-cool.nl\\\/de\\\/portacool-cyclone\\\/#breadcrumb\"},\"inLanguage\":\"de\",\"potentialAction\":[{\"@type\":\"ReadAction\",\"target\":[\"https:\\\/\\\/www.be-cool.nl\\\/de\\\/portacool-cyclone\\\/\"]}]},{\"@type\":\"BreadcrumbList\",\"@id\":\"https:\\\/\\\/www.be-cool.nl\\\/de\\\/portacool-cyclone\\\/#breadcrumb\",\"itemListElement\":[{\"@type\":\"ListItem\",\"position\":1,\"name\":\"Home\",\"item\":\"https:\\\/\\\/www.be-cool.nl\\\/de\\\/\"},{\"@type\":\"ListItem\",\"position\":2,\"name\":\"Portacool Cyclone\"}]},{\"@type\":\"WebSite\",\"@id\":\"https:\\\/\\\/www.be-cool.nl\\\/de\\\/#website\",\"url\":\"https:\\\/\\\/www.be-cool.nl\\\/de\\\/\",\"name\":\"Be-Cool\",\"description\":\"\",\"publisher\":{\"@id\":\"https:\\\/\\\/www.be-cool.nl\\\/de\\\/#organization\"},\"potentialAction\":[{\"@type\":\"SearchAction\",\"target\":{\"@type\":\"EntryPoint\",\"urlTemplate\":\"https:\\\/\\\/www.be-cool.nl\\\/de\\\/?s={search_term_string}\"},\"query-input\":{\"@type\":\"PropertyValueSpecification\",\"valueRequired\":true,\"valueName\":\"search_term_string\"}}],\"inLanguage\":\"de\"},{\"@type\":\"Organization\",\"@id\":\"https:\\\/\\\/www.be-cool.nl\\\/de\\\/#organization\",\"name\":\"Be-Cool\",\"url\":\"https:\\\/\\\/www.be-cool.nl\\\/de\\\/\",\"logo\":{\"@type\":\"ImageObject\",\"inLanguage\":\"de\",\"@id\":\"https:\\\/\\\/www.be-cool.nl\\\/de\\\/#\\\/schema\\\/logo\\\/image\\\/\",\"url\":\"https:\\\/\\\/www.be-cool.nl\\\/wp-content\\\/uploads\\\/Be-cool_Logo.png\",\"contentUrl\":\"https:\\\/\\\/www.be-cool.nl\\\/wp-content\\\/uploads\\\/Be-cool_Logo.png\",\"width\":426,\"height\":142,\"caption\":\"Be-Cool\"},\"image\":{\"@id\":\"https:\\\/\\\/www.be-cool.nl\\\/de\\\/#\\\/schema\\\/logo\\\/image\\\/\"}}]}<\/script>\n<!-- \/ Yoast SEO plugin. -->","yoast_head_json":{"title":"Portacool Cyclone - Be-Cool","description":"Wenn Sie auf der Suche nach einem hochwertigen Luftk\u00fchler sind, sind die Luftk\u00fchler aus der Cyclone-Serie von portacool die richtige Wahl. Schauen Sie sich die Be-Cool-Serie an und w\u00e4hlen Sie den K\u00fchler, der Ihren Bed\u00fcrfnissen entspricht. Ben\u00f6tigen Sie Rat bei der Auswahl? Wir haben Sie abgedeckt. Rufen Sie direkt unter 015-2002116 an.","robots":{"index":"index","follow":"follow","max-snippet":"max-snippet:-1","max-image-preview":"max-image-preview:large","max-video-preview":"max-video-preview:-1"},"canonical":"https:\/\/www.be-cool.nl\/de\/portacool-cyclone\/","og_locale":"de_DE","og_type":"article","og_title":"Portacool Cyclone - Be-Cool","og_description":"Wenn Sie auf der Suche nach einem hochwertigen Luftk\u00fchler sind, sind die Luftk\u00fchler aus der Cyclone-Serie von portacool die richtige Wahl. Schauen Sie sich die Be-Cool-Serie an und w\u00e4hlen Sie den K\u00fchler, der Ihren Bed\u00fcrfnissen entspricht. Ben\u00f6tigen Sie Rat bei der Auswahl? Wir haben Sie abgedeckt. Rufen Sie direkt unter 015-2002116 an.","og_url":"https:\/\/www.be-cool.nl\/de\/portacool-cyclone\/","og_site_name":"Be-Cool","article_modified_time":"2022-03-03T10:32:18+00:00","twitter_card":"summary_large_image","twitter_misc":{"Gesch\u00e4tzte Lesezeit":"2\u00a0Minuten"},"schema":{"@context":"https:\/\/schema.org","@graph":[{"@type":"WebPage","@id":"https:\/\/www.be-cool.nl\/de\/portacool-cyclone\/","url":"https:\/\/www.be-cool.nl\/de\/portacool-cyclone\/","name":"Portacool Cyclone - Be-Cool","isPartOf":{"@id":"https:\/\/www.be-cool.nl\/de\/#website"},"datePublished":"2022-02-21T10:39:08+00:00","dateModified":"2022-03-03T10:32:18+00:00","description":"Wenn Sie auf der Suche nach einem hochwertigen Luftk\u00fchler sind, sind die Luftk\u00fchler aus der Cyclone-Serie von portacool die richtige Wahl. Schauen Sie sich die Be-Cool-Serie an und w\u00e4hlen Sie den K\u00fchler, der Ihren Bed\u00fcrfnissen entspricht. Ben\u00f6tigen Sie Rat bei der Auswahl? Wir haben Sie abgedeckt. Rufen Sie direkt unter 015-2002116 an.","breadcrumb":{"@id":"https:\/\/www.be-cool.nl\/de\/portacool-cyclone\/#breadcrumb"},"inLanguage":"de","potentialAction":[{"@type":"ReadAction","target":["https:\/\/www.be-cool.nl\/de\/portacool-cyclone\/"]}]},{"@type":"BreadcrumbList","@id":"https:\/\/www.be-cool.nl\/de\/portacool-cyclone\/#breadcrumb","itemListElement":[{"@type":"ListItem","position":1,"name":"Home","item":"https:\/\/www.be-cool.nl\/de\/"},{"@type":"ListItem","position":2,"name":"Portacool Cyclone"}]},{"@type":"WebSite","@id":"https:\/\/www.be-cool.nl\/de\/#website","url":"https:\/\/www.be-cool.nl\/de\/","name":"Be-Cool","description":"","publisher":{"@id":"https:\/\/www.be-cool.nl\/de\/#organization"},"potentialAction":[{"@type":"SearchAction","target":{"@type":"EntryPoint","urlTemplate":"https:\/\/www.be-cool.nl\/de\/?s={search_term_string}"},"query-input":{"@type":"PropertyValueSpecification","valueRequired":true,"valueName":"search_term_string"}}],"inLanguage":"de"},{"@type":"Organization","@id":"https:\/\/www.be-cool.nl\/de\/#organization","name":"Be-Cool","url":"https:\/\/www.be-cool.nl\/de\/","logo":{"@type":"ImageObject","inLanguage":"de","@id":"https:\/\/www.be-cool.nl\/de\/#\/schema\/logo\/image\/","url":"https:\/\/www.be-cool.nl\/wp-content\/uploads\/Be-cool_Logo.png","contentUrl":"https:\/\/www.be-cool.nl\/wp-content\/uploads\/Be-cool_Logo.png","width":426,"height":142,"caption":"Be-Cool"},"image":{"@id":"https:\/\/www.be-cool.nl\/de\/#\/schema\/logo\/image\/"}}]}},"_links":{"self":[{"href":"https:\/\/www.be-cool.nl\/de\/wp-json\/wp\/v2\/pages\/1012","targetHints":{"allow":["GET"]}}],"collection":[{"href":"https:\/\/www.be-cool.nl\/de\/wp-json\/wp\/v2\/pages"}],"about":[{"href":"https:\/\/www.be-cool.nl\/de\/wp-json\/wp\/v2\/types\/page"}],"author":[{"embeddable":true,"href":"https:\/\/www.be-cool.nl\/de\/wp-json\/wp\/v2\/users\/1"}],"replies":[{"embeddable":true,"href":"https:\/\/www.be-cool.nl\/de\/wp-json\/wp\/v2\/comments?post=1012"}],"version-history":[{"count":1,"href":"https:\/\/www.be-cool.nl\/de\/wp-json\/wp\/v2\/pages\/1012\/revisions"}],"predecessor-version":[{"id":1013,"href":"https:\/\/www.be-cool.nl\/de\/wp-json\/wp\/v2\/pages\/1012\/revisions\/1013"}],"wp:attachment":[{"href":"https:\/\/www.be-cool.nl\/de\/wp-json\/wp\/v2\/media?parent=1012"}],"curies":[{"name":"wp","href":"https:\/\/api.w.org\/{rel}","templated":true}]}}