{"id":1023,"date":"2022-02-21T11:39:38","date_gmt":"2022-02-21T10:39:38","guid":{"rendered":"https:\/\/www.be-cool.nl\/?page_id=1023"},"modified":"2022-03-03T11:36:47","modified_gmt":"2022-03-03T10:36:47","slug":"portacool-hurricane","status":"publish","type":"page","link":"https:\/\/www.be-cool.nl\/de\/portacool-hurricane\/","title":{"rendered":"Portacool Hurricane"},"content":{"rendered":"<div class=\"wpb-content-wrapper\"><p>[vc_row][vc_column][vc_column_text]<\/p>\n<h2>Die Portacool Hurricane-Serie<\/h2>\n<p>Auf der Suche nach einem sehr guten Luftqualit\u00e4tsk\u00fchler? Dann ist die Portacool Hurricane Serie genau das Andere. Diese Serie von Portacool findest du bei Be-Cool. In dieser Serie finden Sie sehr leistungsf\u00e4hige, mobile Luftk\u00fchler, die es sehr einfach machen, Ihren Zimmern eine angenehme Temperatur zu geben. Neugierig auf unser Sortiment? Bitte kontaktieren Sie uns. Nat\u00fcrlich k\u00f6nnen Sie auch mehr \u00fcber unsere K\u00fchlaggregate lesen.[\/vc_column_text][\/vc_column][\/vc_row][vc_row css=&#8220;.vc_custom_1548407115588{background-color: #1181c5 !important;}&#8220; el_id=&#8220;cta&#8220;][vc_column width=&#8220;3\/4&#8243;][vc_column_text css=&#8220;.vc_custom_1517401496437{margin-bottom: 0px !important;}&#8220;]<\/p>\n<h3><strong>M\u00f6chten Sie mehr \u00fcber unsere K\u00fchlsysteme erfahren?<\/strong><\/h3>\n<p>M\u00f6chten Sie mehr \u00fcber unsere K\u00fchlsysteme erfahren? Bitte kontaktieren Sie uns f\u00fcr weitere Informationen \u00fcber unsere Produkte.[\/vc_column_text][\/vc_column][vc_column width=&#8220;1\/4&#8243;][vc_column_text el_class=&#8220;cta-img&#8220;]<a href=\"tel:0152002116\"><img decoding=\"async\" src=\"https:\/\/www.be-cool.nl\/wp-content\/uploads\/btn-bellen.png\" alt=\"\"><\/a>[\/vc_column_text][\/vc_column][\/vc_row][vc_row][vc_column][vc_column_text]<\/p>\n<h3>Informationen zur Hurrikan-K\u00fchleinheit<\/h3>\n<p>Der erste Luftk\u00fchler der Hurricane-Serie ist die Hurrikan-K\u00fchleinheit. Die K\u00fchleinheit enth\u00e4lt ein digitales Bedienfeld und ein sehr gro\u00dfes Wasserreservoir. Dieser sch\u00f6ne Luftk\u00fchler hat einen niedrigen Wasserstand Alarm. M\u00f6chten Sie diese K\u00fchleinheit kaufen? Dann gibt es F\u00f6rderm\u00f6glichkeiten. Der K\u00fchler hat eine Luftleistung von 24.635 m3\/h. Er hat einen gro\u00dfen Wassertank von nicht weniger als 253 Litern und wiegt 122 kg. Der K\u00fchler kann einen Raum bis zu 325 m2 k\u00fchl halten. Gemessen an den Abmessungen ist dieser K\u00fchler 194(H) x 188(B) x 89(D).<\/p>\n<h3>Der Hurrikan 370<\/h3>\n<p>Der Portacool 370 ist ein einzigartiger adiabatischer K\u00fchler. Es hat eine Hohe-Speed-K\u00fchlleistung und eine hohe Luftleistung von 48.421 m3\/h. Dies ist derzeit der leistungsst\u00e4rkste Verdampfungsk\u00fchler mit variabler Geschwindigkeit, der auf dem Markt angeboten wird. Es hat auch ein gro\u00dfes Wasserreservoir von 284 Litern und wiegt 188 kg. Dieser K\u00fchler kann einen Raum bis zu 580 m2 k\u00fchl halten. Gemessen an den Abmessungen betr\u00e4gt dieser K\u00fchler 236(H) x 223(B) x 106(D) cm. Der K\u00fchler verf\u00fcgt \u00fcber sechs patentierte Portacool Cat5 Air Booster und verf\u00fcgt \u00fcber vier Verriegelungsr\u00e4der. Wenn Sie diesen K\u00fchler kaufen, erhalten Sie eine lebenslange Garantie auf das Verdunstungsk\u00fchlergeh\u00e4use gegen Herstellungsfehler und eine f\u00fcnfj\u00e4hrige Garantie auf alle elektrischen Komponenten.<\/p>\n<h3>W\u00e4hlen Sie die Vorteile eines Portacool Luftk\u00fchlers<\/h3>\n<p>Wir m\u00f6chten f\u00fcr Sie die Vorteile eines Portacool Luftk\u00fchlers auflisten:<\/p>\n<ul>\n<li>Niedrige Kosten<\/li>\n<li>Umweltfreundliche<\/li>\n<li>Keine Installationskosten<\/li>\n<li>Einfach zu bewegen<\/li>\n<li>Wasserversorgung \u00fcber Gartenschlauch oder F\u00fcllung<\/li>\n<li>Gro\u00dfe Benutzerfreundlichkeit und nahezu wartungsfrei<\/li>\n<li>Besitzen Sie ein langlebiges Geh\u00e4use aus aus einem Guss-Polyethylen<\/li>\n<li>Ideal zur K\u00fchlung gro\u00dfer Raumstaubarbeitspl\u00e4tze<\/li>\n<\/ul>\n<h3>Wir informieren Sie weiter<\/h3>\n<p>Ben\u00f6tigen Sie weitere Informationen zu unseren Produkten? Rufen Sie uns an <a href=\"tel:0152002116\">unter 015-2002116<\/a> oder per E-Mail <a href=\"mailto:info@be-cool.nl\">info@be-cool.nl.<\/a> Dar\u00fcber hinaus k\u00f6nnen Sie das Online-Kontaktformular auf unserer Website ausf\u00fcllen. Sie erhalten so bald wie m\u00f6glich weitere Informationen \u00fcber die Portacool Hurricane Serie.<br \/>\n[\/vc_column_text][\/vc_column][\/vc_row]<\/p>\n<\/div>","protected":false},"excerpt":{"rendered":"<p>[vc_row][vc_column][vc_column_text] Die Portacool Hurricane-Serie Auf der Suche nach einem sehr guten Luftqualit\u00e4tsk\u00fchler? Dann ist die Portacool Hurricane Serie genau das Andere. Diese Serie von Portacool<a class=\"moretag\" href=\"https:\/\/www.be-cool.nl\/de\/portacool-hurricane\/\">&#8230;<\/a><\/p>\n","protected":false},"author":1,"featured_media":0,"parent":0,"menu_order":0,"comment_status":"closed","ping_status":"closed","template":"","meta":{"_glsr_average":0,"_glsr_ranking":0,"_glsr_reviews":0,"footnotes":""},"class_list":["post-1023","page","type-page","status-publish","hentry"],"yoast_head":"<!-- This site is optimized with the Yoast SEO plugin v27.5 - https:\/\/yoast.com\/product\/yoast-seo-wordpress\/ -->\n<title>Portacool Hurricane - Be-Cool<\/title>\n<meta name=\"description\" content=\"Sind Sie auf der Suche nach einem sehr hochwertigen Luftk\u00fchler, um Ihre Zimmer zu k\u00fchlen? Werfen Sie einen Blick auf das Angebot von Be-Cool. Zum Beispiel die Portacool-Serie Hurricane. Zum Beispiel verkaufen wir die Hurrikan-K\u00fchleinheit und den Hurrikan 370. Weitere Informationen erhalten Sie unter 015-2002116.\" \/>\n<meta name=\"robots\" content=\"index, follow, max-snippet:-1, max-image-preview:large, max-video-preview:-1\" \/>\n<link rel=\"canonical\" href=\"https:\/\/www.be-cool.nl\/de\/portacool-hurricane\/\" \/>\n<meta property=\"og:locale\" content=\"de_DE\" \/>\n<meta property=\"og:type\" content=\"article\" \/>\n<meta property=\"og:title\" content=\"Portacool Hurricane - Be-Cool\" \/>\n<meta property=\"og:description\" content=\"Sind Sie auf der Suche nach einem sehr hochwertigen Luftk\u00fchler, um Ihre Zimmer zu k\u00fchlen? Werfen Sie einen Blick auf das Angebot von Be-Cool. Zum Beispiel die Portacool-Serie Hurricane. Zum Beispiel verkaufen wir die Hurrikan-K\u00fchleinheit und den Hurrikan 370. Weitere Informationen erhalten Sie unter 015-2002116.\" \/>\n<meta property=\"og:url\" content=\"https:\/\/www.be-cool.nl\/de\/portacool-hurricane\/\" \/>\n<meta property=\"og:site_name\" content=\"Be-Cool\" \/>\n<meta property=\"article:modified_time\" content=\"2022-03-03T10:36:47+00:00\" \/>\n<meta property=\"og:image\" content=\"https:\/\/www.be-cool.nl\/wp-content\/uploads\/btn-bellen.png\" \/>\n<meta name=\"twitter:card\" content=\"summary_large_image\" \/>\n<meta name=\"twitter:label1\" content=\"Gesch\u00e4tzte Lesezeit\" \/>\n\t<meta name=\"twitter:data1\" content=\"3\u00a0Minuten\" \/>\n<script type=\"application\/ld+json\" class=\"yoast-schema-graph\">{\"@context\":\"https:\\\/\\\/schema.org\",\"@graph\":[{\"@type\":\"WebPage\",\"@id\":\"https:\\\/\\\/www.be-cool.nl\\\/de\\\/portacool-hurricane\\\/\",\"url\":\"https:\\\/\\\/www.be-cool.nl\\\/de\\\/portacool-hurricane\\\/\",\"name\":\"Portacool Hurricane - Be-Cool\",\"isPartOf\":{\"@id\":\"https:\\\/\\\/www.be-cool.nl\\\/de\\\/#website\"},\"primaryImageOfPage\":{\"@id\":\"https:\\\/\\\/www.be-cool.nl\\\/de\\\/portacool-hurricane\\\/#primaryimage\"},\"image\":{\"@id\":\"https:\\\/\\\/www.be-cool.nl\\\/de\\\/portacool-hurricane\\\/#primaryimage\"},\"thumbnailUrl\":\"https:\\\/\\\/www.be-cool.nl\\\/wp-content\\\/uploads\\\/btn-bellen.png\",\"datePublished\":\"2022-02-21T10:39:38+00:00\",\"dateModified\":\"2022-03-03T10:36:47+00:00\",\"description\":\"Sind Sie auf der Suche nach einem sehr hochwertigen Luftk\u00fchler, um Ihre Zimmer zu k\u00fchlen? Werfen Sie einen Blick auf das Angebot von Be-Cool. Zum Beispiel die Portacool-Serie Hurricane. Zum Beispiel verkaufen wir die Hurrikan-K\u00fchleinheit und den Hurrikan 370. Weitere Informationen erhalten Sie unter 015-2002116.\",\"breadcrumb\":{\"@id\":\"https:\\\/\\\/www.be-cool.nl\\\/de\\\/portacool-hurricane\\\/#breadcrumb\"},\"inLanguage\":\"de\",\"potentialAction\":[{\"@type\":\"ReadAction\",\"target\":[\"https:\\\/\\\/www.be-cool.nl\\\/de\\\/portacool-hurricane\\\/\"]}]},{\"@type\":\"ImageObject\",\"inLanguage\":\"de\",\"@id\":\"https:\\\/\\\/www.be-cool.nl\\\/de\\\/portacool-hurricane\\\/#primaryimage\",\"url\":\"https:\\\/\\\/www.be-cool.nl\\\/wp-content\\\/uploads\\\/btn-bellen.png\",\"contentUrl\":\"https:\\\/\\\/www.be-cool.nl\\\/wp-content\\\/uploads\\\/btn-bellen.png\"},{\"@type\":\"BreadcrumbList\",\"@id\":\"https:\\\/\\\/www.be-cool.nl\\\/de\\\/portacool-hurricane\\\/#breadcrumb\",\"itemListElement\":[{\"@type\":\"ListItem\",\"position\":1,\"name\":\"Home\",\"item\":\"https:\\\/\\\/www.be-cool.nl\\\/de\\\/\"},{\"@type\":\"ListItem\",\"position\":2,\"name\":\"Portacool Hurricane\"}]},{\"@type\":\"WebSite\",\"@id\":\"https:\\\/\\\/www.be-cool.nl\\\/de\\\/#website\",\"url\":\"https:\\\/\\\/www.be-cool.nl\\\/de\\\/\",\"name\":\"Be-Cool\",\"description\":\"\",\"publisher\":{\"@id\":\"https:\\\/\\\/www.be-cool.nl\\\/de\\\/#organization\"},\"potentialAction\":[{\"@type\":\"SearchAction\",\"target\":{\"@type\":\"EntryPoint\",\"urlTemplate\":\"https:\\\/\\\/www.be-cool.nl\\\/de\\\/?s={search_term_string}\"},\"query-input\":{\"@type\":\"PropertyValueSpecification\",\"valueRequired\":true,\"valueName\":\"search_term_string\"}}],\"inLanguage\":\"de\"},{\"@type\":\"Organization\",\"@id\":\"https:\\\/\\\/www.be-cool.nl\\\/de\\\/#organization\",\"name\":\"Be-Cool\",\"url\":\"https:\\\/\\\/www.be-cool.nl\\\/de\\\/\",\"logo\":{\"@type\":\"ImageObject\",\"inLanguage\":\"de\",\"@id\":\"https:\\\/\\\/www.be-cool.nl\\\/de\\\/#\\\/schema\\\/logo\\\/image\\\/\",\"url\":\"https:\\\/\\\/www.be-cool.nl\\\/wp-content\\\/uploads\\\/Be-cool_Logo.png\",\"contentUrl\":\"https:\\\/\\\/www.be-cool.nl\\\/wp-content\\\/uploads\\\/Be-cool_Logo.png\",\"width\":426,\"height\":142,\"caption\":\"Be-Cool\"},\"image\":{\"@id\":\"https:\\\/\\\/www.be-cool.nl\\\/de\\\/#\\\/schema\\\/logo\\\/image\\\/\"}}]}<\/script>\n<!-- \/ Yoast SEO plugin. -->","yoast_head_json":{"title":"Portacool Hurricane - Be-Cool","description":"Sind Sie auf der Suche nach einem sehr hochwertigen Luftk\u00fchler, um Ihre Zimmer zu k\u00fchlen? Werfen Sie einen Blick auf das Angebot von Be-Cool. Zum Beispiel die Portacool-Serie Hurricane. Zum Beispiel verkaufen wir die Hurrikan-K\u00fchleinheit und den Hurrikan 370. Weitere Informationen erhalten Sie unter 015-2002116.","robots":{"index":"index","follow":"follow","max-snippet":"max-snippet:-1","max-image-preview":"max-image-preview:large","max-video-preview":"max-video-preview:-1"},"canonical":"https:\/\/www.be-cool.nl\/de\/portacool-hurricane\/","og_locale":"de_DE","og_type":"article","og_title":"Portacool Hurricane - Be-Cool","og_description":"Sind Sie auf der Suche nach einem sehr hochwertigen Luftk\u00fchler, um Ihre Zimmer zu k\u00fchlen? Werfen Sie einen Blick auf das Angebot von Be-Cool. Zum Beispiel die Portacool-Serie Hurricane. Zum Beispiel verkaufen wir die Hurrikan-K\u00fchleinheit und den Hurrikan 370. Weitere Informationen erhalten Sie unter 015-2002116.","og_url":"https:\/\/www.be-cool.nl\/de\/portacool-hurricane\/","og_site_name":"Be-Cool","article_modified_time":"2022-03-03T10:36:47+00:00","og_image":[{"url":"https:\/\/www.be-cool.nl\/wp-content\/uploads\/btn-bellen.png","type":"","width":"","height":""}],"twitter_card":"summary_large_image","twitter_misc":{"Gesch\u00e4tzte Lesezeit":"3\u00a0Minuten"},"schema":{"@context":"https:\/\/schema.org","@graph":[{"@type":"WebPage","@id":"https:\/\/www.be-cool.nl\/de\/portacool-hurricane\/","url":"https:\/\/www.be-cool.nl\/de\/portacool-hurricane\/","name":"Portacool Hurricane - Be-Cool","isPartOf":{"@id":"https:\/\/www.be-cool.nl\/de\/#website"},"primaryImageOfPage":{"@id":"https:\/\/www.be-cool.nl\/de\/portacool-hurricane\/#primaryimage"},"image":{"@id":"https:\/\/www.be-cool.nl\/de\/portacool-hurricane\/#primaryimage"},"thumbnailUrl":"https:\/\/www.be-cool.nl\/wp-content\/uploads\/btn-bellen.png","datePublished":"2022-02-21T10:39:38+00:00","dateModified":"2022-03-03T10:36:47+00:00","description":"Sind Sie auf der Suche nach einem sehr hochwertigen Luftk\u00fchler, um Ihre Zimmer zu k\u00fchlen? Werfen Sie einen Blick auf das Angebot von Be-Cool. Zum Beispiel die Portacool-Serie Hurricane. Zum Beispiel verkaufen wir die Hurrikan-K\u00fchleinheit und den Hurrikan 370. Weitere Informationen erhalten Sie unter 015-2002116.","breadcrumb":{"@id":"https:\/\/www.be-cool.nl\/de\/portacool-hurricane\/#breadcrumb"},"inLanguage":"de","potentialAction":[{"@type":"ReadAction","target":["https:\/\/www.be-cool.nl\/de\/portacool-hurricane\/"]}]},{"@type":"ImageObject","inLanguage":"de","@id":"https:\/\/www.be-cool.nl\/de\/portacool-hurricane\/#primaryimage","url":"https:\/\/www.be-cool.nl\/wp-content\/uploads\/btn-bellen.png","contentUrl":"https:\/\/www.be-cool.nl\/wp-content\/uploads\/btn-bellen.png"},{"@type":"BreadcrumbList","@id":"https:\/\/www.be-cool.nl\/de\/portacool-hurricane\/#breadcrumb","itemListElement":[{"@type":"ListItem","position":1,"name":"Home","item":"https:\/\/www.be-cool.nl\/de\/"},{"@type":"ListItem","position":2,"name":"Portacool Hurricane"}]},{"@type":"WebSite","@id":"https:\/\/www.be-cool.nl\/de\/#website","url":"https:\/\/www.be-cool.nl\/de\/","name":"Be-Cool","description":"","publisher":{"@id":"https:\/\/www.be-cool.nl\/de\/#organization"},"potentialAction":[{"@type":"SearchAction","target":{"@type":"EntryPoint","urlTemplate":"https:\/\/www.be-cool.nl\/de\/?s={search_term_string}"},"query-input":{"@type":"PropertyValueSpecification","valueRequired":true,"valueName":"search_term_string"}}],"inLanguage":"de"},{"@type":"Organization","@id":"https:\/\/www.be-cool.nl\/de\/#organization","name":"Be-Cool","url":"https:\/\/www.be-cool.nl\/de\/","logo":{"@type":"ImageObject","inLanguage":"de","@id":"https:\/\/www.be-cool.nl\/de\/#\/schema\/logo\/image\/","url":"https:\/\/www.be-cool.nl\/wp-content\/uploads\/Be-cool_Logo.png","contentUrl":"https:\/\/www.be-cool.nl\/wp-content\/uploads\/Be-cool_Logo.png","width":426,"height":142,"caption":"Be-Cool"},"image":{"@id":"https:\/\/www.be-cool.nl\/de\/#\/schema\/logo\/image\/"}}]}},"_links":{"self":[{"href":"https:\/\/www.be-cool.nl\/de\/wp-json\/wp\/v2\/pages\/1023","targetHints":{"allow":["GET"]}}],"collection":[{"href":"https:\/\/www.be-cool.nl\/de\/wp-json\/wp\/v2\/pages"}],"about":[{"href":"https:\/\/www.be-cool.nl\/de\/wp-json\/wp\/v2\/types\/page"}],"author":[{"embeddable":true,"href":"https:\/\/www.be-cool.nl\/de\/wp-json\/wp\/v2\/users\/1"}],"replies":[{"embeddable":true,"href":"https:\/\/www.be-cool.nl\/de\/wp-json\/wp\/v2\/comments?post=1023"}],"version-history":[{"count":1,"href":"https:\/\/www.be-cool.nl\/de\/wp-json\/wp\/v2\/pages\/1023\/revisions"}],"predecessor-version":[{"id":1024,"href":"https:\/\/www.be-cool.nl\/de\/wp-json\/wp\/v2\/pages\/1023\/revisions\/1024"}],"wp:attachment":[{"href":"https:\/\/www.be-cool.nl\/de\/wp-json\/wp\/v2\/media?parent=1023"}],"curies":[{"name":"wp","href":"https:\/\/api.w.org\/{rel}","templated":true}]}}