{"id":1033,"date":"2022-02-21T11:40:04","date_gmt":"2022-02-21T10:40:04","guid":{"rendered":"https:\/\/www.be-cool.nl\/?page_id=1033"},"modified":"2022-03-03T11:51:04","modified_gmt":"2022-03-03T10:51:04","slug":"portacool-jetstream","status":"publish","type":"page","link":"https:\/\/www.be-cool.nl\/de\/portacool-jetstream\/","title":{"rendered":"Portacool Jetstream"},"content":{"rendered":"<div class=\"wpb-content-wrapper\"><p>[vc_row][vc_column][vc_column_text]<\/p>\n<h2>Die Portacool Jetstream Serie<\/h2>\n<p>Die Portacool Jetstream Serie ist ideal f\u00fcr diejenigen, die eine K\u00fchlung mit einer sehr guten Anpassungsf\u00e4higkeit suchen. Bei Be-Cool haben Sie Recht, wenn Sie einen Luftk\u00fchler der Jetstream-Serie von Portacool kaufen m\u00f6chten. Wir haben die Jetstream 240, 250, 260 und 270 in unserem Sortiment. Welchen K\u00fchler w\u00e4hlen Sie? Gerne beraten wir Sie mit ma\u00dfgeschneiderten Ratschl\u00e4gen. Geben Sie Ihre W\u00fcnsche in Bezug auf Ihren Luftk\u00fchler an uns weiter.[\/vc_column_text][\/vc_column][\/vc_row][vc_row][vc_column][vc_column_text]<\/p>\n<h3>\u00dcber den Jetstream 240<\/h3>\n<p>Der Jetstream 240 ist der erste Luftk\u00fchler der Jetstream-Serie von portacool. Der Jetstream 240 hat die kleinste Stellfl\u00e4che in der Jetstream-Serie. Es ist leicht zu bewegen und passt leicht in den kleinsten Raum. Der K\u00fchler enth\u00e4lt eine Wasserstandsanzeige und ein einfaches Bedienfeld. Diese energieeffiziente K\u00fchll\u00f6sung verbraucht weniger Energie als ein Standard-Toaster. Sie haben eine lebenslange Garantie auf das Verdunstungsk\u00fchlergeh\u00e4use f\u00fcr Werksfehler und eine dreij\u00e4hrige Garantie auf alle elektrischen Komponenten. Im Folgenden sind die Spezifikationen:<\/p>\n<ul>\n<li>Luftleistung: 7.645 m3\/h<\/li>\n<li>Wasserreservoir: 189 L<\/li>\n<li>Ma\u00dfe: 155 H x 107 B x 62 T cm<\/li>\n<li>Gewicht: 69kg<\/li>\n<li>K\u00fchlleistung: 104m2<\/li>\n<\/ul>\n<h3>Der Jetstream 250 und 260<\/h3>\n<p>Der Jetstream 250 von Portacool ist ein adiabatischer mittlerer kleiner K\u00fchler. Es ist perfekt, um Ihre R\u00e4ume zu k\u00fchlen. Es verf\u00fcgt \u00fcber benutzerfreundliche Funktionen, variable Drehzahlregelung, einen Wasserz\u00e4hler und einen Pumpenschalter. Was den Energieverbrauch betrifft, so liegt er auf dem Niveau der 250. Der K\u00fchler hat eine Luftleistung von 14.441 m3\/h, wiegt 97 kg und hat eine K\u00fchlleistung von 197 m2. In Bezug auf die Abmessungen ist es 178 H x 140 B x 83 D cm. Der Jetstream 260 ist noch gr\u00f6\u00dfer und hat eine Luftleistung von 21.238 m3\/h, ein Wasserreservoir von 227 L, ein Gewicht von 121 kg und eine K\u00fchlleistung von 290 m2. In Bezug auf die Abmessungen ist es 195 H x 170 B x 88 D cm. Sie erhalten au\u00dferdem eine 3-Jahres-Garantie auf diese K\u00fchler.<\/p>\n<h3>Der Jetstream 270<\/h3>\n<p>Der Jetstream 270 ist der gr\u00f6\u00dfte K\u00fchler dieser Portacool-Serie. Dieser Luftk\u00fchler sorgt bei Bedarf f\u00fcr maximalen Komfort. Diese mobile Luftk\u00fchlung ist sehr sparsam und kostet nur einen Bruchteil der Betriebskosten einer herk\u00f6mmlichen Klimaanlage. Mit diesem K\u00fchler haben Sie sogar Subventionsm\u00f6glichkeiten. Die 270 k\u00fchlt Zimmer auf 523 m2. Der K\u00fchler hat ein Fassungsverm\u00f6gen von 246 Litern. Der K\u00fchler hat eine Luftleistung von 38.227 m3\/h und wiegt 170 kg. Schlie\u00dflich sind die Abmessungen dieses K\u00fchlers 229 H x 201 B x 104 D cm.<\/p>\n<h3>F\u00fcr weitere Informationen wenden Sie sich bitte an<\/h3>\n<p>Ben\u00f6tigen Sie weitere Informationen zu dieser Portacool Serie? Dann kontaktieren Sie uns unter <a href=\"tel:0152002116\">015-2002116<\/a> oder per E-Mail <a href=\"mailto:info@be-cool.nl\">info@be-cool.nl.<\/a> Das Hinterlassen einer Nachricht \u00fcber das Online-Kontaktformular ist ebenfalls m\u00f6glich. Wir m\u00f6chten Ihnen mehr Informationen \u00fcber die Portacool Jetstream Serie geben.[\/vc_column_text][\/vc_column][\/vc_row]<\/p>\n<\/div>","protected":false},"excerpt":{"rendered":"<p>[vc_row][vc_column][vc_column_text] Die Portacool Jetstream Serie Die Portacool Jetstream Serie ist ideal f\u00fcr diejenigen, die eine K\u00fchlung mit einer sehr guten Anpassungsf\u00e4higkeit suchen. Bei Be-Cool haben<a class=\"moretag\" href=\"https:\/\/www.be-cool.nl\/de\/portacool-jetstream\/\">&#8230;<\/a><\/p>\n","protected":false},"author":1,"featured_media":0,"parent":0,"menu_order":0,"comment_status":"closed","ping_status":"closed","template":"","meta":{"_glsr_average":0,"_glsr_ranking":0,"_glsr_reviews":0,"footnotes":""},"class_list":["post-1033","page","type-page","status-publish","hentry"],"yoast_head":"<!-- This site is optimized with the Yoast SEO plugin v27.5 - https:\/\/yoast.com\/product\/yoast-seo-wordpress\/ -->\n<title>Portacool Jetstream - Be-Cool<\/title>\n<meta name=\"description\" content=\"Die Luftk\u00fchler der Portacool Jetstream-Serie sind ideal, wenn Sie nach einem K\u00fchler suchen, der Ihre R\u00e4ume effizient und energieeffizient k\u00fchlt. Neugierig auf diese Serie? Schauen Sie sich das Sortiment von Be-Cool an. Gerne helfen wir Ihnen im K\u00fchlerbereich. Rufen Sie 015-2002116 an.\" \/>\n<meta name=\"robots\" content=\"index, follow, max-snippet:-1, max-image-preview:large, max-video-preview:-1\" \/>\n<link rel=\"canonical\" href=\"https:\/\/www.be-cool.nl\/de\/portacool-jetstream\/\" \/>\n<meta property=\"og:locale\" content=\"de_DE\" \/>\n<meta property=\"og:type\" content=\"article\" \/>\n<meta property=\"og:title\" content=\"Portacool Jetstream - Be-Cool\" \/>\n<meta property=\"og:description\" content=\"Die Luftk\u00fchler der Portacool Jetstream-Serie sind ideal, wenn Sie nach einem K\u00fchler suchen, der Ihre R\u00e4ume effizient und energieeffizient k\u00fchlt. Neugierig auf diese Serie? Schauen Sie sich das Sortiment von Be-Cool an. Gerne helfen wir Ihnen im K\u00fchlerbereich. Rufen Sie 015-2002116 an.\" \/>\n<meta property=\"og:url\" content=\"https:\/\/www.be-cool.nl\/de\/portacool-jetstream\/\" \/>\n<meta property=\"og:site_name\" content=\"Be-Cool\" \/>\n<meta property=\"article:modified_time\" content=\"2022-03-03T10:51:04+00:00\" \/>\n<meta name=\"twitter:card\" content=\"summary_large_image\" \/>\n<meta name=\"twitter:label1\" content=\"Gesch\u00e4tzte Lesezeit\" \/>\n\t<meta name=\"twitter:data1\" content=\"2\u00a0Minuten\" \/>\n<script type=\"application\/ld+json\" class=\"yoast-schema-graph\">{\"@context\":\"https:\\\/\\\/schema.org\",\"@graph\":[{\"@type\":\"WebPage\",\"@id\":\"https:\\\/\\\/www.be-cool.nl\\\/de\\\/portacool-jetstream\\\/\",\"url\":\"https:\\\/\\\/www.be-cool.nl\\\/de\\\/portacool-jetstream\\\/\",\"name\":\"Portacool Jetstream - Be-Cool\",\"isPartOf\":{\"@id\":\"https:\\\/\\\/www.be-cool.nl\\\/de\\\/#website\"},\"datePublished\":\"2022-02-21T10:40:04+00:00\",\"dateModified\":\"2022-03-03T10:51:04+00:00\",\"description\":\"Die Luftk\u00fchler der Portacool Jetstream-Serie sind ideal, wenn Sie nach einem K\u00fchler suchen, der Ihre R\u00e4ume effizient und energieeffizient k\u00fchlt. Neugierig auf diese Serie? Schauen Sie sich das Sortiment von Be-Cool an. Gerne helfen wir Ihnen im K\u00fchlerbereich. Rufen Sie 015-2002116 an.\",\"breadcrumb\":{\"@id\":\"https:\\\/\\\/www.be-cool.nl\\\/de\\\/portacool-jetstream\\\/#breadcrumb\"},\"inLanguage\":\"de\",\"potentialAction\":[{\"@type\":\"ReadAction\",\"target\":[\"https:\\\/\\\/www.be-cool.nl\\\/de\\\/portacool-jetstream\\\/\"]}]},{\"@type\":\"BreadcrumbList\",\"@id\":\"https:\\\/\\\/www.be-cool.nl\\\/de\\\/portacool-jetstream\\\/#breadcrumb\",\"itemListElement\":[{\"@type\":\"ListItem\",\"position\":1,\"name\":\"Home\",\"item\":\"https:\\\/\\\/www.be-cool.nl\\\/de\\\/\"},{\"@type\":\"ListItem\",\"position\":2,\"name\":\"Portacool Jetstream\"}]},{\"@type\":\"WebSite\",\"@id\":\"https:\\\/\\\/www.be-cool.nl\\\/de\\\/#website\",\"url\":\"https:\\\/\\\/www.be-cool.nl\\\/de\\\/\",\"name\":\"Be-Cool\",\"description\":\"\",\"publisher\":{\"@id\":\"https:\\\/\\\/www.be-cool.nl\\\/de\\\/#organization\"},\"potentialAction\":[{\"@type\":\"SearchAction\",\"target\":{\"@type\":\"EntryPoint\",\"urlTemplate\":\"https:\\\/\\\/www.be-cool.nl\\\/de\\\/?s={search_term_string}\"},\"query-input\":{\"@type\":\"PropertyValueSpecification\",\"valueRequired\":true,\"valueName\":\"search_term_string\"}}],\"inLanguage\":\"de\"},{\"@type\":\"Organization\",\"@id\":\"https:\\\/\\\/www.be-cool.nl\\\/de\\\/#organization\",\"name\":\"Be-Cool\",\"url\":\"https:\\\/\\\/www.be-cool.nl\\\/de\\\/\",\"logo\":{\"@type\":\"ImageObject\",\"inLanguage\":\"de\",\"@id\":\"https:\\\/\\\/www.be-cool.nl\\\/de\\\/#\\\/schema\\\/logo\\\/image\\\/\",\"url\":\"https:\\\/\\\/www.be-cool.nl\\\/wp-content\\\/uploads\\\/Be-cool_Logo.png\",\"contentUrl\":\"https:\\\/\\\/www.be-cool.nl\\\/wp-content\\\/uploads\\\/Be-cool_Logo.png\",\"width\":426,\"height\":142,\"caption\":\"Be-Cool\"},\"image\":{\"@id\":\"https:\\\/\\\/www.be-cool.nl\\\/de\\\/#\\\/schema\\\/logo\\\/image\\\/\"}}]}<\/script>\n<!-- \/ Yoast SEO plugin. -->","yoast_head_json":{"title":"Portacool Jetstream - Be-Cool","description":"Die Luftk\u00fchler der Portacool Jetstream-Serie sind ideal, wenn Sie nach einem K\u00fchler suchen, der Ihre R\u00e4ume effizient und energieeffizient k\u00fchlt. Neugierig auf diese Serie? Schauen Sie sich das Sortiment von Be-Cool an. Gerne helfen wir Ihnen im K\u00fchlerbereich. Rufen Sie 015-2002116 an.","robots":{"index":"index","follow":"follow","max-snippet":"max-snippet:-1","max-image-preview":"max-image-preview:large","max-video-preview":"max-video-preview:-1"},"canonical":"https:\/\/www.be-cool.nl\/de\/portacool-jetstream\/","og_locale":"de_DE","og_type":"article","og_title":"Portacool Jetstream - Be-Cool","og_description":"Die Luftk\u00fchler der Portacool Jetstream-Serie sind ideal, wenn Sie nach einem K\u00fchler suchen, der Ihre R\u00e4ume effizient und energieeffizient k\u00fchlt. Neugierig auf diese Serie? Schauen Sie sich das Sortiment von Be-Cool an. Gerne helfen wir Ihnen im K\u00fchlerbereich. Rufen Sie 015-2002116 an.","og_url":"https:\/\/www.be-cool.nl\/de\/portacool-jetstream\/","og_site_name":"Be-Cool","article_modified_time":"2022-03-03T10:51:04+00:00","twitter_card":"summary_large_image","twitter_misc":{"Gesch\u00e4tzte Lesezeit":"2\u00a0Minuten"},"schema":{"@context":"https:\/\/schema.org","@graph":[{"@type":"WebPage","@id":"https:\/\/www.be-cool.nl\/de\/portacool-jetstream\/","url":"https:\/\/www.be-cool.nl\/de\/portacool-jetstream\/","name":"Portacool Jetstream - Be-Cool","isPartOf":{"@id":"https:\/\/www.be-cool.nl\/de\/#website"},"datePublished":"2022-02-21T10:40:04+00:00","dateModified":"2022-03-03T10:51:04+00:00","description":"Die Luftk\u00fchler der Portacool Jetstream-Serie sind ideal, wenn Sie nach einem K\u00fchler suchen, der Ihre R\u00e4ume effizient und energieeffizient k\u00fchlt. Neugierig auf diese Serie? Schauen Sie sich das Sortiment von Be-Cool an. Gerne helfen wir Ihnen im K\u00fchlerbereich. Rufen Sie 015-2002116 an.","breadcrumb":{"@id":"https:\/\/www.be-cool.nl\/de\/portacool-jetstream\/#breadcrumb"},"inLanguage":"de","potentialAction":[{"@type":"ReadAction","target":["https:\/\/www.be-cool.nl\/de\/portacool-jetstream\/"]}]},{"@type":"BreadcrumbList","@id":"https:\/\/www.be-cool.nl\/de\/portacool-jetstream\/#breadcrumb","itemListElement":[{"@type":"ListItem","position":1,"name":"Home","item":"https:\/\/www.be-cool.nl\/de\/"},{"@type":"ListItem","position":2,"name":"Portacool Jetstream"}]},{"@type":"WebSite","@id":"https:\/\/www.be-cool.nl\/de\/#website","url":"https:\/\/www.be-cool.nl\/de\/","name":"Be-Cool","description":"","publisher":{"@id":"https:\/\/www.be-cool.nl\/de\/#organization"},"potentialAction":[{"@type":"SearchAction","target":{"@type":"EntryPoint","urlTemplate":"https:\/\/www.be-cool.nl\/de\/?s={search_term_string}"},"query-input":{"@type":"PropertyValueSpecification","valueRequired":true,"valueName":"search_term_string"}}],"inLanguage":"de"},{"@type":"Organization","@id":"https:\/\/www.be-cool.nl\/de\/#organization","name":"Be-Cool","url":"https:\/\/www.be-cool.nl\/de\/","logo":{"@type":"ImageObject","inLanguage":"de","@id":"https:\/\/www.be-cool.nl\/de\/#\/schema\/logo\/image\/","url":"https:\/\/www.be-cool.nl\/wp-content\/uploads\/Be-cool_Logo.png","contentUrl":"https:\/\/www.be-cool.nl\/wp-content\/uploads\/Be-cool_Logo.png","width":426,"height":142,"caption":"Be-Cool"},"image":{"@id":"https:\/\/www.be-cool.nl\/de\/#\/schema\/logo\/image\/"}}]}},"_links":{"self":[{"href":"https:\/\/www.be-cool.nl\/de\/wp-json\/wp\/v2\/pages\/1033","targetHints":{"allow":["GET"]}}],"collection":[{"href":"https:\/\/www.be-cool.nl\/de\/wp-json\/wp\/v2\/pages"}],"about":[{"href":"https:\/\/www.be-cool.nl\/de\/wp-json\/wp\/v2\/types\/page"}],"author":[{"embeddable":true,"href":"https:\/\/www.be-cool.nl\/de\/wp-json\/wp\/v2\/users\/1"}],"replies":[{"embeddable":true,"href":"https:\/\/www.be-cool.nl\/de\/wp-json\/wp\/v2\/comments?post=1033"}],"version-history":[{"count":1,"href":"https:\/\/www.be-cool.nl\/de\/wp-json\/wp\/v2\/pages\/1033\/revisions"}],"predecessor-version":[{"id":1034,"href":"https:\/\/www.be-cool.nl\/de\/wp-json\/wp\/v2\/pages\/1033\/revisions\/1034"}],"wp:attachment":[{"href":"https:\/\/www.be-cool.nl\/de\/wp-json\/wp\/v2\/media?parent=1033"}],"curies":[{"name":"wp","href":"https:\/\/api.w.org\/{rel}","templated":true}]}}