{"id":1044,"date":"2022-02-21T11:40:29","date_gmt":"2022-02-21T10:40:29","guid":{"rendered":"https:\/\/www.be-cool.nl\/?page_id=1044"},"modified":"2024-04-29T09:45:45","modified_gmt":"2024-04-29T07:45:45","slug":"portacool","status":"publish","type":"page","link":"https:\/\/www.be-cool.nl\/de\/portacool\/","title":{"rendered":"Portacool"},"content":{"rendered":"<div class=\"wpb-content-wrapper\"><p>[vc_row][vc_column][vc_column_text]<\/p>\n<h2>F\u00fcr Portacool K\u00fchler gehen Sie zu Be-Cool<\/h2>\n<p>Suchen Sie ein Unternehmen, in dem Sie K\u00fchler von der Marke Portacool suchen k\u00f6nnen? Werfen Sie einen Blick auf die breite Palette von Be-Cool. Bei uns finden Sie immer den Luftk\u00fchler, den Sie wollen. Ben\u00f6tigen Sie Hilfe bei der Auswahl des richtigen K\u00fchlers? Gerne beraten wir Sie. M\u00f6chten Sie mehr \u00fcber unsere Portacool K\u00fchler erfahren? Bitte kontaktieren Sie uns direkt oder lesen Sie weiter und entdecken Sie die M\u00f6glichkeiten im Bereich der K\u00fchlung.[\/vc_column_text][\/vc_column][\/vc_row][vc_row content_placement=&#8220;middle&#8220;][vc_column][vc_column_text]<\/p>\n<h3>K\u00fchler der Portacool-Serie<\/h3>\n<p>Be-cool bietet f\u00fcr jede Situation geeignete K\u00fchlsysteme. Bei uns finden Sie die portacool Jetstream Serie von Luftk\u00fchlern. F\u00fcr welchen Raum m\u00f6chten Sie den K\u00fchler von 84m2 bis 270m2 verwenden. Geben Sie Ihre Luftk\u00fchlunganten an uns weiter und wir helfen Ihnen. Die Luftk\u00fchler sind f\u00fcr ihre hervorragende Qualit\u00e4t und Energieeffizienz bekannt. Aufgrund ihrer energieeffizienten K\u00fchlform sind sie auch sehr umweltfreundlich und billiger als eine regelm\u00e4\u00dfige K\u00fchlung mit Subventionsregelung.[\/vc_column_text][\/vc_column][\/vc_row][vc_row][vc_column][vc_column_text]<\/p>\n<h3>Wie funktioniert ein Verdunstungsk\u00fchler?<\/h3>\n<p>Wie genau funktioniert der Portacool K\u00fchler? Die K\u00fchler verf\u00fcgen \u00fcber einen Verdunstungsk\u00fchler, der durch Wasserverdunstung unabh\u00e4ngig W\u00e4rme aus der Luft absaugt. Die patentierten K\u00fc\u00fcl-Pads sind sehr wichtig f\u00fcr die K\u00fchlung der Luft. Die Pads aus komprimiertem Papier haben kleine Kan\u00e4le. Diese Kan\u00e4le pumpen Wasser, das den gesamten Weg feucht h\u00e4lt. Warme Luft wird durch die Pads gesaugt, wodurch das Wasser in den Pads verdunstet. Dadurch entsteht kalte Luft. Durch das Ausblasen der gek\u00fchlten Luft wird Ihr Raum effizient gek\u00fchlt. Die Wasserpumpe im K\u00fchler pumpt durch die kleinen Kan\u00e4le der Pads. Die K\u00fc\u00fcl-Pads sorgen daf\u00fcr, dass die warme Luft um weitere 20% abgek\u00fchlt wird. Sie entfernen auch Schadstoffe aus der Luft. Es bietet auch sauberere Luft in Ihrem Haus oder Geb\u00e4ude.[\/vc_column_text][\/vc_column][\/vc_row][vc_row][vc_column][vc_column_text]<\/p>\n<h3>Die Features in einer Reihe<\/h3>\n<p>Was sind die Eigenschaften der Portacool K\u00fchler? Sie:<\/p>\n<ul class=\"check-icon\">\n<li>Haben sie niedrige Kosten<\/li>\n<li>Seine umweltfreundliche<\/li>\n<li>Keine Installationskosten<\/li>\n<li>Sind leicht beweglich<\/li>\n<li>Wasserversorgung \u00fcber Gartenschlauch oder F\u00fcllung<\/li>\n<li>Bieten eine gro\u00dfe Benutzerfreundlichkeit und sind praktisch wartungsfrei<\/li>\n<li>Besitzen Sie ein langlebiges Geh\u00e4use aus aus einem Guss-Polyethylen<\/li>\n<li>Sind ideal f\u00fcr die K\u00fchlung gro\u00dfer Raumstaubarbeitspl\u00e4tze<\/li>\n<\/ul>\n<h3>F\u00fcr weitere Informationen wenden Sie sich bitte an<\/h3>\n<p>Ben\u00f6tigen Sie weitere Informationen zu unseren Portacool Produkten? Kontaktieren Sie uns telefonisch <a href=\"tel:0152002116\">unter 015-2002116<\/a> oder per E-Mail <a href=\"mailto:info@be-cool.nl\">info@be-cool.nl.<\/a> Selbstverst\u00e4ndlich k\u00f6nnen Sie auch eine Nachricht \u00fcber unser Online-Kontaktformular hinterlassen. Wir geben Ihnen weitere Informationen \u00fcber die K\u00fchler von Portacool.[\/vc_column_text][\/vc_column][\/vc_row]<\/p>\n<\/div>","protected":false},"excerpt":{"rendered":"<p>[vc_row][vc_column][vc_column_text] F\u00fcr Portacool K\u00fchler gehen Sie zu Be-Cool Suchen Sie ein Unternehmen, in dem Sie K\u00fchler von der Marke Portacool suchen k\u00f6nnen? Werfen Sie einen<a class=\"moretag\" href=\"https:\/\/www.be-cool.nl\/de\/portacool\/\">&#8230;<\/a><\/p>\n","protected":false},"author":1,"featured_media":0,"parent":0,"menu_order":0,"comment_status":"closed","ping_status":"closed","template":"","meta":{"_glsr_average":0,"_glsr_ranking":0,"_glsr_reviews":0,"footnotes":""},"class_list":["post-1044","page","type-page","status-publish","hentry"],"yoast_head":"<!-- This site is optimized with the Yoast SEO plugin v27.5 - https:\/\/yoast.com\/product\/yoast-seo-wordpress\/ -->\n<title>Portacool - Be-Cool<\/title>\n<meta name=\"description\" content=\"Suchen Sie ein Unternehmen, in dem Sie Luftk\u00fchler von Portacool suchen k\u00f6nnen? Rufen Sie 015-2002116 an.\" \/>\n<meta name=\"robots\" content=\"index, follow, max-snippet:-1, max-image-preview:large, max-video-preview:-1\" \/>\n<link rel=\"canonical\" href=\"https:\/\/www.be-cool.nl\/de\/portacool\/\" \/>\n<meta property=\"og:locale\" content=\"de_DE\" \/>\n<meta property=\"og:type\" content=\"article\" \/>\n<meta property=\"og:title\" content=\"Portacool - Be-Cool\" \/>\n<meta property=\"og:description\" content=\"Suchen Sie ein Unternehmen, in dem Sie Luftk\u00fchler von Portacool suchen k\u00f6nnen? Rufen Sie 015-2002116 an.\" \/>\n<meta property=\"og:url\" content=\"https:\/\/www.be-cool.nl\/de\/portacool\/\" \/>\n<meta property=\"og:site_name\" content=\"Be-Cool\" \/>\n<meta property=\"article:modified_time\" content=\"2024-04-29T07:45:45+00:00\" \/>\n<meta name=\"twitter:card\" content=\"summary_large_image\" \/>\n<meta name=\"twitter:label1\" content=\"Gesch\u00e4tzte Lesezeit\" \/>\n\t<meta name=\"twitter:data1\" content=\"2\u00a0Minuten\" \/>\n<script type=\"application\/ld+json\" class=\"yoast-schema-graph\">{\"@context\":\"https:\\\/\\\/schema.org\",\"@graph\":[{\"@type\":\"WebPage\",\"@id\":\"https:\\\/\\\/www.be-cool.nl\\\/de\\\/portacool\\\/\",\"url\":\"https:\\\/\\\/www.be-cool.nl\\\/de\\\/portacool\\\/\",\"name\":\"Portacool - Be-Cool\",\"isPartOf\":{\"@id\":\"https:\\\/\\\/www.be-cool.nl\\\/de\\\/#website\"},\"datePublished\":\"2022-02-21T10:40:29+00:00\",\"dateModified\":\"2024-04-29T07:45:45+00:00\",\"description\":\"Suchen Sie ein Unternehmen, in dem Sie Luftk\u00fchler von Portacool suchen k\u00f6nnen? Rufen Sie 015-2002116 an.\",\"breadcrumb\":{\"@id\":\"https:\\\/\\\/www.be-cool.nl\\\/de\\\/portacool\\\/#breadcrumb\"},\"inLanguage\":\"de\",\"potentialAction\":[{\"@type\":\"ReadAction\",\"target\":[\"https:\\\/\\\/www.be-cool.nl\\\/de\\\/portacool\\\/\"]}]},{\"@type\":\"BreadcrumbList\",\"@id\":\"https:\\\/\\\/www.be-cool.nl\\\/de\\\/portacool\\\/#breadcrumb\",\"itemListElement\":[{\"@type\":\"ListItem\",\"position\":1,\"name\":\"Home\",\"item\":\"https:\\\/\\\/www.be-cool.nl\\\/de\\\/\"},{\"@type\":\"ListItem\",\"position\":2,\"name\":\"Portacool\"}]},{\"@type\":\"WebSite\",\"@id\":\"https:\\\/\\\/www.be-cool.nl\\\/de\\\/#website\",\"url\":\"https:\\\/\\\/www.be-cool.nl\\\/de\\\/\",\"name\":\"Be-Cool\",\"description\":\"\",\"publisher\":{\"@id\":\"https:\\\/\\\/www.be-cool.nl\\\/de\\\/#organization\"},\"potentialAction\":[{\"@type\":\"SearchAction\",\"target\":{\"@type\":\"EntryPoint\",\"urlTemplate\":\"https:\\\/\\\/www.be-cool.nl\\\/de\\\/?s={search_term_string}\"},\"query-input\":{\"@type\":\"PropertyValueSpecification\",\"valueRequired\":true,\"valueName\":\"search_term_string\"}}],\"inLanguage\":\"de\"},{\"@type\":\"Organization\",\"@id\":\"https:\\\/\\\/www.be-cool.nl\\\/de\\\/#organization\",\"name\":\"Be-Cool\",\"url\":\"https:\\\/\\\/www.be-cool.nl\\\/de\\\/\",\"logo\":{\"@type\":\"ImageObject\",\"inLanguage\":\"de\",\"@id\":\"https:\\\/\\\/www.be-cool.nl\\\/de\\\/#\\\/schema\\\/logo\\\/image\\\/\",\"url\":\"https:\\\/\\\/www.be-cool.nl\\\/wp-content\\\/uploads\\\/Be-cool_Logo.png\",\"contentUrl\":\"https:\\\/\\\/www.be-cool.nl\\\/wp-content\\\/uploads\\\/Be-cool_Logo.png\",\"width\":426,\"height\":142,\"caption\":\"Be-Cool\"},\"image\":{\"@id\":\"https:\\\/\\\/www.be-cool.nl\\\/de\\\/#\\\/schema\\\/logo\\\/image\\\/\"}}]}<\/script>\n<!-- \/ Yoast SEO plugin. -->","yoast_head_json":{"title":"Portacool - Be-Cool","description":"Suchen Sie ein Unternehmen, in dem Sie Luftk\u00fchler von Portacool suchen k\u00f6nnen? Rufen Sie 015-2002116 an.","robots":{"index":"index","follow":"follow","max-snippet":"max-snippet:-1","max-image-preview":"max-image-preview:large","max-video-preview":"max-video-preview:-1"},"canonical":"https:\/\/www.be-cool.nl\/de\/portacool\/","og_locale":"de_DE","og_type":"article","og_title":"Portacool - Be-Cool","og_description":"Suchen Sie ein Unternehmen, in dem Sie Luftk\u00fchler von Portacool suchen k\u00f6nnen? Rufen Sie 015-2002116 an.","og_url":"https:\/\/www.be-cool.nl\/de\/portacool\/","og_site_name":"Be-Cool","article_modified_time":"2024-04-29T07:45:45+00:00","twitter_card":"summary_large_image","twitter_misc":{"Gesch\u00e4tzte Lesezeit":"2\u00a0Minuten"},"schema":{"@context":"https:\/\/schema.org","@graph":[{"@type":"WebPage","@id":"https:\/\/www.be-cool.nl\/de\/portacool\/","url":"https:\/\/www.be-cool.nl\/de\/portacool\/","name":"Portacool - Be-Cool","isPartOf":{"@id":"https:\/\/www.be-cool.nl\/de\/#website"},"datePublished":"2022-02-21T10:40:29+00:00","dateModified":"2024-04-29T07:45:45+00:00","description":"Suchen Sie ein Unternehmen, in dem Sie Luftk\u00fchler von Portacool suchen k\u00f6nnen? Rufen Sie 015-2002116 an.","breadcrumb":{"@id":"https:\/\/www.be-cool.nl\/de\/portacool\/#breadcrumb"},"inLanguage":"de","potentialAction":[{"@type":"ReadAction","target":["https:\/\/www.be-cool.nl\/de\/portacool\/"]}]},{"@type":"BreadcrumbList","@id":"https:\/\/www.be-cool.nl\/de\/portacool\/#breadcrumb","itemListElement":[{"@type":"ListItem","position":1,"name":"Home","item":"https:\/\/www.be-cool.nl\/de\/"},{"@type":"ListItem","position":2,"name":"Portacool"}]},{"@type":"WebSite","@id":"https:\/\/www.be-cool.nl\/de\/#website","url":"https:\/\/www.be-cool.nl\/de\/","name":"Be-Cool","description":"","publisher":{"@id":"https:\/\/www.be-cool.nl\/de\/#organization"},"potentialAction":[{"@type":"SearchAction","target":{"@type":"EntryPoint","urlTemplate":"https:\/\/www.be-cool.nl\/de\/?s={search_term_string}"},"query-input":{"@type":"PropertyValueSpecification","valueRequired":true,"valueName":"search_term_string"}}],"inLanguage":"de"},{"@type":"Organization","@id":"https:\/\/www.be-cool.nl\/de\/#organization","name":"Be-Cool","url":"https:\/\/www.be-cool.nl\/de\/","logo":{"@type":"ImageObject","inLanguage":"de","@id":"https:\/\/www.be-cool.nl\/de\/#\/schema\/logo\/image\/","url":"https:\/\/www.be-cool.nl\/wp-content\/uploads\/Be-cool_Logo.png","contentUrl":"https:\/\/www.be-cool.nl\/wp-content\/uploads\/Be-cool_Logo.png","width":426,"height":142,"caption":"Be-Cool"},"image":{"@id":"https:\/\/www.be-cool.nl\/de\/#\/schema\/logo\/image\/"}}]}},"_links":{"self":[{"href":"https:\/\/www.be-cool.nl\/de\/wp-json\/wp\/v2\/pages\/1044","targetHints":{"allow":["GET"]}}],"collection":[{"href":"https:\/\/www.be-cool.nl\/de\/wp-json\/wp\/v2\/pages"}],"about":[{"href":"https:\/\/www.be-cool.nl\/de\/wp-json\/wp\/v2\/types\/page"}],"author":[{"embeddable":true,"href":"https:\/\/www.be-cool.nl\/de\/wp-json\/wp\/v2\/users\/1"}],"replies":[{"embeddable":true,"href":"https:\/\/www.be-cool.nl\/de\/wp-json\/wp\/v2\/comments?post=1044"}],"version-history":[{"count":2,"href":"https:\/\/www.be-cool.nl\/de\/wp-json\/wp\/v2\/pages\/1044\/revisions"}],"predecessor-version":[{"id":2546,"href":"https:\/\/www.be-cool.nl\/de\/wp-json\/wp\/v2\/pages\/1044\/revisions\/2546"}],"wp:attachment":[{"href":"https:\/\/www.be-cool.nl\/de\/wp-json\/wp\/v2\/media?parent=1044"}],"curies":[{"name":"wp","href":"https:\/\/api.w.org\/{rel}","templated":true}]}}