{"id":1057,"date":"2022-02-21T11:41:29","date_gmt":"2022-02-21T10:41:29","guid":{"rendered":"https:\/\/www.be-cool.nl\/?page_id=1057"},"modified":"2022-03-04T10:33:22","modified_gmt":"2022-03-04T09:33:22","slug":"verdunstungskuehler","status":"publish","type":"page","link":"https:\/\/www.be-cool.nl\/de\/verdunstungskuehler\/","title":{"rendered":"Verdunstungsk\u00fchler"},"content":{"rendered":"<h2>Entscheiden Sie sich f\u00fcr Verdunstungsk\u00fchlung von Be-Cool<\/h2>\n<p>Suchen Sie ein Unternehmen, in dem Sie sich f\u00fcr einen Verdunstungsk\u00fchler entscheiden k\u00f6nnen? Werfen Sie einen Blick auf das Angebot von Be-Cool. Bei uns finden Sie eine gro\u00dfe Auswahl an Verdunstungsk\u00fchlern, mobilen K\u00fchlern und Terrassenk\u00fchlern. Bei uns k\u00f6nnen Sie sich auf hochwertige Produkte und einen guten Service verlassen. Sind Sie neugierig auf unsere Produkte geworden und m\u00f6chten mehr \u00fcber unsere Verdunstungsk\u00fchlung erfahren? Dann lesen Sie weiter oder rufen Sie uns direkt an, um eine neue K\u00fchlung zu kaufen.  <\/p>\n<h3>K\u00fchlung der Luft mit Portacool<\/h3>\n<p>Der Von uns verkaufte Verdunstungsk\u00fchler stammt von der Marke Portacool. Dieser K\u00fchlertyp verf\u00fcgt \u00fcber ein einzigartiges Verdunstungsk\u00fchlsystem. Aber was genau bedeutet das? Sie bemerken die Wirkung der Verdunstungsk\u00fchlung, wenn Sie Ihren Finger in einen Eimer Wasser legen. Wenn Sie mit dem Finger entlang blasen, werden Sie K\u00fchle f\u00fchlen, indem Sie das Wasser verdampfen. Dies wird auch adiabatische K\u00fchlung genannt. Dieses K\u00fchlsystem ist ideal f\u00fcr gro\u00dfe Freifl\u00e4chen, da es den Raum \u00f6kologisch und wirtschaftlich k\u00fchlt. Diese Art der K\u00fchlung ist energieeffizient und viel billiger als eine normale K\u00fchlung.  <\/p>\n<h3>Portacool K\u00fchlerbetrieb<\/h3>\n<p>Der Verdunstungsk\u00fchler entzieht der Luft durch Wasserverdunstung selbstst\u00e4ndig W\u00e4rme. Der K\u00fchler verwendet die patentierten K\u00fc\u00fcl-Pads. Die Pads aus komprimiertem Papier enthalten kleine Kan\u00e4le. Mit Hilfe einer Wasserpumpe wird Wasser aus dem Wassertank gepumpt. Das gepumpte Wasser kann durch die Kan\u00e4le der Pads flie\u00dfen und so die Pads \u00fcberall nass halten. Die warme Luft wird durch die Pads gesaugt, danach verdunstet das Wasser in den Pads. Dies sorgt f\u00fcr die gek\u00fchlte Luft. Schlie\u00dflich wird die Luft m\u00e4chtig ausgeblasen. Die K\u00fc\u00fcl-Pads k\u00fchlen die warme Luft um 20% zus\u00e4tzlich ab. Schadstoffe werden auch durch die ausgekl\u00fcgelte Struktur- und Platzierungsmethode der K\u00fc\u00fcl-Pads aus der flie\u00dfenden Luft herausgefiltert. Sie k\u00f6nnen auch von saubererer Luft profitieren.<\/p>\n<h3>Die Vorteile unserer K\u00fchler<\/h3>\n<p>Was hat ein verdunstender Portacool K\u00fchler zu bieten? Der K\u00fchler:<\/p>\n<ul>\n<li>Ist leicht zu bewegen<\/li>\n<li>Hat niedrige Kosten<\/li>\n<li>Ist umweltfreundlich<\/li>\n<li>Hat keine Installationskosten<\/li>\n<li>Hat die Wasserversorgung \u00fcber einen Gartenschlauch oder eine F\u00fcllung<\/li>\n<li>Bietet sorglose Benutzerfreundlichkeit und ist praktisch wartungsfrei<\/li>\n<li>Hat ein langlebiges Geh\u00e4use aus aus einem St\u00fcck gegossenem Polyethylen<\/li>\n<li>Ideal zur K\u00fchlung gro\u00dfer Raumstaubarbeitspl\u00e4tze<\/li>\n<\/ul>\n<h3>Rufen Sie oder per E-Mail weitere Informationen ab<\/h3>\n<p>Haben Sie sich f\u00fcr unsere K\u00fchler interessiert? Rufen Sie uns an <a href=\"tel:0152002116\">unter 015-2002116<\/a> oder per E-Mail <a href=mailto:info@be-cool.nl> <\/a> info@be-cool.nl. Selbstverst\u00e4ndlich k\u00f6nnen Sie auch eine Nachricht \u00fcber unser Online-Kontaktformular hinterlassen. Gerne helfen wir Ihnen beim Kauf eines Verdunstungsk\u00fchlers.<\/p>\n","protected":false},"excerpt":{"rendered":"<p>Entscheiden Sie sich f\u00fcr Verdunstungsk\u00fchlung von Be-Cool Suchen Sie ein Unternehmen, in dem Sie sich f\u00fcr einen Verdunstungsk\u00fchler entscheiden k\u00f6nnen? Werfen Sie einen Blick auf<a class=\"moretag\" href=\"https:\/\/www.be-cool.nl\/de\/verdunstungskuehler\/\">&#8230;<\/a><\/p>\n","protected":false},"author":1,"featured_media":0,"parent":0,"menu_order":0,"comment_status":"closed","ping_status":"closed","template":"","meta":{"_glsr_average":0,"_glsr_ranking":0,"_glsr_reviews":0,"footnotes":""},"class_list":["post-1057","page","type-page","status-publish","hentry"],"yoast_head":"<!-- This site is optimized with the Yoast SEO plugin v27.3 - https:\/\/yoast.com\/product\/yoast-seo-wordpress\/ -->\n<title>Verdunstungsk\u00fchler - Be-Cool<\/title>\n<meta name=\"description\" content=\"Ben\u00f6tigen Sie einen Verdunstungsk\u00fchler, um Ihren Raum zu k\u00fchlen? Werfen Sie einen Blick auf das Angebot von Be-Cool. Bei uns finden Sie eine gro\u00dfe Auswahl an K\u00fchlern der Marke Portacool. F\u00fcr weitere Informationen \u00fcber unsere Produkte kontaktieren Sie uns bitte unter \u260e 015-2002116.\" \/>\n<meta name=\"robots\" content=\"index, follow, max-snippet:-1, max-image-preview:large, max-video-preview:-1\" \/>\n<link rel=\"canonical\" href=\"https:\/\/www.be-cool.nl\/de\/verdunstungskuehler\/\" \/>\n<meta property=\"og:locale\" content=\"de_DE\" \/>\n<meta property=\"og:type\" content=\"article\" \/>\n<meta property=\"og:title\" content=\"Verdunstungsk\u00fchler - Be-Cool\" \/>\n<meta property=\"og:description\" content=\"Ben\u00f6tigen Sie einen Verdunstungsk\u00fchler, um Ihren Raum zu k\u00fchlen? Werfen Sie einen Blick auf das Angebot von Be-Cool. Bei uns finden Sie eine gro\u00dfe Auswahl an K\u00fchlern der Marke Portacool. F\u00fcr weitere Informationen \u00fcber unsere Produkte kontaktieren Sie uns bitte unter \u260e 015-2002116.\" \/>\n<meta property=\"og:url\" content=\"https:\/\/www.be-cool.nl\/de\/verdunstungskuehler\/\" \/>\n<meta property=\"og:site_name\" content=\"Be-Cool\" \/>\n<meta property=\"article:modified_time\" content=\"2022-03-04T09:33:22+00:00\" \/>\n<meta name=\"twitter:card\" content=\"summary_large_image\" \/>\n<meta name=\"twitter:label1\" content=\"Gesch\u00e4tzte Lesezeit\" \/>\n\t<meta name=\"twitter:data1\" content=\"2\u00a0Minuten\" \/>\n<script type=\"application\/ld+json\" class=\"yoast-schema-graph\">{\"@context\":\"https:\\\/\\\/schema.org\",\"@graph\":[{\"@type\":\"WebPage\",\"@id\":\"https:\\\/\\\/www.be-cool.nl\\\/de\\\/verdunstungskuehler\\\/\",\"url\":\"https:\\\/\\\/www.be-cool.nl\\\/de\\\/verdunstungskuehler\\\/\",\"name\":\"Verdunstungsk\u00fchler - Be-Cool\",\"isPartOf\":{\"@id\":\"https:\\\/\\\/www.be-cool.nl\\\/de\\\/#website\"},\"datePublished\":\"2022-02-21T10:41:29+00:00\",\"dateModified\":\"2022-03-04T09:33:22+00:00\",\"description\":\"Ben\u00f6tigen Sie einen Verdunstungsk\u00fchler, um Ihren Raum zu k\u00fchlen? Werfen Sie einen Blick auf das Angebot von Be-Cool. Bei uns finden Sie eine gro\u00dfe Auswahl an K\u00fchlern der Marke Portacool. F\u00fcr weitere Informationen \u00fcber unsere Produkte kontaktieren Sie uns bitte unter \u260e 015-2002116.\",\"breadcrumb\":{\"@id\":\"https:\\\/\\\/www.be-cool.nl\\\/de\\\/verdunstungskuehler\\\/#breadcrumb\"},\"inLanguage\":\"de\",\"potentialAction\":[{\"@type\":\"ReadAction\",\"target\":[\"https:\\\/\\\/www.be-cool.nl\\\/de\\\/verdunstungskuehler\\\/\"]}]},{\"@type\":\"BreadcrumbList\",\"@id\":\"https:\\\/\\\/www.be-cool.nl\\\/de\\\/verdunstungskuehler\\\/#breadcrumb\",\"itemListElement\":[{\"@type\":\"ListItem\",\"position\":1,\"name\":\"Home\",\"item\":\"https:\\\/\\\/www.be-cool.nl\\\/de\\\/\"},{\"@type\":\"ListItem\",\"position\":2,\"name\":\"Verdunstungsk\u00fchler\"}]},{\"@type\":\"WebSite\",\"@id\":\"https:\\\/\\\/www.be-cool.nl\\\/de\\\/#website\",\"url\":\"https:\\\/\\\/www.be-cool.nl\\\/de\\\/\",\"name\":\"Be-Cool\",\"description\":\"\",\"publisher\":{\"@id\":\"https:\\\/\\\/www.be-cool.nl\\\/de\\\/#organization\"},\"potentialAction\":[{\"@type\":\"SearchAction\",\"target\":{\"@type\":\"EntryPoint\",\"urlTemplate\":\"https:\\\/\\\/www.be-cool.nl\\\/de\\\/?s={search_term_string}\"},\"query-input\":{\"@type\":\"PropertyValueSpecification\",\"valueRequired\":true,\"valueName\":\"search_term_string\"}}],\"inLanguage\":\"de\"},{\"@type\":\"Organization\",\"@id\":\"https:\\\/\\\/www.be-cool.nl\\\/de\\\/#organization\",\"name\":\"Be-Cool\",\"url\":\"https:\\\/\\\/www.be-cool.nl\\\/de\\\/\",\"logo\":{\"@type\":\"ImageObject\",\"inLanguage\":\"de\",\"@id\":\"https:\\\/\\\/www.be-cool.nl\\\/de\\\/#\\\/schema\\\/logo\\\/image\\\/\",\"url\":\"https:\\\/\\\/www.be-cool.nl\\\/wp-content\\\/uploads\\\/Be-cool_Logo.png\",\"contentUrl\":\"https:\\\/\\\/www.be-cool.nl\\\/wp-content\\\/uploads\\\/Be-cool_Logo.png\",\"width\":426,\"height\":142,\"caption\":\"Be-Cool\"},\"image\":{\"@id\":\"https:\\\/\\\/www.be-cool.nl\\\/de\\\/#\\\/schema\\\/logo\\\/image\\\/\"}}]}<\/script>\n<!-- \/ Yoast SEO plugin. -->","yoast_head_json":{"title":"Verdunstungsk\u00fchler - Be-Cool","description":"Ben\u00f6tigen Sie einen Verdunstungsk\u00fchler, um Ihren Raum zu k\u00fchlen? Werfen Sie einen Blick auf das Angebot von Be-Cool. Bei uns finden Sie eine gro\u00dfe Auswahl an K\u00fchlern der Marke Portacool. F\u00fcr weitere Informationen \u00fcber unsere Produkte kontaktieren Sie uns bitte unter \u260e 015-2002116.","robots":{"index":"index","follow":"follow","max-snippet":"max-snippet:-1","max-image-preview":"max-image-preview:large","max-video-preview":"max-video-preview:-1"},"canonical":"https:\/\/www.be-cool.nl\/de\/verdunstungskuehler\/","og_locale":"de_DE","og_type":"article","og_title":"Verdunstungsk\u00fchler - Be-Cool","og_description":"Ben\u00f6tigen Sie einen Verdunstungsk\u00fchler, um Ihren Raum zu k\u00fchlen? Werfen Sie einen Blick auf das Angebot von Be-Cool. Bei uns finden Sie eine gro\u00dfe Auswahl an K\u00fchlern der Marke Portacool. F\u00fcr weitere Informationen \u00fcber unsere Produkte kontaktieren Sie uns bitte unter \u260e 015-2002116.","og_url":"https:\/\/www.be-cool.nl\/de\/verdunstungskuehler\/","og_site_name":"Be-Cool","article_modified_time":"2022-03-04T09:33:22+00:00","twitter_card":"summary_large_image","twitter_misc":{"Gesch\u00e4tzte Lesezeit":"2\u00a0Minuten"},"schema":{"@context":"https:\/\/schema.org","@graph":[{"@type":"WebPage","@id":"https:\/\/www.be-cool.nl\/de\/verdunstungskuehler\/","url":"https:\/\/www.be-cool.nl\/de\/verdunstungskuehler\/","name":"Verdunstungsk\u00fchler - Be-Cool","isPartOf":{"@id":"https:\/\/www.be-cool.nl\/de\/#website"},"datePublished":"2022-02-21T10:41:29+00:00","dateModified":"2022-03-04T09:33:22+00:00","description":"Ben\u00f6tigen Sie einen Verdunstungsk\u00fchler, um Ihren Raum zu k\u00fchlen? Werfen Sie einen Blick auf das Angebot von Be-Cool. Bei uns finden Sie eine gro\u00dfe Auswahl an K\u00fchlern der Marke Portacool. F\u00fcr weitere Informationen \u00fcber unsere Produkte kontaktieren Sie uns bitte unter \u260e 015-2002116.","breadcrumb":{"@id":"https:\/\/www.be-cool.nl\/de\/verdunstungskuehler\/#breadcrumb"},"inLanguage":"de","potentialAction":[{"@type":"ReadAction","target":["https:\/\/www.be-cool.nl\/de\/verdunstungskuehler\/"]}]},{"@type":"BreadcrumbList","@id":"https:\/\/www.be-cool.nl\/de\/verdunstungskuehler\/#breadcrumb","itemListElement":[{"@type":"ListItem","position":1,"name":"Home","item":"https:\/\/www.be-cool.nl\/de\/"},{"@type":"ListItem","position":2,"name":"Verdunstungsk\u00fchler"}]},{"@type":"WebSite","@id":"https:\/\/www.be-cool.nl\/de\/#website","url":"https:\/\/www.be-cool.nl\/de\/","name":"Be-Cool","description":"","publisher":{"@id":"https:\/\/www.be-cool.nl\/de\/#organization"},"potentialAction":[{"@type":"SearchAction","target":{"@type":"EntryPoint","urlTemplate":"https:\/\/www.be-cool.nl\/de\/?s={search_term_string}"},"query-input":{"@type":"PropertyValueSpecification","valueRequired":true,"valueName":"search_term_string"}}],"inLanguage":"de"},{"@type":"Organization","@id":"https:\/\/www.be-cool.nl\/de\/#organization","name":"Be-Cool","url":"https:\/\/www.be-cool.nl\/de\/","logo":{"@type":"ImageObject","inLanguage":"de","@id":"https:\/\/www.be-cool.nl\/de\/#\/schema\/logo\/image\/","url":"https:\/\/www.be-cool.nl\/wp-content\/uploads\/Be-cool_Logo.png","contentUrl":"https:\/\/www.be-cool.nl\/wp-content\/uploads\/Be-cool_Logo.png","width":426,"height":142,"caption":"Be-Cool"},"image":{"@id":"https:\/\/www.be-cool.nl\/de\/#\/schema\/logo\/image\/"}}]}},"_links":{"self":[{"href":"https:\/\/www.be-cool.nl\/de\/wp-json\/wp\/v2\/pages\/1057","targetHints":{"allow":["GET"]}}],"collection":[{"href":"https:\/\/www.be-cool.nl\/de\/wp-json\/wp\/v2\/pages"}],"about":[{"href":"https:\/\/www.be-cool.nl\/de\/wp-json\/wp\/v2\/types\/page"}],"author":[{"embeddable":true,"href":"https:\/\/www.be-cool.nl\/de\/wp-json\/wp\/v2\/users\/1"}],"replies":[{"embeddable":true,"href":"https:\/\/www.be-cool.nl\/de\/wp-json\/wp\/v2\/comments?post=1057"}],"version-history":[{"count":1,"href":"https:\/\/www.be-cool.nl\/de\/wp-json\/wp\/v2\/pages\/1057\/revisions"}],"predecessor-version":[{"id":1058,"href":"https:\/\/www.be-cool.nl\/de\/wp-json\/wp\/v2\/pages\/1057\/revisions\/1058"}],"wp:attachment":[{"href":"https:\/\/www.be-cool.nl\/de\/wp-json\/wp\/v2\/media?parent=1057"}],"curies":[{"name":"wp","href":"https:\/\/api.w.org\/{rel}","templated":true}]}}