{"id":1067,"date":"2022-02-21T11:42:56","date_gmt":"2022-02-21T10:42:56","guid":{"rendered":"https:\/\/www.be-cool.nl\/?page_id=1067"},"modified":"2022-03-04T10:43:05","modified_gmt":"2022-03-04T09:43:05","slug":"beweglicher-terrassenkuehler","status":"publish","type":"page","link":"https:\/\/www.be-cool.nl\/de\/beweglicher-terrassenkuehler\/","title":{"rendered":"Beweglicher Terrassenk\u00fchler"},"content":{"rendered":"<h2>Unser beweglicher Terrassenk\u00fchler<\/h2>\n<p>Suchen Sie ein Unternehmen, in dem Sie sich einen guten Terrassenk\u00fchler suchen k\u00f6nnen? Entscheiden Sie sich f\u00fcr die mobilen Terrassenk\u00fchler von Be-Cool. Wir spezialisieren uns auf K\u00fchlsysteme und helfen Ihnen gerne, Ihren Raum oder Ihre Terrasse richtig zu k\u00fchlen. Unsere Terrassenk\u00fchler sind von bester Qualit\u00e4t. Wenn Sie bei uns einen Luftk\u00fchler kaufen, k\u00f6nnen Sie auch auf exzellenten Service z\u00e4hlen. M\u00f6chten Sie mehr \u00fcber unsere Produkte erfahren? Lesen Sie dann weiter.<\/p>\n<h3>So funktionieren unsere mobilen K\u00fchler<\/h3>\n<p>Unsere Terrassenk\u00fchler verwenden ein spezielles Verdunstungsk\u00fchlsystem. Dieses System entzieht der Luft durch Wasserverdunstung W\u00e4rme. M\u00f6glich wird dies durch die patentierten K\u00fc\u00fcl-Pads im Ger\u00e4t. Diese Pads enthalten kleine Kan\u00e4le. Die Wasserpumpe pumpt Wasser aus dem Wassertank durch diese Kan\u00e4le und so werden die Pads gleichm\u00e4\u00dfig nass gehalten. Dann wird die warme Luft aus dem Raum entlang des Weges gesaugt. Das Wasser verdunstet und erzeugt kalte Luft. Schlie\u00dflich sorgt der bewegliche Terrassenk\u00fchler daf\u00fcr, dass die kalte Luft kr\u00e4ftig ausgeblasen wird. Ein gro\u00dfer Vorteil der K\u00fc\u00fcl Pads ist, dass sie die Luft 20% extra k\u00fchlen. Neben der K\u00fchlluft filtern sie auch Schadstoffe aus der Luft. Mit unseren mobilen K\u00fchlern k\u00f6nnen Sie auch sauberere Luft in Ihren Zimmern genie\u00dfen.  <\/p>\n<h3>Umweltvertr\u00e4gliche K\u00fchlung<\/h3>\n<p>Unsere mobilen K\u00fchler haben viele Vorteile zu bieten. Zum Beispiel ist unser Terrassenk\u00fchler sehr energieeffizient und kann Ihre Terrasse im Sommer problemlos effizient k\u00fchlen. Da der Terrassenk\u00fchler so energieeffizient ist, ist er auch ein \u00f6kologisch gesunder Kauf. Dar\u00fcber hinaus sorgt seine Energieeffizienz daf\u00fcr, dass Sie mit diesem beweglichen K\u00fchler viel billiger sind als mit einem normalen K\u00fchler. M\u00f6chten Sie diesen Terrassenk\u00fchler kaufen? Dann gibt es auch F\u00f6rderm\u00f6glichkeiten.<\/p>\n<h3>Mobile Terrassenk\u00fchler-Funktionen<\/h3>\n<p>Der Terrassenk\u00fchler hat einen sch\u00f6nen einzigartigen Look mit einem digitalen Panel. Es ist einfach nachzuf\u00fcllen, wenn es n\u00f6tig ist. Sie k\u00f6nnen den K\u00fchler an einen Gartenschlauch anschlie\u00dfen oder ihn manuell umstellen. Das Wasserreservoir hat ein Fassungsverm\u00f6gen von 76 Litern. Es wiegt 75 kg und ist leicht beweglich, wo es ben\u00f6tigt wird. Der Luftk\u00fchler hat eine Luftleistung von 4250 m3\/h. Mit seinem 360\u00b0 k\u00fchlen Strahl kann er eine Terrasse von nicht weniger als 56 m2 k\u00fchlen.<\/p>\n<h3>Wir m\u00f6chten Sie weiter informieren<\/h3>\n<p>Haben Sie sich f\u00fcr unsere mobilen Luftk\u00fchler interessiert? Bitte kontaktieren Sie uns direkt unter <a href=\"tel:0152002116\">015-2002116<\/a>. Sie k\u00f6nnen info@be-cool.nl per E-Mail senden <a href=mailto:info@be-cool.nl> oder eine Nachricht \u00fcber unser <\/a> Online-Kontaktformular hinterlassen. Gerne helfen wir Ihnen mit dem beweglichen Terrassenk\u00fchler, den Sie w\u00fcnschen.<\/p>\n","protected":false},"excerpt":{"rendered":"<p>Unser beweglicher Terrassenk\u00fchler Suchen Sie ein Unternehmen, in dem Sie sich einen guten Terrassenk\u00fchler suchen k\u00f6nnen? Entscheiden Sie sich f\u00fcr die mobilen Terrassenk\u00fchler von Be-Cool.<a class=\"moretag\" href=\"https:\/\/www.be-cool.nl\/de\/beweglicher-terrassenkuehler\/\">&#8230;<\/a><\/p>\n","protected":false},"author":1,"featured_media":0,"parent":0,"menu_order":0,"comment_status":"closed","ping_status":"closed","template":"","meta":{"_glsr_average":0,"_glsr_ranking":0,"_glsr_reviews":0,"footnotes":""},"class_list":["post-1067","page","type-page","status-publish","hentry"],"yoast_head":"<!-- This site is optimized with the Yoast SEO plugin v27.5 - https:\/\/yoast.com\/product\/yoast-seo-wordpress\/ -->\n<title>Beweglicher Terrassenk\u00fchler - Be-Cool<\/title>\n<meta name=\"description\" content=\"Ben\u00f6tigen Sie einen Terrassenk\u00fchler, der Ihre Terrasse richtig k\u00fchlt? Entscheiden Sie sich f\u00fcr den Be-Cool Terrassenk\u00fchler. Dieser K\u00fchler hat eine sehr gro\u00dfe K\u00fchlleistung und ist sehr energieeffizient. M\u00f6chten Sie mehr \u00fcber unsere K\u00fchlsysteme erfahren? Kontaktieren Sie uns unter der Telefonnummer \u260e 015-2002116.\" \/>\n<meta name=\"robots\" content=\"index, follow, max-snippet:-1, max-image-preview:large, max-video-preview:-1\" \/>\n<link rel=\"canonical\" href=\"https:\/\/www.be-cool.nl\/de\/beweglicher-terrassenkuehler\/\" \/>\n<meta property=\"og:locale\" content=\"de_DE\" \/>\n<meta property=\"og:type\" content=\"article\" \/>\n<meta property=\"og:title\" content=\"Beweglicher Terrassenk\u00fchler - Be-Cool\" \/>\n<meta property=\"og:description\" content=\"Ben\u00f6tigen Sie einen Terrassenk\u00fchler, der Ihre Terrasse richtig k\u00fchlt? Entscheiden Sie sich f\u00fcr den Be-Cool Terrassenk\u00fchler. Dieser K\u00fchler hat eine sehr gro\u00dfe K\u00fchlleistung und ist sehr energieeffizient. M\u00f6chten Sie mehr \u00fcber unsere K\u00fchlsysteme erfahren? Kontaktieren Sie uns unter der Telefonnummer \u260e 015-2002116.\" \/>\n<meta property=\"og:url\" content=\"https:\/\/www.be-cool.nl\/de\/beweglicher-terrassenkuehler\/\" \/>\n<meta property=\"og:site_name\" content=\"Be-Cool\" \/>\n<meta property=\"article:modified_time\" content=\"2022-03-04T09:43:05+00:00\" \/>\n<meta name=\"twitter:card\" content=\"summary_large_image\" \/>\n<meta name=\"twitter:label1\" content=\"Gesch\u00e4tzte Lesezeit\" \/>\n\t<meta name=\"twitter:data1\" content=\"2\u00a0Minuten\" \/>\n<script type=\"application\/ld+json\" class=\"yoast-schema-graph\">{\"@context\":\"https:\\\/\\\/schema.org\",\"@graph\":[{\"@type\":\"WebPage\",\"@id\":\"https:\\\/\\\/www.be-cool.nl\\\/de\\\/beweglicher-terrassenkuehler\\\/\",\"url\":\"https:\\\/\\\/www.be-cool.nl\\\/de\\\/beweglicher-terrassenkuehler\\\/\",\"name\":\"Beweglicher Terrassenk\u00fchler - Be-Cool\",\"isPartOf\":{\"@id\":\"https:\\\/\\\/www.be-cool.nl\\\/de\\\/#website\"},\"datePublished\":\"2022-02-21T10:42:56+00:00\",\"dateModified\":\"2022-03-04T09:43:05+00:00\",\"description\":\"Ben\u00f6tigen Sie einen Terrassenk\u00fchler, der Ihre Terrasse richtig k\u00fchlt? Entscheiden Sie sich f\u00fcr den Be-Cool Terrassenk\u00fchler. Dieser K\u00fchler hat eine sehr gro\u00dfe K\u00fchlleistung und ist sehr energieeffizient. M\u00f6chten Sie mehr \u00fcber unsere K\u00fchlsysteme erfahren? Kontaktieren Sie uns unter der Telefonnummer \u260e 015-2002116.\",\"breadcrumb\":{\"@id\":\"https:\\\/\\\/www.be-cool.nl\\\/de\\\/beweglicher-terrassenkuehler\\\/#breadcrumb\"},\"inLanguage\":\"de\",\"potentialAction\":[{\"@type\":\"ReadAction\",\"target\":[\"https:\\\/\\\/www.be-cool.nl\\\/de\\\/beweglicher-terrassenkuehler\\\/\"]}]},{\"@type\":\"BreadcrumbList\",\"@id\":\"https:\\\/\\\/www.be-cool.nl\\\/de\\\/beweglicher-terrassenkuehler\\\/#breadcrumb\",\"itemListElement\":[{\"@type\":\"ListItem\",\"position\":1,\"name\":\"Home\",\"item\":\"https:\\\/\\\/www.be-cool.nl\\\/de\\\/\"},{\"@type\":\"ListItem\",\"position\":2,\"name\":\"Beweglicher Terrassenk\u00fchler\"}]},{\"@type\":\"WebSite\",\"@id\":\"https:\\\/\\\/www.be-cool.nl\\\/de\\\/#website\",\"url\":\"https:\\\/\\\/www.be-cool.nl\\\/de\\\/\",\"name\":\"Be-Cool\",\"description\":\"\",\"publisher\":{\"@id\":\"https:\\\/\\\/www.be-cool.nl\\\/de\\\/#organization\"},\"potentialAction\":[{\"@type\":\"SearchAction\",\"target\":{\"@type\":\"EntryPoint\",\"urlTemplate\":\"https:\\\/\\\/www.be-cool.nl\\\/de\\\/?s={search_term_string}\"},\"query-input\":{\"@type\":\"PropertyValueSpecification\",\"valueRequired\":true,\"valueName\":\"search_term_string\"}}],\"inLanguage\":\"de\"},{\"@type\":\"Organization\",\"@id\":\"https:\\\/\\\/www.be-cool.nl\\\/de\\\/#organization\",\"name\":\"Be-Cool\",\"url\":\"https:\\\/\\\/www.be-cool.nl\\\/de\\\/\",\"logo\":{\"@type\":\"ImageObject\",\"inLanguage\":\"de\",\"@id\":\"https:\\\/\\\/www.be-cool.nl\\\/de\\\/#\\\/schema\\\/logo\\\/image\\\/\",\"url\":\"https:\\\/\\\/www.be-cool.nl\\\/wp-content\\\/uploads\\\/Be-cool_Logo.png\",\"contentUrl\":\"https:\\\/\\\/www.be-cool.nl\\\/wp-content\\\/uploads\\\/Be-cool_Logo.png\",\"width\":426,\"height\":142,\"caption\":\"Be-Cool\"},\"image\":{\"@id\":\"https:\\\/\\\/www.be-cool.nl\\\/de\\\/#\\\/schema\\\/logo\\\/image\\\/\"}}]}<\/script>\n<!-- \/ Yoast SEO plugin. -->","yoast_head_json":{"title":"Beweglicher Terrassenk\u00fchler - Be-Cool","description":"Ben\u00f6tigen Sie einen Terrassenk\u00fchler, der Ihre Terrasse richtig k\u00fchlt? Entscheiden Sie sich f\u00fcr den Be-Cool Terrassenk\u00fchler. Dieser K\u00fchler hat eine sehr gro\u00dfe K\u00fchlleistung und ist sehr energieeffizient. M\u00f6chten Sie mehr \u00fcber unsere K\u00fchlsysteme erfahren? Kontaktieren Sie uns unter der Telefonnummer \u260e 015-2002116.","robots":{"index":"index","follow":"follow","max-snippet":"max-snippet:-1","max-image-preview":"max-image-preview:large","max-video-preview":"max-video-preview:-1"},"canonical":"https:\/\/www.be-cool.nl\/de\/beweglicher-terrassenkuehler\/","og_locale":"de_DE","og_type":"article","og_title":"Beweglicher Terrassenk\u00fchler - Be-Cool","og_description":"Ben\u00f6tigen Sie einen Terrassenk\u00fchler, der Ihre Terrasse richtig k\u00fchlt? Entscheiden Sie sich f\u00fcr den Be-Cool Terrassenk\u00fchler. Dieser K\u00fchler hat eine sehr gro\u00dfe K\u00fchlleistung und ist sehr energieeffizient. M\u00f6chten Sie mehr \u00fcber unsere K\u00fchlsysteme erfahren? Kontaktieren Sie uns unter der Telefonnummer \u260e 015-2002116.","og_url":"https:\/\/www.be-cool.nl\/de\/beweglicher-terrassenkuehler\/","og_site_name":"Be-Cool","article_modified_time":"2022-03-04T09:43:05+00:00","twitter_card":"summary_large_image","twitter_misc":{"Gesch\u00e4tzte Lesezeit":"2\u00a0Minuten"},"schema":{"@context":"https:\/\/schema.org","@graph":[{"@type":"WebPage","@id":"https:\/\/www.be-cool.nl\/de\/beweglicher-terrassenkuehler\/","url":"https:\/\/www.be-cool.nl\/de\/beweglicher-terrassenkuehler\/","name":"Beweglicher Terrassenk\u00fchler - Be-Cool","isPartOf":{"@id":"https:\/\/www.be-cool.nl\/de\/#website"},"datePublished":"2022-02-21T10:42:56+00:00","dateModified":"2022-03-04T09:43:05+00:00","description":"Ben\u00f6tigen Sie einen Terrassenk\u00fchler, der Ihre Terrasse richtig k\u00fchlt? Entscheiden Sie sich f\u00fcr den Be-Cool Terrassenk\u00fchler. Dieser K\u00fchler hat eine sehr gro\u00dfe K\u00fchlleistung und ist sehr energieeffizient. M\u00f6chten Sie mehr \u00fcber unsere K\u00fchlsysteme erfahren? Kontaktieren Sie uns unter der Telefonnummer \u260e 015-2002116.","breadcrumb":{"@id":"https:\/\/www.be-cool.nl\/de\/beweglicher-terrassenkuehler\/#breadcrumb"},"inLanguage":"de","potentialAction":[{"@type":"ReadAction","target":["https:\/\/www.be-cool.nl\/de\/beweglicher-terrassenkuehler\/"]}]},{"@type":"BreadcrumbList","@id":"https:\/\/www.be-cool.nl\/de\/beweglicher-terrassenkuehler\/#breadcrumb","itemListElement":[{"@type":"ListItem","position":1,"name":"Home","item":"https:\/\/www.be-cool.nl\/de\/"},{"@type":"ListItem","position":2,"name":"Beweglicher Terrassenk\u00fchler"}]},{"@type":"WebSite","@id":"https:\/\/www.be-cool.nl\/de\/#website","url":"https:\/\/www.be-cool.nl\/de\/","name":"Be-Cool","description":"","publisher":{"@id":"https:\/\/www.be-cool.nl\/de\/#organization"},"potentialAction":[{"@type":"SearchAction","target":{"@type":"EntryPoint","urlTemplate":"https:\/\/www.be-cool.nl\/de\/?s={search_term_string}"},"query-input":{"@type":"PropertyValueSpecification","valueRequired":true,"valueName":"search_term_string"}}],"inLanguage":"de"},{"@type":"Organization","@id":"https:\/\/www.be-cool.nl\/de\/#organization","name":"Be-Cool","url":"https:\/\/www.be-cool.nl\/de\/","logo":{"@type":"ImageObject","inLanguage":"de","@id":"https:\/\/www.be-cool.nl\/de\/#\/schema\/logo\/image\/","url":"https:\/\/www.be-cool.nl\/wp-content\/uploads\/Be-cool_Logo.png","contentUrl":"https:\/\/www.be-cool.nl\/wp-content\/uploads\/Be-cool_Logo.png","width":426,"height":142,"caption":"Be-Cool"},"image":{"@id":"https:\/\/www.be-cool.nl\/de\/#\/schema\/logo\/image\/"}}]}},"_links":{"self":[{"href":"https:\/\/www.be-cool.nl\/de\/wp-json\/wp\/v2\/pages\/1067","targetHints":{"allow":["GET"]}}],"collection":[{"href":"https:\/\/www.be-cool.nl\/de\/wp-json\/wp\/v2\/pages"}],"about":[{"href":"https:\/\/www.be-cool.nl\/de\/wp-json\/wp\/v2\/types\/page"}],"author":[{"embeddable":true,"href":"https:\/\/www.be-cool.nl\/de\/wp-json\/wp\/v2\/users\/1"}],"replies":[{"embeddable":true,"href":"https:\/\/www.be-cool.nl\/de\/wp-json\/wp\/v2\/comments?post=1067"}],"version-history":[{"count":1,"href":"https:\/\/www.be-cool.nl\/de\/wp-json\/wp\/v2\/pages\/1067\/revisions"}],"predecessor-version":[{"id":1068,"href":"https:\/\/www.be-cool.nl\/de\/wp-json\/wp\/v2\/pages\/1067\/revisions\/1068"}],"wp:attachment":[{"href":"https:\/\/www.be-cool.nl\/de\/wp-json\/wp\/v2\/media?parent=1067"}],"curies":[{"name":"wp","href":"https:\/\/api.w.org\/{rel}","templated":true}]}}