{"id":1078,"date":"2022-01-28T17:42:09","date_gmt":"2022-01-28T16:42:09","guid":{"rendered":"https:\/\/www.be-cool.nl\/?page_id=1078"},"modified":"2024-04-15T14:19:05","modified_gmt":"2024-04-15T12:19:05","slug":"betrieb-kuehler","status":"publish","type":"page","link":"https:\/\/www.be-cool.nl\/de\/betrieb-kuehler\/","title":{"rendered":"Betrieb von K\u00fchlern"},"content":{"rendered":"<div class=\"wpb-content-wrapper\"><p>[vc_row][vc_column width=&#8220;1\/2&#8243;][vc_column_text]Die Portacool-Luftk\u00fchler funktionieren mit Leitungswasser und lassen sich einfach an einen Gartenschlauch anschlie\u00dfen. Sobald die Luftk\u00fchler mit einem 230-V-Stromanschluss ausgestattet sind, sind sie sofort einfach zu bedienen.<\/p>\n<p>Jeder Portacool Luftk\u00fchler ist mit einem patentierten Filter, auch Pad genannt, ausgestattet, der daf\u00fcr sorgt, dass die Luft angesaugt wird. Eine Wasserpumpe sorgt daf\u00fcr, dass diese Pads st\u00e4ndig feucht gehalten werden. Diese Pads sind wiederum mit kleinen Kan\u00e4len ausgestattet, die einen Wirbel erzeugen, der das Wasser optimal verdunstet. Diese Verdunstung sorgt daf\u00fcr, dass der Luft s\u00e4mtliche W\u00e4rme entzogen wird und die Austrittsluft somit sch\u00f6n k\u00fchl und frisch ist. Wir nennen dies auch adiabatische K\u00fchlung oder Verdunstungsk\u00fchlung.<br \/>\n[\/vc_column_text][vc_single_image image=&#8220;257&#8243; img_size=&#8220;full&#8220; alignment=&#8220;center&#8220;][vc_column_text]Mobile Luftk\u00fchler von Portacool funktionieren am besten, wenn sie in gut bel\u00fcfteten Bereichen aufgestellt werden. Eine gute Bel\u00fcftung sorgt daf\u00fcr, dass warme Luft den Raum problemlos verl\u00e4sst und k\u00fchle Luft den Raum problemlos wieder f\u00fcllt. Damit eignen sich die K\u00fchlboxen ideal f\u00fcr Werkst\u00e4tten, in denen die T\u00fcr oft offen steht, oder f\u00fcr gro\u00dfe R\u00e4ume, in denen die K\u00fchlung bisher sehr schwierig war.<\/p>\n<p>M\u00f6chten Sie mehr dar\u00fcber erfahren, wie Verdunstungsk\u00fchlung f\u00fcr Ihr pers\u00f6nliches Arbeitsumfeld funktioniert? Gerne k\u00f6nnen Sie hier einen Test anfordern!<br \/>\n[\/vc_column_text][\/vc_column][vc_column width=&#8220;1\/2&#8243;][vc_column_text]Das Tolle an den mobilen Luftk\u00fchlern von Portacool ist, dass sie keine K\u00e4ltemittel verwenden. Dies bedeutet, dass die CO2-Emissionen viel geringer sind als beispielsweise bei herk\u00f6mmlicheren K\u00fchlsystemen. Da sich die Pads auf der Saugseite des K\u00fchlers befinden, fungieren sie gewisserma\u00dfen als Filter. Da die Luft gefiltert und gereinigt wird, sorgen die K\u00fchler auch f\u00fcr ein besseres Raumklima.<\/p>\n<p>Der mobile Luftk\u00fchler portacool besteht aus folgenden Teilen:<\/p>\n<ul>\n<li>Anschluss f\u00fcr Strom und Leitungswasser<\/li>\n<li>Bedienfeld<\/li>\n<li>Patentierte Pads<\/li>\n<li>L\u00fcfter<\/li>\n<li>Wasserpumpe<\/li>\n<li>Wasser reservoir<\/li>\n<\/ul>\n<p>[\/vc_column_text][vc_video link=&#8220;https:\/\/www.youtube.com\/watch?v=2yqEJw4FXW8&#8243;][\/vc_column][\/vc_row]<\/p>\n<\/div>","protected":false},"excerpt":{"rendered":"<p>[vc_row][vc_column width=&#8220;1\/2&#8243;][vc_column_text]Die Portacool-Luftk\u00fchler funktionieren mit Leitungswasser und lassen sich einfach an einen Gartenschlauch anschlie\u00dfen. Sobald die Luftk\u00fchler mit einem 230-V-Stromanschluss ausgestattet sind, sind sie sofort<a class=\"moretag\" href=\"https:\/\/www.be-cool.nl\/de\/betrieb-kuehler\/\">&#8230;<\/a><\/p>\n","protected":false},"author":2,"featured_media":0,"parent":0,"menu_order":0,"comment_status":"closed","ping_status":"closed","template":"","meta":{"_glsr_average":0,"_glsr_ranking":0,"_glsr_reviews":0,"footnotes":""},"class_list":["post-1078","page","type-page","status-publish","hentry"],"yoast_head":"<!-- This site is optimized with the Yoast SEO plugin v27.5 - https:\/\/yoast.com\/product\/yoast-seo-wordpress\/ -->\n<title>Betrieb von K\u00fchlern - Be-Cool<\/title>\n<meta name=\"robots\" content=\"index, follow, max-snippet:-1, max-image-preview:large, max-video-preview:-1\" \/>\n<link rel=\"canonical\" href=\"https:\/\/www.be-cool.nl\/de\/betrieb-kuehler\/\" \/>\n<meta property=\"og:locale\" content=\"de_DE\" \/>\n<meta property=\"og:type\" content=\"article\" \/>\n<meta property=\"og:title\" content=\"Betrieb von K\u00fchlern - Be-Cool\" \/>\n<meta property=\"og:description\" content=\"[vc_row][vc_column width=&#8220;1\/2&#8243;][vc_column_text]Die Portacool-Luftk\u00fchler funktionieren mit Leitungswasser und lassen sich einfach an einen Gartenschlauch anschlie\u00dfen. Sobald die Luftk\u00fchler mit einem 230-V-Stromanschluss ausgestattet sind, sind sie sofort...\" \/>\n<meta property=\"og:url\" content=\"https:\/\/www.be-cool.nl\/de\/betrieb-kuehler\/\" \/>\n<meta property=\"og:site_name\" content=\"Be-Cool\" \/>\n<meta property=\"article:modified_time\" content=\"2024-04-15T12:19:05+00:00\" \/>\n<meta name=\"twitter:card\" content=\"summary_large_image\" \/>\n<meta name=\"twitter:label1\" content=\"Gesch\u00e4tzte Lesezeit\" \/>\n\t<meta name=\"twitter:data1\" content=\"2\u00a0Minuten\" \/>\n<script type=\"application\/ld+json\" class=\"yoast-schema-graph\">{\"@context\":\"https:\\\/\\\/schema.org\",\"@graph\":[{\"@type\":\"WebPage\",\"@id\":\"https:\\\/\\\/www.be-cool.nl\\\/de\\\/betrieb-kuehler\\\/\",\"url\":\"https:\\\/\\\/www.be-cool.nl\\\/de\\\/betrieb-kuehler\\\/\",\"name\":\"Betrieb von K\u00fchlern - Be-Cool\",\"isPartOf\":{\"@id\":\"https:\\\/\\\/www.be-cool.nl\\\/de\\\/#website\"},\"datePublished\":\"2022-01-28T16:42:09+00:00\",\"dateModified\":\"2024-04-15T12:19:05+00:00\",\"breadcrumb\":{\"@id\":\"https:\\\/\\\/www.be-cool.nl\\\/de\\\/betrieb-kuehler\\\/#breadcrumb\"},\"inLanguage\":\"de\",\"potentialAction\":[{\"@type\":\"ReadAction\",\"target\":[\"https:\\\/\\\/www.be-cool.nl\\\/de\\\/betrieb-kuehler\\\/\"]}]},{\"@type\":\"BreadcrumbList\",\"@id\":\"https:\\\/\\\/www.be-cool.nl\\\/de\\\/betrieb-kuehler\\\/#breadcrumb\",\"itemListElement\":[{\"@type\":\"ListItem\",\"position\":1,\"name\":\"Home\",\"item\":\"https:\\\/\\\/www.be-cool.nl\\\/de\\\/\"},{\"@type\":\"ListItem\",\"position\":2,\"name\":\"Betrieb von K\u00fchlern\"}]},{\"@type\":\"WebSite\",\"@id\":\"https:\\\/\\\/www.be-cool.nl\\\/de\\\/#website\",\"url\":\"https:\\\/\\\/www.be-cool.nl\\\/de\\\/\",\"name\":\"Be-Cool\",\"description\":\"\",\"publisher\":{\"@id\":\"https:\\\/\\\/www.be-cool.nl\\\/de\\\/#organization\"},\"potentialAction\":[{\"@type\":\"SearchAction\",\"target\":{\"@type\":\"EntryPoint\",\"urlTemplate\":\"https:\\\/\\\/www.be-cool.nl\\\/de\\\/?s={search_term_string}\"},\"query-input\":{\"@type\":\"PropertyValueSpecification\",\"valueRequired\":true,\"valueName\":\"search_term_string\"}}],\"inLanguage\":\"de\"},{\"@type\":\"Organization\",\"@id\":\"https:\\\/\\\/www.be-cool.nl\\\/de\\\/#organization\",\"name\":\"Be-Cool\",\"url\":\"https:\\\/\\\/www.be-cool.nl\\\/de\\\/\",\"logo\":{\"@type\":\"ImageObject\",\"inLanguage\":\"de\",\"@id\":\"https:\\\/\\\/www.be-cool.nl\\\/de\\\/#\\\/schema\\\/logo\\\/image\\\/\",\"url\":\"https:\\\/\\\/www.be-cool.nl\\\/wp-content\\\/uploads\\\/Be-cool_Logo.png\",\"contentUrl\":\"https:\\\/\\\/www.be-cool.nl\\\/wp-content\\\/uploads\\\/Be-cool_Logo.png\",\"width\":426,\"height\":142,\"caption\":\"Be-Cool\"},\"image\":{\"@id\":\"https:\\\/\\\/www.be-cool.nl\\\/de\\\/#\\\/schema\\\/logo\\\/image\\\/\"}}]}<\/script>\n<!-- \/ Yoast SEO plugin. -->","yoast_head_json":{"title":"Betrieb von K\u00fchlern - Be-Cool","robots":{"index":"index","follow":"follow","max-snippet":"max-snippet:-1","max-image-preview":"max-image-preview:large","max-video-preview":"max-video-preview:-1"},"canonical":"https:\/\/www.be-cool.nl\/de\/betrieb-kuehler\/","og_locale":"de_DE","og_type":"article","og_title":"Betrieb von K\u00fchlern - Be-Cool","og_description":"[vc_row][vc_column width=&#8220;1\/2&#8243;][vc_column_text]Die Portacool-Luftk\u00fchler funktionieren mit Leitungswasser und lassen sich einfach an einen Gartenschlauch anschlie\u00dfen. Sobald die Luftk\u00fchler mit einem 230-V-Stromanschluss ausgestattet sind, sind sie sofort...","og_url":"https:\/\/www.be-cool.nl\/de\/betrieb-kuehler\/","og_site_name":"Be-Cool","article_modified_time":"2024-04-15T12:19:05+00:00","twitter_card":"summary_large_image","twitter_misc":{"Gesch\u00e4tzte Lesezeit":"2\u00a0Minuten"},"schema":{"@context":"https:\/\/schema.org","@graph":[{"@type":"WebPage","@id":"https:\/\/www.be-cool.nl\/de\/betrieb-kuehler\/","url":"https:\/\/www.be-cool.nl\/de\/betrieb-kuehler\/","name":"Betrieb von K\u00fchlern - Be-Cool","isPartOf":{"@id":"https:\/\/www.be-cool.nl\/de\/#website"},"datePublished":"2022-01-28T16:42:09+00:00","dateModified":"2024-04-15T12:19:05+00:00","breadcrumb":{"@id":"https:\/\/www.be-cool.nl\/de\/betrieb-kuehler\/#breadcrumb"},"inLanguage":"de","potentialAction":[{"@type":"ReadAction","target":["https:\/\/www.be-cool.nl\/de\/betrieb-kuehler\/"]}]},{"@type":"BreadcrumbList","@id":"https:\/\/www.be-cool.nl\/de\/betrieb-kuehler\/#breadcrumb","itemListElement":[{"@type":"ListItem","position":1,"name":"Home","item":"https:\/\/www.be-cool.nl\/de\/"},{"@type":"ListItem","position":2,"name":"Betrieb von K\u00fchlern"}]},{"@type":"WebSite","@id":"https:\/\/www.be-cool.nl\/de\/#website","url":"https:\/\/www.be-cool.nl\/de\/","name":"Be-Cool","description":"","publisher":{"@id":"https:\/\/www.be-cool.nl\/de\/#organization"},"potentialAction":[{"@type":"SearchAction","target":{"@type":"EntryPoint","urlTemplate":"https:\/\/www.be-cool.nl\/de\/?s={search_term_string}"},"query-input":{"@type":"PropertyValueSpecification","valueRequired":true,"valueName":"search_term_string"}}],"inLanguage":"de"},{"@type":"Organization","@id":"https:\/\/www.be-cool.nl\/de\/#organization","name":"Be-Cool","url":"https:\/\/www.be-cool.nl\/de\/","logo":{"@type":"ImageObject","inLanguage":"de","@id":"https:\/\/www.be-cool.nl\/de\/#\/schema\/logo\/image\/","url":"https:\/\/www.be-cool.nl\/wp-content\/uploads\/Be-cool_Logo.png","contentUrl":"https:\/\/www.be-cool.nl\/wp-content\/uploads\/Be-cool_Logo.png","width":426,"height":142,"caption":"Be-Cool"},"image":{"@id":"https:\/\/www.be-cool.nl\/de\/#\/schema\/logo\/image\/"}}]}},"_links":{"self":[{"href":"https:\/\/www.be-cool.nl\/de\/wp-json\/wp\/v2\/pages\/1078","targetHints":{"allow":["GET"]}}],"collection":[{"href":"https:\/\/www.be-cool.nl\/de\/wp-json\/wp\/v2\/pages"}],"about":[{"href":"https:\/\/www.be-cool.nl\/de\/wp-json\/wp\/v2\/types\/page"}],"author":[{"embeddable":true,"href":"https:\/\/www.be-cool.nl\/de\/wp-json\/wp\/v2\/users\/2"}],"replies":[{"embeddable":true,"href":"https:\/\/www.be-cool.nl\/de\/wp-json\/wp\/v2\/comments?post=1078"}],"version-history":[{"count":2,"href":"https:\/\/www.be-cool.nl\/de\/wp-json\/wp\/v2\/pages\/1078\/revisions"}],"predecessor-version":[{"id":2514,"href":"https:\/\/www.be-cool.nl\/de\/wp-json\/wp\/v2\/pages\/1078\/revisions\/2514"}],"wp:attachment":[{"href":"https:\/\/www.be-cool.nl\/de\/wp-json\/wp\/v2\/media?parent=1078"}],"curies":[{"name":"wp","href":"https:\/\/api.w.org\/{rel}","templated":true}]}}