{"id":1094,"date":"2019-06-21T13:14:45","date_gmt":"2019-06-21T11:14:45","guid":{"rendered":"https:\/\/www.be-cool.nl\/?page_id=1094"},"modified":"2024-02-07T11:30:26","modified_gmt":"2024-02-07T10:30:26","slug":"be-cool","status":"publish","type":"page","link":"https:\/\/www.be-cool.nl\/de\/","title":{"rendered":"Be-Cool"},"content":{"rendered":"<div class=\"wpb-content-wrapper\"><p>[vc_row full_width=&#8220;stretch_row&#8220;][vc_column][vc_column_text el_class=&#8220;home-product&#8220;]<div class=\"woocommerce columns-4 \"><ul class=\"products columns-4\">\n<li class=\"product type-product post-2709 status-publish first instock product_cat-be-cool-serie-de product_cat-miete product_cat-verkauf has-post-thumbnail shipping-taxable product-type-simple\">\n\t<a href=\"https:\/\/www.be-cool.nl\/de\/winkel\/be-cool-serie-de\/be-cool-50\/\" class=\"woocommerce-LoopProduct-link woocommerce-loop-product__link\"><div class=\"wrapper_product_thumbnail\"><img loading=\"lazy\" decoding=\"async\" width=\"300\" height=\"300\" src=\"https:\/\/www.be-cool.nl\/wp-content\/uploads\/CCX42.0_1-300x300.webp\" class=\"attachment-woocommerce_thumbnail size-woocommerce_thumbnail\" alt=\"Be-cool 50\" srcset=\"https:\/\/www.be-cool.nl\/wp-content\/uploads\/CCX42.0_1-300x300.webp 300w, https:\/\/www.be-cool.nl\/wp-content\/uploads\/CCX42.0_1-150x150.webp 150w, https:\/\/www.be-cool.nl\/wp-content\/uploads\/CCX42.0_1-600x600.webp 600w, https:\/\/www.be-cool.nl\/wp-content\/uploads\/CCX42.0_1-100x100.webp 100w, https:\/\/www.be-cool.nl\/wp-content\/uploads\/CCX42.0_1.webp 645w\" sizes=\"auto, (max-width: 300px) 100vw, 300px\" \/><\/div><h2 class=\"woocommerce-loop-product__title\">Be-cool 50<\/h2>\n        <p itemprop=\"name\" class=\"product_category_title\"><span>Be-Cool serie<\/span><\/p>\n<\/a><a class=\"add_to_cart_button\" href=\"https:\/\/www.be-cool.nl\/de\/winkel\/be-cool-serie-de\/be-cool-50\/\"><i class=\"fas fa-info-circle\"><\/i>Meer informatie<\/a>\t<span id=\"woocommerce_loop_add_to_cart_link_describedby_2709\" class=\"screen-reader-text\">\n\t\t\t<\/span>\n<\/li>\n<li class=\"product type-product post-1453 status-publish instock product_cat-be-cool-serie-de product_cat-miete product_cat-verkauf has-post-thumbnail shipping-taxable product-type-simple\">\n\t<a href=\"https:\/\/www.be-cool.nl\/de\/winkel\/be-cool-serie-de\/be-cool-120\/\" class=\"woocommerce-LoopProduct-link woocommerce-loop-product__link\"><div class=\"wrapper_product_thumbnail\"><img loading=\"lazy\" decoding=\"async\" width=\"300\" height=\"300\" src=\"https:\/\/www.be-cool.nl\/wp-content\/uploads\/LC1-300x300.jpg\" class=\"attachment-woocommerce_thumbnail size-woocommerce_thumbnail\" alt=\"Be-cool 120\" srcset=\"https:\/\/www.be-cool.nl\/wp-content\/uploads\/LC1-300x300.jpg 300w, https:\/\/www.be-cool.nl\/wp-content\/uploads\/LC1-1024x1024.jpg 1024w, https:\/\/www.be-cool.nl\/wp-content\/uploads\/LC1-150x150.jpg 150w, https:\/\/www.be-cool.nl\/wp-content\/uploads\/LC1-768x768.jpg 768w, https:\/\/www.be-cool.nl\/wp-content\/uploads\/LC1-600x600.jpg 600w, https:\/\/www.be-cool.nl\/wp-content\/uploads\/LC1-100x100.jpg 100w, https:\/\/www.be-cool.nl\/wp-content\/uploads\/LC1.jpg 1500w\" sizes=\"auto, (max-width: 300px) 100vw, 300px\" \/><\/div><h2 class=\"woocommerce-loop-product__title\">Be-cool 120<\/h2>\n        <p itemprop=\"name\" class=\"product_category_title\"><span>Be-Cool serie<\/span><\/p>\n<\/a><a class=\"add_to_cart_button\" href=\"https:\/\/www.be-cool.nl\/de\/winkel\/be-cool-serie-de\/be-cool-120\/\"><i class=\"fas fa-info-circle\"><\/i>Meer informatie<\/a>\t<span id=\"woocommerce_loop_add_to_cart_link_describedby_1453\" class=\"screen-reader-text\">\n\t\t\t<\/span>\n<\/li>\n<li class=\"product type-product post-1449 status-publish instock product_cat-be-cool-serie-de product_cat-miete product_cat-verkauf has-post-thumbnail shipping-taxable product-type-simple\">\n\t<a href=\"https:\/\/www.be-cool.nl\/de\/winkel\/be-cool-serie-de\/be-cool-340\/\" class=\"woocommerce-LoopProduct-link woocommerce-loop-product__link\"><div class=\"wrapper_product_thumbnail\"><img loading=\"lazy\" decoding=\"async\" width=\"300\" height=\"300\" src=\"https:\/\/www.be-cool.nl\/wp-content\/uploads\/Be-cool_340-300x300.png\" class=\"attachment-woocommerce_thumbnail size-woocommerce_thumbnail\" alt=\"Be-cool 340\" srcset=\"https:\/\/www.be-cool.nl\/wp-content\/uploads\/Be-cool_340-300x300.png 300w, https:\/\/www.be-cool.nl\/wp-content\/uploads\/Be-cool_340-150x150.png 150w\" sizes=\"auto, (max-width: 300px) 100vw, 300px\" \/><\/div><h2 class=\"woocommerce-loop-product__title\">Be-cool 340<\/h2>\n        <p itemprop=\"name\" class=\"product_category_title\"><span>Be-Cool serie<\/span><\/p>\n<\/a><a class=\"add_to_cart_button\" href=\"https:\/\/www.be-cool.nl\/de\/winkel\/be-cool-serie-de\/be-cool-340\/\"><i class=\"fas fa-info-circle\"><\/i>Meer informatie<\/a>\t<span id=\"woocommerce_loop_add_to_cart_link_describedby_1449\" class=\"screen-reader-text\">\n\t\t\t<\/span>\n<\/li>\n<li class=\"product type-product post-1846 status-publish last instock product_cat-be-cool-serie-de product_cat-verkauf has-post-thumbnail shipping-taxable product-type-simple\">\n\t<a href=\"https:\/\/www.be-cool.nl\/de\/winkel\/be-cool-serie-de\/be-cool-570-m502\/\" class=\"woocommerce-LoopProduct-link woocommerce-loop-product__link\"><div class=\"wrapper_product_thumbnail\"><img loading=\"lazy\" decoding=\"async\" width=\"300\" height=\"300\" src=\"https:\/\/www.be-cool.nl\/wp-content\/uploads\/M502-COOLFront_2023-300x300.jpg\" class=\"attachment-woocommerce_thumbnail size-woocommerce_thumbnail\" alt=\"Be-Cool 570 M502\" srcset=\"https:\/\/www.be-cool.nl\/wp-content\/uploads\/M502-COOLFront_2023-300x300.jpg 300w, https:\/\/www.be-cool.nl\/wp-content\/uploads\/M502-COOLFront_2023-1024x1024.jpg 1024w, https:\/\/www.be-cool.nl\/wp-content\/uploads\/M502-COOLFront_2023-150x150.jpg 150w, https:\/\/www.be-cool.nl\/wp-content\/uploads\/M502-COOLFront_2023-768x768.jpg 768w, https:\/\/www.be-cool.nl\/wp-content\/uploads\/M502-COOLFront_2023-1536x1536.jpg 1536w, https:\/\/www.be-cool.nl\/wp-content\/uploads\/M502-COOLFront_2023-600x600.jpg 600w, https:\/\/www.be-cool.nl\/wp-content\/uploads\/M502-COOLFront_2023-100x100.jpg 100w, https:\/\/www.be-cool.nl\/wp-content\/uploads\/M502-COOLFront_2023.jpg 1567w\" sizes=\"auto, (max-width: 300px) 100vw, 300px\" \/><\/div><h2 class=\"woocommerce-loop-product__title\">Be-Cool 570 M502<\/h2>\n        <p itemprop=\"name\" class=\"product_category_title\"><span>Be-Cool serie<\/span><\/p>\n<\/a><a class=\"add_to_cart_button\" href=\"https:\/\/www.be-cool.nl\/de\/winkel\/be-cool-serie-de\/be-cool-570-m502\/\"><i class=\"fas fa-info-circle\"><\/i>Meer informatie<\/a>\t<span id=\"woocommerce_loop_add_to_cart_link_describedby_1846\" class=\"screen-reader-text\">\n\t\t\t<\/span>\n<\/li>\n<li class=\"product type-product post-1852 status-publish first instock product_cat-be-cool-serie-de product_cat-verkauf has-post-thumbnail shipping-taxable product-type-simple\">\n\t<a href=\"https:\/\/www.be-cool.nl\/de\/winkel\/be-cool-serie-de\/be-cool-wind-force-4-m121\/\" class=\"woocommerce-LoopProduct-link woocommerce-loop-product__link\"><div class=\"wrapper_product_thumbnail\"><img loading=\"lazy\" decoding=\"async\" width=\"300\" height=\"300\" src=\"https:\/\/www.be-cool.nl\/wp-content\/uploads\/image006-3-300x300.jpg\" class=\"attachment-woocommerce_thumbnail size-woocommerce_thumbnail\" alt=\"Be-Cool Wind Force 4 M121\" srcset=\"https:\/\/www.be-cool.nl\/wp-content\/uploads\/image006-3-300x300.jpg 300w, https:\/\/www.be-cool.nl\/wp-content\/uploads\/image006-3-150x150.jpg 150w, https:\/\/www.be-cool.nl\/wp-content\/uploads\/image006-3-768x768.jpg 768w, https:\/\/www.be-cool.nl\/wp-content\/uploads\/image006-3-600x600.jpg 600w, https:\/\/www.be-cool.nl\/wp-content\/uploads\/image006-3-100x100.jpg 100w, https:\/\/www.be-cool.nl\/wp-content\/uploads\/image006-3.jpg 1000w\" sizes=\"auto, (max-width: 300px) 100vw, 300px\" \/><\/div><h2 class=\"woocommerce-loop-product__title\">Be-Cool Wind Force 4 M121<\/h2>\n        <p itemprop=\"name\" class=\"product_category_title\"><span>Be-Cool serie<\/span><\/p>\n<\/a><a class=\"add_to_cart_button\" href=\"https:\/\/www.be-cool.nl\/de\/winkel\/be-cool-serie-de\/be-cool-wind-force-4-m121\/\"><i class=\"fas fa-info-circle\"><\/i>Meer informatie<\/a>\t<span id=\"woocommerce_loop_add_to_cart_link_describedby_1852\" class=\"screen-reader-text\">\n\t\t\t<\/span>\n<\/li>\n<li class=\"product type-product post-1857 status-publish instock product_cat-be-cool-serie-de product_cat-verkauf has-post-thumbnail shipping-taxable product-type-simple\">\n\t<a href=\"https:\/\/www.be-cool.nl\/de\/winkel\/be-cool-serie-de\/be-cool-wind-force-7-m221\/\" class=\"woocommerce-LoopProduct-link woocommerce-loop-product__link\"><div class=\"wrapper_product_thumbnail\"><img loading=\"lazy\" decoding=\"async\" width=\"300\" height=\"300\" src=\"https:\/\/www.be-cool.nl\/wp-content\/uploads\/image006-2-300x300.jpg\" class=\"attachment-woocommerce_thumbnail size-woocommerce_thumbnail\" alt=\"Be-Cool wind force 7 M221\" srcset=\"https:\/\/www.be-cool.nl\/wp-content\/uploads\/image006-2-300x300.jpg 300w, https:\/\/www.be-cool.nl\/wp-content\/uploads\/image006-2-150x150.jpg 150w, https:\/\/www.be-cool.nl\/wp-content\/uploads\/image006-2-768x768.jpg 768w, https:\/\/www.be-cool.nl\/wp-content\/uploads\/image006-2-600x600.jpg 600w, https:\/\/www.be-cool.nl\/wp-content\/uploads\/image006-2-100x100.jpg 100w, https:\/\/www.be-cool.nl\/wp-content\/uploads\/image006-2.jpg 1000w\" sizes=\"auto, (max-width: 300px) 100vw, 300px\" \/><\/div><h2 class=\"woocommerce-loop-product__title\">Be-Cool wind force 7 M221<\/h2>\n        <p itemprop=\"name\" class=\"product_category_title\"><span>Be-Cool serie<\/span><\/p>\n<\/a><a class=\"add_to_cart_button\" href=\"https:\/\/www.be-cool.nl\/de\/winkel\/be-cool-serie-de\/be-cool-wind-force-7-m221\/\"><i class=\"fas fa-info-circle\"><\/i>Meer informatie<\/a>\t<span id=\"woocommerce_loop_add_to_cart_link_describedby_1857\" class=\"screen-reader-text\">\n\t\t\t<\/span>\n<\/li>\n<li class=\"product type-product post-1862 status-publish instock product_cat-be-cool-serie-de product_cat-verkauf has-post-thumbnail shipping-taxable product-type-simple\">\n\t<a href=\"https:\/\/www.be-cool.nl\/de\/winkel\/be-cool-serie-de\/be-cool-wind-force-10-m341\/\" class=\"woocommerce-LoopProduct-link woocommerce-loop-product__link\"><div class=\"wrapper_product_thumbnail\"><img loading=\"lazy\" decoding=\"async\" width=\"300\" height=\"300\" src=\"https:\/\/www.be-cool.nl\/wp-content\/uploads\/image006-1-300x300.jpg\" class=\"attachment-woocommerce_thumbnail size-woocommerce_thumbnail\" alt=\"Be-cool Wind Force 10 M341\" srcset=\"https:\/\/www.be-cool.nl\/wp-content\/uploads\/image006-1-300x300.jpg 300w, https:\/\/www.be-cool.nl\/wp-content\/uploads\/image006-1-150x150.jpg 150w, https:\/\/www.be-cool.nl\/wp-content\/uploads\/image006-1-768x768.jpg 768w, https:\/\/www.be-cool.nl\/wp-content\/uploads\/image006-1-600x600.jpg 600w, https:\/\/www.be-cool.nl\/wp-content\/uploads\/image006-1-100x100.jpg 100w, https:\/\/www.be-cool.nl\/wp-content\/uploads\/image006-1.jpg 1000w\" sizes=\"auto, (max-width: 300px) 100vw, 300px\" \/><\/div><h2 class=\"woocommerce-loop-product__title\">Be-cool Wind Force 10 M341<\/h2>\n        <p itemprop=\"name\" class=\"product_category_title\"><span>Be-Cool serie<\/span><\/p>\n<\/a><a class=\"add_to_cart_button\" href=\"https:\/\/www.be-cool.nl\/de\/winkel\/be-cool-serie-de\/be-cool-wind-force-10-m341\/\"><i class=\"fas fa-info-circle\"><\/i>Meer informatie<\/a>\t<span id=\"woocommerce_loop_add_to_cart_link_describedby_1862\" class=\"screen-reader-text\">\n\t\t\t<\/span>\n<\/li>\n<li class=\"product type-product post-2611 status-publish last instock product_cat-be-cool-serie-de product_cat-verkauf has-post-thumbnail shipping-taxable product-type-simple\">\n\t<a href=\"https:\/\/www.be-cool.nl\/de\/winkel\/be-cool-serie-de\/be-cool-wind-force-451\/\" class=\"woocommerce-LoopProduct-link woocommerce-loop-product__link\"><div class=\"wrapper_product_thumbnail\"><img loading=\"lazy\" decoding=\"async\" width=\"300\" height=\"300\" src=\"https:\/\/www.be-cool.nl\/wp-content\/uploads\/BE-COOL-WIND-FORCE-451-300x300.jpg\" class=\"attachment-woocommerce_thumbnail size-woocommerce_thumbnail\" alt=\"Be-Cool Wind Force 451\" srcset=\"https:\/\/www.be-cool.nl\/wp-content\/uploads\/BE-COOL-WIND-FORCE-451-300x300.jpg 300w, https:\/\/www.be-cool.nl\/wp-content\/uploads\/BE-COOL-WIND-FORCE-451-1024x1024.jpg 1024w, https:\/\/www.be-cool.nl\/wp-content\/uploads\/BE-COOL-WIND-FORCE-451-150x150.jpg 150w, https:\/\/www.be-cool.nl\/wp-content\/uploads\/BE-COOL-WIND-FORCE-451-768x768.jpg 768w, https:\/\/www.be-cool.nl\/wp-content\/uploads\/BE-COOL-WIND-FORCE-451-1536x1536.jpg 1536w, https:\/\/www.be-cool.nl\/wp-content\/uploads\/BE-COOL-WIND-FORCE-451-600x600.jpg 600w, https:\/\/www.be-cool.nl\/wp-content\/uploads\/BE-COOL-WIND-FORCE-451-100x100.jpg 100w, https:\/\/www.be-cool.nl\/wp-content\/uploads\/BE-COOL-WIND-FORCE-451.jpg 1804w\" sizes=\"auto, (max-width: 300px) 100vw, 300px\" \/><\/div><h2 class=\"woocommerce-loop-product__title\">Be-Cool Wind Force 451<\/h2>\n        <p itemprop=\"name\" class=\"product_category_title\"><span>Be-Cool serie<\/span><\/p>\n<\/a><a class=\"add_to_cart_button\" href=\"https:\/\/www.be-cool.nl\/de\/winkel\/be-cool-serie-de\/be-cool-wind-force-451\/\"><i class=\"fas fa-info-circle\"><\/i>Meer informatie<\/a>\t<span id=\"woocommerce_loop_add_to_cart_link_describedby_2611\" class=\"screen-reader-text\">\n\t\t\t<\/span>\n<\/li>\n<\/ul>\n<\/div>[\/vc_column_text][\/vc_column][\/vc_row][vc_row full_width=&#8220;stretch_row&#8220; css=&#8220;.vc_custom_1643799648374{padding-bottom: 50px !important;}&#8220;][vc_column][vc_column_text]<\/p>\n<h2>MOBILE LUFTK\u00dcHLER von be-cool<\/h2>\n<p>[\/vc_column_text][vc_row_inner][vc_column_inner width=&#8220;1\/3&#8243;][vc_column_text]Die mobilen Luftk\u00fchler von Be-Cool verwenden ein einzigartiges Verdunstungsk\u00fchlsystem. Dieses System hat den enormen Vorteil, dass es gro\u00dfe Freifl\u00e4chen wirtschaftlich und \u00f6kologisch k\u00fchlen kann. Bisher war dies viel zu teuer oder unm\u00f6glich.<br \/>\n[\/vc_column_text][vc_btn title=&#8220;Anfrage Informationen&#8220; style=&#8220;custom&#8220; custom_background=&#8220;&#8220; custom_text=&#8220;&#8220; el_class=&#8220;info-btn header-mob&#8220; link=&#8220;url:%2Fde%2Finformationen-anfordern%2F|title:Informationen%20anfordern&#8220;][\/vc_column_inner][vc_column_inner width=&#8220;1\/3&#8243;][vc_column_text]Doch mit den energieeffizienten Luftk\u00fchlern von Be-Cool ist das K\u00fchlen gro\u00dfer R\u00e4ume auf einen Schlag deutlich g\u00fcnstiger. Be-Cool liefert in ganz Europa und arbeitet buchst\u00e4blich 1 zu 1 mit Portacool USA (mit Sitz in Texas USA) zusammen. Aus diesem Grund sind wir autorisierter Distributor von Portacool USA.[\/vc_column_text][\/vc_column_inner][vc_column_inner width=&#8220;1\/3&#8243;][vc_column_text]<\/p>\n<ul class=\"check-icon\">\n<li>Haltbares, einteiliges Geh\u00e4use aus geformtem Polyethylen<\/li>\n<li>Wasserversorgung \u00fcber Gartenschlauch oder Einf\u00fcll\u00f6ffnung<\/li>\n<li>Das Ger\u00e4t ist tragbar<\/li>\n<li>Flexible Platzierungsoptionen<\/li>\n<\/ul>\n<p>[\/vc_column_text][\/vc_column_inner][\/vc_row_inner][\/vc_column][\/vc_row][vc_row full_width=&#8220;stretch_row_content&#8220; equal_height=&#8220;yes&#8220; content_placement=&#8220;middle&#8220; css=&#8220;.vc_custom_1643800026329{padding-top: 0px !important;padding-bottom: 0px !important;background-image: url(https:\/\/www.be-cool.nl\/wp-content\/uploads\/Afbeelding_Beste-kwaliteit_1.png?id=327) !important;background-position: center !important;background-repeat: no-repeat !important;background-size: cover !important;}&#8220;][vc_column width=&#8220;1\/2&#8243; el_class=&#8220;left-img-box&#8220;][\/vc_column][vc_column width=&#8220;1\/2&#8243; el_class=&#8220;right-text-box&#8220; css=&#8220;.vc_custom_1643800106374{padding-top: 60px !important;padding-bottom: 40px !important;background-color: rgba(0,0,0,0.8) !important;*background-color: rgb(0,0,0) !important;}&#8220;][vc_column_text]<\/p>\n<h2>BE-COOL LUFTK\u00dcHLER F\u00dcR BESTE QUALIT\u00c4T<\/h2>\n<p>[\/vc_column_text][vc_column_text]Be-Cool liefert nur Luftk\u00fchler aus dem h\u00f6chsten Segment! Aus diesem Grund finden Sie in unserem Webshop eine so gro\u00dfe Auswahl an Portacool-Luftk\u00fchlern. Sie haben Fragen zu unseren mobilen Luftk\u00fchlern? Sie k\u00f6nnen uns gerne kontaktieren.<br \/>\nBe-Cool ist ein offizieller autorisierter Distributor von Portacool USA.[\/vc_column_text][vc_btn title=&#8220;015 \u2013 200 2116&#8243; style=&#8220;custom&#8220; custom_background=&#8220;&#8220; custom_text=&#8220;&#8220; i_icon_fontawesome=&#8220;fas fa-phone-alt&#8220; add_icon=&#8220;true&#8220; link=&#8220;url:tel%3A0152002116&#8243; el_class=&#8220;green-btn&#8220;][\/vc_column][\/vc_row][vc_row full_width=&#8220;stretch_row&#8220;][vc_column][vc_separator color=&#8220;custom&#8220; accent_color=&#8220;rgba(20,129,197,0.41)&#8220;][vc_row_inner equal_height=&#8220;yes&#8220; css=&#8220;.vc_custom_1643819258247{padding-top: 25px !important;padding-bottom: 45px !important;}&#8220;][vc_column_inner width=&#8220;6\/12&#8243;][vc_column_text]<\/p>\n<h2>Der Betrieb von K\u00fchlboxen<\/h2>\n<p>[\/vc_column_text][vc_column_text]Die Portacool-Luftk\u00fchler arbeiten mit Leitungswasser (mit einem Gartenschlauch anzuschlie\u00dfen) und 230-Volt-Strom. Nach dem Anschlie\u00dfen ist das Ger\u00e4t sofort einsatzbereit.<\/p>\n<ul class=\"dots-blue\">\n<li>Patentierte Pads<\/li>\n<li>L\u00fcfter<\/li>\n<li>Wasserpumpe<\/li>\n<li>Wasserreservoir<\/li>\n<\/ul>\n<p>[\/vc_column_text][vc_btn title=&#8220;Mehr Informationen&#8220; style=&#8220;custom&#8220; custom_background=&#8220;&#8220; custom_text=&#8220;&#8220; el_class=&#8220;blue-border-btn&#8220; link=&#8220;url:%2Fde%2Fbetrieb-kuehler%2F|title:Betrieb%20K%C3%BChler&#8220;][\/vc_column_inner][vc_column_inner width=&#8220;1\/12&#8243;][\/vc_column_inner][vc_column_inner width=&#8220;5\/12&#8243;][vc_single_image image=&#8220;257&#8243; img_size=&#8220;full&#8220;][\/vc_column_inner][\/vc_row_inner][\/vc_column][\/vc_row]<\/p>\n<\/div>","protected":false},"excerpt":{"rendered":"<p>[vc_row full_width=&#8220;stretch_row&#8220;][vc_column][vc_column_text el_class=&#8220;home-product&#8220;][\/vc_column_text][\/vc_column][\/vc_row][vc_row full_width=&#8220;stretch_row&#8220; css=&#8220;.vc_custom_1643799648374{padding-bottom: 50px !important;}&#8220;][vc_column][vc_column_text] MOBILE LUFTK\u00dcHLER von be-cool [\/vc_column_text][vc_row_inner][vc_column_inner width=&#8220;1\/3&#8243;][vc_column_text]Die mobilen Luftk\u00fchler von Be-Cool verwenden ein einzigartiges Verdunstungsk\u00fchlsystem. Dieses System hat den<a class=\"moretag\" href=\"https:\/\/www.be-cool.nl\/de\/\">&#8230;<\/a><\/p>\n","protected":false},"author":1,"featured_media":0,"parent":0,"menu_order":0,"comment_status":"closed","ping_status":"closed","template":"","meta":{"_glsr_average":0,"_glsr_ranking":0,"_glsr_reviews":0,"footnotes":""},"class_list":["post-1094","page","type-page","status-publish","hentry"],"yoast_head":"<!-- This site is optimized with the Yoast SEO plugin v27.5 - https:\/\/yoast.com\/product\/yoast-seo-wordpress\/ -->\n<title>F\u00fcr mobile Luftk\u00fchler - Be-Cool<\/title>\n<meta name=\"description\" content=\"Die mobilen Luftk\u00fchler von be-cool nutzen ein einzigartiges Verdunstungsk\u00fchlsystem. Dieses System hat den gro\u00dfen Vorteil, dass es gro\u00dfe Freifl\u00e4chen auf \u00f6konomische und \u00f6kologische Weise k\u00fchlen kann.\" \/>\n<meta name=\"robots\" content=\"index, follow, max-snippet:-1, max-image-preview:large, max-video-preview:-1\" \/>\n<link rel=\"canonical\" href=\"https:\/\/www.be-cool.nl\/de\/\" \/>\n<meta property=\"og:locale\" content=\"de_DE\" \/>\n<meta property=\"og:type\" content=\"article\" \/>\n<meta property=\"og:title\" content=\"F\u00fcr mobile Luftk\u00fchler - Be-Cool\" \/>\n<meta property=\"og:description\" content=\"Die mobilen Luftk\u00fchler von be-cool nutzen ein einzigartiges Verdunstungsk\u00fchlsystem. Dieses System hat den gro\u00dfen Vorteil, dass es gro\u00dfe Freifl\u00e4chen auf \u00f6konomische und \u00f6kologische Weise k\u00fchlen kann.\" \/>\n<meta property=\"og:url\" content=\"https:\/\/www.be-cool.nl\/de\/\" \/>\n<meta property=\"og:site_name\" content=\"Be-Cool\" \/>\n<meta property=\"article:modified_time\" content=\"2024-02-07T10:30:26+00:00\" \/>\n<meta name=\"twitter:card\" content=\"summary_large_image\" \/>\n<meta name=\"twitter:label1\" content=\"Gesch\u00e4tzte Lesezeit\" \/>\n\t<meta name=\"twitter:data1\" content=\"2\u00a0Minuten\" \/>\n<script type=\"application\/ld+json\" class=\"yoast-schema-graph\">{\"@context\":\"https:\\\/\\\/schema.org\",\"@graph\":[{\"@type\":\"WebPage\",\"@id\":\"https:\\\/\\\/www.be-cool.nl\\\/de\\\/\",\"url\":\"https:\\\/\\\/www.be-cool.nl\\\/de\\\/\",\"name\":\"F\u00fcr mobile Luftk\u00fchler - Be-Cool\",\"isPartOf\":{\"@id\":\"https:\\\/\\\/www.be-cool.nl\\\/de\\\/#website\"},\"datePublished\":\"2019-06-21T11:14:45+00:00\",\"dateModified\":\"2024-02-07T10:30:26+00:00\",\"description\":\"Die mobilen Luftk\u00fchler von be-cool nutzen ein einzigartiges Verdunstungsk\u00fchlsystem. Dieses System hat den gro\u00dfen Vorteil, dass es gro\u00dfe Freifl\u00e4chen auf \u00f6konomische und \u00f6kologische Weise k\u00fchlen kann.\",\"breadcrumb\":{\"@id\":\"https:\\\/\\\/www.be-cool.nl\\\/de\\\/#breadcrumb\"},\"inLanguage\":\"de\",\"potentialAction\":[{\"@type\":\"ReadAction\",\"target\":[\"https:\\\/\\\/www.be-cool.nl\\\/de\\\/\"]}]},{\"@type\":\"BreadcrumbList\",\"@id\":\"https:\\\/\\\/www.be-cool.nl\\\/de\\\/#breadcrumb\",\"itemListElement\":[{\"@type\":\"ListItem\",\"position\":1,\"name\":\"Home\",\"item\":\"https:\\\/\\\/www.be-cool.nl\\\/de\\\/\"},{\"@type\":\"ListItem\",\"position\":2,\"name\":\"Be-Cool\"}]},{\"@type\":\"WebSite\",\"@id\":\"https:\\\/\\\/www.be-cool.nl\\\/de\\\/#website\",\"url\":\"https:\\\/\\\/www.be-cool.nl\\\/de\\\/\",\"name\":\"Be-Cool\",\"description\":\"\",\"publisher\":{\"@id\":\"https:\\\/\\\/www.be-cool.nl\\\/de\\\/#organization\"},\"potentialAction\":[{\"@type\":\"SearchAction\",\"target\":{\"@type\":\"EntryPoint\",\"urlTemplate\":\"https:\\\/\\\/www.be-cool.nl\\\/de\\\/?s={search_term_string}\"},\"query-input\":{\"@type\":\"PropertyValueSpecification\",\"valueRequired\":true,\"valueName\":\"search_term_string\"}}],\"inLanguage\":\"de\"},{\"@type\":\"Organization\",\"@id\":\"https:\\\/\\\/www.be-cool.nl\\\/de\\\/#organization\",\"name\":\"Be-Cool\",\"url\":\"https:\\\/\\\/www.be-cool.nl\\\/de\\\/\",\"logo\":{\"@type\":\"ImageObject\",\"inLanguage\":\"de\",\"@id\":\"https:\\\/\\\/www.be-cool.nl\\\/de\\\/#\\\/schema\\\/logo\\\/image\\\/\",\"url\":\"https:\\\/\\\/www.be-cool.nl\\\/wp-content\\\/uploads\\\/Be-cool_Logo.png\",\"contentUrl\":\"https:\\\/\\\/www.be-cool.nl\\\/wp-content\\\/uploads\\\/Be-cool_Logo.png\",\"width\":426,\"height\":142,\"caption\":\"Be-Cool\"},\"image\":{\"@id\":\"https:\\\/\\\/www.be-cool.nl\\\/de\\\/#\\\/schema\\\/logo\\\/image\\\/\"}}]}<\/script>\n<!-- \/ Yoast SEO plugin. -->","yoast_head_json":{"title":"F\u00fcr mobile Luftk\u00fchler - Be-Cool","description":"Die mobilen Luftk\u00fchler von be-cool nutzen ein einzigartiges Verdunstungsk\u00fchlsystem. Dieses System hat den gro\u00dfen Vorteil, dass es gro\u00dfe Freifl\u00e4chen auf \u00f6konomische und \u00f6kologische Weise k\u00fchlen kann.","robots":{"index":"index","follow":"follow","max-snippet":"max-snippet:-1","max-image-preview":"max-image-preview:large","max-video-preview":"max-video-preview:-1"},"canonical":"https:\/\/www.be-cool.nl\/de\/","og_locale":"de_DE","og_type":"article","og_title":"F\u00fcr mobile Luftk\u00fchler - Be-Cool","og_description":"Die mobilen Luftk\u00fchler von be-cool nutzen ein einzigartiges Verdunstungsk\u00fchlsystem. Dieses System hat den gro\u00dfen Vorteil, dass es gro\u00dfe Freifl\u00e4chen auf \u00f6konomische und \u00f6kologische Weise k\u00fchlen kann.","og_url":"https:\/\/www.be-cool.nl\/de\/","og_site_name":"Be-Cool","article_modified_time":"2024-02-07T10:30:26+00:00","twitter_card":"summary_large_image","twitter_misc":{"Gesch\u00e4tzte Lesezeit":"2\u00a0Minuten"},"schema":{"@context":"https:\/\/schema.org","@graph":[{"@type":"WebPage","@id":"https:\/\/www.be-cool.nl\/de\/","url":"https:\/\/www.be-cool.nl\/de\/","name":"F\u00fcr mobile Luftk\u00fchler - Be-Cool","isPartOf":{"@id":"https:\/\/www.be-cool.nl\/de\/#website"},"datePublished":"2019-06-21T11:14:45+00:00","dateModified":"2024-02-07T10:30:26+00:00","description":"Die mobilen Luftk\u00fchler von be-cool nutzen ein einzigartiges Verdunstungsk\u00fchlsystem. Dieses System hat den gro\u00dfen Vorteil, dass es gro\u00dfe Freifl\u00e4chen auf \u00f6konomische und \u00f6kologische Weise k\u00fchlen kann.","breadcrumb":{"@id":"https:\/\/www.be-cool.nl\/de\/#breadcrumb"},"inLanguage":"de","potentialAction":[{"@type":"ReadAction","target":["https:\/\/www.be-cool.nl\/de\/"]}]},{"@type":"BreadcrumbList","@id":"https:\/\/www.be-cool.nl\/de\/#breadcrumb","itemListElement":[{"@type":"ListItem","position":1,"name":"Home","item":"https:\/\/www.be-cool.nl\/de\/"},{"@type":"ListItem","position":2,"name":"Be-Cool"}]},{"@type":"WebSite","@id":"https:\/\/www.be-cool.nl\/de\/#website","url":"https:\/\/www.be-cool.nl\/de\/","name":"Be-Cool","description":"","publisher":{"@id":"https:\/\/www.be-cool.nl\/de\/#organization"},"potentialAction":[{"@type":"SearchAction","target":{"@type":"EntryPoint","urlTemplate":"https:\/\/www.be-cool.nl\/de\/?s={search_term_string}"},"query-input":{"@type":"PropertyValueSpecification","valueRequired":true,"valueName":"search_term_string"}}],"inLanguage":"de"},{"@type":"Organization","@id":"https:\/\/www.be-cool.nl\/de\/#organization","name":"Be-Cool","url":"https:\/\/www.be-cool.nl\/de\/","logo":{"@type":"ImageObject","inLanguage":"de","@id":"https:\/\/www.be-cool.nl\/de\/#\/schema\/logo\/image\/","url":"https:\/\/www.be-cool.nl\/wp-content\/uploads\/Be-cool_Logo.png","contentUrl":"https:\/\/www.be-cool.nl\/wp-content\/uploads\/Be-cool_Logo.png","width":426,"height":142,"caption":"Be-Cool"},"image":{"@id":"https:\/\/www.be-cool.nl\/de\/#\/schema\/logo\/image\/"}}]}},"_links":{"self":[{"href":"https:\/\/www.be-cool.nl\/de\/wp-json\/wp\/v2\/pages\/1094","targetHints":{"allow":["GET"]}}],"collection":[{"href":"https:\/\/www.be-cool.nl\/de\/wp-json\/wp\/v2\/pages"}],"about":[{"href":"https:\/\/www.be-cool.nl\/de\/wp-json\/wp\/v2\/types\/page"}],"author":[{"embeddable":true,"href":"https:\/\/www.be-cool.nl\/de\/wp-json\/wp\/v2\/users\/1"}],"replies":[{"embeddable":true,"href":"https:\/\/www.be-cool.nl\/de\/wp-json\/wp\/v2\/comments?post=1094"}],"version-history":[{"count":4,"href":"https:\/\/www.be-cool.nl\/de\/wp-json\/wp\/v2\/pages\/1094\/revisions"}],"predecessor-version":[{"id":2333,"href":"https:\/\/www.be-cool.nl\/de\/wp-json\/wp\/v2\/pages\/1094\/revisions\/2333"}],"wp:attachment":[{"href":"https:\/\/www.be-cool.nl\/de\/wp-json\/wp\/v2\/media?parent=1094"}],"curies":[{"name":"wp","href":"https:\/\/api.w.org\/{rel}","templated":true}]}}