{"id":891,"date":"2022-02-21T11:32:05","date_gmt":"2022-02-21T10:32:05","guid":{"rendered":"https:\/\/www.be-cool.nl\/?page_id=891"},"modified":"2022-03-02T16:25:43","modified_gmt":"2022-03-02T15:25:43","slug":"energieeffizienter-luftkuehler","status":"publish","type":"page","link":"https:\/\/www.be-cool.nl\/de\/energieeffizienter-luftkuehler\/","title":{"rendered":"Energieeffizienter Luftk\u00fchler"},"content":{"rendered":"<h2>W\u00e4hlen Sie einen energieeffizienten Luftk\u00fchler von Be-Cool<\/h2>\n<p>M\u00f6chten Sie Ihren Raum mit einem energieeffizienten Luftk\u00fchler k\u00fchlen? Dann sind Sie bei Be-Cool in Ordnung. Wir verkaufen energieeffiziente Luftk\u00fchler von bester Qualit\u00e4t. Sie k\u00f6nnen auch auf exzellenten Service z\u00e4hlen. Neugierig auf die K\u00fchler, die wir verkaufen? Bitte kontaktieren Sie uns oder lesen Sie weiter, um weitere Informationen \u00fcber den energieeffizienten Luftk\u00fchler zu erhalten.<\/p>\n<h3>Wie funktioniert ein Portacool Luftk\u00fchler?<\/h3>\n<p>Wie genau funktioniert unsere energieeffiziente K\u00fchlung? Die K\u00fchlung verf\u00fcgt \u00fcber einen Verdunstungsk\u00fchler, der durch Verdunstung unabh\u00e4ngig W\u00e4rme aus der Luft absaugt. Wesentliche Bestandteile des K\u00fchlers sind die patentierten K\u00fc\u00fcl-Pads. Die Pads bestehen aus komprimiertem Papier und haben kleine Kan\u00e4le. Die Wasserpumpe im K\u00fchler pumpt durch die kleinen Kan\u00e4le der Pads. So k\u00f6nnen die Pads \u00fcberall nass gehalten werden. Dann wird die warme Luft durch die Pads gesaugt. Das Wasser in den Pads verdunstet und das erzeugt kalte Luft. Schlie\u00dflich wird die gek\u00fchlte Luft durch den Luftk\u00fchler kr\u00e4ftig ausgeblasen. Die K\u00fc\u00fcl Pads haben die feine Eigenschaft, dass die warme Luft 20% extra gek\u00fchlt wird. Dar\u00fcber hinaus sorgen sie daf\u00fcr, dass Schadstoffe aus der Luft herausgefiltert werden. So haben Sie auch sauberere Luft in Ihrem Zimmer.  <\/p>\n<h3>Eine energieeffiziente K\u00fchlmethode<\/h3>\n<p>Was sind die Vorteile des Luftk\u00fchlers? Das Verdampfungssystem, auch adiabatische K\u00fchlung genannt, k\u00fchlt die Luft im Weltraum auf einzigartige Weise. Das System ist aufgrund der patentierten Pads, die verwendet werden, sehr energieeffizient. Es ist auch sehr umweltfreundlich. Besonders gro\u00dfe Freifl\u00e4chen k\u00f6nnen von diesem ausgekl\u00fcgelten K\u00fchlsystem profitieren. Da es sich um eine energieeffiziente K\u00fchlung handelt, ist sie auch viel billiger als eine normale K\u00fchlung.  <\/p>\n<h3>Die Vorteile in einer Reihe<\/h3>\n<p>Wir listen die Vorteile des Luftk\u00fchlers f\u00fcr Sie auf:<\/p>\n<ul>\n<li>Niedrige Kosten<\/li>\n<li>Umweltfreundliche<\/li>\n<li>Keine Installationskosten<\/li>\n<li>Einfach zu bewegen<\/li>\n<li>Wasserversorgung \u00fcber Gartenschlauch oder F\u00fcllung<\/li>\n<li>Gro\u00dfe Benutzerfreundlichkeit und nahezu wartungsfrei<\/li>\n<li>Besitzen Sie ein langlebiges Geh\u00e4use aus aus einem Guss-Polyethylen<\/li>\n<li>Ideal zur K\u00fchlung gro\u00dfer Raumstaubarbeitspl\u00e4tze<\/li>\n<\/ul>\n<h3>Rufen Sie oder e-Mail f\u00fcr den gew\u00fcnschten Luftk\u00fchler an<\/h3>\n<p>M\u00f6chten Sie mehr \u00fcber unsere energieeffizienten K\u00fchler erfahren? Rufen Sie uns direkt unter <a href=\"tel:0152002116\">015-2002116<\/a> an oder senden Sie uns eine E-Mail <a href=mailto:info@be-cool.nl> <\/a> info@be-cool.nl. Es ist auch m\u00f6glich, eine Nachricht \u00fcber unser Online-Kontaktformular zu hinterlassen. Gerne beraten wir Sie \u00fcber den gew\u00fcnschten energieeffizienten Luftk\u00fchler.  <\/p>\n","protected":false},"excerpt":{"rendered":"<p>W\u00e4hlen Sie einen energieeffizienten Luftk\u00fchler von Be-Cool M\u00f6chten Sie Ihren Raum mit einem energieeffizienten Luftk\u00fchler k\u00fchlen? Dann sind Sie bei Be-Cool in Ordnung. Wir verkaufen<a class=\"moretag\" href=\"https:\/\/www.be-cool.nl\/de\/energieeffizienter-luftkuehler\/\">&#8230;<\/a><\/p>\n","protected":false},"author":1,"featured_media":0,"parent":0,"menu_order":0,"comment_status":"closed","ping_status":"closed","template":"","meta":{"_glsr_average":0,"_glsr_ranking":0,"_glsr_reviews":0,"footnotes":""},"class_list":["post-891","page","type-page","status-publish","hentry"],"yoast_head":"<!-- This site is optimized with the Yoast SEO plugin v27.5 - https:\/\/yoast.com\/product\/yoast-seo-wordpress\/ -->\n<title>Energieeffizienter Luftk\u00fchler - Be-Cool<\/title>\n<meta name=\"robots\" content=\"index, follow, max-snippet:-1, max-image-preview:large, max-video-preview:-1\" \/>\n<link rel=\"canonical\" href=\"https:\/\/www.be-cool.nl\/de\/energieeffizienter-luftkuehler\/\" \/>\n<meta property=\"og:locale\" content=\"de_DE\" \/>\n<meta property=\"og:type\" content=\"article\" \/>\n<meta property=\"og:title\" content=\"Energieeffizienter Luftk\u00fchler - Be-Cool\" \/>\n<meta property=\"og:description\" content=\"W\u00e4hlen Sie einen energieeffizienten Luftk\u00fchler von Be-Cool M\u00f6chten Sie Ihren Raum mit einem energieeffizienten Luftk\u00fchler k\u00fchlen? Dann sind Sie bei Be-Cool in Ordnung. Wir verkaufen...\" \/>\n<meta property=\"og:url\" content=\"https:\/\/www.be-cool.nl\/de\/energieeffizienter-luftkuehler\/\" \/>\n<meta property=\"og:site_name\" content=\"Be-Cool\" \/>\n<meta property=\"article:modified_time\" content=\"2022-03-02T15:25:43+00:00\" \/>\n<meta name=\"twitter:card\" content=\"summary_large_image\" \/>\n<meta name=\"twitter:label1\" content=\"Gesch\u00e4tzte Lesezeit\" \/>\n\t<meta name=\"twitter:data1\" content=\"2\u00a0Minuten\" \/>\n<script type=\"application\/ld+json\" class=\"yoast-schema-graph\">{\"@context\":\"https:\\\/\\\/schema.org\",\"@graph\":[{\"@type\":\"WebPage\",\"@id\":\"https:\\\/\\\/www.be-cool.nl\\\/de\\\/energieeffizienter-luftkuehler\\\/\",\"url\":\"https:\\\/\\\/www.be-cool.nl\\\/de\\\/energieeffizienter-luftkuehler\\\/\",\"name\":\"Energieeffizienter Luftk\u00fchler - Be-Cool\",\"isPartOf\":{\"@id\":\"https:\\\/\\\/www.be-cool.nl\\\/de\\\/#website\"},\"datePublished\":\"2022-02-21T10:32:05+00:00\",\"dateModified\":\"2022-03-02T15:25:43+00:00\",\"breadcrumb\":{\"@id\":\"https:\\\/\\\/www.be-cool.nl\\\/de\\\/energieeffizienter-luftkuehler\\\/#breadcrumb\"},\"inLanguage\":\"de\",\"potentialAction\":[{\"@type\":\"ReadAction\",\"target\":[\"https:\\\/\\\/www.be-cool.nl\\\/de\\\/energieeffizienter-luftkuehler\\\/\"]}]},{\"@type\":\"BreadcrumbList\",\"@id\":\"https:\\\/\\\/www.be-cool.nl\\\/de\\\/energieeffizienter-luftkuehler\\\/#breadcrumb\",\"itemListElement\":[{\"@type\":\"ListItem\",\"position\":1,\"name\":\"Home\",\"item\":\"https:\\\/\\\/www.be-cool.nl\\\/de\\\/\"},{\"@type\":\"ListItem\",\"position\":2,\"name\":\"Energieeffizienter Luftk\u00fchler\"}]},{\"@type\":\"WebSite\",\"@id\":\"https:\\\/\\\/www.be-cool.nl\\\/de\\\/#website\",\"url\":\"https:\\\/\\\/www.be-cool.nl\\\/de\\\/\",\"name\":\"Be-Cool\",\"description\":\"\",\"publisher\":{\"@id\":\"https:\\\/\\\/www.be-cool.nl\\\/de\\\/#organization\"},\"potentialAction\":[{\"@type\":\"SearchAction\",\"target\":{\"@type\":\"EntryPoint\",\"urlTemplate\":\"https:\\\/\\\/www.be-cool.nl\\\/de\\\/?s={search_term_string}\"},\"query-input\":{\"@type\":\"PropertyValueSpecification\",\"valueRequired\":true,\"valueName\":\"search_term_string\"}}],\"inLanguage\":\"de\"},{\"@type\":\"Organization\",\"@id\":\"https:\\\/\\\/www.be-cool.nl\\\/de\\\/#organization\",\"name\":\"Be-Cool\",\"url\":\"https:\\\/\\\/www.be-cool.nl\\\/de\\\/\",\"logo\":{\"@type\":\"ImageObject\",\"inLanguage\":\"de\",\"@id\":\"https:\\\/\\\/www.be-cool.nl\\\/de\\\/#\\\/schema\\\/logo\\\/image\\\/\",\"url\":\"https:\\\/\\\/www.be-cool.nl\\\/wp-content\\\/uploads\\\/Be-cool_Logo.png\",\"contentUrl\":\"https:\\\/\\\/www.be-cool.nl\\\/wp-content\\\/uploads\\\/Be-cool_Logo.png\",\"width\":426,\"height\":142,\"caption\":\"Be-Cool\"},\"image\":{\"@id\":\"https:\\\/\\\/www.be-cool.nl\\\/de\\\/#\\\/schema\\\/logo\\\/image\\\/\"}}]}<\/script>\n<!-- \/ Yoast SEO plugin. -->","yoast_head_json":{"title":"Energieeffizienter Luftk\u00fchler - Be-Cool","robots":{"index":"index","follow":"follow","max-snippet":"max-snippet:-1","max-image-preview":"max-image-preview:large","max-video-preview":"max-video-preview:-1"},"canonical":"https:\/\/www.be-cool.nl\/de\/energieeffizienter-luftkuehler\/","og_locale":"de_DE","og_type":"article","og_title":"Energieeffizienter Luftk\u00fchler - Be-Cool","og_description":"W\u00e4hlen Sie einen energieeffizienten Luftk\u00fchler von Be-Cool M\u00f6chten Sie Ihren Raum mit einem energieeffizienten Luftk\u00fchler k\u00fchlen? Dann sind Sie bei Be-Cool in Ordnung. Wir verkaufen...","og_url":"https:\/\/www.be-cool.nl\/de\/energieeffizienter-luftkuehler\/","og_site_name":"Be-Cool","article_modified_time":"2022-03-02T15:25:43+00:00","twitter_card":"summary_large_image","twitter_misc":{"Gesch\u00e4tzte Lesezeit":"2\u00a0Minuten"},"schema":{"@context":"https:\/\/schema.org","@graph":[{"@type":"WebPage","@id":"https:\/\/www.be-cool.nl\/de\/energieeffizienter-luftkuehler\/","url":"https:\/\/www.be-cool.nl\/de\/energieeffizienter-luftkuehler\/","name":"Energieeffizienter Luftk\u00fchler - Be-Cool","isPartOf":{"@id":"https:\/\/www.be-cool.nl\/de\/#website"},"datePublished":"2022-02-21T10:32:05+00:00","dateModified":"2022-03-02T15:25:43+00:00","breadcrumb":{"@id":"https:\/\/www.be-cool.nl\/de\/energieeffizienter-luftkuehler\/#breadcrumb"},"inLanguage":"de","potentialAction":[{"@type":"ReadAction","target":["https:\/\/www.be-cool.nl\/de\/energieeffizienter-luftkuehler\/"]}]},{"@type":"BreadcrumbList","@id":"https:\/\/www.be-cool.nl\/de\/energieeffizienter-luftkuehler\/#breadcrumb","itemListElement":[{"@type":"ListItem","position":1,"name":"Home","item":"https:\/\/www.be-cool.nl\/de\/"},{"@type":"ListItem","position":2,"name":"Energieeffizienter Luftk\u00fchler"}]},{"@type":"WebSite","@id":"https:\/\/www.be-cool.nl\/de\/#website","url":"https:\/\/www.be-cool.nl\/de\/","name":"Be-Cool","description":"","publisher":{"@id":"https:\/\/www.be-cool.nl\/de\/#organization"},"potentialAction":[{"@type":"SearchAction","target":{"@type":"EntryPoint","urlTemplate":"https:\/\/www.be-cool.nl\/de\/?s={search_term_string}"},"query-input":{"@type":"PropertyValueSpecification","valueRequired":true,"valueName":"search_term_string"}}],"inLanguage":"de"},{"@type":"Organization","@id":"https:\/\/www.be-cool.nl\/de\/#organization","name":"Be-Cool","url":"https:\/\/www.be-cool.nl\/de\/","logo":{"@type":"ImageObject","inLanguage":"de","@id":"https:\/\/www.be-cool.nl\/de\/#\/schema\/logo\/image\/","url":"https:\/\/www.be-cool.nl\/wp-content\/uploads\/Be-cool_Logo.png","contentUrl":"https:\/\/www.be-cool.nl\/wp-content\/uploads\/Be-cool_Logo.png","width":426,"height":142,"caption":"Be-Cool"},"image":{"@id":"https:\/\/www.be-cool.nl\/de\/#\/schema\/logo\/image\/"}}]}},"_links":{"self":[{"href":"https:\/\/www.be-cool.nl\/de\/wp-json\/wp\/v2\/pages\/891","targetHints":{"allow":["GET"]}}],"collection":[{"href":"https:\/\/www.be-cool.nl\/de\/wp-json\/wp\/v2\/pages"}],"about":[{"href":"https:\/\/www.be-cool.nl\/de\/wp-json\/wp\/v2\/types\/page"}],"author":[{"embeddable":true,"href":"https:\/\/www.be-cool.nl\/de\/wp-json\/wp\/v2\/users\/1"}],"replies":[{"embeddable":true,"href":"https:\/\/www.be-cool.nl\/de\/wp-json\/wp\/v2\/comments?post=891"}],"version-history":[{"count":1,"href":"https:\/\/www.be-cool.nl\/de\/wp-json\/wp\/v2\/pages\/891\/revisions"}],"predecessor-version":[{"id":892,"href":"https:\/\/www.be-cool.nl\/de\/wp-json\/wp\/v2\/pages\/891\/revisions\/892"}],"wp:attachment":[{"href":"https:\/\/www.be-cool.nl\/de\/wp-json\/wp\/v2\/media?parent=891"}],"curies":[{"name":"wp","href":"https:\/\/api.w.org\/{rel}","templated":true}]}}