{"id":911,"date":"2022-02-21T11:33:52","date_gmt":"2022-02-21T10:33:52","guid":{"rendered":"https:\/\/www.be-cool.nl\/?page_id=911"},"modified":"2022-03-03T10:10:39","modified_gmt":"2022-03-03T09:10:39","slug":"f-a-q-support","status":"publish","type":"page","link":"https:\/\/www.be-cool.nl\/de\/f-a-q-support\/","title":{"rendered":"F.A.Q. &#038; Support"},"content":{"rendered":"<div class=\"wpb-content-wrapper\"><p>[vc_row][vc_column][vc_column_text]<\/p>\n<h2>F.A.Q. Energieeffiziente K\u00fchlung<\/h2>\n<p>Nachfolgend finden Sie die am h\u00e4ufigsten gestellten Fragen zur mobilen K\u00fchlung und energieeffizienten K\u00fchlung. Ist Ihre Frage nicht dazwischen? Bitte z\u00f6gern Sie nicht, uns zu kontaktieren, wir helfen Ihnen gerne weiter![\/vc_column_text][\/vc_column][\/vc_row][vc_row][vc_column][vc_tta_accordion active_section=&#8220;-1&#8243;][vc_tta_section title=&#8220;In welchen Branchen wird der Port A Cool adiabatic mobile K\u00fchler verwendet?&#8220; tab_id=&#8220;1517473763273-3d99771c-616a&#8220;][vc_column_text]Port A Cool mobile K\u00fchler werden in verschiedenen Branchen und Standorten eingesetzt. Einige Beispiele sind Industrie, Automobil, Haus, Landwirtschaft, Gartenbau, Armee, Luftfahrt, Sport, Festivals, Partys, Catering, Werkstatt und Schuppen.[\/vc_column_text][\/vc_tta_section][vc_tta_section title=&#8220;Unter welchen Bedingungen funktionieren mobile Luftk\u00fchler am besten?&#8220; tab_id=&#8220;1517473763294-0bc6f451-e73e&#8220;][vc_column_text]Die mobilen Luftk\u00fchler Port A Cool schneiden in bel\u00fcfteten Bereichen am besten ab. Durch die gute Bel\u00fcftung kann die warme Luft den Raum leicht verlassen und die k\u00fchle Luft f\u00fcllt den Raum. Dieser Vorteil ist ideal f\u00fcr Werkst\u00e4tten, in denen die T\u00fcren st\u00e4ndig offen sind oder gro\u00dfe R\u00e4ume, die vorher nicht gek\u00fchlt werden konnten.[\/vc_column_text][\/vc_tta_section][vc_tta_section title=&#8220;Welche Teile befinden sich in einem mobilen Luftk\u00fchler?&#8220; tab_id=&#8220;1517473845189-d1693f75-eb17&#8243;][vc_column_text]Die folgenden Teile befinden sich in einem mobilen Luftk\u00fchler; patentierte Pads, Ventilator, Wasserpumpe, Wassertank, Bedienfeld, Anschl\u00fcsse: Strom und Leitungswasser.[\/vc_column_text][\/vc_tta_section][\/vc_tta_accordion][\/vc_column][\/vc_row][vc_row][vc_column][vc_separator][\/vc_column][\/vc_row][vc_row][vc_column][vc_column_text]<\/p>\n<h4>Muss ich das Ger\u00e4t selbst montieren?<\/h4>\n<p>Nein, K\u00fchlaggregate k\u00f6nnen sofort verwendet werden.<\/p>\n<h4>Wie bereite ich meinen mobilen Luftk\u00fchler f\u00fcr die Lagerung vor?<\/h4>\n<p>Entleeren Sie das Ger\u00e4t, trocknen Sie die K\u00fchlpads und legen Sie das Ger\u00e4t, vorzugsweise bedeckt, an einem k\u00fchlen und trockenen Ort. F\u00fcr weitere Informationen rufen Sie be-cool an.<\/p>\n<h4>Ich habe meinen K\u00fchler zum ersten Mal eingesteckt und er breitet eine unangenehme Luft aus! Was l\u00e4uft schief?<\/h4>\n<p>Eine neue Einheit hat eine &#8222;Arbeitszeit&#8220;, w\u00e4hrend der sie einen etwas seltsamen Geruch verbreiten kann. Die K\u00fchlpads auf der R\u00fcckseite des Ger\u00e4ts waren noch nie nass. Wenn die K\u00fchlpads zuerst nass sind, verteilt es eine bestimmte Luft. Dies wird etwa drei Wochen dauern. Halten Sie das Ger\u00e4t in einem offenen Raum, bis die Luft weg ist, oder legen Sie eine Seife mit Weichsp\u00fcler in die Aufnahme an der Unterseite des Ger\u00e4ts. Nachdem das Ger\u00e4t seit etwa zwei Wochen im Einsatz ist, wird die Luft verschwinden. Wenn das Ger\u00e4t nicht neu ist, k\u00f6nnen Algen und Bakterien durch schlechte Wartung verursacht werden und bestimmte Luftbedingungen verursachen. \u00dcberpr\u00fcfen Sie das Benutzerhandbuch f\u00fcr Reinigung und Wartung.<\/p>\n<h4>Mein K\u00fchler liefert keine k\u00fchle Luft.<\/h4>\n<p>\u00dcberpr\u00fcfen Sie zun\u00e4chst auf der R\u00fcckseite des Ger\u00e4ts, ob die K\u00fchlpads feucht sind. Stellen Sie die Wasserzirkulation ein. Um zu verdampfen, m\u00fcssen die K\u00fchlpads feucht sein, bevor der L\u00fcfter eingeschaltet wird. Zweitens m\u00fcssen Sie sicherstellen, dass sich Wasser in der Aufnahme befindet. Lassen Sie es vollst\u00e4ndig f\u00fcllen, bevor Sie die Pumpe einschalten. Drittens m\u00fcssen Sie sicherstellen, dass Wasser- und Stromleitungen angeschlossen und in Betrieb sind. Wenn keine dieser L\u00f6sungen das Problem l\u00f6st, k\u00f6nnen Sie Be-cool anrufen oder <a href=\"mailto:info@be-cool.nl\">e-Mail-info@be-cool.nl<\/a><\/p>\n<h4>Was sind die besten Umweltfaktoren f\u00fcr den mobilen adiabatischen Verdampfungsluftk\u00fchler, um so viel k\u00fchle Luft wie m\u00f6glich zu verbreiten?<\/h4>\n<p>Um optimal arbeiten zu k\u00f6nnen, muss die Temperatur 24 oC oder h\u00f6her sein. Die relative Luftfeuchtigkeit sollte unter 75 Prozent liegen. Die Ger\u00e4te senken die Temperatur in fast jedem Raum, so dass es einfacher zu arbeiten.<\/p>\n<h4>Was ist der Unterschied zwischen Verdunstungsk\u00fchl- und Vernebelungsanlagen?<\/h4>\n<p>Verneblerpflanzen spr\u00fchen Wassernebel in die Luft, die auf Menschen und dem Boden landet, so dass es nass wird. Die K\u00fchleinheit nutzt den Verdampfungsprozess, um k\u00fchlere Luft zu erzeugen.<\/p>\n<h4>Wie soll ich den L\u00fcftermotor \u00f6len?<\/h4>\n<p>Im Emerson Motor Installation and Maintenance Information-Handbuch ist der Zustand. Geleelagermotoren sollten regelm\u00e4\u00dfig ge\u00f6lt werden. Einheiten, die st\u00e4ndig verwendet werden, sollten einmal im Jahr ge\u00f6lt werden, die regelm\u00e4\u00dfig alle zwei Jahre und gelegentlich alle f\u00fcnf Jahre verwendet werden. Verwenden Sie 30 bis 35 Tropfen SAE-Nr. 20 Nicht-Waschmittel\u00f6l oder Elektromotor\u00f6l.<\/p>\n<h4>Was kann ich tun, wenn die Maschine einen unangenehmen Geruch verbreitet?<\/h4>\n<p>Eine neue Einheit ben\u00f6tigt eine kurze Arbeitszeit und kann einen Geruch verbreiten. Normalerweise sollte nach ca. 2 Wochen der Geruch verschwinden. Wenn das Ger\u00e4t nicht neu ist, kann das Bakterienwachstum durch unzureichende Wartung einen Geruch verbreiten. Das Handbuch beschreibt detailliert, wie die Maschine am besten gereinigt und gewartet werden kann.<\/p>\n<h4>Wo kann ich Ersatzteile kaufen?<\/h4>\n<p>Ersatzteile f\u00fcr das Ger\u00e4t k\u00f6nnen bei uns <a href=\"https:\/\/www.be-cool.nl\/de\/\">www.be-cool.nl<\/a><\/p>\n<h4>Wie oft m\u00fcssen die K\u00fchlpads ausgetauscht werden?<\/h4>\n<p>Je nach Wartung und Einsatzniveau halten die K\u00fchlpads in der Regel bis zu f\u00fcnf Jahre. Wenn Sie jedoch Fragen zur Lebensdauer der K\u00fchlpads f\u00fcr Ihr Ger\u00e4t haben oder wissen m\u00f6chten, wie Sie die K\u00fchlpads austauschen k\u00f6nnen, k\u00f6nnen Sie sich jederzeit telefonisch an Be-cool wenden.<\/p>\n<h4>Wie viel Feuchtigkeit produziert ein Ger\u00e4t?<\/h4>\n<p>Die Luftfeuchtigkeit wird je nach Temperatur und Luftfeuchtigkeit der Umgebung um 2% bis 5% steigen. Dieser Anstieg der Luftfeuchtigkeit ist in einem gut bel\u00fcfteten Bereich, in dem die Luft aus dem Ger\u00e4t abtransportiert wird, nicht sp\u00fcrbar.<\/p>\n<h4>Wie lange h\u00e4lt ein vollst\u00e4ndiger Beh\u00e4lter?<\/h4>\n<p>Wenn es nicht an eine kontinuierliche Wasserversorgung angeschlossen ist, verdunstet eine Betriebseinheit das gesamte Wasser in einem vollen Beh\u00e4lter innerhalb von zwei Stunden. Das Verdampfungsverh\u00e4ltnis h\u00e4ngt von der Temperatur und Luftfeuchtigkeit ab. Der Hersteller empfiehlt, die Buchse mit einer kontinuierlichen Wasserversorgung zu versorgen. Die meisten Ger\u00e4te verf\u00fcgen \u00fcber ein internes Schwimmerventil, um die Wasserversorgung der Aufnahme zu regulieren.<\/p>\n<h4>Wenn ich mich besser abk\u00fchlen m\u00f6chte, kann ich Eis im Beh\u00e4lter verwenden?<\/h4>\n<p>Der L\u00fcfter kann D\u00e4mpfe aus dem Wassereis verteilen, aber dies erh\u00f6ht die Verdunstung nicht und f\u00fchrt daher nicht zu einer deutlich besseren K\u00fchlung.<\/p>\n<h4>Wo finde ich die Modell- und Seriennummern auf dem Ger\u00e4t?<\/h4>\n<p>Auf der Au\u00dfenseite des Geh\u00e4uses jeder Einheit ist eine Metallplatte mit einem wei\u00dfen Etikett mit Barcodes und anderen Spezifikationen. Die Modellnummer der Einheit beginnt mit &#8222;PAC&#8220;-Seriennummern, die ausschlie\u00dflich aus Zahlen bestehen.<\/p>\n<h4>Was ist, wenn meine Fragen hier nicht beantwortet werden?<\/h4>\n<p>Bitte senden Sie eine E-Mail an <a href=\"mailto:info@be-cool.nl\">info@be-cool.nl<\/a>[\/vc_column_text][\/vc_column][\/vc_row]<\/p>\n<\/div>","protected":false},"excerpt":{"rendered":"<p>[vc_row][vc_column][vc_column_text] F.A.Q. Energieeffiziente K\u00fchlung Nachfolgend finden Sie die am h\u00e4ufigsten gestellten Fragen zur mobilen K\u00fchlung und energieeffizienten K\u00fchlung. Ist Ihre Frage nicht dazwischen? Bitte z\u00f6gern<a class=\"moretag\" href=\"https:\/\/www.be-cool.nl\/de\/f-a-q-support\/\">&#8230;<\/a><\/p>\n","protected":false},"author":1,"featured_media":0,"parent":0,"menu_order":0,"comment_status":"closed","ping_status":"closed","template":"","meta":{"_glsr_average":0,"_glsr_ranking":0,"_glsr_reviews":0,"footnotes":""},"class_list":["post-911","page","type-page","status-publish","hentry"],"yoast_head":"<!-- This site is optimized with the Yoast SEO plugin v27.5 - https:\/\/yoast.com\/product\/yoast-seo-wordpress\/ -->\n<title>F.A.Q. &amp; Support - Be-Cool<\/title>\n<meta name=\"robots\" content=\"index, follow, max-snippet:-1, max-image-preview:large, max-video-preview:-1\" \/>\n<link rel=\"canonical\" href=\"https:\/\/www.be-cool.nl\/de\/f-a-q-support\/\" \/>\n<meta property=\"og:locale\" content=\"de_DE\" \/>\n<meta property=\"og:type\" content=\"article\" \/>\n<meta property=\"og:title\" content=\"F.A.Q. &amp; Support - Be-Cool\" \/>\n<meta property=\"og:description\" content=\"[vc_row][vc_column][vc_column_text] F.A.Q. Energieeffiziente K\u00fchlung Nachfolgend finden Sie die am h\u00e4ufigsten gestellten Fragen zur mobilen K\u00fchlung und energieeffizienten K\u00fchlung. Ist Ihre Frage nicht dazwischen? Bitte z\u00f6gern...\" \/>\n<meta property=\"og:url\" content=\"https:\/\/www.be-cool.nl\/de\/f-a-q-support\/\" \/>\n<meta property=\"og:site_name\" content=\"Be-Cool\" \/>\n<meta property=\"article:modified_time\" content=\"2022-03-03T09:10:39+00:00\" \/>\n<meta name=\"twitter:card\" content=\"summary_large_image\" \/>\n<meta name=\"twitter:label1\" content=\"Gesch\u00e4tzte Lesezeit\" \/>\n\t<meta name=\"twitter:data1\" content=\"6\u00a0Minuten\" \/>\n<script type=\"application\/ld+json\" class=\"yoast-schema-graph\">{\"@context\":\"https:\\\/\\\/schema.org\",\"@graph\":[{\"@type\":\"WebPage\",\"@id\":\"https:\\\/\\\/www.be-cool.nl\\\/de\\\/f-a-q-support\\\/\",\"url\":\"https:\\\/\\\/www.be-cool.nl\\\/de\\\/f-a-q-support\\\/\",\"name\":\"F.A.Q. & Support - Be-Cool\",\"isPartOf\":{\"@id\":\"https:\\\/\\\/www.be-cool.nl\\\/de\\\/#website\"},\"datePublished\":\"2022-02-21T10:33:52+00:00\",\"dateModified\":\"2022-03-03T09:10:39+00:00\",\"breadcrumb\":{\"@id\":\"https:\\\/\\\/www.be-cool.nl\\\/de\\\/f-a-q-support\\\/#breadcrumb\"},\"inLanguage\":\"de\",\"potentialAction\":[{\"@type\":\"ReadAction\",\"target\":[\"https:\\\/\\\/www.be-cool.nl\\\/de\\\/f-a-q-support\\\/\"]}]},{\"@type\":\"BreadcrumbList\",\"@id\":\"https:\\\/\\\/www.be-cool.nl\\\/de\\\/f-a-q-support\\\/#breadcrumb\",\"itemListElement\":[{\"@type\":\"ListItem\",\"position\":1,\"name\":\"Home\",\"item\":\"https:\\\/\\\/www.be-cool.nl\\\/de\\\/\"},{\"@type\":\"ListItem\",\"position\":2,\"name\":\"F.A.Q. &#038; Support\"}]},{\"@type\":\"WebSite\",\"@id\":\"https:\\\/\\\/www.be-cool.nl\\\/de\\\/#website\",\"url\":\"https:\\\/\\\/www.be-cool.nl\\\/de\\\/\",\"name\":\"Be-Cool\",\"description\":\"\",\"publisher\":{\"@id\":\"https:\\\/\\\/www.be-cool.nl\\\/de\\\/#organization\"},\"potentialAction\":[{\"@type\":\"SearchAction\",\"target\":{\"@type\":\"EntryPoint\",\"urlTemplate\":\"https:\\\/\\\/www.be-cool.nl\\\/de\\\/?s={search_term_string}\"},\"query-input\":{\"@type\":\"PropertyValueSpecification\",\"valueRequired\":true,\"valueName\":\"search_term_string\"}}],\"inLanguage\":\"de\"},{\"@type\":\"Organization\",\"@id\":\"https:\\\/\\\/www.be-cool.nl\\\/de\\\/#organization\",\"name\":\"Be-Cool\",\"url\":\"https:\\\/\\\/www.be-cool.nl\\\/de\\\/\",\"logo\":{\"@type\":\"ImageObject\",\"inLanguage\":\"de\",\"@id\":\"https:\\\/\\\/www.be-cool.nl\\\/de\\\/#\\\/schema\\\/logo\\\/image\\\/\",\"url\":\"https:\\\/\\\/www.be-cool.nl\\\/wp-content\\\/uploads\\\/Be-cool_Logo.png\",\"contentUrl\":\"https:\\\/\\\/www.be-cool.nl\\\/wp-content\\\/uploads\\\/Be-cool_Logo.png\",\"width\":426,\"height\":142,\"caption\":\"Be-Cool\"},\"image\":{\"@id\":\"https:\\\/\\\/www.be-cool.nl\\\/de\\\/#\\\/schema\\\/logo\\\/image\\\/\"}}]}<\/script>\n<!-- \/ Yoast SEO plugin. -->","yoast_head_json":{"title":"F.A.Q. & Support - Be-Cool","robots":{"index":"index","follow":"follow","max-snippet":"max-snippet:-1","max-image-preview":"max-image-preview:large","max-video-preview":"max-video-preview:-1"},"canonical":"https:\/\/www.be-cool.nl\/de\/f-a-q-support\/","og_locale":"de_DE","og_type":"article","og_title":"F.A.Q. & Support - Be-Cool","og_description":"[vc_row][vc_column][vc_column_text] F.A.Q. Energieeffiziente K\u00fchlung Nachfolgend finden Sie die am h\u00e4ufigsten gestellten Fragen zur mobilen K\u00fchlung und energieeffizienten K\u00fchlung. Ist Ihre Frage nicht dazwischen? Bitte z\u00f6gern...","og_url":"https:\/\/www.be-cool.nl\/de\/f-a-q-support\/","og_site_name":"Be-Cool","article_modified_time":"2022-03-03T09:10:39+00:00","twitter_card":"summary_large_image","twitter_misc":{"Gesch\u00e4tzte Lesezeit":"6\u00a0Minuten"},"schema":{"@context":"https:\/\/schema.org","@graph":[{"@type":"WebPage","@id":"https:\/\/www.be-cool.nl\/de\/f-a-q-support\/","url":"https:\/\/www.be-cool.nl\/de\/f-a-q-support\/","name":"F.A.Q. & Support - Be-Cool","isPartOf":{"@id":"https:\/\/www.be-cool.nl\/de\/#website"},"datePublished":"2022-02-21T10:33:52+00:00","dateModified":"2022-03-03T09:10:39+00:00","breadcrumb":{"@id":"https:\/\/www.be-cool.nl\/de\/f-a-q-support\/#breadcrumb"},"inLanguage":"de","potentialAction":[{"@type":"ReadAction","target":["https:\/\/www.be-cool.nl\/de\/f-a-q-support\/"]}]},{"@type":"BreadcrumbList","@id":"https:\/\/www.be-cool.nl\/de\/f-a-q-support\/#breadcrumb","itemListElement":[{"@type":"ListItem","position":1,"name":"Home","item":"https:\/\/www.be-cool.nl\/de\/"},{"@type":"ListItem","position":2,"name":"F.A.Q. &#038; Support"}]},{"@type":"WebSite","@id":"https:\/\/www.be-cool.nl\/de\/#website","url":"https:\/\/www.be-cool.nl\/de\/","name":"Be-Cool","description":"","publisher":{"@id":"https:\/\/www.be-cool.nl\/de\/#organization"},"potentialAction":[{"@type":"SearchAction","target":{"@type":"EntryPoint","urlTemplate":"https:\/\/www.be-cool.nl\/de\/?s={search_term_string}"},"query-input":{"@type":"PropertyValueSpecification","valueRequired":true,"valueName":"search_term_string"}}],"inLanguage":"de"},{"@type":"Organization","@id":"https:\/\/www.be-cool.nl\/de\/#organization","name":"Be-Cool","url":"https:\/\/www.be-cool.nl\/de\/","logo":{"@type":"ImageObject","inLanguage":"de","@id":"https:\/\/www.be-cool.nl\/de\/#\/schema\/logo\/image\/","url":"https:\/\/www.be-cool.nl\/wp-content\/uploads\/Be-cool_Logo.png","contentUrl":"https:\/\/www.be-cool.nl\/wp-content\/uploads\/Be-cool_Logo.png","width":426,"height":142,"caption":"Be-Cool"},"image":{"@id":"https:\/\/www.be-cool.nl\/de\/#\/schema\/logo\/image\/"}}]}},"_links":{"self":[{"href":"https:\/\/www.be-cool.nl\/de\/wp-json\/wp\/v2\/pages\/911","targetHints":{"allow":["GET"]}}],"collection":[{"href":"https:\/\/www.be-cool.nl\/de\/wp-json\/wp\/v2\/pages"}],"about":[{"href":"https:\/\/www.be-cool.nl\/de\/wp-json\/wp\/v2\/types\/page"}],"author":[{"embeddable":true,"href":"https:\/\/www.be-cool.nl\/de\/wp-json\/wp\/v2\/users\/1"}],"replies":[{"embeddable":true,"href":"https:\/\/www.be-cool.nl\/de\/wp-json\/wp\/v2\/comments?post=911"}],"version-history":[{"count":1,"href":"https:\/\/www.be-cool.nl\/de\/wp-json\/wp\/v2\/pages\/911\/revisions"}],"predecessor-version":[{"id":912,"href":"https:\/\/www.be-cool.nl\/de\/wp-json\/wp\/v2\/pages\/911\/revisions\/912"}],"wp:attachment":[{"href":"https:\/\/www.be-cool.nl\/de\/wp-json\/wp\/v2\/media?parent=911"}],"curies":[{"name":"wp","href":"https:\/\/api.w.org\/{rel}","templated":true}]}}