{"id":921,"date":"2022-02-21T11:35:08","date_gmt":"2022-02-21T10:35:08","guid":{"rendered":"https:\/\/www.be-cool.nl\/?page_id=921"},"modified":"2022-03-03T10:16:08","modified_gmt":"2022-03-03T09:16:08","slug":"kuehlung-grosser-raeume","status":"publish","type":"page","link":"https:\/\/www.be-cool.nl\/de\/kuehlung-grosser-raeume\/","title":{"rendered":"K\u00fchlung gro\u00dfer R\u00e4ume"},"content":{"rendered":"<h2>K\u00fchlen Sie Ihre gro\u00dfen R\u00e4ume<\/h2>\n<p>M\u00f6chten Sie einen gro\u00dfen Raum effektiv, energieeffizient und erschwinglich k\u00fchlen? Zum Beispiel Ihre Gesch\u00e4ftsr\u00e4ume? Dann machen Sie das mit den mobilen Luftk\u00fchlern von Be-Cool! Wir spezialisieren uns auf K\u00fchltechniken und verkaufen portacoole Luftk\u00fchler. Dies sind K\u00fchler, die f\u00fcr ihre ausgezeichnete Qualit\u00e4t bekannt sind. Sie k\u00f6nnen auch einen ausgezeichneten Service bei uns genie\u00dfen. Neugierig auf unsere K\u00fchler f\u00fcr gro\u00dfe R\u00e4ume? Lesen Sie weiter oder kontaktieren Sie uns direkt.  <\/p>\n<h3>Die Vorteile unserer mobilen K\u00fchler<\/h3>\n<p>Wenn Sie einen gro\u00dfen Raum k\u00fchlen m\u00f6chten, ist ein leistungsstarker Luftk\u00fchler unerl\u00e4sslich. Wir verkaufen K\u00fchler, die diese Anforderung erf\u00fcllen. Die mobilen Luftk\u00fchler verf\u00fcgen \u00fcber ein einzigartiges Verdunstungsk\u00fchlsystem. Das System gibt Ihnen die M\u00f6glichkeit, gro\u00dfe Freifl\u00e4chen effizient, wirtschaftlich und \u00f6kologisch zu k\u00fchlen. Die K\u00fchlung Ihres Platzes mit unseren K\u00fchlern ist viel billiger als zuvor.<\/p>\n<h3>Wie unsere Luftk\u00fchler Ihren Raum k\u00fchlen<\/h3>\n<p>Wie genau funktioniert Der mobile K\u00fchler von Portacool? Der K\u00fchler sorgt daf\u00fcr, dass die W\u00e4rme durch Wasserverdunstung aus der Luft abgesaugt wird. M\u00f6glich wird dies durch die patentierten Pads (auch K\u00fc\u00fcl-Pads genannt), die sich in den Einheiten befinden. Die Wasserpumpe pumpt Wasser aus dem Wassertank und l\u00e4sst das Wasser durch die Kan\u00e4le der Pads flie\u00dfen. Dadurch wird sichergestellt, dass die Pads gleichm\u00e4\u00dfig nass gehalten werden. Dann wird die warme Luft vom Ventilator angesaugt und das Wasser verdunstet in die Pads. Die Luft wird abgek\u00fchlt und schlie\u00dflich wird diese kalte Luft kr\u00e4ftig ausgeblasen. Die K\u00fc\u00fcl-Pads sorgen daf\u00fcr, dass die warme Luft um weitere 20% abgek\u00fchlt wird. Aber die Pads k\u00fchlen nicht nur die Luft, sie filtern auch Schadstoffe aus der Luft. Sie profitieren auch von saubererer Luft.<\/p>\n<h3>K\u00fchlung Ihrer Zimmer mit unseren K\u00fchlern<\/h3>\n<p>M\u00f6chten Sie auch Ihre gro\u00dfen R\u00e4ume mit einem unserer Luftk\u00fchler k\u00fchlen? Bei uns finden Sie mehrere Serien mit leistungsstarken Luftk\u00fchlern der Marke Portacool. W\u00e4hlen Sie beispielsweise die Cyclone-Serie, die Jetstream-Serie, die Pack 36\/48-Serie oder die Hurricane-Serie aus. Die K\u00fchlleistung dieser Luftk\u00fchler reicht von 28 m2 bis 580 m2. So finden Sie immer einen Luftk\u00fchler, der Ihren Bed\u00fcrfnissen entspricht und Ihren gro\u00dfen Raum komplett k\u00fchlen kann.  <\/p>\n<h3>F\u00fcr weitere Informationen wenden Sie sich bitte an<\/h3>\n<p>Neugierig auf unsere Luftk\u00fchler f\u00fcr gro\u00dfe R\u00e4ume? Bitte kontaktieren Sie uns unter <a href=\"tel:0152002116\">015-2002116<\/a> oder per E-Mail <a href=mailto:info@be-cool.nl> <\/a> info@be-cool.nl. Es ist auch m\u00f6glich, eine Nachricht \u00fcber unser Online-Kontaktformular zu hinterlassen. Wir stehen Ihnen gerne zur Verf\u00fcgung, wenn Sie Ihren gro\u00dfen Raum effizient k\u00fchlen m\u00f6chten.  <\/p>\n","protected":false},"excerpt":{"rendered":"<p>K\u00fchlen Sie Ihre gro\u00dfen R\u00e4ume M\u00f6chten Sie einen gro\u00dfen Raum effektiv, energieeffizient und erschwinglich k\u00fchlen? Zum Beispiel Ihre Gesch\u00e4ftsr\u00e4ume? Dann machen Sie das mit den<a class=\"moretag\" href=\"https:\/\/www.be-cool.nl\/de\/kuehlung-grosser-raeume\/\">&#8230;<\/a><\/p>\n","protected":false},"author":1,"featured_media":0,"parent":0,"menu_order":0,"comment_status":"closed","ping_status":"closed","template":"","meta":{"_glsr_average":0,"_glsr_ranking":0,"_glsr_reviews":0,"footnotes":""},"class_list":["post-921","page","type-page","status-publish","hentry"],"yoast_head":"<!-- This site is optimized with the Yoast SEO plugin v27.4 - https:\/\/yoast.com\/product\/yoast-seo-wordpress\/ -->\n<title>K\u00fchlung gro\u00dfer R\u00e4ume - Be-Cool<\/title>\n<meta name=\"description\" content=\"M\u00f6chten Sie Ihren gro\u00dfen Raum effizient k\u00fchlen? Dann sind Sie bei Be-Cool in Ordnung. Wir verkaufen mobile Luftk\u00fchler von bester Qualit\u00e4t. So erhalten Sie Ihren gro\u00dfen Raum \u00f6kologisch und wirtschaftlich gek\u00fchlt. Neugierig auf unser Sortiment? Rufen Sie \u260e 015-2002116 an.\" \/>\n<meta name=\"robots\" content=\"index, follow, max-snippet:-1, max-image-preview:large, max-video-preview:-1\" \/>\n<link rel=\"canonical\" href=\"https:\/\/www.be-cool.nl\/de\/kuehlung-grosser-raeume\/\" \/>\n<meta property=\"og:locale\" content=\"de_DE\" \/>\n<meta property=\"og:type\" content=\"article\" \/>\n<meta property=\"og:title\" content=\"K\u00fchlung gro\u00dfer R\u00e4ume - Be-Cool\" \/>\n<meta property=\"og:description\" content=\"M\u00f6chten Sie Ihren gro\u00dfen Raum effizient k\u00fchlen? Dann sind Sie bei Be-Cool in Ordnung. Wir verkaufen mobile Luftk\u00fchler von bester Qualit\u00e4t. So erhalten Sie Ihren gro\u00dfen Raum \u00f6kologisch und wirtschaftlich gek\u00fchlt. Neugierig auf unser Sortiment? Rufen Sie \u260e 015-2002116 an.\" \/>\n<meta property=\"og:url\" content=\"https:\/\/www.be-cool.nl\/de\/kuehlung-grosser-raeume\/\" \/>\n<meta property=\"og:site_name\" content=\"Be-Cool\" \/>\n<meta property=\"article:modified_time\" content=\"2022-03-03T09:16:08+00:00\" \/>\n<meta name=\"twitter:card\" content=\"summary_large_image\" \/>\n<meta name=\"twitter:label1\" content=\"Gesch\u00e4tzte Lesezeit\" \/>\n\t<meta name=\"twitter:data1\" content=\"2\u00a0Minuten\" \/>\n<script type=\"application\/ld+json\" class=\"yoast-schema-graph\">{\"@context\":\"https:\\\/\\\/schema.org\",\"@graph\":[{\"@type\":\"WebPage\",\"@id\":\"https:\\\/\\\/www.be-cool.nl\\\/de\\\/kuehlung-grosser-raeume\\\/\",\"url\":\"https:\\\/\\\/www.be-cool.nl\\\/de\\\/kuehlung-grosser-raeume\\\/\",\"name\":\"K\u00fchlung gro\u00dfer R\u00e4ume - Be-Cool\",\"isPartOf\":{\"@id\":\"https:\\\/\\\/www.be-cool.nl\\\/de\\\/#website\"},\"datePublished\":\"2022-02-21T10:35:08+00:00\",\"dateModified\":\"2022-03-03T09:16:08+00:00\",\"description\":\"M\u00f6chten Sie Ihren gro\u00dfen Raum effizient k\u00fchlen? Dann sind Sie bei Be-Cool in Ordnung. Wir verkaufen mobile Luftk\u00fchler von bester Qualit\u00e4t. So erhalten Sie Ihren gro\u00dfen Raum \u00f6kologisch und wirtschaftlich gek\u00fchlt. Neugierig auf unser Sortiment? Rufen Sie \u260e 015-2002116 an.\",\"breadcrumb\":{\"@id\":\"https:\\\/\\\/www.be-cool.nl\\\/de\\\/kuehlung-grosser-raeume\\\/#breadcrumb\"},\"inLanguage\":\"de\",\"potentialAction\":[{\"@type\":\"ReadAction\",\"target\":[\"https:\\\/\\\/www.be-cool.nl\\\/de\\\/kuehlung-grosser-raeume\\\/\"]}]},{\"@type\":\"BreadcrumbList\",\"@id\":\"https:\\\/\\\/www.be-cool.nl\\\/de\\\/kuehlung-grosser-raeume\\\/#breadcrumb\",\"itemListElement\":[{\"@type\":\"ListItem\",\"position\":1,\"name\":\"Home\",\"item\":\"https:\\\/\\\/www.be-cool.nl\\\/de\\\/\"},{\"@type\":\"ListItem\",\"position\":2,\"name\":\"K\u00fchlung gro\u00dfer R\u00e4ume\"}]},{\"@type\":\"WebSite\",\"@id\":\"https:\\\/\\\/www.be-cool.nl\\\/de\\\/#website\",\"url\":\"https:\\\/\\\/www.be-cool.nl\\\/de\\\/\",\"name\":\"Be-Cool\",\"description\":\"\",\"publisher\":{\"@id\":\"https:\\\/\\\/www.be-cool.nl\\\/de\\\/#organization\"},\"potentialAction\":[{\"@type\":\"SearchAction\",\"target\":{\"@type\":\"EntryPoint\",\"urlTemplate\":\"https:\\\/\\\/www.be-cool.nl\\\/de\\\/?s={search_term_string}\"},\"query-input\":{\"@type\":\"PropertyValueSpecification\",\"valueRequired\":true,\"valueName\":\"search_term_string\"}}],\"inLanguage\":\"de\"},{\"@type\":\"Organization\",\"@id\":\"https:\\\/\\\/www.be-cool.nl\\\/de\\\/#organization\",\"name\":\"Be-Cool\",\"url\":\"https:\\\/\\\/www.be-cool.nl\\\/de\\\/\",\"logo\":{\"@type\":\"ImageObject\",\"inLanguage\":\"de\",\"@id\":\"https:\\\/\\\/www.be-cool.nl\\\/de\\\/#\\\/schema\\\/logo\\\/image\\\/\",\"url\":\"https:\\\/\\\/www.be-cool.nl\\\/wp-content\\\/uploads\\\/Be-cool_Logo.png\",\"contentUrl\":\"https:\\\/\\\/www.be-cool.nl\\\/wp-content\\\/uploads\\\/Be-cool_Logo.png\",\"width\":426,\"height\":142,\"caption\":\"Be-Cool\"},\"image\":{\"@id\":\"https:\\\/\\\/www.be-cool.nl\\\/de\\\/#\\\/schema\\\/logo\\\/image\\\/\"}}]}<\/script>\n<!-- \/ Yoast SEO plugin. -->","yoast_head_json":{"title":"K\u00fchlung gro\u00dfer R\u00e4ume - Be-Cool","description":"M\u00f6chten Sie Ihren gro\u00dfen Raum effizient k\u00fchlen? Dann sind Sie bei Be-Cool in Ordnung. Wir verkaufen mobile Luftk\u00fchler von bester Qualit\u00e4t. So erhalten Sie Ihren gro\u00dfen Raum \u00f6kologisch und wirtschaftlich gek\u00fchlt. Neugierig auf unser Sortiment? Rufen Sie \u260e 015-2002116 an.","robots":{"index":"index","follow":"follow","max-snippet":"max-snippet:-1","max-image-preview":"max-image-preview:large","max-video-preview":"max-video-preview:-1"},"canonical":"https:\/\/www.be-cool.nl\/de\/kuehlung-grosser-raeume\/","og_locale":"de_DE","og_type":"article","og_title":"K\u00fchlung gro\u00dfer R\u00e4ume - Be-Cool","og_description":"M\u00f6chten Sie Ihren gro\u00dfen Raum effizient k\u00fchlen? Dann sind Sie bei Be-Cool in Ordnung. Wir verkaufen mobile Luftk\u00fchler von bester Qualit\u00e4t. So erhalten Sie Ihren gro\u00dfen Raum \u00f6kologisch und wirtschaftlich gek\u00fchlt. Neugierig auf unser Sortiment? Rufen Sie \u260e 015-2002116 an.","og_url":"https:\/\/www.be-cool.nl\/de\/kuehlung-grosser-raeume\/","og_site_name":"Be-Cool","article_modified_time":"2022-03-03T09:16:08+00:00","twitter_card":"summary_large_image","twitter_misc":{"Gesch\u00e4tzte Lesezeit":"2\u00a0Minuten"},"schema":{"@context":"https:\/\/schema.org","@graph":[{"@type":"WebPage","@id":"https:\/\/www.be-cool.nl\/de\/kuehlung-grosser-raeume\/","url":"https:\/\/www.be-cool.nl\/de\/kuehlung-grosser-raeume\/","name":"K\u00fchlung gro\u00dfer R\u00e4ume - Be-Cool","isPartOf":{"@id":"https:\/\/www.be-cool.nl\/de\/#website"},"datePublished":"2022-02-21T10:35:08+00:00","dateModified":"2022-03-03T09:16:08+00:00","description":"M\u00f6chten Sie Ihren gro\u00dfen Raum effizient k\u00fchlen? Dann sind Sie bei Be-Cool in Ordnung. Wir verkaufen mobile Luftk\u00fchler von bester Qualit\u00e4t. So erhalten Sie Ihren gro\u00dfen Raum \u00f6kologisch und wirtschaftlich gek\u00fchlt. Neugierig auf unser Sortiment? Rufen Sie \u260e 015-2002116 an.","breadcrumb":{"@id":"https:\/\/www.be-cool.nl\/de\/kuehlung-grosser-raeume\/#breadcrumb"},"inLanguage":"de","potentialAction":[{"@type":"ReadAction","target":["https:\/\/www.be-cool.nl\/de\/kuehlung-grosser-raeume\/"]}]},{"@type":"BreadcrumbList","@id":"https:\/\/www.be-cool.nl\/de\/kuehlung-grosser-raeume\/#breadcrumb","itemListElement":[{"@type":"ListItem","position":1,"name":"Home","item":"https:\/\/www.be-cool.nl\/de\/"},{"@type":"ListItem","position":2,"name":"K\u00fchlung gro\u00dfer R\u00e4ume"}]},{"@type":"WebSite","@id":"https:\/\/www.be-cool.nl\/de\/#website","url":"https:\/\/www.be-cool.nl\/de\/","name":"Be-Cool","description":"","publisher":{"@id":"https:\/\/www.be-cool.nl\/de\/#organization"},"potentialAction":[{"@type":"SearchAction","target":{"@type":"EntryPoint","urlTemplate":"https:\/\/www.be-cool.nl\/de\/?s={search_term_string}"},"query-input":{"@type":"PropertyValueSpecification","valueRequired":true,"valueName":"search_term_string"}}],"inLanguage":"de"},{"@type":"Organization","@id":"https:\/\/www.be-cool.nl\/de\/#organization","name":"Be-Cool","url":"https:\/\/www.be-cool.nl\/de\/","logo":{"@type":"ImageObject","inLanguage":"de","@id":"https:\/\/www.be-cool.nl\/de\/#\/schema\/logo\/image\/","url":"https:\/\/www.be-cool.nl\/wp-content\/uploads\/Be-cool_Logo.png","contentUrl":"https:\/\/www.be-cool.nl\/wp-content\/uploads\/Be-cool_Logo.png","width":426,"height":142,"caption":"Be-Cool"},"image":{"@id":"https:\/\/www.be-cool.nl\/de\/#\/schema\/logo\/image\/"}}]}},"_links":{"self":[{"href":"https:\/\/www.be-cool.nl\/de\/wp-json\/wp\/v2\/pages\/921","targetHints":{"allow":["GET"]}}],"collection":[{"href":"https:\/\/www.be-cool.nl\/de\/wp-json\/wp\/v2\/pages"}],"about":[{"href":"https:\/\/www.be-cool.nl\/de\/wp-json\/wp\/v2\/types\/page"}],"author":[{"embeddable":true,"href":"https:\/\/www.be-cool.nl\/de\/wp-json\/wp\/v2\/users\/1"}],"replies":[{"embeddable":true,"href":"https:\/\/www.be-cool.nl\/de\/wp-json\/wp\/v2\/comments?post=921"}],"version-history":[{"count":1,"href":"https:\/\/www.be-cool.nl\/de\/wp-json\/wp\/v2\/pages\/921\/revisions"}],"predecessor-version":[{"id":922,"href":"https:\/\/www.be-cool.nl\/de\/wp-json\/wp\/v2\/pages\/921\/revisions\/922"}],"wp:attachment":[{"href":"https:\/\/www.be-cool.nl\/de\/wp-json\/wp\/v2\/media?parent=921"}],"curies":[{"name":"wp","href":"https:\/\/api.w.org\/{rel}","templated":true}]}}