{"id":941,"date":"2022-02-21T11:35:43","date_gmt":"2022-02-21T10:35:43","guid":{"rendered":"https:\/\/www.be-cool.nl\/?page_id=941"},"modified":"2022-03-03T10:26:47","modified_gmt":"2022-03-03T09:26:47","slug":"luftkuehler-mit-wasser-stabile-kuehlung","status":"publish","type":"page","link":"https:\/\/www.be-cool.nl\/de\/luftkuehler-mit-wasser-stabile-kuehlung\/","title":{"rendered":"Luftk\u00fchler mit Wasser \/ stabile K\u00fchlung"},"content":{"rendered":"<h2>Stabile K\u00fchlung von Be-Cool<\/h2>\n<p>Suchen Sie ein Unternehmen, in dem Sie sich eine stabile K\u00fchlung suchen k\u00f6nnen? Werfen Sie einen Blick auf das Angebot von Be-Cool. Wir spezialisieren uns auf den Verkauf von fortschrittlichen K\u00fchlsystemen. Unsere K\u00fchler stammen von der Marke Portacool und sind f\u00fcr ihre hervorragende Qualit\u00e4t bekannt. Sie k\u00f6nnen auch auf einen guten Service und ma\u00dfgeschneiderte Beratung z\u00e4hlen. M\u00f6chten Sie mehr \u00fcber unseren Wasserluftk\u00fchler erfahren? Lesen Sie weiter oder kontaktieren Sie uns direkt.<\/p>\n<h3>Der energieeffiziente Luftk\u00fchler<\/h3>\n<p>Bei stabiler K\u00fchlung ist die Verwendung von Wasser sehr wichtig. Unsere K\u00fchler verwenden ein einzigartiges Verdunstungsk\u00fchlsystem. Es nutzt Wasser, um die Luft in Ihrem Raum auf wirtschaftliche und \u00f6kologische Weise zu k\u00fchlen. Da unsere mobilen K\u00fchler sehr energieeffizient sind, sind Sie viel billiger als zuvor. Der Luftk\u00fchler ist leicht zu bewegen, so dass Sie ihn genau dort platzieren k\u00f6nnen, wo er ben\u00f6tigt wird.  <\/p>\n<h3>Der Betrieb des Luftk\u00fchlers<\/h3>\n<p>Wie genau arbeiten unsere K\u00fchler mit verdunstendem K\u00fchlsystem? Der Luftk\u00fchler mit Wasser entzieht der Luft durch Verdunstung W\u00e4rme. Die patentierten Pads (auch K\u00fc\u00fcl-Pads genannt) im System sorgen daf\u00fcr. Sie bestehen aus komprimiertem Papier und haben kleine Kan\u00e4le. Die Wasserpumpe im Luftk\u00fchler pumpt Wasser auf und l\u00e4sst dieses Wasser durch die Kan\u00e4le flie\u00dfen. Dadurch bleiben die Pads die ganze Zeit nass. Dann wird warme Luft von den Ventilatoren entlang der Nasspads angesaugt. Das Wasser k\u00fchlt die Luft und die k\u00fchle Luft wird kr\u00e4ftig ausgeblasen. Dies schafft eine angenehme Temperatur in Ihrem Stall oder Raum. Die Pads sorgen daf\u00fcr, dass die warme Luft um zus\u00e4tzliche 20% abgek\u00fchlt wird. Dabei filtern sie Schadstoffe aus der flie\u00dfenden Luft. Auf diese Weise sorgt der Luftk\u00fchler mit Wasser auch f\u00fcr sauberere Luft.  <\/p>\n<h3>Die Eigenschaften einer Portacool stabilen K\u00fchlung<\/h3>\n<p>Wir stellen die Eigenschaften unserer stabilen K\u00fchlung f\u00fcr Sie in eine Reihe:<\/p>\n<ul>\n<li>Einfach zu bewegen<\/li>\n<li>Niedrige Kosten<\/li>\n<li>Umweltfreundliche<\/li>\n<li>Keine Installationskosten<\/li>\n<li>Nahezu wartungsfrei<\/li>\n<li>Langlebiges Geh\u00e4use aus Polyethylenguss<\/li>\n<li>Sehr gut an Arbeitspl\u00e4tzen mit viel Platzstaub zu verwenden<\/li>\n<\/ul>\n<p>Neugierig auf unsere Luftk\u00fchlung mit Wasser? Wir m\u00f6chten Ihnen mehr \u00fcber die M\u00f6glichkeiten und Anwendungen erz\u00e4hlen.<\/p>\n<h3>Wenden Sie sich an uns f\u00fcr einen Luftk\u00fchler<\/h3>\n<p>M\u00f6chten Sie mehr \u00fcber unsere Luftk\u00fchler erfahren? Bitte kontaktieren Sie uns unter <a href=\"tel:0152002116\">015-2002116<\/a> oder per E-Mail <a href=mailto:info@be-cool.nl> <\/a> info@be-cool.nl. Es ist auch m\u00f6glich, eine Nachricht \u00fcber unser Online-Kontaktformular zu hinterlassen. Sie k\u00f6nnen sich auf uns verlassen, wenn Sie den richtigen Luftk\u00fchler mit Wasser w\u00e4hlen.  <\/p>\n","protected":false},"excerpt":{"rendered":"<p>Stabile K\u00fchlung von Be-Cool Suchen Sie ein Unternehmen, in dem Sie sich eine stabile K\u00fchlung suchen k\u00f6nnen? Werfen Sie einen Blick auf das Angebot von<a class=\"moretag\" href=\"https:\/\/www.be-cool.nl\/de\/luftkuehler-mit-wasser-stabile-kuehlung\/\">&#8230;<\/a><\/p>\n","protected":false},"author":1,"featured_media":0,"parent":0,"menu_order":0,"comment_status":"closed","ping_status":"closed","template":"","meta":{"_glsr_average":0,"_glsr_ranking":0,"_glsr_reviews":0,"footnotes":""},"class_list":["post-941","page","type-page","status-publish","hentry"],"yoast_head":"<!-- This site is optimized with the Yoast SEO plugin v27.6 - https:\/\/yoast.com\/product\/yoast-seo-wordpress\/ -->\n<title>Luftk\u00fchler mit Wasser \/ stabile K\u00fchlung - Be-Cool<\/title>\n<meta name=\"description\" content=\"Sie suchen eine stabile K\u00fchlung, die Ihren Stall oder Platz richtig k\u00fchlen kann? Bei Be-Cool finden Sie den Luftk\u00fchler mit Wasser, das Sie wollen. Unsere stabile K\u00fchlung k\u00fchlt Ihren Raum auf wirtschaftliche und \u00f6kologische Weise. Sind Sie neugierig auf unsere Produkte geworden? Rufen Sie \u260e 015-2002116 an.\" \/>\n<meta name=\"robots\" content=\"index, follow, max-snippet:-1, max-image-preview:large, max-video-preview:-1\" \/>\n<link rel=\"canonical\" href=\"https:\/\/www.be-cool.nl\/de\/luftkuehler-mit-wasser-stabile-kuehlung\/\" \/>\n<meta property=\"og:locale\" content=\"de_DE\" \/>\n<meta property=\"og:type\" content=\"article\" \/>\n<meta property=\"og:title\" content=\"Luftk\u00fchler mit Wasser \/ stabile K\u00fchlung - Be-Cool\" \/>\n<meta property=\"og:description\" content=\"Sie suchen eine stabile K\u00fchlung, die Ihren Stall oder Platz richtig k\u00fchlen kann? Bei Be-Cool finden Sie den Luftk\u00fchler mit Wasser, das Sie wollen. Unsere stabile K\u00fchlung k\u00fchlt Ihren Raum auf wirtschaftliche und \u00f6kologische Weise. Sind Sie neugierig auf unsere Produkte geworden? Rufen Sie \u260e 015-2002116 an.\" \/>\n<meta property=\"og:url\" content=\"https:\/\/www.be-cool.nl\/de\/luftkuehler-mit-wasser-stabile-kuehlung\/\" \/>\n<meta property=\"og:site_name\" content=\"Be-Cool\" \/>\n<meta property=\"article:modified_time\" content=\"2022-03-03T09:26:47+00:00\" \/>\n<meta name=\"twitter:card\" content=\"summary_large_image\" \/>\n<meta name=\"twitter:label1\" content=\"Gesch\u00e4tzte Lesezeit\" \/>\n\t<meta name=\"twitter:data1\" content=\"2\u00a0Minuten\" \/>\n<script type=\"application\/ld+json\" class=\"yoast-schema-graph\">{\"@context\":\"https:\\\/\\\/schema.org\",\"@graph\":[{\"@type\":\"WebPage\",\"@id\":\"https:\\\/\\\/www.be-cool.nl\\\/de\\\/luftkuehler-mit-wasser-stabile-kuehlung\\\/\",\"url\":\"https:\\\/\\\/www.be-cool.nl\\\/de\\\/luftkuehler-mit-wasser-stabile-kuehlung\\\/\",\"name\":\"Luftk\u00fchler mit Wasser \\\/ stabile K\u00fchlung - Be-Cool\",\"isPartOf\":{\"@id\":\"https:\\\/\\\/www.be-cool.nl\\\/de\\\/#website\"},\"datePublished\":\"2022-02-21T10:35:43+00:00\",\"dateModified\":\"2022-03-03T09:26:47+00:00\",\"description\":\"Sie suchen eine stabile K\u00fchlung, die Ihren Stall oder Platz richtig k\u00fchlen kann? Bei Be-Cool finden Sie den Luftk\u00fchler mit Wasser, das Sie wollen. Unsere stabile K\u00fchlung k\u00fchlt Ihren Raum auf wirtschaftliche und \u00f6kologische Weise. Sind Sie neugierig auf unsere Produkte geworden? Rufen Sie \u260e 015-2002116 an.\",\"breadcrumb\":{\"@id\":\"https:\\\/\\\/www.be-cool.nl\\\/de\\\/luftkuehler-mit-wasser-stabile-kuehlung\\\/#breadcrumb\"},\"inLanguage\":\"de\",\"potentialAction\":[{\"@type\":\"ReadAction\",\"target\":[\"https:\\\/\\\/www.be-cool.nl\\\/de\\\/luftkuehler-mit-wasser-stabile-kuehlung\\\/\"]}]},{\"@type\":\"BreadcrumbList\",\"@id\":\"https:\\\/\\\/www.be-cool.nl\\\/de\\\/luftkuehler-mit-wasser-stabile-kuehlung\\\/#breadcrumb\",\"itemListElement\":[{\"@type\":\"ListItem\",\"position\":1,\"name\":\"Home\",\"item\":\"https:\\\/\\\/www.be-cool.nl\\\/de\\\/\"},{\"@type\":\"ListItem\",\"position\":2,\"name\":\"Luftk\u00fchler mit Wasser \\\/ stabile K\u00fchlung\"}]},{\"@type\":\"WebSite\",\"@id\":\"https:\\\/\\\/www.be-cool.nl\\\/de\\\/#website\",\"url\":\"https:\\\/\\\/www.be-cool.nl\\\/de\\\/\",\"name\":\"Be-Cool\",\"description\":\"\",\"publisher\":{\"@id\":\"https:\\\/\\\/www.be-cool.nl\\\/de\\\/#organization\"},\"potentialAction\":[{\"@type\":\"SearchAction\",\"target\":{\"@type\":\"EntryPoint\",\"urlTemplate\":\"https:\\\/\\\/www.be-cool.nl\\\/de\\\/?s={search_term_string}\"},\"query-input\":{\"@type\":\"PropertyValueSpecification\",\"valueRequired\":true,\"valueName\":\"search_term_string\"}}],\"inLanguage\":\"de\"},{\"@type\":\"Organization\",\"@id\":\"https:\\\/\\\/www.be-cool.nl\\\/de\\\/#organization\",\"name\":\"Be-Cool\",\"url\":\"https:\\\/\\\/www.be-cool.nl\\\/de\\\/\",\"logo\":{\"@type\":\"ImageObject\",\"inLanguage\":\"de\",\"@id\":\"https:\\\/\\\/www.be-cool.nl\\\/de\\\/#\\\/schema\\\/logo\\\/image\\\/\",\"url\":\"https:\\\/\\\/www.be-cool.nl\\\/wp-content\\\/uploads\\\/Be-cool_Logo.png\",\"contentUrl\":\"https:\\\/\\\/www.be-cool.nl\\\/wp-content\\\/uploads\\\/Be-cool_Logo.png\",\"width\":426,\"height\":142,\"caption\":\"Be-Cool\"},\"image\":{\"@id\":\"https:\\\/\\\/www.be-cool.nl\\\/de\\\/#\\\/schema\\\/logo\\\/image\\\/\"}}]}<\/script>\n<!-- \/ Yoast SEO plugin. -->","yoast_head_json":{"title":"Luftk\u00fchler mit Wasser \/ stabile K\u00fchlung - Be-Cool","description":"Sie suchen eine stabile K\u00fchlung, die Ihren Stall oder Platz richtig k\u00fchlen kann? Bei Be-Cool finden Sie den Luftk\u00fchler mit Wasser, das Sie wollen. Unsere stabile K\u00fchlung k\u00fchlt Ihren Raum auf wirtschaftliche und \u00f6kologische Weise. Sind Sie neugierig auf unsere Produkte geworden? Rufen Sie \u260e 015-2002116 an.","robots":{"index":"index","follow":"follow","max-snippet":"max-snippet:-1","max-image-preview":"max-image-preview:large","max-video-preview":"max-video-preview:-1"},"canonical":"https:\/\/www.be-cool.nl\/de\/luftkuehler-mit-wasser-stabile-kuehlung\/","og_locale":"de_DE","og_type":"article","og_title":"Luftk\u00fchler mit Wasser \/ stabile K\u00fchlung - Be-Cool","og_description":"Sie suchen eine stabile K\u00fchlung, die Ihren Stall oder Platz richtig k\u00fchlen kann? Bei Be-Cool finden Sie den Luftk\u00fchler mit Wasser, das Sie wollen. Unsere stabile K\u00fchlung k\u00fchlt Ihren Raum auf wirtschaftliche und \u00f6kologische Weise. Sind Sie neugierig auf unsere Produkte geworden? Rufen Sie \u260e 015-2002116 an.","og_url":"https:\/\/www.be-cool.nl\/de\/luftkuehler-mit-wasser-stabile-kuehlung\/","og_site_name":"Be-Cool","article_modified_time":"2022-03-03T09:26:47+00:00","twitter_card":"summary_large_image","twitter_misc":{"Gesch\u00e4tzte Lesezeit":"2\u00a0Minuten"},"schema":{"@context":"https:\/\/schema.org","@graph":[{"@type":"WebPage","@id":"https:\/\/www.be-cool.nl\/de\/luftkuehler-mit-wasser-stabile-kuehlung\/","url":"https:\/\/www.be-cool.nl\/de\/luftkuehler-mit-wasser-stabile-kuehlung\/","name":"Luftk\u00fchler mit Wasser \/ stabile K\u00fchlung - Be-Cool","isPartOf":{"@id":"https:\/\/www.be-cool.nl\/de\/#website"},"datePublished":"2022-02-21T10:35:43+00:00","dateModified":"2022-03-03T09:26:47+00:00","description":"Sie suchen eine stabile K\u00fchlung, die Ihren Stall oder Platz richtig k\u00fchlen kann? Bei Be-Cool finden Sie den Luftk\u00fchler mit Wasser, das Sie wollen. Unsere stabile K\u00fchlung k\u00fchlt Ihren Raum auf wirtschaftliche und \u00f6kologische Weise. Sind Sie neugierig auf unsere Produkte geworden? Rufen Sie \u260e 015-2002116 an.","breadcrumb":{"@id":"https:\/\/www.be-cool.nl\/de\/luftkuehler-mit-wasser-stabile-kuehlung\/#breadcrumb"},"inLanguage":"de","potentialAction":[{"@type":"ReadAction","target":["https:\/\/www.be-cool.nl\/de\/luftkuehler-mit-wasser-stabile-kuehlung\/"]}]},{"@type":"BreadcrumbList","@id":"https:\/\/www.be-cool.nl\/de\/luftkuehler-mit-wasser-stabile-kuehlung\/#breadcrumb","itemListElement":[{"@type":"ListItem","position":1,"name":"Home","item":"https:\/\/www.be-cool.nl\/de\/"},{"@type":"ListItem","position":2,"name":"Luftk\u00fchler mit Wasser \/ stabile K\u00fchlung"}]},{"@type":"WebSite","@id":"https:\/\/www.be-cool.nl\/de\/#website","url":"https:\/\/www.be-cool.nl\/de\/","name":"Be-Cool","description":"","publisher":{"@id":"https:\/\/www.be-cool.nl\/de\/#organization"},"potentialAction":[{"@type":"SearchAction","target":{"@type":"EntryPoint","urlTemplate":"https:\/\/www.be-cool.nl\/de\/?s={search_term_string}"},"query-input":{"@type":"PropertyValueSpecification","valueRequired":true,"valueName":"search_term_string"}}],"inLanguage":"de"},{"@type":"Organization","@id":"https:\/\/www.be-cool.nl\/de\/#organization","name":"Be-Cool","url":"https:\/\/www.be-cool.nl\/de\/","logo":{"@type":"ImageObject","inLanguage":"de","@id":"https:\/\/www.be-cool.nl\/de\/#\/schema\/logo\/image\/","url":"https:\/\/www.be-cool.nl\/wp-content\/uploads\/Be-cool_Logo.png","contentUrl":"https:\/\/www.be-cool.nl\/wp-content\/uploads\/Be-cool_Logo.png","width":426,"height":142,"caption":"Be-Cool"},"image":{"@id":"https:\/\/www.be-cool.nl\/de\/#\/schema\/logo\/image\/"}}]}},"_links":{"self":[{"href":"https:\/\/www.be-cool.nl\/de\/wp-json\/wp\/v2\/pages\/941","targetHints":{"allow":["GET"]}}],"collection":[{"href":"https:\/\/www.be-cool.nl\/de\/wp-json\/wp\/v2\/pages"}],"about":[{"href":"https:\/\/www.be-cool.nl\/de\/wp-json\/wp\/v2\/types\/page"}],"author":[{"embeddable":true,"href":"https:\/\/www.be-cool.nl\/de\/wp-json\/wp\/v2\/users\/1"}],"replies":[{"embeddable":true,"href":"https:\/\/www.be-cool.nl\/de\/wp-json\/wp\/v2\/comments?post=941"}],"version-history":[{"count":1,"href":"https:\/\/www.be-cool.nl\/de\/wp-json\/wp\/v2\/pages\/941\/revisions"}],"predecessor-version":[{"id":942,"href":"https:\/\/www.be-cool.nl\/de\/wp-json\/wp\/v2\/pages\/941\/revisions\/942"}],"wp:attachment":[{"href":"https:\/\/www.be-cool.nl\/de\/wp-json\/wp\/v2\/media?parent=941"}],"curies":[{"name":"wp","href":"https:\/\/api.w.org\/{rel}","templated":true}]}}