{"id":951,"date":"2022-02-21T11:36:18","date_gmt":"2022-02-21T10:36:18","guid":{"rendered":"https:\/\/www.be-cool.nl\/?page_id=951"},"modified":"2022-03-03T10:39:47","modified_gmt":"2022-03-03T09:39:47","slug":"mobile-kuehlung-durch-verdunstung-von-wasser","status":"publish","type":"page","link":"https:\/\/www.be-cool.nl\/de\/mobile-kuehlung-durch-verdunstung-von-wasser\/","title":{"rendered":"Mobile K\u00fchlung durch Verdunstung von Wasser"},"content":{"rendered":"<div class=\"wpb-content-wrapper\"><p>[vc_row][vc_column][vc_column_text]<\/p>\n<h1>Mobile K\u00fchlung durch Verdunstung von Wasser<\/h1>\n<p>Durch die Mobilit\u00e4t und das Plug-and-Play-Prinzip (nur zum Anschluss an Wasser und Strom) haben Sie mit unseren mobilen Luftk\u00fchlern von Be-cool keinen Abflussschlauch und keine Installationskosten und sie k\u00f6nnen dort eingesetzt werden, wo die K\u00fchlung am meisten gew\u00fcnscht und ben\u00f6tigt wird. Viele (internationale) Unternehmen sind Fabriken, Automobilindustrie, Viehz\u00fcchter, Schuppenhangars usw. Mobile Verdampfungsk\u00fchler sind bereits erfolgreich im Einsatz.<\/p>\n<p>Durch die Aufdampfungsbasis eignen sich diese Ger\u00e4te ideal f\u00fcr die K\u00fchlung gro\u00dfer, offener R\u00e4ume, eine L\u00f6sung, bei der bisher rein ineffektive und teure K\u00fchlungen nun wirtschaftlich bef\u00fcllt werden k\u00f6nnen. Mit unseren Portacool-K\u00fchlern sind wir weltweit f\u00fchrend bei mobilen Verdampfungsluftk\u00fchlern und bieten die ideale L\u00f6sung f\u00fcr eine \u00f6kologische, effektive und wirtschaftliche K\u00fchlung. Daher hat die UVP (Energieinvestitionsabzug) auch unser Produkt von der Stra\u00dfe bis zur energieeffizienten K\u00fchlung einbezogen.<\/p>\n<p>Unsere mobilen Ventilatoren Verdampfungsluftk\u00fchler sind europaweit in 220V erh\u00e4ltlich und mit CE-Kennzeichnung sind alle Verdampfungsluftk\u00fchler &#8222;Made in USA&#8220;<\/p>\n<p>Neben dem Einsatz f\u00fcr K\u00fchlzelte und Veranstaltungen (unter freiem Himmel) werden mobile Adiabattikk\u00fchler auch h\u00e4ufig in Schuppen, Autogaragen, Fabrikhallen, Hangars, Viehz\u00fcchtern und Fitnessstudios eingesetzt. Die Besch\u00e4ftigungsf\u00e4higkeit der mobilen K\u00fchlaggregate ist vielf\u00e4ltig, alle Orte, an denen eine ausreichende Bel\u00fcftung vorhanden ist (z.B. durch \u00d6ffnen von T\u00fcren und Fenstern)<br \/>\nist viel billiger als herk\u00f6mmliche Klimaanlagen (aufgrund des geringen Energieverbrauchs).<\/p>\n<p><b>Die Vorteile unserer mobilen Ventilatoren Luftk\u00fchler.<\/b><\/p>\n<p>-keine Schadstoffe. (also keine Umweltauswirkungen)<\/p>\n<p>-bringt eine schnelle angenehme Temperatur in Ihrem Zimmer in wenigen Minuten.<\/p>\n<p>Fenster und T\u00fcren k\u00f6nnen offen bleiben<\/p>\n<p>-geringer Wartungsaufwand<\/p>\n<p>-keine Installationskosten sofort nach dem Einstecken des Steckers (220v) und bef\u00fcllen des Wasserbeh\u00e4lters zu verwenden.<\/p>\n<p>Produktivit\u00e4t wird aufgrund der angenehmen Temperatur h\u00f6her bleiben.<\/p>\n<p>-K\u00fchlung durch Verdunstung (keine Vernebelung)<\/p>\n<p>f\u00fcr weitere Informationen \u00fcber unsere mobilen adiabatischen Luftk\u00fchler.<\/p>\n<p>und weitere Fragen, k\u00f6nnen Sie uns unverbindlich kontaktieren<\/p>\n<p><a href=\"mailto:info@be-cool.nl\">info@be-cool.nl<\/a><br \/>\nTelefon:.0620033857[\/vc_column_text][\/vc_column][\/vc_row]<\/p>\n<\/div>","protected":false},"excerpt":{"rendered":"<p>[vc_row][vc_column][vc_column_text] Mobile K\u00fchlung durch Verdunstung von Wasser Durch die Mobilit\u00e4t und das Plug-and-Play-Prinzip (nur zum Anschluss an Wasser und Strom) haben Sie mit unseren mobilen<a class=\"moretag\" href=\"https:\/\/www.be-cool.nl\/de\/mobile-kuehlung-durch-verdunstung-von-wasser\/\">&#8230;<\/a><\/p>\n","protected":false},"author":1,"featured_media":0,"parent":0,"menu_order":0,"comment_status":"closed","ping_status":"closed","template":"","meta":{"_glsr_average":0,"_glsr_ranking":0,"_glsr_reviews":0,"footnotes":""},"class_list":["post-951","page","type-page","status-publish","hentry"],"yoast_head":"<!-- This site is optimized with the Yoast SEO plugin v27.5 - https:\/\/yoast.com\/product\/yoast-seo-wordpress\/ -->\n<title>Mobile K\u00fchlung durch Verdunstung von Wasser - Be-Cool<\/title>\n<meta name=\"robots\" content=\"index, follow, max-snippet:-1, max-image-preview:large, max-video-preview:-1\" \/>\n<link rel=\"canonical\" href=\"https:\/\/www.be-cool.nl\/de\/mobile-kuehlung-durch-verdunstung-von-wasser\/\" \/>\n<meta property=\"og:locale\" content=\"de_DE\" \/>\n<meta property=\"og:type\" content=\"article\" \/>\n<meta property=\"og:title\" content=\"Mobile K\u00fchlung durch Verdunstung von Wasser - Be-Cool\" \/>\n<meta property=\"og:description\" content=\"[vc_row][vc_column][vc_column_text] Mobile K\u00fchlung durch Verdunstung von Wasser Durch die Mobilit\u00e4t und das Plug-and-Play-Prinzip (nur zum Anschluss an Wasser und Strom) haben Sie mit unseren mobilen...\" \/>\n<meta property=\"og:url\" content=\"https:\/\/www.be-cool.nl\/de\/mobile-kuehlung-durch-verdunstung-von-wasser\/\" \/>\n<meta property=\"og:site_name\" content=\"Be-Cool\" \/>\n<meta property=\"article:modified_time\" content=\"2022-03-03T09:39:47+00:00\" \/>\n<meta name=\"twitter:card\" content=\"summary_large_image\" \/>\n<meta name=\"twitter:label1\" content=\"Gesch\u00e4tzte Lesezeit\" \/>\n\t<meta name=\"twitter:data1\" content=\"2\u00a0Minuten\" \/>\n<script type=\"application\/ld+json\" class=\"yoast-schema-graph\">{\"@context\":\"https:\\\/\\\/schema.org\",\"@graph\":[{\"@type\":\"WebPage\",\"@id\":\"https:\\\/\\\/www.be-cool.nl\\\/de\\\/mobile-kuehlung-durch-verdunstung-von-wasser\\\/\",\"url\":\"https:\\\/\\\/www.be-cool.nl\\\/de\\\/mobile-kuehlung-durch-verdunstung-von-wasser\\\/\",\"name\":\"Mobile K\u00fchlung durch Verdunstung von Wasser - Be-Cool\",\"isPartOf\":{\"@id\":\"https:\\\/\\\/www.be-cool.nl\\\/de\\\/#website\"},\"datePublished\":\"2022-02-21T10:36:18+00:00\",\"dateModified\":\"2022-03-03T09:39:47+00:00\",\"breadcrumb\":{\"@id\":\"https:\\\/\\\/www.be-cool.nl\\\/de\\\/mobile-kuehlung-durch-verdunstung-von-wasser\\\/#breadcrumb\"},\"inLanguage\":\"de\",\"potentialAction\":[{\"@type\":\"ReadAction\",\"target\":[\"https:\\\/\\\/www.be-cool.nl\\\/de\\\/mobile-kuehlung-durch-verdunstung-von-wasser\\\/\"]}]},{\"@type\":\"BreadcrumbList\",\"@id\":\"https:\\\/\\\/www.be-cool.nl\\\/de\\\/mobile-kuehlung-durch-verdunstung-von-wasser\\\/#breadcrumb\",\"itemListElement\":[{\"@type\":\"ListItem\",\"position\":1,\"name\":\"Home\",\"item\":\"https:\\\/\\\/www.be-cool.nl\\\/de\\\/\"},{\"@type\":\"ListItem\",\"position\":2,\"name\":\"Mobile K\u00fchlung durch Verdunstung von Wasser\"}]},{\"@type\":\"WebSite\",\"@id\":\"https:\\\/\\\/www.be-cool.nl\\\/de\\\/#website\",\"url\":\"https:\\\/\\\/www.be-cool.nl\\\/de\\\/\",\"name\":\"Be-Cool\",\"description\":\"\",\"publisher\":{\"@id\":\"https:\\\/\\\/www.be-cool.nl\\\/de\\\/#organization\"},\"potentialAction\":[{\"@type\":\"SearchAction\",\"target\":{\"@type\":\"EntryPoint\",\"urlTemplate\":\"https:\\\/\\\/www.be-cool.nl\\\/de\\\/?s={search_term_string}\"},\"query-input\":{\"@type\":\"PropertyValueSpecification\",\"valueRequired\":true,\"valueName\":\"search_term_string\"}}],\"inLanguage\":\"de\"},{\"@type\":\"Organization\",\"@id\":\"https:\\\/\\\/www.be-cool.nl\\\/de\\\/#organization\",\"name\":\"Be-Cool\",\"url\":\"https:\\\/\\\/www.be-cool.nl\\\/de\\\/\",\"logo\":{\"@type\":\"ImageObject\",\"inLanguage\":\"de\",\"@id\":\"https:\\\/\\\/www.be-cool.nl\\\/de\\\/#\\\/schema\\\/logo\\\/image\\\/\",\"url\":\"https:\\\/\\\/www.be-cool.nl\\\/wp-content\\\/uploads\\\/Be-cool_Logo.png\",\"contentUrl\":\"https:\\\/\\\/www.be-cool.nl\\\/wp-content\\\/uploads\\\/Be-cool_Logo.png\",\"width\":426,\"height\":142,\"caption\":\"Be-Cool\"},\"image\":{\"@id\":\"https:\\\/\\\/www.be-cool.nl\\\/de\\\/#\\\/schema\\\/logo\\\/image\\\/\"}}]}<\/script>\n<!-- \/ Yoast SEO plugin. -->","yoast_head_json":{"title":"Mobile K\u00fchlung durch Verdunstung von Wasser - Be-Cool","robots":{"index":"index","follow":"follow","max-snippet":"max-snippet:-1","max-image-preview":"max-image-preview:large","max-video-preview":"max-video-preview:-1"},"canonical":"https:\/\/www.be-cool.nl\/de\/mobile-kuehlung-durch-verdunstung-von-wasser\/","og_locale":"de_DE","og_type":"article","og_title":"Mobile K\u00fchlung durch Verdunstung von Wasser - Be-Cool","og_description":"[vc_row][vc_column][vc_column_text] Mobile K\u00fchlung durch Verdunstung von Wasser Durch die Mobilit\u00e4t und das Plug-and-Play-Prinzip (nur zum Anschluss an Wasser und Strom) haben Sie mit unseren mobilen...","og_url":"https:\/\/www.be-cool.nl\/de\/mobile-kuehlung-durch-verdunstung-von-wasser\/","og_site_name":"Be-Cool","article_modified_time":"2022-03-03T09:39:47+00:00","twitter_card":"summary_large_image","twitter_misc":{"Gesch\u00e4tzte Lesezeit":"2\u00a0Minuten"},"schema":{"@context":"https:\/\/schema.org","@graph":[{"@type":"WebPage","@id":"https:\/\/www.be-cool.nl\/de\/mobile-kuehlung-durch-verdunstung-von-wasser\/","url":"https:\/\/www.be-cool.nl\/de\/mobile-kuehlung-durch-verdunstung-von-wasser\/","name":"Mobile K\u00fchlung durch Verdunstung von Wasser - Be-Cool","isPartOf":{"@id":"https:\/\/www.be-cool.nl\/de\/#website"},"datePublished":"2022-02-21T10:36:18+00:00","dateModified":"2022-03-03T09:39:47+00:00","breadcrumb":{"@id":"https:\/\/www.be-cool.nl\/de\/mobile-kuehlung-durch-verdunstung-von-wasser\/#breadcrumb"},"inLanguage":"de","potentialAction":[{"@type":"ReadAction","target":["https:\/\/www.be-cool.nl\/de\/mobile-kuehlung-durch-verdunstung-von-wasser\/"]}]},{"@type":"BreadcrumbList","@id":"https:\/\/www.be-cool.nl\/de\/mobile-kuehlung-durch-verdunstung-von-wasser\/#breadcrumb","itemListElement":[{"@type":"ListItem","position":1,"name":"Home","item":"https:\/\/www.be-cool.nl\/de\/"},{"@type":"ListItem","position":2,"name":"Mobile K\u00fchlung durch Verdunstung von Wasser"}]},{"@type":"WebSite","@id":"https:\/\/www.be-cool.nl\/de\/#website","url":"https:\/\/www.be-cool.nl\/de\/","name":"Be-Cool","description":"","publisher":{"@id":"https:\/\/www.be-cool.nl\/de\/#organization"},"potentialAction":[{"@type":"SearchAction","target":{"@type":"EntryPoint","urlTemplate":"https:\/\/www.be-cool.nl\/de\/?s={search_term_string}"},"query-input":{"@type":"PropertyValueSpecification","valueRequired":true,"valueName":"search_term_string"}}],"inLanguage":"de"},{"@type":"Organization","@id":"https:\/\/www.be-cool.nl\/de\/#organization","name":"Be-Cool","url":"https:\/\/www.be-cool.nl\/de\/","logo":{"@type":"ImageObject","inLanguage":"de","@id":"https:\/\/www.be-cool.nl\/de\/#\/schema\/logo\/image\/","url":"https:\/\/www.be-cool.nl\/wp-content\/uploads\/Be-cool_Logo.png","contentUrl":"https:\/\/www.be-cool.nl\/wp-content\/uploads\/Be-cool_Logo.png","width":426,"height":142,"caption":"Be-Cool"},"image":{"@id":"https:\/\/www.be-cool.nl\/de\/#\/schema\/logo\/image\/"}}]}},"_links":{"self":[{"href":"https:\/\/www.be-cool.nl\/de\/wp-json\/wp\/v2\/pages\/951","targetHints":{"allow":["GET"]}}],"collection":[{"href":"https:\/\/www.be-cool.nl\/de\/wp-json\/wp\/v2\/pages"}],"about":[{"href":"https:\/\/www.be-cool.nl\/de\/wp-json\/wp\/v2\/types\/page"}],"author":[{"embeddable":true,"href":"https:\/\/www.be-cool.nl\/de\/wp-json\/wp\/v2\/users\/1"}],"replies":[{"embeddable":true,"href":"https:\/\/www.be-cool.nl\/de\/wp-json\/wp\/v2\/comments?post=951"}],"version-history":[{"count":1,"href":"https:\/\/www.be-cool.nl\/de\/wp-json\/wp\/v2\/pages\/951\/revisions"}],"predecessor-version":[{"id":952,"href":"https:\/\/www.be-cool.nl\/de\/wp-json\/wp\/v2\/pages\/951\/revisions\/952"}],"wp:attachment":[{"href":"https:\/\/www.be-cool.nl\/de\/wp-json\/wp\/v2\/media?parent=951"}],"curies":[{"name":"wp","href":"https:\/\/api.w.org\/{rel}","templated":true}]}}