{"id":971,"date":"2022-02-21T11:37:30","date_gmt":"2022-02-21T10:37:30","guid":{"rendered":"https:\/\/www.be-cool.nl\/?page_id=971"},"modified":"2022-03-03T10:50:41","modified_gmt":"2022-03-03T09:50:41","slug":"mobiler-adiabatischer-luftkuehler","status":"publish","type":"page","link":"https:\/\/www.be-cool.nl\/de\/mobiler-adiabatischer-luftkuehler\/","title":{"rendered":"Mobiler adiabatischer Luftk\u00fchler"},"content":{"rendered":"<h2>Der mobile adiabatische Luftk\u00fchler bei Be-Cool<\/h2>\n<p>M\u00f6chten Sie einen mobilen adiabatischen Luftk\u00fchler f\u00fcr Ihre R\u00e4umlichkeiten? Bei Be-Cool sind Sie an der richtigen Stelle angekommen. Wir verkaufen f\u00fcr jede Situation eine passende K\u00fchlung. Sie k\u00f6nnen sich einen adiabatischen Luftk\u00fchler, Verdunstungsk\u00fchler und Terrassenk\u00fchler vorstellen. Sie k\u00f6nnen zu uns kommen f\u00fcr K\u00fchler von ausgezeichneter Qualit\u00e4t und den besten Service. Ben\u00f6tigen Sie weitere Informationen \u00fcber adiabatische K\u00fchler? Dann lesen Sie weiter oder wenden Sie sich direkt an uns, um eine neue K\u00fchlung zu kaufen.<\/p>\n<h3>Die Vorteile von adiabatischen Luftk\u00fchlern<\/h3>\n<p>Wir verkaufen adiabatische Luftk\u00fchler der Marke Portacool. Die adiabatischen K\u00fchler verwenden ein spezielles Verdunstungsk\u00fchlsystem. Aber was genau ist Verdunstungsk\u00fchlung? Holen Sie sich Ihren Finger nass in einem Eimer Wasser und dann entlang des Fingers blasen. Durch die Verdunstung des Wassers f\u00fchlen Sie sich k\u00fchl. Dies wird auch adiabatische K\u00fchlung genannt. Das System bietet die M\u00f6glichkeit, gro\u00dfe Freifl\u00e4chen \u00f6kologisch und wirtschaftlich zu k\u00fchlen. Unsere energieeffizienten K\u00fchler machen die K\u00fchlung gro\u00dfer R\u00e4ume deutlich billiger.  <\/p>\n<h3>Wie funktioniert die mobile Portacool-K\u00fchlung?<\/h3>\n<p>Ein Portacool Luftk\u00fchler fungiert als eigenst\u00e4ndige K\u00fchlung, bei der w\u00e4rme durch Wasserverdunstung aus der Luft abgesaugt wird. Die patentierten K\u00fc\u00fcl Pads sind eine der wichtigsten Komponenten der Portacool adiabatischen Einheiten. Diese Pads bestehen aus komprimiertem Papier. Mit Hilfe einer Wasserpumpe wird Wasser aus dem Wassertank gepumpt. Das Wasser wird durch die Kan\u00e4le in den Pads gespeist, so dass sie \u00fcberall nass gehalten werden. Dann wird warme Luft durch die Pads angesaugt. Dadurch verdunstet das Wasser und die Luft wird gek\u00fchlt. Diese Luft wird auf kraftvolle Weise ausgeblasen. Die K\u00fc\u00fcl-Pads sorgen daf\u00fcr, dass die warme Luft um weitere 20% abgek\u00fchlt wird. Ein weiterer Vorteil ist, dass durch die ausgekl\u00fcgelte Struktur- und Platzierungsmethode der K\u00fc\u00fcl-Pads Schadstoffe aus der flie\u00dfenden Luft herausgefiltert werden. Es sorgt auch f\u00fcr sauberere Luft.<\/p>\n<h3>Die Vorteile eines Portacool<\/h3>\n<p>Wir m\u00f6chten die Vorteile eines Portacool f\u00fcr Sie auflisten:<\/p>\n<ul>\n<li>Einfach zu bewegen<\/li>\n<li>Niedrige Kosten<\/li>\n<li>Umweltfreundliche<\/li>\n<li>Keine Installationskosten<\/li>\n<li>Wasserversorgung \u00fcber Gartenschlauch oder F\u00fcllung<\/li>\n<li>Sorglos benutzerfreundlichkeit und nahezu wartungsfrei<\/li>\n<li>Langlebiges Geh\u00e4use aus aus einem Guss polyethylener Guss<\/li>\n<li>Ideal zur K\u00fchlung gro\u00dfer Raumstaubarbeitspl\u00e4tze<\/li>\n<\/ul>\n<h3>F\u00fcr weitere Informationen wenden Sie sich bitte an<\/h3>\n<p>Sind Sie neugierig auf einen neuen Luftk\u00fchler geworden? Dann kontaktieren Sie uns unter <a href=\"tel:0152002116\">015-2002116<\/a> oder per E-Mail <a href=mailto:info@be-cool.nl> <\/a> info@be-cool.nl. Sie k\u00f6nnen auch eine Nachricht \u00fcber unser Online-Kontaktformular hinterlassen. Wir freuen uns, f\u00fcr Sie da zu sein, wenn Sie einen mobilen adiabatischen K\u00fchler kaufen m\u00f6chten.<\/p>\n","protected":false},"excerpt":{"rendered":"<p>Der mobile adiabatische Luftk\u00fchler bei Be-Cool M\u00f6chten Sie einen mobilen adiabatischen Luftk\u00fchler f\u00fcr Ihre R\u00e4umlichkeiten? Bei Be-Cool sind Sie an der richtigen Stelle angekommen. Wir<a class=\"moretag\" href=\"https:\/\/www.be-cool.nl\/de\/mobiler-adiabatischer-luftkuehler\/\">&#8230;<\/a><\/p>\n","protected":false},"author":1,"featured_media":0,"parent":0,"menu_order":0,"comment_status":"closed","ping_status":"closed","template":"","meta":{"_glsr_average":0,"_glsr_ranking":0,"_glsr_reviews":0,"footnotes":""},"class_list":["post-971","page","type-page","status-publish","hentry"],"yoast_head":"<!-- This site is optimized with the Yoast SEO plugin v27.5 - https:\/\/yoast.com\/product\/yoast-seo-wordpress\/ -->\n<title>Mobiler adiabatischer Luftk\u00fchler - Be-Cool<\/title>\n<meta name=\"description\" content=\"M\u00f6chten Sie einen mobilen adiabatischen Luftk\u00fchler f\u00fcr Ihre R\u00e4umlichkeiten? Bitte kontaktieren Sie Be-Cool. Wir verkaufen hochwertige adiabatische Luftk\u00fchler. Sie k\u00f6nnen sich auch auf den besten Service bei uns verlassen. F\u00fcr weitere Informationen rufen Sie uns unter der Telefonnummer 015-2002116 an.\" \/>\n<meta name=\"robots\" content=\"index, follow, max-snippet:-1, max-image-preview:large, max-video-preview:-1\" \/>\n<link rel=\"canonical\" href=\"https:\/\/www.be-cool.nl\/de\/mobiler-adiabatischer-luftkuehler\/\" \/>\n<meta property=\"og:locale\" content=\"de_DE\" \/>\n<meta property=\"og:type\" content=\"article\" \/>\n<meta property=\"og:title\" content=\"Mobiler adiabatischer Luftk\u00fchler - Be-Cool\" \/>\n<meta property=\"og:description\" content=\"M\u00f6chten Sie einen mobilen adiabatischen Luftk\u00fchler f\u00fcr Ihre R\u00e4umlichkeiten? Bitte kontaktieren Sie Be-Cool. Wir verkaufen hochwertige adiabatische Luftk\u00fchler. Sie k\u00f6nnen sich auch auf den besten Service bei uns verlassen. F\u00fcr weitere Informationen rufen Sie uns unter der Telefonnummer 015-2002116 an.\" \/>\n<meta property=\"og:url\" content=\"https:\/\/www.be-cool.nl\/de\/mobiler-adiabatischer-luftkuehler\/\" \/>\n<meta property=\"og:site_name\" content=\"Be-Cool\" \/>\n<meta property=\"article:modified_time\" content=\"2022-03-03T09:50:41+00:00\" \/>\n<meta name=\"twitter:card\" content=\"summary_large_image\" \/>\n<meta name=\"twitter:label1\" content=\"Gesch\u00e4tzte Lesezeit\" \/>\n\t<meta name=\"twitter:data1\" content=\"2\u00a0Minuten\" \/>\n<script type=\"application\/ld+json\" class=\"yoast-schema-graph\">{\"@context\":\"https:\\\/\\\/schema.org\",\"@graph\":[{\"@type\":\"WebPage\",\"@id\":\"https:\\\/\\\/www.be-cool.nl\\\/de\\\/mobiler-adiabatischer-luftkuehler\\\/\",\"url\":\"https:\\\/\\\/www.be-cool.nl\\\/de\\\/mobiler-adiabatischer-luftkuehler\\\/\",\"name\":\"Mobiler adiabatischer Luftk\u00fchler - Be-Cool\",\"isPartOf\":{\"@id\":\"https:\\\/\\\/www.be-cool.nl\\\/de\\\/#website\"},\"datePublished\":\"2022-02-21T10:37:30+00:00\",\"dateModified\":\"2022-03-03T09:50:41+00:00\",\"description\":\"M\u00f6chten Sie einen mobilen adiabatischen Luftk\u00fchler f\u00fcr Ihre R\u00e4umlichkeiten? Bitte kontaktieren Sie Be-Cool. Wir verkaufen hochwertige adiabatische Luftk\u00fchler. Sie k\u00f6nnen sich auch auf den besten Service bei uns verlassen. F\u00fcr weitere Informationen rufen Sie uns unter der Telefonnummer 015-2002116 an.\",\"breadcrumb\":{\"@id\":\"https:\\\/\\\/www.be-cool.nl\\\/de\\\/mobiler-adiabatischer-luftkuehler\\\/#breadcrumb\"},\"inLanguage\":\"de\",\"potentialAction\":[{\"@type\":\"ReadAction\",\"target\":[\"https:\\\/\\\/www.be-cool.nl\\\/de\\\/mobiler-adiabatischer-luftkuehler\\\/\"]}]},{\"@type\":\"BreadcrumbList\",\"@id\":\"https:\\\/\\\/www.be-cool.nl\\\/de\\\/mobiler-adiabatischer-luftkuehler\\\/#breadcrumb\",\"itemListElement\":[{\"@type\":\"ListItem\",\"position\":1,\"name\":\"Home\",\"item\":\"https:\\\/\\\/www.be-cool.nl\\\/de\\\/\"},{\"@type\":\"ListItem\",\"position\":2,\"name\":\"Mobiler adiabatischer Luftk\u00fchler\"}]},{\"@type\":\"WebSite\",\"@id\":\"https:\\\/\\\/www.be-cool.nl\\\/de\\\/#website\",\"url\":\"https:\\\/\\\/www.be-cool.nl\\\/de\\\/\",\"name\":\"Be-Cool\",\"description\":\"\",\"publisher\":{\"@id\":\"https:\\\/\\\/www.be-cool.nl\\\/de\\\/#organization\"},\"potentialAction\":[{\"@type\":\"SearchAction\",\"target\":{\"@type\":\"EntryPoint\",\"urlTemplate\":\"https:\\\/\\\/www.be-cool.nl\\\/de\\\/?s={search_term_string}\"},\"query-input\":{\"@type\":\"PropertyValueSpecification\",\"valueRequired\":true,\"valueName\":\"search_term_string\"}}],\"inLanguage\":\"de\"},{\"@type\":\"Organization\",\"@id\":\"https:\\\/\\\/www.be-cool.nl\\\/de\\\/#organization\",\"name\":\"Be-Cool\",\"url\":\"https:\\\/\\\/www.be-cool.nl\\\/de\\\/\",\"logo\":{\"@type\":\"ImageObject\",\"inLanguage\":\"de\",\"@id\":\"https:\\\/\\\/www.be-cool.nl\\\/de\\\/#\\\/schema\\\/logo\\\/image\\\/\",\"url\":\"https:\\\/\\\/www.be-cool.nl\\\/wp-content\\\/uploads\\\/Be-cool_Logo.png\",\"contentUrl\":\"https:\\\/\\\/www.be-cool.nl\\\/wp-content\\\/uploads\\\/Be-cool_Logo.png\",\"width\":426,\"height\":142,\"caption\":\"Be-Cool\"},\"image\":{\"@id\":\"https:\\\/\\\/www.be-cool.nl\\\/de\\\/#\\\/schema\\\/logo\\\/image\\\/\"}}]}<\/script>\n<!-- \/ Yoast SEO plugin. -->","yoast_head_json":{"title":"Mobiler adiabatischer Luftk\u00fchler - Be-Cool","description":"M\u00f6chten Sie einen mobilen adiabatischen Luftk\u00fchler f\u00fcr Ihre R\u00e4umlichkeiten? Bitte kontaktieren Sie Be-Cool. Wir verkaufen hochwertige adiabatische Luftk\u00fchler. Sie k\u00f6nnen sich auch auf den besten Service bei uns verlassen. F\u00fcr weitere Informationen rufen Sie uns unter der Telefonnummer 015-2002116 an.","robots":{"index":"index","follow":"follow","max-snippet":"max-snippet:-1","max-image-preview":"max-image-preview:large","max-video-preview":"max-video-preview:-1"},"canonical":"https:\/\/www.be-cool.nl\/de\/mobiler-adiabatischer-luftkuehler\/","og_locale":"de_DE","og_type":"article","og_title":"Mobiler adiabatischer Luftk\u00fchler - Be-Cool","og_description":"M\u00f6chten Sie einen mobilen adiabatischen Luftk\u00fchler f\u00fcr Ihre R\u00e4umlichkeiten? Bitte kontaktieren Sie Be-Cool. Wir verkaufen hochwertige adiabatische Luftk\u00fchler. Sie k\u00f6nnen sich auch auf den besten Service bei uns verlassen. F\u00fcr weitere Informationen rufen Sie uns unter der Telefonnummer 015-2002116 an.","og_url":"https:\/\/www.be-cool.nl\/de\/mobiler-adiabatischer-luftkuehler\/","og_site_name":"Be-Cool","article_modified_time":"2022-03-03T09:50:41+00:00","twitter_card":"summary_large_image","twitter_misc":{"Gesch\u00e4tzte Lesezeit":"2\u00a0Minuten"},"schema":{"@context":"https:\/\/schema.org","@graph":[{"@type":"WebPage","@id":"https:\/\/www.be-cool.nl\/de\/mobiler-adiabatischer-luftkuehler\/","url":"https:\/\/www.be-cool.nl\/de\/mobiler-adiabatischer-luftkuehler\/","name":"Mobiler adiabatischer Luftk\u00fchler - Be-Cool","isPartOf":{"@id":"https:\/\/www.be-cool.nl\/de\/#website"},"datePublished":"2022-02-21T10:37:30+00:00","dateModified":"2022-03-03T09:50:41+00:00","description":"M\u00f6chten Sie einen mobilen adiabatischen Luftk\u00fchler f\u00fcr Ihre R\u00e4umlichkeiten? Bitte kontaktieren Sie Be-Cool. Wir verkaufen hochwertige adiabatische Luftk\u00fchler. Sie k\u00f6nnen sich auch auf den besten Service bei uns verlassen. F\u00fcr weitere Informationen rufen Sie uns unter der Telefonnummer 015-2002116 an.","breadcrumb":{"@id":"https:\/\/www.be-cool.nl\/de\/mobiler-adiabatischer-luftkuehler\/#breadcrumb"},"inLanguage":"de","potentialAction":[{"@type":"ReadAction","target":["https:\/\/www.be-cool.nl\/de\/mobiler-adiabatischer-luftkuehler\/"]}]},{"@type":"BreadcrumbList","@id":"https:\/\/www.be-cool.nl\/de\/mobiler-adiabatischer-luftkuehler\/#breadcrumb","itemListElement":[{"@type":"ListItem","position":1,"name":"Home","item":"https:\/\/www.be-cool.nl\/de\/"},{"@type":"ListItem","position":2,"name":"Mobiler adiabatischer Luftk\u00fchler"}]},{"@type":"WebSite","@id":"https:\/\/www.be-cool.nl\/de\/#website","url":"https:\/\/www.be-cool.nl\/de\/","name":"Be-Cool","description":"","publisher":{"@id":"https:\/\/www.be-cool.nl\/de\/#organization"},"potentialAction":[{"@type":"SearchAction","target":{"@type":"EntryPoint","urlTemplate":"https:\/\/www.be-cool.nl\/de\/?s={search_term_string}"},"query-input":{"@type":"PropertyValueSpecification","valueRequired":true,"valueName":"search_term_string"}}],"inLanguage":"de"},{"@type":"Organization","@id":"https:\/\/www.be-cool.nl\/de\/#organization","name":"Be-Cool","url":"https:\/\/www.be-cool.nl\/de\/","logo":{"@type":"ImageObject","inLanguage":"de","@id":"https:\/\/www.be-cool.nl\/de\/#\/schema\/logo\/image\/","url":"https:\/\/www.be-cool.nl\/wp-content\/uploads\/Be-cool_Logo.png","contentUrl":"https:\/\/www.be-cool.nl\/wp-content\/uploads\/Be-cool_Logo.png","width":426,"height":142,"caption":"Be-Cool"},"image":{"@id":"https:\/\/www.be-cool.nl\/de\/#\/schema\/logo\/image\/"}}]}},"_links":{"self":[{"href":"https:\/\/www.be-cool.nl\/de\/wp-json\/wp\/v2\/pages\/971","targetHints":{"allow":["GET"]}}],"collection":[{"href":"https:\/\/www.be-cool.nl\/de\/wp-json\/wp\/v2\/pages"}],"about":[{"href":"https:\/\/www.be-cool.nl\/de\/wp-json\/wp\/v2\/types\/page"}],"author":[{"embeddable":true,"href":"https:\/\/www.be-cool.nl\/de\/wp-json\/wp\/v2\/users\/1"}],"replies":[{"embeddable":true,"href":"https:\/\/www.be-cool.nl\/de\/wp-json\/wp\/v2\/comments?post=971"}],"version-history":[{"count":1,"href":"https:\/\/www.be-cool.nl\/de\/wp-json\/wp\/v2\/pages\/971\/revisions"}],"predecessor-version":[{"id":972,"href":"https:\/\/www.be-cool.nl\/de\/wp-json\/wp\/v2\/pages\/971\/revisions\/972"}],"wp:attachment":[{"href":"https:\/\/www.be-cool.nl\/de\/wp-json\/wp\/v2\/media?parent=971"}],"curies":[{"name":"wp","href":"https:\/\/api.w.org\/{rel}","templated":true}]}}