{"id":981,"date":"2022-02-21T11:37:59","date_gmt":"2022-02-21T10:37:59","guid":{"rendered":"https:\/\/www.be-cool.nl\/?page_id=981"},"modified":"2022-03-03T10:57:41","modified_gmt":"2022-03-03T09:57:41","slug":"mobile-kuehlsysteme","status":"publish","type":"page","link":"https:\/\/www.be-cool.nl\/de\/mobile-kuehlsysteme\/","title":{"rendered":"Mobile K\u00fchlsysteme"},"content":{"rendered":"<h2>Mobile Be-Cool-K\u00fchlsysteme<\/h2>\n<p>M\u00f6chten Sie, dass mobile Luftk\u00fchlersysteme die R\u00e4ume in Ihren R\u00e4umlichkeiten k\u00fchlen? Schauen Sie sich die gro\u00dfe Auswahl an K\u00fchlsystemen bei Be-Cool an. Die Systeme geh\u00f6ren der Marke Portacool an und sind f\u00fcr ihre hervorragende Qualit\u00e4t bekannt. Kaufen Sie bei uns einen Luftk\u00fchler? Dann k\u00f6nnen Sie sich auf einen guten Service verlassen. Wenn Sie Hilfe bei der Auswahl des richtigen Systems ben\u00f6tigen, beraten wir Sie gerne ma\u00dfgeschneidert.  <\/p>\n<h3>Nutzen Sie unsere mobilen K\u00fchler<\/h3>\n<p>Die mobilen K\u00fchlsysteme von Be-Cool sind mit einem einzigartigen Verdunstungsk\u00fchlsystem ausgestattet. Sie bemerken die Wirkung der Verdunstungsk\u00fchlung, wenn Sie Ihren Finger in ein Glas Wasser tauchen und daran vorbeiblasen. Sie sp\u00fcren dann K\u00fchle durch Verdunstung verursacht. Gro\u00dfe R\u00e4ume werden mit diesem System energieeffizient gek\u00fchlt. Die K\u00fchlung mit diesen Luftk\u00fchlern ist viel billiger als mit normalen K\u00fchlern. Das Ger\u00e4t ist nicht nur gut f\u00fcr das Portemonnaie, sondern auch besser f\u00fcr die Umwelt.  <\/p>\n<h3>Wie funktionieren die mobilen Portacool-Systeme?<\/h3>\n<p>Wie funktionieren die mobilen K\u00fchlsysteme von Portacool? Die mobilen Luftk\u00fchlersysteme nutzen die patentierten K\u00fc\u00fcl-Pads, um W\u00e4rme aus der Luft zu gewinnen. Die Pads sind aus speziell komprimiertem Papier gefertigt und enthalten kleine Kan\u00e4le. Die Wasserpumpe in den mobilen Systemen pumpt das Wasser durch die Kan\u00e4le der Pads. Die Pads werden gleichm\u00e4\u00dfig nass gehalten. Dann wird die warme Luft entlang der Pads geblasen. Das Wasser in den Pads verdunstet und erzeugt die kalte Luft. Schlie\u00dflich wird die kalte Luft in Ihrem Zimmer kr\u00e4ftig ausgeblasen. Mit Hilfe der K\u00fc\u00fcl-Pads wird warme Luft um weitere 20% abgek\u00fchlt. Die Pads sind auch in der Lage, Schadstoffe aus der Luft zu filtern. Welchen Luftk\u00fchler w\u00e4hlen Sie? Gehen Sie auf uns zu und wir helfen Ihnen bei der Auswahl des richtigen K\u00fchlers.  <\/p>\n<h3>Die Eigenschaften der K\u00fchlsysteme<\/h3>\n<p>Entscheiden Sie sich f\u00fcr unsere mobilen Luftk\u00fchlersysteme? Dann profitieren Sie von folgenden Vorteilen:<\/p>\n<ul>\n<li>Niedrige Kosten<\/li>\n<li>Umweltfreundliche<\/li>\n<li>Nahezu wartungsfrei<\/li>\n<li>Keine Installationskosten<\/li>\n<li>Einfach zu bewegen<\/li>\n<li>Wasserversorgung \u00fcber Gartenschlauch oder F\u00fcllung<\/li>\n<li>Langlebiges Geh\u00e4use aus Polyethylenguss<\/li>\n<li>Ideal f\u00fcr Arbeitspl\u00e4tze mit hohem Platz<\/li>\n<\/ul>\n<h3>Wenden Sie sich an uns f\u00fcr K\u00fchlsysteme<\/h3>\n<p>Ben\u00f6tigen Sie mobile K\u00fchlsysteme? Bitte kontaktieren Sie uns unter <a href=\"tel:0152002116\">015-2002116<\/a>. Sie k\u00f6nnen per <a href=mailto:info@be-cool.nl> E-Mail info@be-cool.nl senden oder eine Nachricht in unserem Online-Kontaktformular <\/a> hinterlassen. Wir m\u00f6chten Sie weiter \u00fcber unsere mobilen Luftk\u00fchlersysteme informieren.  <\/p>\n","protected":false},"excerpt":{"rendered":"<p>Mobile Be-Cool-K\u00fchlsysteme M\u00f6chten Sie, dass mobile Luftk\u00fchlersysteme die R\u00e4ume in Ihren R\u00e4umlichkeiten k\u00fchlen? Schauen Sie sich die gro\u00dfe Auswahl an K\u00fchlsystemen bei Be-Cool an. Die<a class=\"moretag\" href=\"https:\/\/www.be-cool.nl\/de\/mobile-kuehlsysteme\/\">&#8230;<\/a><\/p>\n","protected":false},"author":1,"featured_media":0,"parent":0,"menu_order":0,"comment_status":"closed","ping_status":"closed","template":"","meta":{"_glsr_average":0,"_glsr_ranking":0,"_glsr_reviews":0,"footnotes":""},"class_list":["post-981","page","type-page","status-publish","hentry"],"yoast_head":"<!-- This site is optimized with the Yoast SEO plugin v27.5 - https:\/\/yoast.com\/product\/yoast-seo-wordpress\/ -->\n<title>Mobile K\u00fchlsysteme - Be-Cool<\/title>\n<meta name=\"description\" content=\"M\u00f6chten Sie mobile Luftk\u00fchlersysteme in Ihrem Unternehmen oder zu Hause einsetzen? Werfen Sie einen Blick auf die breite Palette von Be-Cool. Bei uns finden Sie genau den energieeffizienten Luftk\u00fchler, den Sie sich w\u00fcnschen. M\u00f6chten Sie Ihren Raum auch energieeffizient k\u00fchlen? Rufen Sie \u260e 015-2002116 an.\" \/>\n<meta name=\"robots\" content=\"index, follow, max-snippet:-1, max-image-preview:large, max-video-preview:-1\" \/>\n<link rel=\"canonical\" href=\"https:\/\/www.be-cool.nl\/de\/mobile-kuehlsysteme\/\" \/>\n<meta property=\"og:locale\" content=\"de_DE\" \/>\n<meta property=\"og:type\" content=\"article\" \/>\n<meta property=\"og:title\" content=\"Mobile K\u00fchlsysteme - Be-Cool\" \/>\n<meta property=\"og:description\" content=\"M\u00f6chten Sie mobile Luftk\u00fchlersysteme in Ihrem Unternehmen oder zu Hause einsetzen? Werfen Sie einen Blick auf die breite Palette von Be-Cool. Bei uns finden Sie genau den energieeffizienten Luftk\u00fchler, den Sie sich w\u00fcnschen. M\u00f6chten Sie Ihren Raum auch energieeffizient k\u00fchlen? Rufen Sie \u260e 015-2002116 an.\" \/>\n<meta property=\"og:url\" content=\"https:\/\/www.be-cool.nl\/de\/mobile-kuehlsysteme\/\" \/>\n<meta property=\"og:site_name\" content=\"Be-Cool\" \/>\n<meta property=\"article:modified_time\" content=\"2022-03-03T09:57:41+00:00\" \/>\n<meta name=\"twitter:card\" content=\"summary_large_image\" \/>\n<meta name=\"twitter:label1\" content=\"Gesch\u00e4tzte Lesezeit\" \/>\n\t<meta name=\"twitter:data1\" content=\"2\u00a0Minuten\" \/>\n<script type=\"application\/ld+json\" class=\"yoast-schema-graph\">{\"@context\":\"https:\\\/\\\/schema.org\",\"@graph\":[{\"@type\":\"WebPage\",\"@id\":\"https:\\\/\\\/www.be-cool.nl\\\/de\\\/mobile-kuehlsysteme\\\/\",\"url\":\"https:\\\/\\\/www.be-cool.nl\\\/de\\\/mobile-kuehlsysteme\\\/\",\"name\":\"Mobile K\u00fchlsysteme - Be-Cool\",\"isPartOf\":{\"@id\":\"https:\\\/\\\/www.be-cool.nl\\\/de\\\/#website\"},\"datePublished\":\"2022-02-21T10:37:59+00:00\",\"dateModified\":\"2022-03-03T09:57:41+00:00\",\"description\":\"M\u00f6chten Sie mobile Luftk\u00fchlersysteme in Ihrem Unternehmen oder zu Hause einsetzen? Werfen Sie einen Blick auf die breite Palette von Be-Cool. Bei uns finden Sie genau den energieeffizienten Luftk\u00fchler, den Sie sich w\u00fcnschen. M\u00f6chten Sie Ihren Raum auch energieeffizient k\u00fchlen? Rufen Sie \u260e 015-2002116 an.\",\"breadcrumb\":{\"@id\":\"https:\\\/\\\/www.be-cool.nl\\\/de\\\/mobile-kuehlsysteme\\\/#breadcrumb\"},\"inLanguage\":\"de\",\"potentialAction\":[{\"@type\":\"ReadAction\",\"target\":[\"https:\\\/\\\/www.be-cool.nl\\\/de\\\/mobile-kuehlsysteme\\\/\"]}]},{\"@type\":\"BreadcrumbList\",\"@id\":\"https:\\\/\\\/www.be-cool.nl\\\/de\\\/mobile-kuehlsysteme\\\/#breadcrumb\",\"itemListElement\":[{\"@type\":\"ListItem\",\"position\":1,\"name\":\"Home\",\"item\":\"https:\\\/\\\/www.be-cool.nl\\\/de\\\/\"},{\"@type\":\"ListItem\",\"position\":2,\"name\":\"Mobile K\u00fchlsysteme\"}]},{\"@type\":\"WebSite\",\"@id\":\"https:\\\/\\\/www.be-cool.nl\\\/de\\\/#website\",\"url\":\"https:\\\/\\\/www.be-cool.nl\\\/de\\\/\",\"name\":\"Be-Cool\",\"description\":\"\",\"publisher\":{\"@id\":\"https:\\\/\\\/www.be-cool.nl\\\/de\\\/#organization\"},\"potentialAction\":[{\"@type\":\"SearchAction\",\"target\":{\"@type\":\"EntryPoint\",\"urlTemplate\":\"https:\\\/\\\/www.be-cool.nl\\\/de\\\/?s={search_term_string}\"},\"query-input\":{\"@type\":\"PropertyValueSpecification\",\"valueRequired\":true,\"valueName\":\"search_term_string\"}}],\"inLanguage\":\"de\"},{\"@type\":\"Organization\",\"@id\":\"https:\\\/\\\/www.be-cool.nl\\\/de\\\/#organization\",\"name\":\"Be-Cool\",\"url\":\"https:\\\/\\\/www.be-cool.nl\\\/de\\\/\",\"logo\":{\"@type\":\"ImageObject\",\"inLanguage\":\"de\",\"@id\":\"https:\\\/\\\/www.be-cool.nl\\\/de\\\/#\\\/schema\\\/logo\\\/image\\\/\",\"url\":\"https:\\\/\\\/www.be-cool.nl\\\/wp-content\\\/uploads\\\/Be-cool_Logo.png\",\"contentUrl\":\"https:\\\/\\\/www.be-cool.nl\\\/wp-content\\\/uploads\\\/Be-cool_Logo.png\",\"width\":426,\"height\":142,\"caption\":\"Be-Cool\"},\"image\":{\"@id\":\"https:\\\/\\\/www.be-cool.nl\\\/de\\\/#\\\/schema\\\/logo\\\/image\\\/\"}}]}<\/script>\n<!-- \/ Yoast SEO plugin. -->","yoast_head_json":{"title":"Mobile K\u00fchlsysteme - Be-Cool","description":"M\u00f6chten Sie mobile Luftk\u00fchlersysteme in Ihrem Unternehmen oder zu Hause einsetzen? Werfen Sie einen Blick auf die breite Palette von Be-Cool. Bei uns finden Sie genau den energieeffizienten Luftk\u00fchler, den Sie sich w\u00fcnschen. M\u00f6chten Sie Ihren Raum auch energieeffizient k\u00fchlen? Rufen Sie \u260e 015-2002116 an.","robots":{"index":"index","follow":"follow","max-snippet":"max-snippet:-1","max-image-preview":"max-image-preview:large","max-video-preview":"max-video-preview:-1"},"canonical":"https:\/\/www.be-cool.nl\/de\/mobile-kuehlsysteme\/","og_locale":"de_DE","og_type":"article","og_title":"Mobile K\u00fchlsysteme - Be-Cool","og_description":"M\u00f6chten Sie mobile Luftk\u00fchlersysteme in Ihrem Unternehmen oder zu Hause einsetzen? Werfen Sie einen Blick auf die breite Palette von Be-Cool. Bei uns finden Sie genau den energieeffizienten Luftk\u00fchler, den Sie sich w\u00fcnschen. M\u00f6chten Sie Ihren Raum auch energieeffizient k\u00fchlen? Rufen Sie \u260e 015-2002116 an.","og_url":"https:\/\/www.be-cool.nl\/de\/mobile-kuehlsysteme\/","og_site_name":"Be-Cool","article_modified_time":"2022-03-03T09:57:41+00:00","twitter_card":"summary_large_image","twitter_misc":{"Gesch\u00e4tzte Lesezeit":"2\u00a0Minuten"},"schema":{"@context":"https:\/\/schema.org","@graph":[{"@type":"WebPage","@id":"https:\/\/www.be-cool.nl\/de\/mobile-kuehlsysteme\/","url":"https:\/\/www.be-cool.nl\/de\/mobile-kuehlsysteme\/","name":"Mobile K\u00fchlsysteme - Be-Cool","isPartOf":{"@id":"https:\/\/www.be-cool.nl\/de\/#website"},"datePublished":"2022-02-21T10:37:59+00:00","dateModified":"2022-03-03T09:57:41+00:00","description":"M\u00f6chten Sie mobile Luftk\u00fchlersysteme in Ihrem Unternehmen oder zu Hause einsetzen? Werfen Sie einen Blick auf die breite Palette von Be-Cool. Bei uns finden Sie genau den energieeffizienten Luftk\u00fchler, den Sie sich w\u00fcnschen. M\u00f6chten Sie Ihren Raum auch energieeffizient k\u00fchlen? Rufen Sie \u260e 015-2002116 an.","breadcrumb":{"@id":"https:\/\/www.be-cool.nl\/de\/mobile-kuehlsysteme\/#breadcrumb"},"inLanguage":"de","potentialAction":[{"@type":"ReadAction","target":["https:\/\/www.be-cool.nl\/de\/mobile-kuehlsysteme\/"]}]},{"@type":"BreadcrumbList","@id":"https:\/\/www.be-cool.nl\/de\/mobile-kuehlsysteme\/#breadcrumb","itemListElement":[{"@type":"ListItem","position":1,"name":"Home","item":"https:\/\/www.be-cool.nl\/de\/"},{"@type":"ListItem","position":2,"name":"Mobile K\u00fchlsysteme"}]},{"@type":"WebSite","@id":"https:\/\/www.be-cool.nl\/de\/#website","url":"https:\/\/www.be-cool.nl\/de\/","name":"Be-Cool","description":"","publisher":{"@id":"https:\/\/www.be-cool.nl\/de\/#organization"},"potentialAction":[{"@type":"SearchAction","target":{"@type":"EntryPoint","urlTemplate":"https:\/\/www.be-cool.nl\/de\/?s={search_term_string}"},"query-input":{"@type":"PropertyValueSpecification","valueRequired":true,"valueName":"search_term_string"}}],"inLanguage":"de"},{"@type":"Organization","@id":"https:\/\/www.be-cool.nl\/de\/#organization","name":"Be-Cool","url":"https:\/\/www.be-cool.nl\/de\/","logo":{"@type":"ImageObject","inLanguage":"de","@id":"https:\/\/www.be-cool.nl\/de\/#\/schema\/logo\/image\/","url":"https:\/\/www.be-cool.nl\/wp-content\/uploads\/Be-cool_Logo.png","contentUrl":"https:\/\/www.be-cool.nl\/wp-content\/uploads\/Be-cool_Logo.png","width":426,"height":142,"caption":"Be-Cool"},"image":{"@id":"https:\/\/www.be-cool.nl\/de\/#\/schema\/logo\/image\/"}}]}},"_links":{"self":[{"href":"https:\/\/www.be-cool.nl\/de\/wp-json\/wp\/v2\/pages\/981","targetHints":{"allow":["GET"]}}],"collection":[{"href":"https:\/\/www.be-cool.nl\/de\/wp-json\/wp\/v2\/pages"}],"about":[{"href":"https:\/\/www.be-cool.nl\/de\/wp-json\/wp\/v2\/types\/page"}],"author":[{"embeddable":true,"href":"https:\/\/www.be-cool.nl\/de\/wp-json\/wp\/v2\/users\/1"}],"replies":[{"embeddable":true,"href":"https:\/\/www.be-cool.nl\/de\/wp-json\/wp\/v2\/comments?post=981"}],"version-history":[{"count":1,"href":"https:\/\/www.be-cool.nl\/de\/wp-json\/wp\/v2\/pages\/981\/revisions"}],"predecessor-version":[{"id":982,"href":"https:\/\/www.be-cool.nl\/de\/wp-json\/wp\/v2\/pages\/981\/revisions\/982"}],"wp:attachment":[{"href":"https:\/\/www.be-cool.nl\/de\/wp-json\/wp\/v2\/media?parent=981"}],"curies":[{"name":"wp","href":"https:\/\/api.w.org\/{rel}","templated":true}]}}