{"id":1413,"date":"2022-03-07T12:30:17","date_gmt":"2022-03-07T11:30:17","guid":{"rendered":"https:\/\/www.be-cool.nl\/?post_type=product&#038;p=1413"},"modified":"2022-06-08T08:40:24","modified_gmt":"2022-06-08T06:40:24","slug":"rtv-a300-uv-c-luftfilter","status":"publish","type":"product","link":"https:\/\/www.be-cool.nl\/de\/winkel\/be-cool-serie-de\/rtv-a300-uv-c-luftfilter\/","title":{"rendered":"RTV-A300 UV-C LUFTFILTER"},"content":{"rendered":"<div class=\"wpb-content-wrapper\"><p>[vc_row full_width=&#8220;stretch_row&#8220; css=&#8220;.vc_custom_1644047158141{padding-top: 60px !important;padding-bottom: 60px !important;background-color: rgba(241,241,241,0.6) !important;*background-color: rgb(241,241,241) !important;}&#8220;][vc_column][vc_row_inner equal_height=&#8220;yes&#8220; content_placement=&#8220;middle&#8220;][vc_column_inner width=&#8220;2\/3&#8243;][vc_column_text]<\/p>\n<h3>Spezifikationen<\/h3>\n<p>Das Ger\u00e4t bietet eine L\u00f6sung f\u00fcr verschiedene Probleme in der Luft: Pollen, Ger\u00fcche oder sch\u00e4dliche Mikroorganismen.<\/p>\n<p>Das Ger\u00e4t hat eine einzigartig gro\u00dfe Kapazit\u00e4t in Kombination mit einem sehr attraktiven Preis. Die jahrelange Entwicklung hat es erm\u00f6glicht, das Ger\u00e4t sehr kompakt und leicht zu machen. Dadurch l\u00e4sst sich das Ger\u00e4t leicht bewegen und nimmt wenig Platz ein.<\/p>\n<p>Die Luftzufuhr erfolgt von zwei Seiten des Ger\u00e4tes. Anschlie\u00dfend wird die angesaugte Luft beidseitig durch ein Desinfektionsmodul geleitet. Der leistungsstarke Ventilator bl\u00e4st dann die saubere Luft an der Oberseite des Ger\u00e4ts in 4 Richtungen aus.[\/vc_column_text][vc_btn title=&#8220;Klicken Sie hier f\u00fcr die Pr\u00e4sentation&#8220; style=&#8220;custom&#8220; custom_background=&#8220;#0db42d&#8220; custom_text=&#8220;#ffffff&#8220; size=&#8220;lg&#8220; link=&#8220;url:%2Fwp-content%2Fuploads%2FBe-cool-Presentatie-ventilatie-luchtdesinfectie-2.pdf|target:_blank&#8220;][\/vc_column_inner][vc_column_inner width=&#8220;1\/3&#8243;][vc_single_image image=&#8220;1255&#8243; img_size=&#8220;full&#8220;][\/vc_column_inner][\/vc_row_inner][\/vc_column][\/vc_row][vc_row full_width=&#8220;stretch_row&#8220; el_class=&#8220;center black-bg&#8220; css=&#8220;.vc_custom_1644050982268{padding-bottom: 20px !important;background-color: #000000 !important;}&#8220;][vc_column][vc_column_text]<\/p>\n<h2>Neugierig auf die M\u00f6glichkeiten?<\/h2>\n<p>[\/vc_column_text][vc_btn title=&#8220;015 \u2013 200 2116&#8243; style=&#8220;custom&#8220; custom_background=&#8220;&#8220; custom_text=&#8220;&#8220; i_icon_fontawesome=&#8220;fas fa-phone-alt&#8220; add_icon=&#8220;true&#8220; link=&#8220;url:tel%3A015%E2%80%932002116&#8243; el_class=&#8220;green-btn&#8220;][vc_btn title=&#8220;info@be-cool.nl&#8220; style=&#8220;custom&#8220; custom_background=&#8220;&#8220; custom_text=&#8220;&#8220; i_icon_fontawesome=&#8220;fas fa-envelope&#8220; add_icon=&#8220;true&#8220; link=&#8220;url:mailto%3Ainfo%40be-cool.nl&#8220; el_class=&#8220;border-green-btn&#8220;][\/vc_column][\/vc_row][vc_row full_width=&#8220;stretch_row&#8220; css=&#8220;.vc_custom_1644049437861{padding-top: 40px !important;padding-bottom: 40px !important;}&#8220;][vc_column offset=&#8220;vc_hidden-lg vc_hidden-md vc_hidden-sm vc_hidden-xs&#8220;][vc_row_inner][vc_column_inner][vc_column_text]<\/p>\n<h3>Kenmerken<\/h3>\n<ul class=\"check-icon\">\n<li>Deze effici\u00ebnte adiabatische koeler maakt gebruik van ongeveer dezelfde versterkers als een standaard stofzuiger<\/li>\n<li>Subsidie mogelijkheden<\/li>\n<li>Grotere afvoer zorgt voor eenvoudig en effectief onderhoud<\/li>\n<li>Uitgerust met Comfort verdamping K\u00fc\u00fcl pads , de hoogste kwaliteit K\u00fc\u00fcl pads beschikbaar en is gemaakt in de VS exclusief voor Port A Cool producten.<\/li>\n<li>Water indicator met automatische pomp uitschakeling beschermt uw product.<\/li>\n<li>Levenslange garantie op de omhulsel van de verdampingskoeler tegen fabrieksfouten en drie jaar garantie op alle elektrische componenten<\/li>\n<\/ul>\n<p>[\/vc_column_text][\/vc_column_inner][\/vc_row_inner][\/vc_column][\/vc_row]<\/p>\n<\/div>","protected":false},"excerpt":{"rendered":"<p>Das RTV-A300 ist ein hochwertiges, mobiles Luftentkeimungsger\u00e4t f\u00fcr R\u00e4ume bis ca. 400 qm (1200 M3). Der RTV-A300 wurde in den Niederlanden entworfen und entwickelt und wird in den Niederlanden produziert.<\/p>\n","protected":false},"featured_media":1270,"template":"","meta":{"_glsr_average":0,"_glsr_ranking":0,"_glsr_reviews":0},"product_brand":[],"product_cat":[110],"product_tag":[],"class_list":{"0":"post-1413","1":"product","2":"type-product","3":"status-publish","4":"has-post-thumbnail","6":"product_cat-be-cool-serie-de","8":"first","9":"instock","10":"shipping-taxable","11":"product-type-simple"},"yoast_head":"<!-- This site is optimized with the Yoast SEO plugin v27.4 - https:\/\/yoast.com\/product\/yoast-seo-wordpress\/ -->\n<title>RTV-A300 UV-C LUFTFILTER - Be-Cool<\/title>\n<meta name=\"robots\" content=\"index, follow, max-snippet:-1, max-image-preview:large, max-video-preview:-1\" \/>\n<link rel=\"canonical\" href=\"https:\/\/www.be-cool.nl\/de\/winkel\/be-cool-serie-de\/rtv-a300-uv-c-luftfilter\/\" \/>\n<meta property=\"og:locale\" content=\"de_DE\" \/>\n<meta property=\"og:type\" content=\"article\" \/>\n<meta property=\"og:title\" content=\"RTV-A300 UV-C LUFTFILTER - Be-Cool\" \/>\n<meta property=\"og:description\" content=\"Das RTV-A300 ist ein hochwertiges, mobiles Luftentkeimungsger\u00e4t f\u00fcr R\u00e4ume bis ca. 400 qm (1200 M3). Der RTV-A300 wurde in den Niederlanden entworfen und entwickelt und wird in den Niederlanden produziert.\" \/>\n<meta property=\"og:url\" content=\"https:\/\/www.be-cool.nl\/de\/winkel\/be-cool-serie-de\/rtv-a300-uv-c-luftfilter\/\" \/>\n<meta property=\"og:site_name\" content=\"Be-Cool\" \/>\n<meta property=\"article:modified_time\" content=\"2022-06-08T06:40:24+00:00\" \/>\n<meta property=\"og:image\" content=\"https:\/\/www.be-cool.nl\/wp-content\/uploads\/RTV-A300-UV-C-LUCHTREINIGER_1024x1024.jpg\" \/>\n\t<meta property=\"og:image:width\" content=\"1024\" \/>\n\t<meta property=\"og:image:height\" content=\"1024\" \/>\n\t<meta property=\"og:image:type\" content=\"image\/jpeg\" \/>\n<meta name=\"twitter:card\" content=\"summary_large_image\" \/>\n<meta name=\"twitter:label1\" content=\"Gesch\u00e4tzte Lesezeit\" \/>\n\t<meta name=\"twitter:data1\" content=\"2\u00a0Minuten\" \/>\n<script type=\"application\/ld+json\" class=\"yoast-schema-graph\">{\"@context\":\"https:\\\/\\\/schema.org\",\"@graph\":[{\"@type\":\"WebPage\",\"@id\":\"https:\\\/\\\/www.be-cool.nl\\\/de\\\/winkel\\\/be-cool-serie-de\\\/rtv-a300-uv-c-luftfilter\\\/\",\"url\":\"https:\\\/\\\/www.be-cool.nl\\\/de\\\/winkel\\\/be-cool-serie-de\\\/rtv-a300-uv-c-luftfilter\\\/\",\"name\":\"RTV-A300 UV-C LUFTFILTER - Be-Cool\",\"isPartOf\":{\"@id\":\"https:\\\/\\\/www.be-cool.nl\\\/de\\\/#website\"},\"primaryImageOfPage\":{\"@id\":\"https:\\\/\\\/www.be-cool.nl\\\/de\\\/winkel\\\/be-cool-serie-de\\\/rtv-a300-uv-c-luftfilter\\\/#primaryimage\"},\"image\":{\"@id\":\"https:\\\/\\\/www.be-cool.nl\\\/de\\\/winkel\\\/be-cool-serie-de\\\/rtv-a300-uv-c-luftfilter\\\/#primaryimage\"},\"thumbnailUrl\":\"https:\\\/\\\/www.be-cool.nl\\\/wp-content\\\/uploads\\\/RTV-A300-UV-C-LUCHTREINIGER_1024x1024.jpg\",\"datePublished\":\"2022-03-07T11:30:17+00:00\",\"dateModified\":\"2022-06-08T06:40:24+00:00\",\"breadcrumb\":{\"@id\":\"https:\\\/\\\/www.be-cool.nl\\\/de\\\/winkel\\\/be-cool-serie-de\\\/rtv-a300-uv-c-luftfilter\\\/#breadcrumb\"},\"inLanguage\":\"de\",\"potentialAction\":[{\"@type\":\"ReadAction\",\"target\":[\"https:\\\/\\\/www.be-cool.nl\\\/de\\\/winkel\\\/be-cool-serie-de\\\/rtv-a300-uv-c-luftfilter\\\/\"]}]},{\"@type\":\"ImageObject\",\"inLanguage\":\"de\",\"@id\":\"https:\\\/\\\/www.be-cool.nl\\\/de\\\/winkel\\\/be-cool-serie-de\\\/rtv-a300-uv-c-luftfilter\\\/#primaryimage\",\"url\":\"https:\\\/\\\/www.be-cool.nl\\\/wp-content\\\/uploads\\\/RTV-A300-UV-C-LUCHTREINIGER_1024x1024.jpg\",\"contentUrl\":\"https:\\\/\\\/www.be-cool.nl\\\/wp-content\\\/uploads\\\/RTV-A300-UV-C-LUCHTREINIGER_1024x1024.jpg\",\"width\":1024,\"height\":1024},{\"@type\":\"BreadcrumbList\",\"@id\":\"https:\\\/\\\/www.be-cool.nl\\\/de\\\/winkel\\\/be-cool-serie-de\\\/rtv-a300-uv-c-luftfilter\\\/#breadcrumb\",\"itemListElement\":[{\"@type\":\"ListItem\",\"position\":1,\"name\":\"Home\",\"item\":\"https:\\\/\\\/www.be-cool.nl\\\/de\\\/\"},{\"@type\":\"ListItem\",\"position\":2,\"name\":\"Producten\",\"item\":\"https:\\\/\\\/www.be-cool.nl\\\/producten\\\/\"},{\"@type\":\"ListItem\",\"position\":3,\"name\":\"RTV-A300 UV-C LUFTFILTER\"}]},{\"@type\":\"WebSite\",\"@id\":\"https:\\\/\\\/www.be-cool.nl\\\/de\\\/#website\",\"url\":\"https:\\\/\\\/www.be-cool.nl\\\/de\\\/\",\"name\":\"Be-Cool\",\"description\":\"\",\"publisher\":{\"@id\":\"https:\\\/\\\/www.be-cool.nl\\\/de\\\/#organization\"},\"potentialAction\":[{\"@type\":\"SearchAction\",\"target\":{\"@type\":\"EntryPoint\",\"urlTemplate\":\"https:\\\/\\\/www.be-cool.nl\\\/de\\\/?s={search_term_string}\"},\"query-input\":{\"@type\":\"PropertyValueSpecification\",\"valueRequired\":true,\"valueName\":\"search_term_string\"}}],\"inLanguage\":\"de\"},{\"@type\":\"Organization\",\"@id\":\"https:\\\/\\\/www.be-cool.nl\\\/de\\\/#organization\",\"name\":\"Be-Cool\",\"url\":\"https:\\\/\\\/www.be-cool.nl\\\/de\\\/\",\"logo\":{\"@type\":\"ImageObject\",\"inLanguage\":\"de\",\"@id\":\"https:\\\/\\\/www.be-cool.nl\\\/de\\\/#\\\/schema\\\/logo\\\/image\\\/\",\"url\":\"https:\\\/\\\/www.be-cool.nl\\\/wp-content\\\/uploads\\\/Be-cool_Logo.png\",\"contentUrl\":\"https:\\\/\\\/www.be-cool.nl\\\/wp-content\\\/uploads\\\/Be-cool_Logo.png\",\"width\":426,\"height\":142,\"caption\":\"Be-Cool\"},\"image\":{\"@id\":\"https:\\\/\\\/www.be-cool.nl\\\/de\\\/#\\\/schema\\\/logo\\\/image\\\/\"}}]}<\/script>\n<!-- \/ Yoast SEO plugin. -->","yoast_head_json":{"title":"RTV-A300 UV-C LUFTFILTER - Be-Cool","robots":{"index":"index","follow":"follow","max-snippet":"max-snippet:-1","max-image-preview":"max-image-preview:large","max-video-preview":"max-video-preview:-1"},"canonical":"https:\/\/www.be-cool.nl\/de\/winkel\/be-cool-serie-de\/rtv-a300-uv-c-luftfilter\/","og_locale":"de_DE","og_type":"article","og_title":"RTV-A300 UV-C LUFTFILTER - Be-Cool","og_description":"Das RTV-A300 ist ein hochwertiges, mobiles Luftentkeimungsger\u00e4t f\u00fcr R\u00e4ume bis ca. 400 qm (1200 M3). Der RTV-A300 wurde in den Niederlanden entworfen und entwickelt und wird in den Niederlanden produziert.","og_url":"https:\/\/www.be-cool.nl\/de\/winkel\/be-cool-serie-de\/rtv-a300-uv-c-luftfilter\/","og_site_name":"Be-Cool","article_modified_time":"2022-06-08T06:40:24+00:00","og_image":[{"width":1024,"height":1024,"url":"https:\/\/www.be-cool.nl\/wp-content\/uploads\/RTV-A300-UV-C-LUCHTREINIGER_1024x1024.jpg","type":"image\/jpeg"}],"twitter_card":"summary_large_image","twitter_misc":{"Gesch\u00e4tzte Lesezeit":"2\u00a0Minuten"},"schema":{"@context":"https:\/\/schema.org","@graph":[{"@type":"WebPage","@id":"https:\/\/www.be-cool.nl\/de\/winkel\/be-cool-serie-de\/rtv-a300-uv-c-luftfilter\/","url":"https:\/\/www.be-cool.nl\/de\/winkel\/be-cool-serie-de\/rtv-a300-uv-c-luftfilter\/","name":"RTV-A300 UV-C LUFTFILTER - Be-Cool","isPartOf":{"@id":"https:\/\/www.be-cool.nl\/de\/#website"},"primaryImageOfPage":{"@id":"https:\/\/www.be-cool.nl\/de\/winkel\/be-cool-serie-de\/rtv-a300-uv-c-luftfilter\/#primaryimage"},"image":{"@id":"https:\/\/www.be-cool.nl\/de\/winkel\/be-cool-serie-de\/rtv-a300-uv-c-luftfilter\/#primaryimage"},"thumbnailUrl":"https:\/\/www.be-cool.nl\/wp-content\/uploads\/RTV-A300-UV-C-LUCHTREINIGER_1024x1024.jpg","datePublished":"2022-03-07T11:30:17+00:00","dateModified":"2022-06-08T06:40:24+00:00","breadcrumb":{"@id":"https:\/\/www.be-cool.nl\/de\/winkel\/be-cool-serie-de\/rtv-a300-uv-c-luftfilter\/#breadcrumb"},"inLanguage":"de","potentialAction":[{"@type":"ReadAction","target":["https:\/\/www.be-cool.nl\/de\/winkel\/be-cool-serie-de\/rtv-a300-uv-c-luftfilter\/"]}]},{"@type":"ImageObject","inLanguage":"de","@id":"https:\/\/www.be-cool.nl\/de\/winkel\/be-cool-serie-de\/rtv-a300-uv-c-luftfilter\/#primaryimage","url":"https:\/\/www.be-cool.nl\/wp-content\/uploads\/RTV-A300-UV-C-LUCHTREINIGER_1024x1024.jpg","contentUrl":"https:\/\/www.be-cool.nl\/wp-content\/uploads\/RTV-A300-UV-C-LUCHTREINIGER_1024x1024.jpg","width":1024,"height":1024},{"@type":"BreadcrumbList","@id":"https:\/\/www.be-cool.nl\/de\/winkel\/be-cool-serie-de\/rtv-a300-uv-c-luftfilter\/#breadcrumb","itemListElement":[{"@type":"ListItem","position":1,"name":"Home","item":"https:\/\/www.be-cool.nl\/de\/"},{"@type":"ListItem","position":2,"name":"Producten","item":"https:\/\/www.be-cool.nl\/producten\/"},{"@type":"ListItem","position":3,"name":"RTV-A300 UV-C LUFTFILTER"}]},{"@type":"WebSite","@id":"https:\/\/www.be-cool.nl\/de\/#website","url":"https:\/\/www.be-cool.nl\/de\/","name":"Be-Cool","description":"","publisher":{"@id":"https:\/\/www.be-cool.nl\/de\/#organization"},"potentialAction":[{"@type":"SearchAction","target":{"@type":"EntryPoint","urlTemplate":"https:\/\/www.be-cool.nl\/de\/?s={search_term_string}"},"query-input":{"@type":"PropertyValueSpecification","valueRequired":true,"valueName":"search_term_string"}}],"inLanguage":"de"},{"@type":"Organization","@id":"https:\/\/www.be-cool.nl\/de\/#organization","name":"Be-Cool","url":"https:\/\/www.be-cool.nl\/de\/","logo":{"@type":"ImageObject","inLanguage":"de","@id":"https:\/\/www.be-cool.nl\/de\/#\/schema\/logo\/image\/","url":"https:\/\/www.be-cool.nl\/wp-content\/uploads\/Be-cool_Logo.png","contentUrl":"https:\/\/www.be-cool.nl\/wp-content\/uploads\/Be-cool_Logo.png","width":426,"height":142,"caption":"Be-Cool"},"image":{"@id":"https:\/\/www.be-cool.nl\/de\/#\/schema\/logo\/image\/"}}]}},"_links":{"self":[{"href":"https:\/\/www.be-cool.nl\/de\/wp-json\/wp\/v2\/product\/1413","targetHints":{"allow":["GET"]}}],"collection":[{"href":"https:\/\/www.be-cool.nl\/de\/wp-json\/wp\/v2\/product"}],"about":[{"href":"https:\/\/www.be-cool.nl\/de\/wp-json\/wp\/v2\/types\/product"}],"wp:featuredmedia":[{"embeddable":true,"href":"https:\/\/www.be-cool.nl\/de\/wp-json\/wp\/v2\/media\/1270"}],"wp:attachment":[{"href":"https:\/\/www.be-cool.nl\/de\/wp-json\/wp\/v2\/media?parent=1413"}],"wp:term":[{"taxonomy":"product_brand","embeddable":true,"href":"https:\/\/www.be-cool.nl\/de\/wp-json\/wp\/v2\/product_brand?post=1413"},{"taxonomy":"product_cat","embeddable":true,"href":"https:\/\/www.be-cool.nl\/de\/wp-json\/wp\/v2\/product_cat?post=1413"},{"taxonomy":"product_tag","embeddable":true,"href":"https:\/\/www.be-cool.nl\/de\/wp-json\/wp\/v2\/product_tag?post=1413"}],"curies":[{"name":"wp","href":"https:\/\/api.w.org\/{rel}","templated":true}]}}