{"id":1445,"date":"2022-03-07T12:03:57","date_gmt":"2022-03-07T11:03:57","guid":{"rendered":"https:\/\/www.be-cool.nl\/?post_type=product&#038;p=1445"},"modified":"2022-06-08T08:40:26","modified_gmt":"2022-06-08T06:40:26","slug":"jetstream-240","status":"publish","type":"product","link":"https:\/\/www.be-cool.nl\/de\/winkel\/be-cool-jetstream-de\/jetstream-240\/","title":{"rendered":"Jetstream 240"},"content":{"rendered":"<div class=\"wpb-content-wrapper\"><p>[vc_row full_width=&#8220;stretch_row&#8220; css=&#8220;.vc_custom_1644047158141{padding-top: 60px !important;padding-bottom: 60px !important;background-color: rgba(241,241,241,0.6) !important;*background-color: rgb(241,241,241) !important;}&#8220;][vc_column][vc_row_inner equal_height=&#8220;yes&#8220; content_placement=&#8220;middle&#8220;][vc_column_inner width=&#8220;1\/2&#8243;][vc_column_text]<\/p>\n<h3>Spezifikationen<\/h3>\n<ul class=\"check-icon\">\n<li>Luftstrom: 7.645 m3\/h<\/li>\n<li>Wassertank: 189 l<\/li>\n<li>Ma\u00dfe: 155 H x 107 B x 62 T cm<\/li>\n<li>Gewicht: 69 kg<\/li>\n<li>K\u00fchlkapazit\u00e4t: 104 m2<\/li>\n<li>Leistungsaufnahme: 550 Watt<\/li>\n<li>F\u00f6rderm\u00f6glichkeiten<\/li>\n<li>Geschwindigkeitseinstellung variabel<\/li>\n<li>Garantie: 3 Jahre<\/li>\n<\/ul>\n<p>[\/vc_column_text][\/vc_column_inner][vc_column_inner width=&#8220;1\/2&#8243;][vc_video link=&#8220;https:\/\/www.youtube.com\/watch?v=EcHbHU6LMHg&#8220;][\/vc_column_inner][\/vc_row_inner][\/vc_column][\/vc_row][vc_row full_width=&#8220;stretch_row&#8220; el_class=&#8220;center black-bg&#8220; css=&#8220;.vc_custom_1644050982268{padding-bottom: 20px !important;background-color: #000000 !important;}&#8220;][vc_column][vc_column_text]<\/p>\n<h2>Neugierig auf die M\u00f6glichkeiten?<\/h2>\n<p>[\/vc_column_text][vc_btn title=&#8220;015 \u2013 200 2116&#8243; style=&#8220;custom&#8220; custom_background=&#8220;&#8220; custom_text=&#8220;&#8220; i_icon_fontawesome=&#8220;fas fa-phone-alt&#8220; add_icon=&#8220;true&#8220; link=&#8220;url:tel%3A015%E2%80%932002116&#8243; el_class=&#8220;green-btn&#8220;][vc_btn title=&#8220;info@be-cool.nl&#8220; style=&#8220;custom&#8220; custom_background=&#8220;&#8220; custom_text=&#8220;&#8220; i_icon_fontawesome=&#8220;fas fa-envelope&#8220; add_icon=&#8220;true&#8220; link=&#8220;url:mailto%3Ainfo%40be-cool.nl&#8220; el_class=&#8220;border-green-btn&#8220;][\/vc_column][\/vc_row][vc_row full_width=&#8220;stretch_row&#8220; css=&#8220;.vc_custom_1644049437861{padding-top: 40px !important;padding-bottom: 40px !important;}&#8220;][vc_column][vc_row_inner][vc_column_inner][vc_column_text]<\/p>\n<h3>Funktionen<\/h3>\n<ul class=\"check-icon\">\n<li>Diese energieeffiziente K\u00fchll\u00f6sung verbraucht weniger Energie als ein herk\u00f6mmlicher Haushaltstoaster.<\/li>\n<li>Gr\u00f6\u00dferer Abfluss erm\u00f6glicht einfache und effektive Wartung<\/li>\n<li>Ausgestattet mit Komfort-Verdunstungs-K\u00fc\u00fcl-Pads, den hochwertigsten K\u00fc\u00fcl-Pads, die erh\u00e4ltlich sind und in den USA exklusiv f\u00fcr Port A Cool-Produkte hergestellt werden.<\/li>\n<li>Wasseranzeige mit automatischer Pumpenabschaltung sch\u00fctzt Ihr Produkt.<\/li>\n<li>Lebenslange Garantie auf das Geh\u00e4use des Verdunstungsk\u00fchlers gegen Herstellungsfehler und drei Jahre Garantie auf alle elektrischen Komponenten<\/li>\n<\/ul>\n<p>[\/vc_column_text][\/vc_column_inner][\/vc_row_inner][\/vc_column][\/vc_row]<\/p>\n<\/div>","protected":false},"excerpt":{"rendered":"<p>Diese K\u00fchlbox ist zu vermieten<\/p>\n<p>Der Jetstream 240 bietet maximale Anpassungsf\u00e4higkeit f\u00fcr die K\u00fchlung dort, wo sie ben\u00f6tigt wird. Mit der kleinsten Stellfl\u00e4che in der Jetstream-Serie ist der Jetstream 240 nicht nur leicht zu bewegen, sondern findet auch auf kleinstem Raum Platz. Die Wasserstandsanzeige und das einfach zu bedienende Bedienfeld machen die Bedienung f\u00fcr jedermann einfach.<\/p>\n","protected":false},"featured_media":1229,"template":"","meta":{"_glsr_average":0,"_glsr_ranking":0,"_glsr_reviews":0},"product_brand":[],"product_cat":[102,114],"product_tag":[],"class_list":{"0":"post-1445","1":"product","2":"type-product","3":"status-publish","4":"has-post-thumbnail","6":"product_cat-be-cool-jetstream-de","7":"product_cat-miete","9":"first","10":"instock","11":"shipping-taxable","12":"product-type-simple"},"yoast_head":"<!-- This site is optimized with the Yoast SEO plugin v27.5 - https:\/\/yoast.com\/product\/yoast-seo-wordpress\/ -->\n<title>Jetstream 240 - Be-Cool<\/title>\n<meta name=\"robots\" content=\"index, follow, max-snippet:-1, max-image-preview:large, max-video-preview:-1\" \/>\n<link rel=\"canonical\" href=\"https:\/\/www.be-cool.nl\/de\/winkel\/be-cool-jetstream-de\/jetstream-240\/\" \/>\n<meta property=\"og:locale\" content=\"de_DE\" \/>\n<meta property=\"og:type\" content=\"article\" \/>\n<meta property=\"og:title\" content=\"Jetstream 240 - Be-Cool\" \/>\n<meta property=\"og:description\" content=\"Diese K\u00fchlbox ist zu vermieten  Der Jetstream 240 bietet maximale Anpassungsf\u00e4higkeit f\u00fcr die K\u00fchlung dort, wo sie ben\u00f6tigt wird. Mit der kleinsten Stellfl\u00e4che in der Jetstream-Serie ist der Jetstream 240 nicht nur leicht zu bewegen, sondern findet auch auf kleinstem Raum Platz. Die Wasserstandsanzeige und das einfach zu bedienende Bedienfeld machen die Bedienung f\u00fcr jedermann einfach.\" \/>\n<meta property=\"og:url\" content=\"https:\/\/www.be-cool.nl\/de\/winkel\/be-cool-jetstream-de\/jetstream-240\/\" \/>\n<meta property=\"og:site_name\" content=\"Be-Cool\" \/>\n<meta property=\"article:modified_time\" content=\"2022-06-08T06:40:26+00:00\" \/>\n<meta property=\"og:image\" content=\"https:\/\/www.be-cool.nl\/wp-content\/uploads\/Portacool-Jetstream-240-Nederlands-104.jpg\" \/>\n\t<meta property=\"og:image:width\" content=\"800\" \/>\n\t<meta property=\"og:image:height\" content=\"800\" \/>\n\t<meta property=\"og:image:type\" content=\"image\/jpeg\" \/>\n<meta name=\"twitter:card\" content=\"summary_large_image\" \/>\n<meta name=\"twitter:label1\" content=\"Gesch\u00e4tzte Lesezeit\" \/>\n\t<meta name=\"twitter:data1\" content=\"2\u00a0Minuten\" \/>\n<script type=\"application\/ld+json\" class=\"yoast-schema-graph\">{\"@context\":\"https:\\\/\\\/schema.org\",\"@graph\":[{\"@type\":\"WebPage\",\"@id\":\"https:\\\/\\\/www.be-cool.nl\\\/de\\\/winkel\\\/be-cool-jetstream-de\\\/jetstream-240\\\/\",\"url\":\"https:\\\/\\\/www.be-cool.nl\\\/de\\\/winkel\\\/be-cool-jetstream-de\\\/jetstream-240\\\/\",\"name\":\"Jetstream 240 - Be-Cool\",\"isPartOf\":{\"@id\":\"https:\\\/\\\/www.be-cool.nl\\\/de\\\/#website\"},\"primaryImageOfPage\":{\"@id\":\"https:\\\/\\\/www.be-cool.nl\\\/de\\\/winkel\\\/be-cool-jetstream-de\\\/jetstream-240\\\/#primaryimage\"},\"image\":{\"@id\":\"https:\\\/\\\/www.be-cool.nl\\\/de\\\/winkel\\\/be-cool-jetstream-de\\\/jetstream-240\\\/#primaryimage\"},\"thumbnailUrl\":\"https:\\\/\\\/www.be-cool.nl\\\/wp-content\\\/uploads\\\/Portacool-Jetstream-240-Nederlands-104.jpg\",\"datePublished\":\"2022-03-07T11:03:57+00:00\",\"dateModified\":\"2022-06-08T06:40:26+00:00\",\"breadcrumb\":{\"@id\":\"https:\\\/\\\/www.be-cool.nl\\\/de\\\/winkel\\\/be-cool-jetstream-de\\\/jetstream-240\\\/#breadcrumb\"},\"inLanguage\":\"de\",\"potentialAction\":[{\"@type\":\"ReadAction\",\"target\":[\"https:\\\/\\\/www.be-cool.nl\\\/de\\\/winkel\\\/be-cool-jetstream-de\\\/jetstream-240\\\/\"]}]},{\"@type\":\"ImageObject\",\"inLanguage\":\"de\",\"@id\":\"https:\\\/\\\/www.be-cool.nl\\\/de\\\/winkel\\\/be-cool-jetstream-de\\\/jetstream-240\\\/#primaryimage\",\"url\":\"https:\\\/\\\/www.be-cool.nl\\\/wp-content\\\/uploads\\\/Portacool-Jetstream-240-Nederlands-104.jpg\",\"contentUrl\":\"https:\\\/\\\/www.be-cool.nl\\\/wp-content\\\/uploads\\\/Portacool-Jetstream-240-Nederlands-104.jpg\",\"width\":800,\"height\":800},{\"@type\":\"BreadcrumbList\",\"@id\":\"https:\\\/\\\/www.be-cool.nl\\\/de\\\/winkel\\\/be-cool-jetstream-de\\\/jetstream-240\\\/#breadcrumb\",\"itemListElement\":[{\"@type\":\"ListItem\",\"position\":1,\"name\":\"Home\",\"item\":\"https:\\\/\\\/www.be-cool.nl\\\/de\\\/\"},{\"@type\":\"ListItem\",\"position\":2,\"name\":\"Producten\",\"item\":\"https:\\\/\\\/www.be-cool.nl\\\/producten\\\/\"},{\"@type\":\"ListItem\",\"position\":3,\"name\":\"Jetstream 240\"}]},{\"@type\":\"WebSite\",\"@id\":\"https:\\\/\\\/www.be-cool.nl\\\/de\\\/#website\",\"url\":\"https:\\\/\\\/www.be-cool.nl\\\/de\\\/\",\"name\":\"Be-Cool\",\"description\":\"\",\"publisher\":{\"@id\":\"https:\\\/\\\/www.be-cool.nl\\\/de\\\/#organization\"},\"potentialAction\":[{\"@type\":\"SearchAction\",\"target\":{\"@type\":\"EntryPoint\",\"urlTemplate\":\"https:\\\/\\\/www.be-cool.nl\\\/de\\\/?s={search_term_string}\"},\"query-input\":{\"@type\":\"PropertyValueSpecification\",\"valueRequired\":true,\"valueName\":\"search_term_string\"}}],\"inLanguage\":\"de\"},{\"@type\":\"Organization\",\"@id\":\"https:\\\/\\\/www.be-cool.nl\\\/de\\\/#organization\",\"name\":\"Be-Cool\",\"url\":\"https:\\\/\\\/www.be-cool.nl\\\/de\\\/\",\"logo\":{\"@type\":\"ImageObject\",\"inLanguage\":\"de\",\"@id\":\"https:\\\/\\\/www.be-cool.nl\\\/de\\\/#\\\/schema\\\/logo\\\/image\\\/\",\"url\":\"https:\\\/\\\/www.be-cool.nl\\\/wp-content\\\/uploads\\\/Be-cool_Logo.png\",\"contentUrl\":\"https:\\\/\\\/www.be-cool.nl\\\/wp-content\\\/uploads\\\/Be-cool_Logo.png\",\"width\":426,\"height\":142,\"caption\":\"Be-Cool\"},\"image\":{\"@id\":\"https:\\\/\\\/www.be-cool.nl\\\/de\\\/#\\\/schema\\\/logo\\\/image\\\/\"}}]}<\/script>\n<!-- \/ Yoast SEO plugin. -->","yoast_head_json":{"title":"Jetstream 240 - Be-Cool","robots":{"index":"index","follow":"follow","max-snippet":"max-snippet:-1","max-image-preview":"max-image-preview:large","max-video-preview":"max-video-preview:-1"},"canonical":"https:\/\/www.be-cool.nl\/de\/winkel\/be-cool-jetstream-de\/jetstream-240\/","og_locale":"de_DE","og_type":"article","og_title":"Jetstream 240 - Be-Cool","og_description":"Diese K\u00fchlbox ist zu vermieten  Der Jetstream 240 bietet maximale Anpassungsf\u00e4higkeit f\u00fcr die K\u00fchlung dort, wo sie ben\u00f6tigt wird. Mit der kleinsten Stellfl\u00e4che in der Jetstream-Serie ist der Jetstream 240 nicht nur leicht zu bewegen, sondern findet auch auf kleinstem Raum Platz. Die Wasserstandsanzeige und das einfach zu bedienende Bedienfeld machen die Bedienung f\u00fcr jedermann einfach.","og_url":"https:\/\/www.be-cool.nl\/de\/winkel\/be-cool-jetstream-de\/jetstream-240\/","og_site_name":"Be-Cool","article_modified_time":"2022-06-08T06:40:26+00:00","og_image":[{"width":800,"height":800,"url":"https:\/\/www.be-cool.nl\/wp-content\/uploads\/Portacool-Jetstream-240-Nederlands-104.jpg","type":"image\/jpeg"}],"twitter_card":"summary_large_image","twitter_misc":{"Gesch\u00e4tzte Lesezeit":"2\u00a0Minuten"},"schema":{"@context":"https:\/\/schema.org","@graph":[{"@type":"WebPage","@id":"https:\/\/www.be-cool.nl\/de\/winkel\/be-cool-jetstream-de\/jetstream-240\/","url":"https:\/\/www.be-cool.nl\/de\/winkel\/be-cool-jetstream-de\/jetstream-240\/","name":"Jetstream 240 - Be-Cool","isPartOf":{"@id":"https:\/\/www.be-cool.nl\/de\/#website"},"primaryImageOfPage":{"@id":"https:\/\/www.be-cool.nl\/de\/winkel\/be-cool-jetstream-de\/jetstream-240\/#primaryimage"},"image":{"@id":"https:\/\/www.be-cool.nl\/de\/winkel\/be-cool-jetstream-de\/jetstream-240\/#primaryimage"},"thumbnailUrl":"https:\/\/www.be-cool.nl\/wp-content\/uploads\/Portacool-Jetstream-240-Nederlands-104.jpg","datePublished":"2022-03-07T11:03:57+00:00","dateModified":"2022-06-08T06:40:26+00:00","breadcrumb":{"@id":"https:\/\/www.be-cool.nl\/de\/winkel\/be-cool-jetstream-de\/jetstream-240\/#breadcrumb"},"inLanguage":"de","potentialAction":[{"@type":"ReadAction","target":["https:\/\/www.be-cool.nl\/de\/winkel\/be-cool-jetstream-de\/jetstream-240\/"]}]},{"@type":"ImageObject","inLanguage":"de","@id":"https:\/\/www.be-cool.nl\/de\/winkel\/be-cool-jetstream-de\/jetstream-240\/#primaryimage","url":"https:\/\/www.be-cool.nl\/wp-content\/uploads\/Portacool-Jetstream-240-Nederlands-104.jpg","contentUrl":"https:\/\/www.be-cool.nl\/wp-content\/uploads\/Portacool-Jetstream-240-Nederlands-104.jpg","width":800,"height":800},{"@type":"BreadcrumbList","@id":"https:\/\/www.be-cool.nl\/de\/winkel\/be-cool-jetstream-de\/jetstream-240\/#breadcrumb","itemListElement":[{"@type":"ListItem","position":1,"name":"Home","item":"https:\/\/www.be-cool.nl\/de\/"},{"@type":"ListItem","position":2,"name":"Producten","item":"https:\/\/www.be-cool.nl\/producten\/"},{"@type":"ListItem","position":3,"name":"Jetstream 240"}]},{"@type":"WebSite","@id":"https:\/\/www.be-cool.nl\/de\/#website","url":"https:\/\/www.be-cool.nl\/de\/","name":"Be-Cool","description":"","publisher":{"@id":"https:\/\/www.be-cool.nl\/de\/#organization"},"potentialAction":[{"@type":"SearchAction","target":{"@type":"EntryPoint","urlTemplate":"https:\/\/www.be-cool.nl\/de\/?s={search_term_string}"},"query-input":{"@type":"PropertyValueSpecification","valueRequired":true,"valueName":"search_term_string"}}],"inLanguage":"de"},{"@type":"Organization","@id":"https:\/\/www.be-cool.nl\/de\/#organization","name":"Be-Cool","url":"https:\/\/www.be-cool.nl\/de\/","logo":{"@type":"ImageObject","inLanguage":"de","@id":"https:\/\/www.be-cool.nl\/de\/#\/schema\/logo\/image\/","url":"https:\/\/www.be-cool.nl\/wp-content\/uploads\/Be-cool_Logo.png","contentUrl":"https:\/\/www.be-cool.nl\/wp-content\/uploads\/Be-cool_Logo.png","width":426,"height":142,"caption":"Be-Cool"},"image":{"@id":"https:\/\/www.be-cool.nl\/de\/#\/schema\/logo\/image\/"}}]}},"_links":{"self":[{"href":"https:\/\/www.be-cool.nl\/de\/wp-json\/wp\/v2\/product\/1445","targetHints":{"allow":["GET"]}}],"collection":[{"href":"https:\/\/www.be-cool.nl\/de\/wp-json\/wp\/v2\/product"}],"about":[{"href":"https:\/\/www.be-cool.nl\/de\/wp-json\/wp\/v2\/types\/product"}],"wp:featuredmedia":[{"embeddable":true,"href":"https:\/\/www.be-cool.nl\/de\/wp-json\/wp\/v2\/media\/1229"}],"wp:attachment":[{"href":"https:\/\/www.be-cool.nl\/de\/wp-json\/wp\/v2\/media?parent=1445"}],"wp:term":[{"taxonomy":"product_brand","embeddable":true,"href":"https:\/\/www.be-cool.nl\/de\/wp-json\/wp\/v2\/product_brand?post=1445"},{"taxonomy":"product_cat","embeddable":true,"href":"https:\/\/www.be-cool.nl\/de\/wp-json\/wp\/v2\/product_cat?post=1445"},{"taxonomy":"product_tag","embeddable":true,"href":"https:\/\/www.be-cool.nl\/de\/wp-json\/wp\/v2\/product_tag?post=1445"}],"curies":[{"name":"wp","href":"https:\/\/api.w.org\/{rel}","templated":true}]}}