{"id":1448,"date":"2022-02-02T11:51:51","date_gmt":"2022-02-02T10:51:51","guid":{"rendered":"https:\/\/www.be-cool.nl\/?post_type=product&#038;p=1448"},"modified":"2024-05-24T10:48:04","modified_gmt":"2024-05-24T08:48:04","slug":"be-cool-master-180","status":"publish","type":"product","link":"https:\/\/www.be-cool.nl\/de\/winkel\/be-cool-master-serie-de\/be-cool-master-180\/","title":{"rendered":"Be-cool Master 180"},"content":{"rendered":"<p><\/p>\n","protected":false},"excerpt":{"rendered":"<p>Diese K\u00fchlbox ist zu vermieten<\/p>\n<ul class=\"check-icon\">\n<li>K\u00fchlkapazit\u00e4t: 180 m2<\/li>\n<li>Leistungsaufnahme: 330 W<\/li>\n<li>L\u00e4rm: 50 \u2013 60 dB<\/li>\n<li>Gewicht: 40 kg<\/li>\n<li>Abmessungen: 141 (H) x 85 (B) x 56 (T) cm<\/li>\n<li>Wasserbeh\u00e4lter: 100 l<\/li>\n<li>Geschwindigkeit: 1, 2, 3<\/li>\n<li>Luftstrom: 8000 m3\/h<\/li>\n<li>Leistungsaufnahme 600Watt<\/li>\n<\/ul>\n","protected":false},"featured_media":1207,"template":"","meta":{"_glsr_average":0,"_glsr_ranking":0,"_glsr_reviews":0},"product_brand":[],"product_cat":[106,114],"product_tag":[],"class_list":{"0":"post-1448","1":"product","2":"type-product","3":"status-publish","4":"has-post-thumbnail","6":"product_cat-be-cool-master-serie-de","7":"product_cat-miete","9":"first","10":"instock","11":"shipping-taxable","12":"product-type-simple"},"yoast_head":"<!-- This site is optimized with the Yoast SEO plugin v27.4 - https:\/\/yoast.com\/product\/yoast-seo-wordpress\/ -->\n<title>Be-cool Master 180 - Be-Cool<\/title>\n<meta name=\"robots\" content=\"index, follow, max-snippet:-1, max-image-preview:large, max-video-preview:-1\" \/>\n<link rel=\"canonical\" href=\"https:\/\/www.be-cool.nl\/de\/winkel\/be-cool-master-serie-de\/be-cool-master-180\/\" \/>\n<meta property=\"og:locale\" content=\"de_DE\" \/>\n<meta property=\"og:type\" content=\"article\" \/>\n<meta property=\"og:title\" content=\"Be-cool Master 180 - Be-Cool\" \/>\n<meta property=\"og:description\" content=\"Diese K\u00fchlbox ist zu vermieten   K\u00fchlkapazit\u00e4t: 180 m2  Leistungsaufnahme: 330 W  L\u00e4rm: 50 \u2013 60 dB  Gewicht: 40 kg  Abmessungen: 141 (H) x 85 (B) x 56 (T) cm  Wasserbeh\u00e4lter: 100 l  Geschwindigkeit: 1, 2, 3  Luftstrom: 8000 m3\/h  Leistungsaufnahme 600Watt\" \/>\n<meta property=\"og:url\" content=\"https:\/\/www.be-cool.nl\/de\/winkel\/be-cool-master-serie-de\/be-cool-master-180\/\" \/>\n<meta property=\"og:site_name\" content=\"Be-Cool\" \/>\n<meta property=\"article:modified_time\" content=\"2024-05-24T08:48:04+00:00\" \/>\n<meta property=\"og:image\" content=\"https:\/\/www.be-cool.nl\/wp-content\/uploads\/be-cool-180.jpg\" \/>\n\t<meta property=\"og:image:width\" content=\"1500\" \/>\n\t<meta property=\"og:image:height\" content=\"1500\" \/>\n\t<meta property=\"og:image:type\" content=\"image\/jpeg\" \/>\n<meta name=\"twitter:card\" content=\"summary_large_image\" \/>\n<meta name=\"twitter:label1\" content=\"Gesch\u00e4tzte Lesezeit\" \/>\n\t<meta name=\"twitter:data1\" content=\"2\u00a0Minuten\" \/>\n<script type=\"application\/ld+json\" class=\"yoast-schema-graph\">{\"@context\":\"https:\\\/\\\/schema.org\",\"@graph\":[{\"@type\":\"WebPage\",\"@id\":\"https:\\\/\\\/www.be-cool.nl\\\/de\\\/winkel\\\/be-cool-master-serie-de\\\/be-cool-master-180\\\/\",\"url\":\"https:\\\/\\\/www.be-cool.nl\\\/de\\\/winkel\\\/be-cool-master-serie-de\\\/be-cool-master-180\\\/\",\"name\":\"Be-cool Master 180 - Be-Cool\",\"isPartOf\":{\"@id\":\"https:\\\/\\\/www.be-cool.nl\\\/de\\\/#website\"},\"primaryImageOfPage\":{\"@id\":\"https:\\\/\\\/www.be-cool.nl\\\/de\\\/winkel\\\/be-cool-master-serie-de\\\/be-cool-master-180\\\/#primaryimage\"},\"image\":{\"@id\":\"https:\\\/\\\/www.be-cool.nl\\\/de\\\/winkel\\\/be-cool-master-serie-de\\\/be-cool-master-180\\\/#primaryimage\"},\"thumbnailUrl\":\"https:\\\/\\\/www.be-cool.nl\\\/wp-content\\\/uploads\\\/be-cool-180.jpg\",\"datePublished\":\"2022-02-02T10:51:51+00:00\",\"dateModified\":\"2024-05-24T08:48:04+00:00\",\"breadcrumb\":{\"@id\":\"https:\\\/\\\/www.be-cool.nl\\\/de\\\/winkel\\\/be-cool-master-serie-de\\\/be-cool-master-180\\\/#breadcrumb\"},\"inLanguage\":\"de\",\"potentialAction\":[{\"@type\":\"ReadAction\",\"target\":[\"https:\\\/\\\/www.be-cool.nl\\\/de\\\/winkel\\\/be-cool-master-serie-de\\\/be-cool-master-180\\\/\"]}]},{\"@type\":\"ImageObject\",\"inLanguage\":\"de\",\"@id\":\"https:\\\/\\\/www.be-cool.nl\\\/de\\\/winkel\\\/be-cool-master-serie-de\\\/be-cool-master-180\\\/#primaryimage\",\"url\":\"https:\\\/\\\/www.be-cool.nl\\\/wp-content\\\/uploads\\\/be-cool-180.jpg\",\"contentUrl\":\"https:\\\/\\\/www.be-cool.nl\\\/wp-content\\\/uploads\\\/be-cool-180.jpg\",\"width\":1500,\"height\":1500},{\"@type\":\"BreadcrumbList\",\"@id\":\"https:\\\/\\\/www.be-cool.nl\\\/de\\\/winkel\\\/be-cool-master-serie-de\\\/be-cool-master-180\\\/#breadcrumb\",\"itemListElement\":[{\"@type\":\"ListItem\",\"position\":1,\"name\":\"Home\",\"item\":\"https:\\\/\\\/www.be-cool.nl\\\/de\\\/\"},{\"@type\":\"ListItem\",\"position\":2,\"name\":\"Producten\",\"item\":\"https:\\\/\\\/www.be-cool.nl\\\/producten\\\/\"},{\"@type\":\"ListItem\",\"position\":3,\"name\":\"Be-cool Master 180\"}]},{\"@type\":\"WebSite\",\"@id\":\"https:\\\/\\\/www.be-cool.nl\\\/de\\\/#website\",\"url\":\"https:\\\/\\\/www.be-cool.nl\\\/de\\\/\",\"name\":\"Be-Cool\",\"description\":\"\",\"publisher\":{\"@id\":\"https:\\\/\\\/www.be-cool.nl\\\/de\\\/#organization\"},\"potentialAction\":[{\"@type\":\"SearchAction\",\"target\":{\"@type\":\"EntryPoint\",\"urlTemplate\":\"https:\\\/\\\/www.be-cool.nl\\\/de\\\/?s={search_term_string}\"},\"query-input\":{\"@type\":\"PropertyValueSpecification\",\"valueRequired\":true,\"valueName\":\"search_term_string\"}}],\"inLanguage\":\"de\"},{\"@type\":\"Organization\",\"@id\":\"https:\\\/\\\/www.be-cool.nl\\\/de\\\/#organization\",\"name\":\"Be-Cool\",\"url\":\"https:\\\/\\\/www.be-cool.nl\\\/de\\\/\",\"logo\":{\"@type\":\"ImageObject\",\"inLanguage\":\"de\",\"@id\":\"https:\\\/\\\/www.be-cool.nl\\\/de\\\/#\\\/schema\\\/logo\\\/image\\\/\",\"url\":\"https:\\\/\\\/www.be-cool.nl\\\/wp-content\\\/uploads\\\/Be-cool_Logo.png\",\"contentUrl\":\"https:\\\/\\\/www.be-cool.nl\\\/wp-content\\\/uploads\\\/Be-cool_Logo.png\",\"width\":426,\"height\":142,\"caption\":\"Be-Cool\"},\"image\":{\"@id\":\"https:\\\/\\\/www.be-cool.nl\\\/de\\\/#\\\/schema\\\/logo\\\/image\\\/\"}}]}<\/script>\n<!-- \/ Yoast SEO plugin. -->","yoast_head_json":{"title":"Be-cool Master 180 - Be-Cool","robots":{"index":"index","follow":"follow","max-snippet":"max-snippet:-1","max-image-preview":"max-image-preview:large","max-video-preview":"max-video-preview:-1"},"canonical":"https:\/\/www.be-cool.nl\/de\/winkel\/be-cool-master-serie-de\/be-cool-master-180\/","og_locale":"de_DE","og_type":"article","og_title":"Be-cool Master 180 - Be-Cool","og_description":"Diese K\u00fchlbox ist zu vermieten   K\u00fchlkapazit\u00e4t: 180 m2  Leistungsaufnahme: 330 W  L\u00e4rm: 50 \u2013 60 dB  Gewicht: 40 kg  Abmessungen: 141 (H) x 85 (B) x 56 (T) cm  Wasserbeh\u00e4lter: 100 l  Geschwindigkeit: 1, 2, 3  Luftstrom: 8000 m3\/h  Leistungsaufnahme 600Watt","og_url":"https:\/\/www.be-cool.nl\/de\/winkel\/be-cool-master-serie-de\/be-cool-master-180\/","og_site_name":"Be-Cool","article_modified_time":"2024-05-24T08:48:04+00:00","og_image":[{"width":1500,"height":1500,"url":"https:\/\/www.be-cool.nl\/wp-content\/uploads\/be-cool-180.jpg","type":"image\/jpeg"}],"twitter_card":"summary_large_image","twitter_misc":{"Gesch\u00e4tzte Lesezeit":"2\u00a0Minuten"},"schema":{"@context":"https:\/\/schema.org","@graph":[{"@type":"WebPage","@id":"https:\/\/www.be-cool.nl\/de\/winkel\/be-cool-master-serie-de\/be-cool-master-180\/","url":"https:\/\/www.be-cool.nl\/de\/winkel\/be-cool-master-serie-de\/be-cool-master-180\/","name":"Be-cool Master 180 - Be-Cool","isPartOf":{"@id":"https:\/\/www.be-cool.nl\/de\/#website"},"primaryImageOfPage":{"@id":"https:\/\/www.be-cool.nl\/de\/winkel\/be-cool-master-serie-de\/be-cool-master-180\/#primaryimage"},"image":{"@id":"https:\/\/www.be-cool.nl\/de\/winkel\/be-cool-master-serie-de\/be-cool-master-180\/#primaryimage"},"thumbnailUrl":"https:\/\/www.be-cool.nl\/wp-content\/uploads\/be-cool-180.jpg","datePublished":"2022-02-02T10:51:51+00:00","dateModified":"2024-05-24T08:48:04+00:00","breadcrumb":{"@id":"https:\/\/www.be-cool.nl\/de\/winkel\/be-cool-master-serie-de\/be-cool-master-180\/#breadcrumb"},"inLanguage":"de","potentialAction":[{"@type":"ReadAction","target":["https:\/\/www.be-cool.nl\/de\/winkel\/be-cool-master-serie-de\/be-cool-master-180\/"]}]},{"@type":"ImageObject","inLanguage":"de","@id":"https:\/\/www.be-cool.nl\/de\/winkel\/be-cool-master-serie-de\/be-cool-master-180\/#primaryimage","url":"https:\/\/www.be-cool.nl\/wp-content\/uploads\/be-cool-180.jpg","contentUrl":"https:\/\/www.be-cool.nl\/wp-content\/uploads\/be-cool-180.jpg","width":1500,"height":1500},{"@type":"BreadcrumbList","@id":"https:\/\/www.be-cool.nl\/de\/winkel\/be-cool-master-serie-de\/be-cool-master-180\/#breadcrumb","itemListElement":[{"@type":"ListItem","position":1,"name":"Home","item":"https:\/\/www.be-cool.nl\/de\/"},{"@type":"ListItem","position":2,"name":"Producten","item":"https:\/\/www.be-cool.nl\/producten\/"},{"@type":"ListItem","position":3,"name":"Be-cool Master 180"}]},{"@type":"WebSite","@id":"https:\/\/www.be-cool.nl\/de\/#website","url":"https:\/\/www.be-cool.nl\/de\/","name":"Be-Cool","description":"","publisher":{"@id":"https:\/\/www.be-cool.nl\/de\/#organization"},"potentialAction":[{"@type":"SearchAction","target":{"@type":"EntryPoint","urlTemplate":"https:\/\/www.be-cool.nl\/de\/?s={search_term_string}"},"query-input":{"@type":"PropertyValueSpecification","valueRequired":true,"valueName":"search_term_string"}}],"inLanguage":"de"},{"@type":"Organization","@id":"https:\/\/www.be-cool.nl\/de\/#organization","name":"Be-Cool","url":"https:\/\/www.be-cool.nl\/de\/","logo":{"@type":"ImageObject","inLanguage":"de","@id":"https:\/\/www.be-cool.nl\/de\/#\/schema\/logo\/image\/","url":"https:\/\/www.be-cool.nl\/wp-content\/uploads\/Be-cool_Logo.png","contentUrl":"https:\/\/www.be-cool.nl\/wp-content\/uploads\/Be-cool_Logo.png","width":426,"height":142,"caption":"Be-Cool"},"image":{"@id":"https:\/\/www.be-cool.nl\/de\/#\/schema\/logo\/image\/"}}]}},"_links":{"self":[{"href":"https:\/\/www.be-cool.nl\/de\/wp-json\/wp\/v2\/product\/1448","targetHints":{"allow":["GET"]}}],"collection":[{"href":"https:\/\/www.be-cool.nl\/de\/wp-json\/wp\/v2\/product"}],"about":[{"href":"https:\/\/www.be-cool.nl\/de\/wp-json\/wp\/v2\/types\/product"}],"wp:featuredmedia":[{"embeddable":true,"href":"https:\/\/www.be-cool.nl\/de\/wp-json\/wp\/v2\/media\/1207"}],"wp:attachment":[{"href":"https:\/\/www.be-cool.nl\/de\/wp-json\/wp\/v2\/media?parent=1448"}],"wp:term":[{"taxonomy":"product_brand","embeddable":true,"href":"https:\/\/www.be-cool.nl\/de\/wp-json\/wp\/v2\/product_brand?post=1448"},{"taxonomy":"product_cat","embeddable":true,"href":"https:\/\/www.be-cool.nl\/de\/wp-json\/wp\/v2\/product_cat?post=1448"},{"taxonomy":"product_tag","embeddable":true,"href":"https:\/\/www.be-cool.nl\/de\/wp-json\/wp\/v2\/product_tag?post=1448"}],"curies":[{"name":"wp","href":"https:\/\/api.w.org\/{rel}","templated":true}]}}