{"id":1451,"date":"2022-02-02T11:46:00","date_gmt":"2022-02-02T10:46:00","guid":{"rendered":"https:\/\/www.be-cool.nl\/?post_type=product&#038;p=1451"},"modified":"2024-05-24T10:47:51","modified_gmt":"2024-05-24T08:47:51","slug":"be-cool-230","status":"publish","type":"product","link":"https:\/\/www.be-cool.nl\/de\/winkel\/be-cool-serie-de\/be-cool-230\/","title":{"rendered":"Be-cool 230"},"content":{"rendered":"","protected":false},"excerpt":{"rendered":"<p>Diese K\u00fchlbox ist zu vermieten.<\/p>\n<ul class=\"check icon\">\n<li>Luftstrom: 18000 m3\/h<\/li>\n<li>Geschwindigkeit: Variabel<\/li>\n<li>K\u00fchlkapazit\u00e4t: 160 m2<\/li>\n<li>Wassertank: 120 l<\/li>\n<li>Ton: 40 dB~70 dB<\/li>\n<li>Abmessungen (cm): 141 (H) \u00d7 98 (B) \u00d7 70 (T) cm<\/li>\n<li>Gewicht: 80 kg<\/li>\n<li>Leistungsaufnahme: 0,67 kW (650 Watt)<\/li>\n<\/ul>\n","protected":false},"featured_media":577,"template":"","meta":{"_glsr_average":0,"_glsr_ranking":0,"_glsr_reviews":0},"product_brand":[],"product_cat":[110,114],"product_tag":[],"class_list":{"0":"post-1451","1":"product","2":"type-product","3":"status-publish","4":"has-post-thumbnail","6":"product_cat-be-cool-serie-de","7":"product_cat-miete","9":"first","10":"instock","11":"shipping-taxable","12":"product-type-simple"},"yoast_head":"<!-- This site is optimized with the Yoast SEO plugin v27.4 - https:\/\/yoast.com\/product\/yoast-seo-wordpress\/ -->\n<title>Be-cool 230 - Be-Cool<\/title>\n<meta name=\"robots\" content=\"index, follow, max-snippet:-1, max-image-preview:large, max-video-preview:-1\" \/>\n<link rel=\"canonical\" href=\"https:\/\/www.be-cool.nl\/de\/winkel\/be-cool-serie-de\/be-cool-230\/\" \/>\n<meta property=\"og:locale\" content=\"de_DE\" \/>\n<meta property=\"og:type\" content=\"article\" \/>\n<meta property=\"og:title\" content=\"Be-cool 230 - Be-Cool\" \/>\n<meta property=\"og:description\" content=\"Diese K\u00fchlbox ist zu vermieten.    Luftstrom: 18000 m3\/h  Geschwindigkeit: Variabel  K\u00fchlkapazit\u00e4t: 160 m2  Wassertank: 120 l  Ton: 40 dB~70 dB  Abmessungen (cm): 141 (H) \u00d7 98 (B) \u00d7 70 (T) cm  Gewicht: 80 kg  Leistungsaufnahme: 0,67 kW (650 Watt)\" \/>\n<meta property=\"og:url\" content=\"https:\/\/www.be-cool.nl\/de\/winkel\/be-cool-serie-de\/be-cool-230\/\" \/>\n<meta property=\"og:site_name\" content=\"Be-Cool\" \/>\n<meta property=\"article:modified_time\" content=\"2024-05-24T08:47:51+00:00\" \/>\n<meta property=\"og:image\" content=\"https:\/\/www.be-cool.nl\/wp-content\/uploads\/Be-cool_340.png\" \/>\n\t<meta property=\"og:image:width\" content=\"498\" \/>\n\t<meta property=\"og:image:height\" content=\"376\" \/>\n\t<meta property=\"og:image:type\" content=\"image\/png\" \/>\n<meta name=\"twitter:card\" content=\"summary_large_image\" \/>\n<meta name=\"twitter:label1\" content=\"Gesch\u00e4tzte Lesezeit\" \/>\n\t<meta name=\"twitter:data1\" content=\"1\u00a0Minute\" \/>\n<script type=\"application\/ld+json\" class=\"yoast-schema-graph\">{\"@context\":\"https:\\\/\\\/schema.org\",\"@graph\":[{\"@type\":\"WebPage\",\"@id\":\"https:\\\/\\\/www.be-cool.nl\\\/de\\\/winkel\\\/be-cool-serie-de\\\/be-cool-230\\\/\",\"url\":\"https:\\\/\\\/www.be-cool.nl\\\/de\\\/winkel\\\/be-cool-serie-de\\\/be-cool-230\\\/\",\"name\":\"Be-cool 230 - Be-Cool\",\"isPartOf\":{\"@id\":\"https:\\\/\\\/www.be-cool.nl\\\/de\\\/#website\"},\"primaryImageOfPage\":{\"@id\":\"https:\\\/\\\/www.be-cool.nl\\\/de\\\/winkel\\\/be-cool-serie-de\\\/be-cool-230\\\/#primaryimage\"},\"image\":{\"@id\":\"https:\\\/\\\/www.be-cool.nl\\\/de\\\/winkel\\\/be-cool-serie-de\\\/be-cool-230\\\/#primaryimage\"},\"thumbnailUrl\":\"https:\\\/\\\/www.be-cool.nl\\\/wp-content\\\/uploads\\\/Be-cool_340.png\",\"datePublished\":\"2022-02-02T10:46:00+00:00\",\"dateModified\":\"2024-05-24T08:47:51+00:00\",\"breadcrumb\":{\"@id\":\"https:\\\/\\\/www.be-cool.nl\\\/de\\\/winkel\\\/be-cool-serie-de\\\/be-cool-230\\\/#breadcrumb\"},\"inLanguage\":\"de\",\"potentialAction\":[{\"@type\":\"ReadAction\",\"target\":[\"https:\\\/\\\/www.be-cool.nl\\\/de\\\/winkel\\\/be-cool-serie-de\\\/be-cool-230\\\/\"]}]},{\"@type\":\"ImageObject\",\"inLanguage\":\"de\",\"@id\":\"https:\\\/\\\/www.be-cool.nl\\\/de\\\/winkel\\\/be-cool-serie-de\\\/be-cool-230\\\/#primaryimage\",\"url\":\"https:\\\/\\\/www.be-cool.nl\\\/wp-content\\\/uploads\\\/Be-cool_340.png\",\"contentUrl\":\"https:\\\/\\\/www.be-cool.nl\\\/wp-content\\\/uploads\\\/Be-cool_340.png\",\"width\":498,\"height\":376},{\"@type\":\"BreadcrumbList\",\"@id\":\"https:\\\/\\\/www.be-cool.nl\\\/de\\\/winkel\\\/be-cool-serie-de\\\/be-cool-230\\\/#breadcrumb\",\"itemListElement\":[{\"@type\":\"ListItem\",\"position\":1,\"name\":\"Home\",\"item\":\"https:\\\/\\\/www.be-cool.nl\\\/de\\\/\"},{\"@type\":\"ListItem\",\"position\":2,\"name\":\"Producten\",\"item\":\"https:\\\/\\\/www.be-cool.nl\\\/producten\\\/\"},{\"@type\":\"ListItem\",\"position\":3,\"name\":\"Be-cool 230\"}]},{\"@type\":\"WebSite\",\"@id\":\"https:\\\/\\\/www.be-cool.nl\\\/de\\\/#website\",\"url\":\"https:\\\/\\\/www.be-cool.nl\\\/de\\\/\",\"name\":\"Be-Cool\",\"description\":\"\",\"publisher\":{\"@id\":\"https:\\\/\\\/www.be-cool.nl\\\/de\\\/#organization\"},\"potentialAction\":[{\"@type\":\"SearchAction\",\"target\":{\"@type\":\"EntryPoint\",\"urlTemplate\":\"https:\\\/\\\/www.be-cool.nl\\\/de\\\/?s={search_term_string}\"},\"query-input\":{\"@type\":\"PropertyValueSpecification\",\"valueRequired\":true,\"valueName\":\"search_term_string\"}}],\"inLanguage\":\"de\"},{\"@type\":\"Organization\",\"@id\":\"https:\\\/\\\/www.be-cool.nl\\\/de\\\/#organization\",\"name\":\"Be-Cool\",\"url\":\"https:\\\/\\\/www.be-cool.nl\\\/de\\\/\",\"logo\":{\"@type\":\"ImageObject\",\"inLanguage\":\"de\",\"@id\":\"https:\\\/\\\/www.be-cool.nl\\\/de\\\/#\\\/schema\\\/logo\\\/image\\\/\",\"url\":\"https:\\\/\\\/www.be-cool.nl\\\/wp-content\\\/uploads\\\/Be-cool_Logo.png\",\"contentUrl\":\"https:\\\/\\\/www.be-cool.nl\\\/wp-content\\\/uploads\\\/Be-cool_Logo.png\",\"width\":426,\"height\":142,\"caption\":\"Be-Cool\"},\"image\":{\"@id\":\"https:\\\/\\\/www.be-cool.nl\\\/de\\\/#\\\/schema\\\/logo\\\/image\\\/\"}}]}<\/script>\n<!-- \/ Yoast SEO plugin. -->","yoast_head_json":{"title":"Be-cool 230 - Be-Cool","robots":{"index":"index","follow":"follow","max-snippet":"max-snippet:-1","max-image-preview":"max-image-preview:large","max-video-preview":"max-video-preview:-1"},"canonical":"https:\/\/www.be-cool.nl\/de\/winkel\/be-cool-serie-de\/be-cool-230\/","og_locale":"de_DE","og_type":"article","og_title":"Be-cool 230 - Be-Cool","og_description":"Diese K\u00fchlbox ist zu vermieten.    Luftstrom: 18000 m3\/h  Geschwindigkeit: Variabel  K\u00fchlkapazit\u00e4t: 160 m2  Wassertank: 120 l  Ton: 40 dB~70 dB  Abmessungen (cm): 141 (H) \u00d7 98 (B) \u00d7 70 (T) cm  Gewicht: 80 kg  Leistungsaufnahme: 0,67 kW (650 Watt)","og_url":"https:\/\/www.be-cool.nl\/de\/winkel\/be-cool-serie-de\/be-cool-230\/","og_site_name":"Be-Cool","article_modified_time":"2024-05-24T08:47:51+00:00","og_image":[{"width":498,"height":376,"url":"https:\/\/www.be-cool.nl\/wp-content\/uploads\/Be-cool_340.png","type":"image\/png"}],"twitter_card":"summary_large_image","twitter_misc":{"Gesch\u00e4tzte Lesezeit":"1\u00a0Minute"},"schema":{"@context":"https:\/\/schema.org","@graph":[{"@type":"WebPage","@id":"https:\/\/www.be-cool.nl\/de\/winkel\/be-cool-serie-de\/be-cool-230\/","url":"https:\/\/www.be-cool.nl\/de\/winkel\/be-cool-serie-de\/be-cool-230\/","name":"Be-cool 230 - Be-Cool","isPartOf":{"@id":"https:\/\/www.be-cool.nl\/de\/#website"},"primaryImageOfPage":{"@id":"https:\/\/www.be-cool.nl\/de\/winkel\/be-cool-serie-de\/be-cool-230\/#primaryimage"},"image":{"@id":"https:\/\/www.be-cool.nl\/de\/winkel\/be-cool-serie-de\/be-cool-230\/#primaryimage"},"thumbnailUrl":"https:\/\/www.be-cool.nl\/wp-content\/uploads\/Be-cool_340.png","datePublished":"2022-02-02T10:46:00+00:00","dateModified":"2024-05-24T08:47:51+00:00","breadcrumb":{"@id":"https:\/\/www.be-cool.nl\/de\/winkel\/be-cool-serie-de\/be-cool-230\/#breadcrumb"},"inLanguage":"de","potentialAction":[{"@type":"ReadAction","target":["https:\/\/www.be-cool.nl\/de\/winkel\/be-cool-serie-de\/be-cool-230\/"]}]},{"@type":"ImageObject","inLanguage":"de","@id":"https:\/\/www.be-cool.nl\/de\/winkel\/be-cool-serie-de\/be-cool-230\/#primaryimage","url":"https:\/\/www.be-cool.nl\/wp-content\/uploads\/Be-cool_340.png","contentUrl":"https:\/\/www.be-cool.nl\/wp-content\/uploads\/Be-cool_340.png","width":498,"height":376},{"@type":"BreadcrumbList","@id":"https:\/\/www.be-cool.nl\/de\/winkel\/be-cool-serie-de\/be-cool-230\/#breadcrumb","itemListElement":[{"@type":"ListItem","position":1,"name":"Home","item":"https:\/\/www.be-cool.nl\/de\/"},{"@type":"ListItem","position":2,"name":"Producten","item":"https:\/\/www.be-cool.nl\/producten\/"},{"@type":"ListItem","position":3,"name":"Be-cool 230"}]},{"@type":"WebSite","@id":"https:\/\/www.be-cool.nl\/de\/#website","url":"https:\/\/www.be-cool.nl\/de\/","name":"Be-Cool","description":"","publisher":{"@id":"https:\/\/www.be-cool.nl\/de\/#organization"},"potentialAction":[{"@type":"SearchAction","target":{"@type":"EntryPoint","urlTemplate":"https:\/\/www.be-cool.nl\/de\/?s={search_term_string}"},"query-input":{"@type":"PropertyValueSpecification","valueRequired":true,"valueName":"search_term_string"}}],"inLanguage":"de"},{"@type":"Organization","@id":"https:\/\/www.be-cool.nl\/de\/#organization","name":"Be-Cool","url":"https:\/\/www.be-cool.nl\/de\/","logo":{"@type":"ImageObject","inLanguage":"de","@id":"https:\/\/www.be-cool.nl\/de\/#\/schema\/logo\/image\/","url":"https:\/\/www.be-cool.nl\/wp-content\/uploads\/Be-cool_Logo.png","contentUrl":"https:\/\/www.be-cool.nl\/wp-content\/uploads\/Be-cool_Logo.png","width":426,"height":142,"caption":"Be-Cool"},"image":{"@id":"https:\/\/www.be-cool.nl\/de\/#\/schema\/logo\/image\/"}}]}},"_links":{"self":[{"href":"https:\/\/www.be-cool.nl\/de\/wp-json\/wp\/v2\/product\/1451","targetHints":{"allow":["GET"]}}],"collection":[{"href":"https:\/\/www.be-cool.nl\/de\/wp-json\/wp\/v2\/product"}],"about":[{"href":"https:\/\/www.be-cool.nl\/de\/wp-json\/wp\/v2\/types\/product"}],"wp:featuredmedia":[{"embeddable":true,"href":"https:\/\/www.be-cool.nl\/de\/wp-json\/wp\/v2\/media\/577"}],"wp:attachment":[{"href":"https:\/\/www.be-cool.nl\/de\/wp-json\/wp\/v2\/media?parent=1451"}],"wp:term":[{"taxonomy":"product_brand","embeddable":true,"href":"https:\/\/www.be-cool.nl\/de\/wp-json\/wp\/v2\/product_brand?post=1451"},{"taxonomy":"product_cat","embeddable":true,"href":"https:\/\/www.be-cool.nl\/de\/wp-json\/wp\/v2\/product_cat?post=1451"},{"taxonomy":"product_tag","embeddable":true,"href":"https:\/\/www.be-cool.nl\/de\/wp-json\/wp\/v2\/product_tag?post=1451"}],"curies":[{"name":"wp","href":"https:\/\/api.w.org\/{rel}","templated":true}]}}