{"id":1852,"date":"2023-05-26T14:57:07","date_gmt":"2023-05-26T12:57:07","guid":{"rendered":"https:\/\/www.be-cool.nl\/winkel\/niet-gecategoriseerd\/be-cool-wind-force-4-m121\/"},"modified":"2025-09-01T13:44:25","modified_gmt":"2025-09-01T11:44:25","slug":"be-cool-wind-force-4-m121","status":"publish","type":"product","link":"https:\/\/www.be-cool.nl\/de\/winkel\/be-cool-serie-de\/be-cool-wind-force-4-m121\/","title":{"rendered":"Be-Cool Wind Force 4 M121"},"content":{"rendered":"<p><\/p>\n","protected":false},"excerpt":{"rendered":"<p>Unsere tragbaren Verdunstungsk\u00fchler bieten eine kosteng\u00fcnstige L\u00f6sung<br \/>\nAlternative zur herk\u00f6mmlichen Klimaanlage und schaffen Sie eine angenehme Arbeitsumgebung f\u00fcr Ihre Mitarbeiter oder Kunden.<\/p>\n<h3>Spezifikationen<\/h3>\n<ul class=\"check-icon\">\n<li>K\u00fchlkapazit\u00e4t: 200\/250 m2<\/li>\n<li>Stromverbrauch: 500 Watt<\/li>\n<li>Ton: 67 dB<\/li>\n<li>Gewicht: 55 kg<\/li>\n<li>Abmessungen: 123 (H) x 105 (B) x 68 (T) cm<\/li>\n<li>Wasserreservoir: 80 l<\/li>\n<li>Geschwindigkeit: 1, 2, 3<\/li>\n<li>Luftleistung: 12.000 m3\/h<\/li>\n<li>UV-Lampe<\/li>\n<\/ul>\n","protected":false},"featured_media":1596,"template":"","meta":{"_glsr_average":0,"_glsr_ranking":0,"_glsr_reviews":0},"product_brand":[],"product_cat":[110,115],"product_tag":[],"class_list":{"0":"post-1852","1":"product","2":"type-product","3":"status-publish","4":"has-post-thumbnail","6":"product_cat-be-cool-serie-de","7":"product_cat-verkauf","9":"first","10":"instock","11":"shipping-taxable","12":"product-type-simple"},"yoast_head":"<!-- This site is optimized with the Yoast SEO plugin v27.3 - https:\/\/yoast.com\/product\/yoast-seo-wordpress\/ -->\n<title>Be-Cool Wind Force 4 M121 - Be-Cool<\/title>\n<meta name=\"robots\" content=\"index, follow, max-snippet:-1, max-image-preview:large, max-video-preview:-1\" \/>\n<link rel=\"canonical\" href=\"https:\/\/www.be-cool.nl\/de\/winkel\/be-cool-serie-de\/be-cool-wind-force-4-m121\/\" \/>\n<meta property=\"og:locale\" content=\"de_DE\" \/>\n<meta property=\"og:type\" content=\"article\" \/>\n<meta property=\"og:title\" content=\"Be-Cool Wind Force 4 M121 - Be-Cool\" \/>\n<meta property=\"og:description\" content=\"Unsere tragbaren Verdunstungsk\u00fchler bieten eine kosteng\u00fcnstige L\u00f6sung Alternative zur herk\u00f6mmlichen Klimaanlage und schaffen Sie eine angenehme Arbeitsumgebung f\u00fcr Ihre Mitarbeiter oder Kunden.  Spezifikationen  K\u00fchlkapazit\u00e4t: 200\/250 m2 Stromverbrauch: 500 Watt Ton: 67 dB Gewicht: 55 kg Abmessungen: 123 (H) x 105 (B) x 68 (T) cm Wasserreservoir: 80 l Geschwindigkeit: 1, 2, 3 Luftleistung: 12.000 m3\/h UV-Lampe\" \/>\n<meta property=\"og:url\" content=\"https:\/\/www.be-cool.nl\/de\/winkel\/be-cool-serie-de\/be-cool-wind-force-4-m121\/\" \/>\n<meta property=\"og:site_name\" content=\"Be-Cool\" \/>\n<meta property=\"article:modified_time\" content=\"2025-09-01T11:44:25+00:00\" \/>\n<meta property=\"og:image\" content=\"https:\/\/www.be-cool.nl\/wp-content\/uploads\/image006-3.jpg\" \/>\n\t<meta property=\"og:image:width\" content=\"1000\" \/>\n\t<meta property=\"og:image:height\" content=\"1000\" \/>\n\t<meta property=\"og:image:type\" content=\"image\/jpeg\" \/>\n<meta name=\"twitter:card\" content=\"summary_large_image\" \/>\n<script type=\"application\/ld+json\" class=\"yoast-schema-graph\">{\"@context\":\"https:\\\/\\\/schema.org\",\"@graph\":[{\"@type\":\"WebPage\",\"@id\":\"https:\\\/\\\/www.be-cool.nl\\\/de\\\/winkel\\\/be-cool-serie-de\\\/be-cool-wind-force-4-m121\\\/\",\"url\":\"https:\\\/\\\/www.be-cool.nl\\\/de\\\/winkel\\\/be-cool-serie-de\\\/be-cool-wind-force-4-m121\\\/\",\"name\":\"Be-Cool Wind Force 4 M121 - Be-Cool\",\"isPartOf\":{\"@id\":\"https:\\\/\\\/www.be-cool.nl\\\/de\\\/#website\"},\"primaryImageOfPage\":{\"@id\":\"https:\\\/\\\/www.be-cool.nl\\\/de\\\/winkel\\\/be-cool-serie-de\\\/be-cool-wind-force-4-m121\\\/#primaryimage\"},\"image\":{\"@id\":\"https:\\\/\\\/www.be-cool.nl\\\/de\\\/winkel\\\/be-cool-serie-de\\\/be-cool-wind-force-4-m121\\\/#primaryimage\"},\"thumbnailUrl\":\"https:\\\/\\\/www.be-cool.nl\\\/wp-content\\\/uploads\\\/image006-3.jpg\",\"datePublished\":\"2023-05-26T12:57:07+00:00\",\"dateModified\":\"2025-09-01T11:44:25+00:00\",\"breadcrumb\":{\"@id\":\"https:\\\/\\\/www.be-cool.nl\\\/de\\\/winkel\\\/be-cool-serie-de\\\/be-cool-wind-force-4-m121\\\/#breadcrumb\"},\"inLanguage\":\"de\",\"potentialAction\":[{\"@type\":\"ReadAction\",\"target\":[\"https:\\\/\\\/www.be-cool.nl\\\/de\\\/winkel\\\/be-cool-serie-de\\\/be-cool-wind-force-4-m121\\\/\"]}]},{\"@type\":\"ImageObject\",\"inLanguage\":\"de\",\"@id\":\"https:\\\/\\\/www.be-cool.nl\\\/de\\\/winkel\\\/be-cool-serie-de\\\/be-cool-wind-force-4-m121\\\/#primaryimage\",\"url\":\"https:\\\/\\\/www.be-cool.nl\\\/wp-content\\\/uploads\\\/image006-3.jpg\",\"contentUrl\":\"https:\\\/\\\/www.be-cool.nl\\\/wp-content\\\/uploads\\\/image006-3.jpg\",\"width\":1000,\"height\":1000},{\"@type\":\"BreadcrumbList\",\"@id\":\"https:\\\/\\\/www.be-cool.nl\\\/de\\\/winkel\\\/be-cool-serie-de\\\/be-cool-wind-force-4-m121\\\/#breadcrumb\",\"itemListElement\":[{\"@type\":\"ListItem\",\"position\":1,\"name\":\"Home\",\"item\":\"https:\\\/\\\/www.be-cool.nl\\\/de\\\/\"},{\"@type\":\"ListItem\",\"position\":2,\"name\":\"Producten\",\"item\":\"https:\\\/\\\/www.be-cool.nl\\\/producten\\\/\"},{\"@type\":\"ListItem\",\"position\":3,\"name\":\"Be-Cool Wind Force 4 M121\"}]},{\"@type\":\"WebSite\",\"@id\":\"https:\\\/\\\/www.be-cool.nl\\\/de\\\/#website\",\"url\":\"https:\\\/\\\/www.be-cool.nl\\\/de\\\/\",\"name\":\"Be-Cool\",\"description\":\"\",\"publisher\":{\"@id\":\"https:\\\/\\\/www.be-cool.nl\\\/de\\\/#organization\"},\"potentialAction\":[{\"@type\":\"SearchAction\",\"target\":{\"@type\":\"EntryPoint\",\"urlTemplate\":\"https:\\\/\\\/www.be-cool.nl\\\/de\\\/?s={search_term_string}\"},\"query-input\":{\"@type\":\"PropertyValueSpecification\",\"valueRequired\":true,\"valueName\":\"search_term_string\"}}],\"inLanguage\":\"de\"},{\"@type\":\"Organization\",\"@id\":\"https:\\\/\\\/www.be-cool.nl\\\/de\\\/#organization\",\"name\":\"Be-Cool\",\"url\":\"https:\\\/\\\/www.be-cool.nl\\\/de\\\/\",\"logo\":{\"@type\":\"ImageObject\",\"inLanguage\":\"de\",\"@id\":\"https:\\\/\\\/www.be-cool.nl\\\/de\\\/#\\\/schema\\\/logo\\\/image\\\/\",\"url\":\"https:\\\/\\\/www.be-cool.nl\\\/wp-content\\\/uploads\\\/Be-cool_Logo.png\",\"contentUrl\":\"https:\\\/\\\/www.be-cool.nl\\\/wp-content\\\/uploads\\\/Be-cool_Logo.png\",\"width\":426,\"height\":142,\"caption\":\"Be-Cool\"},\"image\":{\"@id\":\"https:\\\/\\\/www.be-cool.nl\\\/de\\\/#\\\/schema\\\/logo\\\/image\\\/\"}}]}<\/script>\n<!-- \/ Yoast SEO plugin. -->","yoast_head_json":{"title":"Be-Cool Wind Force 4 M121 - Be-Cool","robots":{"index":"index","follow":"follow","max-snippet":"max-snippet:-1","max-image-preview":"max-image-preview:large","max-video-preview":"max-video-preview:-1"},"canonical":"https:\/\/www.be-cool.nl\/de\/winkel\/be-cool-serie-de\/be-cool-wind-force-4-m121\/","og_locale":"de_DE","og_type":"article","og_title":"Be-Cool Wind Force 4 M121 - Be-Cool","og_description":"Unsere tragbaren Verdunstungsk\u00fchler bieten eine kosteng\u00fcnstige L\u00f6sung Alternative zur herk\u00f6mmlichen Klimaanlage und schaffen Sie eine angenehme Arbeitsumgebung f\u00fcr Ihre Mitarbeiter oder Kunden.  Spezifikationen  K\u00fchlkapazit\u00e4t: 200\/250 m2 Stromverbrauch: 500 Watt Ton: 67 dB Gewicht: 55 kg Abmessungen: 123 (H) x 105 (B) x 68 (T) cm Wasserreservoir: 80 l Geschwindigkeit: 1, 2, 3 Luftleistung: 12.000 m3\/h UV-Lampe","og_url":"https:\/\/www.be-cool.nl\/de\/winkel\/be-cool-serie-de\/be-cool-wind-force-4-m121\/","og_site_name":"Be-Cool","article_modified_time":"2025-09-01T11:44:25+00:00","og_image":[{"width":1000,"height":1000,"url":"https:\/\/www.be-cool.nl\/wp-content\/uploads\/image006-3.jpg","type":"image\/jpeg"}],"twitter_card":"summary_large_image","schema":{"@context":"https:\/\/schema.org","@graph":[{"@type":"WebPage","@id":"https:\/\/www.be-cool.nl\/de\/winkel\/be-cool-serie-de\/be-cool-wind-force-4-m121\/","url":"https:\/\/www.be-cool.nl\/de\/winkel\/be-cool-serie-de\/be-cool-wind-force-4-m121\/","name":"Be-Cool Wind Force 4 M121 - Be-Cool","isPartOf":{"@id":"https:\/\/www.be-cool.nl\/de\/#website"},"primaryImageOfPage":{"@id":"https:\/\/www.be-cool.nl\/de\/winkel\/be-cool-serie-de\/be-cool-wind-force-4-m121\/#primaryimage"},"image":{"@id":"https:\/\/www.be-cool.nl\/de\/winkel\/be-cool-serie-de\/be-cool-wind-force-4-m121\/#primaryimage"},"thumbnailUrl":"https:\/\/www.be-cool.nl\/wp-content\/uploads\/image006-3.jpg","datePublished":"2023-05-26T12:57:07+00:00","dateModified":"2025-09-01T11:44:25+00:00","breadcrumb":{"@id":"https:\/\/www.be-cool.nl\/de\/winkel\/be-cool-serie-de\/be-cool-wind-force-4-m121\/#breadcrumb"},"inLanguage":"de","potentialAction":[{"@type":"ReadAction","target":["https:\/\/www.be-cool.nl\/de\/winkel\/be-cool-serie-de\/be-cool-wind-force-4-m121\/"]}]},{"@type":"ImageObject","inLanguage":"de","@id":"https:\/\/www.be-cool.nl\/de\/winkel\/be-cool-serie-de\/be-cool-wind-force-4-m121\/#primaryimage","url":"https:\/\/www.be-cool.nl\/wp-content\/uploads\/image006-3.jpg","contentUrl":"https:\/\/www.be-cool.nl\/wp-content\/uploads\/image006-3.jpg","width":1000,"height":1000},{"@type":"BreadcrumbList","@id":"https:\/\/www.be-cool.nl\/de\/winkel\/be-cool-serie-de\/be-cool-wind-force-4-m121\/#breadcrumb","itemListElement":[{"@type":"ListItem","position":1,"name":"Home","item":"https:\/\/www.be-cool.nl\/de\/"},{"@type":"ListItem","position":2,"name":"Producten","item":"https:\/\/www.be-cool.nl\/producten\/"},{"@type":"ListItem","position":3,"name":"Be-Cool Wind Force 4 M121"}]},{"@type":"WebSite","@id":"https:\/\/www.be-cool.nl\/de\/#website","url":"https:\/\/www.be-cool.nl\/de\/","name":"Be-Cool","description":"","publisher":{"@id":"https:\/\/www.be-cool.nl\/de\/#organization"},"potentialAction":[{"@type":"SearchAction","target":{"@type":"EntryPoint","urlTemplate":"https:\/\/www.be-cool.nl\/de\/?s={search_term_string}"},"query-input":{"@type":"PropertyValueSpecification","valueRequired":true,"valueName":"search_term_string"}}],"inLanguage":"de"},{"@type":"Organization","@id":"https:\/\/www.be-cool.nl\/de\/#organization","name":"Be-Cool","url":"https:\/\/www.be-cool.nl\/de\/","logo":{"@type":"ImageObject","inLanguage":"de","@id":"https:\/\/www.be-cool.nl\/de\/#\/schema\/logo\/image\/","url":"https:\/\/www.be-cool.nl\/wp-content\/uploads\/Be-cool_Logo.png","contentUrl":"https:\/\/www.be-cool.nl\/wp-content\/uploads\/Be-cool_Logo.png","width":426,"height":142,"caption":"Be-Cool"},"image":{"@id":"https:\/\/www.be-cool.nl\/de\/#\/schema\/logo\/image\/"}}]}},"_links":{"self":[{"href":"https:\/\/www.be-cool.nl\/de\/wp-json\/wp\/v2\/product\/1852","targetHints":{"allow":["GET"]}}],"collection":[{"href":"https:\/\/www.be-cool.nl\/de\/wp-json\/wp\/v2\/product"}],"about":[{"href":"https:\/\/www.be-cool.nl\/de\/wp-json\/wp\/v2\/types\/product"}],"wp:featuredmedia":[{"embeddable":true,"href":"https:\/\/www.be-cool.nl\/de\/wp-json\/wp\/v2\/media\/1596"}],"wp:attachment":[{"href":"https:\/\/www.be-cool.nl\/de\/wp-json\/wp\/v2\/media?parent=1852"}],"wp:term":[{"taxonomy":"product_brand","embeddable":true,"href":"https:\/\/www.be-cool.nl\/de\/wp-json\/wp\/v2\/product_brand?post=1852"},{"taxonomy":"product_cat","embeddable":true,"href":"https:\/\/www.be-cool.nl\/de\/wp-json\/wp\/v2\/product_cat?post=1852"},{"taxonomy":"product_tag","embeddable":true,"href":"https:\/\/www.be-cool.nl\/de\/wp-json\/wp\/v2\/product_tag?post=1852"}],"curies":[{"name":"wp","href":"https:\/\/api.w.org\/{rel}","templated":true}]}}