{"id":1862,"date":"2023-05-26T14:44:10","date_gmt":"2023-05-26T12:44:10","guid":{"rendered":"https:\/\/www.be-cool.nl\/winkel\/niet-gecategoriseerd\/be-cool-wind-force-10-m341\/"},"modified":"2025-09-01T14:52:23","modified_gmt":"2025-09-01T12:52:23","slug":"be-cool-wind-force-10-m341","status":"publish","type":"product","link":"https:\/\/www.be-cool.nl\/de\/winkel\/be-cool-serie-de\/be-cool-wind-force-10-m341\/","title":{"rendered":"Be-cool Wind Force 10 M341"},"content":{"rendered":"<p><\/p>\n","protected":false},"excerpt":{"rendered":"<p>Die tragbare Luftk\u00fchlung mit integriertem UV-Licht eliminiert jegliches Risiko einer Desinfektion durch Viren und Bakterien. Mit seinem minimalen Energieverbrauch ist der Wind Force 10 ideal f\u00fcr die K\u00fchlung von R\u00e4umen bis zu 400 m2, die f\u00fcr eine herk\u00f6mmliche Klimaanlage nicht geeignet sind.<\/p>\n<h3>Spezifikationen<\/h3>\n<ul class=\"check-icon\">\n<li>K\u00fchlkapazit\u00e4t: 350\/400 m2<\/li>\n<li>Stromverbrauch: 1050 Watt<\/li>\n<li>Ton: 70 dB<\/li>\n<li>Gewicht: 120 kg<\/li>\n<li>Abmessungen: 191 (H) x 169 (B) x 92 (T) cm<\/li>\n<li>Wasserreservoir: 200 l<\/li>\n<li>Geschwindigkeit: 1, 2, 3<\/li>\n<li>Luftleistung: 30.000 m3\/h<\/li>\n<li>UV-Lampe<\/li>\n<\/ul>\n","protected":false},"featured_media":1582,"template":"","meta":{"_glsr_average":0,"_glsr_ranking":0,"_glsr_reviews":0},"product_brand":[],"product_cat":[110,115],"product_tag":[],"class_list":{"0":"post-1862","1":"product","2":"type-product","3":"status-publish","4":"has-post-thumbnail","6":"product_cat-be-cool-serie-de","7":"product_cat-verkauf","9":"first","10":"instock","11":"shipping-taxable","12":"product-type-simple"},"yoast_head":"<!-- This site is optimized with the Yoast SEO plugin v27.3 - https:\/\/yoast.com\/product\/yoast-seo-wordpress\/ -->\n<title>Be-cool Wind Force 10 M341 - Be-Cool<\/title>\n<meta name=\"robots\" content=\"index, follow, max-snippet:-1, max-image-preview:large, max-video-preview:-1\" \/>\n<link rel=\"canonical\" href=\"https:\/\/www.be-cool.nl\/de\/winkel\/be-cool-serie-de\/be-cool-wind-force-10-m341\/\" \/>\n<meta property=\"og:locale\" content=\"de_DE\" \/>\n<meta property=\"og:type\" content=\"article\" \/>\n<meta property=\"og:title\" content=\"Be-cool Wind Force 10 M341 - Be-Cool\" \/>\n<meta property=\"og:description\" content=\"Die tragbare Luftk\u00fchlung mit integriertem UV-Licht eliminiert jegliches Risiko einer Desinfektion durch Viren und Bakterien. Mit seinem minimalen Energieverbrauch ist der Wind Force 10 ideal f\u00fcr die K\u00fchlung von R\u00e4umen bis zu 400 m2, die f\u00fcr eine herk\u00f6mmliche Klimaanlage nicht geeignet sind.  Spezifikationen  K\u00fchlkapazit\u00e4t: 350\/400 m2 Stromverbrauch: 1050 Watt Ton: 70 dB Gewicht: 120 kg Abmessungen: 191 (H) x 169 (B) x 92 (T) cm Wasserreservoir: 200 l Geschwindigkeit: 1, 2, 3 Luftleistung: 30.000 m3\/h UV-Lampe\" \/>\n<meta property=\"og:url\" content=\"https:\/\/www.be-cool.nl\/de\/winkel\/be-cool-serie-de\/be-cool-wind-force-10-m341\/\" \/>\n<meta property=\"og:site_name\" content=\"Be-Cool\" \/>\n<meta property=\"article:modified_time\" content=\"2025-09-01T12:52:23+00:00\" \/>\n<meta property=\"og:image\" content=\"https:\/\/www.be-cool.nl\/wp-content\/uploads\/image006-1.jpg\" \/>\n\t<meta property=\"og:image:width\" content=\"1000\" \/>\n\t<meta property=\"og:image:height\" content=\"1000\" \/>\n\t<meta property=\"og:image:type\" content=\"image\/jpeg\" \/>\n<meta name=\"twitter:card\" content=\"summary_large_image\" \/>\n<meta name=\"twitter:label1\" content=\"Gesch\u00e4tzte Lesezeit\" \/>\n\t<meta name=\"twitter:data1\" content=\"1\u00a0Minute\" \/>\n<script type=\"application\/ld+json\" class=\"yoast-schema-graph\">{\"@context\":\"https:\\\/\\\/schema.org\",\"@graph\":[{\"@type\":\"WebPage\",\"@id\":\"https:\\\/\\\/www.be-cool.nl\\\/de\\\/winkel\\\/be-cool-serie-de\\\/be-cool-wind-force-10-m341\\\/\",\"url\":\"https:\\\/\\\/www.be-cool.nl\\\/de\\\/winkel\\\/be-cool-serie-de\\\/be-cool-wind-force-10-m341\\\/\",\"name\":\"Be-cool Wind Force 10 M341 - Be-Cool\",\"isPartOf\":{\"@id\":\"https:\\\/\\\/www.be-cool.nl\\\/de\\\/#website\"},\"primaryImageOfPage\":{\"@id\":\"https:\\\/\\\/www.be-cool.nl\\\/de\\\/winkel\\\/be-cool-serie-de\\\/be-cool-wind-force-10-m341\\\/#primaryimage\"},\"image\":{\"@id\":\"https:\\\/\\\/www.be-cool.nl\\\/de\\\/winkel\\\/be-cool-serie-de\\\/be-cool-wind-force-10-m341\\\/#primaryimage\"},\"thumbnailUrl\":\"https:\\\/\\\/www.be-cool.nl\\\/wp-content\\\/uploads\\\/image006-1.jpg\",\"datePublished\":\"2023-05-26T12:44:10+00:00\",\"dateModified\":\"2025-09-01T12:52:23+00:00\",\"breadcrumb\":{\"@id\":\"https:\\\/\\\/www.be-cool.nl\\\/de\\\/winkel\\\/be-cool-serie-de\\\/be-cool-wind-force-10-m341\\\/#breadcrumb\"},\"inLanguage\":\"de\",\"potentialAction\":[{\"@type\":\"ReadAction\",\"target\":[\"https:\\\/\\\/www.be-cool.nl\\\/de\\\/winkel\\\/be-cool-serie-de\\\/be-cool-wind-force-10-m341\\\/\"]}]},{\"@type\":\"ImageObject\",\"inLanguage\":\"de\",\"@id\":\"https:\\\/\\\/www.be-cool.nl\\\/de\\\/winkel\\\/be-cool-serie-de\\\/be-cool-wind-force-10-m341\\\/#primaryimage\",\"url\":\"https:\\\/\\\/www.be-cool.nl\\\/wp-content\\\/uploads\\\/image006-1.jpg\",\"contentUrl\":\"https:\\\/\\\/www.be-cool.nl\\\/wp-content\\\/uploads\\\/image006-1.jpg\",\"width\":1000,\"height\":1000},{\"@type\":\"BreadcrumbList\",\"@id\":\"https:\\\/\\\/www.be-cool.nl\\\/de\\\/winkel\\\/be-cool-serie-de\\\/be-cool-wind-force-10-m341\\\/#breadcrumb\",\"itemListElement\":[{\"@type\":\"ListItem\",\"position\":1,\"name\":\"Home\",\"item\":\"https:\\\/\\\/www.be-cool.nl\\\/de\\\/\"},{\"@type\":\"ListItem\",\"position\":2,\"name\":\"Producten\",\"item\":\"https:\\\/\\\/www.be-cool.nl\\\/producten\\\/\"},{\"@type\":\"ListItem\",\"position\":3,\"name\":\"Be-cool Wind Force 10 M341\"}]},{\"@type\":\"WebSite\",\"@id\":\"https:\\\/\\\/www.be-cool.nl\\\/de\\\/#website\",\"url\":\"https:\\\/\\\/www.be-cool.nl\\\/de\\\/\",\"name\":\"Be-Cool\",\"description\":\"\",\"publisher\":{\"@id\":\"https:\\\/\\\/www.be-cool.nl\\\/de\\\/#organization\"},\"potentialAction\":[{\"@type\":\"SearchAction\",\"target\":{\"@type\":\"EntryPoint\",\"urlTemplate\":\"https:\\\/\\\/www.be-cool.nl\\\/de\\\/?s={search_term_string}\"},\"query-input\":{\"@type\":\"PropertyValueSpecification\",\"valueRequired\":true,\"valueName\":\"search_term_string\"}}],\"inLanguage\":\"de\"},{\"@type\":\"Organization\",\"@id\":\"https:\\\/\\\/www.be-cool.nl\\\/de\\\/#organization\",\"name\":\"Be-Cool\",\"url\":\"https:\\\/\\\/www.be-cool.nl\\\/de\\\/\",\"logo\":{\"@type\":\"ImageObject\",\"inLanguage\":\"de\",\"@id\":\"https:\\\/\\\/www.be-cool.nl\\\/de\\\/#\\\/schema\\\/logo\\\/image\\\/\",\"url\":\"https:\\\/\\\/www.be-cool.nl\\\/wp-content\\\/uploads\\\/Be-cool_Logo.png\",\"contentUrl\":\"https:\\\/\\\/www.be-cool.nl\\\/wp-content\\\/uploads\\\/Be-cool_Logo.png\",\"width\":426,\"height\":142,\"caption\":\"Be-Cool\"},\"image\":{\"@id\":\"https:\\\/\\\/www.be-cool.nl\\\/de\\\/#\\\/schema\\\/logo\\\/image\\\/\"}}]}<\/script>\n<!-- \/ Yoast SEO plugin. -->","yoast_head_json":{"title":"Be-cool Wind Force 10 M341 - Be-Cool","robots":{"index":"index","follow":"follow","max-snippet":"max-snippet:-1","max-image-preview":"max-image-preview:large","max-video-preview":"max-video-preview:-1"},"canonical":"https:\/\/www.be-cool.nl\/de\/winkel\/be-cool-serie-de\/be-cool-wind-force-10-m341\/","og_locale":"de_DE","og_type":"article","og_title":"Be-cool Wind Force 10 M341 - Be-Cool","og_description":"Die tragbare Luftk\u00fchlung mit integriertem UV-Licht eliminiert jegliches Risiko einer Desinfektion durch Viren und Bakterien. Mit seinem minimalen Energieverbrauch ist der Wind Force 10 ideal f\u00fcr die K\u00fchlung von R\u00e4umen bis zu 400 m2, die f\u00fcr eine herk\u00f6mmliche Klimaanlage nicht geeignet sind.  Spezifikationen  K\u00fchlkapazit\u00e4t: 350\/400 m2 Stromverbrauch: 1050 Watt Ton: 70 dB Gewicht: 120 kg Abmessungen: 191 (H) x 169 (B) x 92 (T) cm Wasserreservoir: 200 l Geschwindigkeit: 1, 2, 3 Luftleistung: 30.000 m3\/h UV-Lampe","og_url":"https:\/\/www.be-cool.nl\/de\/winkel\/be-cool-serie-de\/be-cool-wind-force-10-m341\/","og_site_name":"Be-Cool","article_modified_time":"2025-09-01T12:52:23+00:00","og_image":[{"width":1000,"height":1000,"url":"https:\/\/www.be-cool.nl\/wp-content\/uploads\/image006-1.jpg","type":"image\/jpeg"}],"twitter_card":"summary_large_image","twitter_misc":{"Gesch\u00e4tzte Lesezeit":"1\u00a0Minute"},"schema":{"@context":"https:\/\/schema.org","@graph":[{"@type":"WebPage","@id":"https:\/\/www.be-cool.nl\/de\/winkel\/be-cool-serie-de\/be-cool-wind-force-10-m341\/","url":"https:\/\/www.be-cool.nl\/de\/winkel\/be-cool-serie-de\/be-cool-wind-force-10-m341\/","name":"Be-cool Wind Force 10 M341 - Be-Cool","isPartOf":{"@id":"https:\/\/www.be-cool.nl\/de\/#website"},"primaryImageOfPage":{"@id":"https:\/\/www.be-cool.nl\/de\/winkel\/be-cool-serie-de\/be-cool-wind-force-10-m341\/#primaryimage"},"image":{"@id":"https:\/\/www.be-cool.nl\/de\/winkel\/be-cool-serie-de\/be-cool-wind-force-10-m341\/#primaryimage"},"thumbnailUrl":"https:\/\/www.be-cool.nl\/wp-content\/uploads\/image006-1.jpg","datePublished":"2023-05-26T12:44:10+00:00","dateModified":"2025-09-01T12:52:23+00:00","breadcrumb":{"@id":"https:\/\/www.be-cool.nl\/de\/winkel\/be-cool-serie-de\/be-cool-wind-force-10-m341\/#breadcrumb"},"inLanguage":"de","potentialAction":[{"@type":"ReadAction","target":["https:\/\/www.be-cool.nl\/de\/winkel\/be-cool-serie-de\/be-cool-wind-force-10-m341\/"]}]},{"@type":"ImageObject","inLanguage":"de","@id":"https:\/\/www.be-cool.nl\/de\/winkel\/be-cool-serie-de\/be-cool-wind-force-10-m341\/#primaryimage","url":"https:\/\/www.be-cool.nl\/wp-content\/uploads\/image006-1.jpg","contentUrl":"https:\/\/www.be-cool.nl\/wp-content\/uploads\/image006-1.jpg","width":1000,"height":1000},{"@type":"BreadcrumbList","@id":"https:\/\/www.be-cool.nl\/de\/winkel\/be-cool-serie-de\/be-cool-wind-force-10-m341\/#breadcrumb","itemListElement":[{"@type":"ListItem","position":1,"name":"Home","item":"https:\/\/www.be-cool.nl\/de\/"},{"@type":"ListItem","position":2,"name":"Producten","item":"https:\/\/www.be-cool.nl\/producten\/"},{"@type":"ListItem","position":3,"name":"Be-cool Wind Force 10 M341"}]},{"@type":"WebSite","@id":"https:\/\/www.be-cool.nl\/de\/#website","url":"https:\/\/www.be-cool.nl\/de\/","name":"Be-Cool","description":"","publisher":{"@id":"https:\/\/www.be-cool.nl\/de\/#organization"},"potentialAction":[{"@type":"SearchAction","target":{"@type":"EntryPoint","urlTemplate":"https:\/\/www.be-cool.nl\/de\/?s={search_term_string}"},"query-input":{"@type":"PropertyValueSpecification","valueRequired":true,"valueName":"search_term_string"}}],"inLanguage":"de"},{"@type":"Organization","@id":"https:\/\/www.be-cool.nl\/de\/#organization","name":"Be-Cool","url":"https:\/\/www.be-cool.nl\/de\/","logo":{"@type":"ImageObject","inLanguage":"de","@id":"https:\/\/www.be-cool.nl\/de\/#\/schema\/logo\/image\/","url":"https:\/\/www.be-cool.nl\/wp-content\/uploads\/Be-cool_Logo.png","contentUrl":"https:\/\/www.be-cool.nl\/wp-content\/uploads\/Be-cool_Logo.png","width":426,"height":142,"caption":"Be-Cool"},"image":{"@id":"https:\/\/www.be-cool.nl\/de\/#\/schema\/logo\/image\/"}}]}},"_links":{"self":[{"href":"https:\/\/www.be-cool.nl\/de\/wp-json\/wp\/v2\/product\/1862","targetHints":{"allow":["GET"]}}],"collection":[{"href":"https:\/\/www.be-cool.nl\/de\/wp-json\/wp\/v2\/product"}],"about":[{"href":"https:\/\/www.be-cool.nl\/de\/wp-json\/wp\/v2\/types\/product"}],"wp:featuredmedia":[{"embeddable":true,"href":"https:\/\/www.be-cool.nl\/de\/wp-json\/wp\/v2\/media\/1582"}],"wp:attachment":[{"href":"https:\/\/www.be-cool.nl\/de\/wp-json\/wp\/v2\/media?parent=1862"}],"wp:term":[{"taxonomy":"product_brand","embeddable":true,"href":"https:\/\/www.be-cool.nl\/de\/wp-json\/wp\/v2\/product_brand?post=1862"},{"taxonomy":"product_cat","embeddable":true,"href":"https:\/\/www.be-cool.nl\/de\/wp-json\/wp\/v2\/product_cat?post=1862"},{"taxonomy":"product_tag","embeddable":true,"href":"https:\/\/www.be-cool.nl\/de\/wp-json\/wp\/v2\/product_tag?post=1862"}],"curies":[{"name":"wp","href":"https:\/\/api.w.org\/{rel}","templated":true}]}}