{"id":823,"date":"2022-02-21T11:38:25","date_gmt":"2022-02-21T10:38:25","guid":{"rendered":"https:\/\/www.be-cool.nl\/?page_id=823"},"modified":"2022-03-02T15:05:41","modified_gmt":"2022-03-02T14:05:41","slug":"mobile-air-coolers","status":"publish","type":"page","link":"https:\/\/www.be-cool.nl\/en\/mobile-air-coolers\/","title":{"rendered":"Mobile air coolers"},"content":{"rendered":"<h2>Choose our mobile cooler<\/h2>\n<p>Are you looking for a high quality mobile air cooler? Then you&#8217;re all right at Be-Cool. We are specialists in cooling systems such as a mobile cooler, adiabatic cooling, evaporative cooler and terrace cooler. We are known for the quality of our products and our fine service. Want to learn more about our mobile coolers? Read on or contact us directly to buy a new cooler.<\/p>\n<h3>The benefits of our mobile coolers<\/h3>\n<p>Be-Cool&#8217;s mobile air coolers are from the Portacool brand. These use a unique evaporative cooling system. This system has the great advantage that it can cool large open spaces in an economic and ecological way. Previously, this was far too expensive or impossible. But with Be-Cool&#8217;s energy-efficient coolers, cooling large spaces becomes a lot cheaper at once. But what exactly is evaporative cooling? Dip your finger in a glass of water and then blow along the finger. You will then feel the coolness that occurs from the evaporation. That&#8217;s adiabatic cooling. In the same way, our air coolers work.  <\/p>\n<h3>The operation of the Portacool mobile coolers<\/h3>\n<p>Portacool&#8217;s mobile cooler is a stand-alone air cooler where heat is extracted from the air by water evaporation. Our patented pads (also called K\u00fc\u00fcl pads) are one of the most important components in our Portacool units. These are specially made by Portacool from compressed paper. The water is pumped up from the water tank by means of a water pump. In the pads there are small channels through which the pads are kept evenly wet with water. The warm air is sucked directly through the pads with the help of a fan. As a result, the water evaporates and the air is cooled. The cool air is then powerfully blown out. The special K\u00fc\u00fcl pads ensure that the warm air is cooled by an extra 20%. Due to the ingenious structure and placement method of the K\u00fc\u00fcl pads, pollutants are filtered out of the flowing air, making the blown air not only much colder, but also much cleaner.<\/p>\n<h3>The characteristics of a Portacool<\/h3>\n<p>A Portacool has the following characteristics:<\/p>\n<ul>\n<li>Easy to move<\/li>\n<li>Low cost<\/li>\n<li>Environmentally friendly<\/li>\n<li>No installation costs<\/li>\n<li>Water supply via a garden hose or filling<\/li>\n<li>Carefree ease of use and virtually maintenance-free<\/li>\n<li>Durable housing of out-of-one cast polyethylene<\/li>\n<li>Ideal for cooling large space dust workplaces<\/li>\n<\/ul>\n<h3>Contact us<\/h3>\n<p>Interested in our air coolers? Please contact us at <a href=\"tel:0152002116\">015-2002116<\/a> or email <a href=mailto:info@be-cool.nl> <\/a> info@be-cool.nl. Of course you can also leave a message in our online contact form. We are happy to help you with a mobile cooler.  <\/p>\n","protected":false},"excerpt":{"rendered":"<p>Choose our mobile cooler Are you looking for a high quality mobile air cooler? Then you&#8217;re all right at Be-Cool. We are specialists in cooling<a class=\"moretag\" href=\"https:\/\/www.be-cool.nl\/en\/mobile-air-coolers\/\">&#8230;<\/a><\/p>\n","protected":false},"author":1,"featured_media":0,"parent":0,"menu_order":0,"comment_status":"closed","ping_status":"closed","template":"","meta":{"_glsr_average":0,"_glsr_ranking":0,"_glsr_reviews":0,"footnotes":""},"class_list":["post-823","page","type-page","status-publish","hentry"],"yoast_head":"<!-- This site is optimized with the Yoast SEO plugin v27.5 - https:\/\/yoast.com\/product\/yoast-seo-wordpress\/ -->\n<title>Mobile air coolers - Be-Cool<\/title>\n<meta name=\"description\" content=\"Are you looking for a company where you can go for a mobile air cooler? Then you&#039;re all right at Be-Cool. We sell air coolers of the best quality. We also offer a fine service. Would you like to purchase a mobile cooler? Please contact us at \u260e 015-2002116.\" \/>\n<meta name=\"robots\" content=\"index, follow, max-snippet:-1, max-image-preview:large, max-video-preview:-1\" \/>\n<link rel=\"canonical\" href=\"https:\/\/www.be-cool.nl\/en\/mobile-air-coolers\/\" \/>\n<meta property=\"og:locale\" content=\"en_US\" \/>\n<meta property=\"og:type\" content=\"article\" \/>\n<meta property=\"og:title\" content=\"Mobile air coolers - Be-Cool\" \/>\n<meta property=\"og:description\" content=\"Are you looking for a company where you can go for a mobile air cooler? Then you&#039;re all right at Be-Cool. We sell air coolers of the best quality. We also offer a fine service. Would you like to purchase a mobile cooler? Please contact us at \u260e 015-2002116.\" \/>\n<meta property=\"og:url\" content=\"https:\/\/www.be-cool.nl\/en\/mobile-air-coolers\/\" \/>\n<meta property=\"og:site_name\" content=\"Be-Cool\" \/>\n<meta property=\"article:modified_time\" content=\"2022-03-02T14:05:41+00:00\" \/>\n<meta name=\"twitter:card\" content=\"summary_large_image\" \/>\n<meta name=\"twitter:label1\" content=\"Est. reading time\" \/>\n\t<meta name=\"twitter:data1\" content=\"2 minutes\" \/>\n<script type=\"application\/ld+json\" class=\"yoast-schema-graph\">{\"@context\":\"https:\\\/\\\/schema.org\",\"@graph\":[{\"@type\":\"WebPage\",\"@id\":\"https:\\\/\\\/www.be-cool.nl\\\/en\\\/mobile-air-coolers\\\/\",\"url\":\"https:\\\/\\\/www.be-cool.nl\\\/en\\\/mobile-air-coolers\\\/\",\"name\":\"Mobile air coolers - Be-Cool\",\"isPartOf\":{\"@id\":\"https:\\\/\\\/www.be-cool.nl\\\/en\\\/#website\"},\"datePublished\":\"2022-02-21T10:38:25+00:00\",\"dateModified\":\"2022-03-02T14:05:41+00:00\",\"description\":\"Are you looking for a company where you can go for a mobile air cooler? Then you're all right at Be-Cool. We sell air coolers of the best quality. We also offer a fine service. Would you like to purchase a mobile cooler? Please contact us at \u260e 015-2002116.\",\"breadcrumb\":{\"@id\":\"https:\\\/\\\/www.be-cool.nl\\\/en\\\/mobile-air-coolers\\\/#breadcrumb\"},\"inLanguage\":\"en-US\",\"potentialAction\":[{\"@type\":\"ReadAction\",\"target\":[\"https:\\\/\\\/www.be-cool.nl\\\/en\\\/mobile-air-coolers\\\/\"]}]},{\"@type\":\"BreadcrumbList\",\"@id\":\"https:\\\/\\\/www.be-cool.nl\\\/en\\\/mobile-air-coolers\\\/#breadcrumb\",\"itemListElement\":[{\"@type\":\"ListItem\",\"position\":1,\"name\":\"Home\",\"item\":\"https:\\\/\\\/www.be-cool.nl\\\/en\\\/\"},{\"@type\":\"ListItem\",\"position\":2,\"name\":\"Mobile air coolers\"}]},{\"@type\":\"WebSite\",\"@id\":\"https:\\\/\\\/www.be-cool.nl\\\/en\\\/#website\",\"url\":\"https:\\\/\\\/www.be-cool.nl\\\/en\\\/\",\"name\":\"Be-Cool\",\"description\":\"\",\"publisher\":{\"@id\":\"https:\\\/\\\/www.be-cool.nl\\\/en\\\/#organization\"},\"potentialAction\":[{\"@type\":\"SearchAction\",\"target\":{\"@type\":\"EntryPoint\",\"urlTemplate\":\"https:\\\/\\\/www.be-cool.nl\\\/en\\\/?s={search_term_string}\"},\"query-input\":{\"@type\":\"PropertyValueSpecification\",\"valueRequired\":true,\"valueName\":\"search_term_string\"}}],\"inLanguage\":\"en-US\"},{\"@type\":\"Organization\",\"@id\":\"https:\\\/\\\/www.be-cool.nl\\\/en\\\/#organization\",\"name\":\"Be-Cool\",\"url\":\"https:\\\/\\\/www.be-cool.nl\\\/en\\\/\",\"logo\":{\"@type\":\"ImageObject\",\"inLanguage\":\"en-US\",\"@id\":\"https:\\\/\\\/www.be-cool.nl\\\/en\\\/#\\\/schema\\\/logo\\\/image\\\/\",\"url\":\"https:\\\/\\\/www.be-cool.nl\\\/wp-content\\\/uploads\\\/Be-cool_Logo.png\",\"contentUrl\":\"https:\\\/\\\/www.be-cool.nl\\\/wp-content\\\/uploads\\\/Be-cool_Logo.png\",\"width\":426,\"height\":142,\"caption\":\"Be-Cool\"},\"image\":{\"@id\":\"https:\\\/\\\/www.be-cool.nl\\\/en\\\/#\\\/schema\\\/logo\\\/image\\\/\"}}]}<\/script>\n<!-- \/ Yoast SEO plugin. -->","yoast_head_json":{"title":"Mobile air coolers - Be-Cool","description":"Are you looking for a company where you can go for a mobile air cooler? Then you're all right at Be-Cool. We sell air coolers of the best quality. We also offer a fine service. Would you like to purchase a mobile cooler? Please contact us at \u260e 015-2002116.","robots":{"index":"index","follow":"follow","max-snippet":"max-snippet:-1","max-image-preview":"max-image-preview:large","max-video-preview":"max-video-preview:-1"},"canonical":"https:\/\/www.be-cool.nl\/en\/mobile-air-coolers\/","og_locale":"en_US","og_type":"article","og_title":"Mobile air coolers - Be-Cool","og_description":"Are you looking for a company where you can go for a mobile air cooler? Then you're all right at Be-Cool. We sell air coolers of the best quality. We also offer a fine service. Would you like to purchase a mobile cooler? Please contact us at \u260e 015-2002116.","og_url":"https:\/\/www.be-cool.nl\/en\/mobile-air-coolers\/","og_site_name":"Be-Cool","article_modified_time":"2022-03-02T14:05:41+00:00","twitter_card":"summary_large_image","twitter_misc":{"Est. reading time":"2 minutes"},"schema":{"@context":"https:\/\/schema.org","@graph":[{"@type":"WebPage","@id":"https:\/\/www.be-cool.nl\/en\/mobile-air-coolers\/","url":"https:\/\/www.be-cool.nl\/en\/mobile-air-coolers\/","name":"Mobile air coolers - Be-Cool","isPartOf":{"@id":"https:\/\/www.be-cool.nl\/en\/#website"},"datePublished":"2022-02-21T10:38:25+00:00","dateModified":"2022-03-02T14:05:41+00:00","description":"Are you looking for a company where you can go for a mobile air cooler? Then you're all right at Be-Cool. We sell air coolers of the best quality. We also offer a fine service. Would you like to purchase a mobile cooler? Please contact us at \u260e 015-2002116.","breadcrumb":{"@id":"https:\/\/www.be-cool.nl\/en\/mobile-air-coolers\/#breadcrumb"},"inLanguage":"en-US","potentialAction":[{"@type":"ReadAction","target":["https:\/\/www.be-cool.nl\/en\/mobile-air-coolers\/"]}]},{"@type":"BreadcrumbList","@id":"https:\/\/www.be-cool.nl\/en\/mobile-air-coolers\/#breadcrumb","itemListElement":[{"@type":"ListItem","position":1,"name":"Home","item":"https:\/\/www.be-cool.nl\/en\/"},{"@type":"ListItem","position":2,"name":"Mobile air coolers"}]},{"@type":"WebSite","@id":"https:\/\/www.be-cool.nl\/en\/#website","url":"https:\/\/www.be-cool.nl\/en\/","name":"Be-Cool","description":"","publisher":{"@id":"https:\/\/www.be-cool.nl\/en\/#organization"},"potentialAction":[{"@type":"SearchAction","target":{"@type":"EntryPoint","urlTemplate":"https:\/\/www.be-cool.nl\/en\/?s={search_term_string}"},"query-input":{"@type":"PropertyValueSpecification","valueRequired":true,"valueName":"search_term_string"}}],"inLanguage":"en-US"},{"@type":"Organization","@id":"https:\/\/www.be-cool.nl\/en\/#organization","name":"Be-Cool","url":"https:\/\/www.be-cool.nl\/en\/","logo":{"@type":"ImageObject","inLanguage":"en-US","@id":"https:\/\/www.be-cool.nl\/en\/#\/schema\/logo\/image\/","url":"https:\/\/www.be-cool.nl\/wp-content\/uploads\/Be-cool_Logo.png","contentUrl":"https:\/\/www.be-cool.nl\/wp-content\/uploads\/Be-cool_Logo.png","width":426,"height":142,"caption":"Be-Cool"},"image":{"@id":"https:\/\/www.be-cool.nl\/en\/#\/schema\/logo\/image\/"}}]}},"_links":{"self":[{"href":"https:\/\/www.be-cool.nl\/en\/wp-json\/wp\/v2\/pages\/823","targetHints":{"allow":["GET"]}}],"collection":[{"href":"https:\/\/www.be-cool.nl\/en\/wp-json\/wp\/v2\/pages"}],"about":[{"href":"https:\/\/www.be-cool.nl\/en\/wp-json\/wp\/v2\/types\/page"}],"author":[{"embeddable":true,"href":"https:\/\/www.be-cool.nl\/en\/wp-json\/wp\/v2\/users\/1"}],"replies":[{"embeddable":true,"href":"https:\/\/www.be-cool.nl\/en\/wp-json\/wp\/v2\/comments?post=823"}],"version-history":[{"count":1,"href":"https:\/\/www.be-cool.nl\/en\/wp-json\/wp\/v2\/pages\/823\/revisions"}],"predecessor-version":[{"id":824,"href":"https:\/\/www.be-cool.nl\/en\/wp-json\/wp\/v2\/pages\/823\/revisions\/824"}],"wp:attachment":[{"href":"https:\/\/www.be-cool.nl\/en\/wp-json\/wp\/v2\/media?parent=823"}],"curies":[{"name":"wp","href":"https:\/\/api.w.org\/{rel}","templated":true}]}}