{"id":1027,"date":"2022-02-21T11:39:38","date_gmt":"2022-02-21T10:39:38","guid":{"rendered":"https:\/\/www.be-cool.nl\/?page_id=1027"},"modified":"2022-03-03T11:37:36","modified_gmt":"2022-03-03T10:37:36","slug":"portacool-hurricane","status":"publish","type":"page","link":"https:\/\/www.be-cool.nl\/es\/portacool-hurricane\/","title":{"rendered":"Portacool Hurricane"},"content":{"rendered":"<div class=\"wpb-content-wrapper\"><p>[vc_row][vc_column][vc_column_text]<\/p>\n<h2>La serie Portacool Hurricane<\/h2>\n<p>\u00bfBuscas un enfriador de aire de muy buena calidad? Entonces la serie Portacool Hurricane es para usted. Puedes encontrar esta serie de Portacool en Be-Cool. En esta serie encontrar\u00e1s enfriadores de aire m\u00f3viles muy potentes que hacen que sea muy f\u00e1cil dar a tus habitaciones una temperatura agradable. \u00bfTienes curiosidad por nuestra gama? Por favor, p\u00f3ngase en contacto con nosotros. Por supuesto, tambi\u00e9n puede leer m\u00e1s sobre nuestras unidades de refrigeraci\u00f3n.[\/vc_column_text][\/vc_column][\/vc_row][vc_row][vc_column][vc_column_text]<\/p>\n<h3>Informaci\u00f3n sobre la unidad de refrigeraci\u00f3n de Hurricane<\/h3>\n<p>El primer enfriador de aire de la serie Hurricane es la unidad de enfriamiento Hurricane. La unidad de refrigeraci\u00f3n contiene un panel de control digital y un dep\u00f3sito de agua muy grande. Este hermoso enfriador de aire tiene una alarma de bajo nivel de agua. \u00bfDesea comprar esta unidad de refrigeraci\u00f3n? Luego hay oportunidades de financiaci\u00f3n. El enfriador tiene una salida de aire de 24.635 m3\/h. Tiene un gran dep\u00f3sito de agua de no menos de 253 litros y pesa 122 kg. El enfriador puede mantener una habitaci\u00f3n de hasta 325 m2 fresco. En t\u00e9rminos de dimensiones, este enfriador es 194(H) x 188(B) x 89(D).<\/p>\n<h3>El hurac\u00e1n 370<\/h3>\n<p>El Portacool 370 es un enfriador adiab\u00e1tico \u00fanico. Tiene una capacidad de refrigeraci\u00f3n de alta velocidad y una alta salida de aire de 48.421 m3\/h. Este es actualmente el enfriador evaporativo de velocidad variable m\u00e1s potente que se ofrece en el mercado. Tambi\u00e9n tiene un gran dep\u00f3sito de agua de 284 litros y pesa 188 kg. Este enfriador puede mantener una habitaci\u00f3n de hasta 580 m2 fresco. En t\u00e9rminos de dimensiones, este enfriador es 236(H) x 223(B) x 106(D) cm. El enfriador cuenta con seis potenciadores de aire Portacool Cat5 patentados y tiene cuatro ruedas de bloqueo. Cuando compre este enfriador, recibir\u00e1 una garant\u00eda de por vida en la carcasa del enfriador evaporativo contra defectos de fabricaci\u00f3n y una garant\u00eda de cinco a\u00f1os en todos los componentes el\u00e9ctricos.<\/p>\n<h3>Elija los beneficios de un enfriador de aire Portacool<\/h3>\n<p>Nos gustar\u00eda enumerar las ventajas de un enfriador de aire Portacool para usted:<\/p>\n<ul>\n<li>Bajo costo<\/li>\n<li>Respetuoso<\/li>\n<li>Sin costes de instalaci\u00f3n<\/li>\n<li>F\u00e1cil de mover<\/li>\n<li>Suministro de agua a trav\u00e9s de una manguera de jard\u00edn o llenado<\/li>\n<li>Gran facilidad de uso y pr\u00e1cticamente libre de mantenimiento<\/li>\n<li>Poseer una carcasa duradera de polietileno fundido fuera de uno<\/li>\n<li>Ideal para enfriar lugares de trabajo de polvo de gran espacio<\/li>\n<\/ul>\n<h3>Le informaremos m\u00e1s<\/h3>\n<p>\u00bfNecesita m\u00e1s informaci\u00f3n sobre nuestros productos? Ll\u00e1menos al <a href=\"tel:0152002116\">015-2002116<\/a> o env\u00ede un correo electr\u00f3nico <a href=\"mailto:info@be-cool.nl\">info@be-cool.nl.<\/a> Adem\u00e1s, puede rellenar el formulario de contacto en l\u00ednea en nuestro sitio web. Recibir\u00e1 m\u00e1s informaci\u00f3n sobre la serie Portacool Hurricane tan pronto como sea posible.<br \/>\n[\/vc_column_text][\/vc_column][\/vc_row]<\/p>\n<\/div>","protected":false},"excerpt":{"rendered":"<p>[vc_row][vc_column][vc_column_text] La serie Portacool Hurricane \u00bfBuscas un enfriador de aire de muy buena calidad? Entonces la serie Portacool Hurricane es para usted. Puedes encontrar esta<a class=\"moretag\" href=\"https:\/\/www.be-cool.nl\/es\/portacool-hurricane\/\">&#8230;<\/a><\/p>\n","protected":false},"author":1,"featured_media":0,"parent":0,"menu_order":0,"comment_status":"closed","ping_status":"closed","template":"","meta":{"_glsr_average":0,"_glsr_ranking":0,"_glsr_reviews":0,"footnotes":""},"class_list":["post-1027","page","type-page","status-publish","hentry"],"yoast_head":"<!-- This site is optimized with the Yoast SEO plugin v27.5 - https:\/\/yoast.com\/product\/yoast-seo-wordpress\/ -->\n<title>Portacool Hurricane - Be-Cool<\/title>\n<meta name=\"description\" content=\"\u00bfEst\u00e1 buscando un enfriador de aire de muy buena calidad para enfriar sus habitaciones? Echa un vistazo a la gama de Be-Cool. Por ejemplo, la serie Portacool Hurricane. Por ejemplo, vendemos la unidad de enfriamiento Hurricane y el Hurricane 370. Para obtener m\u00e1s informaci\u00f3n, llame al 015-2002116.\" \/>\n<meta name=\"robots\" content=\"index, follow, max-snippet:-1, max-image-preview:large, max-video-preview:-1\" \/>\n<link rel=\"canonical\" href=\"https:\/\/www.be-cool.nl\/es\/portacool-hurricane\/\" \/>\n<meta property=\"og:locale\" content=\"es_ES\" \/>\n<meta property=\"og:type\" content=\"article\" \/>\n<meta property=\"og:title\" content=\"Portacool Hurricane - Be-Cool\" \/>\n<meta property=\"og:description\" content=\"\u00bfEst\u00e1 buscando un enfriador de aire de muy buena calidad para enfriar sus habitaciones? Echa un vistazo a la gama de Be-Cool. Por ejemplo, la serie Portacool Hurricane. Por ejemplo, vendemos la unidad de enfriamiento Hurricane y el Hurricane 370. Para obtener m\u00e1s informaci\u00f3n, llame al 015-2002116.\" \/>\n<meta property=\"og:url\" content=\"https:\/\/www.be-cool.nl\/es\/portacool-hurricane\/\" \/>\n<meta property=\"og:site_name\" content=\"Be-Cool\" \/>\n<meta property=\"article:modified_time\" content=\"2022-03-03T10:37:36+00:00\" \/>\n<meta name=\"twitter:card\" content=\"summary_large_image\" \/>\n<meta name=\"twitter:label1\" content=\"Tiempo de lectura\" \/>\n\t<meta name=\"twitter:data1\" content=\"3 minutos\" \/>\n<script type=\"application\/ld+json\" class=\"yoast-schema-graph\">{\"@context\":\"https:\\\/\\\/schema.org\",\"@graph\":[{\"@type\":\"WebPage\",\"@id\":\"https:\\\/\\\/www.be-cool.nl\\\/es\\\/portacool-hurricane\\\/\",\"url\":\"https:\\\/\\\/www.be-cool.nl\\\/es\\\/portacool-hurricane\\\/\",\"name\":\"Portacool Hurricane - Be-Cool\",\"isPartOf\":{\"@id\":\"https:\\\/\\\/www.be-cool.nl\\\/es\\\/#website\"},\"datePublished\":\"2022-02-21T10:39:38+00:00\",\"dateModified\":\"2022-03-03T10:37:36+00:00\",\"description\":\"\u00bfEst\u00e1 buscando un enfriador de aire de muy buena calidad para enfriar sus habitaciones? Echa un vistazo a la gama de Be-Cool. Por ejemplo, la serie Portacool Hurricane. Por ejemplo, vendemos la unidad de enfriamiento Hurricane y el Hurricane 370. Para obtener m\u00e1s informaci\u00f3n, llame al 015-2002116.\",\"breadcrumb\":{\"@id\":\"https:\\\/\\\/www.be-cool.nl\\\/es\\\/portacool-hurricane\\\/#breadcrumb\"},\"inLanguage\":\"es\",\"potentialAction\":[{\"@type\":\"ReadAction\",\"target\":[\"https:\\\/\\\/www.be-cool.nl\\\/es\\\/portacool-hurricane\\\/\"]}]},{\"@type\":\"BreadcrumbList\",\"@id\":\"https:\\\/\\\/www.be-cool.nl\\\/es\\\/portacool-hurricane\\\/#breadcrumb\",\"itemListElement\":[{\"@type\":\"ListItem\",\"position\":1,\"name\":\"Home\",\"item\":\"https:\\\/\\\/www.be-cool.nl\\\/es\\\/\"},{\"@type\":\"ListItem\",\"position\":2,\"name\":\"Portacool Hurricane\"}]},{\"@type\":\"WebSite\",\"@id\":\"https:\\\/\\\/www.be-cool.nl\\\/es\\\/#website\",\"url\":\"https:\\\/\\\/www.be-cool.nl\\\/es\\\/\",\"name\":\"Be-Cool\",\"description\":\"\",\"publisher\":{\"@id\":\"https:\\\/\\\/www.be-cool.nl\\\/es\\\/#organization\"},\"potentialAction\":[{\"@type\":\"SearchAction\",\"target\":{\"@type\":\"EntryPoint\",\"urlTemplate\":\"https:\\\/\\\/www.be-cool.nl\\\/es\\\/?s={search_term_string}\"},\"query-input\":{\"@type\":\"PropertyValueSpecification\",\"valueRequired\":true,\"valueName\":\"search_term_string\"}}],\"inLanguage\":\"es\"},{\"@type\":\"Organization\",\"@id\":\"https:\\\/\\\/www.be-cool.nl\\\/es\\\/#organization\",\"name\":\"Be-Cool\",\"url\":\"https:\\\/\\\/www.be-cool.nl\\\/es\\\/\",\"logo\":{\"@type\":\"ImageObject\",\"inLanguage\":\"es\",\"@id\":\"https:\\\/\\\/www.be-cool.nl\\\/es\\\/#\\\/schema\\\/logo\\\/image\\\/\",\"url\":\"https:\\\/\\\/www.be-cool.nl\\\/wp-content\\\/uploads\\\/Be-cool_Logo.png\",\"contentUrl\":\"https:\\\/\\\/www.be-cool.nl\\\/wp-content\\\/uploads\\\/Be-cool_Logo.png\",\"width\":426,\"height\":142,\"caption\":\"Be-Cool\"},\"image\":{\"@id\":\"https:\\\/\\\/www.be-cool.nl\\\/es\\\/#\\\/schema\\\/logo\\\/image\\\/\"}}]}<\/script>\n<!-- \/ Yoast SEO plugin. -->","yoast_head_json":{"title":"Portacool Hurricane - Be-Cool","description":"\u00bfEst\u00e1 buscando un enfriador de aire de muy buena calidad para enfriar sus habitaciones? Echa un vistazo a la gama de Be-Cool. Por ejemplo, la serie Portacool Hurricane. Por ejemplo, vendemos la unidad de enfriamiento Hurricane y el Hurricane 370. Para obtener m\u00e1s informaci\u00f3n, llame al 015-2002116.","robots":{"index":"index","follow":"follow","max-snippet":"max-snippet:-1","max-image-preview":"max-image-preview:large","max-video-preview":"max-video-preview:-1"},"canonical":"https:\/\/www.be-cool.nl\/es\/portacool-hurricane\/","og_locale":"es_ES","og_type":"article","og_title":"Portacool Hurricane - Be-Cool","og_description":"\u00bfEst\u00e1 buscando un enfriador de aire de muy buena calidad para enfriar sus habitaciones? Echa un vistazo a la gama de Be-Cool. Por ejemplo, la serie Portacool Hurricane. Por ejemplo, vendemos la unidad de enfriamiento Hurricane y el Hurricane 370. Para obtener m\u00e1s informaci\u00f3n, llame al 015-2002116.","og_url":"https:\/\/www.be-cool.nl\/es\/portacool-hurricane\/","og_site_name":"Be-Cool","article_modified_time":"2022-03-03T10:37:36+00:00","twitter_card":"summary_large_image","twitter_misc":{"Tiempo de lectura":"3 minutos"},"schema":{"@context":"https:\/\/schema.org","@graph":[{"@type":"WebPage","@id":"https:\/\/www.be-cool.nl\/es\/portacool-hurricane\/","url":"https:\/\/www.be-cool.nl\/es\/portacool-hurricane\/","name":"Portacool Hurricane - Be-Cool","isPartOf":{"@id":"https:\/\/www.be-cool.nl\/es\/#website"},"datePublished":"2022-02-21T10:39:38+00:00","dateModified":"2022-03-03T10:37:36+00:00","description":"\u00bfEst\u00e1 buscando un enfriador de aire de muy buena calidad para enfriar sus habitaciones? Echa un vistazo a la gama de Be-Cool. Por ejemplo, la serie Portacool Hurricane. Por ejemplo, vendemos la unidad de enfriamiento Hurricane y el Hurricane 370. Para obtener m\u00e1s informaci\u00f3n, llame al 015-2002116.","breadcrumb":{"@id":"https:\/\/www.be-cool.nl\/es\/portacool-hurricane\/#breadcrumb"},"inLanguage":"es","potentialAction":[{"@type":"ReadAction","target":["https:\/\/www.be-cool.nl\/es\/portacool-hurricane\/"]}]},{"@type":"BreadcrumbList","@id":"https:\/\/www.be-cool.nl\/es\/portacool-hurricane\/#breadcrumb","itemListElement":[{"@type":"ListItem","position":1,"name":"Home","item":"https:\/\/www.be-cool.nl\/es\/"},{"@type":"ListItem","position":2,"name":"Portacool Hurricane"}]},{"@type":"WebSite","@id":"https:\/\/www.be-cool.nl\/es\/#website","url":"https:\/\/www.be-cool.nl\/es\/","name":"Be-Cool","description":"","publisher":{"@id":"https:\/\/www.be-cool.nl\/es\/#organization"},"potentialAction":[{"@type":"SearchAction","target":{"@type":"EntryPoint","urlTemplate":"https:\/\/www.be-cool.nl\/es\/?s={search_term_string}"},"query-input":{"@type":"PropertyValueSpecification","valueRequired":true,"valueName":"search_term_string"}}],"inLanguage":"es"},{"@type":"Organization","@id":"https:\/\/www.be-cool.nl\/es\/#organization","name":"Be-Cool","url":"https:\/\/www.be-cool.nl\/es\/","logo":{"@type":"ImageObject","inLanguage":"es","@id":"https:\/\/www.be-cool.nl\/es\/#\/schema\/logo\/image\/","url":"https:\/\/www.be-cool.nl\/wp-content\/uploads\/Be-cool_Logo.png","contentUrl":"https:\/\/www.be-cool.nl\/wp-content\/uploads\/Be-cool_Logo.png","width":426,"height":142,"caption":"Be-Cool"},"image":{"@id":"https:\/\/www.be-cool.nl\/es\/#\/schema\/logo\/image\/"}}]}},"_links":{"self":[{"href":"https:\/\/www.be-cool.nl\/es\/wp-json\/wp\/v2\/pages\/1027","targetHints":{"allow":["GET"]}}],"collection":[{"href":"https:\/\/www.be-cool.nl\/es\/wp-json\/wp\/v2\/pages"}],"about":[{"href":"https:\/\/www.be-cool.nl\/es\/wp-json\/wp\/v2\/types\/page"}],"author":[{"embeddable":true,"href":"https:\/\/www.be-cool.nl\/es\/wp-json\/wp\/v2\/users\/1"}],"replies":[{"embeddable":true,"href":"https:\/\/www.be-cool.nl\/es\/wp-json\/wp\/v2\/comments?post=1027"}],"version-history":[{"count":1,"href":"https:\/\/www.be-cool.nl\/es\/wp-json\/wp\/v2\/pages\/1027\/revisions"}],"predecessor-version":[{"id":1028,"href":"https:\/\/www.be-cool.nl\/es\/wp-json\/wp\/v2\/pages\/1027\/revisions\/1028"}],"wp:attachment":[{"href":"https:\/\/www.be-cool.nl\/es\/wp-json\/wp\/v2\/media?parent=1027"}],"curies":[{"name":"wp","href":"https:\/\/api.w.org\/{rel}","templated":true}]}}