{"id":1048,"date":"2022-02-21T11:40:29","date_gmt":"2022-02-21T10:40:29","guid":{"rendered":"https:\/\/www.be-cool.nl\/?page_id=1048"},"modified":"2024-04-29T09:48:26","modified_gmt":"2024-04-29T07:48:26","slug":"portacool","status":"publish","type":"page","link":"https:\/\/www.be-cool.nl\/es\/portacool\/","title":{"rendered":"Portacool"},"content":{"rendered":"<div class=\"wpb-content-wrapper\"><p>[vc_row][vc_column][vc_column_text]<\/p>\n<h2>Para los refrigeradores Portacool ir a Be-Cool<\/h2>\n<p>\u00bfEst\u00e1 buscando una empresa donde pueda ir para refrigeradores de la marca Portacool? Echa un vistazo a la amplia gama de Be-Cool. Con nosotros siempre encontrar\u00e1 el enfriador de aire que desea. \u00bfNecesita ayuda para elegir el refrigerador adecuado? Estamos encantados de proporcionarle asesoramiento a medida. \u00bfQuieres saber m\u00e1s sobre nuestros enfriadores Portacool? P\u00f3ngase en contacto con nosotros directamente o siga leyendo y descubra las posibilidades en el campo de la refrigeraci\u00f3n.[\/vc_column_text][\/vc_column][\/vc_row][vc_row content_placement=\u00bbmiddle\u00bb][vc_column][vc_column_text]<\/p>\n<h3>Enfriadores de la serie Portacool<\/h3>\n<p>Be-cool ofrece sistemas de refrigeraci\u00f3n adecuados para cualquier situaci\u00f3n. Con nosotros encontrar\u00e1 la serie portacool Jetstream de enfriadores de aire. Para qu\u00e9 espacio desea utilizar el enfriador de 84m2 a 270m2. Env\u00edenos sus requisitos de refrigeraci\u00f3n por aire y le ayudaremos. Los enfriadores de aire son conocidos por su excelente calidad y eficiencia energ\u00e9tica. Debido a su forma energ\u00e9ticamente eficiente de refrigeraci\u00f3n, tambi\u00e9n son muy respetuosos con el medio ambiente y m\u00e1s baratos que un sistema de refrigeraci\u00f3n regular con subsidia.[\/vc_column_text][\/vc_column][\/vc_row][vc_row][vc_column][vc_column_text]<\/p>\n<h3>\u00bfC\u00f3mo funciona un enfriador evaporativo?<\/h3>\n<p>\u00bfC\u00f3mo funciona exactamente el enfriador Portacool? Los enfriadores tienen un enfriador evaporativo que extrae de forma independiente el calor del aire a trav\u00e9s de la evaporaci\u00f3n del agua. Las almohadillas patentadas de Kol son muy importantes para enfriar el aire. Las almohadillas de papel comprimido tienen canales peque\u00f1os. Estos canales bombean agua que mantiene todo el camino h\u00famedo. El aire caliente se aspira a trav\u00e9s de las almohadillas, haciendo que el agua de las almohadillas se evapore. Esto crea aire fr\u00edo. Al soplar el aire fr\u00edo, su espacio se enfr\u00eda eficientemente. La bomba de agua en el refrigerador bombea agua a trav\u00e9s de los peque\u00f1os canales de las almohadillas. Las almohadillas de la K-l aseguran que el aire caliente se enfr\u00ede en un 20% extra. Tambi\u00e9n eliminan los contaminantes del aire. Tambi\u00e9n proporciona aire m\u00e1s limpio en su casa o edificio.[\/vc_column_text][\/vc_column][\/vc_row][vc_row][vc_column][vc_column_text]<\/p>\n<h3>Las caracter\u00edsticas seguidas<\/h3>\n<p>\u00bfCu\u00e1les son las caracter\u00edsticas de los refrigeradores Portacool? Ellos:<\/p>\n<ul class=\"check-icon\">\n<li>Tener bajo costo<\/li>\n<li>Su respetuoso con el medio ambiente<\/li>\n<li>No tienen costes de instalaci\u00f3n<\/li>\n<li>Son f\u00e1cilmente movibles<\/li>\n<li>Tener suministro de agua a trav\u00e9s de una manguera de jard\u00edn o llenado<\/li>\n<li>Ofrezca una gran facilidad de uso y pr\u00e1cticamente est\u00e9 libre de mantenimiento<\/li>\n<li>Poseer una carcasa duradera de polietileno fundido fuera de uno<\/li>\n<li>Son ideales para enfriar lugares de trabajo de polvo de gran espacio<\/li>\n<\/ul>\n<h3>Para obtener m\u00e1s informaci\u00f3n, por favor<\/h3>\n<p>\u00bfNecesita m\u00e1s informaci\u00f3n sobre nuestros productos Portacool? Cont\u00e1ctenos por tel\u00e9fono <a href=\"tel:0152002116\">015-2002116<\/a> o env\u00ede un correo electr\u00f3nico <a href=\"mailto:info@be-cool.nl\">info@be-cool.nl.<\/a> Por supuesto, tambi\u00e9n puede dejar un mensaje a trav\u00e9s de nuestro formulario de contacto en l\u00ednea. Le daremos m\u00e1s informaci\u00f3n sobre los refrigeradores de Portacool.[\/vc_column_text][\/vc_column][\/vc_row]<\/p>\n<\/div>","protected":false},"excerpt":{"rendered":"<p>[vc_row][vc_column][vc_column_text] Para los refrigeradores Portacool ir a Be-Cool \u00bfEst\u00e1 buscando una empresa donde pueda ir para refrigeradores de la marca Portacool? Echa un vistazo a<a class=\"moretag\" href=\"https:\/\/www.be-cool.nl\/es\/portacool\/\">&#8230;<\/a><\/p>\n","protected":false},"author":1,"featured_media":0,"parent":0,"menu_order":0,"comment_status":"closed","ping_status":"closed","template":"","meta":{"_glsr_average":0,"_glsr_ranking":0,"_glsr_reviews":0,"footnotes":""},"class_list":["post-1048","page","type-page","status-publish","hentry"],"yoast_head":"<!-- This site is optimized with the Yoast SEO plugin v27.5 - https:\/\/yoast.com\/product\/yoast-seo-wordpress\/ -->\n<title>Portacool - Be-Cool<\/title>\n<meta name=\"description\" content=\"\u00bfEst\u00e1 buscando una empresa donde pueda ir para enfriadores de aire de Portacool? Llame al 015-2002116.\" \/>\n<meta name=\"robots\" content=\"index, follow, max-snippet:-1, max-image-preview:large, max-video-preview:-1\" \/>\n<link rel=\"canonical\" href=\"https:\/\/www.be-cool.nl\/es\/portacool\/\" \/>\n<meta property=\"og:locale\" content=\"es_ES\" \/>\n<meta property=\"og:type\" content=\"article\" \/>\n<meta property=\"og:title\" content=\"Portacool - Be-Cool\" \/>\n<meta property=\"og:description\" content=\"\u00bfEst\u00e1 buscando una empresa donde pueda ir para enfriadores de aire de Portacool? Llame al 015-2002116.\" \/>\n<meta property=\"og:url\" content=\"https:\/\/www.be-cool.nl\/es\/portacool\/\" \/>\n<meta property=\"og:site_name\" content=\"Be-Cool\" \/>\n<meta property=\"article:modified_time\" content=\"2024-04-29T07:48:26+00:00\" \/>\n<meta name=\"twitter:card\" content=\"summary_large_image\" \/>\n<meta name=\"twitter:label1\" content=\"Tiempo de lectura\" \/>\n\t<meta name=\"twitter:data1\" content=\"3 minutos\" \/>\n<script type=\"application\/ld+json\" class=\"yoast-schema-graph\">{\"@context\":\"https:\\\/\\\/schema.org\",\"@graph\":[{\"@type\":\"WebPage\",\"@id\":\"https:\\\/\\\/www.be-cool.nl\\\/es\\\/portacool\\\/\",\"url\":\"https:\\\/\\\/www.be-cool.nl\\\/es\\\/portacool\\\/\",\"name\":\"Portacool - Be-Cool\",\"isPartOf\":{\"@id\":\"https:\\\/\\\/www.be-cool.nl\\\/es\\\/#website\"},\"datePublished\":\"2022-02-21T10:40:29+00:00\",\"dateModified\":\"2024-04-29T07:48:26+00:00\",\"description\":\"\u00bfEst\u00e1 buscando una empresa donde pueda ir para enfriadores de aire de Portacool? Llame al 015-2002116.\",\"breadcrumb\":{\"@id\":\"https:\\\/\\\/www.be-cool.nl\\\/es\\\/portacool\\\/#breadcrumb\"},\"inLanguage\":\"es\",\"potentialAction\":[{\"@type\":\"ReadAction\",\"target\":[\"https:\\\/\\\/www.be-cool.nl\\\/es\\\/portacool\\\/\"]}]},{\"@type\":\"BreadcrumbList\",\"@id\":\"https:\\\/\\\/www.be-cool.nl\\\/es\\\/portacool\\\/#breadcrumb\",\"itemListElement\":[{\"@type\":\"ListItem\",\"position\":1,\"name\":\"Home\",\"item\":\"https:\\\/\\\/www.be-cool.nl\\\/es\\\/\"},{\"@type\":\"ListItem\",\"position\":2,\"name\":\"Portacool\"}]},{\"@type\":\"WebSite\",\"@id\":\"https:\\\/\\\/www.be-cool.nl\\\/es\\\/#website\",\"url\":\"https:\\\/\\\/www.be-cool.nl\\\/es\\\/\",\"name\":\"Be-Cool\",\"description\":\"\",\"publisher\":{\"@id\":\"https:\\\/\\\/www.be-cool.nl\\\/es\\\/#organization\"},\"potentialAction\":[{\"@type\":\"SearchAction\",\"target\":{\"@type\":\"EntryPoint\",\"urlTemplate\":\"https:\\\/\\\/www.be-cool.nl\\\/es\\\/?s={search_term_string}\"},\"query-input\":{\"@type\":\"PropertyValueSpecification\",\"valueRequired\":true,\"valueName\":\"search_term_string\"}}],\"inLanguage\":\"es\"},{\"@type\":\"Organization\",\"@id\":\"https:\\\/\\\/www.be-cool.nl\\\/es\\\/#organization\",\"name\":\"Be-Cool\",\"url\":\"https:\\\/\\\/www.be-cool.nl\\\/es\\\/\",\"logo\":{\"@type\":\"ImageObject\",\"inLanguage\":\"es\",\"@id\":\"https:\\\/\\\/www.be-cool.nl\\\/es\\\/#\\\/schema\\\/logo\\\/image\\\/\",\"url\":\"https:\\\/\\\/www.be-cool.nl\\\/wp-content\\\/uploads\\\/Be-cool_Logo.png\",\"contentUrl\":\"https:\\\/\\\/www.be-cool.nl\\\/wp-content\\\/uploads\\\/Be-cool_Logo.png\",\"width\":426,\"height\":142,\"caption\":\"Be-Cool\"},\"image\":{\"@id\":\"https:\\\/\\\/www.be-cool.nl\\\/es\\\/#\\\/schema\\\/logo\\\/image\\\/\"}}]}<\/script>\n<!-- \/ Yoast SEO plugin. -->","yoast_head_json":{"title":"Portacool - Be-Cool","description":"\u00bfEst\u00e1 buscando una empresa donde pueda ir para enfriadores de aire de Portacool? Llame al 015-2002116.","robots":{"index":"index","follow":"follow","max-snippet":"max-snippet:-1","max-image-preview":"max-image-preview:large","max-video-preview":"max-video-preview:-1"},"canonical":"https:\/\/www.be-cool.nl\/es\/portacool\/","og_locale":"es_ES","og_type":"article","og_title":"Portacool - Be-Cool","og_description":"\u00bfEst\u00e1 buscando una empresa donde pueda ir para enfriadores de aire de Portacool? Llame al 015-2002116.","og_url":"https:\/\/www.be-cool.nl\/es\/portacool\/","og_site_name":"Be-Cool","article_modified_time":"2024-04-29T07:48:26+00:00","twitter_card":"summary_large_image","twitter_misc":{"Tiempo de lectura":"3 minutos"},"schema":{"@context":"https:\/\/schema.org","@graph":[{"@type":"WebPage","@id":"https:\/\/www.be-cool.nl\/es\/portacool\/","url":"https:\/\/www.be-cool.nl\/es\/portacool\/","name":"Portacool - Be-Cool","isPartOf":{"@id":"https:\/\/www.be-cool.nl\/es\/#website"},"datePublished":"2022-02-21T10:40:29+00:00","dateModified":"2024-04-29T07:48:26+00:00","description":"\u00bfEst\u00e1 buscando una empresa donde pueda ir para enfriadores de aire de Portacool? Llame al 015-2002116.","breadcrumb":{"@id":"https:\/\/www.be-cool.nl\/es\/portacool\/#breadcrumb"},"inLanguage":"es","potentialAction":[{"@type":"ReadAction","target":["https:\/\/www.be-cool.nl\/es\/portacool\/"]}]},{"@type":"BreadcrumbList","@id":"https:\/\/www.be-cool.nl\/es\/portacool\/#breadcrumb","itemListElement":[{"@type":"ListItem","position":1,"name":"Home","item":"https:\/\/www.be-cool.nl\/es\/"},{"@type":"ListItem","position":2,"name":"Portacool"}]},{"@type":"WebSite","@id":"https:\/\/www.be-cool.nl\/es\/#website","url":"https:\/\/www.be-cool.nl\/es\/","name":"Be-Cool","description":"","publisher":{"@id":"https:\/\/www.be-cool.nl\/es\/#organization"},"potentialAction":[{"@type":"SearchAction","target":{"@type":"EntryPoint","urlTemplate":"https:\/\/www.be-cool.nl\/es\/?s={search_term_string}"},"query-input":{"@type":"PropertyValueSpecification","valueRequired":true,"valueName":"search_term_string"}}],"inLanguage":"es"},{"@type":"Organization","@id":"https:\/\/www.be-cool.nl\/es\/#organization","name":"Be-Cool","url":"https:\/\/www.be-cool.nl\/es\/","logo":{"@type":"ImageObject","inLanguage":"es","@id":"https:\/\/www.be-cool.nl\/es\/#\/schema\/logo\/image\/","url":"https:\/\/www.be-cool.nl\/wp-content\/uploads\/Be-cool_Logo.png","contentUrl":"https:\/\/www.be-cool.nl\/wp-content\/uploads\/Be-cool_Logo.png","width":426,"height":142,"caption":"Be-Cool"},"image":{"@id":"https:\/\/www.be-cool.nl\/es\/#\/schema\/logo\/image\/"}}]}},"_links":{"self":[{"href":"https:\/\/www.be-cool.nl\/es\/wp-json\/wp\/v2\/pages\/1048","targetHints":{"allow":["GET"]}}],"collection":[{"href":"https:\/\/www.be-cool.nl\/es\/wp-json\/wp\/v2\/pages"}],"about":[{"href":"https:\/\/www.be-cool.nl\/es\/wp-json\/wp\/v2\/types\/page"}],"author":[{"embeddable":true,"href":"https:\/\/www.be-cool.nl\/es\/wp-json\/wp\/v2\/users\/1"}],"replies":[{"embeddable":true,"href":"https:\/\/www.be-cool.nl\/es\/wp-json\/wp\/v2\/comments?post=1048"}],"version-history":[{"count":2,"href":"https:\/\/www.be-cool.nl\/es\/wp-json\/wp\/v2\/pages\/1048\/revisions"}],"predecessor-version":[{"id":2548,"href":"https:\/\/www.be-cool.nl\/es\/wp-json\/wp\/v2\/pages\/1048\/revisions\/2548"}],"wp:attachment":[{"href":"https:\/\/www.be-cool.nl\/es\/wp-json\/wp\/v2\/media?parent=1048"}],"curies":[{"name":"wp","href":"https:\/\/api.w.org\/{rel}","templated":true}]}}