{"id":1061,"date":"2022-02-21T11:41:29","date_gmt":"2022-02-21T10:41:29","guid":{"rendered":"https:\/\/www.be-cool.nl\/?page_id=1061"},"modified":"2022-03-04T10:36:51","modified_gmt":"2022-03-04T09:36:51","slug":"enfriador-evaporativo","status":"publish","type":"page","link":"https:\/\/www.be-cool.nl\/es\/enfriador-evaporativo\/","title":{"rendered":"Enfriador evaporativo"},"content":{"rendered":"<h2>Opte por el enfriamiento evaporativo de Be-Cool<\/h2>\n<p>\u00bfEst\u00e1 buscando una empresa donde pueda ir por un enfriador evaporativo? Echa un vistazo a la gama de Be-Cool. Con nosotros encontrar\u00e1 una amplia gama de refrigeradores evaporativos, refrigeradores m\u00f3viles y enfriadores de terraza. Con nosotros puede contar con productos de alta calidad y un excelente servicio. \u00bfTiene curiosidad sobre nuestros productos y le gustar\u00eda aprender m\u00e1s sobre nuestro enfriamiento evaporativo? A continuaci\u00f3n, siga leyendo o ll\u00e1menos directamente para comprar un nuevo enfriamiento.  <\/p>\n<h3>Enfriar el aire con Portacool<\/h3>\n<p>El enfriador evaporativo que vendemos es de la marca Portacool. Este tipo de enfriador tiene un sistema de refrigeraci\u00f3n evaporativa \u00fanico. Pero, \u00bfqu\u00e9 significa exactamente esto? Usted nota el efecto del enfriamiento evaporativo cuando pone el dedo en un cubo de agua. Cuando soplas a lo largo de tu dedo, sentir\u00e1s frialdad evaporando el agua. Esto tambi\u00e9n se llama enfriamiento adiab\u00e1tico. Este sistema de refrigeraci\u00f3n es ideal para grandes espacios abiertos, ya que enfr\u00eda el espacio de una manera ecol\u00f3gica y econ\u00f3mica. Esta forma de enfriamiento es energ\u00e9ticamente eficiente y mucho m\u00e1s barata que una refrigeraci\u00f3n normal.  <\/p>\n<h3>Funcionamiento del enfriador Portacool<\/h3>\n<p>El enfriador evaporativo extrae de forma independiente el calor del aire a trav\u00e9s de la evaporaci\u00f3n del agua. El enfriador utiliza las almohadillas patentadas de Kol. Las almohadillas, hechas de papel comprimido, contienen peque\u00f1os canales. Con la ayuda de una bomba de agua, el agua se bombea desde el tanque de agua. El agua bombeada puede fluir a trav\u00e9s de los canales de las almohadillas y as\u00ed mantener las almohadillas h\u00famedas en todas partes. El aire caliente se aspira a trav\u00e9s de las almohadillas, despu\u00e9s de lo cual el agua en las almohadillas se evapora. Esto asegura el aire enfriado. Finalmente, el aire se sopla de una manera poderosa. Las almohadillas de kol enfr\u00edan el aire caliente en un 20% extra. Los contaminantes tambi\u00e9n son filtrados fuera del aire que fluye por la ingeniosa estructura y el m\u00e9todo de colocaci\u00f3n de las almohadillas de Kol. Tambi\u00e9n puede beneficiarse de un aire m\u00e1s limpio.<\/p>\n<h3>Los beneficios de nuestros refrigeradores<\/h3>\n<p>\u00bfQu\u00e9 ofrece un enfriador portacool evaporativo? El refrigerador:<\/p>\n<ul>\n<li>Es f\u00e1cil de mover<\/li>\n<li>Tiene bajo costo<\/li>\n<li>Es respetuosa con el medio ambiente<\/li>\n<li>No tiene costos de instalaci\u00f3n<\/li>\n<li>Tiene suministro de agua a trav\u00e9s de una manguera de jard\u00edn o llenado<\/li>\n<li>Proporciona facilidad de uso despreocupada y es pr\u00e1cticamente libre de mantenimiento<\/li>\n<li>Tiene una carcasa duradera de polietileno fundido fuera de una pieza<\/li>\n<li>Es ideal para enfriar lugares de trabajo de polvo de gran espacio<\/li>\n<\/ul>\n<h3>Llame o env\u00ede un correo electr\u00f3nico para obtener m\u00e1s informaci\u00f3n<\/h3>\n<p>\u00bfTe has interesado por nuestros refrigeradores? Ll\u00e1menos al <a href=\"tel:0152002116\">015-2002116<\/a> o env\u00ede un correo electr\u00f3nico <a href=mailto:info@be-cool.nl> <\/a> info@be-cool.nl. Por supuesto, tambi\u00e9n puede dejar un mensaje a trav\u00e9s de nuestro formulario de contacto en l\u00ednea. Entonces estaremos encantados de ayudarle con la compra de un enfriador evaporativo.<\/p>\n","protected":false},"excerpt":{"rendered":"<p>Opte por el enfriamiento evaporativo de Be-Cool \u00bfEst\u00e1 buscando una empresa donde pueda ir por un enfriador evaporativo? Echa un vistazo a la gama de<a class=\"moretag\" href=\"https:\/\/www.be-cool.nl\/es\/enfriador-evaporativo\/\">&#8230;<\/a><\/p>\n","protected":false},"author":1,"featured_media":0,"parent":0,"menu_order":0,"comment_status":"closed","ping_status":"closed","template":"","meta":{"_glsr_average":0,"_glsr_ranking":0,"_glsr_reviews":0,"footnotes":""},"class_list":["post-1061","page","type-page","status-publish","hentry"],"yoast_head":"<!-- This site is optimized with the Yoast SEO plugin v27.3 - https:\/\/yoast.com\/product\/yoast-seo-wordpress\/ -->\n<title>Enfriador evaporativo - Be-Cool<\/title>\n<meta name=\"description\" content=\"\u00bfNecesitas un enfriador evaporativo para enfriar tu espacio? Echa un vistazo a la gama de Be-Cool. Con nosotros encontrar\u00e1 una amplia gama de refrigeradores de la marca Portacool. Para obtener m\u00e1s informaci\u00f3n sobre nuestros productos, p\u00f3ngase en contacto con nosotros al \u260e 015-2002116.\" \/>\n<meta name=\"robots\" content=\"index, follow, max-snippet:-1, max-image-preview:large, max-video-preview:-1\" \/>\n<link rel=\"canonical\" href=\"https:\/\/www.be-cool.nl\/es\/enfriador-evaporativo\/\" \/>\n<meta property=\"og:locale\" content=\"es_ES\" \/>\n<meta property=\"og:type\" content=\"article\" \/>\n<meta property=\"og:title\" content=\"Enfriador evaporativo - Be-Cool\" \/>\n<meta property=\"og:description\" content=\"\u00bfNecesitas un enfriador evaporativo para enfriar tu espacio? Echa un vistazo a la gama de Be-Cool. Con nosotros encontrar\u00e1 una amplia gama de refrigeradores de la marca Portacool. Para obtener m\u00e1s informaci\u00f3n sobre nuestros productos, p\u00f3ngase en contacto con nosotros al \u260e 015-2002116.\" \/>\n<meta property=\"og:url\" content=\"https:\/\/www.be-cool.nl\/es\/enfriador-evaporativo\/\" \/>\n<meta property=\"og:site_name\" content=\"Be-Cool\" \/>\n<meta property=\"article:modified_time\" content=\"2022-03-04T09:36:51+00:00\" \/>\n<meta name=\"twitter:card\" content=\"summary_large_image\" \/>\n<meta name=\"twitter:label1\" content=\"Tiempo de lectura\" \/>\n\t<meta name=\"twitter:data1\" content=\"3 minutos\" \/>\n<script type=\"application\/ld+json\" class=\"yoast-schema-graph\">{\"@context\":\"https:\\\/\\\/schema.org\",\"@graph\":[{\"@type\":\"WebPage\",\"@id\":\"https:\\\/\\\/www.be-cool.nl\\\/es\\\/enfriador-evaporativo\\\/\",\"url\":\"https:\\\/\\\/www.be-cool.nl\\\/es\\\/enfriador-evaporativo\\\/\",\"name\":\"Enfriador evaporativo - Be-Cool\",\"isPartOf\":{\"@id\":\"https:\\\/\\\/www.be-cool.nl\\\/es\\\/#website\"},\"datePublished\":\"2022-02-21T10:41:29+00:00\",\"dateModified\":\"2022-03-04T09:36:51+00:00\",\"description\":\"\u00bfNecesitas un enfriador evaporativo para enfriar tu espacio? Echa un vistazo a la gama de Be-Cool. Con nosotros encontrar\u00e1 una amplia gama de refrigeradores de la marca Portacool. Para obtener m\u00e1s informaci\u00f3n sobre nuestros productos, p\u00f3ngase en contacto con nosotros al \u260e 015-2002116.\",\"breadcrumb\":{\"@id\":\"https:\\\/\\\/www.be-cool.nl\\\/es\\\/enfriador-evaporativo\\\/#breadcrumb\"},\"inLanguage\":\"es\",\"potentialAction\":[{\"@type\":\"ReadAction\",\"target\":[\"https:\\\/\\\/www.be-cool.nl\\\/es\\\/enfriador-evaporativo\\\/\"]}]},{\"@type\":\"BreadcrumbList\",\"@id\":\"https:\\\/\\\/www.be-cool.nl\\\/es\\\/enfriador-evaporativo\\\/#breadcrumb\",\"itemListElement\":[{\"@type\":\"ListItem\",\"position\":1,\"name\":\"Home\",\"item\":\"https:\\\/\\\/www.be-cool.nl\\\/es\\\/\"},{\"@type\":\"ListItem\",\"position\":2,\"name\":\"Enfriador evaporativo\"}]},{\"@type\":\"WebSite\",\"@id\":\"https:\\\/\\\/www.be-cool.nl\\\/es\\\/#website\",\"url\":\"https:\\\/\\\/www.be-cool.nl\\\/es\\\/\",\"name\":\"Be-Cool\",\"description\":\"\",\"publisher\":{\"@id\":\"https:\\\/\\\/www.be-cool.nl\\\/es\\\/#organization\"},\"potentialAction\":[{\"@type\":\"SearchAction\",\"target\":{\"@type\":\"EntryPoint\",\"urlTemplate\":\"https:\\\/\\\/www.be-cool.nl\\\/es\\\/?s={search_term_string}\"},\"query-input\":{\"@type\":\"PropertyValueSpecification\",\"valueRequired\":true,\"valueName\":\"search_term_string\"}}],\"inLanguage\":\"es\"},{\"@type\":\"Organization\",\"@id\":\"https:\\\/\\\/www.be-cool.nl\\\/es\\\/#organization\",\"name\":\"Be-Cool\",\"url\":\"https:\\\/\\\/www.be-cool.nl\\\/es\\\/\",\"logo\":{\"@type\":\"ImageObject\",\"inLanguage\":\"es\",\"@id\":\"https:\\\/\\\/www.be-cool.nl\\\/es\\\/#\\\/schema\\\/logo\\\/image\\\/\",\"url\":\"https:\\\/\\\/www.be-cool.nl\\\/wp-content\\\/uploads\\\/Be-cool_Logo.png\",\"contentUrl\":\"https:\\\/\\\/www.be-cool.nl\\\/wp-content\\\/uploads\\\/Be-cool_Logo.png\",\"width\":426,\"height\":142,\"caption\":\"Be-Cool\"},\"image\":{\"@id\":\"https:\\\/\\\/www.be-cool.nl\\\/es\\\/#\\\/schema\\\/logo\\\/image\\\/\"}}]}<\/script>\n<!-- \/ Yoast SEO plugin. -->","yoast_head_json":{"title":"Enfriador evaporativo - Be-Cool","description":"\u00bfNecesitas un enfriador evaporativo para enfriar tu espacio? Echa un vistazo a la gama de Be-Cool. Con nosotros encontrar\u00e1 una amplia gama de refrigeradores de la marca Portacool. Para obtener m\u00e1s informaci\u00f3n sobre nuestros productos, p\u00f3ngase en contacto con nosotros al \u260e 015-2002116.","robots":{"index":"index","follow":"follow","max-snippet":"max-snippet:-1","max-image-preview":"max-image-preview:large","max-video-preview":"max-video-preview:-1"},"canonical":"https:\/\/www.be-cool.nl\/es\/enfriador-evaporativo\/","og_locale":"es_ES","og_type":"article","og_title":"Enfriador evaporativo - Be-Cool","og_description":"\u00bfNecesitas un enfriador evaporativo para enfriar tu espacio? Echa un vistazo a la gama de Be-Cool. Con nosotros encontrar\u00e1 una amplia gama de refrigeradores de la marca Portacool. Para obtener m\u00e1s informaci\u00f3n sobre nuestros productos, p\u00f3ngase en contacto con nosotros al \u260e 015-2002116.","og_url":"https:\/\/www.be-cool.nl\/es\/enfriador-evaporativo\/","og_site_name":"Be-Cool","article_modified_time":"2022-03-04T09:36:51+00:00","twitter_card":"summary_large_image","twitter_misc":{"Tiempo de lectura":"3 minutos"},"schema":{"@context":"https:\/\/schema.org","@graph":[{"@type":"WebPage","@id":"https:\/\/www.be-cool.nl\/es\/enfriador-evaporativo\/","url":"https:\/\/www.be-cool.nl\/es\/enfriador-evaporativo\/","name":"Enfriador evaporativo - Be-Cool","isPartOf":{"@id":"https:\/\/www.be-cool.nl\/es\/#website"},"datePublished":"2022-02-21T10:41:29+00:00","dateModified":"2022-03-04T09:36:51+00:00","description":"\u00bfNecesitas un enfriador evaporativo para enfriar tu espacio? Echa un vistazo a la gama de Be-Cool. Con nosotros encontrar\u00e1 una amplia gama de refrigeradores de la marca Portacool. Para obtener m\u00e1s informaci\u00f3n sobre nuestros productos, p\u00f3ngase en contacto con nosotros al \u260e 015-2002116.","breadcrumb":{"@id":"https:\/\/www.be-cool.nl\/es\/enfriador-evaporativo\/#breadcrumb"},"inLanguage":"es","potentialAction":[{"@type":"ReadAction","target":["https:\/\/www.be-cool.nl\/es\/enfriador-evaporativo\/"]}]},{"@type":"BreadcrumbList","@id":"https:\/\/www.be-cool.nl\/es\/enfriador-evaporativo\/#breadcrumb","itemListElement":[{"@type":"ListItem","position":1,"name":"Home","item":"https:\/\/www.be-cool.nl\/es\/"},{"@type":"ListItem","position":2,"name":"Enfriador evaporativo"}]},{"@type":"WebSite","@id":"https:\/\/www.be-cool.nl\/es\/#website","url":"https:\/\/www.be-cool.nl\/es\/","name":"Be-Cool","description":"","publisher":{"@id":"https:\/\/www.be-cool.nl\/es\/#organization"},"potentialAction":[{"@type":"SearchAction","target":{"@type":"EntryPoint","urlTemplate":"https:\/\/www.be-cool.nl\/es\/?s={search_term_string}"},"query-input":{"@type":"PropertyValueSpecification","valueRequired":true,"valueName":"search_term_string"}}],"inLanguage":"es"},{"@type":"Organization","@id":"https:\/\/www.be-cool.nl\/es\/#organization","name":"Be-Cool","url":"https:\/\/www.be-cool.nl\/es\/","logo":{"@type":"ImageObject","inLanguage":"es","@id":"https:\/\/www.be-cool.nl\/es\/#\/schema\/logo\/image\/","url":"https:\/\/www.be-cool.nl\/wp-content\/uploads\/Be-cool_Logo.png","contentUrl":"https:\/\/www.be-cool.nl\/wp-content\/uploads\/Be-cool_Logo.png","width":426,"height":142,"caption":"Be-Cool"},"image":{"@id":"https:\/\/www.be-cool.nl\/es\/#\/schema\/logo\/image\/"}}]}},"_links":{"self":[{"href":"https:\/\/www.be-cool.nl\/es\/wp-json\/wp\/v2\/pages\/1061","targetHints":{"allow":["GET"]}}],"collection":[{"href":"https:\/\/www.be-cool.nl\/es\/wp-json\/wp\/v2\/pages"}],"about":[{"href":"https:\/\/www.be-cool.nl\/es\/wp-json\/wp\/v2\/types\/page"}],"author":[{"embeddable":true,"href":"https:\/\/www.be-cool.nl\/es\/wp-json\/wp\/v2\/users\/1"}],"replies":[{"embeddable":true,"href":"https:\/\/www.be-cool.nl\/es\/wp-json\/wp\/v2\/comments?post=1061"}],"version-history":[{"count":1,"href":"https:\/\/www.be-cool.nl\/es\/wp-json\/wp\/v2\/pages\/1061\/revisions"}],"predecessor-version":[{"id":1062,"href":"https:\/\/www.be-cool.nl\/es\/wp-json\/wp\/v2\/pages\/1061\/revisions\/1062"}],"wp:attachment":[{"href":"https:\/\/www.be-cool.nl\/es\/wp-json\/wp\/v2\/media?parent=1061"}],"curies":[{"name":"wp","href":"https:\/\/api.w.org\/{rel}","templated":true}]}}