{"id":1071,"date":"2022-02-21T11:42:56","date_gmt":"2022-02-21T10:42:56","guid":{"rendered":"https:\/\/www.be-cool.nl\/?page_id=1071"},"modified":"2022-03-04T10:43:57","modified_gmt":"2022-03-04T09:43:57","slug":"enfriador-de-terraza-movil","status":"publish","type":"page","link":"https:\/\/www.be-cool.nl\/es\/enfriador-de-terraza-movil\/","title":{"rendered":"Enfriador de terraza m\u00f3vil"},"content":{"rendered":"<h2>Nuestro refrigerador de terraza m\u00f3vil<\/h2>\n<p>\u00bfEst\u00e1s buscando una empresa donde puedas ir por un buen refrigerador de terraza? Opte por los refrigeradores de terraza m\u00f3vil de Be-Cool. Nos especializamos en sistemas de refrigeraci\u00f3n y estamos encantados de ayudarle a enfriar su espacio o terraza de la manera correcta. Nuestros refrigeradores de terraza son de la mejor calidad. Cuando usted compra un enfriador de aire de nosotros, tambi\u00e9n puede contar con un excelente servicio. \u00bfDesea obtener m\u00e1s informaci\u00f3n sobre nuestros productos? Entonces sigue leyendo.<\/p>\n<h3>C\u00f3mo funcionan nuestros refrigeradores m\u00f3viles<\/h3>\n<p>Nuestros enfriadores de terraza utilizan un sistema de refrigeraci\u00f3n evaporativa especial. Este sistema extrae calor del aire mediante evaporaci\u00f3n de agua. Esto es posible gracias a las almohadillas patentadas de kol en el dispositivo. Estas almohadillas contienen canales peque\u00f1os. La bomba de agua bombea agua del tanque de agua a trav\u00e9s de estos canales y por lo tanto las almohadillas se mantienen uniformemente h\u00famedas. A continuaci\u00f3n, el aire caliente es aspirado fuera de la habitaci\u00f3n a lo largo del camino. El agua se evapora, creando aire fr\u00edo. Por \u00faltimo, el enfriador de patio m\u00f3vil garantiza que el aire fr\u00edo se sopla poderosamente hacia fuera. Una gran ventaja de las almohadillas de Kol es que enfr\u00edan el aire un 20% extra. Adem\u00e1s de enfriar el aire, tambi\u00e9n filtran los contaminantes del aire. Con nuestros refrigeradores m\u00f3viles, tambi\u00e9n puede disfrutar de un aire m\u00e1s limpio en sus habitaciones.  <\/p>\n<h3>Refrigeraci\u00f3n de forma responsable con el medio ambiente<\/h3>\n<p>Nuestros refrigeradores m\u00f3viles tienen muchas ventajas para ofrecerle. Por ejemplo, nuestro enfriador de terraza es muy eficiente energ\u00e9ticamente y puede enfriar f\u00e1cilmente su terraza de una manera eficiente en el verano. Debido a que el enfriador de terraza es tan eficiente energ\u00e9ticamente, tambi\u00e9n es una compra ecol\u00f3gicamente s\u00f3lida. Adem\u00e1s, su eficiencia energ\u00e9tica asegura que con este enfriador m\u00f3vil seas mucho m\u00e1s barato que con un refrigerador normal. \u00bfTe gustar\u00eda comprar este refrigerador de terraza? Tambi\u00e9n hay oportunidades de subsidios.<\/p>\n<h3>Caracter\u00edsticas del refrigerador del patio m\u00f3vil<\/h3>\n<p>El refrigerador de la terraza tiene un hermoso aspecto \u00fanico con un panel digital. Es f\u00e1cil de rellenar cuando es necesario. Puede conectar el enfriador a una manguera de jard\u00edn o puede refresarlo manualmente. El dep\u00f3sito de agua tiene una capacidad de 76 litros. Pesa 75 kg y es f\u00e1cilmente m\u00f3vil a donde se necesita. El enfriador de aire tiene una salida de aire de 4250 m3\/h. Con su haz fr\u00edo de 360o, puede enfriar una terraza de no menos de 56 m2.<\/p>\n<h3>Nos gustar\u00eda informarle m\u00e1s<\/h3>\n<p>\u00bfTe has interesado por nuestros enfriadores de aire m\u00f3viles? P\u00f3ngase en contacto con nosotros directamente al <a href=\"tel:0152002116\">015-2002116<\/a>. Puede enviar info@be-cool.nl por correo electr\u00f3nico <a href=mailto:info@be-cool.nl> o puede dejar un mensaje a trav\u00e9s de nuestro formulario de contacto en <\/a> l\u00ednea. Estamos encantados de ayudarle con el refrigerador de terraza m\u00f3vil que desee.<\/p>\n","protected":false},"excerpt":{"rendered":"<p>Nuestro refrigerador de terraza m\u00f3vil \u00bfEst\u00e1s buscando una empresa donde puedas ir por un buen refrigerador de terraza? Opte por los refrigeradores de terraza m\u00f3vil<a class=\"moretag\" href=\"https:\/\/www.be-cool.nl\/es\/enfriador-de-terraza-movil\/\">&#8230;<\/a><\/p>\n","protected":false},"author":1,"featured_media":0,"parent":0,"menu_order":0,"comment_status":"closed","ping_status":"closed","template":"","meta":{"_glsr_average":0,"_glsr_ranking":0,"_glsr_reviews":0,"footnotes":""},"class_list":["post-1071","page","type-page","status-publish","hentry"],"yoast_head":"<!-- This site is optimized with the Yoast SEO plugin v27.5 - https:\/\/yoast.com\/product\/yoast-seo-wordpress\/ -->\n<title>Enfriador de terraza m\u00f3vil - Be-Cool<\/title>\n<meta name=\"description\" content=\"\u00bfNecesitas un refrigerador de terraza que enfr\u00ede tu terraza de la manera correcta? Opte por el refrigerador de terraza Be-Cool. Este enfriador tiene una capacidad de refrigeraci\u00f3n muy grande y es muy eficiente energ\u00e9ticamente. \u00bfQuieres saber m\u00e1s sobre nuestros sistemas de refrigeraci\u00f3n? Cont\u00e1ctenos por tel\u00e9fono \u260e 015-2002116.\" \/>\n<meta name=\"robots\" content=\"index, follow, max-snippet:-1, max-image-preview:large, max-video-preview:-1\" \/>\n<link rel=\"canonical\" href=\"https:\/\/www.be-cool.nl\/es\/enfriador-de-terraza-movil\/\" \/>\n<meta property=\"og:locale\" content=\"es_ES\" \/>\n<meta property=\"og:type\" content=\"article\" \/>\n<meta property=\"og:title\" content=\"Enfriador de terraza m\u00f3vil - Be-Cool\" \/>\n<meta property=\"og:description\" content=\"\u00bfNecesitas un refrigerador de terraza que enfr\u00ede tu terraza de la manera correcta? Opte por el refrigerador de terraza Be-Cool. Este enfriador tiene una capacidad de refrigeraci\u00f3n muy grande y es muy eficiente energ\u00e9ticamente. \u00bfQuieres saber m\u00e1s sobre nuestros sistemas de refrigeraci\u00f3n? Cont\u00e1ctenos por tel\u00e9fono \u260e 015-2002116.\" \/>\n<meta property=\"og:url\" content=\"https:\/\/www.be-cool.nl\/es\/enfriador-de-terraza-movil\/\" \/>\n<meta property=\"og:site_name\" content=\"Be-Cool\" \/>\n<meta property=\"article:modified_time\" content=\"2022-03-04T09:43:57+00:00\" \/>\n<meta name=\"twitter:card\" content=\"summary_large_image\" \/>\n<meta name=\"twitter:label1\" content=\"Tiempo de lectura\" \/>\n\t<meta name=\"twitter:data1\" content=\"3 minutos\" \/>\n<script type=\"application\/ld+json\" class=\"yoast-schema-graph\">{\"@context\":\"https:\\\/\\\/schema.org\",\"@graph\":[{\"@type\":\"WebPage\",\"@id\":\"https:\\\/\\\/www.be-cool.nl\\\/es\\\/enfriador-de-terraza-movil\\\/\",\"url\":\"https:\\\/\\\/www.be-cool.nl\\\/es\\\/enfriador-de-terraza-movil\\\/\",\"name\":\"Enfriador de terraza m\u00f3vil - Be-Cool\",\"isPartOf\":{\"@id\":\"https:\\\/\\\/www.be-cool.nl\\\/es\\\/#website\"},\"datePublished\":\"2022-02-21T10:42:56+00:00\",\"dateModified\":\"2022-03-04T09:43:57+00:00\",\"description\":\"\u00bfNecesitas un refrigerador de terraza que enfr\u00ede tu terraza de la manera correcta? Opte por el refrigerador de terraza Be-Cool. Este enfriador tiene una capacidad de refrigeraci\u00f3n muy grande y es muy eficiente energ\u00e9ticamente. \u00bfQuieres saber m\u00e1s sobre nuestros sistemas de refrigeraci\u00f3n? Cont\u00e1ctenos por tel\u00e9fono \u260e 015-2002116.\",\"breadcrumb\":{\"@id\":\"https:\\\/\\\/www.be-cool.nl\\\/es\\\/enfriador-de-terraza-movil\\\/#breadcrumb\"},\"inLanguage\":\"es\",\"potentialAction\":[{\"@type\":\"ReadAction\",\"target\":[\"https:\\\/\\\/www.be-cool.nl\\\/es\\\/enfriador-de-terraza-movil\\\/\"]}]},{\"@type\":\"BreadcrumbList\",\"@id\":\"https:\\\/\\\/www.be-cool.nl\\\/es\\\/enfriador-de-terraza-movil\\\/#breadcrumb\",\"itemListElement\":[{\"@type\":\"ListItem\",\"position\":1,\"name\":\"Home\",\"item\":\"https:\\\/\\\/www.be-cool.nl\\\/es\\\/\"},{\"@type\":\"ListItem\",\"position\":2,\"name\":\"Enfriador de terraza m\u00f3vil\"}]},{\"@type\":\"WebSite\",\"@id\":\"https:\\\/\\\/www.be-cool.nl\\\/es\\\/#website\",\"url\":\"https:\\\/\\\/www.be-cool.nl\\\/es\\\/\",\"name\":\"Be-Cool\",\"description\":\"\",\"publisher\":{\"@id\":\"https:\\\/\\\/www.be-cool.nl\\\/es\\\/#organization\"},\"potentialAction\":[{\"@type\":\"SearchAction\",\"target\":{\"@type\":\"EntryPoint\",\"urlTemplate\":\"https:\\\/\\\/www.be-cool.nl\\\/es\\\/?s={search_term_string}\"},\"query-input\":{\"@type\":\"PropertyValueSpecification\",\"valueRequired\":true,\"valueName\":\"search_term_string\"}}],\"inLanguage\":\"es\"},{\"@type\":\"Organization\",\"@id\":\"https:\\\/\\\/www.be-cool.nl\\\/es\\\/#organization\",\"name\":\"Be-Cool\",\"url\":\"https:\\\/\\\/www.be-cool.nl\\\/es\\\/\",\"logo\":{\"@type\":\"ImageObject\",\"inLanguage\":\"es\",\"@id\":\"https:\\\/\\\/www.be-cool.nl\\\/es\\\/#\\\/schema\\\/logo\\\/image\\\/\",\"url\":\"https:\\\/\\\/www.be-cool.nl\\\/wp-content\\\/uploads\\\/Be-cool_Logo.png\",\"contentUrl\":\"https:\\\/\\\/www.be-cool.nl\\\/wp-content\\\/uploads\\\/Be-cool_Logo.png\",\"width\":426,\"height\":142,\"caption\":\"Be-Cool\"},\"image\":{\"@id\":\"https:\\\/\\\/www.be-cool.nl\\\/es\\\/#\\\/schema\\\/logo\\\/image\\\/\"}}]}<\/script>\n<!-- \/ Yoast SEO plugin. -->","yoast_head_json":{"title":"Enfriador de terraza m\u00f3vil - Be-Cool","description":"\u00bfNecesitas un refrigerador de terraza que enfr\u00ede tu terraza de la manera correcta? Opte por el refrigerador de terraza Be-Cool. Este enfriador tiene una capacidad de refrigeraci\u00f3n muy grande y es muy eficiente energ\u00e9ticamente. \u00bfQuieres saber m\u00e1s sobre nuestros sistemas de refrigeraci\u00f3n? Cont\u00e1ctenos por tel\u00e9fono \u260e 015-2002116.","robots":{"index":"index","follow":"follow","max-snippet":"max-snippet:-1","max-image-preview":"max-image-preview:large","max-video-preview":"max-video-preview:-1"},"canonical":"https:\/\/www.be-cool.nl\/es\/enfriador-de-terraza-movil\/","og_locale":"es_ES","og_type":"article","og_title":"Enfriador de terraza m\u00f3vil - Be-Cool","og_description":"\u00bfNecesitas un refrigerador de terraza que enfr\u00ede tu terraza de la manera correcta? Opte por el refrigerador de terraza Be-Cool. Este enfriador tiene una capacidad de refrigeraci\u00f3n muy grande y es muy eficiente energ\u00e9ticamente. \u00bfQuieres saber m\u00e1s sobre nuestros sistemas de refrigeraci\u00f3n? Cont\u00e1ctenos por tel\u00e9fono \u260e 015-2002116.","og_url":"https:\/\/www.be-cool.nl\/es\/enfriador-de-terraza-movil\/","og_site_name":"Be-Cool","article_modified_time":"2022-03-04T09:43:57+00:00","twitter_card":"summary_large_image","twitter_misc":{"Tiempo de lectura":"3 minutos"},"schema":{"@context":"https:\/\/schema.org","@graph":[{"@type":"WebPage","@id":"https:\/\/www.be-cool.nl\/es\/enfriador-de-terraza-movil\/","url":"https:\/\/www.be-cool.nl\/es\/enfriador-de-terraza-movil\/","name":"Enfriador de terraza m\u00f3vil - Be-Cool","isPartOf":{"@id":"https:\/\/www.be-cool.nl\/es\/#website"},"datePublished":"2022-02-21T10:42:56+00:00","dateModified":"2022-03-04T09:43:57+00:00","description":"\u00bfNecesitas un refrigerador de terraza que enfr\u00ede tu terraza de la manera correcta? Opte por el refrigerador de terraza Be-Cool. Este enfriador tiene una capacidad de refrigeraci\u00f3n muy grande y es muy eficiente energ\u00e9ticamente. \u00bfQuieres saber m\u00e1s sobre nuestros sistemas de refrigeraci\u00f3n? Cont\u00e1ctenos por tel\u00e9fono \u260e 015-2002116.","breadcrumb":{"@id":"https:\/\/www.be-cool.nl\/es\/enfriador-de-terraza-movil\/#breadcrumb"},"inLanguage":"es","potentialAction":[{"@type":"ReadAction","target":["https:\/\/www.be-cool.nl\/es\/enfriador-de-terraza-movil\/"]}]},{"@type":"BreadcrumbList","@id":"https:\/\/www.be-cool.nl\/es\/enfriador-de-terraza-movil\/#breadcrumb","itemListElement":[{"@type":"ListItem","position":1,"name":"Home","item":"https:\/\/www.be-cool.nl\/es\/"},{"@type":"ListItem","position":2,"name":"Enfriador de terraza m\u00f3vil"}]},{"@type":"WebSite","@id":"https:\/\/www.be-cool.nl\/es\/#website","url":"https:\/\/www.be-cool.nl\/es\/","name":"Be-Cool","description":"","publisher":{"@id":"https:\/\/www.be-cool.nl\/es\/#organization"},"potentialAction":[{"@type":"SearchAction","target":{"@type":"EntryPoint","urlTemplate":"https:\/\/www.be-cool.nl\/es\/?s={search_term_string}"},"query-input":{"@type":"PropertyValueSpecification","valueRequired":true,"valueName":"search_term_string"}}],"inLanguage":"es"},{"@type":"Organization","@id":"https:\/\/www.be-cool.nl\/es\/#organization","name":"Be-Cool","url":"https:\/\/www.be-cool.nl\/es\/","logo":{"@type":"ImageObject","inLanguage":"es","@id":"https:\/\/www.be-cool.nl\/es\/#\/schema\/logo\/image\/","url":"https:\/\/www.be-cool.nl\/wp-content\/uploads\/Be-cool_Logo.png","contentUrl":"https:\/\/www.be-cool.nl\/wp-content\/uploads\/Be-cool_Logo.png","width":426,"height":142,"caption":"Be-Cool"},"image":{"@id":"https:\/\/www.be-cool.nl\/es\/#\/schema\/logo\/image\/"}}]}},"_links":{"self":[{"href":"https:\/\/www.be-cool.nl\/es\/wp-json\/wp\/v2\/pages\/1071","targetHints":{"allow":["GET"]}}],"collection":[{"href":"https:\/\/www.be-cool.nl\/es\/wp-json\/wp\/v2\/pages"}],"about":[{"href":"https:\/\/www.be-cool.nl\/es\/wp-json\/wp\/v2\/types\/page"}],"author":[{"embeddable":true,"href":"https:\/\/www.be-cool.nl\/es\/wp-json\/wp\/v2\/users\/1"}],"replies":[{"embeddable":true,"href":"https:\/\/www.be-cool.nl\/es\/wp-json\/wp\/v2\/comments?post=1071"}],"version-history":[{"count":1,"href":"https:\/\/www.be-cool.nl\/es\/wp-json\/wp\/v2\/pages\/1071\/revisions"}],"predecessor-version":[{"id":1072,"href":"https:\/\/www.be-cool.nl\/es\/wp-json\/wp\/v2\/pages\/1071\/revisions\/1072"}],"wp:attachment":[{"href":"https:\/\/www.be-cool.nl\/es\/wp-json\/wp\/v2\/media?parent=1071"}],"curies":[{"name":"wp","href":"https:\/\/api.w.org\/{rel}","templated":true}]}}