{"id":1104,"date":"2019-06-21T13:14:45","date_gmt":"2019-06-21T11:14:45","guid":{"rendered":"https:\/\/www.be-cool.nl\/?page_id=1104"},"modified":"2024-02-07T11:31:10","modified_gmt":"2024-02-07T10:31:10","slug":"be-cool","status":"publish","type":"page","link":"https:\/\/www.be-cool.nl\/es\/","title":{"rendered":"Be-Cool"},"content":{"rendered":"<div class=\"wpb-content-wrapper\"><p>[vc_row full_width=\u00bbstretch_row\u00bb][vc_column][vc_column_text el_class=\u00bbhome-product\u00bb]<div class=\"woocommerce columns-4 \"><ul class=\"products columns-4\">\n<li class=\"product type-product post-2711 status-publish first instock product_cat-alquiler product_cat-be-cool-serie-es product_cat-rebaja has-post-thumbnail shipping-taxable product-type-simple\">\n\t<a href=\"https:\/\/www.be-cool.nl\/es\/winkel\/be-cool-serie-es\/be-cool-50\/\" class=\"woocommerce-LoopProduct-link woocommerce-loop-product__link\"><div class=\"wrapper_product_thumbnail\"><img loading=\"lazy\" decoding=\"async\" width=\"300\" height=\"300\" src=\"https:\/\/www.be-cool.nl\/wp-content\/uploads\/CCX42.0_1-300x300.webp\" class=\"attachment-woocommerce_thumbnail size-woocommerce_thumbnail\" alt=\"Be-cool 50\" srcset=\"https:\/\/www.be-cool.nl\/wp-content\/uploads\/CCX42.0_1-300x300.webp 300w, https:\/\/www.be-cool.nl\/wp-content\/uploads\/CCX42.0_1-150x150.webp 150w, https:\/\/www.be-cool.nl\/wp-content\/uploads\/CCX42.0_1-600x600.webp 600w, https:\/\/www.be-cool.nl\/wp-content\/uploads\/CCX42.0_1-100x100.webp 100w, https:\/\/www.be-cool.nl\/wp-content\/uploads\/CCX42.0_1.webp 645w\" sizes=\"auto, (max-width: 300px) 100vw, 300px\" \/><\/div><h2 class=\"woocommerce-loop-product__title\">Be-cool 50<\/h2>\n        <p itemprop=\"name\" class=\"product_category_title\"><span>Alquiler<\/span><\/p>\n<\/a><a class=\"add_to_cart_button\" href=\"https:\/\/www.be-cool.nl\/es\/winkel\/be-cool-serie-es\/be-cool-50\/\"><i class=\"fas fa-info-circle\"><\/i>Meer informatie<\/a>\t<span id=\"woocommerce_loop_add_to_cart_link_describedby_2711\" class=\"screen-reader-text\">\n\t\t\t<\/span>\n<\/li>\n<li class=\"product type-product post-1476 status-publish instock product_cat-alquiler product_cat-be-cool-serie-es product_cat-rebaja has-post-thumbnail shipping-taxable product-type-simple\">\n\t<a href=\"https:\/\/www.be-cool.nl\/es\/winkel\/be-cool-serie-es\/be-cool-120\/\" class=\"woocommerce-LoopProduct-link woocommerce-loop-product__link\"><div class=\"wrapper_product_thumbnail\"><img loading=\"lazy\" decoding=\"async\" width=\"300\" height=\"300\" src=\"https:\/\/www.be-cool.nl\/wp-content\/uploads\/LC1-300x300.jpg\" class=\"attachment-woocommerce_thumbnail size-woocommerce_thumbnail\" alt=\"Be-cool 120\" srcset=\"https:\/\/www.be-cool.nl\/wp-content\/uploads\/LC1-300x300.jpg 300w, https:\/\/www.be-cool.nl\/wp-content\/uploads\/LC1-1024x1024.jpg 1024w, https:\/\/www.be-cool.nl\/wp-content\/uploads\/LC1-150x150.jpg 150w, https:\/\/www.be-cool.nl\/wp-content\/uploads\/LC1-768x768.jpg 768w, https:\/\/www.be-cool.nl\/wp-content\/uploads\/LC1-600x600.jpg 600w, https:\/\/www.be-cool.nl\/wp-content\/uploads\/LC1-100x100.jpg 100w, https:\/\/www.be-cool.nl\/wp-content\/uploads\/LC1.jpg 1500w\" sizes=\"auto, (max-width: 300px) 100vw, 300px\" \/><\/div><h2 class=\"woocommerce-loop-product__title\">Be-cool 120<\/h2>\n        <p itemprop=\"name\" class=\"product_category_title\"><span>Alquiler<\/span><\/p>\n<\/a><a class=\"add_to_cart_button\" href=\"https:\/\/www.be-cool.nl\/es\/winkel\/be-cool-serie-es\/be-cool-120\/\"><i class=\"fas fa-info-circle\"><\/i>Meer informatie<\/a>\t<span id=\"woocommerce_loop_add_to_cart_link_describedby_1476\" class=\"screen-reader-text\">\n\t\t\t<\/span>\n<\/li>\n<li class=\"product type-product post-1472 status-publish instock product_cat-alquiler product_cat-be-cool-serie-es product_cat-rebaja has-post-thumbnail shipping-taxable product-type-simple\">\n\t<a href=\"https:\/\/www.be-cool.nl\/es\/winkel\/be-cool-serie-es\/be-cool-340\/\" class=\"woocommerce-LoopProduct-link woocommerce-loop-product__link\"><div class=\"wrapper_product_thumbnail\"><img loading=\"lazy\" decoding=\"async\" width=\"300\" height=\"300\" src=\"https:\/\/www.be-cool.nl\/wp-content\/uploads\/Be-cool_340-300x300.png\" class=\"attachment-woocommerce_thumbnail size-woocommerce_thumbnail\" alt=\"Be-cool 340\" srcset=\"https:\/\/www.be-cool.nl\/wp-content\/uploads\/Be-cool_340-300x300.png 300w, https:\/\/www.be-cool.nl\/wp-content\/uploads\/Be-cool_340-150x150.png 150w\" sizes=\"auto, (max-width: 300px) 100vw, 300px\" \/><\/div><h2 class=\"woocommerce-loop-product__title\">Be-cool 340<\/h2>\n        <p itemprop=\"name\" class=\"product_category_title\"><span>Alquiler<\/span><\/p>\n<\/a><a class=\"add_to_cart_button\" href=\"https:\/\/www.be-cool.nl\/es\/winkel\/be-cool-serie-es\/be-cool-340\/\"><i class=\"fas fa-info-circle\"><\/i>Meer informatie<\/a>\t<span id=\"woocommerce_loop_add_to_cart_link_describedby_1472\" class=\"screen-reader-text\">\n\t\t\t<\/span>\n<\/li>\n<li class=\"product type-product post-1848 status-publish last instock product_cat-be-cool-serie-es product_cat-rebaja has-post-thumbnail shipping-taxable product-type-simple\">\n\t<a href=\"https:\/\/www.be-cool.nl\/es\/winkel\/be-cool-serie-es\/be-cool-570-m502\/\" class=\"woocommerce-LoopProduct-link woocommerce-loop-product__link\"><div class=\"wrapper_product_thumbnail\"><img loading=\"lazy\" decoding=\"async\" width=\"300\" height=\"300\" src=\"https:\/\/www.be-cool.nl\/wp-content\/uploads\/M502-COOLFront_2023-300x300.jpg\" class=\"attachment-woocommerce_thumbnail size-woocommerce_thumbnail\" alt=\"Be-Cool 570 M502\" srcset=\"https:\/\/www.be-cool.nl\/wp-content\/uploads\/M502-COOLFront_2023-300x300.jpg 300w, https:\/\/www.be-cool.nl\/wp-content\/uploads\/M502-COOLFront_2023-1024x1024.jpg 1024w, https:\/\/www.be-cool.nl\/wp-content\/uploads\/M502-COOLFront_2023-150x150.jpg 150w, https:\/\/www.be-cool.nl\/wp-content\/uploads\/M502-COOLFront_2023-768x768.jpg 768w, https:\/\/www.be-cool.nl\/wp-content\/uploads\/M502-COOLFront_2023-1536x1536.jpg 1536w, https:\/\/www.be-cool.nl\/wp-content\/uploads\/M502-COOLFront_2023-600x600.jpg 600w, https:\/\/www.be-cool.nl\/wp-content\/uploads\/M502-COOLFront_2023-100x100.jpg 100w, https:\/\/www.be-cool.nl\/wp-content\/uploads\/M502-COOLFront_2023.jpg 1567w\" sizes=\"auto, (max-width: 300px) 100vw, 300px\" \/><\/div><h2 class=\"woocommerce-loop-product__title\">Be-Cool 570 M502<\/h2>\n        <p itemprop=\"name\" class=\"product_category_title\"><span>Be-Cool serie<\/span><\/p>\n<\/a><a class=\"add_to_cart_button\" href=\"https:\/\/www.be-cool.nl\/es\/winkel\/be-cool-serie-es\/be-cool-570-m502\/\"><i class=\"fas fa-info-circle\"><\/i>Meer informatie<\/a>\t<span id=\"woocommerce_loop_add_to_cart_link_describedby_1848\" class=\"screen-reader-text\">\n\t\t\t<\/span>\n<\/li>\n<li class=\"product type-product post-1854 status-publish first instock product_cat-be-cool-serie-es product_cat-rebaja has-post-thumbnail shipping-taxable product-type-simple\">\n\t<a href=\"https:\/\/www.be-cool.nl\/es\/winkel\/be-cool-serie-es\/be-cool-wind-force-4-m121\/\" class=\"woocommerce-LoopProduct-link woocommerce-loop-product__link\"><div class=\"wrapper_product_thumbnail\"><img loading=\"lazy\" decoding=\"async\" width=\"300\" height=\"300\" src=\"https:\/\/www.be-cool.nl\/wp-content\/uploads\/image006-3-300x300.jpg\" class=\"attachment-woocommerce_thumbnail size-woocommerce_thumbnail\" alt=\"Be-Cool Wind Force 4 M121\" srcset=\"https:\/\/www.be-cool.nl\/wp-content\/uploads\/image006-3-300x300.jpg 300w, https:\/\/www.be-cool.nl\/wp-content\/uploads\/image006-3-150x150.jpg 150w, https:\/\/www.be-cool.nl\/wp-content\/uploads\/image006-3-768x768.jpg 768w, https:\/\/www.be-cool.nl\/wp-content\/uploads\/image006-3-600x600.jpg 600w, https:\/\/www.be-cool.nl\/wp-content\/uploads\/image006-3-100x100.jpg 100w, https:\/\/www.be-cool.nl\/wp-content\/uploads\/image006-3.jpg 1000w\" sizes=\"auto, (max-width: 300px) 100vw, 300px\" \/><\/div><h2 class=\"woocommerce-loop-product__title\">Be-Cool Wind Force 4 M121<\/h2>\n        <p itemprop=\"name\" class=\"product_category_title\"><span>Be-Cool serie<\/span><\/p>\n<\/a><a class=\"add_to_cart_button\" href=\"https:\/\/www.be-cool.nl\/es\/winkel\/be-cool-serie-es\/be-cool-wind-force-4-m121\/\"><i class=\"fas fa-info-circle\"><\/i>Meer informatie<\/a>\t<span id=\"woocommerce_loop_add_to_cart_link_describedby_1854\" class=\"screen-reader-text\">\n\t\t\t<\/span>\n<\/li>\n<li class=\"product type-product post-1859 status-publish instock product_cat-be-cool-serie-es product_cat-rebaja has-post-thumbnail shipping-taxable product-type-simple\">\n\t<a href=\"https:\/\/www.be-cool.nl\/es\/winkel\/be-cool-serie-es\/be-cool-wind-force-7-m221\/\" class=\"woocommerce-LoopProduct-link woocommerce-loop-product__link\"><div class=\"wrapper_product_thumbnail\"><img loading=\"lazy\" decoding=\"async\" width=\"300\" height=\"300\" src=\"https:\/\/www.be-cool.nl\/wp-content\/uploads\/image006-2-300x300.jpg\" class=\"attachment-woocommerce_thumbnail size-woocommerce_thumbnail\" alt=\"Be-Cool wind force 7 M221\" srcset=\"https:\/\/www.be-cool.nl\/wp-content\/uploads\/image006-2-300x300.jpg 300w, https:\/\/www.be-cool.nl\/wp-content\/uploads\/image006-2-150x150.jpg 150w, https:\/\/www.be-cool.nl\/wp-content\/uploads\/image006-2-768x768.jpg 768w, https:\/\/www.be-cool.nl\/wp-content\/uploads\/image006-2-600x600.jpg 600w, https:\/\/www.be-cool.nl\/wp-content\/uploads\/image006-2-100x100.jpg 100w, https:\/\/www.be-cool.nl\/wp-content\/uploads\/image006-2.jpg 1000w\" sizes=\"auto, (max-width: 300px) 100vw, 300px\" \/><\/div><h2 class=\"woocommerce-loop-product__title\">Be-Cool wind force 7 M221<\/h2>\n        <p itemprop=\"name\" class=\"product_category_title\"><span>Be-Cool serie<\/span><\/p>\n<\/a><a class=\"add_to_cart_button\" href=\"https:\/\/www.be-cool.nl\/es\/winkel\/be-cool-serie-es\/be-cool-wind-force-7-m221\/\"><i class=\"fas fa-info-circle\"><\/i>Meer informatie<\/a>\t<span id=\"woocommerce_loop_add_to_cart_link_describedby_1859\" class=\"screen-reader-text\">\n\t\t\t<\/span>\n<\/li>\n<li class=\"product type-product post-1864 status-publish instock product_cat-be-cool-serie-es product_cat-rebaja has-post-thumbnail shipping-taxable product-type-simple\">\n\t<a href=\"https:\/\/www.be-cool.nl\/es\/winkel\/be-cool-serie-es\/be-cool-wind-force-10-m341\/\" class=\"woocommerce-LoopProduct-link woocommerce-loop-product__link\"><div class=\"wrapper_product_thumbnail\"><img loading=\"lazy\" decoding=\"async\" width=\"300\" height=\"300\" src=\"https:\/\/www.be-cool.nl\/wp-content\/uploads\/image006-1-300x300.jpg\" class=\"attachment-woocommerce_thumbnail size-woocommerce_thumbnail\" alt=\"Be-cool Wind Force 10 M341\" srcset=\"https:\/\/www.be-cool.nl\/wp-content\/uploads\/image006-1-300x300.jpg 300w, https:\/\/www.be-cool.nl\/wp-content\/uploads\/image006-1-150x150.jpg 150w, https:\/\/www.be-cool.nl\/wp-content\/uploads\/image006-1-768x768.jpg 768w, https:\/\/www.be-cool.nl\/wp-content\/uploads\/image006-1-600x600.jpg 600w, https:\/\/www.be-cool.nl\/wp-content\/uploads\/image006-1-100x100.jpg 100w, https:\/\/www.be-cool.nl\/wp-content\/uploads\/image006-1.jpg 1000w\" sizes=\"auto, (max-width: 300px) 100vw, 300px\" \/><\/div><h2 class=\"woocommerce-loop-product__title\">Be-cool Wind Force 10 M341<\/h2>\n        <p itemprop=\"name\" class=\"product_category_title\"><span>Be-Cool serie<\/span><\/p>\n<\/a><a class=\"add_to_cart_button\" href=\"https:\/\/www.be-cool.nl\/es\/winkel\/be-cool-serie-es\/be-cool-wind-force-10-m341\/\"><i class=\"fas fa-info-circle\"><\/i>Meer informatie<\/a>\t<span id=\"woocommerce_loop_add_to_cart_link_describedby_1864\" class=\"screen-reader-text\">\n\t\t\t<\/span>\n<\/li>\n<li class=\"product type-product post-2613 status-publish last instock product_cat-be-cool-serie-es product_cat-rebaja has-post-thumbnail shipping-taxable product-type-simple\">\n\t<a href=\"https:\/\/www.be-cool.nl\/es\/winkel\/be-cool-serie-es\/be-cool-wind-force-451\/\" class=\"woocommerce-LoopProduct-link woocommerce-loop-product__link\"><div class=\"wrapper_product_thumbnail\"><img loading=\"lazy\" decoding=\"async\" width=\"300\" height=\"300\" src=\"https:\/\/www.be-cool.nl\/wp-content\/uploads\/BE-COOL-WIND-FORCE-451-300x300.jpg\" class=\"attachment-woocommerce_thumbnail size-woocommerce_thumbnail\" alt=\"Be-Cool Wind Force 451\" srcset=\"https:\/\/www.be-cool.nl\/wp-content\/uploads\/BE-COOL-WIND-FORCE-451-300x300.jpg 300w, https:\/\/www.be-cool.nl\/wp-content\/uploads\/BE-COOL-WIND-FORCE-451-1024x1024.jpg 1024w, https:\/\/www.be-cool.nl\/wp-content\/uploads\/BE-COOL-WIND-FORCE-451-150x150.jpg 150w, https:\/\/www.be-cool.nl\/wp-content\/uploads\/BE-COOL-WIND-FORCE-451-768x768.jpg 768w, https:\/\/www.be-cool.nl\/wp-content\/uploads\/BE-COOL-WIND-FORCE-451-1536x1536.jpg 1536w, https:\/\/www.be-cool.nl\/wp-content\/uploads\/BE-COOL-WIND-FORCE-451-600x600.jpg 600w, https:\/\/www.be-cool.nl\/wp-content\/uploads\/BE-COOL-WIND-FORCE-451-100x100.jpg 100w, https:\/\/www.be-cool.nl\/wp-content\/uploads\/BE-COOL-WIND-FORCE-451.jpg 1804w\" sizes=\"auto, (max-width: 300px) 100vw, 300px\" \/><\/div><h2 class=\"woocommerce-loop-product__title\">Be-Cool Wind Force 451<\/h2>\n        <p itemprop=\"name\" class=\"product_category_title\"><span>Be-Cool serie<\/span><\/p>\n<\/a><a class=\"add_to_cart_button\" href=\"https:\/\/www.be-cool.nl\/es\/winkel\/be-cool-serie-es\/be-cool-wind-force-451\/\"><i class=\"fas fa-info-circle\"><\/i>Meer informatie<\/a>\t<span id=\"woocommerce_loop_add_to_cart_link_describedby_2613\" class=\"screen-reader-text\">\n\t\t\t<\/span>\n<\/li>\n<\/ul>\n<\/div>[\/vc_column_text][\/vc_column][\/vc_row][vc_row full_width=\u00bbstretch_row\u00bb css=\u00bb.vc_custom_1643799648374{padding-bottom: 50px !important;}\u00bb][vc_column][vc_column_text]<\/p>\n<h2>REFRIGERADORES DE AIRE M\u00d3VILES de be-cool<\/h2>\n<p>[\/vc_column_text][vc_row_inner][vc_column_inner width=\u00bb1\/3&#8243;][vc_column_text]Los enfriadores de aire m\u00f3viles de Be-Cool utilizan un exclusivo sistema de enfriamiento por evaporaci\u00f3n. Este sistema tiene la enorme ventaja de poder enfriar grandes espacios abiertos de forma econ\u00f3mica y ecol\u00f3gica. Anteriormente, esto era demasiado caro o imposible.[\/vc_column_text][vc_btn title=\u00bbInformaci\u00f3n requerida\u00bb style=\u00bbcustom\u00bb custom_background=\u00bb\u00bb custom_text=\u00bb\u00bb el_class=\u00bbinfo-btn header-mob\u00bb link=\u00bburl:%2Fes%2Fsolicitar-informacion%2F|title:Solicitar%20informaci%C3%B3n\u00bb][\/vc_column_inner][vc_column_inner width=\u00bb1\/3&#8243;][vc_column_text]Pero con los enfriadores de aire de bajo consumo de Be-Cool, enfriar grandes espacios de una sola vez es mucho m\u00e1s econ\u00f3mico. Be-Cool realiza entregas en toda Europa y literalmente trabaja 1 a 1 junto con Portacool USA (con sede en Texas, EE. UU.). Por eso somos Distribuidor Autorizado de Portacool USA.[\/vc_column_text][\/vc_column_inner][vc_column_inner width=\u00bb1\/3&#8243;][vc_column_text]<\/p>\n<ul class=\"check-icon\">\n<li>Carcasa duradera de polietileno moldeado de una pieza<\/li>\n<li>Suministro de agua a trav\u00e9s de una manguera de jard\u00edn o una abertura de llenado<\/li>\n<li>El dispositivo es port\u00e1til<\/li>\n<li>Opciones de ubicaci\u00f3n flexibles<\/li>\n<\/ul>\n<p>[\/vc_column_text][\/vc_column_inner][\/vc_row_inner][\/vc_column][\/vc_row][vc_row full_width=\u00bbstretch_row_content\u00bb equal_height=\u00bbyes\u00bb content_placement=\u00bbmiddle\u00bb css=\u00bb.vc_custom_1643800026329{padding-top: 0px !important;padding-bottom: 0px !important;background-image: url(https:\/\/www.be-cool.nl\/wp-content\/uploads\/Afbeelding_Beste-kwaliteit_1.png?id=327) !important;background-position: center !important;background-repeat: no-repeat !important;background-size: cover !important;}\u00bb][vc_column width=\u00bb1\/2&#8243; el_class=\u00bbleft-img-box\u00bb][\/vc_column][vc_column width=\u00bb1\/2&#8243; el_class=\u00bbright-text-box\u00bb css=\u00bb.vc_custom_1643800106374{padding-top: 60px !important;padding-bottom: 40px !important;background-color: rgba(0,0,0,0.8) !important;*background-color: rgb(0,0,0) !important;}\u00bb][vc_column_text]<\/p>\n<h2>AIRE ENFRIADORES BE-COOL PARA LA MEJOR CALIDAD<\/h2>\n<p>[\/vc_column_text][vc_column_text]\u00a1Be-Cool solo suministra enfriadores de aire del segmento m\u00e1s alto! Es por eso que encontrar\u00e1 una amplia gama de enfriadores de aire Portacool en nuestra tienda web. \u00bfTiene preguntas sobre nuestros enfriadores de aire m\u00f3viles? Si\u00e9ntete libre de contactarnos.<br \/>\nBe-Cool es un distribuidor oficial autorizado de Portacool USA.[\/vc_column_text][vc_btn title=\u00bb015 \u2013 200 2116&#8243; style=\u00bbcustom\u00bb custom_background=\u00bb\u00bb custom_text=\u00bb\u00bb i_icon_fontawesome=\u00bbfas fa-phone-alt\u00bb add_icon=\u00bbtrue\u00bb link=\u00bburl:tel%3A0152002116&#8243; el_class=\u00bbgreen-btn\u00bb][\/vc_column][\/vc_row][vc_row full_width=\u00bbstretch_row\u00bb][vc_column][vc_separator color=\u00bbcustom\u00bb accent_color=\u00bbrgba(20,129,197,0.41)\u00bb][vc_row_inner equal_height=\u00bbyes\u00bb css=\u00bb.vc_custom_1643819258247{padding-top: 25px !important;padding-bottom: 45px !important;}\u00bb][vc_column_inner width=\u00bb6\/12&#8243;][vc_column_text]<\/p>\n<h2>El funcionamiento de los enfriadores.<\/h2>\n<p>[\/vc_column_text][vc_column_text]Los enfriadores de aire Portacool funcionan con agua del grifo (para conectar con una manguera de jard\u00edn) y electricidad de 230v. Despu\u00e9s de conectar, la unidad se puede utilizar inmediatamente.<\/p>\n<ul class=\"dots-blue\">\n<li>Almohadillas patentadas<\/li>\n<li>Ventilador<\/li>\n<li>Bomba de agua<\/li>\n<li>Dep\u00f3sito de agua<\/li>\n<\/ul>\n<p>[\/vc_column_text][vc_btn title=\u00bbM\u00e1s informaci\u00f3n\u00bb style=\u00bbcustom\u00bb custom_background=\u00bb\u00bb custom_text=\u00bb\u00bb el_class=\u00bbblue-border-btn\u00bb link=\u00bburl:%2Fes%2Fenfriadores-de-operacion%2F|title:Enfriadores%20de%20operaci%C3%B3n\u00bb][\/vc_column_inner][vc_column_inner width=\u00bb1\/12&#8243;][\/vc_column_inner][vc_column_inner width=\u00bb5\/12&#8243;][vc_single_image image=\u00bb257&#8243; img_size=\u00bbfull\u00bb][\/vc_column_inner][\/vc_row_inner][\/vc_column][\/vc_row]<\/p>\n<\/div>","protected":false},"excerpt":{"rendered":"<p>[vc_row full_width=\u00bbstretch_row\u00bb][vc_column][vc_column_text el_class=\u00bbhome-product\u00bb][\/vc_column_text][\/vc_column][\/vc_row][vc_row full_width=\u00bbstretch_row\u00bb css=\u00bb.vc_custom_1643799648374{padding-bottom: 50px !important;}\u00bb][vc_column][vc_column_text] REFRIGERADORES DE AIRE M\u00d3VILES de be-cool [\/vc_column_text][vc_row_inner][vc_column_inner width=\u00bb1\/3&#8243;][vc_column_text]Los enfriadores de aire m\u00f3viles de Be-Cool utilizan un exclusivo sistema<a class=\"moretag\" href=\"https:\/\/www.be-cool.nl\/es\/\">&#8230;<\/a><\/p>\n","protected":false},"author":1,"featured_media":0,"parent":0,"menu_order":0,"comment_status":"closed","ping_status":"closed","template":"","meta":{"_glsr_average":0,"_glsr_ranking":0,"_glsr_reviews":0,"footnotes":""},"class_list":["post-1104","page","type-page","status-publish","hentry"],"yoast_head":"<!-- This site is optimized with the Yoast SEO plugin v27.6 - https:\/\/yoast.com\/product\/yoast-seo-wordpress\/ -->\n<title>Be-Cool - Be-Cool<\/title>\n<meta name=\"description\" content=\"Los enfriadores de aire m\u00f3viles de be-cool utilizan un sistema de refrigeraci\u00f3n evaporativa \u00fanico. Este sistema tiene la gran ventaja de que puede enfriar grandes espacios abiertos de una manera econ\u00f3mica y ecol\u00f3gica.\" \/>\n<meta name=\"robots\" content=\"index, follow, max-snippet:-1, max-image-preview:large, max-video-preview:-1\" \/>\n<link rel=\"canonical\" href=\"https:\/\/www.be-cool.nl\/es\/\" \/>\n<meta property=\"og:locale\" content=\"es_ES\" \/>\n<meta property=\"og:type\" content=\"article\" \/>\n<meta property=\"og:title\" content=\"Be-Cool - Be-Cool\" \/>\n<meta property=\"og:description\" content=\"Los enfriadores de aire m\u00f3viles de be-cool utilizan un sistema de refrigeraci\u00f3n evaporativa \u00fanico. Este sistema tiene la gran ventaja de que puede enfriar grandes espacios abiertos de una manera econ\u00f3mica y ecol\u00f3gica.\" \/>\n<meta property=\"og:url\" content=\"https:\/\/www.be-cool.nl\/es\/\" \/>\n<meta property=\"og:site_name\" content=\"Be-Cool\" \/>\n<meta property=\"article:modified_time\" content=\"2024-02-07T10:31:10+00:00\" \/>\n<meta name=\"twitter:card\" content=\"summary_large_image\" \/>\n<meta name=\"twitter:label1\" content=\"Tiempo de lectura\" \/>\n\t<meta name=\"twitter:data1\" content=\"2 minutos\" \/>\n<script type=\"application\/ld+json\" class=\"yoast-schema-graph\">{\"@context\":\"https:\\\/\\\/schema.org\",\"@graph\":[{\"@type\":\"WebPage\",\"@id\":\"https:\\\/\\\/www.be-cool.nl\\\/es\\\/\",\"url\":\"https:\\\/\\\/www.be-cool.nl\\\/es\\\/\",\"name\":\"Be-Cool - Be-Cool\",\"isPartOf\":{\"@id\":\"https:\\\/\\\/www.be-cool.nl\\\/es\\\/#website\"},\"datePublished\":\"2019-06-21T11:14:45+00:00\",\"dateModified\":\"2024-02-07T10:31:10+00:00\",\"description\":\"Los enfriadores de aire m\u00f3viles de be-cool utilizan un sistema de refrigeraci\u00f3n evaporativa \u00fanico. Este sistema tiene la gran ventaja de que puede enfriar grandes espacios abiertos de una manera econ\u00f3mica y ecol\u00f3gica.\",\"breadcrumb\":{\"@id\":\"https:\\\/\\\/www.be-cool.nl\\\/es\\\/#breadcrumb\"},\"inLanguage\":\"es\",\"potentialAction\":[{\"@type\":\"ReadAction\",\"target\":[\"https:\\\/\\\/www.be-cool.nl\\\/es\\\/\"]}]},{\"@type\":\"BreadcrumbList\",\"@id\":\"https:\\\/\\\/www.be-cool.nl\\\/es\\\/#breadcrumb\",\"itemListElement\":[{\"@type\":\"ListItem\",\"position\":1,\"name\":\"Home\",\"item\":\"https:\\\/\\\/www.be-cool.nl\\\/es\\\/\"},{\"@type\":\"ListItem\",\"position\":2,\"name\":\"Be-Cool\"}]},{\"@type\":\"WebSite\",\"@id\":\"https:\\\/\\\/www.be-cool.nl\\\/es\\\/#website\",\"url\":\"https:\\\/\\\/www.be-cool.nl\\\/es\\\/\",\"name\":\"Be-Cool\",\"description\":\"\",\"publisher\":{\"@id\":\"https:\\\/\\\/www.be-cool.nl\\\/es\\\/#organization\"},\"potentialAction\":[{\"@type\":\"SearchAction\",\"target\":{\"@type\":\"EntryPoint\",\"urlTemplate\":\"https:\\\/\\\/www.be-cool.nl\\\/es\\\/?s={search_term_string}\"},\"query-input\":{\"@type\":\"PropertyValueSpecification\",\"valueRequired\":true,\"valueName\":\"search_term_string\"}}],\"inLanguage\":\"es\"},{\"@type\":\"Organization\",\"@id\":\"https:\\\/\\\/www.be-cool.nl\\\/es\\\/#organization\",\"name\":\"Be-Cool\",\"url\":\"https:\\\/\\\/www.be-cool.nl\\\/es\\\/\",\"logo\":{\"@type\":\"ImageObject\",\"inLanguage\":\"es\",\"@id\":\"https:\\\/\\\/www.be-cool.nl\\\/es\\\/#\\\/schema\\\/logo\\\/image\\\/\",\"url\":\"https:\\\/\\\/www.be-cool.nl\\\/wp-content\\\/uploads\\\/Be-cool_Logo.png\",\"contentUrl\":\"https:\\\/\\\/www.be-cool.nl\\\/wp-content\\\/uploads\\\/Be-cool_Logo.png\",\"width\":426,\"height\":142,\"caption\":\"Be-Cool\"},\"image\":{\"@id\":\"https:\\\/\\\/www.be-cool.nl\\\/es\\\/#\\\/schema\\\/logo\\\/image\\\/\"}}]}<\/script>\n<!-- \/ Yoast SEO plugin. -->","yoast_head_json":{"title":"Be-Cool - Be-Cool","description":"Los enfriadores de aire m\u00f3viles de be-cool utilizan un sistema de refrigeraci\u00f3n evaporativa \u00fanico. Este sistema tiene la gran ventaja de que puede enfriar grandes espacios abiertos de una manera econ\u00f3mica y ecol\u00f3gica.","robots":{"index":"index","follow":"follow","max-snippet":"max-snippet:-1","max-image-preview":"max-image-preview:large","max-video-preview":"max-video-preview:-1"},"canonical":"https:\/\/www.be-cool.nl\/es\/","og_locale":"es_ES","og_type":"article","og_title":"Be-Cool - Be-Cool","og_description":"Los enfriadores de aire m\u00f3viles de be-cool utilizan un sistema de refrigeraci\u00f3n evaporativa \u00fanico. Este sistema tiene la gran ventaja de que puede enfriar grandes espacios abiertos de una manera econ\u00f3mica y ecol\u00f3gica.","og_url":"https:\/\/www.be-cool.nl\/es\/","og_site_name":"Be-Cool","article_modified_time":"2024-02-07T10:31:10+00:00","twitter_card":"summary_large_image","twitter_misc":{"Tiempo de lectura":"2 minutos"},"schema":{"@context":"https:\/\/schema.org","@graph":[{"@type":"WebPage","@id":"https:\/\/www.be-cool.nl\/es\/","url":"https:\/\/www.be-cool.nl\/es\/","name":"Be-Cool - Be-Cool","isPartOf":{"@id":"https:\/\/www.be-cool.nl\/es\/#website"},"datePublished":"2019-06-21T11:14:45+00:00","dateModified":"2024-02-07T10:31:10+00:00","description":"Los enfriadores de aire m\u00f3viles de be-cool utilizan un sistema de refrigeraci\u00f3n evaporativa \u00fanico. Este sistema tiene la gran ventaja de que puede enfriar grandes espacios abiertos de una manera econ\u00f3mica y ecol\u00f3gica.","breadcrumb":{"@id":"https:\/\/www.be-cool.nl\/es\/#breadcrumb"},"inLanguage":"es","potentialAction":[{"@type":"ReadAction","target":["https:\/\/www.be-cool.nl\/es\/"]}]},{"@type":"BreadcrumbList","@id":"https:\/\/www.be-cool.nl\/es\/#breadcrumb","itemListElement":[{"@type":"ListItem","position":1,"name":"Home","item":"https:\/\/www.be-cool.nl\/es\/"},{"@type":"ListItem","position":2,"name":"Be-Cool"}]},{"@type":"WebSite","@id":"https:\/\/www.be-cool.nl\/es\/#website","url":"https:\/\/www.be-cool.nl\/es\/","name":"Be-Cool","description":"","publisher":{"@id":"https:\/\/www.be-cool.nl\/es\/#organization"},"potentialAction":[{"@type":"SearchAction","target":{"@type":"EntryPoint","urlTemplate":"https:\/\/www.be-cool.nl\/es\/?s={search_term_string}"},"query-input":{"@type":"PropertyValueSpecification","valueRequired":true,"valueName":"search_term_string"}}],"inLanguage":"es"},{"@type":"Organization","@id":"https:\/\/www.be-cool.nl\/es\/#organization","name":"Be-Cool","url":"https:\/\/www.be-cool.nl\/es\/","logo":{"@type":"ImageObject","inLanguage":"es","@id":"https:\/\/www.be-cool.nl\/es\/#\/schema\/logo\/image\/","url":"https:\/\/www.be-cool.nl\/wp-content\/uploads\/Be-cool_Logo.png","contentUrl":"https:\/\/www.be-cool.nl\/wp-content\/uploads\/Be-cool_Logo.png","width":426,"height":142,"caption":"Be-Cool"},"image":{"@id":"https:\/\/www.be-cool.nl\/es\/#\/schema\/logo\/image\/"}}]}},"_links":{"self":[{"href":"https:\/\/www.be-cool.nl\/es\/wp-json\/wp\/v2\/pages\/1104","targetHints":{"allow":["GET"]}}],"collection":[{"href":"https:\/\/www.be-cool.nl\/es\/wp-json\/wp\/v2\/pages"}],"about":[{"href":"https:\/\/www.be-cool.nl\/es\/wp-json\/wp\/v2\/types\/page"}],"author":[{"embeddable":true,"href":"https:\/\/www.be-cool.nl\/es\/wp-json\/wp\/v2\/users\/1"}],"replies":[{"embeddable":true,"href":"https:\/\/www.be-cool.nl\/es\/wp-json\/wp\/v2\/comments?post=1104"}],"version-history":[{"count":4,"href":"https:\/\/www.be-cool.nl\/es\/wp-json\/wp\/v2\/pages\/1104\/revisions"}],"predecessor-version":[{"id":2335,"href":"https:\/\/www.be-cool.nl\/es\/wp-json\/wp\/v2\/pages\/1104\/revisions\/2335"}],"wp:attachment":[{"href":"https:\/\/www.be-cool.nl\/es\/wp-json\/wp\/v2\/media?parent=1104"}],"curies":[{"name":"wp","href":"https:\/\/api.w.org\/{rel}","templated":true}]}}