{"id":829,"date":"2022-02-21T11:38:25","date_gmt":"2022-02-21T10:38:25","guid":{"rendered":"https:\/\/www.be-cool.nl\/?page_id=829"},"modified":"2022-03-02T15:07:46","modified_gmt":"2022-03-02T14:07:46","slug":"enfriadores-de-aire-moviles","status":"publish","type":"page","link":"https:\/\/www.be-cool.nl\/es\/enfriadores-de-aire-moviles\/","title":{"rendered":"Enfriadores de aire m\u00f3viles"},"content":{"rendered":"<h2>Elija nuestro refrigerador m\u00f3vil<\/h2>\n<p>\u00bfEst\u00e1 buscando un enfriador de aire m\u00f3vil de alta calidad? Entonces est\u00e1s bien en Be-Cool. Somos especialistas en sistemas de refrigeraci\u00f3n como un enfriador m\u00f3vil, refrigeraci\u00f3n adiab\u00e1tica, enfriador evaporativo y enfriador de terraza. Somos conocidos por la calidad de nuestros productos y nuestro excelente servicio. \u00bfDesea obtener m\u00e1s informaci\u00f3n sobre nuestros refrigeradores m\u00f3viles? Siga leyendo o p\u00f3ngase en contacto con nosotros directamente para comprar un nuevo refrigerador.<\/p>\n<h3>Los beneficios de nuestros refrigeradores m\u00f3viles<\/h3>\n<p>Los enfriadores de aire m\u00f3viles de Be-Cool son de la marca Portacool. Estos utilizan un sistema de refrigeraci\u00f3n evaporativa \u00fanico. Este sistema tiene la gran ventaja de que puede enfriar grandes espacios abiertos de una manera econ\u00f3mica y ecol\u00f3gica. Anteriormente, esto era demasiado caro o imposible. Pero con los refrigeradores de bajo consumo de Be-Cool, enfriar grandes espacios se vuelve mucho m\u00e1s barato a la vez. Pero, \u00bfqu\u00e9 es exactamente el enfriamiento evaporativo? Sumerja el dedo en un vaso de agua y luego sople a lo largo del dedo. A continuaci\u00f3n, sentir\u00e1 la frialdad que se produce por la evaporaci\u00f3n. Eso es refrigeraci\u00f3n adiab\u00e1tica. De la misma manera, nuestros enfriadores de aire funcionan.  <\/p>\n<h3>El funcionamiento de los enfriadores m\u00f3viles Portacool<\/h3>\n<p>El enfriador m\u00f3vil de Portacool es un enfriador de aire independiente donde el calor se extrae del aire por evaporaci\u00f3n de agua. Nuestras almohadillas patentadas (tambi\u00e9n llamadas almohadillas de Kol) son uno de los componentes m\u00e1s importantes en nuestras unidades Portacool. Estos est\u00e1n especialmente hechos por Portacool de papel comprimido. El agua se bombea desde el tanque de agua por medio de una bomba de agua. En las almohadillas hay peque\u00f1os canales a trav\u00e9s de los cuales las almohadillas se mantienen uniformemente h\u00famedas con agua. El aire caliente se aspira directamente a trav\u00e9s de las almohadillas con la ayuda de un ventilador. Como resultado, el agua se evapora y el aire se enfr\u00eda. El aire fr\u00edo se sopla poderosamente. Las almohadillas especiales de kol aseguran que el aire caliente se enfr\u00ede en un 20% extra. Debido a la ingeniosa estructura y al m\u00e9todo de colocaci\u00f3n de las almohadillas de Kol, los contaminantes se filtran fuera del aire que fluye, haciendo que el aire soplado no s\u00f3lo sea mucho m\u00e1s fr\u00edo, sino tambi\u00e9n mucho m\u00e1s limpio.<\/p>\n<h3>Las caracter\u00edsticas de un Portacool<\/h3>\n<p>Un Portacool tiene las siguientes caracter\u00edsticas:<\/p>\n<ul>\n<li>F\u00e1cil de mover<\/li>\n<li>Bajo costo<\/li>\n<li>Respetuoso<\/li>\n<li>Sin costes de instalaci\u00f3n<\/li>\n<li>Suministro de agua a trav\u00e9s de una manguera de jard\u00edn o llenado<\/li>\n<li>Facilidad de uso sin preocupaciones y pr\u00e1cticamente sin mantenimiento<\/li>\n<li>Carcasa duradera de polietileno fundido fuera de uno<\/li>\n<li>Ideal para enfriar lugares de trabajo de polvo de gran espacio<\/li>\n<\/ul>\n<h3>cont\u00e1ctenos<\/h3>\n<p>\u00bfTe interesan nuestros enfriadores de aire? Comun\u00edquese con nosotros al <a href=\"tel:0152002116\">015-2002116<\/a> o env\u00ede un correo electr\u00f3nico <a href=mailto:info@be-cool.nl> <\/a> info@be-cool.nl. Por supuesto, tambi\u00e9n puede dejar un mensaje en nuestro formulario de contacto en l\u00ednea. Estamos encantados de ayudarle con un refrigerador m\u00f3vil.  <\/p>\n","protected":false},"excerpt":{"rendered":"<p>Elija nuestro refrigerador m\u00f3vil \u00bfEst\u00e1 buscando un enfriador de aire m\u00f3vil de alta calidad? Entonces est\u00e1s bien en Be-Cool. Somos especialistas en sistemas de refrigeraci\u00f3n<a class=\"moretag\" href=\"https:\/\/www.be-cool.nl\/es\/enfriadores-de-aire-moviles\/\">&#8230;<\/a><\/p>\n","protected":false},"author":1,"featured_media":0,"parent":0,"menu_order":0,"comment_status":"closed","ping_status":"closed","template":"","meta":{"_glsr_average":0,"_glsr_ranking":0,"_glsr_reviews":0,"footnotes":""},"class_list":["post-829","page","type-page","status-publish","hentry"],"yoast_head":"<!-- This site is optimized with the Yoast SEO plugin v27.5 - https:\/\/yoast.com\/product\/yoast-seo-wordpress\/ -->\n<title>Enfriadores de aire m\u00f3viles - Be-Cool<\/title>\n<meta name=\"description\" content=\"\u00bfEst\u00e1 buscando una empresa donde pueda ir para un enfriador de aire m\u00f3vil? Entonces est\u00e1s bien en Be-Cool. Vendemos enfriadores de aire de la mejor calidad. Tambi\u00e9n ofrecemos un excelente servicio. \u00bfLe gustar\u00eda comprar un refrigerador m\u00f3vil? P\u00f3ngase en contacto con nosotros al \u260e 015-2002116.\" \/>\n<meta name=\"robots\" content=\"index, follow, max-snippet:-1, max-image-preview:large, max-video-preview:-1\" \/>\n<link rel=\"canonical\" href=\"https:\/\/www.be-cool.nl\/es\/enfriadores-de-aire-moviles\/\" \/>\n<meta property=\"og:locale\" content=\"es_ES\" \/>\n<meta property=\"og:type\" content=\"article\" \/>\n<meta property=\"og:title\" content=\"Enfriadores de aire m\u00f3viles - Be-Cool\" \/>\n<meta property=\"og:description\" content=\"\u00bfEst\u00e1 buscando una empresa donde pueda ir para un enfriador de aire m\u00f3vil? Entonces est\u00e1s bien en Be-Cool. Vendemos enfriadores de aire de la mejor calidad. Tambi\u00e9n ofrecemos un excelente servicio. \u00bfLe gustar\u00eda comprar un refrigerador m\u00f3vil? P\u00f3ngase en contacto con nosotros al \u260e 015-2002116.\" \/>\n<meta property=\"og:url\" content=\"https:\/\/www.be-cool.nl\/es\/enfriadores-de-aire-moviles\/\" \/>\n<meta property=\"og:site_name\" content=\"Be-Cool\" \/>\n<meta property=\"article:modified_time\" content=\"2022-03-02T14:07:46+00:00\" \/>\n<meta name=\"twitter:card\" content=\"summary_large_image\" \/>\n<meta name=\"twitter:label1\" content=\"Tiempo de lectura\" \/>\n\t<meta name=\"twitter:data1\" content=\"3 minutos\" \/>\n<script type=\"application\/ld+json\" class=\"yoast-schema-graph\">{\"@context\":\"https:\\\/\\\/schema.org\",\"@graph\":[{\"@type\":\"WebPage\",\"@id\":\"https:\\\/\\\/www.be-cool.nl\\\/es\\\/enfriadores-de-aire-moviles\\\/\",\"url\":\"https:\\\/\\\/www.be-cool.nl\\\/es\\\/enfriadores-de-aire-moviles\\\/\",\"name\":\"Enfriadores de aire m\u00f3viles - Be-Cool\",\"isPartOf\":{\"@id\":\"https:\\\/\\\/www.be-cool.nl\\\/es\\\/#website\"},\"datePublished\":\"2022-02-21T10:38:25+00:00\",\"dateModified\":\"2022-03-02T14:07:46+00:00\",\"description\":\"\u00bfEst\u00e1 buscando una empresa donde pueda ir para un enfriador de aire m\u00f3vil? Entonces est\u00e1s bien en Be-Cool. Vendemos enfriadores de aire de la mejor calidad. Tambi\u00e9n ofrecemos un excelente servicio. \u00bfLe gustar\u00eda comprar un refrigerador m\u00f3vil? P\u00f3ngase en contacto con nosotros al \u260e 015-2002116.\",\"breadcrumb\":{\"@id\":\"https:\\\/\\\/www.be-cool.nl\\\/es\\\/enfriadores-de-aire-moviles\\\/#breadcrumb\"},\"inLanguage\":\"es\",\"potentialAction\":[{\"@type\":\"ReadAction\",\"target\":[\"https:\\\/\\\/www.be-cool.nl\\\/es\\\/enfriadores-de-aire-moviles\\\/\"]}]},{\"@type\":\"BreadcrumbList\",\"@id\":\"https:\\\/\\\/www.be-cool.nl\\\/es\\\/enfriadores-de-aire-moviles\\\/#breadcrumb\",\"itemListElement\":[{\"@type\":\"ListItem\",\"position\":1,\"name\":\"Home\",\"item\":\"https:\\\/\\\/www.be-cool.nl\\\/es\\\/\"},{\"@type\":\"ListItem\",\"position\":2,\"name\":\"Enfriadores de aire m\u00f3viles\"}]},{\"@type\":\"WebSite\",\"@id\":\"https:\\\/\\\/www.be-cool.nl\\\/es\\\/#website\",\"url\":\"https:\\\/\\\/www.be-cool.nl\\\/es\\\/\",\"name\":\"Be-Cool\",\"description\":\"\",\"publisher\":{\"@id\":\"https:\\\/\\\/www.be-cool.nl\\\/es\\\/#organization\"},\"potentialAction\":[{\"@type\":\"SearchAction\",\"target\":{\"@type\":\"EntryPoint\",\"urlTemplate\":\"https:\\\/\\\/www.be-cool.nl\\\/es\\\/?s={search_term_string}\"},\"query-input\":{\"@type\":\"PropertyValueSpecification\",\"valueRequired\":true,\"valueName\":\"search_term_string\"}}],\"inLanguage\":\"es\"},{\"@type\":\"Organization\",\"@id\":\"https:\\\/\\\/www.be-cool.nl\\\/es\\\/#organization\",\"name\":\"Be-Cool\",\"url\":\"https:\\\/\\\/www.be-cool.nl\\\/es\\\/\",\"logo\":{\"@type\":\"ImageObject\",\"inLanguage\":\"es\",\"@id\":\"https:\\\/\\\/www.be-cool.nl\\\/es\\\/#\\\/schema\\\/logo\\\/image\\\/\",\"url\":\"https:\\\/\\\/www.be-cool.nl\\\/wp-content\\\/uploads\\\/Be-cool_Logo.png\",\"contentUrl\":\"https:\\\/\\\/www.be-cool.nl\\\/wp-content\\\/uploads\\\/Be-cool_Logo.png\",\"width\":426,\"height\":142,\"caption\":\"Be-Cool\"},\"image\":{\"@id\":\"https:\\\/\\\/www.be-cool.nl\\\/es\\\/#\\\/schema\\\/logo\\\/image\\\/\"}}]}<\/script>\n<!-- \/ Yoast SEO plugin. -->","yoast_head_json":{"title":"Enfriadores de aire m\u00f3viles - Be-Cool","description":"\u00bfEst\u00e1 buscando una empresa donde pueda ir para un enfriador de aire m\u00f3vil? Entonces est\u00e1s bien en Be-Cool. Vendemos enfriadores de aire de la mejor calidad. Tambi\u00e9n ofrecemos un excelente servicio. \u00bfLe gustar\u00eda comprar un refrigerador m\u00f3vil? P\u00f3ngase en contacto con nosotros al \u260e 015-2002116.","robots":{"index":"index","follow":"follow","max-snippet":"max-snippet:-1","max-image-preview":"max-image-preview:large","max-video-preview":"max-video-preview:-1"},"canonical":"https:\/\/www.be-cool.nl\/es\/enfriadores-de-aire-moviles\/","og_locale":"es_ES","og_type":"article","og_title":"Enfriadores de aire m\u00f3viles - Be-Cool","og_description":"\u00bfEst\u00e1 buscando una empresa donde pueda ir para un enfriador de aire m\u00f3vil? Entonces est\u00e1s bien en Be-Cool. Vendemos enfriadores de aire de la mejor calidad. Tambi\u00e9n ofrecemos un excelente servicio. \u00bfLe gustar\u00eda comprar un refrigerador m\u00f3vil? P\u00f3ngase en contacto con nosotros al \u260e 015-2002116.","og_url":"https:\/\/www.be-cool.nl\/es\/enfriadores-de-aire-moviles\/","og_site_name":"Be-Cool","article_modified_time":"2022-03-02T14:07:46+00:00","twitter_card":"summary_large_image","twitter_misc":{"Tiempo de lectura":"3 minutos"},"schema":{"@context":"https:\/\/schema.org","@graph":[{"@type":"WebPage","@id":"https:\/\/www.be-cool.nl\/es\/enfriadores-de-aire-moviles\/","url":"https:\/\/www.be-cool.nl\/es\/enfriadores-de-aire-moviles\/","name":"Enfriadores de aire m\u00f3viles - Be-Cool","isPartOf":{"@id":"https:\/\/www.be-cool.nl\/es\/#website"},"datePublished":"2022-02-21T10:38:25+00:00","dateModified":"2022-03-02T14:07:46+00:00","description":"\u00bfEst\u00e1 buscando una empresa donde pueda ir para un enfriador de aire m\u00f3vil? Entonces est\u00e1s bien en Be-Cool. Vendemos enfriadores de aire de la mejor calidad. Tambi\u00e9n ofrecemos un excelente servicio. \u00bfLe gustar\u00eda comprar un refrigerador m\u00f3vil? P\u00f3ngase en contacto con nosotros al \u260e 015-2002116.","breadcrumb":{"@id":"https:\/\/www.be-cool.nl\/es\/enfriadores-de-aire-moviles\/#breadcrumb"},"inLanguage":"es","potentialAction":[{"@type":"ReadAction","target":["https:\/\/www.be-cool.nl\/es\/enfriadores-de-aire-moviles\/"]}]},{"@type":"BreadcrumbList","@id":"https:\/\/www.be-cool.nl\/es\/enfriadores-de-aire-moviles\/#breadcrumb","itemListElement":[{"@type":"ListItem","position":1,"name":"Home","item":"https:\/\/www.be-cool.nl\/es\/"},{"@type":"ListItem","position":2,"name":"Enfriadores de aire m\u00f3viles"}]},{"@type":"WebSite","@id":"https:\/\/www.be-cool.nl\/es\/#website","url":"https:\/\/www.be-cool.nl\/es\/","name":"Be-Cool","description":"","publisher":{"@id":"https:\/\/www.be-cool.nl\/es\/#organization"},"potentialAction":[{"@type":"SearchAction","target":{"@type":"EntryPoint","urlTemplate":"https:\/\/www.be-cool.nl\/es\/?s={search_term_string}"},"query-input":{"@type":"PropertyValueSpecification","valueRequired":true,"valueName":"search_term_string"}}],"inLanguage":"es"},{"@type":"Organization","@id":"https:\/\/www.be-cool.nl\/es\/#organization","name":"Be-Cool","url":"https:\/\/www.be-cool.nl\/es\/","logo":{"@type":"ImageObject","inLanguage":"es","@id":"https:\/\/www.be-cool.nl\/es\/#\/schema\/logo\/image\/","url":"https:\/\/www.be-cool.nl\/wp-content\/uploads\/Be-cool_Logo.png","contentUrl":"https:\/\/www.be-cool.nl\/wp-content\/uploads\/Be-cool_Logo.png","width":426,"height":142,"caption":"Be-Cool"},"image":{"@id":"https:\/\/www.be-cool.nl\/es\/#\/schema\/logo\/image\/"}}]}},"_links":{"self":[{"href":"https:\/\/www.be-cool.nl\/es\/wp-json\/wp\/v2\/pages\/829","targetHints":{"allow":["GET"]}}],"collection":[{"href":"https:\/\/www.be-cool.nl\/es\/wp-json\/wp\/v2\/pages"}],"about":[{"href":"https:\/\/www.be-cool.nl\/es\/wp-json\/wp\/v2\/types\/page"}],"author":[{"embeddable":true,"href":"https:\/\/www.be-cool.nl\/es\/wp-json\/wp\/v2\/users\/1"}],"replies":[{"embeddable":true,"href":"https:\/\/www.be-cool.nl\/es\/wp-json\/wp\/v2\/comments?post=829"}],"version-history":[{"count":1,"href":"https:\/\/www.be-cool.nl\/es\/wp-json\/wp\/v2\/pages\/829\/revisions"}],"predecessor-version":[{"id":830,"href":"https:\/\/www.be-cool.nl\/es\/wp-json\/wp\/v2\/pages\/829\/revisions\/830"}],"wp:attachment":[{"href":"https:\/\/www.be-cool.nl\/es\/wp-json\/wp\/v2\/media?parent=829"}],"curies":[{"name":"wp","href":"https:\/\/api.w.org\/{rel}","templated":true}]}}