{"id":895,"date":"2022-02-21T11:32:05","date_gmt":"2022-02-21T10:32:05","guid":{"rendered":"https:\/\/www.be-cool.nl\/?page_id=895"},"modified":"2022-03-02T16:26:38","modified_gmt":"2022-03-02T15:26:38","slug":"enfriador-de-aire-de-bajo-consumo","status":"publish","type":"page","link":"https:\/\/www.be-cool.nl\/es\/enfriador-de-aire-de-bajo-consumo\/","title":{"rendered":"Enfriador de aire de bajo consumo"},"content":{"rendered":"<h2>Ir por un enfriador de aire de bajo consumo de Be-Cool<\/h2>\n<p>\u00bfQuieres enfriar tu espacio con un enfriador de aire de bajo consumo? Entonces est\u00e1s bien en Be-Cool. Vendemos enfriadores de aire de bajo consumo de la mejor calidad. Tambi\u00e9n puede contar con un excelente servicio. \u00bfTienes curiosidad por los refrigeradores que vendemos? P\u00f3ngase en contacto con nosotros o siga leyendo para obtener m\u00e1s informaci\u00f3n sobre el enfriador de aire de bajo consumo.<\/p>\n<h3>\u00bfC\u00f3mo funciona un enfriador de aire Portacool?<\/h3>\n<p>\u00bfC\u00f3mo funciona exactamente nuestra refrigeraci\u00f3n energ\u00e9ticamente eficiente? El enfriamiento tiene un enfriador evaporativo que extrae el calor del aire de forma independiente por evaporaci\u00f3n. Los componentes esenciales del enfriador son las almohadillas patentadas de Kol. Las almohadillas est\u00e1n hechas de papel comprimido y tienen canales peque\u00f1os. La bomba de agua en el refrigerador bombea agua a trav\u00e9s de los peque\u00f1os canales de las almohadillas. Esto permite que las almohadillas se mantengan h\u00famedas en todas partes. A continuaci\u00f3n, el aire caliente se aspira a trav\u00e9s de las almohadillas. El agua de las almohadillas se evapora y esto crea aire fr\u00edo. Finalmente, el aire enfriado es poderosamente soplado por el enfriador de aire. Las almohadillas de Kol tienen la excelente propiedad de que el aire caliente se enfr\u00eda un 20% m\u00e1s. Adem\u00e1s, aseguran que los contaminantes se filtren fuera del aire. As\u00ed que tambi\u00e9n tienes aire m\u00e1s limpio en tu habitaci\u00f3n.  <\/p>\n<h3>Una forma de refrigeraci\u00f3n energ\u00e9ticamente eficiente<\/h3>\n<p>\u00bfCu\u00e1les son las ventajas del enfriador de aire? El sistema de evaporaci\u00f3n, tambi\u00e9n conocido como enfriamiento adiab\u00e1tico, enfr\u00eda el aire de forma \u00fanica en el espacio. El sistema es muy eficiente energ\u00e9ticamente debido a las almohadillas patentadas que se utilizan. Tambi\u00e9n es muy respetuoso con el medio ambiente. Especialmente grandes espacios abiertos pueden beneficiarse de este ingenioso sistema de refrigeraci\u00f3n. Debido a que es una forma energ\u00e9ticamente eficiente de enfriamiento, tambi\u00e9n es mucho m\u00e1s barato que una refrigeraci\u00f3n regular.  <\/p>\n<h3>Los beneficios seguidos<\/h3>\n<p>Enumeramos las ventajas del enfriador de aire para usted:<\/p>\n<ul>\n<li>Bajo costo<\/li>\n<li>Respetuoso<\/li>\n<li>Sin costes de instalaci\u00f3n<\/li>\n<li>F\u00e1cil de mover<\/li>\n<li>Suministro de agua a trav\u00e9s de una manguera de jard\u00edn o llenado<\/li>\n<li>Gran facilidad de uso y pr\u00e1cticamente libre de mantenimiento<\/li>\n<li>Poseer una carcasa duradera de polietileno fundido fuera de uno<\/li>\n<li>Ideal para enfriar lugares de trabajo de polvo de gran espacio<\/li>\n<\/ul>\n<h3>Llame o env\u00ede un correo electr\u00f3nico para el enfriador de aire que desea<\/h3>\n<p>\u00bfLe gustar\u00eda obtener m\u00e1s informaci\u00f3n sobre nuestros enfriadores de bajo consumo? Ll\u00e1menos directamente al <a href=\"tel:0152002116\">015-2002116<\/a> o env\u00ede un correo electr\u00f3nico <a href=mailto:info@be-cool.nl> <\/a> info@be-cool.nl. Tambi\u00e9n es posible dejar un mensaje a trav\u00e9s de nuestro formulario de contacto en l\u00ednea. Estamos encantados de proporcionarle consejos sobre el enfriador de aire de bajo consumo que desea.  <\/p>\n","protected":false},"excerpt":{"rendered":"<p>Ir por un enfriador de aire de bajo consumo de Be-Cool \u00bfQuieres enfriar tu espacio con un enfriador de aire de bajo consumo? Entonces est\u00e1s<a class=\"moretag\" href=\"https:\/\/www.be-cool.nl\/es\/enfriador-de-aire-de-bajo-consumo\/\">&#8230;<\/a><\/p>\n","protected":false},"author":1,"featured_media":0,"parent":0,"menu_order":0,"comment_status":"closed","ping_status":"closed","template":"","meta":{"_glsr_average":0,"_glsr_ranking":0,"_glsr_reviews":0,"footnotes":""},"class_list":["post-895","page","type-page","status-publish","hentry"],"yoast_head":"<!-- This site is optimized with the Yoast SEO plugin v27.5 - https:\/\/yoast.com\/product\/yoast-seo-wordpress\/ -->\n<title>Enfriador de aire de bajo consumo - Be-Cool<\/title>\n<meta name=\"robots\" content=\"index, follow, max-snippet:-1, max-image-preview:large, max-video-preview:-1\" \/>\n<link rel=\"canonical\" href=\"https:\/\/www.be-cool.nl\/es\/enfriador-de-aire-de-bajo-consumo\/\" \/>\n<meta property=\"og:locale\" content=\"es_ES\" \/>\n<meta property=\"og:type\" content=\"article\" \/>\n<meta property=\"og:title\" content=\"Enfriador de aire de bajo consumo - Be-Cool\" \/>\n<meta property=\"og:description\" content=\"Ir por un enfriador de aire de bajo consumo de Be-Cool \u00bfQuieres enfriar tu espacio con un enfriador de aire de bajo consumo? Entonces est\u00e1s...\" \/>\n<meta property=\"og:url\" content=\"https:\/\/www.be-cool.nl\/es\/enfriador-de-aire-de-bajo-consumo\/\" \/>\n<meta property=\"og:site_name\" content=\"Be-Cool\" \/>\n<meta property=\"article:modified_time\" content=\"2022-03-02T15:26:38+00:00\" \/>\n<meta name=\"twitter:card\" content=\"summary_large_image\" \/>\n<meta name=\"twitter:label1\" content=\"Tiempo de lectura\" \/>\n\t<meta name=\"twitter:data1\" content=\"2 minutos\" \/>\n<script type=\"application\/ld+json\" class=\"yoast-schema-graph\">{\"@context\":\"https:\\\/\\\/schema.org\",\"@graph\":[{\"@type\":\"WebPage\",\"@id\":\"https:\\\/\\\/www.be-cool.nl\\\/es\\\/enfriador-de-aire-de-bajo-consumo\\\/\",\"url\":\"https:\\\/\\\/www.be-cool.nl\\\/es\\\/enfriador-de-aire-de-bajo-consumo\\\/\",\"name\":\"Enfriador de aire de bajo consumo - Be-Cool\",\"isPartOf\":{\"@id\":\"https:\\\/\\\/www.be-cool.nl\\\/es\\\/#website\"},\"datePublished\":\"2022-02-21T10:32:05+00:00\",\"dateModified\":\"2022-03-02T15:26:38+00:00\",\"breadcrumb\":{\"@id\":\"https:\\\/\\\/www.be-cool.nl\\\/es\\\/enfriador-de-aire-de-bajo-consumo\\\/#breadcrumb\"},\"inLanguage\":\"es\",\"potentialAction\":[{\"@type\":\"ReadAction\",\"target\":[\"https:\\\/\\\/www.be-cool.nl\\\/es\\\/enfriador-de-aire-de-bajo-consumo\\\/\"]}]},{\"@type\":\"BreadcrumbList\",\"@id\":\"https:\\\/\\\/www.be-cool.nl\\\/es\\\/enfriador-de-aire-de-bajo-consumo\\\/#breadcrumb\",\"itemListElement\":[{\"@type\":\"ListItem\",\"position\":1,\"name\":\"Home\",\"item\":\"https:\\\/\\\/www.be-cool.nl\\\/es\\\/\"},{\"@type\":\"ListItem\",\"position\":2,\"name\":\"Enfriador de aire de bajo consumo\"}]},{\"@type\":\"WebSite\",\"@id\":\"https:\\\/\\\/www.be-cool.nl\\\/es\\\/#website\",\"url\":\"https:\\\/\\\/www.be-cool.nl\\\/es\\\/\",\"name\":\"Be-Cool\",\"description\":\"\",\"publisher\":{\"@id\":\"https:\\\/\\\/www.be-cool.nl\\\/es\\\/#organization\"},\"potentialAction\":[{\"@type\":\"SearchAction\",\"target\":{\"@type\":\"EntryPoint\",\"urlTemplate\":\"https:\\\/\\\/www.be-cool.nl\\\/es\\\/?s={search_term_string}\"},\"query-input\":{\"@type\":\"PropertyValueSpecification\",\"valueRequired\":true,\"valueName\":\"search_term_string\"}}],\"inLanguage\":\"es\"},{\"@type\":\"Organization\",\"@id\":\"https:\\\/\\\/www.be-cool.nl\\\/es\\\/#organization\",\"name\":\"Be-Cool\",\"url\":\"https:\\\/\\\/www.be-cool.nl\\\/es\\\/\",\"logo\":{\"@type\":\"ImageObject\",\"inLanguage\":\"es\",\"@id\":\"https:\\\/\\\/www.be-cool.nl\\\/es\\\/#\\\/schema\\\/logo\\\/image\\\/\",\"url\":\"https:\\\/\\\/www.be-cool.nl\\\/wp-content\\\/uploads\\\/Be-cool_Logo.png\",\"contentUrl\":\"https:\\\/\\\/www.be-cool.nl\\\/wp-content\\\/uploads\\\/Be-cool_Logo.png\",\"width\":426,\"height\":142,\"caption\":\"Be-Cool\"},\"image\":{\"@id\":\"https:\\\/\\\/www.be-cool.nl\\\/es\\\/#\\\/schema\\\/logo\\\/image\\\/\"}}]}<\/script>\n<!-- \/ Yoast SEO plugin. -->","yoast_head_json":{"title":"Enfriador de aire de bajo consumo - Be-Cool","robots":{"index":"index","follow":"follow","max-snippet":"max-snippet:-1","max-image-preview":"max-image-preview:large","max-video-preview":"max-video-preview:-1"},"canonical":"https:\/\/www.be-cool.nl\/es\/enfriador-de-aire-de-bajo-consumo\/","og_locale":"es_ES","og_type":"article","og_title":"Enfriador de aire de bajo consumo - Be-Cool","og_description":"Ir por un enfriador de aire de bajo consumo de Be-Cool \u00bfQuieres enfriar tu espacio con un enfriador de aire de bajo consumo? Entonces est\u00e1s...","og_url":"https:\/\/www.be-cool.nl\/es\/enfriador-de-aire-de-bajo-consumo\/","og_site_name":"Be-Cool","article_modified_time":"2022-03-02T15:26:38+00:00","twitter_card":"summary_large_image","twitter_misc":{"Tiempo de lectura":"2 minutos"},"schema":{"@context":"https:\/\/schema.org","@graph":[{"@type":"WebPage","@id":"https:\/\/www.be-cool.nl\/es\/enfriador-de-aire-de-bajo-consumo\/","url":"https:\/\/www.be-cool.nl\/es\/enfriador-de-aire-de-bajo-consumo\/","name":"Enfriador de aire de bajo consumo - Be-Cool","isPartOf":{"@id":"https:\/\/www.be-cool.nl\/es\/#website"},"datePublished":"2022-02-21T10:32:05+00:00","dateModified":"2022-03-02T15:26:38+00:00","breadcrumb":{"@id":"https:\/\/www.be-cool.nl\/es\/enfriador-de-aire-de-bajo-consumo\/#breadcrumb"},"inLanguage":"es","potentialAction":[{"@type":"ReadAction","target":["https:\/\/www.be-cool.nl\/es\/enfriador-de-aire-de-bajo-consumo\/"]}]},{"@type":"BreadcrumbList","@id":"https:\/\/www.be-cool.nl\/es\/enfriador-de-aire-de-bajo-consumo\/#breadcrumb","itemListElement":[{"@type":"ListItem","position":1,"name":"Home","item":"https:\/\/www.be-cool.nl\/es\/"},{"@type":"ListItem","position":2,"name":"Enfriador de aire de bajo consumo"}]},{"@type":"WebSite","@id":"https:\/\/www.be-cool.nl\/es\/#website","url":"https:\/\/www.be-cool.nl\/es\/","name":"Be-Cool","description":"","publisher":{"@id":"https:\/\/www.be-cool.nl\/es\/#organization"},"potentialAction":[{"@type":"SearchAction","target":{"@type":"EntryPoint","urlTemplate":"https:\/\/www.be-cool.nl\/es\/?s={search_term_string}"},"query-input":{"@type":"PropertyValueSpecification","valueRequired":true,"valueName":"search_term_string"}}],"inLanguage":"es"},{"@type":"Organization","@id":"https:\/\/www.be-cool.nl\/es\/#organization","name":"Be-Cool","url":"https:\/\/www.be-cool.nl\/es\/","logo":{"@type":"ImageObject","inLanguage":"es","@id":"https:\/\/www.be-cool.nl\/es\/#\/schema\/logo\/image\/","url":"https:\/\/www.be-cool.nl\/wp-content\/uploads\/Be-cool_Logo.png","contentUrl":"https:\/\/www.be-cool.nl\/wp-content\/uploads\/Be-cool_Logo.png","width":426,"height":142,"caption":"Be-Cool"},"image":{"@id":"https:\/\/www.be-cool.nl\/es\/#\/schema\/logo\/image\/"}}]}},"_links":{"self":[{"href":"https:\/\/www.be-cool.nl\/es\/wp-json\/wp\/v2\/pages\/895","targetHints":{"allow":["GET"]}}],"collection":[{"href":"https:\/\/www.be-cool.nl\/es\/wp-json\/wp\/v2\/pages"}],"about":[{"href":"https:\/\/www.be-cool.nl\/es\/wp-json\/wp\/v2\/types\/page"}],"author":[{"embeddable":true,"href":"https:\/\/www.be-cool.nl\/es\/wp-json\/wp\/v2\/users\/1"}],"replies":[{"embeddable":true,"href":"https:\/\/www.be-cool.nl\/es\/wp-json\/wp\/v2\/comments?post=895"}],"version-history":[{"count":1,"href":"https:\/\/www.be-cool.nl\/es\/wp-json\/wp\/v2\/pages\/895\/revisions"}],"predecessor-version":[{"id":896,"href":"https:\/\/www.be-cool.nl\/es\/wp-json\/wp\/v2\/pages\/895\/revisions\/896"}],"wp:attachment":[{"href":"https:\/\/www.be-cool.nl\/es\/wp-json\/wp\/v2\/media?parent=895"}],"curies":[{"name":"wp","href":"https:\/\/api.w.org\/{rel}","templated":true}]}}