{"id":915,"date":"2022-02-21T11:33:52","date_gmt":"2022-02-21T10:33:52","guid":{"rendered":"https:\/\/www.be-cool.nl\/?page_id=915"},"modified":"2022-03-03T10:11:33","modified_gmt":"2022-03-03T09:11:33","slug":"f-a-q-soporte","status":"publish","type":"page","link":"https:\/\/www.be-cool.nl\/es\/f-a-q-soporte\/","title":{"rendered":"F.A.Q. &#038; Soporte"},"content":{"rendered":"<div class=\"wpb-content-wrapper\"><p>[vc_row][vc_column][vc_column_text]<\/p>\n<h2>F.A.Q. Refrigeraci\u00f3n energ\u00e9ticamente eficiente<\/h2>\n<p>A continuaci\u00f3n encontrar\u00e1 las preguntas m\u00e1s frecuentes sobre refrigeraci\u00f3n m\u00f3vil y refrigeraci\u00f3n energ\u00e9ticamente eficiente. \u00bfNo est\u00e1 tu pregunta en el medio? Por favor, no dude en ponerse en contacto con nosotros, estaremos encantados de ayudarle![\/vc_column_text][\/vc_column][\/vc_row][vc_row][vc_column][vc_tta_accordion active_section=\u00bb-1&#8243;][vc_tta_section title=\u00bb\u00bfEn qu\u00e9 industrias se utiliza el enfriador m\u00f3vil adiab\u00e1tico Port A Cool?\u00bb tab_id=\u00bb1517473763273-3d99771c-616a\u00bb][vc_column_text]Los refrigeradores m\u00f3viles Port A Cool se utilizan en varias industrias y ubicaciones. Algunos ejemplos son Industria, automoci\u00f3n, hogar, agricultura, horticultura, ej\u00e9rcito, aviaci\u00f3n, deportes, festivales, fiestas, catering, taller ybertizo.[\/vc_column_text][\/vc_tta_section][vc_tta_section title=\u00bb\u00bfEn qu\u00e9 condiciones funcionan mejor los enfriadores de aire m\u00f3viles?\u00bb tab_id=\u00bb1517473763294-0bc6f451-e73e\u00bb][vc_column_text]Los enfriadores de aire m\u00f3vilEs Port A Cool funcionan mejor en \u00e1reas ventiladas. Debido a la buena ventilaci\u00f3n, el aire caliente puede salir f\u00e1cilmente de la habitaci\u00f3n y el aire fresco llena la habitaci\u00f3n. Esta ventaja es ideal para talleres donde las puertas est\u00e1n abiertas continuamente o grandes espacios que antes no se pod\u00edan enfriar.[\/vc_column_text][\/vc_tta_section][vc_tta_section title=\u00bb\u00bfQu\u00e9 partes hay en un enfriador de aire m\u00f3vil?\u00bb tab_id=\u00bb1517473845189-d1693f75-eb17&#8243;][vc_column_text]Las siguientes partes est\u00e1n en un enfriador de aire m\u00f3vil; almohadillas patentadas, ventilador, bomba de agua, tanque de agua, panel de control, conexiones: electricidad y agua del grifo.[\/vc_column_text][\/vc_tta_section][\/vc_tta_accordion][\/vc_column][\/vc_row][vc_row][vc_column][vc_separator][\/vc_column][\/vc_row][vc_row][vc_column][vc_column_text]<\/p>\n<h4>\u00bfTengo que montar la unidad yo mismo?<\/h4>\n<p>No, las unidades de refrigeraci\u00f3n se pueden utilizar inmediatamente.<\/p>\n<h4>\u00bfC\u00f3mo preparo mi enfriador de aire m\u00f3vil para el almacenamiento?<\/h4>\n<p>Desinflar la unidad, secar las almohadillas de enfriamiento y colocar la unidad, preferiblemente cubierta, en un lugar fresco y seco. Para obtener m\u00e1s informaci\u00f3n, llame a be-cool.<\/p>\n<h4>Tengo mi refrigerador enchufado por primera vez y se extiende un aire desagradable! \u00bfQu\u00e9 va mal?<\/h4>\n<p>Una nueva unidad tiene un \u00abtiempo de trabajo\u00bb durante el cual puede propagar un olor algo extra\u00f1o. Las almohadillas de refrigeraci\u00f3n en la parte posterior de la unidad nunca han estado mojadas. Cuando las almohadillas de enfriamiento se mojan por primera vez se dispersa un cierto aire. Esto tomar\u00e1 unas tres semanas. Mantenga la unidad en un espacio abierto hasta que el aire se haya ido, o coloque un jab\u00f3n con suavizante de tela en el recipiente en la parte inferior de la unidad. Despu\u00e9s de que la unidad ha estado en uso durante aproximadamente dos semanas, el aire desaparecer\u00e1. Cuando la unidad no es nueva, las algas y las bacterias pueden ser causadas por un mantenimiento deficiente y causar ciertas condiciones de aire. Consulte el Manual del Propietario para la limpieza y el mantenimiento.<\/p>\n<h4>Mi refrigerador no proporciona aire fresco.<\/h4>\n<p>En primer lugar, compruebe en la parte posterior de la unidad que las almohadillas de refrigeraci\u00f3n est\u00e1n h\u00famedas. Ajuste la circulaci\u00f3n del agua. Para evaporarse, las almohadillas de refrigeraci\u00f3n deben estar h\u00famedas antes de encender el ventilador. En segundo lugar, es necesario asegurarse de que hay agua en el recept\u00e1culo. Deje que se llene por completo antes de encender la bomba. En tercer lugar, debe asegurarse de que el agua y las l\u00edneas el\u00e9ctricas est\u00e9n conectadas y funcionando. Si ninguna de estas soluciones resuelve el problema, puede llamar a Be-cool o correo electr\u00f3nico <a href=\"mailto:info@be-cool.nl\">info@be-cool.nl<\/a><\/p>\n<h4>\u00bfCu\u00e1les son los mejores factores ambientales para que el enfriador de aire de evaporaci\u00f3n adiab\u00e1tica m\u00f3vil propague tanto aire fr\u00edo como sea posible?<\/h4>\n<p>Para que funcione de forma \u00f3ptima, la temperatura debe ser de 24 oC o superior. La humedad relativa debe estar por debajo del 75 por ciento. Las unidades bajan la temperatura en casi todas las habitaciones, lo que facilita el trabajo.<\/p>\n<h4>\u00bfCu\u00e1l es la diferencia entre las plantas de refrigeraci\u00f3n evaporativa y las plantas de nebulizaci\u00f3n?<\/h4>\n<p>Las plantas nebulizadoras pulverizan niebla de agua en el aire que cae sobre las personas y el suelo, haci\u00e9ndola mojada. La unidad de refrigeraci\u00f3n utiliza el proceso de evaporaci\u00f3n para producir aire m\u00e1s fr\u00edo.<\/p>\n<h4>\u00bfC\u00f3mo debo engrasar el motor del ventilador?<\/h4>\n<p>Los estados del manual Emerson Motor Installation and Maintenance Information. Los motores de rodamientos de jalea deben engrasarse regularmente. Las unidades que se utilizan constantemente deben engrasarse una vez al a\u00f1o, que se utilizan regularmente una vez cada dos a\u00f1os y que se utilizan ocasionalmente cada cinco a\u00f1os. Utilice de 30 a 35 gotas de SAE No. 20 aceite no detergente o aceite de motor el\u00e9ctrico.<\/p>\n<h4>\u00bfQu\u00e9 puedo hacer si la m\u00e1quina extiende un olor desagradable?<\/h4>\n<p>Una nueva unidad necesita un corto per\u00edodo de trabajo y puede propagar un olor. Normalmente despu\u00e9s de aproximadamente 2 semanas el olor debe desaparecer. Si la unidad no es nueva, el crecimiento bacteriano puede propagar un olor debido a un mantenimiento insuficiente. El manual describe en detalle c\u00f3mo se puede limpiar y mantener mejor la m\u00e1quina.<\/p>\n<h4>\u00bfD\u00f3nde puedo comprar piezas de repuesto?<\/h4>\n<p>Las piezas de repuesto para la unidad se pueden comprar <a href=\"https:\/\/www.be-cool.nl\/es\/\">www.be-cool.nl<\/a><\/p>\n<h4>\u00bfCon qu\u00e9 frecuencia es necesario reemplazar las almohadillas de refrigeraci\u00f3n?<\/h4>\n<p>Dependiendo del mantenimiento y el nivel de uso, las almohadillas de refrigeraci\u00f3n generalmente duran hasta cinco a\u00f1os. Sin embargo, si tiene preguntas sobre la vida \u00fatil de las almohadillas de refrigeraci\u00f3n para su unidad o desea saber c\u00f3mo reemplazar las almohadillas de refrigeraci\u00f3n, siempre puede ponerse en contacto con Be-cool por tel\u00e9fono.<\/p>\n<h4>\u00bfCu\u00e1nta humedad produce una unidad?<\/h4>\n<p>La humedad aumentar\u00e1 entre un 2% y un 5%, dependiendo de la temperatura y humedad del medio ambiente. Este aumento de la humedad no se nota en un \u00e1rea bien ventilada donde se lleva el aire de la unidad.<\/p>\n<h4>\u00bfCu\u00e1nto dura un recept\u00e1culo completo?<\/h4>\n<p>Si no est\u00e1 conectado a un suministro continuo de agua, una unidad operativa evaporar\u00e1 toda el agua en un recipiente completo en un plazo de dos horas. La relaci\u00f3n de evaporaci\u00f3n depende de la temperatura y la humedad. El fabricante recomienda que el recipiente est\u00e9 provisto de un suministro continuo de agua. La mayor\u00eda de las unidades tienen una v\u00e1lvula de flotador interna para regular el suministro de agua al recept\u00e1culo.<\/p>\n<h4>Si quiero refrescarme mejor, \u00bfpuedo usar hielo en el recept\u00e1culo?<\/h4>\n<p>El ventilador puede dispersar el vapor del hielo de agua, pero esto no aumenta la evaporaci\u00f3n y, por lo tanto, no conducir\u00e1 a una refrigeraci\u00f3n significativamente mejor.<\/p>\n<h4>\u00bfD\u00f3nde puedo encontrar el modelo y los n\u00fameros de serie en la unidad?<\/h4>\n<p>En el exterior de la carcasa de cada unidad hay una placa de metal con una etiqueta blanca con c\u00f3digos de barras y otras especificaciones. El n\u00famero de modelo de la unidad comienza con n\u00fameros de serie &#8216;PAC&#8217; consisten enteramente en n\u00fameros.<\/p>\n<h4>\u00bfQu\u00e9 pasa si mis preguntas no son respondidas aqu\u00ed?<\/h4>\n<p>Por favor env\u00ede un correo electr\u00f3nico a <a href=\"mailto:info@be-cool.nl\">info@be-cool.nl<\/a>[\/vc_column_text][\/vc_column][\/vc_row]<\/p>\n<\/div>","protected":false},"excerpt":{"rendered":"<p>[vc_row][vc_column][vc_column_text] F.A.Q. Refrigeraci\u00f3n energ\u00e9ticamente eficiente A continuaci\u00f3n encontrar\u00e1 las preguntas m\u00e1s frecuentes sobre refrigeraci\u00f3n m\u00f3vil y refrigeraci\u00f3n energ\u00e9ticamente eficiente. \u00bfNo est\u00e1 tu pregunta en el<a class=\"moretag\" href=\"https:\/\/www.be-cool.nl\/es\/f-a-q-soporte\/\">&#8230;<\/a><\/p>\n","protected":false},"author":1,"featured_media":0,"parent":0,"menu_order":0,"comment_status":"closed","ping_status":"closed","template":"","meta":{"_glsr_average":0,"_glsr_ranking":0,"_glsr_reviews":0,"footnotes":""},"class_list":["post-915","page","type-page","status-publish","hentry"],"yoast_head":"<!-- This site is optimized with the Yoast SEO plugin v27.4 - https:\/\/yoast.com\/product\/yoast-seo-wordpress\/ -->\n<title>F.A.Q. &amp; Soporte - Be-Cool<\/title>\n<meta name=\"robots\" content=\"index, follow, max-snippet:-1, max-image-preview:large, max-video-preview:-1\" \/>\n<link rel=\"canonical\" href=\"https:\/\/www.be-cool.nl\/es\/f-a-q-soporte\/\" \/>\n<meta property=\"og:locale\" content=\"es_ES\" \/>\n<meta property=\"og:type\" content=\"article\" \/>\n<meta property=\"og:title\" content=\"F.A.Q. &amp; Soporte - Be-Cool\" \/>\n<meta property=\"og:description\" content=\"[vc_row][vc_column][vc_column_text] F.A.Q. Refrigeraci\u00f3n energ\u00e9ticamente eficiente A continuaci\u00f3n encontrar\u00e1 las preguntas m\u00e1s frecuentes sobre refrigeraci\u00f3n m\u00f3vil y refrigeraci\u00f3n energ\u00e9ticamente eficiente. \u00bfNo est\u00e1 tu pregunta en el...\" \/>\n<meta property=\"og:url\" content=\"https:\/\/www.be-cool.nl\/es\/f-a-q-soporte\/\" \/>\n<meta property=\"og:site_name\" content=\"Be-Cool\" \/>\n<meta property=\"article:modified_time\" content=\"2022-03-03T09:11:33+00:00\" \/>\n<meta name=\"twitter:card\" content=\"summary_large_image\" \/>\n<meta name=\"twitter:label1\" content=\"Tiempo de lectura\" \/>\n\t<meta name=\"twitter:data1\" content=\"6 minutos\" \/>\n<script type=\"application\/ld+json\" class=\"yoast-schema-graph\">{\"@context\":\"https:\\\/\\\/schema.org\",\"@graph\":[{\"@type\":\"WebPage\",\"@id\":\"https:\\\/\\\/www.be-cool.nl\\\/es\\\/f-a-q-soporte\\\/\",\"url\":\"https:\\\/\\\/www.be-cool.nl\\\/es\\\/f-a-q-soporte\\\/\",\"name\":\"F.A.Q. & Soporte - Be-Cool\",\"isPartOf\":{\"@id\":\"https:\\\/\\\/www.be-cool.nl\\\/es\\\/#website\"},\"datePublished\":\"2022-02-21T10:33:52+00:00\",\"dateModified\":\"2022-03-03T09:11:33+00:00\",\"breadcrumb\":{\"@id\":\"https:\\\/\\\/www.be-cool.nl\\\/es\\\/f-a-q-soporte\\\/#breadcrumb\"},\"inLanguage\":\"es\",\"potentialAction\":[{\"@type\":\"ReadAction\",\"target\":[\"https:\\\/\\\/www.be-cool.nl\\\/es\\\/f-a-q-soporte\\\/\"]}]},{\"@type\":\"BreadcrumbList\",\"@id\":\"https:\\\/\\\/www.be-cool.nl\\\/es\\\/f-a-q-soporte\\\/#breadcrumb\",\"itemListElement\":[{\"@type\":\"ListItem\",\"position\":1,\"name\":\"Home\",\"item\":\"https:\\\/\\\/www.be-cool.nl\\\/es\\\/\"},{\"@type\":\"ListItem\",\"position\":2,\"name\":\"F.A.Q. &#038; Soporte\"}]},{\"@type\":\"WebSite\",\"@id\":\"https:\\\/\\\/www.be-cool.nl\\\/es\\\/#website\",\"url\":\"https:\\\/\\\/www.be-cool.nl\\\/es\\\/\",\"name\":\"Be-Cool\",\"description\":\"\",\"publisher\":{\"@id\":\"https:\\\/\\\/www.be-cool.nl\\\/es\\\/#organization\"},\"potentialAction\":[{\"@type\":\"SearchAction\",\"target\":{\"@type\":\"EntryPoint\",\"urlTemplate\":\"https:\\\/\\\/www.be-cool.nl\\\/es\\\/?s={search_term_string}\"},\"query-input\":{\"@type\":\"PropertyValueSpecification\",\"valueRequired\":true,\"valueName\":\"search_term_string\"}}],\"inLanguage\":\"es\"},{\"@type\":\"Organization\",\"@id\":\"https:\\\/\\\/www.be-cool.nl\\\/es\\\/#organization\",\"name\":\"Be-Cool\",\"url\":\"https:\\\/\\\/www.be-cool.nl\\\/es\\\/\",\"logo\":{\"@type\":\"ImageObject\",\"inLanguage\":\"es\",\"@id\":\"https:\\\/\\\/www.be-cool.nl\\\/es\\\/#\\\/schema\\\/logo\\\/image\\\/\",\"url\":\"https:\\\/\\\/www.be-cool.nl\\\/wp-content\\\/uploads\\\/Be-cool_Logo.png\",\"contentUrl\":\"https:\\\/\\\/www.be-cool.nl\\\/wp-content\\\/uploads\\\/Be-cool_Logo.png\",\"width\":426,\"height\":142,\"caption\":\"Be-Cool\"},\"image\":{\"@id\":\"https:\\\/\\\/www.be-cool.nl\\\/es\\\/#\\\/schema\\\/logo\\\/image\\\/\"}}]}<\/script>\n<!-- \/ Yoast SEO plugin. -->","yoast_head_json":{"title":"F.A.Q. & Soporte - Be-Cool","robots":{"index":"index","follow":"follow","max-snippet":"max-snippet:-1","max-image-preview":"max-image-preview:large","max-video-preview":"max-video-preview:-1"},"canonical":"https:\/\/www.be-cool.nl\/es\/f-a-q-soporte\/","og_locale":"es_ES","og_type":"article","og_title":"F.A.Q. & Soporte - Be-Cool","og_description":"[vc_row][vc_column][vc_column_text] F.A.Q. Refrigeraci\u00f3n energ\u00e9ticamente eficiente A continuaci\u00f3n encontrar\u00e1 las preguntas m\u00e1s frecuentes sobre refrigeraci\u00f3n m\u00f3vil y refrigeraci\u00f3n energ\u00e9ticamente eficiente. \u00bfNo est\u00e1 tu pregunta en el...","og_url":"https:\/\/www.be-cool.nl\/es\/f-a-q-soporte\/","og_site_name":"Be-Cool","article_modified_time":"2022-03-03T09:11:33+00:00","twitter_card":"summary_large_image","twitter_misc":{"Tiempo de lectura":"6 minutos"},"schema":{"@context":"https:\/\/schema.org","@graph":[{"@type":"WebPage","@id":"https:\/\/www.be-cool.nl\/es\/f-a-q-soporte\/","url":"https:\/\/www.be-cool.nl\/es\/f-a-q-soporte\/","name":"F.A.Q. & Soporte - Be-Cool","isPartOf":{"@id":"https:\/\/www.be-cool.nl\/es\/#website"},"datePublished":"2022-02-21T10:33:52+00:00","dateModified":"2022-03-03T09:11:33+00:00","breadcrumb":{"@id":"https:\/\/www.be-cool.nl\/es\/f-a-q-soporte\/#breadcrumb"},"inLanguage":"es","potentialAction":[{"@type":"ReadAction","target":["https:\/\/www.be-cool.nl\/es\/f-a-q-soporte\/"]}]},{"@type":"BreadcrumbList","@id":"https:\/\/www.be-cool.nl\/es\/f-a-q-soporte\/#breadcrumb","itemListElement":[{"@type":"ListItem","position":1,"name":"Home","item":"https:\/\/www.be-cool.nl\/es\/"},{"@type":"ListItem","position":2,"name":"F.A.Q. &#038; Soporte"}]},{"@type":"WebSite","@id":"https:\/\/www.be-cool.nl\/es\/#website","url":"https:\/\/www.be-cool.nl\/es\/","name":"Be-Cool","description":"","publisher":{"@id":"https:\/\/www.be-cool.nl\/es\/#organization"},"potentialAction":[{"@type":"SearchAction","target":{"@type":"EntryPoint","urlTemplate":"https:\/\/www.be-cool.nl\/es\/?s={search_term_string}"},"query-input":{"@type":"PropertyValueSpecification","valueRequired":true,"valueName":"search_term_string"}}],"inLanguage":"es"},{"@type":"Organization","@id":"https:\/\/www.be-cool.nl\/es\/#organization","name":"Be-Cool","url":"https:\/\/www.be-cool.nl\/es\/","logo":{"@type":"ImageObject","inLanguage":"es","@id":"https:\/\/www.be-cool.nl\/es\/#\/schema\/logo\/image\/","url":"https:\/\/www.be-cool.nl\/wp-content\/uploads\/Be-cool_Logo.png","contentUrl":"https:\/\/www.be-cool.nl\/wp-content\/uploads\/Be-cool_Logo.png","width":426,"height":142,"caption":"Be-Cool"},"image":{"@id":"https:\/\/www.be-cool.nl\/es\/#\/schema\/logo\/image\/"}}]}},"_links":{"self":[{"href":"https:\/\/www.be-cool.nl\/es\/wp-json\/wp\/v2\/pages\/915","targetHints":{"allow":["GET"]}}],"collection":[{"href":"https:\/\/www.be-cool.nl\/es\/wp-json\/wp\/v2\/pages"}],"about":[{"href":"https:\/\/www.be-cool.nl\/es\/wp-json\/wp\/v2\/types\/page"}],"author":[{"embeddable":true,"href":"https:\/\/www.be-cool.nl\/es\/wp-json\/wp\/v2\/users\/1"}],"replies":[{"embeddable":true,"href":"https:\/\/www.be-cool.nl\/es\/wp-json\/wp\/v2\/comments?post=915"}],"version-history":[{"count":1,"href":"https:\/\/www.be-cool.nl\/es\/wp-json\/wp\/v2\/pages\/915\/revisions"}],"predecessor-version":[{"id":916,"href":"https:\/\/www.be-cool.nl\/es\/wp-json\/wp\/v2\/pages\/915\/revisions\/916"}],"wp:attachment":[{"href":"https:\/\/www.be-cool.nl\/es\/wp-json\/wp\/v2\/media?parent=915"}],"curies":[{"name":"wp","href":"https:\/\/api.w.org\/{rel}","templated":true}]}}