{"id":945,"date":"2022-02-21T11:35:43","date_gmt":"2022-02-21T10:35:43","guid":{"rendered":"https:\/\/www.be-cool.nl\/?page_id=945"},"modified":"2022-03-03T10:28:42","modified_gmt":"2022-03-03T09:28:42","slug":"enfriador-de-aire-con-agua-enfriamiento-estable","status":"publish","type":"page","link":"https:\/\/www.be-cool.nl\/es\/enfriador-de-aire-con-agua-enfriamiento-estable\/","title":{"rendered":"Enfriador de aire con agua \/ enfriamiento estable"},"content":{"rendered":"<h2>Refrigeraci\u00f3n estable de Be-Cool<\/h2>\n<p>\u00bfEst\u00e1 buscando una empresa donde pueda ir para una refrigeraci\u00f3n estable? Echa un vistazo a la gama de Be-Cool. Nos especializamos en la venta de sistemas de refrigeraci\u00f3n avanzados. Nuestros refrigeradores son de la marca Portacool y son conocidos por su excelente calidad. Tambi\u00e9n puede contar con un excelente servicio y consejos a medida. \u00bfLe gustar\u00eda obtener m\u00e1s informaci\u00f3n sobre nuestro enfriador de aire para el agua? Siga leyendo o p\u00f3ngase en contacto con nosotros directamente.<\/p>\n<h3>El enfriador de aire de bajo consumo<\/h3>\n<p>En el caso de un enfriamiento estable, el uso de agua es muy importante. Nuestros refrigeradores utilizan un sistema de refrigeraci\u00f3n evaporativa \u00fanico. Utiliza agua para enfriar el aire en su espacio de una manera econ\u00f3mica y ecol\u00f3gica. Debido a que nuestros refrigeradores m\u00f3viles son muy eficientes energ\u00e9ticamente, usted es mucho m\u00e1s barato que antes. El enfriador de aire es f\u00e1cil de mover, lo que le permite colocarlo exactamente donde se necesita.  <\/p>\n<h3>El funcionamiento del enfriador de aire<\/h3>\n<p>\u00bfC\u00f3mo funcionan exactamente nuestros refrigeradores con el sistema de refrigeraci\u00f3n evaporativa? El enfriador de aire con agua extrae el calor del aire por evaporaci\u00f3n. Las almohadillas patentadas (tambi\u00e9n llamadas almohadillas de Kol) en el sistema aseguran esto. Est\u00e1n hechas de papel comprimido y tienen peque\u00f1os canales. La bomba de agua en el enfriador de aire bombea agua y permite que esta agua fluya a trav\u00e9s de los canales. Esto mantiene las almohadillas h\u00famedas todo el tiempo. A continuaci\u00f3n, el aire caliente es aspirado por los ventiladores a lo largo de las almohadillas h\u00famedas. El agua enfr\u00eda el aire y el aire fr\u00edo se sopla poderosamente. Esto crea una temperatura agradable en su establo o espacio. Las almohadillas aseguran que el aire caliente se enfr\u00ede un 20% extra. Al hacerlo, filtran los contaminantes del aire que fluye. De esta manera, el enfriador de aire con agua tambi\u00e9n proporciona aire m\u00e1s limpio.  <\/p>\n<h3>Las caracter\u00edsticas de un enfriamiento estable Portacool<\/h3>\n<p>Ponemos las caracter\u00edsticas de nuestro enfriamiento estable en una fila para usted:<\/p>\n<ul>\n<li>F\u00e1cil de mover<\/li>\n<li>Bajo costo<\/li>\n<li>Respetuoso<\/li>\n<li>Sin costes de instalaci\u00f3n<\/li>\n<li>Pr\u00e1cticamente sin mantenimiento<\/li>\n<li>Carcasa duradera de polietileno fundido<\/li>\n<li>Muy bueno para usar en lugares de trabajo con mucho espacio de polvo<\/li>\n<\/ul>\n<p>\u00bfTienes curiosidad por nuestra refrigeraci\u00f3n por aire con agua? Nos gustar\u00eda contarle m\u00e1s sobre las posibilidades y aplicaciones.<\/p>\n<h3>Ac\u00e9rquese a nosotros para un enfriador de aire<\/h3>\n<p>\u00bfLe gustar\u00eda saber m\u00e1s sobre nuestros enfriadores de aire? Comun\u00edquese con nosotros al <a href=\"tel:0152002116\">015-2002116<\/a> o env\u00ede un correo electr\u00f3nico <a href=mailto:info@be-cool.nl> <\/a> info@be-cool.nl. Tambi\u00e9n es posible dejar un mensaje a trav\u00e9s de nuestro formulario de contacto en l\u00ednea. Puede contar con nosotros al elegir el enfriador de aire adecuado con agua.  <\/p>\n","protected":false},"excerpt":{"rendered":"<p>Refrigeraci\u00f3n estable de Be-Cool \u00bfEst\u00e1 buscando una empresa donde pueda ir para una refrigeraci\u00f3n estable? Echa un vistazo a la gama de Be-Cool. Nos especializamos<a class=\"moretag\" href=\"https:\/\/www.be-cool.nl\/es\/enfriador-de-aire-con-agua-enfriamiento-estable\/\">&#8230;<\/a><\/p>\n","protected":false},"author":1,"featured_media":0,"parent":0,"menu_order":0,"comment_status":"closed","ping_status":"closed","template":"","meta":{"_glsr_average":0,"_glsr_ranking":0,"_glsr_reviews":0,"footnotes":""},"class_list":["post-945","page","type-page","status-publish","hentry"],"yoast_head":"<!-- This site is optimized with the Yoast SEO plugin v27.6 - https:\/\/yoast.com\/product\/yoast-seo-wordpress\/ -->\n<title>Enfriador de aire con agua \/ enfriamiento estable - Be-Cool<\/title>\n<meta name=\"description\" content=\"\u00bfEst\u00e1 buscando un enfriamiento estable que pueda enfriar su espacio o estable de la manera correcta? En Be-Cool encontrar\u00e1 el enfriador de aire con agua que desea. Nuestro enfriamiento estable enfr\u00eda su espacio de una manera econ\u00f3mica y ecol\u00f3gica. \u00bfTienes curiosidad por nuestros productos? Llame al \u260e 015-2002116.\" \/>\n<meta name=\"robots\" content=\"index, follow, max-snippet:-1, max-image-preview:large, max-video-preview:-1\" \/>\n<link rel=\"canonical\" href=\"https:\/\/www.be-cool.nl\/es\/enfriador-de-aire-con-agua-enfriamiento-estable\/\" \/>\n<meta property=\"og:locale\" content=\"es_ES\" \/>\n<meta property=\"og:type\" content=\"article\" \/>\n<meta property=\"og:title\" content=\"Enfriador de aire con agua \/ enfriamiento estable - Be-Cool\" \/>\n<meta property=\"og:description\" content=\"\u00bfEst\u00e1 buscando un enfriamiento estable que pueda enfriar su espacio o estable de la manera correcta? En Be-Cool encontrar\u00e1 el enfriador de aire con agua que desea. Nuestro enfriamiento estable enfr\u00eda su espacio de una manera econ\u00f3mica y ecol\u00f3gica. \u00bfTienes curiosidad por nuestros productos? Llame al \u260e 015-2002116.\" \/>\n<meta property=\"og:url\" content=\"https:\/\/www.be-cool.nl\/es\/enfriador-de-aire-con-agua-enfriamiento-estable\/\" \/>\n<meta property=\"og:site_name\" content=\"Be-Cool\" \/>\n<meta property=\"article:modified_time\" content=\"2022-03-03T09:28:42+00:00\" \/>\n<meta name=\"twitter:card\" content=\"summary_large_image\" \/>\n<meta name=\"twitter:label1\" content=\"Tiempo de lectura\" \/>\n\t<meta name=\"twitter:data1\" content=\"2 minutos\" \/>\n<script type=\"application\/ld+json\" class=\"yoast-schema-graph\">{\"@context\":\"https:\\\/\\\/schema.org\",\"@graph\":[{\"@type\":\"WebPage\",\"@id\":\"https:\\\/\\\/www.be-cool.nl\\\/es\\\/enfriador-de-aire-con-agua-enfriamiento-estable\\\/\",\"url\":\"https:\\\/\\\/www.be-cool.nl\\\/es\\\/enfriador-de-aire-con-agua-enfriamiento-estable\\\/\",\"name\":\"Enfriador de aire con agua \\\/ enfriamiento estable - Be-Cool\",\"isPartOf\":{\"@id\":\"https:\\\/\\\/www.be-cool.nl\\\/es\\\/#website\"},\"datePublished\":\"2022-02-21T10:35:43+00:00\",\"dateModified\":\"2022-03-03T09:28:42+00:00\",\"description\":\"\u00bfEst\u00e1 buscando un enfriamiento estable que pueda enfriar su espacio o estable de la manera correcta? En Be-Cool encontrar\u00e1 el enfriador de aire con agua que desea. Nuestro enfriamiento estable enfr\u00eda su espacio de una manera econ\u00f3mica y ecol\u00f3gica. \u00bfTienes curiosidad por nuestros productos? Llame al \u260e 015-2002116.\",\"breadcrumb\":{\"@id\":\"https:\\\/\\\/www.be-cool.nl\\\/es\\\/enfriador-de-aire-con-agua-enfriamiento-estable\\\/#breadcrumb\"},\"inLanguage\":\"es\",\"potentialAction\":[{\"@type\":\"ReadAction\",\"target\":[\"https:\\\/\\\/www.be-cool.nl\\\/es\\\/enfriador-de-aire-con-agua-enfriamiento-estable\\\/\"]}]},{\"@type\":\"BreadcrumbList\",\"@id\":\"https:\\\/\\\/www.be-cool.nl\\\/es\\\/enfriador-de-aire-con-agua-enfriamiento-estable\\\/#breadcrumb\",\"itemListElement\":[{\"@type\":\"ListItem\",\"position\":1,\"name\":\"Home\",\"item\":\"https:\\\/\\\/www.be-cool.nl\\\/es\\\/\"},{\"@type\":\"ListItem\",\"position\":2,\"name\":\"Enfriador de aire con agua \\\/ enfriamiento estable\"}]},{\"@type\":\"WebSite\",\"@id\":\"https:\\\/\\\/www.be-cool.nl\\\/es\\\/#website\",\"url\":\"https:\\\/\\\/www.be-cool.nl\\\/es\\\/\",\"name\":\"Be-Cool\",\"description\":\"\",\"publisher\":{\"@id\":\"https:\\\/\\\/www.be-cool.nl\\\/es\\\/#organization\"},\"potentialAction\":[{\"@type\":\"SearchAction\",\"target\":{\"@type\":\"EntryPoint\",\"urlTemplate\":\"https:\\\/\\\/www.be-cool.nl\\\/es\\\/?s={search_term_string}\"},\"query-input\":{\"@type\":\"PropertyValueSpecification\",\"valueRequired\":true,\"valueName\":\"search_term_string\"}}],\"inLanguage\":\"es\"},{\"@type\":\"Organization\",\"@id\":\"https:\\\/\\\/www.be-cool.nl\\\/es\\\/#organization\",\"name\":\"Be-Cool\",\"url\":\"https:\\\/\\\/www.be-cool.nl\\\/es\\\/\",\"logo\":{\"@type\":\"ImageObject\",\"inLanguage\":\"es\",\"@id\":\"https:\\\/\\\/www.be-cool.nl\\\/es\\\/#\\\/schema\\\/logo\\\/image\\\/\",\"url\":\"https:\\\/\\\/www.be-cool.nl\\\/wp-content\\\/uploads\\\/Be-cool_Logo.png\",\"contentUrl\":\"https:\\\/\\\/www.be-cool.nl\\\/wp-content\\\/uploads\\\/Be-cool_Logo.png\",\"width\":426,\"height\":142,\"caption\":\"Be-Cool\"},\"image\":{\"@id\":\"https:\\\/\\\/www.be-cool.nl\\\/es\\\/#\\\/schema\\\/logo\\\/image\\\/\"}}]}<\/script>\n<!-- \/ Yoast SEO plugin. -->","yoast_head_json":{"title":"Enfriador de aire con agua \/ enfriamiento estable - Be-Cool","description":"\u00bfEst\u00e1 buscando un enfriamiento estable que pueda enfriar su espacio o estable de la manera correcta? En Be-Cool encontrar\u00e1 el enfriador de aire con agua que desea. Nuestro enfriamiento estable enfr\u00eda su espacio de una manera econ\u00f3mica y ecol\u00f3gica. \u00bfTienes curiosidad por nuestros productos? Llame al \u260e 015-2002116.","robots":{"index":"index","follow":"follow","max-snippet":"max-snippet:-1","max-image-preview":"max-image-preview:large","max-video-preview":"max-video-preview:-1"},"canonical":"https:\/\/www.be-cool.nl\/es\/enfriador-de-aire-con-agua-enfriamiento-estable\/","og_locale":"es_ES","og_type":"article","og_title":"Enfriador de aire con agua \/ enfriamiento estable - Be-Cool","og_description":"\u00bfEst\u00e1 buscando un enfriamiento estable que pueda enfriar su espacio o estable de la manera correcta? En Be-Cool encontrar\u00e1 el enfriador de aire con agua que desea. Nuestro enfriamiento estable enfr\u00eda su espacio de una manera econ\u00f3mica y ecol\u00f3gica. \u00bfTienes curiosidad por nuestros productos? Llame al \u260e 015-2002116.","og_url":"https:\/\/www.be-cool.nl\/es\/enfriador-de-aire-con-agua-enfriamiento-estable\/","og_site_name":"Be-Cool","article_modified_time":"2022-03-03T09:28:42+00:00","twitter_card":"summary_large_image","twitter_misc":{"Tiempo de lectura":"2 minutos"},"schema":{"@context":"https:\/\/schema.org","@graph":[{"@type":"WebPage","@id":"https:\/\/www.be-cool.nl\/es\/enfriador-de-aire-con-agua-enfriamiento-estable\/","url":"https:\/\/www.be-cool.nl\/es\/enfriador-de-aire-con-agua-enfriamiento-estable\/","name":"Enfriador de aire con agua \/ enfriamiento estable - Be-Cool","isPartOf":{"@id":"https:\/\/www.be-cool.nl\/es\/#website"},"datePublished":"2022-02-21T10:35:43+00:00","dateModified":"2022-03-03T09:28:42+00:00","description":"\u00bfEst\u00e1 buscando un enfriamiento estable que pueda enfriar su espacio o estable de la manera correcta? En Be-Cool encontrar\u00e1 el enfriador de aire con agua que desea. Nuestro enfriamiento estable enfr\u00eda su espacio de una manera econ\u00f3mica y ecol\u00f3gica. \u00bfTienes curiosidad por nuestros productos? Llame al \u260e 015-2002116.","breadcrumb":{"@id":"https:\/\/www.be-cool.nl\/es\/enfriador-de-aire-con-agua-enfriamiento-estable\/#breadcrumb"},"inLanguage":"es","potentialAction":[{"@type":"ReadAction","target":["https:\/\/www.be-cool.nl\/es\/enfriador-de-aire-con-agua-enfriamiento-estable\/"]}]},{"@type":"BreadcrumbList","@id":"https:\/\/www.be-cool.nl\/es\/enfriador-de-aire-con-agua-enfriamiento-estable\/#breadcrumb","itemListElement":[{"@type":"ListItem","position":1,"name":"Home","item":"https:\/\/www.be-cool.nl\/es\/"},{"@type":"ListItem","position":2,"name":"Enfriador de aire con agua \/ enfriamiento estable"}]},{"@type":"WebSite","@id":"https:\/\/www.be-cool.nl\/es\/#website","url":"https:\/\/www.be-cool.nl\/es\/","name":"Be-Cool","description":"","publisher":{"@id":"https:\/\/www.be-cool.nl\/es\/#organization"},"potentialAction":[{"@type":"SearchAction","target":{"@type":"EntryPoint","urlTemplate":"https:\/\/www.be-cool.nl\/es\/?s={search_term_string}"},"query-input":{"@type":"PropertyValueSpecification","valueRequired":true,"valueName":"search_term_string"}}],"inLanguage":"es"},{"@type":"Organization","@id":"https:\/\/www.be-cool.nl\/es\/#organization","name":"Be-Cool","url":"https:\/\/www.be-cool.nl\/es\/","logo":{"@type":"ImageObject","inLanguage":"es","@id":"https:\/\/www.be-cool.nl\/es\/#\/schema\/logo\/image\/","url":"https:\/\/www.be-cool.nl\/wp-content\/uploads\/Be-cool_Logo.png","contentUrl":"https:\/\/www.be-cool.nl\/wp-content\/uploads\/Be-cool_Logo.png","width":426,"height":142,"caption":"Be-Cool"},"image":{"@id":"https:\/\/www.be-cool.nl\/es\/#\/schema\/logo\/image\/"}}]}},"_links":{"self":[{"href":"https:\/\/www.be-cool.nl\/es\/wp-json\/wp\/v2\/pages\/945","targetHints":{"allow":["GET"]}}],"collection":[{"href":"https:\/\/www.be-cool.nl\/es\/wp-json\/wp\/v2\/pages"}],"about":[{"href":"https:\/\/www.be-cool.nl\/es\/wp-json\/wp\/v2\/types\/page"}],"author":[{"embeddable":true,"href":"https:\/\/www.be-cool.nl\/es\/wp-json\/wp\/v2\/users\/1"}],"replies":[{"embeddable":true,"href":"https:\/\/www.be-cool.nl\/es\/wp-json\/wp\/v2\/comments?post=945"}],"version-history":[{"count":1,"href":"https:\/\/www.be-cool.nl\/es\/wp-json\/wp\/v2\/pages\/945\/revisions"}],"predecessor-version":[{"id":946,"href":"https:\/\/www.be-cool.nl\/es\/wp-json\/wp\/v2\/pages\/945\/revisions\/946"}],"wp:attachment":[{"href":"https:\/\/www.be-cool.nl\/es\/wp-json\/wp\/v2\/media?parent=945"}],"curies":[{"name":"wp","href":"https:\/\/api.w.org\/{rel}","templated":true}]}}