{"id":955,"date":"2022-02-21T11:36:18","date_gmt":"2022-02-21T10:36:18","guid":{"rendered":"https:\/\/www.be-cool.nl\/?page_id=955"},"modified":"2022-03-03T10:41:46","modified_gmt":"2022-03-03T09:41:46","slug":"refrigeracion-movil-por-evaporacion-del-agua","status":"publish","type":"page","link":"https:\/\/www.be-cool.nl\/es\/refrigeracion-movil-por-evaporacion-del-agua\/","title":{"rendered":"Refrigeraci\u00f3n m\u00f3vil por evaporaci\u00f3n del agua"},"content":{"rendered":"<div class=\"wpb-content-wrapper\"><p>[vc_row][vc_column][vc_column_text]<\/p>\n<h1>Refrigeraci\u00f3n m\u00f3vil por evaporaci\u00f3n del agua<\/h1>\n<p>Debido a la movilidad y el principio de \u00abplug-and-play\u00bb (s\u00f3lo para conectarse al agua y la electricidad) no tiene manguera de drenaje y costos de instalaci\u00f3n con nuestros enfriadores de aire m\u00f3viles de Be-cool y se puede utilizar en los lugares donde la refrigeraci\u00f3n es m\u00e1s deseada y necesaria. Muchas empresas (internacionales) incluyen f\u00e1bricas, industria automotriz, ganaderos, hangares de shed, etc. Los enfriadores m\u00f3viles de evaporaci\u00f3n ya se est\u00e1n desplegando con \u00e9xito.<\/p>\n<p>Debido a la refrigeraci\u00f3n basada en la evaporaci\u00f3n, estas unidades son ideales para enfriar grandes espacios abiertos una soluci\u00f3n donde las refrigeraciones antes puramente ineficaces y costosas ahora pueden llenarse econ\u00f3micamente. Con nuestros enfriadores portacool, somos el l\u00edder mundial en enfriadores de aire m\u00f3viles de evaporaci\u00f3n, ofreciendo la soluci\u00f3n ideal para la refrigeraci\u00f3n ecol\u00f3gica, eficaz y econ\u00f3mica. por lo tanto, la EIA (deducci\u00f3n de inversi\u00f3n energ\u00e9tica) tambi\u00e9n ha incluido nuestro producto desde carreteras hasta refrigeraci\u00f3n energ\u00e9ticamente eficiente.<\/p>\n<p>nuestros ventiladores m\u00f3viles enfriadores de aire de evaporaci\u00f3n est\u00e1n disponibles en toda Europa en 220V y con la etiqueta CE todos los enfriadores de aire de evaporaci\u00f3n son \u00abMade in USA\u00bb<\/p>\n<p>Adem\u00e1s del uso para la refrigeraci\u00f3n de carpas y eventos (al aire libre), los refrigeradores adiab\u00e1ticos m\u00f3viles tambi\u00e9n se utilizan con frecuencia en lotes, garajes de autom\u00f3viles, salas de f\u00e1brica, hangares, ganaderos y gimnasios. La empleabilidad de las unidades m\u00f3viles de refrigeraci\u00f3n es diversa, todos los lugares donde hay suficiente ventilaci\u00f3n disponible (por ejemplo, abriendo puertas y ventanas)<br \/>\nes mucho m\u00e1s barato que el sistema de aire acondicionado tradicional (debido al bajo consumo de energ\u00eda).<\/p>\n<p><b>Los beneficios de nuestros ventiladores m\u00f3viles enfriadores de aire.<\/b><\/p>\n<p>-sin sustancias nocivas. (as\u00ed que no hay impacto ambiental)<\/p>\n<p>-trae una temperatura r\u00e1pida y agradable a su habitaci\u00f3n en pocos minutos.<\/p>\n<p>ventanas y puertas pueden permanecer abiertas<\/p>\n<p>-bajo mantenimiento<\/p>\n<p>-sin costes de instalaci\u00f3n para usar inmediatamente despu\u00e9s de enchufar el enchufe (220v) y llenar el dep\u00f3sito de agua.<\/p>\n<p>productividad seguir\u00e1 siendo mayor debido a la agradable temperatura.<\/p>\n<p>-refrigeraci\u00f3n por evaporaci\u00f3n (sin nebulizaci\u00f3n)<\/p>\n<p>para obtener m\u00e1s informaci\u00f3n sobre nuestros enfriadores de aire adiab\u00e1ticos m\u00f3viles.<\/p>\n<p>y m\u00e1s preguntas, puede ponerse en contacto con nosotros sin compromiso<\/p>\n<p><a href=\"mailto:info@be-cool.nl\">info@be-cool.nl<\/a><br \/>\ntel\u00e9fono:.0620033857[\/vc_column_text][\/vc_column][\/vc_row]<\/p>\n<\/div>","protected":false},"excerpt":{"rendered":"<p>[vc_row][vc_column][vc_column_text] Refrigeraci\u00f3n m\u00f3vil por evaporaci\u00f3n del agua Debido a la movilidad y el principio de \u00abplug-and-play\u00bb (s\u00f3lo para conectarse al agua y la electricidad) no<a class=\"moretag\" href=\"https:\/\/www.be-cool.nl\/es\/refrigeracion-movil-por-evaporacion-del-agua\/\">&#8230;<\/a><\/p>\n","protected":false},"author":1,"featured_media":0,"parent":0,"menu_order":0,"comment_status":"closed","ping_status":"closed","template":"","meta":{"_glsr_average":0,"_glsr_ranking":0,"_glsr_reviews":0,"footnotes":""},"class_list":["post-955","page","type-page","status-publish","hentry"],"yoast_head":"<!-- This site is optimized with the Yoast SEO plugin v27.5 - https:\/\/yoast.com\/product\/yoast-seo-wordpress\/ -->\n<title>Refrigeraci\u00f3n m\u00f3vil por evaporaci\u00f3n del agua - Be-Cool<\/title>\n<meta name=\"robots\" content=\"index, follow, max-snippet:-1, max-image-preview:large, max-video-preview:-1\" \/>\n<link rel=\"canonical\" href=\"https:\/\/www.be-cool.nl\/es\/refrigeracion-movil-por-evaporacion-del-agua\/\" \/>\n<meta property=\"og:locale\" content=\"es_ES\" \/>\n<meta property=\"og:type\" content=\"article\" \/>\n<meta property=\"og:title\" content=\"Refrigeraci\u00f3n m\u00f3vil por evaporaci\u00f3n del agua - Be-Cool\" \/>\n<meta property=\"og:description\" content=\"[vc_row][vc_column][vc_column_text] Refrigeraci\u00f3n m\u00f3vil por evaporaci\u00f3n del agua Debido a la movilidad y el principio de \u00abplug-and-play\u00bb (s\u00f3lo para conectarse al agua y la electricidad) no...\" \/>\n<meta property=\"og:url\" content=\"https:\/\/www.be-cool.nl\/es\/refrigeracion-movil-por-evaporacion-del-agua\/\" \/>\n<meta property=\"og:site_name\" content=\"Be-Cool\" \/>\n<meta property=\"article:modified_time\" content=\"2022-03-03T09:41:46+00:00\" \/>\n<meta name=\"twitter:card\" content=\"summary_large_image\" \/>\n<meta name=\"twitter:label1\" content=\"Tiempo de lectura\" \/>\n\t<meta name=\"twitter:data1\" content=\"2 minutos\" \/>\n<script type=\"application\/ld+json\" class=\"yoast-schema-graph\">{\"@context\":\"https:\\\/\\\/schema.org\",\"@graph\":[{\"@type\":\"WebPage\",\"@id\":\"https:\\\/\\\/www.be-cool.nl\\\/es\\\/refrigeracion-movil-por-evaporacion-del-agua\\\/\",\"url\":\"https:\\\/\\\/www.be-cool.nl\\\/es\\\/refrigeracion-movil-por-evaporacion-del-agua\\\/\",\"name\":\"Refrigeraci\u00f3n m\u00f3vil por evaporaci\u00f3n del agua - Be-Cool\",\"isPartOf\":{\"@id\":\"https:\\\/\\\/www.be-cool.nl\\\/es\\\/#website\"},\"datePublished\":\"2022-02-21T10:36:18+00:00\",\"dateModified\":\"2022-03-03T09:41:46+00:00\",\"breadcrumb\":{\"@id\":\"https:\\\/\\\/www.be-cool.nl\\\/es\\\/refrigeracion-movil-por-evaporacion-del-agua\\\/#breadcrumb\"},\"inLanguage\":\"es\",\"potentialAction\":[{\"@type\":\"ReadAction\",\"target\":[\"https:\\\/\\\/www.be-cool.nl\\\/es\\\/refrigeracion-movil-por-evaporacion-del-agua\\\/\"]}]},{\"@type\":\"BreadcrumbList\",\"@id\":\"https:\\\/\\\/www.be-cool.nl\\\/es\\\/refrigeracion-movil-por-evaporacion-del-agua\\\/#breadcrumb\",\"itemListElement\":[{\"@type\":\"ListItem\",\"position\":1,\"name\":\"Home\",\"item\":\"https:\\\/\\\/www.be-cool.nl\\\/es\\\/\"},{\"@type\":\"ListItem\",\"position\":2,\"name\":\"Refrigeraci\u00f3n m\u00f3vil por evaporaci\u00f3n del agua\"}]},{\"@type\":\"WebSite\",\"@id\":\"https:\\\/\\\/www.be-cool.nl\\\/es\\\/#website\",\"url\":\"https:\\\/\\\/www.be-cool.nl\\\/es\\\/\",\"name\":\"Be-Cool\",\"description\":\"\",\"publisher\":{\"@id\":\"https:\\\/\\\/www.be-cool.nl\\\/es\\\/#organization\"},\"potentialAction\":[{\"@type\":\"SearchAction\",\"target\":{\"@type\":\"EntryPoint\",\"urlTemplate\":\"https:\\\/\\\/www.be-cool.nl\\\/es\\\/?s={search_term_string}\"},\"query-input\":{\"@type\":\"PropertyValueSpecification\",\"valueRequired\":true,\"valueName\":\"search_term_string\"}}],\"inLanguage\":\"es\"},{\"@type\":\"Organization\",\"@id\":\"https:\\\/\\\/www.be-cool.nl\\\/es\\\/#organization\",\"name\":\"Be-Cool\",\"url\":\"https:\\\/\\\/www.be-cool.nl\\\/es\\\/\",\"logo\":{\"@type\":\"ImageObject\",\"inLanguage\":\"es\",\"@id\":\"https:\\\/\\\/www.be-cool.nl\\\/es\\\/#\\\/schema\\\/logo\\\/image\\\/\",\"url\":\"https:\\\/\\\/www.be-cool.nl\\\/wp-content\\\/uploads\\\/Be-cool_Logo.png\",\"contentUrl\":\"https:\\\/\\\/www.be-cool.nl\\\/wp-content\\\/uploads\\\/Be-cool_Logo.png\",\"width\":426,\"height\":142,\"caption\":\"Be-Cool\"},\"image\":{\"@id\":\"https:\\\/\\\/www.be-cool.nl\\\/es\\\/#\\\/schema\\\/logo\\\/image\\\/\"}}]}<\/script>\n<!-- \/ Yoast SEO plugin. -->","yoast_head_json":{"title":"Refrigeraci\u00f3n m\u00f3vil por evaporaci\u00f3n del agua - Be-Cool","robots":{"index":"index","follow":"follow","max-snippet":"max-snippet:-1","max-image-preview":"max-image-preview:large","max-video-preview":"max-video-preview:-1"},"canonical":"https:\/\/www.be-cool.nl\/es\/refrigeracion-movil-por-evaporacion-del-agua\/","og_locale":"es_ES","og_type":"article","og_title":"Refrigeraci\u00f3n m\u00f3vil por evaporaci\u00f3n del agua - Be-Cool","og_description":"[vc_row][vc_column][vc_column_text] Refrigeraci\u00f3n m\u00f3vil por evaporaci\u00f3n del agua Debido a la movilidad y el principio de \u00abplug-and-play\u00bb (s\u00f3lo para conectarse al agua y la electricidad) no...","og_url":"https:\/\/www.be-cool.nl\/es\/refrigeracion-movil-por-evaporacion-del-agua\/","og_site_name":"Be-Cool","article_modified_time":"2022-03-03T09:41:46+00:00","twitter_card":"summary_large_image","twitter_misc":{"Tiempo de lectura":"2 minutos"},"schema":{"@context":"https:\/\/schema.org","@graph":[{"@type":"WebPage","@id":"https:\/\/www.be-cool.nl\/es\/refrigeracion-movil-por-evaporacion-del-agua\/","url":"https:\/\/www.be-cool.nl\/es\/refrigeracion-movil-por-evaporacion-del-agua\/","name":"Refrigeraci\u00f3n m\u00f3vil por evaporaci\u00f3n del agua - Be-Cool","isPartOf":{"@id":"https:\/\/www.be-cool.nl\/es\/#website"},"datePublished":"2022-02-21T10:36:18+00:00","dateModified":"2022-03-03T09:41:46+00:00","breadcrumb":{"@id":"https:\/\/www.be-cool.nl\/es\/refrigeracion-movil-por-evaporacion-del-agua\/#breadcrumb"},"inLanguage":"es","potentialAction":[{"@type":"ReadAction","target":["https:\/\/www.be-cool.nl\/es\/refrigeracion-movil-por-evaporacion-del-agua\/"]}]},{"@type":"BreadcrumbList","@id":"https:\/\/www.be-cool.nl\/es\/refrigeracion-movil-por-evaporacion-del-agua\/#breadcrumb","itemListElement":[{"@type":"ListItem","position":1,"name":"Home","item":"https:\/\/www.be-cool.nl\/es\/"},{"@type":"ListItem","position":2,"name":"Refrigeraci\u00f3n m\u00f3vil por evaporaci\u00f3n del agua"}]},{"@type":"WebSite","@id":"https:\/\/www.be-cool.nl\/es\/#website","url":"https:\/\/www.be-cool.nl\/es\/","name":"Be-Cool","description":"","publisher":{"@id":"https:\/\/www.be-cool.nl\/es\/#organization"},"potentialAction":[{"@type":"SearchAction","target":{"@type":"EntryPoint","urlTemplate":"https:\/\/www.be-cool.nl\/es\/?s={search_term_string}"},"query-input":{"@type":"PropertyValueSpecification","valueRequired":true,"valueName":"search_term_string"}}],"inLanguage":"es"},{"@type":"Organization","@id":"https:\/\/www.be-cool.nl\/es\/#organization","name":"Be-Cool","url":"https:\/\/www.be-cool.nl\/es\/","logo":{"@type":"ImageObject","inLanguage":"es","@id":"https:\/\/www.be-cool.nl\/es\/#\/schema\/logo\/image\/","url":"https:\/\/www.be-cool.nl\/wp-content\/uploads\/Be-cool_Logo.png","contentUrl":"https:\/\/www.be-cool.nl\/wp-content\/uploads\/Be-cool_Logo.png","width":426,"height":142,"caption":"Be-Cool"},"image":{"@id":"https:\/\/www.be-cool.nl\/es\/#\/schema\/logo\/image\/"}}]}},"_links":{"self":[{"href":"https:\/\/www.be-cool.nl\/es\/wp-json\/wp\/v2\/pages\/955","targetHints":{"allow":["GET"]}}],"collection":[{"href":"https:\/\/www.be-cool.nl\/es\/wp-json\/wp\/v2\/pages"}],"about":[{"href":"https:\/\/www.be-cool.nl\/es\/wp-json\/wp\/v2\/types\/page"}],"author":[{"embeddable":true,"href":"https:\/\/www.be-cool.nl\/es\/wp-json\/wp\/v2\/users\/1"}],"replies":[{"embeddable":true,"href":"https:\/\/www.be-cool.nl\/es\/wp-json\/wp\/v2\/comments?post=955"}],"version-history":[{"count":1,"href":"https:\/\/www.be-cool.nl\/es\/wp-json\/wp\/v2\/pages\/955\/revisions"}],"predecessor-version":[{"id":956,"href":"https:\/\/www.be-cool.nl\/es\/wp-json\/wp\/v2\/pages\/955\/revisions\/956"}],"wp:attachment":[{"href":"https:\/\/www.be-cool.nl\/es\/wp-json\/wp\/v2\/media?parent=955"}],"curies":[{"name":"wp","href":"https:\/\/api.w.org\/{rel}","templated":true}]}}