{"id":975,"date":"2022-02-21T11:37:30","date_gmt":"2022-02-21T10:37:30","guid":{"rendered":"https:\/\/www.be-cool.nl\/?page_id=975"},"modified":"2022-03-03T10:51:40","modified_gmt":"2022-03-03T09:51:40","slug":"enfriador-de-aire-adiabatico-movil","status":"publish","type":"page","link":"https:\/\/www.be-cool.nl\/es\/enfriador-de-aire-adiabatico-movil\/","title":{"rendered":"Enfriador de aire adiab\u00e1tico m\u00f3vil"},"content":{"rendered":"<h2>El enfriador de aire adiab\u00e1tico m\u00f3vil en Be-Cool<\/h2>\n<p>\u00bfLe gustar\u00eda un enfriador de aire adiab\u00e1tico m\u00f3vil para sus instalaciones? En Be-Cool has llegado al lugar correcto. Vendemos un enfriamiento adecuado para cada situaci\u00f3n. Se puede pensar en un enfriador de aire adiab\u00e1tico, enfriador evaporativo y enfriador de terraza. Usted puede venir a nosotros para refrigeradores de excelente calidad y el mejor servicio. \u00bfNecesita m\u00e1s informaci\u00f3n sobre los refrigeradores adiab\u00e1ticos? A continuaci\u00f3n, siga leyendo o ac\u00e9rquese a nosotros directamente para comprar una nueva refrigeraci\u00f3n.<\/p>\n<h3>Los beneficios de los enfriadores de aire adiab\u00e1ticos<\/h3>\n<p>Vendemos enfriadores de aire adiab\u00e1ticos de la marca Portacool. Los enfriadores adiab\u00e1ticos utilizan un sistema especial de enfriamiento evaporativo. Pero, \u00bfqu\u00e9 es exactamente el enfriamiento evaporativo? Moja el dedo en un cubo de agua y luego sopla a lo largo del dedo. La evaporaci\u00f3n del agua te har\u00e1 sentir fresco. Esto tambi\u00e9n se llama enfriamiento adiab\u00e1tico. El sistema ofrece la posibilidad de enfriar grandes espacios abiertos de una manera ecol\u00f3gica y econ\u00f3mica. Nuestros enfriadores de bajo consumo hacen que enfriar grandes espacios sea mucho m\u00e1s barato.  <\/p>\n<h3>\u00bfC\u00f3mo funciona la refrigeraci\u00f3n m\u00f3vil Portacool?<\/h3>\n<p>Un enfriador de aire Portacool act\u00faa como un enfriamiento independiente en el que el calor se extrae del aire por evaporaci\u00f3n de agua. Las almohadillas patentadas son uno de los componentes m\u00e1s importantes de las unidades adiab\u00e1ticas Portacool. Estas almohadillas est\u00e1n hechas de papel comprimido. Por medio de una bomba de agua, el agua se bombea desde el tanque de agua. El agua se alimenta a trav\u00e9s de los canales en las almohadillas, por lo que se mantienen mojados en todas partes. A continuaci\u00f3n, el aire caliente se aspira a trav\u00e9s de las almohadillas. Como resultado, el agua se evapora y el aire se enfr\u00eda. Este aire se sopla de una manera poderosa. Las almohadillas de la K-l aseguran que el aire caliente se enfr\u00ede en un 20% extra. Una ventaja adicional es que debido a la ingeniosa estructura y el m\u00e9todo de colocaci\u00f3n de las almohadillas de Kol, los contaminantes se filtran fuera del aire que fluye. Tambi\u00e9n proporciona aire m\u00e1s limpio.<\/p>\n<h3>Los beneficios de un Portacool<\/h3>\n<p>Nos gustar\u00eda enumerar los beneficios de un Portacool para usted:<\/p>\n<ul>\n<li>F\u00e1cil de mover<\/li>\n<li>Bajo costo<\/li>\n<li>Respetuoso<\/li>\n<li>Sin costes de instalaci\u00f3n<\/li>\n<li>Suministro de agua a trav\u00e9s de una manguera de jard\u00edn o llenado<\/li>\n<li>Facilidad de uso sin preocupaciones y pr\u00e1cticamente sin mantenimiento<\/li>\n<li>Carcasa duradera de polietileno fundido fuera de uno<\/li>\n<li>Ideal para enfriar lugares de trabajo de polvo de gran espacio<\/li>\n<\/ul>\n<h3>Para obtener m\u00e1s informaci\u00f3n, por favor<\/h3>\n<p>\u00bfTienes curiosidad por un nuevo enfriador de aire? A continuaci\u00f3n, p\u00f3ngase en contacto con nosotros a trav\u00e9s <a href=\"tel:0152002116\">de 015-2002116<\/a> o env\u00ede un correo electr\u00f3nico <a href=mailto:info@be-cool.nl> <\/a> info@be-cool.nl. Tambi\u00e9n puede dejar un mensaje a trav\u00e9s de nuestro formulario de contacto en l\u00ednea. Estamos encantados de estar all\u00ed para usted cuando usted quiere comprar un enfriador adiab\u00e1tico m\u00f3vil.<\/p>\n","protected":false},"excerpt":{"rendered":"<p>El enfriador de aire adiab\u00e1tico m\u00f3vil en Be-Cool \u00bfLe gustar\u00eda un enfriador de aire adiab\u00e1tico m\u00f3vil para sus instalaciones? En Be-Cool has llegado al lugar<a class=\"moretag\" href=\"https:\/\/www.be-cool.nl\/es\/enfriador-de-aire-adiabatico-movil\/\">&#8230;<\/a><\/p>\n","protected":false},"author":1,"featured_media":0,"parent":0,"menu_order":0,"comment_status":"closed","ping_status":"closed","template":"","meta":{"_glsr_average":0,"_glsr_ranking":0,"_glsr_reviews":0,"footnotes":""},"class_list":["post-975","page","type-page","status-publish","hentry"],"yoast_head":"<!-- This site is optimized with the Yoast SEO plugin v27.5 - https:\/\/yoast.com\/product\/yoast-seo-wordpress\/ -->\n<title>Enfriador de aire adiab\u00e1tico m\u00f3vil - Be-Cool<\/title>\n<meta name=\"description\" content=\"\u00bfLe gustar\u00eda un enfriador de aire adiab\u00e1tico m\u00f3vil para sus instalaciones? P\u00f3ngase en contacto con Be-Cool. Vendemos enfriadores de aire adiab\u00e1ticos de alta calidad. Tambi\u00e9n puede contar con el mejor servicio con nosotros. Para m\u00e1s informaci\u00f3n ll\u00e1menos por tel\u00e9fono 015-2002116.\" \/>\n<meta name=\"robots\" content=\"index, follow, max-snippet:-1, max-image-preview:large, max-video-preview:-1\" \/>\n<link rel=\"canonical\" href=\"https:\/\/www.be-cool.nl\/es\/enfriador-de-aire-adiabatico-movil\/\" \/>\n<meta property=\"og:locale\" content=\"es_ES\" \/>\n<meta property=\"og:type\" content=\"article\" \/>\n<meta property=\"og:title\" content=\"Enfriador de aire adiab\u00e1tico m\u00f3vil - Be-Cool\" \/>\n<meta property=\"og:description\" content=\"\u00bfLe gustar\u00eda un enfriador de aire adiab\u00e1tico m\u00f3vil para sus instalaciones? P\u00f3ngase en contacto con Be-Cool. Vendemos enfriadores de aire adiab\u00e1ticos de alta calidad. Tambi\u00e9n puede contar con el mejor servicio con nosotros. Para m\u00e1s informaci\u00f3n ll\u00e1menos por tel\u00e9fono 015-2002116.\" \/>\n<meta property=\"og:url\" content=\"https:\/\/www.be-cool.nl\/es\/enfriador-de-aire-adiabatico-movil\/\" \/>\n<meta property=\"og:site_name\" content=\"Be-Cool\" \/>\n<meta property=\"article:modified_time\" content=\"2022-03-03T09:51:40+00:00\" \/>\n<meta name=\"twitter:card\" content=\"summary_large_image\" \/>\n<meta name=\"twitter:label1\" content=\"Tiempo de lectura\" \/>\n\t<meta name=\"twitter:data1\" content=\"3 minutos\" \/>\n<script type=\"application\/ld+json\" class=\"yoast-schema-graph\">{\"@context\":\"https:\\\/\\\/schema.org\",\"@graph\":[{\"@type\":\"WebPage\",\"@id\":\"https:\\\/\\\/www.be-cool.nl\\\/es\\\/enfriador-de-aire-adiabatico-movil\\\/\",\"url\":\"https:\\\/\\\/www.be-cool.nl\\\/es\\\/enfriador-de-aire-adiabatico-movil\\\/\",\"name\":\"Enfriador de aire adiab\u00e1tico m\u00f3vil - Be-Cool\",\"isPartOf\":{\"@id\":\"https:\\\/\\\/www.be-cool.nl\\\/es\\\/#website\"},\"datePublished\":\"2022-02-21T10:37:30+00:00\",\"dateModified\":\"2022-03-03T09:51:40+00:00\",\"description\":\"\u00bfLe gustar\u00eda un enfriador de aire adiab\u00e1tico m\u00f3vil para sus instalaciones? P\u00f3ngase en contacto con Be-Cool. Vendemos enfriadores de aire adiab\u00e1ticos de alta calidad. Tambi\u00e9n puede contar con el mejor servicio con nosotros. Para m\u00e1s informaci\u00f3n ll\u00e1menos por tel\u00e9fono 015-2002116.\",\"breadcrumb\":{\"@id\":\"https:\\\/\\\/www.be-cool.nl\\\/es\\\/enfriador-de-aire-adiabatico-movil\\\/#breadcrumb\"},\"inLanguage\":\"es\",\"potentialAction\":[{\"@type\":\"ReadAction\",\"target\":[\"https:\\\/\\\/www.be-cool.nl\\\/es\\\/enfriador-de-aire-adiabatico-movil\\\/\"]}]},{\"@type\":\"BreadcrumbList\",\"@id\":\"https:\\\/\\\/www.be-cool.nl\\\/es\\\/enfriador-de-aire-adiabatico-movil\\\/#breadcrumb\",\"itemListElement\":[{\"@type\":\"ListItem\",\"position\":1,\"name\":\"Home\",\"item\":\"https:\\\/\\\/www.be-cool.nl\\\/es\\\/\"},{\"@type\":\"ListItem\",\"position\":2,\"name\":\"Enfriador de aire adiab\u00e1tico m\u00f3vil\"}]},{\"@type\":\"WebSite\",\"@id\":\"https:\\\/\\\/www.be-cool.nl\\\/es\\\/#website\",\"url\":\"https:\\\/\\\/www.be-cool.nl\\\/es\\\/\",\"name\":\"Be-Cool\",\"description\":\"\",\"publisher\":{\"@id\":\"https:\\\/\\\/www.be-cool.nl\\\/es\\\/#organization\"},\"potentialAction\":[{\"@type\":\"SearchAction\",\"target\":{\"@type\":\"EntryPoint\",\"urlTemplate\":\"https:\\\/\\\/www.be-cool.nl\\\/es\\\/?s={search_term_string}\"},\"query-input\":{\"@type\":\"PropertyValueSpecification\",\"valueRequired\":true,\"valueName\":\"search_term_string\"}}],\"inLanguage\":\"es\"},{\"@type\":\"Organization\",\"@id\":\"https:\\\/\\\/www.be-cool.nl\\\/es\\\/#organization\",\"name\":\"Be-Cool\",\"url\":\"https:\\\/\\\/www.be-cool.nl\\\/es\\\/\",\"logo\":{\"@type\":\"ImageObject\",\"inLanguage\":\"es\",\"@id\":\"https:\\\/\\\/www.be-cool.nl\\\/es\\\/#\\\/schema\\\/logo\\\/image\\\/\",\"url\":\"https:\\\/\\\/www.be-cool.nl\\\/wp-content\\\/uploads\\\/Be-cool_Logo.png\",\"contentUrl\":\"https:\\\/\\\/www.be-cool.nl\\\/wp-content\\\/uploads\\\/Be-cool_Logo.png\",\"width\":426,\"height\":142,\"caption\":\"Be-Cool\"},\"image\":{\"@id\":\"https:\\\/\\\/www.be-cool.nl\\\/es\\\/#\\\/schema\\\/logo\\\/image\\\/\"}}]}<\/script>\n<!-- \/ Yoast SEO plugin. -->","yoast_head_json":{"title":"Enfriador de aire adiab\u00e1tico m\u00f3vil - Be-Cool","description":"\u00bfLe gustar\u00eda un enfriador de aire adiab\u00e1tico m\u00f3vil para sus instalaciones? P\u00f3ngase en contacto con Be-Cool. Vendemos enfriadores de aire adiab\u00e1ticos de alta calidad. Tambi\u00e9n puede contar con el mejor servicio con nosotros. Para m\u00e1s informaci\u00f3n ll\u00e1menos por tel\u00e9fono 015-2002116.","robots":{"index":"index","follow":"follow","max-snippet":"max-snippet:-1","max-image-preview":"max-image-preview:large","max-video-preview":"max-video-preview:-1"},"canonical":"https:\/\/www.be-cool.nl\/es\/enfriador-de-aire-adiabatico-movil\/","og_locale":"es_ES","og_type":"article","og_title":"Enfriador de aire adiab\u00e1tico m\u00f3vil - Be-Cool","og_description":"\u00bfLe gustar\u00eda un enfriador de aire adiab\u00e1tico m\u00f3vil para sus instalaciones? P\u00f3ngase en contacto con Be-Cool. Vendemos enfriadores de aire adiab\u00e1ticos de alta calidad. Tambi\u00e9n puede contar con el mejor servicio con nosotros. Para m\u00e1s informaci\u00f3n ll\u00e1menos por tel\u00e9fono 015-2002116.","og_url":"https:\/\/www.be-cool.nl\/es\/enfriador-de-aire-adiabatico-movil\/","og_site_name":"Be-Cool","article_modified_time":"2022-03-03T09:51:40+00:00","twitter_card":"summary_large_image","twitter_misc":{"Tiempo de lectura":"3 minutos"},"schema":{"@context":"https:\/\/schema.org","@graph":[{"@type":"WebPage","@id":"https:\/\/www.be-cool.nl\/es\/enfriador-de-aire-adiabatico-movil\/","url":"https:\/\/www.be-cool.nl\/es\/enfriador-de-aire-adiabatico-movil\/","name":"Enfriador de aire adiab\u00e1tico m\u00f3vil - Be-Cool","isPartOf":{"@id":"https:\/\/www.be-cool.nl\/es\/#website"},"datePublished":"2022-02-21T10:37:30+00:00","dateModified":"2022-03-03T09:51:40+00:00","description":"\u00bfLe gustar\u00eda un enfriador de aire adiab\u00e1tico m\u00f3vil para sus instalaciones? P\u00f3ngase en contacto con Be-Cool. Vendemos enfriadores de aire adiab\u00e1ticos de alta calidad. Tambi\u00e9n puede contar con el mejor servicio con nosotros. Para m\u00e1s informaci\u00f3n ll\u00e1menos por tel\u00e9fono 015-2002116.","breadcrumb":{"@id":"https:\/\/www.be-cool.nl\/es\/enfriador-de-aire-adiabatico-movil\/#breadcrumb"},"inLanguage":"es","potentialAction":[{"@type":"ReadAction","target":["https:\/\/www.be-cool.nl\/es\/enfriador-de-aire-adiabatico-movil\/"]}]},{"@type":"BreadcrumbList","@id":"https:\/\/www.be-cool.nl\/es\/enfriador-de-aire-adiabatico-movil\/#breadcrumb","itemListElement":[{"@type":"ListItem","position":1,"name":"Home","item":"https:\/\/www.be-cool.nl\/es\/"},{"@type":"ListItem","position":2,"name":"Enfriador de aire adiab\u00e1tico m\u00f3vil"}]},{"@type":"WebSite","@id":"https:\/\/www.be-cool.nl\/es\/#website","url":"https:\/\/www.be-cool.nl\/es\/","name":"Be-Cool","description":"","publisher":{"@id":"https:\/\/www.be-cool.nl\/es\/#organization"},"potentialAction":[{"@type":"SearchAction","target":{"@type":"EntryPoint","urlTemplate":"https:\/\/www.be-cool.nl\/es\/?s={search_term_string}"},"query-input":{"@type":"PropertyValueSpecification","valueRequired":true,"valueName":"search_term_string"}}],"inLanguage":"es"},{"@type":"Organization","@id":"https:\/\/www.be-cool.nl\/es\/#organization","name":"Be-Cool","url":"https:\/\/www.be-cool.nl\/es\/","logo":{"@type":"ImageObject","inLanguage":"es","@id":"https:\/\/www.be-cool.nl\/es\/#\/schema\/logo\/image\/","url":"https:\/\/www.be-cool.nl\/wp-content\/uploads\/Be-cool_Logo.png","contentUrl":"https:\/\/www.be-cool.nl\/wp-content\/uploads\/Be-cool_Logo.png","width":426,"height":142,"caption":"Be-Cool"},"image":{"@id":"https:\/\/www.be-cool.nl\/es\/#\/schema\/logo\/image\/"}}]}},"_links":{"self":[{"href":"https:\/\/www.be-cool.nl\/es\/wp-json\/wp\/v2\/pages\/975","targetHints":{"allow":["GET"]}}],"collection":[{"href":"https:\/\/www.be-cool.nl\/es\/wp-json\/wp\/v2\/pages"}],"about":[{"href":"https:\/\/www.be-cool.nl\/es\/wp-json\/wp\/v2\/types\/page"}],"author":[{"embeddable":true,"href":"https:\/\/www.be-cool.nl\/es\/wp-json\/wp\/v2\/users\/1"}],"replies":[{"embeddable":true,"href":"https:\/\/www.be-cool.nl\/es\/wp-json\/wp\/v2\/comments?post=975"}],"version-history":[{"count":1,"href":"https:\/\/www.be-cool.nl\/es\/wp-json\/wp\/v2\/pages\/975\/revisions"}],"predecessor-version":[{"id":976,"href":"https:\/\/www.be-cool.nl\/es\/wp-json\/wp\/v2\/pages\/975\/revisions\/976"}],"wp:attachment":[{"href":"https:\/\/www.be-cool.nl\/es\/wp-json\/wp\/v2\/media?parent=975"}],"curies":[{"name":"wp","href":"https:\/\/api.w.org\/{rel}","templated":true}]}}