{"id":985,"date":"2022-02-21T11:37:59","date_gmt":"2022-02-21T10:37:59","guid":{"rendered":"https:\/\/www.be-cool.nl\/?page_id=985"},"modified":"2022-03-03T10:58:26","modified_gmt":"2022-03-03T09:58:26","slug":"sistemas-de-refrigeracion-moviles","status":"publish","type":"page","link":"https:\/\/www.be-cool.nl\/es\/sistemas-de-refrigeracion-moviles\/","title":{"rendered":"Sistemas de refrigeraci\u00f3n m\u00f3viles"},"content":{"rendered":"<h2>Sistemas de refrigeraci\u00f3n m\u00f3vilEs Be-Cool<\/h2>\n<p>\u00bfDesea que los sistemas m\u00f3viles de refrigeraci\u00f3n por aire enfr\u00eden los espacios de sus instalaciones? Echa un vistazo a la amplia gama de sistemas de refrigeraci\u00f3n en Be-Cool. Los sistemas son de la marca Portacool y son conocidos por su excelente calidad. \u00bfNos compras un enfriador de aire? Entonces usted puede contar con un buen servicio. Si necesita ayuda para elegir el sistema adecuado, estaremos encantados de darle consejos a medida.  <\/p>\n<h3>Aproveche nuestros refrigeradores m\u00f3viles<\/h3>\n<p>Los sistemas de refrigeraci\u00f3n m\u00f3vil de Be-Cool est\u00e1n equipados con un sistema de refrigeraci\u00f3n evaporativa \u00fanico. Usted nota el efecto del enfriamiento evaporativo cuando sumerge el dedo en un vaso de agua y sopla m\u00e1s all\u00e1 de \u00e9l. Entonces sientes la frialdad causada por la evaporaci\u00f3n. Los grandes espacios se enfr\u00edan de una manera energ\u00e9ticamente eficiente con este sistema. Enfriar con estos enfriadores de aire es mucho m\u00e1s barato que con los refrigeradores regulares. El dispositivo no s\u00f3lo es bueno para la cartera, sino tambi\u00e9n mejor para el medio ambiente.  <\/p>\n<h3>\u00bfC\u00f3mo funcionan los sistemas Portacool m\u00f3viles?<\/h3>\n<p>\u00bfC\u00f3mo funcionan los sistemas de refrigeraci\u00f3n m\u00f3viles de Portacool? Los sistemas de enfriadores de aire m\u00f3viles utilizan las almohadillas patentadas de Kol para extraer calor del aire. Las almohadillas est\u00e1n hechas de papel especialmente comprimido y contienen peque\u00f1os canales. La bomba de agua en los sistemas m\u00f3viles bombea el agua a trav\u00e9s de los canales de las almohadillas. Las almohadillas se mantienen uniformemente h\u00famedas. A continuaci\u00f3n, el aire caliente se sopla a lo largo de las almohadillas. El agua de las almohadillas se evapora, creando el aire fr\u00edo. Por \u00faltimo, el aire fr\u00edo de su habitaci\u00f3n se sopla poderosamente. Gracias a la ayuda de las almohadillas de kol, el aire caliente se enfr\u00eda en un 20% adicional. Las almohadillas tambi\u00e9n son capaces de filtrar los contaminantes del aire. \u00bfQu\u00e9 enfriador de aire eliges? Ac\u00e9rquese a nosotros y le ayudaremos a elegir el refrigerador adecuado.  <\/p>\n<h3>Las caracter\u00edsticas de los sistemas de refrigeraci\u00f3n<\/h3>\n<p>\u00bfEliges nuestros sistemas m\u00f3viles de enfriador de aire? A continuaci\u00f3n, se beneficiar\u00e1 de las siguientes ventajas:<\/p>\n<ul>\n<li>Bajo costo<\/li>\n<li>Respetuoso<\/li>\n<li>Pr\u00e1cticamente sin mantenimiento<\/li>\n<li>Sin costes de instalaci\u00f3n<\/li>\n<li>F\u00e1cil de mover<\/li>\n<li>Suministro de agua a trav\u00e9s de una manguera de jard\u00edn o llenado<\/li>\n<li>Carcasa duradera de polietileno fundido<\/li>\n<li>Ideal para espacios de trabajo de alto espacio<\/li>\n<\/ul>\n<h3>Ac\u00e9rquese a nosotros para los sistemas de refrigeraci\u00f3n<\/h3>\n<p>\u00bfNecesita sistemas de refrigeraci\u00f3n m\u00f3viles? P\u00f3ngase en contacto con nosotros al <a href=\"tel:0152002116\">015-2002116<\/a>. Puede enviar un correo electr\u00f3nico a trav\u00e9s <a href=mailto:info@be-cool.nl> de info@be-cool.nl o dejar\u00e1 un mensaje en nuestro formulario de contacto en <\/a> l\u00ednea. Nos gustar\u00eda informarle m\u00e1s sobre nuestros sistemas de enfriador de aire m\u00f3vil.  <\/p>\n","protected":false},"excerpt":{"rendered":"<p>Sistemas de refrigeraci\u00f3n m\u00f3vilEs Be-Cool \u00bfDesea que los sistemas m\u00f3viles de refrigeraci\u00f3n por aire enfr\u00eden los espacios de sus instalaciones? Echa un vistazo a la<a class=\"moretag\" href=\"https:\/\/www.be-cool.nl\/es\/sistemas-de-refrigeracion-moviles\/\">&#8230;<\/a><\/p>\n","protected":false},"author":1,"featured_media":0,"parent":0,"menu_order":0,"comment_status":"closed","ping_status":"closed","template":"","meta":{"_glsr_average":0,"_glsr_ranking":0,"_glsr_reviews":0,"footnotes":""},"class_list":["post-985","page","type-page","status-publish","hentry"],"yoast_head":"<!-- This site is optimized with the Yoast SEO plugin v27.5 - https:\/\/yoast.com\/product\/yoast-seo-wordpress\/ -->\n<title>Sistemas de refrigeraci\u00f3n m\u00f3viles - Be-Cool<\/title>\n<meta name=\"description\" content=\"\u00bfDesea utilizar sistemas de enfriador de aire m\u00f3vil en su empresa o casa? Echa un vistazo a la amplia gama de Be-Cool. Con nosotros encontrar\u00e1 exactamente el enfriador de aire de bajo consumo que desea. \u00bfTambi\u00e9n quieres enfriar tu espacio de una manera energ\u00e9ticamente eficiente? Llame al \u260e 015-2002116.\" \/>\n<meta name=\"robots\" content=\"index, follow, max-snippet:-1, max-image-preview:large, max-video-preview:-1\" \/>\n<link rel=\"canonical\" href=\"https:\/\/www.be-cool.nl\/es\/sistemas-de-refrigeracion-moviles\/\" \/>\n<meta property=\"og:locale\" content=\"es_ES\" \/>\n<meta property=\"og:type\" content=\"article\" \/>\n<meta property=\"og:title\" content=\"Sistemas de refrigeraci\u00f3n m\u00f3viles - Be-Cool\" \/>\n<meta property=\"og:description\" content=\"\u00bfDesea utilizar sistemas de enfriador de aire m\u00f3vil en su empresa o casa? Echa un vistazo a la amplia gama de Be-Cool. Con nosotros encontrar\u00e1 exactamente el enfriador de aire de bajo consumo que desea. \u00bfTambi\u00e9n quieres enfriar tu espacio de una manera energ\u00e9ticamente eficiente? Llame al \u260e 015-2002116.\" \/>\n<meta property=\"og:url\" content=\"https:\/\/www.be-cool.nl\/es\/sistemas-de-refrigeracion-moviles\/\" \/>\n<meta property=\"og:site_name\" content=\"Be-Cool\" \/>\n<meta property=\"article:modified_time\" content=\"2022-03-03T09:58:26+00:00\" \/>\n<meta name=\"twitter:card\" content=\"summary_large_image\" \/>\n<meta name=\"twitter:label1\" content=\"Tiempo de lectura\" \/>\n\t<meta name=\"twitter:data1\" content=\"2 minutos\" \/>\n<script type=\"application\/ld+json\" class=\"yoast-schema-graph\">{\"@context\":\"https:\\\/\\\/schema.org\",\"@graph\":[{\"@type\":\"WebPage\",\"@id\":\"https:\\\/\\\/www.be-cool.nl\\\/es\\\/sistemas-de-refrigeracion-moviles\\\/\",\"url\":\"https:\\\/\\\/www.be-cool.nl\\\/es\\\/sistemas-de-refrigeracion-moviles\\\/\",\"name\":\"Sistemas de refrigeraci\u00f3n m\u00f3viles - Be-Cool\",\"isPartOf\":{\"@id\":\"https:\\\/\\\/www.be-cool.nl\\\/es\\\/#website\"},\"datePublished\":\"2022-02-21T10:37:59+00:00\",\"dateModified\":\"2022-03-03T09:58:26+00:00\",\"description\":\"\u00bfDesea utilizar sistemas de enfriador de aire m\u00f3vil en su empresa o casa? Echa un vistazo a la amplia gama de Be-Cool. Con nosotros encontrar\u00e1 exactamente el enfriador de aire de bajo consumo que desea. \u00bfTambi\u00e9n quieres enfriar tu espacio de una manera energ\u00e9ticamente eficiente? Llame al \u260e 015-2002116.\",\"breadcrumb\":{\"@id\":\"https:\\\/\\\/www.be-cool.nl\\\/es\\\/sistemas-de-refrigeracion-moviles\\\/#breadcrumb\"},\"inLanguage\":\"es\",\"potentialAction\":[{\"@type\":\"ReadAction\",\"target\":[\"https:\\\/\\\/www.be-cool.nl\\\/es\\\/sistemas-de-refrigeracion-moviles\\\/\"]}]},{\"@type\":\"BreadcrumbList\",\"@id\":\"https:\\\/\\\/www.be-cool.nl\\\/es\\\/sistemas-de-refrigeracion-moviles\\\/#breadcrumb\",\"itemListElement\":[{\"@type\":\"ListItem\",\"position\":1,\"name\":\"Home\",\"item\":\"https:\\\/\\\/www.be-cool.nl\\\/es\\\/\"},{\"@type\":\"ListItem\",\"position\":2,\"name\":\"Sistemas de refrigeraci\u00f3n m\u00f3viles\"}]},{\"@type\":\"WebSite\",\"@id\":\"https:\\\/\\\/www.be-cool.nl\\\/es\\\/#website\",\"url\":\"https:\\\/\\\/www.be-cool.nl\\\/es\\\/\",\"name\":\"Be-Cool\",\"description\":\"\",\"publisher\":{\"@id\":\"https:\\\/\\\/www.be-cool.nl\\\/es\\\/#organization\"},\"potentialAction\":[{\"@type\":\"SearchAction\",\"target\":{\"@type\":\"EntryPoint\",\"urlTemplate\":\"https:\\\/\\\/www.be-cool.nl\\\/es\\\/?s={search_term_string}\"},\"query-input\":{\"@type\":\"PropertyValueSpecification\",\"valueRequired\":true,\"valueName\":\"search_term_string\"}}],\"inLanguage\":\"es\"},{\"@type\":\"Organization\",\"@id\":\"https:\\\/\\\/www.be-cool.nl\\\/es\\\/#organization\",\"name\":\"Be-Cool\",\"url\":\"https:\\\/\\\/www.be-cool.nl\\\/es\\\/\",\"logo\":{\"@type\":\"ImageObject\",\"inLanguage\":\"es\",\"@id\":\"https:\\\/\\\/www.be-cool.nl\\\/es\\\/#\\\/schema\\\/logo\\\/image\\\/\",\"url\":\"https:\\\/\\\/www.be-cool.nl\\\/wp-content\\\/uploads\\\/Be-cool_Logo.png\",\"contentUrl\":\"https:\\\/\\\/www.be-cool.nl\\\/wp-content\\\/uploads\\\/Be-cool_Logo.png\",\"width\":426,\"height\":142,\"caption\":\"Be-Cool\"},\"image\":{\"@id\":\"https:\\\/\\\/www.be-cool.nl\\\/es\\\/#\\\/schema\\\/logo\\\/image\\\/\"}}]}<\/script>\n<!-- \/ Yoast SEO plugin. -->","yoast_head_json":{"title":"Sistemas de refrigeraci\u00f3n m\u00f3viles - Be-Cool","description":"\u00bfDesea utilizar sistemas de enfriador de aire m\u00f3vil en su empresa o casa? Echa un vistazo a la amplia gama de Be-Cool. Con nosotros encontrar\u00e1 exactamente el enfriador de aire de bajo consumo que desea. \u00bfTambi\u00e9n quieres enfriar tu espacio de una manera energ\u00e9ticamente eficiente? Llame al \u260e 015-2002116.","robots":{"index":"index","follow":"follow","max-snippet":"max-snippet:-1","max-image-preview":"max-image-preview:large","max-video-preview":"max-video-preview:-1"},"canonical":"https:\/\/www.be-cool.nl\/es\/sistemas-de-refrigeracion-moviles\/","og_locale":"es_ES","og_type":"article","og_title":"Sistemas de refrigeraci\u00f3n m\u00f3viles - Be-Cool","og_description":"\u00bfDesea utilizar sistemas de enfriador de aire m\u00f3vil en su empresa o casa? Echa un vistazo a la amplia gama de Be-Cool. Con nosotros encontrar\u00e1 exactamente el enfriador de aire de bajo consumo que desea. \u00bfTambi\u00e9n quieres enfriar tu espacio de una manera energ\u00e9ticamente eficiente? Llame al \u260e 015-2002116.","og_url":"https:\/\/www.be-cool.nl\/es\/sistemas-de-refrigeracion-moviles\/","og_site_name":"Be-Cool","article_modified_time":"2022-03-03T09:58:26+00:00","twitter_card":"summary_large_image","twitter_misc":{"Tiempo de lectura":"2 minutos"},"schema":{"@context":"https:\/\/schema.org","@graph":[{"@type":"WebPage","@id":"https:\/\/www.be-cool.nl\/es\/sistemas-de-refrigeracion-moviles\/","url":"https:\/\/www.be-cool.nl\/es\/sistemas-de-refrigeracion-moviles\/","name":"Sistemas de refrigeraci\u00f3n m\u00f3viles - Be-Cool","isPartOf":{"@id":"https:\/\/www.be-cool.nl\/es\/#website"},"datePublished":"2022-02-21T10:37:59+00:00","dateModified":"2022-03-03T09:58:26+00:00","description":"\u00bfDesea utilizar sistemas de enfriador de aire m\u00f3vil en su empresa o casa? Echa un vistazo a la amplia gama de Be-Cool. Con nosotros encontrar\u00e1 exactamente el enfriador de aire de bajo consumo que desea. \u00bfTambi\u00e9n quieres enfriar tu espacio de una manera energ\u00e9ticamente eficiente? Llame al \u260e 015-2002116.","breadcrumb":{"@id":"https:\/\/www.be-cool.nl\/es\/sistemas-de-refrigeracion-moviles\/#breadcrumb"},"inLanguage":"es","potentialAction":[{"@type":"ReadAction","target":["https:\/\/www.be-cool.nl\/es\/sistemas-de-refrigeracion-moviles\/"]}]},{"@type":"BreadcrumbList","@id":"https:\/\/www.be-cool.nl\/es\/sistemas-de-refrigeracion-moviles\/#breadcrumb","itemListElement":[{"@type":"ListItem","position":1,"name":"Home","item":"https:\/\/www.be-cool.nl\/es\/"},{"@type":"ListItem","position":2,"name":"Sistemas de refrigeraci\u00f3n m\u00f3viles"}]},{"@type":"WebSite","@id":"https:\/\/www.be-cool.nl\/es\/#website","url":"https:\/\/www.be-cool.nl\/es\/","name":"Be-Cool","description":"","publisher":{"@id":"https:\/\/www.be-cool.nl\/es\/#organization"},"potentialAction":[{"@type":"SearchAction","target":{"@type":"EntryPoint","urlTemplate":"https:\/\/www.be-cool.nl\/es\/?s={search_term_string}"},"query-input":{"@type":"PropertyValueSpecification","valueRequired":true,"valueName":"search_term_string"}}],"inLanguage":"es"},{"@type":"Organization","@id":"https:\/\/www.be-cool.nl\/es\/#organization","name":"Be-Cool","url":"https:\/\/www.be-cool.nl\/es\/","logo":{"@type":"ImageObject","inLanguage":"es","@id":"https:\/\/www.be-cool.nl\/es\/#\/schema\/logo\/image\/","url":"https:\/\/www.be-cool.nl\/wp-content\/uploads\/Be-cool_Logo.png","contentUrl":"https:\/\/www.be-cool.nl\/wp-content\/uploads\/Be-cool_Logo.png","width":426,"height":142,"caption":"Be-Cool"},"image":{"@id":"https:\/\/www.be-cool.nl\/es\/#\/schema\/logo\/image\/"}}]}},"_links":{"self":[{"href":"https:\/\/www.be-cool.nl\/es\/wp-json\/wp\/v2\/pages\/985","targetHints":{"allow":["GET"]}}],"collection":[{"href":"https:\/\/www.be-cool.nl\/es\/wp-json\/wp\/v2\/pages"}],"about":[{"href":"https:\/\/www.be-cool.nl\/es\/wp-json\/wp\/v2\/types\/page"}],"author":[{"embeddable":true,"href":"https:\/\/www.be-cool.nl\/es\/wp-json\/wp\/v2\/users\/1"}],"replies":[{"embeddable":true,"href":"https:\/\/www.be-cool.nl\/es\/wp-json\/wp\/v2\/comments?post=985"}],"version-history":[{"count":1,"href":"https:\/\/www.be-cool.nl\/es\/wp-json\/wp\/v2\/pages\/985\/revisions"}],"predecessor-version":[{"id":986,"href":"https:\/\/www.be-cool.nl\/es\/wp-json\/wp\/v2\/pages\/985\/revisions\/986"}],"wp:attachment":[{"href":"https:\/\/www.be-cool.nl\/es\/wp-json\/wp\/v2\/media?parent=985"}],"curies":[{"name":"wp","href":"https:\/\/api.w.org\/{rel}","templated":true}]}}