{"id":1469,"date":"2022-03-07T12:03:57","date_gmt":"2022-03-07T11:03:57","guid":{"rendered":"https:\/\/www.be-cool.nl\/?post_type=product&#038;p=1469"},"modified":"2022-06-08T08:41:27","modified_gmt":"2022-06-08T06:41:27","slug":"jetstream-240","status":"publish","type":"product","link":"https:\/\/www.be-cool.nl\/es\/winkel\/be-cool-jetstream-es\/jetstream-240\/","title":{"rendered":"Jetstream 240"},"content":{"rendered":"<div class=\"wpb-content-wrapper\"><p>[vc_row full_width=\u00bbstretch_row\u00bb css=\u00bb.vc_custom_1644047158141{padding-top: 60px !important;padding-bottom: 60px !important;background-color: rgba(241,241,241,0.6) !important;*background-color: rgb(241,241,241) !important;}\u00bb][vc_column][vc_row_inner equal_height=\u00bbyes\u00bb content_placement=\u00bbmiddle\u00bb][vc_column_inner width=\u00bb1\/2&#8243;][vc_column_text]<\/p>\n<h3>Especificaciones<\/h3>\n<ul class=\"check-icon\">\n<li>Caudal de aire: 7.645 m3\/h<\/li>\n<li>Dep\u00f3sito de agua: 189 L<\/li>\n<li>Dimensiones: 155 alto x 107 ancho x 62 profundidad cm<\/li>\n<li>Peso: 69 kg<\/li>\n<li>Capacidad frigor\u00edfica: 104 m2<\/li>\n<li>Consumo de energ\u00eda: 550 vatios<\/li>\n<li>Opciones de subsidio<\/li>\n<li>Variable de ajuste de velocidad<\/li>\n<li>Garant\u00eda: 3 a\u00f1os<\/li>\n<\/ul>\n<p>[\/vc_column_text][\/vc_column_inner][vc_column_inner width=\u00bb1\/2&#8243;][vc_video link=\u00bbhttps:\/\/www.youtube.com\/watch?v=EcHbHU6LMHg\u00bb][\/vc_column_inner][\/vc_row_inner][\/vc_column][\/vc_row][vc_row full_width=\u00bbstretch_row\u00bb el_class=\u00bbcenter black-bg\u00bb css=\u00bb.vc_custom_1644050982268{padding-bottom: 20px !important;background-color: #000000 !important;}\u00bb][vc_column][vc_column_text]<\/p>\n<h2>\u00bfCurioso acerca de las posibilidades?<\/h2>\n<p>[\/vc_column_text][vc_btn title=\u00bb015 \u2013 200 2116&#8243; style=\u00bbcustom\u00bb custom_background=\u00bb\u00bb custom_text=\u00bb\u00bb i_icon_fontawesome=\u00bbfas fa-phone-alt\u00bb add_icon=\u00bbtrue\u00bb link=\u00bburl:tel%3A015%E2%80%932002116&#8243; el_class=\u00bbgreen-btn\u00bb][vc_btn title=\u00bbinfo@be-cool.nl\u00bb style=\u00bbcustom\u00bb custom_background=\u00bb\u00bb custom_text=\u00bb\u00bb i_icon_fontawesome=\u00bbfas fa-envelope\u00bb add_icon=\u00bbtrue\u00bb link=\u00bburl:mailto%3Ainfo%40be-cool.nl\u00bb el_class=\u00bbborder-green-btn\u00bb][\/vc_column][\/vc_row][vc_row full_width=\u00bbstretch_row\u00bb css=\u00bb.vc_custom_1644049437861{padding-top: 40px !important;padding-bottom: 40px !important;}\u00bb][vc_column][vc_row_inner][vc_column_inner][vc_column_text]<\/p>\n<h3>Caracter\u00edsticas<\/h3>\n<ul class=\"check-icon\">\n<li>Esta soluci\u00f3n de refrigeraci\u00f3n de bajo consumo utiliza menos energ\u00eda que una tostadora dom\u00e9stica est\u00e1ndar.<\/li>\n<li>El drenaje m\u00e1s grande permite un mantenimiento f\u00e1cil y efectivo<\/li>\n<li>Equipado con almohadillas Comfort Evaporation K\u00fc\u00fcl, las almohadillas K\u00fc\u00fcl de la m\u00e1s alta calidad disponibles y fabricadas en EE. UU. exclusivamente para los productos Port A Cool.<\/li>\n<li>El indicador de agua con apagado autom\u00e1tico de la bomba protege su producto.<\/li>\n<li>Garant\u00eda de por vida en la carcasa del enfriador evaporativo contra defectos de fabricaci\u00f3n y garant\u00eda de tres a\u00f1os en todos los componentes el\u00e9ctricos<\/li>\n<\/ul>\n<p>[\/vc_column_text][\/vc_column_inner][\/vc_row_inner][\/vc_column][\/vc_row]<\/p>\n<\/div>","protected":false},"excerpt":{"rendered":"<p>Este enfriador es para alquiler.<\/p>\n<p>El Jetstream 240 proporciona la m\u00e1xima adaptabilidad para la refrigeraci\u00f3n donde se necesita. Con el tama\u00f1o m\u00e1s peque\u00f1o de la serie Jetstream, el Jetstream 240 no solo es f\u00e1cil de mover, sino que puede caber en el espacio m\u00e1s peque\u00f1o. El indicador de nivel de agua y el panel de control f\u00e1cil de usar simplifican la operaci\u00f3n para todos.<\/p>\n","protected":false},"featured_media":1231,"template":"","meta":{"_glsr_average":0,"_glsr_ranking":0,"_glsr_reviews":0},"product_brand":[],"product_cat":[120,99],"product_tag":[],"class_list":{"0":"post-1469","1":"product","2":"type-product","3":"status-publish","4":"has-post-thumbnail","6":"product_cat-alquiler","7":"product_cat-be-cool-jetstream-es","9":"first","10":"instock","11":"shipping-taxable","12":"product-type-simple"},"yoast_head":"<!-- This site is optimized with the Yoast SEO plugin v27.5 - https:\/\/yoast.com\/product\/yoast-seo-wordpress\/ -->\n<title>Jetstream 240 - Be-Cool<\/title>\n<meta name=\"robots\" content=\"index, follow, max-snippet:-1, max-image-preview:large, max-video-preview:-1\" \/>\n<link rel=\"canonical\" href=\"https:\/\/www.be-cool.nl\/es\/winkel\/be-cool-jetstream-es\/jetstream-240\/\" \/>\n<meta property=\"og:locale\" content=\"es_ES\" \/>\n<meta property=\"og:type\" content=\"article\" \/>\n<meta property=\"og:title\" content=\"Jetstream 240 - Be-Cool\" \/>\n<meta property=\"og:description\" content=\"Este enfriador es para alquiler.  El Jetstream 240 proporciona la m\u00e1xima adaptabilidad para la refrigeraci\u00f3n donde se necesita. Con el tama\u00f1o m\u00e1s peque\u00f1o de la serie Jetstream, el Jetstream 240 no solo es f\u00e1cil de mover, sino que puede caber en el espacio m\u00e1s peque\u00f1o. El indicador de nivel de agua y el panel de control f\u00e1cil de usar simplifican la operaci\u00f3n para todos.\" \/>\n<meta property=\"og:url\" content=\"https:\/\/www.be-cool.nl\/es\/winkel\/be-cool-jetstream-es\/jetstream-240\/\" \/>\n<meta property=\"og:site_name\" content=\"Be-Cool\" \/>\n<meta property=\"article:modified_time\" content=\"2022-06-08T06:41:27+00:00\" \/>\n<meta property=\"og:image\" content=\"https:\/\/www.be-cool.nl\/wp-content\/uploads\/Portacool-Jetstream-240-Nederlands-104.jpg\" \/>\n\t<meta property=\"og:image:width\" content=\"800\" \/>\n\t<meta property=\"og:image:height\" content=\"800\" \/>\n\t<meta property=\"og:image:type\" content=\"image\/jpeg\" \/>\n<meta name=\"twitter:card\" content=\"summary_large_image\" \/>\n<meta name=\"twitter:label1\" content=\"Tiempo de lectura\" \/>\n\t<meta name=\"twitter:data1\" content=\"2 minutos\" \/>\n<script type=\"application\/ld+json\" class=\"yoast-schema-graph\">{\"@context\":\"https:\\\/\\\/schema.org\",\"@graph\":[{\"@type\":\"WebPage\",\"@id\":\"https:\\\/\\\/www.be-cool.nl\\\/es\\\/winkel\\\/be-cool-jetstream-es\\\/jetstream-240\\\/\",\"url\":\"https:\\\/\\\/www.be-cool.nl\\\/es\\\/winkel\\\/be-cool-jetstream-es\\\/jetstream-240\\\/\",\"name\":\"Jetstream 240 - Be-Cool\",\"isPartOf\":{\"@id\":\"https:\\\/\\\/www.be-cool.nl\\\/es\\\/#website\"},\"primaryImageOfPage\":{\"@id\":\"https:\\\/\\\/www.be-cool.nl\\\/es\\\/winkel\\\/be-cool-jetstream-es\\\/jetstream-240\\\/#primaryimage\"},\"image\":{\"@id\":\"https:\\\/\\\/www.be-cool.nl\\\/es\\\/winkel\\\/be-cool-jetstream-es\\\/jetstream-240\\\/#primaryimage\"},\"thumbnailUrl\":\"https:\\\/\\\/www.be-cool.nl\\\/wp-content\\\/uploads\\\/Portacool-Jetstream-240-Nederlands-104.jpg\",\"datePublished\":\"2022-03-07T11:03:57+00:00\",\"dateModified\":\"2022-06-08T06:41:27+00:00\",\"breadcrumb\":{\"@id\":\"https:\\\/\\\/www.be-cool.nl\\\/es\\\/winkel\\\/be-cool-jetstream-es\\\/jetstream-240\\\/#breadcrumb\"},\"inLanguage\":\"es\",\"potentialAction\":[{\"@type\":\"ReadAction\",\"target\":[\"https:\\\/\\\/www.be-cool.nl\\\/es\\\/winkel\\\/be-cool-jetstream-es\\\/jetstream-240\\\/\"]}]},{\"@type\":\"ImageObject\",\"inLanguage\":\"es\",\"@id\":\"https:\\\/\\\/www.be-cool.nl\\\/es\\\/winkel\\\/be-cool-jetstream-es\\\/jetstream-240\\\/#primaryimage\",\"url\":\"https:\\\/\\\/www.be-cool.nl\\\/wp-content\\\/uploads\\\/Portacool-Jetstream-240-Nederlands-104.jpg\",\"contentUrl\":\"https:\\\/\\\/www.be-cool.nl\\\/wp-content\\\/uploads\\\/Portacool-Jetstream-240-Nederlands-104.jpg\",\"width\":800,\"height\":800},{\"@type\":\"BreadcrumbList\",\"@id\":\"https:\\\/\\\/www.be-cool.nl\\\/es\\\/winkel\\\/be-cool-jetstream-es\\\/jetstream-240\\\/#breadcrumb\",\"itemListElement\":[{\"@type\":\"ListItem\",\"position\":1,\"name\":\"Home\",\"item\":\"https:\\\/\\\/www.be-cool.nl\\\/es\\\/\"},{\"@type\":\"ListItem\",\"position\":2,\"name\":\"Producten\",\"item\":\"https:\\\/\\\/www.be-cool.nl\\\/producten\\\/\"},{\"@type\":\"ListItem\",\"position\":3,\"name\":\"Jetstream 240\"}]},{\"@type\":\"WebSite\",\"@id\":\"https:\\\/\\\/www.be-cool.nl\\\/es\\\/#website\",\"url\":\"https:\\\/\\\/www.be-cool.nl\\\/es\\\/\",\"name\":\"Be-Cool\",\"description\":\"\",\"publisher\":{\"@id\":\"https:\\\/\\\/www.be-cool.nl\\\/es\\\/#organization\"},\"potentialAction\":[{\"@type\":\"SearchAction\",\"target\":{\"@type\":\"EntryPoint\",\"urlTemplate\":\"https:\\\/\\\/www.be-cool.nl\\\/es\\\/?s={search_term_string}\"},\"query-input\":{\"@type\":\"PropertyValueSpecification\",\"valueRequired\":true,\"valueName\":\"search_term_string\"}}],\"inLanguage\":\"es\"},{\"@type\":\"Organization\",\"@id\":\"https:\\\/\\\/www.be-cool.nl\\\/es\\\/#organization\",\"name\":\"Be-Cool\",\"url\":\"https:\\\/\\\/www.be-cool.nl\\\/es\\\/\",\"logo\":{\"@type\":\"ImageObject\",\"inLanguage\":\"es\",\"@id\":\"https:\\\/\\\/www.be-cool.nl\\\/es\\\/#\\\/schema\\\/logo\\\/image\\\/\",\"url\":\"https:\\\/\\\/www.be-cool.nl\\\/wp-content\\\/uploads\\\/Be-cool_Logo.png\",\"contentUrl\":\"https:\\\/\\\/www.be-cool.nl\\\/wp-content\\\/uploads\\\/Be-cool_Logo.png\",\"width\":426,\"height\":142,\"caption\":\"Be-Cool\"},\"image\":{\"@id\":\"https:\\\/\\\/www.be-cool.nl\\\/es\\\/#\\\/schema\\\/logo\\\/image\\\/\"}}]}<\/script>\n<!-- \/ Yoast SEO plugin. -->","yoast_head_json":{"title":"Jetstream 240 - Be-Cool","robots":{"index":"index","follow":"follow","max-snippet":"max-snippet:-1","max-image-preview":"max-image-preview:large","max-video-preview":"max-video-preview:-1"},"canonical":"https:\/\/www.be-cool.nl\/es\/winkel\/be-cool-jetstream-es\/jetstream-240\/","og_locale":"es_ES","og_type":"article","og_title":"Jetstream 240 - Be-Cool","og_description":"Este enfriador es para alquiler.  El Jetstream 240 proporciona la m\u00e1xima adaptabilidad para la refrigeraci\u00f3n donde se necesita. Con el tama\u00f1o m\u00e1s peque\u00f1o de la serie Jetstream, el Jetstream 240 no solo es f\u00e1cil de mover, sino que puede caber en el espacio m\u00e1s peque\u00f1o. El indicador de nivel de agua y el panel de control f\u00e1cil de usar simplifican la operaci\u00f3n para todos.","og_url":"https:\/\/www.be-cool.nl\/es\/winkel\/be-cool-jetstream-es\/jetstream-240\/","og_site_name":"Be-Cool","article_modified_time":"2022-06-08T06:41:27+00:00","og_image":[{"width":800,"height":800,"url":"https:\/\/www.be-cool.nl\/wp-content\/uploads\/Portacool-Jetstream-240-Nederlands-104.jpg","type":"image\/jpeg"}],"twitter_card":"summary_large_image","twitter_misc":{"Tiempo de lectura":"2 minutos"},"schema":{"@context":"https:\/\/schema.org","@graph":[{"@type":"WebPage","@id":"https:\/\/www.be-cool.nl\/es\/winkel\/be-cool-jetstream-es\/jetstream-240\/","url":"https:\/\/www.be-cool.nl\/es\/winkel\/be-cool-jetstream-es\/jetstream-240\/","name":"Jetstream 240 - Be-Cool","isPartOf":{"@id":"https:\/\/www.be-cool.nl\/es\/#website"},"primaryImageOfPage":{"@id":"https:\/\/www.be-cool.nl\/es\/winkel\/be-cool-jetstream-es\/jetstream-240\/#primaryimage"},"image":{"@id":"https:\/\/www.be-cool.nl\/es\/winkel\/be-cool-jetstream-es\/jetstream-240\/#primaryimage"},"thumbnailUrl":"https:\/\/www.be-cool.nl\/wp-content\/uploads\/Portacool-Jetstream-240-Nederlands-104.jpg","datePublished":"2022-03-07T11:03:57+00:00","dateModified":"2022-06-08T06:41:27+00:00","breadcrumb":{"@id":"https:\/\/www.be-cool.nl\/es\/winkel\/be-cool-jetstream-es\/jetstream-240\/#breadcrumb"},"inLanguage":"es","potentialAction":[{"@type":"ReadAction","target":["https:\/\/www.be-cool.nl\/es\/winkel\/be-cool-jetstream-es\/jetstream-240\/"]}]},{"@type":"ImageObject","inLanguage":"es","@id":"https:\/\/www.be-cool.nl\/es\/winkel\/be-cool-jetstream-es\/jetstream-240\/#primaryimage","url":"https:\/\/www.be-cool.nl\/wp-content\/uploads\/Portacool-Jetstream-240-Nederlands-104.jpg","contentUrl":"https:\/\/www.be-cool.nl\/wp-content\/uploads\/Portacool-Jetstream-240-Nederlands-104.jpg","width":800,"height":800},{"@type":"BreadcrumbList","@id":"https:\/\/www.be-cool.nl\/es\/winkel\/be-cool-jetstream-es\/jetstream-240\/#breadcrumb","itemListElement":[{"@type":"ListItem","position":1,"name":"Home","item":"https:\/\/www.be-cool.nl\/es\/"},{"@type":"ListItem","position":2,"name":"Producten","item":"https:\/\/www.be-cool.nl\/producten\/"},{"@type":"ListItem","position":3,"name":"Jetstream 240"}]},{"@type":"WebSite","@id":"https:\/\/www.be-cool.nl\/es\/#website","url":"https:\/\/www.be-cool.nl\/es\/","name":"Be-Cool","description":"","publisher":{"@id":"https:\/\/www.be-cool.nl\/es\/#organization"},"potentialAction":[{"@type":"SearchAction","target":{"@type":"EntryPoint","urlTemplate":"https:\/\/www.be-cool.nl\/es\/?s={search_term_string}"},"query-input":{"@type":"PropertyValueSpecification","valueRequired":true,"valueName":"search_term_string"}}],"inLanguage":"es"},{"@type":"Organization","@id":"https:\/\/www.be-cool.nl\/es\/#organization","name":"Be-Cool","url":"https:\/\/www.be-cool.nl\/es\/","logo":{"@type":"ImageObject","inLanguage":"es","@id":"https:\/\/www.be-cool.nl\/es\/#\/schema\/logo\/image\/","url":"https:\/\/www.be-cool.nl\/wp-content\/uploads\/Be-cool_Logo.png","contentUrl":"https:\/\/www.be-cool.nl\/wp-content\/uploads\/Be-cool_Logo.png","width":426,"height":142,"caption":"Be-Cool"},"image":{"@id":"https:\/\/www.be-cool.nl\/es\/#\/schema\/logo\/image\/"}}]}},"_links":{"self":[{"href":"https:\/\/www.be-cool.nl\/es\/wp-json\/wp\/v2\/product\/1469","targetHints":{"allow":["GET"]}}],"collection":[{"href":"https:\/\/www.be-cool.nl\/es\/wp-json\/wp\/v2\/product"}],"about":[{"href":"https:\/\/www.be-cool.nl\/es\/wp-json\/wp\/v2\/types\/product"}],"wp:featuredmedia":[{"embeddable":true,"href":"https:\/\/www.be-cool.nl\/es\/wp-json\/wp\/v2\/media\/1231"}],"wp:attachment":[{"href":"https:\/\/www.be-cool.nl\/es\/wp-json\/wp\/v2\/media?parent=1469"}],"wp:term":[{"taxonomy":"product_brand","embeddable":true,"href":"https:\/\/www.be-cool.nl\/es\/wp-json\/wp\/v2\/product_brand?post=1469"},{"taxonomy":"product_cat","embeddable":true,"href":"https:\/\/www.be-cool.nl\/es\/wp-json\/wp\/v2\/product_cat?post=1469"},{"taxonomy":"product_tag","embeddable":true,"href":"https:\/\/www.be-cool.nl\/es\/wp-json\/wp\/v2\/product_tag?post=1469"}],"curies":[{"name":"wp","href":"https:\/\/api.w.org\/{rel}","templated":true}]}}