{"id":1475,"date":"2022-02-02T11:46:00","date_gmt":"2022-02-02T10:46:00","guid":{"rendered":"https:\/\/www.be-cool.nl\/?post_type=product&#038;p=1475"},"modified":"2024-05-24T10:49:21","modified_gmt":"2024-05-24T08:49:21","slug":"be-cool-290","status":"publish","type":"product","link":"https:\/\/www.be-cool.nl\/es\/winkel\/be-cool-serie-es\/be-cool-290\/","title":{"rendered":"Be-cool 290"},"content":{"rendered":"","protected":false},"excerpt":{"rendered":"<p>Este enfriador es para alquiler.<\/p>\n<ul class=\"check-icon\">\n<li>Rendimiento de aire: 22000 m3\/h<\/li>\n<li>Velocidad: variable<\/li>\n<li>Capacidad frigor\u00edfica: 220 m2<\/li>\n<li>Dep\u00f3sito de agua: 145 L<\/li>\n<li>Sonido: 40db~70db<\/li>\n<li>Tama\u00f1o: 160 (alto) \u00d7 126 (ancho) \u00d7 72 (profundidad) cm<\/li>\n<li>Peso: 90 kg<\/li>\n<li>Consumo de energ\u00eda: 0,88 kW (800 vatios)<\/li>\n<\/ul>\n","protected":false},"featured_media":574,"template":"","meta":{"_glsr_average":0,"_glsr_ranking":0,"_glsr_reviews":0},"product_brand":[],"product_cat":[120,97],"product_tag":[],"class_list":{"0":"post-1475","1":"product","2":"type-product","3":"status-publish","4":"has-post-thumbnail","6":"product_cat-alquiler","7":"product_cat-be-cool-serie-es","9":"first","10":"instock","11":"shipping-taxable","12":"product-type-simple"},"yoast_head":"<!-- This site is optimized with the Yoast SEO plugin v27.4 - https:\/\/yoast.com\/product\/yoast-seo-wordpress\/ -->\n<title>Be-cool 290 - Be-Cool<\/title>\n<meta name=\"robots\" content=\"index, follow, max-snippet:-1, max-image-preview:large, max-video-preview:-1\" \/>\n<link rel=\"canonical\" href=\"https:\/\/www.be-cool.nl\/es\/winkel\/be-cool-serie-es\/be-cool-290\/\" \/>\n<meta property=\"og:locale\" content=\"es_ES\" \/>\n<meta property=\"og:type\" content=\"article\" \/>\n<meta property=\"og:title\" content=\"Be-cool 290 - Be-Cool\" \/>\n<meta property=\"og:description\" content=\"Este enfriador es para alquiler.   Rendimiento de aire: 22000 m3\/h Velocidad: variable Capacidad frigor\u00edfica: 220 m2 Dep\u00f3sito de agua: 145 L Sonido: 40db~70db Tama\u00f1o: 160 (alto) \u00d7 126 (ancho) \u00d7 72 (profundidad) cm Peso: 90 kg Consumo de energ\u00eda: 0,88 kW (800 vatios)\" \/>\n<meta property=\"og:url\" content=\"https:\/\/www.be-cool.nl\/es\/winkel\/be-cool-serie-es\/be-cool-290\/\" \/>\n<meta property=\"og:site_name\" content=\"Be-Cool\" \/>\n<meta property=\"article:modified_time\" content=\"2024-05-24T08:49:21+00:00\" \/>\n<meta property=\"og:image\" content=\"https:\/\/www.be-cool.nl\/wp-content\/uploads\/Be-cool_290.png\" \/>\n\t<meta property=\"og:image:width\" content=\"498\" \/>\n\t<meta property=\"og:image:height\" content=\"376\" \/>\n\t<meta property=\"og:image:type\" content=\"image\/png\" \/>\n<meta name=\"twitter:card\" content=\"summary_large_image\" \/>\n<meta name=\"twitter:label1\" content=\"Tiempo de lectura\" \/>\n\t<meta name=\"twitter:data1\" content=\"1 minuto\" \/>\n<script type=\"application\/ld+json\" class=\"yoast-schema-graph\">{\"@context\":\"https:\\\/\\\/schema.org\",\"@graph\":[{\"@type\":\"WebPage\",\"@id\":\"https:\\\/\\\/www.be-cool.nl\\\/es\\\/winkel\\\/be-cool-serie-es\\\/be-cool-290\\\/\",\"url\":\"https:\\\/\\\/www.be-cool.nl\\\/es\\\/winkel\\\/be-cool-serie-es\\\/be-cool-290\\\/\",\"name\":\"Be-cool 290 - Be-Cool\",\"isPartOf\":{\"@id\":\"https:\\\/\\\/www.be-cool.nl\\\/es\\\/#website\"},\"primaryImageOfPage\":{\"@id\":\"https:\\\/\\\/www.be-cool.nl\\\/es\\\/winkel\\\/be-cool-serie-es\\\/be-cool-290\\\/#primaryimage\"},\"image\":{\"@id\":\"https:\\\/\\\/www.be-cool.nl\\\/es\\\/winkel\\\/be-cool-serie-es\\\/be-cool-290\\\/#primaryimage\"},\"thumbnailUrl\":\"https:\\\/\\\/www.be-cool.nl\\\/wp-content\\\/uploads\\\/Be-cool_290.png\",\"datePublished\":\"2022-02-02T10:46:00+00:00\",\"dateModified\":\"2024-05-24T08:49:21+00:00\",\"breadcrumb\":{\"@id\":\"https:\\\/\\\/www.be-cool.nl\\\/es\\\/winkel\\\/be-cool-serie-es\\\/be-cool-290\\\/#breadcrumb\"},\"inLanguage\":\"es\",\"potentialAction\":[{\"@type\":\"ReadAction\",\"target\":[\"https:\\\/\\\/www.be-cool.nl\\\/es\\\/winkel\\\/be-cool-serie-es\\\/be-cool-290\\\/\"]}]},{\"@type\":\"ImageObject\",\"inLanguage\":\"es\",\"@id\":\"https:\\\/\\\/www.be-cool.nl\\\/es\\\/winkel\\\/be-cool-serie-es\\\/be-cool-290\\\/#primaryimage\",\"url\":\"https:\\\/\\\/www.be-cool.nl\\\/wp-content\\\/uploads\\\/Be-cool_290.png\",\"contentUrl\":\"https:\\\/\\\/www.be-cool.nl\\\/wp-content\\\/uploads\\\/Be-cool_290.png\",\"width\":498,\"height\":376},{\"@type\":\"BreadcrumbList\",\"@id\":\"https:\\\/\\\/www.be-cool.nl\\\/es\\\/winkel\\\/be-cool-serie-es\\\/be-cool-290\\\/#breadcrumb\",\"itemListElement\":[{\"@type\":\"ListItem\",\"position\":1,\"name\":\"Home\",\"item\":\"https:\\\/\\\/www.be-cool.nl\\\/es\\\/\"},{\"@type\":\"ListItem\",\"position\":2,\"name\":\"Producten\",\"item\":\"https:\\\/\\\/www.be-cool.nl\\\/producten\\\/\"},{\"@type\":\"ListItem\",\"position\":3,\"name\":\"Be-cool 290\"}]},{\"@type\":\"WebSite\",\"@id\":\"https:\\\/\\\/www.be-cool.nl\\\/es\\\/#website\",\"url\":\"https:\\\/\\\/www.be-cool.nl\\\/es\\\/\",\"name\":\"Be-Cool\",\"description\":\"\",\"publisher\":{\"@id\":\"https:\\\/\\\/www.be-cool.nl\\\/es\\\/#organization\"},\"potentialAction\":[{\"@type\":\"SearchAction\",\"target\":{\"@type\":\"EntryPoint\",\"urlTemplate\":\"https:\\\/\\\/www.be-cool.nl\\\/es\\\/?s={search_term_string}\"},\"query-input\":{\"@type\":\"PropertyValueSpecification\",\"valueRequired\":true,\"valueName\":\"search_term_string\"}}],\"inLanguage\":\"es\"},{\"@type\":\"Organization\",\"@id\":\"https:\\\/\\\/www.be-cool.nl\\\/es\\\/#organization\",\"name\":\"Be-Cool\",\"url\":\"https:\\\/\\\/www.be-cool.nl\\\/es\\\/\",\"logo\":{\"@type\":\"ImageObject\",\"inLanguage\":\"es\",\"@id\":\"https:\\\/\\\/www.be-cool.nl\\\/es\\\/#\\\/schema\\\/logo\\\/image\\\/\",\"url\":\"https:\\\/\\\/www.be-cool.nl\\\/wp-content\\\/uploads\\\/Be-cool_Logo.png\",\"contentUrl\":\"https:\\\/\\\/www.be-cool.nl\\\/wp-content\\\/uploads\\\/Be-cool_Logo.png\",\"width\":426,\"height\":142,\"caption\":\"Be-Cool\"},\"image\":{\"@id\":\"https:\\\/\\\/www.be-cool.nl\\\/es\\\/#\\\/schema\\\/logo\\\/image\\\/\"}}]}<\/script>\n<!-- \/ Yoast SEO plugin. -->","yoast_head_json":{"title":"Be-cool 290 - Be-Cool","robots":{"index":"index","follow":"follow","max-snippet":"max-snippet:-1","max-image-preview":"max-image-preview:large","max-video-preview":"max-video-preview:-1"},"canonical":"https:\/\/www.be-cool.nl\/es\/winkel\/be-cool-serie-es\/be-cool-290\/","og_locale":"es_ES","og_type":"article","og_title":"Be-cool 290 - Be-Cool","og_description":"Este enfriador es para alquiler.   Rendimiento de aire: 22000 m3\/h Velocidad: variable Capacidad frigor\u00edfica: 220 m2 Dep\u00f3sito de agua: 145 L Sonido: 40db~70db Tama\u00f1o: 160 (alto) \u00d7 126 (ancho) \u00d7 72 (profundidad) cm Peso: 90 kg Consumo de energ\u00eda: 0,88 kW (800 vatios)","og_url":"https:\/\/www.be-cool.nl\/es\/winkel\/be-cool-serie-es\/be-cool-290\/","og_site_name":"Be-Cool","article_modified_time":"2024-05-24T08:49:21+00:00","og_image":[{"width":498,"height":376,"url":"https:\/\/www.be-cool.nl\/wp-content\/uploads\/Be-cool_290.png","type":"image\/png"}],"twitter_card":"summary_large_image","twitter_misc":{"Tiempo de lectura":"1 minuto"},"schema":{"@context":"https:\/\/schema.org","@graph":[{"@type":"WebPage","@id":"https:\/\/www.be-cool.nl\/es\/winkel\/be-cool-serie-es\/be-cool-290\/","url":"https:\/\/www.be-cool.nl\/es\/winkel\/be-cool-serie-es\/be-cool-290\/","name":"Be-cool 290 - Be-Cool","isPartOf":{"@id":"https:\/\/www.be-cool.nl\/es\/#website"},"primaryImageOfPage":{"@id":"https:\/\/www.be-cool.nl\/es\/winkel\/be-cool-serie-es\/be-cool-290\/#primaryimage"},"image":{"@id":"https:\/\/www.be-cool.nl\/es\/winkel\/be-cool-serie-es\/be-cool-290\/#primaryimage"},"thumbnailUrl":"https:\/\/www.be-cool.nl\/wp-content\/uploads\/Be-cool_290.png","datePublished":"2022-02-02T10:46:00+00:00","dateModified":"2024-05-24T08:49:21+00:00","breadcrumb":{"@id":"https:\/\/www.be-cool.nl\/es\/winkel\/be-cool-serie-es\/be-cool-290\/#breadcrumb"},"inLanguage":"es","potentialAction":[{"@type":"ReadAction","target":["https:\/\/www.be-cool.nl\/es\/winkel\/be-cool-serie-es\/be-cool-290\/"]}]},{"@type":"ImageObject","inLanguage":"es","@id":"https:\/\/www.be-cool.nl\/es\/winkel\/be-cool-serie-es\/be-cool-290\/#primaryimage","url":"https:\/\/www.be-cool.nl\/wp-content\/uploads\/Be-cool_290.png","contentUrl":"https:\/\/www.be-cool.nl\/wp-content\/uploads\/Be-cool_290.png","width":498,"height":376},{"@type":"BreadcrumbList","@id":"https:\/\/www.be-cool.nl\/es\/winkel\/be-cool-serie-es\/be-cool-290\/#breadcrumb","itemListElement":[{"@type":"ListItem","position":1,"name":"Home","item":"https:\/\/www.be-cool.nl\/es\/"},{"@type":"ListItem","position":2,"name":"Producten","item":"https:\/\/www.be-cool.nl\/producten\/"},{"@type":"ListItem","position":3,"name":"Be-cool 290"}]},{"@type":"WebSite","@id":"https:\/\/www.be-cool.nl\/es\/#website","url":"https:\/\/www.be-cool.nl\/es\/","name":"Be-Cool","description":"","publisher":{"@id":"https:\/\/www.be-cool.nl\/es\/#organization"},"potentialAction":[{"@type":"SearchAction","target":{"@type":"EntryPoint","urlTemplate":"https:\/\/www.be-cool.nl\/es\/?s={search_term_string}"},"query-input":{"@type":"PropertyValueSpecification","valueRequired":true,"valueName":"search_term_string"}}],"inLanguage":"es"},{"@type":"Organization","@id":"https:\/\/www.be-cool.nl\/es\/#organization","name":"Be-Cool","url":"https:\/\/www.be-cool.nl\/es\/","logo":{"@type":"ImageObject","inLanguage":"es","@id":"https:\/\/www.be-cool.nl\/es\/#\/schema\/logo\/image\/","url":"https:\/\/www.be-cool.nl\/wp-content\/uploads\/Be-cool_Logo.png","contentUrl":"https:\/\/www.be-cool.nl\/wp-content\/uploads\/Be-cool_Logo.png","width":426,"height":142,"caption":"Be-Cool"},"image":{"@id":"https:\/\/www.be-cool.nl\/es\/#\/schema\/logo\/image\/"}}]}},"_links":{"self":[{"href":"https:\/\/www.be-cool.nl\/es\/wp-json\/wp\/v2\/product\/1475","targetHints":{"allow":["GET"]}}],"collection":[{"href":"https:\/\/www.be-cool.nl\/es\/wp-json\/wp\/v2\/product"}],"about":[{"href":"https:\/\/www.be-cool.nl\/es\/wp-json\/wp\/v2\/types\/product"}],"wp:featuredmedia":[{"embeddable":true,"href":"https:\/\/www.be-cool.nl\/es\/wp-json\/wp\/v2\/media\/574"}],"wp:attachment":[{"href":"https:\/\/www.be-cool.nl\/es\/wp-json\/wp\/v2\/media?parent=1475"}],"wp:term":[{"taxonomy":"product_brand","embeddable":true,"href":"https:\/\/www.be-cool.nl\/es\/wp-json\/wp\/v2\/product_brand?post=1475"},{"taxonomy":"product_cat","embeddable":true,"href":"https:\/\/www.be-cool.nl\/es\/wp-json\/wp\/v2\/product_cat?post=1475"},{"taxonomy":"product_tag","embeddable":true,"href":"https:\/\/www.be-cool.nl\/es\/wp-json\/wp\/v2\/product_tag?post=1475"}],"curies":[{"name":"wp","href":"https:\/\/api.w.org\/{rel}","templated":true}]}}