{"id":1864,"date":"2023-05-26T14:44:10","date_gmt":"2023-05-26T12:44:10","guid":{"rendered":"https:\/\/www.be-cool.nl\/winkel\/niet-gecategoriseerd\/be-cool-wind-force-10-m341\/"},"modified":"2025-09-01T14:53:17","modified_gmt":"2025-09-01T12:53:17","slug":"be-cool-wind-force-10-m341","status":"publish","type":"product","link":"https:\/\/www.be-cool.nl\/es\/winkel\/be-cool-serie-es\/be-cool-wind-force-10-m341\/","title":{"rendered":"Be-cool Wind Force 10 M341"},"content":{"rendered":"<p><\/p>\n","protected":false},"excerpt":{"rendered":"<p>La refrigeraci\u00f3n por aire port\u00e1til con luz UV integrada elimina cualquier riesgo de desinfecci\u00f3n por virus y bacterias. Con su m\u00ednimo consumo de energ\u00eda, el Wind Force 10 es ideal para enfriar habitaciones de hasta 400 m2 que no son aptas para el aire acondicionado tradicional.<\/p>\n<h3>Especificaciones<\/h3>\n<ul class=\"check-icon\">\n<li>Capacidad frigor\u00edfica: 350\/400m2<\/li>\n<li>Consumo de energ\u00eda: 1050 vatios<\/li>\n<li>Sonido: 70dB<\/li>\n<li>Peso: 120 kg<\/li>\n<li>Dimensiones: 191 (alto) x 169 (ancho) x 92 (profundidad) cm<\/li>\n<li>Dep\u00f3sito de agua: 200L<\/li>\n<li>Velocidad: 1, 2, 3<\/li>\n<li>Caudal de aire: 30.000 m3\/h<\/li>\n<li>l\u00e1mpara ultravioleta<\/li>\n<\/ul>\n","protected":false},"featured_media":1584,"template":"","meta":{"_glsr_average":0,"_glsr_ranking":0,"_glsr_reviews":0},"product_brand":[],"product_cat":[97,121],"product_tag":[],"class_list":{"0":"post-1864","1":"product","2":"type-product","3":"status-publish","4":"has-post-thumbnail","6":"product_cat-be-cool-serie-es","7":"product_cat-rebaja","9":"first","10":"instock","11":"shipping-taxable","12":"product-type-simple"},"yoast_head":"<!-- This site is optimized with the Yoast SEO plugin v27.3 - https:\/\/yoast.com\/product\/yoast-seo-wordpress\/ -->\n<title>Be-cool Wind Force 10 M341 - Be-Cool<\/title>\n<meta name=\"robots\" content=\"index, follow, max-snippet:-1, max-image-preview:large, max-video-preview:-1\" \/>\n<link rel=\"canonical\" href=\"https:\/\/www.be-cool.nl\/es\/winkel\/be-cool-serie-es\/be-cool-wind-force-10-m341\/\" \/>\n<meta property=\"og:locale\" content=\"es_ES\" \/>\n<meta property=\"og:type\" content=\"article\" \/>\n<meta property=\"og:title\" content=\"Be-cool Wind Force 10 M341 - Be-Cool\" \/>\n<meta property=\"og:description\" content=\"La refrigeraci\u00f3n por aire port\u00e1til con luz UV integrada elimina cualquier riesgo de desinfecci\u00f3n por virus y bacterias. Con su m\u00ednimo consumo de energ\u00eda, el Wind Force 10 es ideal para enfriar habitaciones de hasta 400 m2 que no son aptas para el aire acondicionado tradicional.  Especificaciones  Capacidad frigor\u00edfica: 350\/400m2 Consumo de energ\u00eda: 1050 vatios Sonido: 70dB Peso: 120 kg Dimensiones: 191 (alto) x 169 (ancho) x 92 (profundidad) cm Dep\u00f3sito de agua: 200L Velocidad: 1, 2, 3 Caudal de aire: 30.000 m3\/h l\u00e1mpara ultravioleta\" \/>\n<meta property=\"og:url\" content=\"https:\/\/www.be-cool.nl\/es\/winkel\/be-cool-serie-es\/be-cool-wind-force-10-m341\/\" \/>\n<meta property=\"og:site_name\" content=\"Be-Cool\" \/>\n<meta property=\"article:modified_time\" content=\"2025-09-01T12:53:17+00:00\" \/>\n<meta property=\"og:image\" content=\"https:\/\/www.be-cool.nl\/wp-content\/uploads\/image006-1.jpg\" \/>\n\t<meta property=\"og:image:width\" content=\"1000\" \/>\n\t<meta property=\"og:image:height\" content=\"1000\" \/>\n\t<meta property=\"og:image:type\" content=\"image\/jpeg\" \/>\n<meta name=\"twitter:card\" content=\"summary_large_image\" \/>\n<meta name=\"twitter:label1\" content=\"Tiempo de lectura\" \/>\n\t<meta name=\"twitter:data1\" content=\"1 minuto\" \/>\n<script type=\"application\/ld+json\" class=\"yoast-schema-graph\">{\"@context\":\"https:\\\/\\\/schema.org\",\"@graph\":[{\"@type\":\"WebPage\",\"@id\":\"https:\\\/\\\/www.be-cool.nl\\\/es\\\/winkel\\\/be-cool-serie-es\\\/be-cool-wind-force-10-m341\\\/\",\"url\":\"https:\\\/\\\/www.be-cool.nl\\\/es\\\/winkel\\\/be-cool-serie-es\\\/be-cool-wind-force-10-m341\\\/\",\"name\":\"Be-cool Wind Force 10 M341 - Be-Cool\",\"isPartOf\":{\"@id\":\"https:\\\/\\\/www.be-cool.nl\\\/es\\\/#website\"},\"primaryImageOfPage\":{\"@id\":\"https:\\\/\\\/www.be-cool.nl\\\/es\\\/winkel\\\/be-cool-serie-es\\\/be-cool-wind-force-10-m341\\\/#primaryimage\"},\"image\":{\"@id\":\"https:\\\/\\\/www.be-cool.nl\\\/es\\\/winkel\\\/be-cool-serie-es\\\/be-cool-wind-force-10-m341\\\/#primaryimage\"},\"thumbnailUrl\":\"https:\\\/\\\/www.be-cool.nl\\\/wp-content\\\/uploads\\\/image006-1.jpg\",\"datePublished\":\"2023-05-26T12:44:10+00:00\",\"dateModified\":\"2025-09-01T12:53:17+00:00\",\"breadcrumb\":{\"@id\":\"https:\\\/\\\/www.be-cool.nl\\\/es\\\/winkel\\\/be-cool-serie-es\\\/be-cool-wind-force-10-m341\\\/#breadcrumb\"},\"inLanguage\":\"es\",\"potentialAction\":[{\"@type\":\"ReadAction\",\"target\":[\"https:\\\/\\\/www.be-cool.nl\\\/es\\\/winkel\\\/be-cool-serie-es\\\/be-cool-wind-force-10-m341\\\/\"]}]},{\"@type\":\"ImageObject\",\"inLanguage\":\"es\",\"@id\":\"https:\\\/\\\/www.be-cool.nl\\\/es\\\/winkel\\\/be-cool-serie-es\\\/be-cool-wind-force-10-m341\\\/#primaryimage\",\"url\":\"https:\\\/\\\/www.be-cool.nl\\\/wp-content\\\/uploads\\\/image006-1.jpg\",\"contentUrl\":\"https:\\\/\\\/www.be-cool.nl\\\/wp-content\\\/uploads\\\/image006-1.jpg\",\"width\":1000,\"height\":1000},{\"@type\":\"BreadcrumbList\",\"@id\":\"https:\\\/\\\/www.be-cool.nl\\\/es\\\/winkel\\\/be-cool-serie-es\\\/be-cool-wind-force-10-m341\\\/#breadcrumb\",\"itemListElement\":[{\"@type\":\"ListItem\",\"position\":1,\"name\":\"Home\",\"item\":\"https:\\\/\\\/www.be-cool.nl\\\/es\\\/\"},{\"@type\":\"ListItem\",\"position\":2,\"name\":\"Producten\",\"item\":\"https:\\\/\\\/www.be-cool.nl\\\/producten\\\/\"},{\"@type\":\"ListItem\",\"position\":3,\"name\":\"Be-cool Wind Force 10 M341\"}]},{\"@type\":\"WebSite\",\"@id\":\"https:\\\/\\\/www.be-cool.nl\\\/es\\\/#website\",\"url\":\"https:\\\/\\\/www.be-cool.nl\\\/es\\\/\",\"name\":\"Be-Cool\",\"description\":\"\",\"publisher\":{\"@id\":\"https:\\\/\\\/www.be-cool.nl\\\/es\\\/#organization\"},\"potentialAction\":[{\"@type\":\"SearchAction\",\"target\":{\"@type\":\"EntryPoint\",\"urlTemplate\":\"https:\\\/\\\/www.be-cool.nl\\\/es\\\/?s={search_term_string}\"},\"query-input\":{\"@type\":\"PropertyValueSpecification\",\"valueRequired\":true,\"valueName\":\"search_term_string\"}}],\"inLanguage\":\"es\"},{\"@type\":\"Organization\",\"@id\":\"https:\\\/\\\/www.be-cool.nl\\\/es\\\/#organization\",\"name\":\"Be-Cool\",\"url\":\"https:\\\/\\\/www.be-cool.nl\\\/es\\\/\",\"logo\":{\"@type\":\"ImageObject\",\"inLanguage\":\"es\",\"@id\":\"https:\\\/\\\/www.be-cool.nl\\\/es\\\/#\\\/schema\\\/logo\\\/image\\\/\",\"url\":\"https:\\\/\\\/www.be-cool.nl\\\/wp-content\\\/uploads\\\/Be-cool_Logo.png\",\"contentUrl\":\"https:\\\/\\\/www.be-cool.nl\\\/wp-content\\\/uploads\\\/Be-cool_Logo.png\",\"width\":426,\"height\":142,\"caption\":\"Be-Cool\"},\"image\":{\"@id\":\"https:\\\/\\\/www.be-cool.nl\\\/es\\\/#\\\/schema\\\/logo\\\/image\\\/\"}}]}<\/script>\n<!-- \/ Yoast SEO plugin. -->","yoast_head_json":{"title":"Be-cool Wind Force 10 M341 - Be-Cool","robots":{"index":"index","follow":"follow","max-snippet":"max-snippet:-1","max-image-preview":"max-image-preview:large","max-video-preview":"max-video-preview:-1"},"canonical":"https:\/\/www.be-cool.nl\/es\/winkel\/be-cool-serie-es\/be-cool-wind-force-10-m341\/","og_locale":"es_ES","og_type":"article","og_title":"Be-cool Wind Force 10 M341 - Be-Cool","og_description":"La refrigeraci\u00f3n por aire port\u00e1til con luz UV integrada elimina cualquier riesgo de desinfecci\u00f3n por virus y bacterias. Con su m\u00ednimo consumo de energ\u00eda, el Wind Force 10 es ideal para enfriar habitaciones de hasta 400 m2 que no son aptas para el aire acondicionado tradicional.  Especificaciones  Capacidad frigor\u00edfica: 350\/400m2 Consumo de energ\u00eda: 1050 vatios Sonido: 70dB Peso: 120 kg Dimensiones: 191 (alto) x 169 (ancho) x 92 (profundidad) cm Dep\u00f3sito de agua: 200L Velocidad: 1, 2, 3 Caudal de aire: 30.000 m3\/h l\u00e1mpara ultravioleta","og_url":"https:\/\/www.be-cool.nl\/es\/winkel\/be-cool-serie-es\/be-cool-wind-force-10-m341\/","og_site_name":"Be-Cool","article_modified_time":"2025-09-01T12:53:17+00:00","og_image":[{"width":1000,"height":1000,"url":"https:\/\/www.be-cool.nl\/wp-content\/uploads\/image006-1.jpg","type":"image\/jpeg"}],"twitter_card":"summary_large_image","twitter_misc":{"Tiempo de lectura":"1 minuto"},"schema":{"@context":"https:\/\/schema.org","@graph":[{"@type":"WebPage","@id":"https:\/\/www.be-cool.nl\/es\/winkel\/be-cool-serie-es\/be-cool-wind-force-10-m341\/","url":"https:\/\/www.be-cool.nl\/es\/winkel\/be-cool-serie-es\/be-cool-wind-force-10-m341\/","name":"Be-cool Wind Force 10 M341 - Be-Cool","isPartOf":{"@id":"https:\/\/www.be-cool.nl\/es\/#website"},"primaryImageOfPage":{"@id":"https:\/\/www.be-cool.nl\/es\/winkel\/be-cool-serie-es\/be-cool-wind-force-10-m341\/#primaryimage"},"image":{"@id":"https:\/\/www.be-cool.nl\/es\/winkel\/be-cool-serie-es\/be-cool-wind-force-10-m341\/#primaryimage"},"thumbnailUrl":"https:\/\/www.be-cool.nl\/wp-content\/uploads\/image006-1.jpg","datePublished":"2023-05-26T12:44:10+00:00","dateModified":"2025-09-01T12:53:17+00:00","breadcrumb":{"@id":"https:\/\/www.be-cool.nl\/es\/winkel\/be-cool-serie-es\/be-cool-wind-force-10-m341\/#breadcrumb"},"inLanguage":"es","potentialAction":[{"@type":"ReadAction","target":["https:\/\/www.be-cool.nl\/es\/winkel\/be-cool-serie-es\/be-cool-wind-force-10-m341\/"]}]},{"@type":"ImageObject","inLanguage":"es","@id":"https:\/\/www.be-cool.nl\/es\/winkel\/be-cool-serie-es\/be-cool-wind-force-10-m341\/#primaryimage","url":"https:\/\/www.be-cool.nl\/wp-content\/uploads\/image006-1.jpg","contentUrl":"https:\/\/www.be-cool.nl\/wp-content\/uploads\/image006-1.jpg","width":1000,"height":1000},{"@type":"BreadcrumbList","@id":"https:\/\/www.be-cool.nl\/es\/winkel\/be-cool-serie-es\/be-cool-wind-force-10-m341\/#breadcrumb","itemListElement":[{"@type":"ListItem","position":1,"name":"Home","item":"https:\/\/www.be-cool.nl\/es\/"},{"@type":"ListItem","position":2,"name":"Producten","item":"https:\/\/www.be-cool.nl\/producten\/"},{"@type":"ListItem","position":3,"name":"Be-cool Wind Force 10 M341"}]},{"@type":"WebSite","@id":"https:\/\/www.be-cool.nl\/es\/#website","url":"https:\/\/www.be-cool.nl\/es\/","name":"Be-Cool","description":"","publisher":{"@id":"https:\/\/www.be-cool.nl\/es\/#organization"},"potentialAction":[{"@type":"SearchAction","target":{"@type":"EntryPoint","urlTemplate":"https:\/\/www.be-cool.nl\/es\/?s={search_term_string}"},"query-input":{"@type":"PropertyValueSpecification","valueRequired":true,"valueName":"search_term_string"}}],"inLanguage":"es"},{"@type":"Organization","@id":"https:\/\/www.be-cool.nl\/es\/#organization","name":"Be-Cool","url":"https:\/\/www.be-cool.nl\/es\/","logo":{"@type":"ImageObject","inLanguage":"es","@id":"https:\/\/www.be-cool.nl\/es\/#\/schema\/logo\/image\/","url":"https:\/\/www.be-cool.nl\/wp-content\/uploads\/Be-cool_Logo.png","contentUrl":"https:\/\/www.be-cool.nl\/wp-content\/uploads\/Be-cool_Logo.png","width":426,"height":142,"caption":"Be-Cool"},"image":{"@id":"https:\/\/www.be-cool.nl\/es\/#\/schema\/logo\/image\/"}}]}},"_links":{"self":[{"href":"https:\/\/www.be-cool.nl\/es\/wp-json\/wp\/v2\/product\/1864","targetHints":{"allow":["GET"]}}],"collection":[{"href":"https:\/\/www.be-cool.nl\/es\/wp-json\/wp\/v2\/product"}],"about":[{"href":"https:\/\/www.be-cool.nl\/es\/wp-json\/wp\/v2\/types\/product"}],"wp:featuredmedia":[{"embeddable":true,"href":"https:\/\/www.be-cool.nl\/es\/wp-json\/wp\/v2\/media\/1584"}],"wp:attachment":[{"href":"https:\/\/www.be-cool.nl\/es\/wp-json\/wp\/v2\/media?parent=1864"}],"wp:term":[{"taxonomy":"product_brand","embeddable":true,"href":"https:\/\/www.be-cool.nl\/es\/wp-json\/wp\/v2\/product_brand?post=1864"},{"taxonomy":"product_cat","embeddable":true,"href":"https:\/\/www.be-cool.nl\/es\/wp-json\/wp\/v2\/product_cat?post=1864"},{"taxonomy":"product_tag","embeddable":true,"href":"https:\/\/www.be-cool.nl\/es\/wp-json\/wp\/v2\/product_tag?post=1864"}],"curies":[{"name":"wp","href":"https:\/\/api.w.org\/{rel}","templated":true}]}}