{"id":1010,"date":"2022-02-21T11:39:08","date_gmt":"2022-02-21T10:39:08","guid":{"rendered":"https:\/\/www.be-cool.nl\/?page_id=1010"},"modified":"2022-03-03T11:31:58","modified_gmt":"2022-03-03T10:31:58","slug":"portacool-cyclone","status":"publish","type":"page","link":"https:\/\/www.be-cool.nl\/fr\/portacool-cyclone\/","title":{"rendered":"Portacool Cyclone"},"content":{"rendered":"<div class=\"wpb-content-wrapper\"><p>[vc_row][vc_column][vc_column_text]<\/p>\n<h2>Aller pour la s\u00e9rie Cyclone Portacool<\/h2>\n<p>Si vous \u00eates \u00e0 la recherche de la meilleure qualit\u00e9 refroidisseur adiabatique mobile, les refroidisseurs d\u2019air dans la s\u00e9rie Portacool Cyclone sont le bon choix. Les refroidisseurs d\u2019air portacool sont tr\u00e8s \u00e9conomes en \u00e9nergie et tr\u00e8s bien \u00e0 utiliser. Avez-vous besoin de conseils lorsque vous choisissez la bonne glaci\u00e8re? Nous \u00e0 Be-Cool sont heureux d\u2019\u00eatre l\u00e0 pour vous. Notre gamme comprend le Cyclone Portacool 1000, le Cyclone 2000 et le Cyclone 3000. Souhaitez-vous en savoir plus sur les refroidisseurs d\u2019air de cette s\u00e9rie Portacool? S\u2019il vous pla\u00eet contactez-nous ou lisez la suite.[\/vc_column_text][\/vc_column][\/vc_row][vc_row][vc_column][vc_column_text]<\/p>\n<h3>Cyclone 1000<\/h3>\n<p>Le premier refroidisseur d\u2019air de la s\u00e9rie Cyclone est le Cyclone 1000. Il s\u2019agit d\u2019une glaci\u00e8re avec une grande capacit\u00e9 d\u2019eau de 30 litres. Il est id\u00e9al comme une terrasse plus fra\u00eeche ou comme un endroit plus frais dans l\u2019industrie ou \u00e0 la maison. Un grand avantage est qu\u2019il est tr\u00e8s calme et \u00e9conome en \u00e9nergie dans son utilisation. Il est facile \u00e0 d\u00e9placer et sans installation. Une fois que vous avez connect\u00e9 l\u2019appareil \u00e0 l\u2019eau et \u00e0 l\u2019\u00e9lectricit\u00e9, vous pouvez l\u2019utiliser directement. Il est facile \u00e0 remplir de 2 fa\u00e7ons (raccordement de tuyau d\u2019arrosage ou recharge manuelle). Les louvers de l\u2019appareil assurent une meilleure gestion du flux d\u2019air. Avec cette glaci\u00e8re, vous b\u00e9n\u00e9ficiez d\u2019un refroidissement \u00e9cologique, \u00e9conomique et efficace. Voici quelques sp\u00e9cifications de ce refroidisseur d\u2019air:<\/p>\n<ul>\n<li>Sortie d\u2019air: 1700 m3\/h<\/li>\n<li>R\u00e9servoir d\u2019eau: 30L<\/li>\n<li>Dimensions: 89(H) x 50(B) x 50(D)<\/li>\n<li>Poids: 23kg<\/li>\n<li>Capacit\u00e9 de refroidissement: 28m2<\/li>\n<\/ul>\n<h3>Cyclone 2000<\/h3>\n<p>Le Cyclone 2000 de la s\u00e9rie Portacool a une plus grande capacit\u00e9 d\u2019eau que le Cyclone 1000, \u00e0 savoir 38 litres. Comme le 1000, il est id\u00e9al comme une terrasse plus fra\u00eeche ou spot refroidisseur dans l\u2019industrie et \u00e0 la maison. Ce refroidisseur d\u2019air \u00e9conome en \u00e9nergie est \u00e9galement tr\u00e8s fin \u00e0 utiliser et fournit un refroidissement \u00e9cologique, \u00e9conomique et efficace. Le refroidisseur a une puissance d\u2019air de 3398 m3\/h, p\u00e8se 27 kg et une capacit\u00e9 de refroidissement de 46m2. En termes de dimensions, il est 79(H) x 61(B) x 64(D).<\/p>\n<h3>Cyclone 3000<\/h3>\n<p>Le Cyclone 3000 est le plus grand refroidisseur adiabatique mobile de la marque de qualit\u00e9 Portacool. Les 3000 chambres refroidissent jusqu\u2019\u00e0 65 m2 d\u2019une mani\u00e8re \u00e9conome en \u00e9nergie et respectueuse de l\u2019environnement. La glaci\u00e8re a une capacit\u00e9 d\u2019eau de 60 litres. L\u2019appareil a une puissance d\u2019air de 5097 m3\/h et p\u00e8se 46 kg. Enfin, les dimensions de ce refroidisseur sont 97(H) x 76(B) x 70(D).<\/p>\n<h3>Nous vous informerons davantage<\/h3>\n<p>Souhaitez-vous en savoir plus sur les refroidisseurs Portacool? Veuillez nous contacter au <a href=\"tel:0152002116\">015-2002116<\/a> ou envoyer un courriel <a href=\"mailto:info@be-cool.nl\">info@be-cool.nl.<\/a> Il est \u00e9galement possible de laisser un message via notre formulaire de contact en ligne. Nous aimerions vous informer davantage sur la s\u00e9rie Portacool Cyclone.[\/vc_column_text][\/vc_column][\/vc_row]<\/p>\n<\/div>","protected":false},"excerpt":{"rendered":"<p>[vc_row][vc_column][vc_column_text] Aller pour la s\u00e9rie Cyclone Portacool Si vous \u00eates \u00e0 la recherche de la meilleure qualit\u00e9 refroidisseur adiabatique mobile, les refroidisseurs d\u2019air dans la<a class=\"moretag\" href=\"https:\/\/www.be-cool.nl\/fr\/portacool-cyclone\/\">&#8230;<\/a><\/p>\n","protected":false},"author":1,"featured_media":0,"parent":0,"menu_order":0,"comment_status":"closed","ping_status":"closed","template":"","meta":{"_glsr_average":0,"_glsr_ranking":0,"_glsr_reviews":0,"footnotes":""},"class_list":["post-1010","page","type-page","status-publish","hentry"],"yoast_head":"<!-- This site is optimized with the Yoast SEO plugin v27.5 - https:\/\/yoast.com\/product\/yoast-seo-wordpress\/ -->\n<title>Portacool Cyclone - Be-Cool<\/title>\n<meta name=\"description\" content=\"Si vous \u00eates \u00e0 la recherche d\u2019un refroidisseur d\u2019air de qualit\u00e9, les refroidisseurs d\u2019air de la s\u00e9rie Cyclone de Portacool sont le bon choix. D\u00e9couvrez la gamme Be-Cool et choisissez la glaci\u00e8re qui convient \u00e0 vos besoins. Besoin de conseils lors du choix? Nous vous avons couvert. Appelez directement au 015-2002116.\" \/>\n<meta name=\"robots\" content=\"index, follow, max-snippet:-1, max-image-preview:large, max-video-preview:-1\" \/>\n<link rel=\"canonical\" href=\"https:\/\/www.be-cool.nl\/fr\/portacool-cyclone\/\" \/>\n<meta property=\"og:locale\" content=\"fr_FR\" \/>\n<meta property=\"og:type\" content=\"article\" \/>\n<meta property=\"og:title\" content=\"Portacool Cyclone - Be-Cool\" \/>\n<meta property=\"og:description\" content=\"Si vous \u00eates \u00e0 la recherche d\u2019un refroidisseur d\u2019air de qualit\u00e9, les refroidisseurs d\u2019air de la s\u00e9rie Cyclone de Portacool sont le bon choix. D\u00e9couvrez la gamme Be-Cool et choisissez la glaci\u00e8re qui convient \u00e0 vos besoins. Besoin de conseils lors du choix? Nous vous avons couvert. Appelez directement au 015-2002116.\" \/>\n<meta property=\"og:url\" content=\"https:\/\/www.be-cool.nl\/fr\/portacool-cyclone\/\" \/>\n<meta property=\"og:site_name\" content=\"Be-Cool\" \/>\n<meta property=\"article:modified_time\" content=\"2022-03-03T10:31:58+00:00\" \/>\n<meta name=\"twitter:card\" content=\"summary_large_image\" \/>\n<meta name=\"twitter:label1\" content=\"Dur\u00e9e de lecture estim\u00e9e\" \/>\n\t<meta name=\"twitter:data1\" content=\"3 minutes\" \/>\n<script type=\"application\/ld+json\" class=\"yoast-schema-graph\">{\"@context\":\"https:\\\/\\\/schema.org\",\"@graph\":[{\"@type\":\"WebPage\",\"@id\":\"https:\\\/\\\/www.be-cool.nl\\\/fr\\\/portacool-cyclone\\\/\",\"url\":\"https:\\\/\\\/www.be-cool.nl\\\/fr\\\/portacool-cyclone\\\/\",\"name\":\"Portacool Cyclone - Be-Cool\",\"isPartOf\":{\"@id\":\"https:\\\/\\\/www.be-cool.nl\\\/fr\\\/#website\"},\"datePublished\":\"2022-02-21T10:39:08+00:00\",\"dateModified\":\"2022-03-03T10:31:58+00:00\",\"description\":\"Si vous \u00eates \u00e0 la recherche d\u2019un refroidisseur d\u2019air de qualit\u00e9, les refroidisseurs d\u2019air de la s\u00e9rie Cyclone de Portacool sont le bon choix. D\u00e9couvrez la gamme Be-Cool et choisissez la glaci\u00e8re qui convient \u00e0 vos besoins. Besoin de conseils lors du choix? Nous vous avons couvert. Appelez directement au 015-2002116.\",\"breadcrumb\":{\"@id\":\"https:\\\/\\\/www.be-cool.nl\\\/fr\\\/portacool-cyclone\\\/#breadcrumb\"},\"inLanguage\":\"fr-FR\",\"potentialAction\":[{\"@type\":\"ReadAction\",\"target\":[\"https:\\\/\\\/www.be-cool.nl\\\/fr\\\/portacool-cyclone\\\/\"]}]},{\"@type\":\"BreadcrumbList\",\"@id\":\"https:\\\/\\\/www.be-cool.nl\\\/fr\\\/portacool-cyclone\\\/#breadcrumb\",\"itemListElement\":[{\"@type\":\"ListItem\",\"position\":1,\"name\":\"Home\",\"item\":\"https:\\\/\\\/www.be-cool.nl\\\/fr\\\/\"},{\"@type\":\"ListItem\",\"position\":2,\"name\":\"Portacool Cyclone\"}]},{\"@type\":\"WebSite\",\"@id\":\"https:\\\/\\\/www.be-cool.nl\\\/fr\\\/#website\",\"url\":\"https:\\\/\\\/www.be-cool.nl\\\/fr\\\/\",\"name\":\"Be-Cool\",\"description\":\"\",\"publisher\":{\"@id\":\"https:\\\/\\\/www.be-cool.nl\\\/fr\\\/#organization\"},\"potentialAction\":[{\"@type\":\"SearchAction\",\"target\":{\"@type\":\"EntryPoint\",\"urlTemplate\":\"https:\\\/\\\/www.be-cool.nl\\\/fr\\\/?s={search_term_string}\"},\"query-input\":{\"@type\":\"PropertyValueSpecification\",\"valueRequired\":true,\"valueName\":\"search_term_string\"}}],\"inLanguage\":\"fr-FR\"},{\"@type\":\"Organization\",\"@id\":\"https:\\\/\\\/www.be-cool.nl\\\/fr\\\/#organization\",\"name\":\"Be-Cool\",\"url\":\"https:\\\/\\\/www.be-cool.nl\\\/fr\\\/\",\"logo\":{\"@type\":\"ImageObject\",\"inLanguage\":\"fr-FR\",\"@id\":\"https:\\\/\\\/www.be-cool.nl\\\/fr\\\/#\\\/schema\\\/logo\\\/image\\\/\",\"url\":\"https:\\\/\\\/www.be-cool.nl\\\/wp-content\\\/uploads\\\/Be-cool_Logo.png\",\"contentUrl\":\"https:\\\/\\\/www.be-cool.nl\\\/wp-content\\\/uploads\\\/Be-cool_Logo.png\",\"width\":426,\"height\":142,\"caption\":\"Be-Cool\"},\"image\":{\"@id\":\"https:\\\/\\\/www.be-cool.nl\\\/fr\\\/#\\\/schema\\\/logo\\\/image\\\/\"}}]}<\/script>\n<!-- \/ Yoast SEO plugin. -->","yoast_head_json":{"title":"Portacool Cyclone - Be-Cool","description":"Si vous \u00eates \u00e0 la recherche d\u2019un refroidisseur d\u2019air de qualit\u00e9, les refroidisseurs d\u2019air de la s\u00e9rie Cyclone de Portacool sont le bon choix. D\u00e9couvrez la gamme Be-Cool et choisissez la glaci\u00e8re qui convient \u00e0 vos besoins. Besoin de conseils lors du choix? Nous vous avons couvert. Appelez directement au 015-2002116.","robots":{"index":"index","follow":"follow","max-snippet":"max-snippet:-1","max-image-preview":"max-image-preview:large","max-video-preview":"max-video-preview:-1"},"canonical":"https:\/\/www.be-cool.nl\/fr\/portacool-cyclone\/","og_locale":"fr_FR","og_type":"article","og_title":"Portacool Cyclone - Be-Cool","og_description":"Si vous \u00eates \u00e0 la recherche d\u2019un refroidisseur d\u2019air de qualit\u00e9, les refroidisseurs d\u2019air de la s\u00e9rie Cyclone de Portacool sont le bon choix. D\u00e9couvrez la gamme Be-Cool et choisissez la glaci\u00e8re qui convient \u00e0 vos besoins. Besoin de conseils lors du choix? Nous vous avons couvert. Appelez directement au 015-2002116.","og_url":"https:\/\/www.be-cool.nl\/fr\/portacool-cyclone\/","og_site_name":"Be-Cool","article_modified_time":"2022-03-03T10:31:58+00:00","twitter_card":"summary_large_image","twitter_misc":{"Dur\u00e9e de lecture estim\u00e9e":"3 minutes"},"schema":{"@context":"https:\/\/schema.org","@graph":[{"@type":"WebPage","@id":"https:\/\/www.be-cool.nl\/fr\/portacool-cyclone\/","url":"https:\/\/www.be-cool.nl\/fr\/portacool-cyclone\/","name":"Portacool Cyclone - Be-Cool","isPartOf":{"@id":"https:\/\/www.be-cool.nl\/fr\/#website"},"datePublished":"2022-02-21T10:39:08+00:00","dateModified":"2022-03-03T10:31:58+00:00","description":"Si vous \u00eates \u00e0 la recherche d\u2019un refroidisseur d\u2019air de qualit\u00e9, les refroidisseurs d\u2019air de la s\u00e9rie Cyclone de Portacool sont le bon choix. D\u00e9couvrez la gamme Be-Cool et choisissez la glaci\u00e8re qui convient \u00e0 vos besoins. Besoin de conseils lors du choix? Nous vous avons couvert. Appelez directement au 015-2002116.","breadcrumb":{"@id":"https:\/\/www.be-cool.nl\/fr\/portacool-cyclone\/#breadcrumb"},"inLanguage":"fr-FR","potentialAction":[{"@type":"ReadAction","target":["https:\/\/www.be-cool.nl\/fr\/portacool-cyclone\/"]}]},{"@type":"BreadcrumbList","@id":"https:\/\/www.be-cool.nl\/fr\/portacool-cyclone\/#breadcrumb","itemListElement":[{"@type":"ListItem","position":1,"name":"Home","item":"https:\/\/www.be-cool.nl\/fr\/"},{"@type":"ListItem","position":2,"name":"Portacool Cyclone"}]},{"@type":"WebSite","@id":"https:\/\/www.be-cool.nl\/fr\/#website","url":"https:\/\/www.be-cool.nl\/fr\/","name":"Be-Cool","description":"","publisher":{"@id":"https:\/\/www.be-cool.nl\/fr\/#organization"},"potentialAction":[{"@type":"SearchAction","target":{"@type":"EntryPoint","urlTemplate":"https:\/\/www.be-cool.nl\/fr\/?s={search_term_string}"},"query-input":{"@type":"PropertyValueSpecification","valueRequired":true,"valueName":"search_term_string"}}],"inLanguage":"fr-FR"},{"@type":"Organization","@id":"https:\/\/www.be-cool.nl\/fr\/#organization","name":"Be-Cool","url":"https:\/\/www.be-cool.nl\/fr\/","logo":{"@type":"ImageObject","inLanguage":"fr-FR","@id":"https:\/\/www.be-cool.nl\/fr\/#\/schema\/logo\/image\/","url":"https:\/\/www.be-cool.nl\/wp-content\/uploads\/Be-cool_Logo.png","contentUrl":"https:\/\/www.be-cool.nl\/wp-content\/uploads\/Be-cool_Logo.png","width":426,"height":142,"caption":"Be-Cool"},"image":{"@id":"https:\/\/www.be-cool.nl\/fr\/#\/schema\/logo\/image\/"}}]}},"_links":{"self":[{"href":"https:\/\/www.be-cool.nl\/fr\/wp-json\/wp\/v2\/pages\/1010","targetHints":{"allow":["GET"]}}],"collection":[{"href":"https:\/\/www.be-cool.nl\/fr\/wp-json\/wp\/v2\/pages"}],"about":[{"href":"https:\/\/www.be-cool.nl\/fr\/wp-json\/wp\/v2\/types\/page"}],"author":[{"embeddable":true,"href":"https:\/\/www.be-cool.nl\/fr\/wp-json\/wp\/v2\/users\/1"}],"replies":[{"embeddable":true,"href":"https:\/\/www.be-cool.nl\/fr\/wp-json\/wp\/v2\/comments?post=1010"}],"version-history":[{"count":1,"href":"https:\/\/www.be-cool.nl\/fr\/wp-json\/wp\/v2\/pages\/1010\/revisions"}],"predecessor-version":[{"id":1011,"href":"https:\/\/www.be-cool.nl\/fr\/wp-json\/wp\/v2\/pages\/1010\/revisions\/1011"}],"wp:attachment":[{"href":"https:\/\/www.be-cool.nl\/fr\/wp-json\/wp\/v2\/media?parent=1010"}],"curies":[{"name":"wp","href":"https:\/\/api.w.org\/{rel}","templated":true}]}}