{"id":1021,"date":"2022-02-21T11:39:38","date_gmt":"2022-02-21T10:39:38","guid":{"rendered":"https:\/\/www.be-cool.nl\/?page_id=1021"},"modified":"2022-03-03T11:36:23","modified_gmt":"2022-03-03T10:36:23","slug":"portacool-hurricane","status":"publish","type":"page","link":"https:\/\/www.be-cool.nl\/fr\/portacool-hurricane\/","title":{"rendered":"Portacool Hurricane"},"content":{"rendered":"<div class=\"wpb-content-wrapper\"><p>[vc_row][vc_column][vc_column_text]<\/p>\n<h2>La s\u00e9rie Portacool Hurricane<\/h2>\n<p>Vous cherchez un refroidisseur d\u2019air de tr\u00e8s bonne qualit\u00e9? Ensuite, la s\u00e9rie Portacool Hurricane est pour vous. Vous pouvez trouver cette s\u00e9rie de Portacool \u00e0 Be-Cool. Dans cette s\u00e9rie, vous trouverez tr\u00e8s puissant, refroidisseurs d\u2019air mobiles qui le rendent tr\u00e8s facile de donner \u00e0 vos chambres une temp\u00e9rature agr\u00e9able. Curieux de notre gamme? S\u2019il vous pla\u00eet contactez-nous. Bien s\u00fbr, vous pouvez \u00e9galement en savoir plus sur nos unit\u00e9s de refroidissement.[\/vc_column_text][\/vc_column][\/vc_row][vc_row css=\u00a0\u00bb.vc_custom_1548407115588{background-color: #1181c5 !important;}\u00a0\u00bb el_id=\u00a0\u00bbcta\u00a0\u00bb][vc_column width=\u00a0\u00bb3\/4&Prime;][vc_column_text css=\u00a0\u00bb.vc_custom_1517401496437{margin-bottom: 0px !important;}\u00a0\u00bb]<\/p>\n<h3><strong>Vous voulez en savoir plus sur nos syst\u00e8mes de refroidissement?<\/strong><\/h3>\n<p>Voulez-vous en savoir plus sur nos syst\u00e8mes de refroidissement? Veuillez nous contacter pour plus d\u2019informations sur nos produits.[\/vc_column_text][\/vc_column][vc_column width=\u00a0\u00bb1\/4&Prime;][vc_column_text el_class=\u00a0\u00bbcta-img\u00a0\u00bb]<a href=\"tel:0152002116\"><img decoding=\"async\" src=\"https:\/\/www.be-cool.nl\/wp-content\/uploads\/btn-bellen.png\" alt=\"\"><\/a>[\/vc_column_text][\/vc_column][\/vc_row][vc_row][vc_column][vc_column_text]<\/p>\n<h3>Informations sur l\u2019unit\u00e9 de refroidissement hurricane<\/h3>\n<p>Le premier refroidisseur d\u2019air de la s\u00e9rie Hurricane est l\u2019unit\u00e9 de refroidissement hurricane. L\u2019unit\u00e9 de refroidissement contient un panneau de commande num\u00e9rique et un tr\u00e8s grand r\u00e9servoir d\u2019eau. Ce beau refroidisseur d\u2019air a une alarme de niveau d\u2019eau bas. Souhaitez-vous acheter cette unit\u00e9 de refroidissement? Ensuite, il y a les possibilit\u00e9s de financement. La glaci\u00e8re a une puissance d\u2019air de 24 635 m3\/h. Il dispose d\u2019un grand r\u00e9servoir d\u2019eau d\u2019au moins 253 litres et p\u00e8se 122 kg. La glaci\u00e8re peut garder une pi\u00e8ce jusqu\u2019\u00e0 325 m2 de fra\u00eecheur. En termes de dimensions, ce refroidisseur est 194(H) x 188(B) x 89(D).<\/p>\n<h3>L\u2019ouragan 370<\/h3>\n<p>Le Portacool 370 est un refroidisseur adiabatique unique en son genre. Il a une capacit\u00e9 de refroidissement \u00e0 grande vitesse et une puissance d\u2019air \u00e9lev\u00e9e de 48 421 m3\/h. Il s\u2019agit actuellement de la plus puissante refroidisseur par \u00e9vaporation \u00e0 vitesse variable offert sur le march\u00e9. Il dispose \u00e9galement d\u2019un grand r\u00e9servoir d\u2019eau de 284 litres et p\u00e8se 188 kg. Cette glaci\u00e8re peut garder une pi\u00e8ce jusqu\u2019\u00e0 580 m2 fra\u00eeche. En termes de dimensions, ce refroidisseur est de 236(H) x 223(B) x 106(D) cm. La glaci\u00e8re dispose de six brevets Portacool Cat5 Air Boosters et dispose de quatre roues de verrouillage. Lorsque vous achetez ce refroidisseur, vous recevrez une garantie \u00e0 vie sur le bo\u00eetier de refroidissement par \u00e9vaporation contre les d\u00e9fauts de fabrication et une garantie de cinq ans sur tous les composants \u00e9lectriques.<\/p>\n<h3>Choisissez les avantages d\u2019un refroidisseur d\u2019air Portacool<\/h3>\n<p>Nous aimerions \u00e9num\u00e9rer les avantages d\u2019un refroidisseur d\u2019air Portacool pour vous :<\/p>\n<ul>\n<li>Low cost<\/li>\n<li>\u00c9cologique<\/li>\n<li>Pas de frais d\u2019installation<\/li>\n<li>Facile \u00e0 d\u00e9placer<\/li>\n<li>Alimentation en eau par l\u2019interm\u00e9diaire d\u2019un tuyau d\u2019arrosage ou de remplissage<\/li>\n<li>Grande facilit\u00e9 d\u2019utilisation et pratiquement sans entretien<\/li>\n<li>Poss\u00e9der un bo\u00eetier durable en poly\u00e9thyl\u00e8ne coul\u00e9 hors d\u2019un<\/li>\n<li>Id\u00e9al pour refroidir les grands lieux de travail de poussi\u00e8re d\u2019espace<\/li>\n<\/ul>\n<h3>Nous vous informerons davantage<\/h3>\n<p>Avez-vous besoin de plus d\u2019informations sur nos produits? Appelez-nous au <a href=\"tel:0152002116\">015-2002116<\/a> ou envoyez un courriel <a href=\"mailto:info@be-cool.nl\">info@be-cool.nl.<\/a> En outre, vous pouvez remplir le formulaire de contact en ligne sur notre site Web. Vous recevrez plus d\u2019informations sur la s\u00e9rie Portacool Hurricane d\u00e8s que possible.<br \/>\n[\/vc_column_text][\/vc_column][\/vc_row]<\/p>\n<\/div>","protected":false},"excerpt":{"rendered":"<p>[vc_row][vc_column][vc_column_text] La s\u00e9rie Portacool Hurricane Vous cherchez un refroidisseur d\u2019air de tr\u00e8s bonne qualit\u00e9? Ensuite, la s\u00e9rie Portacool Hurricane est pour vous. Vous pouvez trouver<a class=\"moretag\" href=\"https:\/\/www.be-cool.nl\/fr\/portacool-hurricane\/\">&#8230;<\/a><\/p>\n","protected":false},"author":1,"featured_media":0,"parent":0,"menu_order":0,"comment_status":"closed","ping_status":"closed","template":"","meta":{"_glsr_average":0,"_glsr_ranking":0,"_glsr_reviews":0,"footnotes":""},"class_list":["post-1021","page","type-page","status-publish","hentry"],"yoast_head":"<!-- This site is optimized with the Yoast SEO plugin v27.5 - https:\/\/yoast.com\/product\/yoast-seo-wordpress\/ -->\n<title>Portacool Hurricane - Be-Cool<\/title>\n<meta name=\"description\" content=\"Vous \u00eates \u00e0 la recherche d\u2019un refroidisseur d\u2019air de tr\u00e8s bonne qualit\u00e9 pour refroidir vos chambres? Jetez un oeil \u00e0 la gamme de Be-Cool. Par exemple, la s\u00e9rie Hurricane de Portacool. Par exemple, nous vendons l\u2019unit\u00e9 de refroidissement des ouragans et l\u2019ouragan 370. Pour plus d\u2019informations, composez le 015-2002116.\" \/>\n<meta name=\"robots\" content=\"index, follow, max-snippet:-1, max-image-preview:large, max-video-preview:-1\" \/>\n<link rel=\"canonical\" href=\"https:\/\/www.be-cool.nl\/fr\/portacool-hurricane\/\" \/>\n<meta property=\"og:locale\" content=\"fr_FR\" \/>\n<meta property=\"og:type\" content=\"article\" \/>\n<meta property=\"og:title\" content=\"Portacool Hurricane - Be-Cool\" \/>\n<meta property=\"og:description\" content=\"Vous \u00eates \u00e0 la recherche d\u2019un refroidisseur d\u2019air de tr\u00e8s bonne qualit\u00e9 pour refroidir vos chambres? Jetez un oeil \u00e0 la gamme de Be-Cool. Par exemple, la s\u00e9rie Hurricane de Portacool. Par exemple, nous vendons l\u2019unit\u00e9 de refroidissement des ouragans et l\u2019ouragan 370. Pour plus d\u2019informations, composez le 015-2002116.\" \/>\n<meta property=\"og:url\" content=\"https:\/\/www.be-cool.nl\/fr\/portacool-hurricane\/\" \/>\n<meta property=\"og:site_name\" content=\"Be-Cool\" \/>\n<meta property=\"article:modified_time\" content=\"2022-03-03T10:36:23+00:00\" \/>\n<meta property=\"og:image\" content=\"https:\/\/www.be-cool.nl\/wp-content\/uploads\/btn-bellen.png\" \/>\n<meta name=\"twitter:card\" content=\"summary_large_image\" \/>\n<meta name=\"twitter:label1\" content=\"Dur\u00e9e de lecture estim\u00e9e\" \/>\n\t<meta name=\"twitter:data1\" content=\"3 minutes\" \/>\n<script type=\"application\/ld+json\" class=\"yoast-schema-graph\">{\"@context\":\"https:\\\/\\\/schema.org\",\"@graph\":[{\"@type\":\"WebPage\",\"@id\":\"https:\\\/\\\/www.be-cool.nl\\\/fr\\\/portacool-hurricane\\\/\",\"url\":\"https:\\\/\\\/www.be-cool.nl\\\/fr\\\/portacool-hurricane\\\/\",\"name\":\"Portacool Hurricane - Be-Cool\",\"isPartOf\":{\"@id\":\"https:\\\/\\\/www.be-cool.nl\\\/fr\\\/#website\"},\"primaryImageOfPage\":{\"@id\":\"https:\\\/\\\/www.be-cool.nl\\\/fr\\\/portacool-hurricane\\\/#primaryimage\"},\"image\":{\"@id\":\"https:\\\/\\\/www.be-cool.nl\\\/fr\\\/portacool-hurricane\\\/#primaryimage\"},\"thumbnailUrl\":\"https:\\\/\\\/www.be-cool.nl\\\/wp-content\\\/uploads\\\/btn-bellen.png\",\"datePublished\":\"2022-02-21T10:39:38+00:00\",\"dateModified\":\"2022-03-03T10:36:23+00:00\",\"description\":\"Vous \u00eates \u00e0 la recherche d\u2019un refroidisseur d\u2019air de tr\u00e8s bonne qualit\u00e9 pour refroidir vos chambres? Jetez un oeil \u00e0 la gamme de Be-Cool. Par exemple, la s\u00e9rie Hurricane de Portacool. Par exemple, nous vendons l\u2019unit\u00e9 de refroidissement des ouragans et l\u2019ouragan 370. Pour plus d\u2019informations, composez le 015-2002116.\",\"breadcrumb\":{\"@id\":\"https:\\\/\\\/www.be-cool.nl\\\/fr\\\/portacool-hurricane\\\/#breadcrumb\"},\"inLanguage\":\"fr-FR\",\"potentialAction\":[{\"@type\":\"ReadAction\",\"target\":[\"https:\\\/\\\/www.be-cool.nl\\\/fr\\\/portacool-hurricane\\\/\"]}]},{\"@type\":\"ImageObject\",\"inLanguage\":\"fr-FR\",\"@id\":\"https:\\\/\\\/www.be-cool.nl\\\/fr\\\/portacool-hurricane\\\/#primaryimage\",\"url\":\"https:\\\/\\\/www.be-cool.nl\\\/wp-content\\\/uploads\\\/btn-bellen.png\",\"contentUrl\":\"https:\\\/\\\/www.be-cool.nl\\\/wp-content\\\/uploads\\\/btn-bellen.png\"},{\"@type\":\"BreadcrumbList\",\"@id\":\"https:\\\/\\\/www.be-cool.nl\\\/fr\\\/portacool-hurricane\\\/#breadcrumb\",\"itemListElement\":[{\"@type\":\"ListItem\",\"position\":1,\"name\":\"Home\",\"item\":\"https:\\\/\\\/www.be-cool.nl\\\/fr\\\/\"},{\"@type\":\"ListItem\",\"position\":2,\"name\":\"Portacool Hurricane\"}]},{\"@type\":\"WebSite\",\"@id\":\"https:\\\/\\\/www.be-cool.nl\\\/fr\\\/#website\",\"url\":\"https:\\\/\\\/www.be-cool.nl\\\/fr\\\/\",\"name\":\"Be-Cool\",\"description\":\"\",\"publisher\":{\"@id\":\"https:\\\/\\\/www.be-cool.nl\\\/fr\\\/#organization\"},\"potentialAction\":[{\"@type\":\"SearchAction\",\"target\":{\"@type\":\"EntryPoint\",\"urlTemplate\":\"https:\\\/\\\/www.be-cool.nl\\\/fr\\\/?s={search_term_string}\"},\"query-input\":{\"@type\":\"PropertyValueSpecification\",\"valueRequired\":true,\"valueName\":\"search_term_string\"}}],\"inLanguage\":\"fr-FR\"},{\"@type\":\"Organization\",\"@id\":\"https:\\\/\\\/www.be-cool.nl\\\/fr\\\/#organization\",\"name\":\"Be-Cool\",\"url\":\"https:\\\/\\\/www.be-cool.nl\\\/fr\\\/\",\"logo\":{\"@type\":\"ImageObject\",\"inLanguage\":\"fr-FR\",\"@id\":\"https:\\\/\\\/www.be-cool.nl\\\/fr\\\/#\\\/schema\\\/logo\\\/image\\\/\",\"url\":\"https:\\\/\\\/www.be-cool.nl\\\/wp-content\\\/uploads\\\/Be-cool_Logo.png\",\"contentUrl\":\"https:\\\/\\\/www.be-cool.nl\\\/wp-content\\\/uploads\\\/Be-cool_Logo.png\",\"width\":426,\"height\":142,\"caption\":\"Be-Cool\"},\"image\":{\"@id\":\"https:\\\/\\\/www.be-cool.nl\\\/fr\\\/#\\\/schema\\\/logo\\\/image\\\/\"}}]}<\/script>\n<!-- \/ Yoast SEO plugin. -->","yoast_head_json":{"title":"Portacool Hurricane - Be-Cool","description":"Vous \u00eates \u00e0 la recherche d\u2019un refroidisseur d\u2019air de tr\u00e8s bonne qualit\u00e9 pour refroidir vos chambres? Jetez un oeil \u00e0 la gamme de Be-Cool. Par exemple, la s\u00e9rie Hurricane de Portacool. Par exemple, nous vendons l\u2019unit\u00e9 de refroidissement des ouragans et l\u2019ouragan 370. Pour plus d\u2019informations, composez le 015-2002116.","robots":{"index":"index","follow":"follow","max-snippet":"max-snippet:-1","max-image-preview":"max-image-preview:large","max-video-preview":"max-video-preview:-1"},"canonical":"https:\/\/www.be-cool.nl\/fr\/portacool-hurricane\/","og_locale":"fr_FR","og_type":"article","og_title":"Portacool Hurricane - Be-Cool","og_description":"Vous \u00eates \u00e0 la recherche d\u2019un refroidisseur d\u2019air de tr\u00e8s bonne qualit\u00e9 pour refroidir vos chambres? Jetez un oeil \u00e0 la gamme de Be-Cool. Par exemple, la s\u00e9rie Hurricane de Portacool. Par exemple, nous vendons l\u2019unit\u00e9 de refroidissement des ouragans et l\u2019ouragan 370. Pour plus d\u2019informations, composez le 015-2002116.","og_url":"https:\/\/www.be-cool.nl\/fr\/portacool-hurricane\/","og_site_name":"Be-Cool","article_modified_time":"2022-03-03T10:36:23+00:00","og_image":[{"url":"https:\/\/www.be-cool.nl\/wp-content\/uploads\/btn-bellen.png","type":"","width":"","height":""}],"twitter_card":"summary_large_image","twitter_misc":{"Dur\u00e9e de lecture estim\u00e9e":"3 minutes"},"schema":{"@context":"https:\/\/schema.org","@graph":[{"@type":"WebPage","@id":"https:\/\/www.be-cool.nl\/fr\/portacool-hurricane\/","url":"https:\/\/www.be-cool.nl\/fr\/portacool-hurricane\/","name":"Portacool Hurricane - Be-Cool","isPartOf":{"@id":"https:\/\/www.be-cool.nl\/fr\/#website"},"primaryImageOfPage":{"@id":"https:\/\/www.be-cool.nl\/fr\/portacool-hurricane\/#primaryimage"},"image":{"@id":"https:\/\/www.be-cool.nl\/fr\/portacool-hurricane\/#primaryimage"},"thumbnailUrl":"https:\/\/www.be-cool.nl\/wp-content\/uploads\/btn-bellen.png","datePublished":"2022-02-21T10:39:38+00:00","dateModified":"2022-03-03T10:36:23+00:00","description":"Vous \u00eates \u00e0 la recherche d\u2019un refroidisseur d\u2019air de tr\u00e8s bonne qualit\u00e9 pour refroidir vos chambres? Jetez un oeil \u00e0 la gamme de Be-Cool. Par exemple, la s\u00e9rie Hurricane de Portacool. Par exemple, nous vendons l\u2019unit\u00e9 de refroidissement des ouragans et l\u2019ouragan 370. Pour plus d\u2019informations, composez le 015-2002116.","breadcrumb":{"@id":"https:\/\/www.be-cool.nl\/fr\/portacool-hurricane\/#breadcrumb"},"inLanguage":"fr-FR","potentialAction":[{"@type":"ReadAction","target":["https:\/\/www.be-cool.nl\/fr\/portacool-hurricane\/"]}]},{"@type":"ImageObject","inLanguage":"fr-FR","@id":"https:\/\/www.be-cool.nl\/fr\/portacool-hurricane\/#primaryimage","url":"https:\/\/www.be-cool.nl\/wp-content\/uploads\/btn-bellen.png","contentUrl":"https:\/\/www.be-cool.nl\/wp-content\/uploads\/btn-bellen.png"},{"@type":"BreadcrumbList","@id":"https:\/\/www.be-cool.nl\/fr\/portacool-hurricane\/#breadcrumb","itemListElement":[{"@type":"ListItem","position":1,"name":"Home","item":"https:\/\/www.be-cool.nl\/fr\/"},{"@type":"ListItem","position":2,"name":"Portacool Hurricane"}]},{"@type":"WebSite","@id":"https:\/\/www.be-cool.nl\/fr\/#website","url":"https:\/\/www.be-cool.nl\/fr\/","name":"Be-Cool","description":"","publisher":{"@id":"https:\/\/www.be-cool.nl\/fr\/#organization"},"potentialAction":[{"@type":"SearchAction","target":{"@type":"EntryPoint","urlTemplate":"https:\/\/www.be-cool.nl\/fr\/?s={search_term_string}"},"query-input":{"@type":"PropertyValueSpecification","valueRequired":true,"valueName":"search_term_string"}}],"inLanguage":"fr-FR"},{"@type":"Organization","@id":"https:\/\/www.be-cool.nl\/fr\/#organization","name":"Be-Cool","url":"https:\/\/www.be-cool.nl\/fr\/","logo":{"@type":"ImageObject","inLanguage":"fr-FR","@id":"https:\/\/www.be-cool.nl\/fr\/#\/schema\/logo\/image\/","url":"https:\/\/www.be-cool.nl\/wp-content\/uploads\/Be-cool_Logo.png","contentUrl":"https:\/\/www.be-cool.nl\/wp-content\/uploads\/Be-cool_Logo.png","width":426,"height":142,"caption":"Be-Cool"},"image":{"@id":"https:\/\/www.be-cool.nl\/fr\/#\/schema\/logo\/image\/"}}]}},"_links":{"self":[{"href":"https:\/\/www.be-cool.nl\/fr\/wp-json\/wp\/v2\/pages\/1021","targetHints":{"allow":["GET"]}}],"collection":[{"href":"https:\/\/www.be-cool.nl\/fr\/wp-json\/wp\/v2\/pages"}],"about":[{"href":"https:\/\/www.be-cool.nl\/fr\/wp-json\/wp\/v2\/types\/page"}],"author":[{"embeddable":true,"href":"https:\/\/www.be-cool.nl\/fr\/wp-json\/wp\/v2\/users\/1"}],"replies":[{"embeddable":true,"href":"https:\/\/www.be-cool.nl\/fr\/wp-json\/wp\/v2\/comments?post=1021"}],"version-history":[{"count":1,"href":"https:\/\/www.be-cool.nl\/fr\/wp-json\/wp\/v2\/pages\/1021\/revisions"}],"predecessor-version":[{"id":1022,"href":"https:\/\/www.be-cool.nl\/fr\/wp-json\/wp\/v2\/pages\/1021\/revisions\/1022"}],"wp:attachment":[{"href":"https:\/\/www.be-cool.nl\/fr\/wp-json\/wp\/v2\/media?parent=1021"}],"curies":[{"name":"wp","href":"https:\/\/api.w.org\/{rel}","templated":true}]}}