{"id":1042,"date":"2022-02-21T11:40:29","date_gmt":"2022-02-21T10:40:29","guid":{"rendered":"https:\/\/www.be-cool.nl\/?page_id=1042"},"modified":"2024-04-29T09:43:59","modified_gmt":"2024-04-29T07:43:59","slug":"portacool","status":"publish","type":"page","link":"https:\/\/www.be-cool.nl\/fr\/portacool\/","title":{"rendered":"Portacool"},"content":{"rendered":"<div class=\"wpb-content-wrapper\"><p>[vc_row][vc_column][vc_column_text]<\/p>\n<h2>Pour les refroidisseurs Portacool aller \u00e0 Be-Cool<\/h2>\n<p>Vous \u00eates \u00e0 la recherche d\u2019une entreprise o\u00f9 vous pouvez aller pour les glaci\u00e8res de la marque Portacool? Jetez un oeil \u00e0 la large gamme de Be-Cool. Avec nous, vous trouverez toujours la glaci\u00e8re d\u2019air que vous voulez. Avez-vous besoin d\u2019aide pour choisir la bonne glaci\u00e8re? Nous sommes heureux de vous fournir des conseils sur mesure. Vous voulez en savoir plus sur nos refroidisseurs Portacool? S\u2019il vous pla\u00eet contactez-nous directement ou lire la suite et d\u00e9couvrir les possibilit\u00e9s dans le domaine du refroidissement.[\/vc_column_text][\/vc_column][\/vc_row][vc_row content_placement=\u00a0\u00bbmiddle\u00a0\u00bb][vc_column][vc_column_text]<\/p>\n<h3>Refroidisseurs de la s\u00e9rie Portacool<\/h3>\n<p>Be-cool offre des syst\u00e8mes de refroidissement appropri\u00e9s pour toute situation. Avec nous, vous trouverez la s\u00e9rie portacool Jetstream de refroidisseurs d\u2019air. Pour quel espace voulez-vous utiliser la glaci\u00e8re de 84m2 \u00e0 270m2. Transmettez-nous vos besoins de refroidissement de l\u2019air et nous vous aiderons. Les refroidisseurs d\u2019air sont connus pour leur excellente qualit\u00e9 et leur efficacit\u00e9 \u00e9nerg\u00e9tique. En raison de leur moyen de refroidissement \u00e9co\u00e9nerg\u00e9tique, ils sont \u00e9galement tr\u00e8s respectueux de l\u2019environnement et moins cher qu\u2019un refroidissement r\u00e9gulier avec un r\u00e9gime de subvention.[\/vc_column_text][\/vc_column][\/vc_row][vc_row][vc_column][vc_column_text]<\/p>\n<h3>Comment fonctionne une glaci\u00e8re par \u00e9vaporation?<\/h3>\n<p>Comment fonctionne exactement la glaci\u00e8re Portacool? Les refroidisseurs ont un refroidisseur par \u00e9vaporation qui extrait ind\u00e9pendamment la chaleur de l\u2019air par \u00e9vaporation de l\u2019eau. Les plaquettes brevet\u00e9es K\u00fc\u00fcl sont tr\u00e8s importantes pour le refroidissement de l\u2019air. Les plaquettes de papier comprim\u00e9 ont de petits canaux. Ces canaux pompent l\u2019eau qui maintient le chemin entier humide. L\u2019air chaud est aspir\u00e9 \u00e0 travers les coussinets, ce qui provoque l\u2019\u00e9vaporation de l\u2019eau dans les coussinets. Cela cr\u00e9e de l\u2019air froid. En soufflant l\u2019air refroidi, votre espace est refroidi efficacement. La pompe \u00e0 eau dans la glaci\u00e8re pompe l\u2019eau \u00e0 travers les petits canaux des plaquettes. Les plaquettes K\u00fc\u00fcl assurent que l\u2019air chaud est refroidi de 20%. Ils \u00e9liminent \u00e9galement les polluants de l\u2019air. Il fournit \u00e9galement un air plus propre dans votre maison ou b\u00e2timent.[\/vc_column_text][\/vc_column][\/vc_row][vc_row][vc_column][vc_column_text]<\/p>\n<h3>Les caract\u00e9ristiques d\u2019une rang\u00e9e<\/h3>\n<p>Quelles sont les caract\u00e9ristiques des refroidisseurs Portacool? Ils:<\/p>\n<ul class=\"check-icon\">\n<li>Avoir un faible co\u00fbt<\/li>\n<li>Son environnement<\/li>\n<li>N\u2019ont pas de frais d\u2019installation<\/li>\n<li>Sont facilement d\u00e9plac\u00e9s<\/li>\n<li>Avoir l\u2019approvisionnement en eau par l\u2019interm\u00e9diaire d\u2019un tuyau d\u2019arrosage ou de remplissage<\/li>\n<li>Offrez une grande facilit\u00e9 d\u2019utilisation et sont pratiquement sans entretien<\/li>\n<li>Poss\u00e9der un bo\u00eetier durable en poly\u00e9thyl\u00e8ne coul\u00e9 hors d\u2019un<\/li>\n<li>Sont id\u00e9aux pour refroidir les grands lieux de travail de poussi\u00e8re d\u2019espace<\/li>\n<\/ul>\n<h3>Pour plus d\u2019informations, veuillez<\/h3>\n<p>Avez-vous besoin de plus d\u2019informations sur nos produits Portacool? Contactez-nous par t\u00e9l\u00e9phone <a href=\"tel:0152002116\">015-2002116<\/a> ou par courriel <a href=\"mailto:info@be-cool.nl\">info@be-cool.nl.<\/a> Bien s\u00fbr, vous pouvez \u00e9galement laisser un message via notre formulaire de contact en ligne. Nous vous donnerons plus d\u2019informations sur les glaci\u00e8res de Portacool.[\/vc_column_text][\/vc_column][\/vc_row]<\/p>\n<\/div>","protected":false},"excerpt":{"rendered":"<p>[vc_row][vc_column][vc_column_text] Pour les refroidisseurs Portacool aller \u00e0 Be-Cool Vous \u00eates \u00e0 la recherche d\u2019une entreprise o\u00f9 vous pouvez aller pour les glaci\u00e8res de la marque<a class=\"moretag\" href=\"https:\/\/www.be-cool.nl\/fr\/portacool\/\">&#8230;<\/a><\/p>\n","protected":false},"author":1,"featured_media":0,"parent":0,"menu_order":0,"comment_status":"closed","ping_status":"closed","template":"","meta":{"_glsr_average":0,"_glsr_ranking":0,"_glsr_reviews":0,"footnotes":""},"class_list":["post-1042","page","type-page","status-publish","hentry"],"yoast_head":"<!-- This site is optimized with the Yoast SEO plugin v27.5 - https:\/\/yoast.com\/product\/yoast-seo-wordpress\/ -->\n<title>Portacool - Be-Cool<\/title>\n<meta name=\"description\" content=\"Vous \u00eates \u00e0 la recherche d\u2019une entreprise o\u00f9 vous pouvez aller pour les refroidisseurs d\u2019air de Portacool? Appelez le 015-2002116.\" \/>\n<meta name=\"robots\" content=\"index, follow, max-snippet:-1, max-image-preview:large, max-video-preview:-1\" \/>\n<link rel=\"canonical\" href=\"https:\/\/www.be-cool.nl\/fr\/portacool\/\" \/>\n<meta property=\"og:locale\" content=\"fr_FR\" \/>\n<meta property=\"og:type\" content=\"article\" \/>\n<meta property=\"og:title\" content=\"Portacool - Be-Cool\" \/>\n<meta property=\"og:description\" content=\"Vous \u00eates \u00e0 la recherche d\u2019une entreprise o\u00f9 vous pouvez aller pour les refroidisseurs d\u2019air de Portacool? Appelez le 015-2002116.\" \/>\n<meta property=\"og:url\" content=\"https:\/\/www.be-cool.nl\/fr\/portacool\/\" \/>\n<meta property=\"og:site_name\" content=\"Be-Cool\" \/>\n<meta property=\"article:modified_time\" content=\"2024-04-29T07:43:59+00:00\" \/>\n<meta name=\"twitter:card\" content=\"summary_large_image\" \/>\n<meta name=\"twitter:label1\" content=\"Dur\u00e9e de lecture estim\u00e9e\" \/>\n\t<meta name=\"twitter:data1\" content=\"3 minutes\" \/>\n<script type=\"application\/ld+json\" class=\"yoast-schema-graph\">{\"@context\":\"https:\\\/\\\/schema.org\",\"@graph\":[{\"@type\":\"WebPage\",\"@id\":\"https:\\\/\\\/www.be-cool.nl\\\/fr\\\/portacool\\\/\",\"url\":\"https:\\\/\\\/www.be-cool.nl\\\/fr\\\/portacool\\\/\",\"name\":\"Portacool - Be-Cool\",\"isPartOf\":{\"@id\":\"https:\\\/\\\/www.be-cool.nl\\\/fr\\\/#website\"},\"datePublished\":\"2022-02-21T10:40:29+00:00\",\"dateModified\":\"2024-04-29T07:43:59+00:00\",\"description\":\"Vous \u00eates \u00e0 la recherche d\u2019une entreprise o\u00f9 vous pouvez aller pour les refroidisseurs d\u2019air de Portacool? Appelez le 015-2002116.\",\"breadcrumb\":{\"@id\":\"https:\\\/\\\/www.be-cool.nl\\\/fr\\\/portacool\\\/#breadcrumb\"},\"inLanguage\":\"fr-FR\",\"potentialAction\":[{\"@type\":\"ReadAction\",\"target\":[\"https:\\\/\\\/www.be-cool.nl\\\/fr\\\/portacool\\\/\"]}]},{\"@type\":\"BreadcrumbList\",\"@id\":\"https:\\\/\\\/www.be-cool.nl\\\/fr\\\/portacool\\\/#breadcrumb\",\"itemListElement\":[{\"@type\":\"ListItem\",\"position\":1,\"name\":\"Home\",\"item\":\"https:\\\/\\\/www.be-cool.nl\\\/fr\\\/\"},{\"@type\":\"ListItem\",\"position\":2,\"name\":\"Portacool\"}]},{\"@type\":\"WebSite\",\"@id\":\"https:\\\/\\\/www.be-cool.nl\\\/fr\\\/#website\",\"url\":\"https:\\\/\\\/www.be-cool.nl\\\/fr\\\/\",\"name\":\"Be-Cool\",\"description\":\"\",\"publisher\":{\"@id\":\"https:\\\/\\\/www.be-cool.nl\\\/fr\\\/#organization\"},\"potentialAction\":[{\"@type\":\"SearchAction\",\"target\":{\"@type\":\"EntryPoint\",\"urlTemplate\":\"https:\\\/\\\/www.be-cool.nl\\\/fr\\\/?s={search_term_string}\"},\"query-input\":{\"@type\":\"PropertyValueSpecification\",\"valueRequired\":true,\"valueName\":\"search_term_string\"}}],\"inLanguage\":\"fr-FR\"},{\"@type\":\"Organization\",\"@id\":\"https:\\\/\\\/www.be-cool.nl\\\/fr\\\/#organization\",\"name\":\"Be-Cool\",\"url\":\"https:\\\/\\\/www.be-cool.nl\\\/fr\\\/\",\"logo\":{\"@type\":\"ImageObject\",\"inLanguage\":\"fr-FR\",\"@id\":\"https:\\\/\\\/www.be-cool.nl\\\/fr\\\/#\\\/schema\\\/logo\\\/image\\\/\",\"url\":\"https:\\\/\\\/www.be-cool.nl\\\/wp-content\\\/uploads\\\/Be-cool_Logo.png\",\"contentUrl\":\"https:\\\/\\\/www.be-cool.nl\\\/wp-content\\\/uploads\\\/Be-cool_Logo.png\",\"width\":426,\"height\":142,\"caption\":\"Be-Cool\"},\"image\":{\"@id\":\"https:\\\/\\\/www.be-cool.nl\\\/fr\\\/#\\\/schema\\\/logo\\\/image\\\/\"}}]}<\/script>\n<!-- \/ Yoast SEO plugin. -->","yoast_head_json":{"title":"Portacool - Be-Cool","description":"Vous \u00eates \u00e0 la recherche d\u2019une entreprise o\u00f9 vous pouvez aller pour les refroidisseurs d\u2019air de Portacool? Appelez le 015-2002116.","robots":{"index":"index","follow":"follow","max-snippet":"max-snippet:-1","max-image-preview":"max-image-preview:large","max-video-preview":"max-video-preview:-1"},"canonical":"https:\/\/www.be-cool.nl\/fr\/portacool\/","og_locale":"fr_FR","og_type":"article","og_title":"Portacool - Be-Cool","og_description":"Vous \u00eates \u00e0 la recherche d\u2019une entreprise o\u00f9 vous pouvez aller pour les refroidisseurs d\u2019air de Portacool? Appelez le 015-2002116.","og_url":"https:\/\/www.be-cool.nl\/fr\/portacool\/","og_site_name":"Be-Cool","article_modified_time":"2024-04-29T07:43:59+00:00","twitter_card":"summary_large_image","twitter_misc":{"Dur\u00e9e de lecture estim\u00e9e":"3 minutes"},"schema":{"@context":"https:\/\/schema.org","@graph":[{"@type":"WebPage","@id":"https:\/\/www.be-cool.nl\/fr\/portacool\/","url":"https:\/\/www.be-cool.nl\/fr\/portacool\/","name":"Portacool - Be-Cool","isPartOf":{"@id":"https:\/\/www.be-cool.nl\/fr\/#website"},"datePublished":"2022-02-21T10:40:29+00:00","dateModified":"2024-04-29T07:43:59+00:00","description":"Vous \u00eates \u00e0 la recherche d\u2019une entreprise o\u00f9 vous pouvez aller pour les refroidisseurs d\u2019air de Portacool? Appelez le 015-2002116.","breadcrumb":{"@id":"https:\/\/www.be-cool.nl\/fr\/portacool\/#breadcrumb"},"inLanguage":"fr-FR","potentialAction":[{"@type":"ReadAction","target":["https:\/\/www.be-cool.nl\/fr\/portacool\/"]}]},{"@type":"BreadcrumbList","@id":"https:\/\/www.be-cool.nl\/fr\/portacool\/#breadcrumb","itemListElement":[{"@type":"ListItem","position":1,"name":"Home","item":"https:\/\/www.be-cool.nl\/fr\/"},{"@type":"ListItem","position":2,"name":"Portacool"}]},{"@type":"WebSite","@id":"https:\/\/www.be-cool.nl\/fr\/#website","url":"https:\/\/www.be-cool.nl\/fr\/","name":"Be-Cool","description":"","publisher":{"@id":"https:\/\/www.be-cool.nl\/fr\/#organization"},"potentialAction":[{"@type":"SearchAction","target":{"@type":"EntryPoint","urlTemplate":"https:\/\/www.be-cool.nl\/fr\/?s={search_term_string}"},"query-input":{"@type":"PropertyValueSpecification","valueRequired":true,"valueName":"search_term_string"}}],"inLanguage":"fr-FR"},{"@type":"Organization","@id":"https:\/\/www.be-cool.nl\/fr\/#organization","name":"Be-Cool","url":"https:\/\/www.be-cool.nl\/fr\/","logo":{"@type":"ImageObject","inLanguage":"fr-FR","@id":"https:\/\/www.be-cool.nl\/fr\/#\/schema\/logo\/image\/","url":"https:\/\/www.be-cool.nl\/wp-content\/uploads\/Be-cool_Logo.png","contentUrl":"https:\/\/www.be-cool.nl\/wp-content\/uploads\/Be-cool_Logo.png","width":426,"height":142,"caption":"Be-Cool"},"image":{"@id":"https:\/\/www.be-cool.nl\/fr\/#\/schema\/logo\/image\/"}}]}},"_links":{"self":[{"href":"https:\/\/www.be-cool.nl\/fr\/wp-json\/wp\/v2\/pages\/1042","targetHints":{"allow":["GET"]}}],"collection":[{"href":"https:\/\/www.be-cool.nl\/fr\/wp-json\/wp\/v2\/pages"}],"about":[{"href":"https:\/\/www.be-cool.nl\/fr\/wp-json\/wp\/v2\/types\/page"}],"author":[{"embeddable":true,"href":"https:\/\/www.be-cool.nl\/fr\/wp-json\/wp\/v2\/users\/1"}],"replies":[{"embeddable":true,"href":"https:\/\/www.be-cool.nl\/fr\/wp-json\/wp\/v2\/comments?post=1042"}],"version-history":[{"count":3,"href":"https:\/\/www.be-cool.nl\/fr\/wp-json\/wp\/v2\/pages\/1042\/revisions"}],"predecessor-version":[{"id":2545,"href":"https:\/\/www.be-cool.nl\/fr\/wp-json\/wp\/v2\/pages\/1042\/revisions\/2545"}],"wp:attachment":[{"href":"https:\/\/www.be-cool.nl\/fr\/wp-json\/wp\/v2\/media?parent=1042"}],"curies":[{"name":"wp","href":"https:\/\/api.w.org\/{rel}","templated":true}]}}