{"id":1055,"date":"2022-02-21T11:41:29","date_gmt":"2022-02-21T10:41:29","guid":{"rendered":"https:\/\/www.be-cool.nl\/?page_id=1055"},"modified":"2022-03-04T10:33:03","modified_gmt":"2022-03-04T09:33:03","slug":"refroidisseur-par-evaporation","status":"publish","type":"page","link":"https:\/\/www.be-cool.nl\/fr\/refroidisseur-par-evaporation\/","title":{"rendered":"Refroidisseur par \u00e9vaporation"},"content":{"rendered":"<h2>Optez pour le refroidissement par \u00e9vaporation de Be-Cool<\/h2>\n<p>Vous cherchez une entreprise o\u00f9 vous pouvez aller pour une glaci\u00e8re par \u00e9vaporation? Jetez un oeil \u00e0 la gamme de Be-Cool. Avec nous, vous trouverez une large gamme de refroidisseurs par \u00e9vaporation, refroidisseurs mobiles et refroidisseurs de terrasse. Avec nous, vous pouvez compter sur des produits de haute qualit\u00e9 et un excellent service. \u00cates-vous devenu curieux au sujet de nos produits et souhaitez-vous en savoir plus sur notre refroidissement par \u00e9vaporation? Ensuite, lisez-nous ou appelez-nous directement pour acheter un nouveau refroidissement.  <\/p>\n<h3>Refroidissement de l\u2019air avec Portacool<\/h3>\n<p>Le refroidisseur par \u00e9vaporation que nous vendons provient de la marque Portacool. Ce type de refroidisseur dispose d\u2019un syst\u00e8me de refroidissement par \u00e9vaporation unique. Mais qu\u2019est-ce que cela signifie exactement? Vous remarquez l\u2019effet du refroidissement par \u00e9vaporation lorsque vous mettez votre doigt dans un seau d\u2019eau. Lorsque vous soufflez le long de votre doigt, vous vous sentirez coolness en \u00e9vaporant l\u2019eau. C\u2019est aussi ce qu\u2019on appelle le refroidissement adiabatique. Ce syst\u00e8me de refroidissement est id\u00e9al pour les grands espaces ouverts, car il refroidit l\u2019espace d\u2019une mani\u00e8re \u00e9cologique et \u00e9conomique. Cette fa\u00e7on de refroidir est \u00e9conome en \u00e9nergie et beaucoup moins cher qu\u2019un refroidissement r\u00e9gulier.  <\/p>\n<h3>Op\u00e9ration refroidisseur Portacool<\/h3>\n<p>Le refroidisseur par \u00e9vaporation extrait ind\u00e9pendamment la chaleur de l\u2019air par \u00e9vaporation de l\u2019eau. La glaci\u00e8re utilise les plaquettes brevet\u00e9es K\u00fc\u00fcl. Les coussinets, faits de papier comprim\u00e9, contiennent de petits canaux. \u00c0 l\u2019aide d\u2019une pompe \u00e0 eau, l\u2019eau est pomp\u00e9e du r\u00e9servoir d\u2019eau. L\u2019eau pomp\u00e9e peut circuler \u00e0 travers les canaux des coussinets et ainsi garder les coussinets humides partout. L\u2019air chaud est aspir\u00e9 \u00e0 travers les coussinets, apr\u00e8s quoi l\u2019eau dans les coussinets s\u2019\u00e9vapore. Cela assure l\u2019air refroidi. Enfin, l\u2019air est souffl\u00e9 d\u2019une mani\u00e8re puissante. Les pads K\u00fc\u00fcl refroidissent l\u2019air chaud de 20%. Les polluants sont \u00e9galement filtr\u00e9s hors de l\u2019air qui coule par la structure ing\u00e9nieuse et la m\u00e9thode de placement des plaquettes K\u00fc\u00fcl. Vous pouvez \u00e9galement b\u00e9n\u00e9ficier d\u2019un air plus pur.<\/p>\n<h3>Les avantages de nos glaci\u00e8res<\/h3>\n<p>Qu\u2019est-ce qu\u2019une glaci\u00e8re Portacool par \u00e9vaporation a \u00e0 offrir? La glaci\u00e8re:<\/p>\n<ul>\n<li>Est facile \u00e0 d\u00e9placer<\/li>\n<li>A faible co\u00fbt<\/li>\n<li>Est respectueux de l\u2019environnement<\/li>\n<li>N\u2019a pas de co\u00fbts d\u2019installation<\/li>\n<li>A l\u2019approvisionnement en eau par l\u2019interm\u00e9diaire d\u2019un tuyau d\u2019arrosage ou de remplissage<\/li>\n<li>Offre une facilit\u00e9 d\u2019utilisation insouciante et est pratiquement sans entretien<\/li>\n<li>Dispose d\u2019un bo\u00eetier durable en poly\u00e9thyl\u00e8ne coul\u00e9 hors d\u2019une seule pi\u00e8ce<\/li>\n<li>Est id\u00e9al pour refroidir les grands lieux de travail de poussi\u00e8re d\u2019espace<\/li>\n<\/ul>\n<h3>Appelez ou envoyez un courriel pour plus d\u2019informations<\/h3>\n<p>Avez-vous pris un int\u00e9r\u00eat pour nos glaci\u00e8res? Appelez-nous au <a href=\"tel:0152002116\">015-2002116<\/a> ou envoyez un courriel <a href=mailto:info@be-cool.nl> <\/a> info@be-cool.nl. Bien s\u00fbr, vous pouvez \u00e9galement laisser un message via notre formulaire de contact en ligne. Nous serons alors heureux de vous aider avec l\u2019achat d\u2019un refroidisseur d\u2019\u00e9vaporation.<\/p>\n","protected":false},"excerpt":{"rendered":"<p>Optez pour le refroidissement par \u00e9vaporation de Be-Cool Vous cherchez une entreprise o\u00f9 vous pouvez aller pour une glaci\u00e8re par \u00e9vaporation? Jetez un oeil \u00e0<a class=\"moretag\" href=\"https:\/\/www.be-cool.nl\/fr\/refroidisseur-par-evaporation\/\">&#8230;<\/a><\/p>\n","protected":false},"author":1,"featured_media":0,"parent":0,"menu_order":0,"comment_status":"closed","ping_status":"closed","template":"","meta":{"_glsr_average":0,"_glsr_ranking":0,"_glsr_reviews":0,"footnotes":""},"class_list":["post-1055","page","type-page","status-publish","hentry"],"yoast_head":"<!-- This site is optimized with the Yoast SEO plugin v27.3 - https:\/\/yoast.com\/product\/yoast-seo-wordpress\/ -->\n<title>Refroidisseur par \u00e9vaporation - Be-Cool<\/title>\n<meta name=\"description\" content=\"Avez-vous besoin d\u2019une glaci\u00e8re par \u00e9vaporation pour refroidir votre espace? Jetez un oeil \u00e0 la gamme de Be-Cool. Avec nous, vous trouverez une large gamme de glaci\u00e8res de la marque Portacool. Pour plus d\u2019informations sur nos produits, veuillez nous contacter au \u260e 015-2002116.\" \/>\n<meta name=\"robots\" content=\"index, follow, max-snippet:-1, max-image-preview:large, max-video-preview:-1\" \/>\n<link rel=\"canonical\" href=\"https:\/\/www.be-cool.nl\/fr\/refroidisseur-par-evaporation\/\" \/>\n<meta property=\"og:locale\" content=\"fr_FR\" \/>\n<meta property=\"og:type\" content=\"article\" \/>\n<meta property=\"og:title\" content=\"Refroidisseur par \u00e9vaporation - Be-Cool\" \/>\n<meta property=\"og:description\" content=\"Avez-vous besoin d\u2019une glaci\u00e8re par \u00e9vaporation pour refroidir votre espace? Jetez un oeil \u00e0 la gamme de Be-Cool. Avec nous, vous trouverez une large gamme de glaci\u00e8res de la marque Portacool. Pour plus d\u2019informations sur nos produits, veuillez nous contacter au \u260e 015-2002116.\" \/>\n<meta property=\"og:url\" content=\"https:\/\/www.be-cool.nl\/fr\/refroidisseur-par-evaporation\/\" \/>\n<meta property=\"og:site_name\" content=\"Be-Cool\" \/>\n<meta property=\"article:modified_time\" content=\"2022-03-04T09:33:03+00:00\" \/>\n<meta name=\"twitter:card\" content=\"summary_large_image\" \/>\n<meta name=\"twitter:label1\" content=\"Dur\u00e9e de lecture estim\u00e9e\" \/>\n\t<meta name=\"twitter:data1\" content=\"3 minutes\" \/>\n<script type=\"application\/ld+json\" class=\"yoast-schema-graph\">{\"@context\":\"https:\\\/\\\/schema.org\",\"@graph\":[{\"@type\":\"WebPage\",\"@id\":\"https:\\\/\\\/www.be-cool.nl\\\/fr\\\/refroidisseur-par-evaporation\\\/\",\"url\":\"https:\\\/\\\/www.be-cool.nl\\\/fr\\\/refroidisseur-par-evaporation\\\/\",\"name\":\"Refroidisseur par \u00e9vaporation - Be-Cool\",\"isPartOf\":{\"@id\":\"https:\\\/\\\/www.be-cool.nl\\\/fr\\\/#website\"},\"datePublished\":\"2022-02-21T10:41:29+00:00\",\"dateModified\":\"2022-03-04T09:33:03+00:00\",\"description\":\"Avez-vous besoin d\u2019une glaci\u00e8re par \u00e9vaporation pour refroidir votre espace? Jetez un oeil \u00e0 la gamme de Be-Cool. Avec nous, vous trouverez une large gamme de glaci\u00e8res de la marque Portacool. Pour plus d\u2019informations sur nos produits, veuillez nous contacter au \u260e 015-2002116.\",\"breadcrumb\":{\"@id\":\"https:\\\/\\\/www.be-cool.nl\\\/fr\\\/refroidisseur-par-evaporation\\\/#breadcrumb\"},\"inLanguage\":\"fr-FR\",\"potentialAction\":[{\"@type\":\"ReadAction\",\"target\":[\"https:\\\/\\\/www.be-cool.nl\\\/fr\\\/refroidisseur-par-evaporation\\\/\"]}]},{\"@type\":\"BreadcrumbList\",\"@id\":\"https:\\\/\\\/www.be-cool.nl\\\/fr\\\/refroidisseur-par-evaporation\\\/#breadcrumb\",\"itemListElement\":[{\"@type\":\"ListItem\",\"position\":1,\"name\":\"Home\",\"item\":\"https:\\\/\\\/www.be-cool.nl\\\/fr\\\/\"},{\"@type\":\"ListItem\",\"position\":2,\"name\":\"Refroidisseur par \u00e9vaporation\"}]},{\"@type\":\"WebSite\",\"@id\":\"https:\\\/\\\/www.be-cool.nl\\\/fr\\\/#website\",\"url\":\"https:\\\/\\\/www.be-cool.nl\\\/fr\\\/\",\"name\":\"Be-Cool\",\"description\":\"\",\"publisher\":{\"@id\":\"https:\\\/\\\/www.be-cool.nl\\\/fr\\\/#organization\"},\"potentialAction\":[{\"@type\":\"SearchAction\",\"target\":{\"@type\":\"EntryPoint\",\"urlTemplate\":\"https:\\\/\\\/www.be-cool.nl\\\/fr\\\/?s={search_term_string}\"},\"query-input\":{\"@type\":\"PropertyValueSpecification\",\"valueRequired\":true,\"valueName\":\"search_term_string\"}}],\"inLanguage\":\"fr-FR\"},{\"@type\":\"Organization\",\"@id\":\"https:\\\/\\\/www.be-cool.nl\\\/fr\\\/#organization\",\"name\":\"Be-Cool\",\"url\":\"https:\\\/\\\/www.be-cool.nl\\\/fr\\\/\",\"logo\":{\"@type\":\"ImageObject\",\"inLanguage\":\"fr-FR\",\"@id\":\"https:\\\/\\\/www.be-cool.nl\\\/fr\\\/#\\\/schema\\\/logo\\\/image\\\/\",\"url\":\"https:\\\/\\\/www.be-cool.nl\\\/wp-content\\\/uploads\\\/Be-cool_Logo.png\",\"contentUrl\":\"https:\\\/\\\/www.be-cool.nl\\\/wp-content\\\/uploads\\\/Be-cool_Logo.png\",\"width\":426,\"height\":142,\"caption\":\"Be-Cool\"},\"image\":{\"@id\":\"https:\\\/\\\/www.be-cool.nl\\\/fr\\\/#\\\/schema\\\/logo\\\/image\\\/\"}}]}<\/script>\n<!-- \/ Yoast SEO plugin. -->","yoast_head_json":{"title":"Refroidisseur par \u00e9vaporation - Be-Cool","description":"Avez-vous besoin d\u2019une glaci\u00e8re par \u00e9vaporation pour refroidir votre espace? Jetez un oeil \u00e0 la gamme de Be-Cool. Avec nous, vous trouverez une large gamme de glaci\u00e8res de la marque Portacool. Pour plus d\u2019informations sur nos produits, veuillez nous contacter au \u260e 015-2002116.","robots":{"index":"index","follow":"follow","max-snippet":"max-snippet:-1","max-image-preview":"max-image-preview:large","max-video-preview":"max-video-preview:-1"},"canonical":"https:\/\/www.be-cool.nl\/fr\/refroidisseur-par-evaporation\/","og_locale":"fr_FR","og_type":"article","og_title":"Refroidisseur par \u00e9vaporation - Be-Cool","og_description":"Avez-vous besoin d\u2019une glaci\u00e8re par \u00e9vaporation pour refroidir votre espace? Jetez un oeil \u00e0 la gamme de Be-Cool. Avec nous, vous trouverez une large gamme de glaci\u00e8res de la marque Portacool. Pour plus d\u2019informations sur nos produits, veuillez nous contacter au \u260e 015-2002116.","og_url":"https:\/\/www.be-cool.nl\/fr\/refroidisseur-par-evaporation\/","og_site_name":"Be-Cool","article_modified_time":"2022-03-04T09:33:03+00:00","twitter_card":"summary_large_image","twitter_misc":{"Dur\u00e9e de lecture estim\u00e9e":"3 minutes"},"schema":{"@context":"https:\/\/schema.org","@graph":[{"@type":"WebPage","@id":"https:\/\/www.be-cool.nl\/fr\/refroidisseur-par-evaporation\/","url":"https:\/\/www.be-cool.nl\/fr\/refroidisseur-par-evaporation\/","name":"Refroidisseur par \u00e9vaporation - Be-Cool","isPartOf":{"@id":"https:\/\/www.be-cool.nl\/fr\/#website"},"datePublished":"2022-02-21T10:41:29+00:00","dateModified":"2022-03-04T09:33:03+00:00","description":"Avez-vous besoin d\u2019une glaci\u00e8re par \u00e9vaporation pour refroidir votre espace? Jetez un oeil \u00e0 la gamme de Be-Cool. Avec nous, vous trouverez une large gamme de glaci\u00e8res de la marque Portacool. Pour plus d\u2019informations sur nos produits, veuillez nous contacter au \u260e 015-2002116.","breadcrumb":{"@id":"https:\/\/www.be-cool.nl\/fr\/refroidisseur-par-evaporation\/#breadcrumb"},"inLanguage":"fr-FR","potentialAction":[{"@type":"ReadAction","target":["https:\/\/www.be-cool.nl\/fr\/refroidisseur-par-evaporation\/"]}]},{"@type":"BreadcrumbList","@id":"https:\/\/www.be-cool.nl\/fr\/refroidisseur-par-evaporation\/#breadcrumb","itemListElement":[{"@type":"ListItem","position":1,"name":"Home","item":"https:\/\/www.be-cool.nl\/fr\/"},{"@type":"ListItem","position":2,"name":"Refroidisseur par \u00e9vaporation"}]},{"@type":"WebSite","@id":"https:\/\/www.be-cool.nl\/fr\/#website","url":"https:\/\/www.be-cool.nl\/fr\/","name":"Be-Cool","description":"","publisher":{"@id":"https:\/\/www.be-cool.nl\/fr\/#organization"},"potentialAction":[{"@type":"SearchAction","target":{"@type":"EntryPoint","urlTemplate":"https:\/\/www.be-cool.nl\/fr\/?s={search_term_string}"},"query-input":{"@type":"PropertyValueSpecification","valueRequired":true,"valueName":"search_term_string"}}],"inLanguage":"fr-FR"},{"@type":"Organization","@id":"https:\/\/www.be-cool.nl\/fr\/#organization","name":"Be-Cool","url":"https:\/\/www.be-cool.nl\/fr\/","logo":{"@type":"ImageObject","inLanguage":"fr-FR","@id":"https:\/\/www.be-cool.nl\/fr\/#\/schema\/logo\/image\/","url":"https:\/\/www.be-cool.nl\/wp-content\/uploads\/Be-cool_Logo.png","contentUrl":"https:\/\/www.be-cool.nl\/wp-content\/uploads\/Be-cool_Logo.png","width":426,"height":142,"caption":"Be-Cool"},"image":{"@id":"https:\/\/www.be-cool.nl\/fr\/#\/schema\/logo\/image\/"}}]}},"_links":{"self":[{"href":"https:\/\/www.be-cool.nl\/fr\/wp-json\/wp\/v2\/pages\/1055","targetHints":{"allow":["GET"]}}],"collection":[{"href":"https:\/\/www.be-cool.nl\/fr\/wp-json\/wp\/v2\/pages"}],"about":[{"href":"https:\/\/www.be-cool.nl\/fr\/wp-json\/wp\/v2\/types\/page"}],"author":[{"embeddable":true,"href":"https:\/\/www.be-cool.nl\/fr\/wp-json\/wp\/v2\/users\/1"}],"replies":[{"embeddable":true,"href":"https:\/\/www.be-cool.nl\/fr\/wp-json\/wp\/v2\/comments?post=1055"}],"version-history":[{"count":1,"href":"https:\/\/www.be-cool.nl\/fr\/wp-json\/wp\/v2\/pages\/1055\/revisions"}],"predecessor-version":[{"id":1056,"href":"https:\/\/www.be-cool.nl\/fr\/wp-json\/wp\/v2\/pages\/1055\/revisions\/1056"}],"wp:attachment":[{"href":"https:\/\/www.be-cool.nl\/fr\/wp-json\/wp\/v2\/media?parent=1055"}],"curies":[{"name":"wp","href":"https:\/\/api.w.org\/{rel}","templated":true}]}}