{"id":1065,"date":"2022-02-21T11:42:56","date_gmt":"2022-02-21T10:42:56","guid":{"rendered":"https:\/\/www.be-cool.nl\/?page_id=1065"},"modified":"2022-03-04T10:42:46","modified_gmt":"2022-03-04T09:42:46","slug":"refroidisseur-de-terrasse-mobile","status":"publish","type":"page","link":"https:\/\/www.be-cool.nl\/fr\/refroidisseur-de-terrasse-mobile\/","title":{"rendered":"Refroidisseur de terrasse mobile"},"content":{"rendered":"<h2>Notre terrasse mobile refroidisseur<\/h2>\n<p>Vous \u00eates \u00e0 la recherche d\u2019une entreprise o\u00f9 vous pouvez aller pour une bonne terrasse refroidisseur? Optez pour les refroidisseurs de terrasse mobile de Be-Cool. Nous nous sp\u00e9cialisons dans les syst\u00e8mes de refroidissement et sommes heureux de vous aider \u00e0 refroidir votre espace ou terrasse de la bonne fa\u00e7on. Nos refroidisseurs de terrasse sont de la meilleure qualit\u00e9. Lorsque vous achetez un refroidisseur d\u2019air chez nous, vous pouvez \u00e9galement compter sur un excellent service. Souhaitez-vous en savoir plus sur nos produits? Alors lisez la suite.<\/p>\n<h3>Fonctionnement de nos refroidisseurs mobiles<\/h3>\n<p>Nos refroidisseurs de terrasse utilisent un syst\u00e8me sp\u00e9cial de refroidissement par \u00e9vaporation. Ce syst\u00e8me extrait la chaleur de l\u2019air \u00e0 l\u2019aide de l\u2019\u00e9vaporation de l\u2019eau. Ceci est rendu possible par les plaquettes brevet\u00e9es K\u00fc\u00fcl dans l\u2019appareil. Ces coussinets contiennent de petits canaux. La pompe \u00e0 eau pompe l\u2019eau du r\u00e9servoir d\u2019eau \u00e0 travers ces canaux et donc les coussinets sont maintenus uniform\u00e9ment humides. Ensuite, l\u2019air chaud est aspir\u00e9 hors de la pi\u00e8ce le long du chemin. L\u2019eau s\u2019\u00e9vapore, cr\u00e9ant de l\u2019air froid. Enfin, la glaci\u00e8re de patio mobile assure que l\u2019air froid est puissamment souffl\u00e9. Un grand avantage des pads K\u00fc\u00fcl est qu\u2019ils refroidissent l\u2019air 20% de plus. En plus de refroidir l\u2019air, ils filtrent \u00e9galement les polluants hors de l\u2019air. Avec nos glaci\u00e8res mobiles, vous pouvez \u00e9galement profiter d\u2019un air plus pur dans vos chambres.  <\/p>\n<h3>Refroidissement d\u2019une mani\u00e8re respectueuse de l\u2019environnement<\/h3>\n<p>Nos refroidisseurs mobiles ont de nombreux avantages \u00e0 vous offrir. Par exemple, notre refroidisseur de terrasse est tr\u00e8s \u00e9conome en \u00e9nergie et peut facilement refroidir votre terrasse d\u2019une mani\u00e8re efficace en \u00e9t\u00e9. Parce que la glaci\u00e8re de la terrasse est si \u00e9conome en \u00e9nergie, c\u2019est aussi un achat \u00e9cologiquement sain. En outre, son efficacit\u00e9 \u00e9nerg\u00e9tique garantit qu\u2019avec ce refroidisseur mobile vous \u00eates beaucoup moins cher que d\u2019une glaci\u00e8re r\u00e9guli\u00e8re. Voulez-vous acheter cette terrasse plus fra\u00eeche? Ensuite, il y a aussi les possibilit\u00e9s de subventions.<\/p>\n<h3>Caract\u00e9ristiques de refroidisseur de patio mobile<\/h3>\n<p>La glaci\u00e8re terrasse a un beau look unique avec un panneau num\u00e9rique. Il est facile \u00e0 remplir en cas de besoin. Vous pouvez connecter la glaci\u00e8re \u00e0 un tuyau d\u2019arrosage ou vous pouvez la refing manuellement. Le r\u00e9servoir d\u2019eau a une capacit\u00e9 de 76 litres. Il p\u00e8se 75 kg et est facilement mobile l\u00e0 o\u00f9 il est n\u00e9cessaire. Le refroidisseur d\u2019air a une puissance d\u2019air de 4250 m3\/h. Avec son faisceau frais \u00e0 360\u00b0, il peut refroidir une terrasse d\u2019au moins 56 m2.<\/p>\n<h3>Nous tenons \u00e0 vous informer davantage<\/h3>\n<p>Vous \u00eates-vous int\u00e9ress\u00e9 par nos refroidisseurs d\u2019air mobiles ? Veuillez nous contacter directement au <a href=\"tel:0152002116\">015-2002116<\/a>. Vous pouvez envoyer un <a href=mailto:info@be-cool.nl> e-mail info@be-cool.nl ou vous pouvez laisser un message via notre formulaire de contact en <\/a> ligne. Nous sommes heureux de vous aider avec la glaci\u00e8re terrasse mobile que vous voulez.<\/p>\n","protected":false},"excerpt":{"rendered":"<p>Notre terrasse mobile refroidisseur Vous \u00eates \u00e0 la recherche d\u2019une entreprise o\u00f9 vous pouvez aller pour une bonne terrasse refroidisseur? Optez pour les refroidisseurs de<a class=\"moretag\" href=\"https:\/\/www.be-cool.nl\/fr\/refroidisseur-de-terrasse-mobile\/\">&#8230;<\/a><\/p>\n","protected":false},"author":1,"featured_media":0,"parent":0,"menu_order":0,"comment_status":"closed","ping_status":"closed","template":"","meta":{"_glsr_average":0,"_glsr_ranking":0,"_glsr_reviews":0,"footnotes":""},"class_list":["post-1065","page","type-page","status-publish","hentry"],"yoast_head":"<!-- This site is optimized with the Yoast SEO plugin v27.5 - https:\/\/yoast.com\/product\/yoast-seo-wordpress\/ -->\n<title>Refroidisseur de terrasse mobile - Be-Cool<\/title>\n<meta name=\"description\" content=\"Avez-vous besoin d\u2019une terrasse plus fra\u00eeche qui refroidit votre terrasse dans le droit chemin? Optez pour la glaci\u00e8re terrasse Be-Cool. Cette glaci\u00e8re a une tr\u00e8s grande capacit\u00e9 de refroidissement et est tr\u00e8s \u00e9conome en \u00e9nergie. Vous voulez en savoir plus sur nos syst\u00e8mes de refroidissement? Contactez-nous par num\u00e9ro de t\u00e9l\u00e9phone \u260e 015-2002116.\" \/>\n<meta name=\"robots\" content=\"index, follow, max-snippet:-1, max-image-preview:large, max-video-preview:-1\" \/>\n<link rel=\"canonical\" href=\"https:\/\/www.be-cool.nl\/fr\/refroidisseur-de-terrasse-mobile\/\" \/>\n<meta property=\"og:locale\" content=\"fr_FR\" \/>\n<meta property=\"og:type\" content=\"article\" \/>\n<meta property=\"og:title\" content=\"Refroidisseur de terrasse mobile - Be-Cool\" \/>\n<meta property=\"og:description\" content=\"Avez-vous besoin d\u2019une terrasse plus fra\u00eeche qui refroidit votre terrasse dans le droit chemin? Optez pour la glaci\u00e8re terrasse Be-Cool. Cette glaci\u00e8re a une tr\u00e8s grande capacit\u00e9 de refroidissement et est tr\u00e8s \u00e9conome en \u00e9nergie. Vous voulez en savoir plus sur nos syst\u00e8mes de refroidissement? Contactez-nous par num\u00e9ro de t\u00e9l\u00e9phone \u260e 015-2002116.\" \/>\n<meta property=\"og:url\" content=\"https:\/\/www.be-cool.nl\/fr\/refroidisseur-de-terrasse-mobile\/\" \/>\n<meta property=\"og:site_name\" content=\"Be-Cool\" \/>\n<meta property=\"article:modified_time\" content=\"2022-03-04T09:42:46+00:00\" \/>\n<meta name=\"twitter:card\" content=\"summary_large_image\" \/>\n<meta name=\"twitter:label1\" content=\"Dur\u00e9e de lecture estim\u00e9e\" \/>\n\t<meta name=\"twitter:data1\" content=\"3 minutes\" \/>\n<script type=\"application\/ld+json\" class=\"yoast-schema-graph\">{\"@context\":\"https:\\\/\\\/schema.org\",\"@graph\":[{\"@type\":\"WebPage\",\"@id\":\"https:\\\/\\\/www.be-cool.nl\\\/fr\\\/refroidisseur-de-terrasse-mobile\\\/\",\"url\":\"https:\\\/\\\/www.be-cool.nl\\\/fr\\\/refroidisseur-de-terrasse-mobile\\\/\",\"name\":\"Refroidisseur de terrasse mobile - Be-Cool\",\"isPartOf\":{\"@id\":\"https:\\\/\\\/www.be-cool.nl\\\/fr\\\/#website\"},\"datePublished\":\"2022-02-21T10:42:56+00:00\",\"dateModified\":\"2022-03-04T09:42:46+00:00\",\"description\":\"Avez-vous besoin d\u2019une terrasse plus fra\u00eeche qui refroidit votre terrasse dans le droit chemin? Optez pour la glaci\u00e8re terrasse Be-Cool. Cette glaci\u00e8re a une tr\u00e8s grande capacit\u00e9 de refroidissement et est tr\u00e8s \u00e9conome en \u00e9nergie. Vous voulez en savoir plus sur nos syst\u00e8mes de refroidissement? Contactez-nous par num\u00e9ro de t\u00e9l\u00e9phone \u260e 015-2002116.\",\"breadcrumb\":{\"@id\":\"https:\\\/\\\/www.be-cool.nl\\\/fr\\\/refroidisseur-de-terrasse-mobile\\\/#breadcrumb\"},\"inLanguage\":\"fr-FR\",\"potentialAction\":[{\"@type\":\"ReadAction\",\"target\":[\"https:\\\/\\\/www.be-cool.nl\\\/fr\\\/refroidisseur-de-terrasse-mobile\\\/\"]}]},{\"@type\":\"BreadcrumbList\",\"@id\":\"https:\\\/\\\/www.be-cool.nl\\\/fr\\\/refroidisseur-de-terrasse-mobile\\\/#breadcrumb\",\"itemListElement\":[{\"@type\":\"ListItem\",\"position\":1,\"name\":\"Home\",\"item\":\"https:\\\/\\\/www.be-cool.nl\\\/fr\\\/\"},{\"@type\":\"ListItem\",\"position\":2,\"name\":\"Refroidisseur de terrasse mobile\"}]},{\"@type\":\"WebSite\",\"@id\":\"https:\\\/\\\/www.be-cool.nl\\\/fr\\\/#website\",\"url\":\"https:\\\/\\\/www.be-cool.nl\\\/fr\\\/\",\"name\":\"Be-Cool\",\"description\":\"\",\"publisher\":{\"@id\":\"https:\\\/\\\/www.be-cool.nl\\\/fr\\\/#organization\"},\"potentialAction\":[{\"@type\":\"SearchAction\",\"target\":{\"@type\":\"EntryPoint\",\"urlTemplate\":\"https:\\\/\\\/www.be-cool.nl\\\/fr\\\/?s={search_term_string}\"},\"query-input\":{\"@type\":\"PropertyValueSpecification\",\"valueRequired\":true,\"valueName\":\"search_term_string\"}}],\"inLanguage\":\"fr-FR\"},{\"@type\":\"Organization\",\"@id\":\"https:\\\/\\\/www.be-cool.nl\\\/fr\\\/#organization\",\"name\":\"Be-Cool\",\"url\":\"https:\\\/\\\/www.be-cool.nl\\\/fr\\\/\",\"logo\":{\"@type\":\"ImageObject\",\"inLanguage\":\"fr-FR\",\"@id\":\"https:\\\/\\\/www.be-cool.nl\\\/fr\\\/#\\\/schema\\\/logo\\\/image\\\/\",\"url\":\"https:\\\/\\\/www.be-cool.nl\\\/wp-content\\\/uploads\\\/Be-cool_Logo.png\",\"contentUrl\":\"https:\\\/\\\/www.be-cool.nl\\\/wp-content\\\/uploads\\\/Be-cool_Logo.png\",\"width\":426,\"height\":142,\"caption\":\"Be-Cool\"},\"image\":{\"@id\":\"https:\\\/\\\/www.be-cool.nl\\\/fr\\\/#\\\/schema\\\/logo\\\/image\\\/\"}}]}<\/script>\n<!-- \/ Yoast SEO plugin. -->","yoast_head_json":{"title":"Refroidisseur de terrasse mobile - Be-Cool","description":"Avez-vous besoin d\u2019une terrasse plus fra\u00eeche qui refroidit votre terrasse dans le droit chemin? Optez pour la glaci\u00e8re terrasse Be-Cool. Cette glaci\u00e8re a une tr\u00e8s grande capacit\u00e9 de refroidissement et est tr\u00e8s \u00e9conome en \u00e9nergie. Vous voulez en savoir plus sur nos syst\u00e8mes de refroidissement? Contactez-nous par num\u00e9ro de t\u00e9l\u00e9phone \u260e 015-2002116.","robots":{"index":"index","follow":"follow","max-snippet":"max-snippet:-1","max-image-preview":"max-image-preview:large","max-video-preview":"max-video-preview:-1"},"canonical":"https:\/\/www.be-cool.nl\/fr\/refroidisseur-de-terrasse-mobile\/","og_locale":"fr_FR","og_type":"article","og_title":"Refroidisseur de terrasse mobile - Be-Cool","og_description":"Avez-vous besoin d\u2019une terrasse plus fra\u00eeche qui refroidit votre terrasse dans le droit chemin? Optez pour la glaci\u00e8re terrasse Be-Cool. Cette glaci\u00e8re a une tr\u00e8s grande capacit\u00e9 de refroidissement et est tr\u00e8s \u00e9conome en \u00e9nergie. Vous voulez en savoir plus sur nos syst\u00e8mes de refroidissement? Contactez-nous par num\u00e9ro de t\u00e9l\u00e9phone \u260e 015-2002116.","og_url":"https:\/\/www.be-cool.nl\/fr\/refroidisseur-de-terrasse-mobile\/","og_site_name":"Be-Cool","article_modified_time":"2022-03-04T09:42:46+00:00","twitter_card":"summary_large_image","twitter_misc":{"Dur\u00e9e de lecture estim\u00e9e":"3 minutes"},"schema":{"@context":"https:\/\/schema.org","@graph":[{"@type":"WebPage","@id":"https:\/\/www.be-cool.nl\/fr\/refroidisseur-de-terrasse-mobile\/","url":"https:\/\/www.be-cool.nl\/fr\/refroidisseur-de-terrasse-mobile\/","name":"Refroidisseur de terrasse mobile - Be-Cool","isPartOf":{"@id":"https:\/\/www.be-cool.nl\/fr\/#website"},"datePublished":"2022-02-21T10:42:56+00:00","dateModified":"2022-03-04T09:42:46+00:00","description":"Avez-vous besoin d\u2019une terrasse plus fra\u00eeche qui refroidit votre terrasse dans le droit chemin? Optez pour la glaci\u00e8re terrasse Be-Cool. Cette glaci\u00e8re a une tr\u00e8s grande capacit\u00e9 de refroidissement et est tr\u00e8s \u00e9conome en \u00e9nergie. Vous voulez en savoir plus sur nos syst\u00e8mes de refroidissement? Contactez-nous par num\u00e9ro de t\u00e9l\u00e9phone \u260e 015-2002116.","breadcrumb":{"@id":"https:\/\/www.be-cool.nl\/fr\/refroidisseur-de-terrasse-mobile\/#breadcrumb"},"inLanguage":"fr-FR","potentialAction":[{"@type":"ReadAction","target":["https:\/\/www.be-cool.nl\/fr\/refroidisseur-de-terrasse-mobile\/"]}]},{"@type":"BreadcrumbList","@id":"https:\/\/www.be-cool.nl\/fr\/refroidisseur-de-terrasse-mobile\/#breadcrumb","itemListElement":[{"@type":"ListItem","position":1,"name":"Home","item":"https:\/\/www.be-cool.nl\/fr\/"},{"@type":"ListItem","position":2,"name":"Refroidisseur de terrasse mobile"}]},{"@type":"WebSite","@id":"https:\/\/www.be-cool.nl\/fr\/#website","url":"https:\/\/www.be-cool.nl\/fr\/","name":"Be-Cool","description":"","publisher":{"@id":"https:\/\/www.be-cool.nl\/fr\/#organization"},"potentialAction":[{"@type":"SearchAction","target":{"@type":"EntryPoint","urlTemplate":"https:\/\/www.be-cool.nl\/fr\/?s={search_term_string}"},"query-input":{"@type":"PropertyValueSpecification","valueRequired":true,"valueName":"search_term_string"}}],"inLanguage":"fr-FR"},{"@type":"Organization","@id":"https:\/\/www.be-cool.nl\/fr\/#organization","name":"Be-Cool","url":"https:\/\/www.be-cool.nl\/fr\/","logo":{"@type":"ImageObject","inLanguage":"fr-FR","@id":"https:\/\/www.be-cool.nl\/fr\/#\/schema\/logo\/image\/","url":"https:\/\/www.be-cool.nl\/wp-content\/uploads\/Be-cool_Logo.png","contentUrl":"https:\/\/www.be-cool.nl\/wp-content\/uploads\/Be-cool_Logo.png","width":426,"height":142,"caption":"Be-Cool"},"image":{"@id":"https:\/\/www.be-cool.nl\/fr\/#\/schema\/logo\/image\/"}}]}},"_links":{"self":[{"href":"https:\/\/www.be-cool.nl\/fr\/wp-json\/wp\/v2\/pages\/1065","targetHints":{"allow":["GET"]}}],"collection":[{"href":"https:\/\/www.be-cool.nl\/fr\/wp-json\/wp\/v2\/pages"}],"about":[{"href":"https:\/\/www.be-cool.nl\/fr\/wp-json\/wp\/v2\/types\/page"}],"author":[{"embeddable":true,"href":"https:\/\/www.be-cool.nl\/fr\/wp-json\/wp\/v2\/users\/1"}],"replies":[{"embeddable":true,"href":"https:\/\/www.be-cool.nl\/fr\/wp-json\/wp\/v2\/comments?post=1065"}],"version-history":[{"count":1,"href":"https:\/\/www.be-cool.nl\/fr\/wp-json\/wp\/v2\/pages\/1065\/revisions"}],"predecessor-version":[{"id":1066,"href":"https:\/\/www.be-cool.nl\/fr\/wp-json\/wp\/v2\/pages\/1065\/revisions\/1066"}],"wp:attachment":[{"href":"https:\/\/www.be-cool.nl\/fr\/wp-json\/wp\/v2\/media?parent=1065"}],"curies":[{"name":"wp","href":"https:\/\/api.w.org\/{rel}","templated":true}]}}