{"id":821,"date":"2022-02-21T11:38:25","date_gmt":"2022-02-21T10:38:25","guid":{"rendered":"https:\/\/www.be-cool.nl\/?page_id=821"},"modified":"2022-03-02T15:00:20","modified_gmt":"2022-03-02T14:00:20","slug":"refroidisseurs-dair-mobiles","status":"publish","type":"page","link":"https:\/\/www.be-cool.nl\/fr\/refroidisseurs-dair-mobiles\/","title":{"rendered":"Refroidisseurs d\u2019air mobiles"},"content":{"rendered":"<h2>Choisissez notre refroidisseur mobile<\/h2>\n<p>Vous \u00eates \u00e0 la recherche d\u2019un refroidisseur d\u2019air mobile de haute qualit\u00e9? Alors tu vas bien \u00e0 Be-Cool. Nous sommes des sp\u00e9cialistes des syst\u00e8mes de refroidissement tels qu\u2019un refroidisseur mobile, un refroidissement adiabatique, une glaci\u00e8re par \u00e9vaporation et une glaci\u00e8re en terrasse. Nous sommes reconnus pour la qualit\u00e9 de nos produits et notre service raffin\u00e9. Vous voulez en savoir plus sur nos refroidisseurs mobiles? Lisez la suite ou contactez-nous directement pour acheter une nouvelle glaci\u00e8re.<\/p>\n<h3>Les avantages de nos refroidisseurs mobiles<\/h3>\n<p>Les refroidisseurs d\u2019air mobiles de Be-Cool proviennent de la marque Portacool. Ceux-ci utilisent un syst\u00e8me de refroidissement par \u00e9vaporation unique. Ce syst\u00e8me a le grand avantage qu\u2019il peut refroidir de grands espaces ouverts d\u2019une mani\u00e8re \u00e9conomique et \u00e9cologique. Auparavant, c\u2019\u00e9tait beaucoup trop cher ou impossible. Mais avec les refroidisseurs \u00e9conomes en \u00e9nergie de Be-Cool, le refroidissement de grands espaces devient beaucoup moins cher \u00e0 la fois. Mais qu\u2019est-ce que le refroidissement par \u00e9vaporation? Trempez votre doigt dans un verre d\u2019eau, puis soufflez le long du doigt. Vous sentirez alors la fra\u00eecheur qui se produit de l\u2019\u00e9vaporation. C\u2019est un refroidissement adiabatique. De la m\u00eame fa\u00e7on, nos refroidisseurs d\u2019air fonctionnent.  <\/p>\n<h3>L\u2019exploitation des refroidisseurs mobiles Portacool<\/h3>\n<p>Le refroidisseur mobile de Portacool est un refroidisseur d\u2019air autonome o\u00f9 la chaleur est extraite de l\u2019air par \u00e9vaporation de l\u2019eau. Nos plaquettes brevet\u00e9es (\u00e9galement appel\u00e9es plaquettes K\u00fc\u00fcl) sont l\u2019un des composants les plus importants de nos unit\u00e9s Portacool. Ceux-ci sont sp\u00e9cialement fabriqu\u00e9s par Portacool \u00e0 partir de papier comprim\u00e9. L\u2019eau est pomp\u00e9e du r\u00e9servoir d\u2019eau au moyen d\u2019une pompe \u00e0 eau. Dans les coussinets il ya de petits canaux \u00e0 travers lesquels les coussinets sont maintenus uniform\u00e9ment humide avec de l\u2019eau. L\u2019air chaud est aspir\u00e9 directement \u00e0 travers les coussinets \u00e0 l\u2019aide d\u2019un ventilateur. En cons\u00e9quence, l\u2019eau s\u2019\u00e9vapore et l\u2019air est refroidi. L\u2019air frais est alors puissamment souffl\u00e9. Les coussinets K\u00fc\u00fcl sp\u00e9ciaux assurent que l\u2019air chaud est refroidi de 20 %. En raison de la structure ing\u00e9nieuse et la m\u00e9thode de placement des plaquettes K\u00fc\u00fcl, les polluants sont filtr\u00e9s hors de l\u2019air qui coule, ce qui rend l\u2019air souffl\u00e9 non seulement beaucoup plus froid, mais aussi beaucoup plus propre.<\/p>\n<h3>Les caract\u00e9ristiques d\u2019un Portacool<\/h3>\n<p>Un Portacool pr\u00e9sente les caract\u00e9ristiques suivantes :<\/p>\n<ul>\n<li>Facile \u00e0 d\u00e9placer<\/li>\n<li>Low cost<\/li>\n<li>\u00c9cologique<\/li>\n<li>Pas de frais d\u2019installation<\/li>\n<li>Alimentation en eau par l\u2019interm\u00e9diaire d\u2019un tuyau d\u2019arrosage ou de remplissage<\/li>\n<li>Facilit\u00e9 d\u2019utilisation insouciante et pratiquement sans entretien<\/li>\n<li>Bo\u00eetier durable en poly\u00e9thyl\u00e8ne coul\u00e9 hors d\u2019un<\/li>\n<li>Id\u00e9al pour refroidir les grands lieux de travail de poussi\u00e8re d\u2019espace<\/li>\n<\/ul>\n<h3>Contactez-nous<\/h3>\n<p>Int\u00e9ress\u00e9 par nos refroidisseurs d\u2019air? Veuillez nous contacter au <a href=\"tel:0152002116\">015-2002116<\/a> ou envoyer un courriel <a href=mailto:info@be-cool.nl> <\/a> info@be-cool.nl. Bien s\u00fbr, vous pouvez \u00e9galement laisser un message dans notre formulaire de contact en ligne. Nous sommes heureux de vous aider avec une glaci\u00e8re mobile.  <\/p>\n","protected":false},"excerpt":{"rendered":"<p>Choisissez notre refroidisseur mobile Vous \u00eates \u00e0 la recherche d\u2019un refroidisseur d\u2019air mobile de haute qualit\u00e9? Alors tu vas bien \u00e0 Be-Cool. Nous sommes des<a class=\"moretag\" href=\"https:\/\/www.be-cool.nl\/fr\/refroidisseurs-dair-mobiles\/\">&#8230;<\/a><\/p>\n","protected":false},"author":1,"featured_media":0,"parent":0,"menu_order":0,"comment_status":"closed","ping_status":"closed","template":"","meta":{"_glsr_average":0,"_glsr_ranking":0,"_glsr_reviews":0,"footnotes":""},"class_list":["post-821","page","type-page","status-publish","hentry"],"yoast_head":"<!-- This site is optimized with the Yoast SEO plugin v27.5 - https:\/\/yoast.com\/product\/yoast-seo-wordpress\/ -->\n<title>Refroidisseurs d\u2019air mobiles - Be-Cool<\/title>\n<meta name=\"description\" content=\"Vous \u00eates \u00e0 la recherche d\u2019une entreprise o\u00f9 vous pouvez aller pour un refroidisseur d\u2019air mobile? Alors tu vas bien \u00e0 Be-Cool. Nous vendons des refroidisseurs d\u2019air de la meilleure qualit\u00e9. Nous offrons \u00e9galement un excellent service. Souhaitez-vous acheter une glaci\u00e8re mobile? Veuillez nous contacter au \u260e 015-2002116.\" \/>\n<meta name=\"robots\" content=\"index, follow, max-snippet:-1, max-image-preview:large, max-video-preview:-1\" \/>\n<link rel=\"canonical\" href=\"https:\/\/www.be-cool.nl\/fr\/refroidisseurs-dair-mobiles\/\" \/>\n<meta property=\"og:locale\" content=\"fr_FR\" \/>\n<meta property=\"og:type\" content=\"article\" \/>\n<meta property=\"og:title\" content=\"Refroidisseurs d\u2019air mobiles - Be-Cool\" \/>\n<meta property=\"og:description\" content=\"Vous \u00eates \u00e0 la recherche d\u2019une entreprise o\u00f9 vous pouvez aller pour un refroidisseur d\u2019air mobile? Alors tu vas bien \u00e0 Be-Cool. Nous vendons des refroidisseurs d\u2019air de la meilleure qualit\u00e9. Nous offrons \u00e9galement un excellent service. Souhaitez-vous acheter une glaci\u00e8re mobile? Veuillez nous contacter au \u260e 015-2002116.\" \/>\n<meta property=\"og:url\" content=\"https:\/\/www.be-cool.nl\/fr\/refroidisseurs-dair-mobiles\/\" \/>\n<meta property=\"og:site_name\" content=\"Be-Cool\" \/>\n<meta property=\"article:modified_time\" content=\"2022-03-02T14:00:20+00:00\" \/>\n<meta name=\"twitter:card\" content=\"summary_large_image\" \/>\n<meta name=\"twitter:label1\" content=\"Dur\u00e9e de lecture estim\u00e9e\" \/>\n\t<meta name=\"twitter:data1\" content=\"3 minutes\" \/>\n<script type=\"application\/ld+json\" class=\"yoast-schema-graph\">{\"@context\":\"https:\\\/\\\/schema.org\",\"@graph\":[{\"@type\":\"WebPage\",\"@id\":\"https:\\\/\\\/www.be-cool.nl\\\/fr\\\/refroidisseurs-dair-mobiles\\\/\",\"url\":\"https:\\\/\\\/www.be-cool.nl\\\/fr\\\/refroidisseurs-dair-mobiles\\\/\",\"name\":\"Refroidisseurs d\u2019air mobiles - Be-Cool\",\"isPartOf\":{\"@id\":\"https:\\\/\\\/www.be-cool.nl\\\/fr\\\/#website\"},\"datePublished\":\"2022-02-21T10:38:25+00:00\",\"dateModified\":\"2022-03-02T14:00:20+00:00\",\"description\":\"Vous \u00eates \u00e0 la recherche d\u2019une entreprise o\u00f9 vous pouvez aller pour un refroidisseur d\u2019air mobile? Alors tu vas bien \u00e0 Be-Cool. Nous vendons des refroidisseurs d\u2019air de la meilleure qualit\u00e9. Nous offrons \u00e9galement un excellent service. Souhaitez-vous acheter une glaci\u00e8re mobile? Veuillez nous contacter au \u260e 015-2002116.\",\"breadcrumb\":{\"@id\":\"https:\\\/\\\/www.be-cool.nl\\\/fr\\\/refroidisseurs-dair-mobiles\\\/#breadcrumb\"},\"inLanguage\":\"fr-FR\",\"potentialAction\":[{\"@type\":\"ReadAction\",\"target\":[\"https:\\\/\\\/www.be-cool.nl\\\/fr\\\/refroidisseurs-dair-mobiles\\\/\"]}]},{\"@type\":\"BreadcrumbList\",\"@id\":\"https:\\\/\\\/www.be-cool.nl\\\/fr\\\/refroidisseurs-dair-mobiles\\\/#breadcrumb\",\"itemListElement\":[{\"@type\":\"ListItem\",\"position\":1,\"name\":\"Home\",\"item\":\"https:\\\/\\\/www.be-cool.nl\\\/fr\\\/\"},{\"@type\":\"ListItem\",\"position\":2,\"name\":\"Refroidisseurs d\u2019air mobiles\"}]},{\"@type\":\"WebSite\",\"@id\":\"https:\\\/\\\/www.be-cool.nl\\\/fr\\\/#website\",\"url\":\"https:\\\/\\\/www.be-cool.nl\\\/fr\\\/\",\"name\":\"Be-Cool\",\"description\":\"\",\"publisher\":{\"@id\":\"https:\\\/\\\/www.be-cool.nl\\\/fr\\\/#organization\"},\"potentialAction\":[{\"@type\":\"SearchAction\",\"target\":{\"@type\":\"EntryPoint\",\"urlTemplate\":\"https:\\\/\\\/www.be-cool.nl\\\/fr\\\/?s={search_term_string}\"},\"query-input\":{\"@type\":\"PropertyValueSpecification\",\"valueRequired\":true,\"valueName\":\"search_term_string\"}}],\"inLanguage\":\"fr-FR\"},{\"@type\":\"Organization\",\"@id\":\"https:\\\/\\\/www.be-cool.nl\\\/fr\\\/#organization\",\"name\":\"Be-Cool\",\"url\":\"https:\\\/\\\/www.be-cool.nl\\\/fr\\\/\",\"logo\":{\"@type\":\"ImageObject\",\"inLanguage\":\"fr-FR\",\"@id\":\"https:\\\/\\\/www.be-cool.nl\\\/fr\\\/#\\\/schema\\\/logo\\\/image\\\/\",\"url\":\"https:\\\/\\\/www.be-cool.nl\\\/wp-content\\\/uploads\\\/Be-cool_Logo.png\",\"contentUrl\":\"https:\\\/\\\/www.be-cool.nl\\\/wp-content\\\/uploads\\\/Be-cool_Logo.png\",\"width\":426,\"height\":142,\"caption\":\"Be-Cool\"},\"image\":{\"@id\":\"https:\\\/\\\/www.be-cool.nl\\\/fr\\\/#\\\/schema\\\/logo\\\/image\\\/\"}}]}<\/script>\n<!-- \/ Yoast SEO plugin. -->","yoast_head_json":{"title":"Refroidisseurs d\u2019air mobiles - Be-Cool","description":"Vous \u00eates \u00e0 la recherche d\u2019une entreprise o\u00f9 vous pouvez aller pour un refroidisseur d\u2019air mobile? Alors tu vas bien \u00e0 Be-Cool. Nous vendons des refroidisseurs d\u2019air de la meilleure qualit\u00e9. Nous offrons \u00e9galement un excellent service. Souhaitez-vous acheter une glaci\u00e8re mobile? Veuillez nous contacter au \u260e 015-2002116.","robots":{"index":"index","follow":"follow","max-snippet":"max-snippet:-1","max-image-preview":"max-image-preview:large","max-video-preview":"max-video-preview:-1"},"canonical":"https:\/\/www.be-cool.nl\/fr\/refroidisseurs-dair-mobiles\/","og_locale":"fr_FR","og_type":"article","og_title":"Refroidisseurs d\u2019air mobiles - Be-Cool","og_description":"Vous \u00eates \u00e0 la recherche d\u2019une entreprise o\u00f9 vous pouvez aller pour un refroidisseur d\u2019air mobile? Alors tu vas bien \u00e0 Be-Cool. Nous vendons des refroidisseurs d\u2019air de la meilleure qualit\u00e9. Nous offrons \u00e9galement un excellent service. Souhaitez-vous acheter une glaci\u00e8re mobile? Veuillez nous contacter au \u260e 015-2002116.","og_url":"https:\/\/www.be-cool.nl\/fr\/refroidisseurs-dair-mobiles\/","og_site_name":"Be-Cool","article_modified_time":"2022-03-02T14:00:20+00:00","twitter_card":"summary_large_image","twitter_misc":{"Dur\u00e9e de lecture estim\u00e9e":"3 minutes"},"schema":{"@context":"https:\/\/schema.org","@graph":[{"@type":"WebPage","@id":"https:\/\/www.be-cool.nl\/fr\/refroidisseurs-dair-mobiles\/","url":"https:\/\/www.be-cool.nl\/fr\/refroidisseurs-dair-mobiles\/","name":"Refroidisseurs d\u2019air mobiles - Be-Cool","isPartOf":{"@id":"https:\/\/www.be-cool.nl\/fr\/#website"},"datePublished":"2022-02-21T10:38:25+00:00","dateModified":"2022-03-02T14:00:20+00:00","description":"Vous \u00eates \u00e0 la recherche d\u2019une entreprise o\u00f9 vous pouvez aller pour un refroidisseur d\u2019air mobile? Alors tu vas bien \u00e0 Be-Cool. Nous vendons des refroidisseurs d\u2019air de la meilleure qualit\u00e9. Nous offrons \u00e9galement un excellent service. Souhaitez-vous acheter une glaci\u00e8re mobile? Veuillez nous contacter au \u260e 015-2002116.","breadcrumb":{"@id":"https:\/\/www.be-cool.nl\/fr\/refroidisseurs-dair-mobiles\/#breadcrumb"},"inLanguage":"fr-FR","potentialAction":[{"@type":"ReadAction","target":["https:\/\/www.be-cool.nl\/fr\/refroidisseurs-dair-mobiles\/"]}]},{"@type":"BreadcrumbList","@id":"https:\/\/www.be-cool.nl\/fr\/refroidisseurs-dair-mobiles\/#breadcrumb","itemListElement":[{"@type":"ListItem","position":1,"name":"Home","item":"https:\/\/www.be-cool.nl\/fr\/"},{"@type":"ListItem","position":2,"name":"Refroidisseurs d\u2019air mobiles"}]},{"@type":"WebSite","@id":"https:\/\/www.be-cool.nl\/fr\/#website","url":"https:\/\/www.be-cool.nl\/fr\/","name":"Be-Cool","description":"","publisher":{"@id":"https:\/\/www.be-cool.nl\/fr\/#organization"},"potentialAction":[{"@type":"SearchAction","target":{"@type":"EntryPoint","urlTemplate":"https:\/\/www.be-cool.nl\/fr\/?s={search_term_string}"},"query-input":{"@type":"PropertyValueSpecification","valueRequired":true,"valueName":"search_term_string"}}],"inLanguage":"fr-FR"},{"@type":"Organization","@id":"https:\/\/www.be-cool.nl\/fr\/#organization","name":"Be-Cool","url":"https:\/\/www.be-cool.nl\/fr\/","logo":{"@type":"ImageObject","inLanguage":"fr-FR","@id":"https:\/\/www.be-cool.nl\/fr\/#\/schema\/logo\/image\/","url":"https:\/\/www.be-cool.nl\/wp-content\/uploads\/Be-cool_Logo.png","contentUrl":"https:\/\/www.be-cool.nl\/wp-content\/uploads\/Be-cool_Logo.png","width":426,"height":142,"caption":"Be-Cool"},"image":{"@id":"https:\/\/www.be-cool.nl\/fr\/#\/schema\/logo\/image\/"}}]}},"_links":{"self":[{"href":"https:\/\/www.be-cool.nl\/fr\/wp-json\/wp\/v2\/pages\/821","targetHints":{"allow":["GET"]}}],"collection":[{"href":"https:\/\/www.be-cool.nl\/fr\/wp-json\/wp\/v2\/pages"}],"about":[{"href":"https:\/\/www.be-cool.nl\/fr\/wp-json\/wp\/v2\/types\/page"}],"author":[{"embeddable":true,"href":"https:\/\/www.be-cool.nl\/fr\/wp-json\/wp\/v2\/users\/1"}],"replies":[{"embeddable":true,"href":"https:\/\/www.be-cool.nl\/fr\/wp-json\/wp\/v2\/comments?post=821"}],"version-history":[{"count":1,"href":"https:\/\/www.be-cool.nl\/fr\/wp-json\/wp\/v2\/pages\/821\/revisions"}],"predecessor-version":[{"id":822,"href":"https:\/\/www.be-cool.nl\/fr\/wp-json\/wp\/v2\/pages\/821\/revisions\/822"}],"wp:attachment":[{"href":"https:\/\/www.be-cool.nl\/fr\/wp-json\/wp\/v2\/media?parent=821"}],"curies":[{"name":"wp","href":"https:\/\/api.w.org\/{rel}","templated":true}]}}