{"id":866,"date":"2022-01-28T17:43:24","date_gmt":"2022-01-28T16:43:24","guid":{"rendered":"https:\/\/www.be-cool.nl\/?page_id=866"},"modified":"2022-03-02T16:02:36","modified_gmt":"2022-03-02T15:02:36","slug":"les-industries","status":"publish","type":"page","link":"https:\/\/www.be-cool.nl\/fr\/les-industries\/","title":{"rendered":"Les industries"},"content":{"rendered":"<div class=\"wpb-content-wrapper\"><p>[vc_row][vc_column][vc_column_text]Depuis notre fondation, nous avons r\u00e9alis\u00e9 diff\u00e9rents types de refroidisseurs d&rsquo;air mobiles pour diverses entreprises et organisations. Gr\u00e2ce au contact personnel et aux bonnes relations \u00e0 long terme, nous savons maintenant quels produits r\u00e9ussissent dans diff\u00e9rents secteurs. Nous avons ou fournissons des refroidisseurs d&rsquo;air mobiles pour les industries suivantes :[\/vc_column_text][\/vc_column][\/vc_row][vc_row][vc_column width=\u00a0\u00bb1\/4&Prime; offset=\u00a0\u00bbvc_col-xs-6&Prime;][vc_column_text]<\/p>\n<p style=\"text-align: center;\"><strong>Construction<\/strong><\/p>\n<p>[\/vc_column_text][vc_single_image image=\u00a0\u00bb439&Prime; img_size=\u00a0\u00bb600&#215;400&Prime;][\/vc_column][vc_column width=\u00a0\u00bb1\/4&Prime; offset=\u00a0\u00bbvc_col-xs-6&Prime;][vc_column_text]<\/p>\n<p style=\"text-align: center;\"><strong>\u00c9v\u00e9nements<\/strong><\/p>\n<p>[\/vc_column_text][vc_single_image image=\u00a0\u00bb440&Prime; img_size=\u00a0\u00bb600&#215;400&Prime;][\/vc_column][vc_column width=\u00a0\u00bb1\/4&Prime; offset=\u00a0\u00bbvc_col-xs-6&Prime;][vc_column_text]<\/p>\n<p style=\"text-align: center;\"><strong> Usine <\/strong><\/p>\n<p>[\/vc_column_text][vc_single_image image=\u00a0\u00bb441&Prime; img_size=\u00a0\u00bb600&#215;400&Prime;][\/vc_column][vc_column width=\u00a0\u00bb1\/4&Prime; offset=\u00a0\u00bbvc_col-xs-6&Prime;][vc_column_text]<\/p>\n<p style=\"text-align: center;\"><strong>Garage<\/strong><\/p>\n<p>[\/vc_column_text][vc_single_image image=\u00a0\u00bb442&Prime; img_size=\u00a0\u00bb600&#215;400&Prime;][\/vc_column][\/vc_row][vc_row][vc_column width=\u00a0\u00bb1\/4&Prime; offset=\u00a0\u00bbvc_col-xs-6&Prime;][vc_column_text]<\/p>\n<p style=\"text-align: center;\"><strong>Cuisines<\/strong><\/p>\n<p>[\/vc_column_text][vc_single_image image=\u00a0\u00bb443&Prime; img_size=\u00a0\u00bb600&#215;400&Prime;][\/vc_column][vc_column width=\u00a0\u00bb1\/4&Prime; offset=\u00a0\u00bbvc_col-xs-6&Prime;][vc_column_text]<\/p>\n<p style=\"text-align: center;\"><strong>Hangar<\/strong><\/p>\n<p>[\/vc_column_text][vc_single_image image=\u00a0\u00bb444&Prime; img_size=\u00a0\u00bb600&#215;400&Prime;][\/vc_column][vc_column width=\u00a0\u00bb1\/4&Prime; offset=\u00a0\u00bbvc_col-xs-6&Prime;][vc_column_text]<\/p>\n<p style=\"text-align: center;\"><strong> Serres <\/strong><\/p>\n<p>[\/vc_column_text][vc_single_image image=\u00a0\u00bb445&Prime; img_size=\u00a0\u00bb600&#215;400&Prime;][\/vc_column][vc_column width=\u00a0\u00bb1\/4&Prime; offset=\u00a0\u00bbvc_col-xs-6&Prime;][vc_column_text]<\/p>\n<p style=\"text-align: center;\"><strong> Arm\u00e9e <\/strong><\/p>\n<p>[\/vc_column_text][vc_single_image image=\u00a0\u00bb446&Prime; img_size=\u00a0\u00bb600&#215;400&Prime;][\/vc_column][\/vc_row][vc_row][vc_column width=\u00a0\u00bb1\/4&Prime; offset=\u00a0\u00bbvc_col-xs-6&Prime;][vc_column_text]<\/p>\n<p style=\"text-align: center;\"><strong> Remises <\/strong><\/p>\n<p>[\/vc_column_text][vc_single_image image=\u00a0\u00bb447&Prime; img_size=\u00a0\u00bb600&#215;400&Prime;][\/vc_column][vc_column width=\u00a0\u00bb1\/4&Prime; offset=\u00a0\u00bbvc_col-xs-6&Prime;][vc_column_text]<\/p>\n<p style=\"text-align: center;\"><strong> D\u00e9pot <\/strong><\/p>\n<p>[\/vc_column_text][vc_single_image image=\u00a0\u00bb448&Prime; img_size=\u00a0\u00bb600&#215;400&Prime;][\/vc_column][vc_column width=\u00a0\u00bb1\/4&Prime; offset=\u00a0\u00bbvc_col-xs-6&Prime;][vc_column_text]<\/p>\n<p style=\"text-align: center;\"><strong> Magasins <\/strong><\/p>\n<p>[\/vc_column_text][vc_single_image image=\u00a0\u00bb449&Prime; img_size=\u00a0\u00bb600&#215;400&Prime;][\/vc_column][vc_column width=\u00a0\u00bb1\/4&Prime; offset=\u00a0\u00bbvc_col-xs-6&Prime;][vc_column_text]<\/p>\n<p style=\"text-align: center;\"><strong>Industrie m\u00e9tallurgique<\/strong><\/p>\n<p>[\/vc_column_text][vc_single_image image=\u00a0\u00bb450&Prime; img_size=\u00a0\u00bb600&#215;400&Prime;][\/vc_column][\/vc_row][vc_row][vc_column width=\u00a0\u00bb1\/4&Prime; offset=\u00a0\u00bbvc_col-xs-6&Prime;][vc_column_text]<\/p>\n<p style=\"text-align: center;\"><strong>Salles d&rsquo;exposition<\/strong><\/p>\n<p>[\/vc_column_text][vc_single_image image=\u00a0\u00bb451&Prime; img_size=\u00a0\u00bb600&#215;400&Prime;][\/vc_column][vc_column width=\u00a0\u00bb1\/4&Prime; offset=\u00a0\u00bbvc_col-xs-6&Prime;][vc_column_text]<\/p>\n<p style=\"text-align: center;\"><strong>Sport<\/strong><\/p>\n<p>[\/vc_column_text][vc_single_image image=\u00a0\u00bb452&Prime; img_size=\u00a0\u00bb600&#215;400&Prime;][\/vc_column][vc_column width=\u00a0\u00bb1\/4&Prime; offset=\u00a0\u00bbvc_col-xs-6&Prime;][vc_column_text]<\/p>\n<p style=\"text-align: center;\"><strong>Terrasse<\/strong><\/p>\n<p>[\/vc_column_text][vc_single_image image=\u00a0\u00bb453&Prime; img_size=\u00a0\u00bb600&#215;400&Prime;][\/vc_column][vc_column width=\u00a0\u00bb1\/4&Prime; offset=\u00a0\u00bbvc_col-xs-6&Prime;][vc_column_text]<\/p>\n<p style=\"text-align: center;\"><strong>Les agriculteurs<\/strong><\/p>\n<p>[\/vc_column_text][vc_single_image image=\u00a0\u00bb454&Prime; img_size=\u00a0\u00bb600&#215;400&Prime;][\/vc_column][\/vc_row]<\/p>\n<\/div>","protected":false},"excerpt":{"rendered":"<p>[vc_row][vc_column][vc_column_text]Depuis notre fondation, nous avons r\u00e9alis\u00e9 diff\u00e9rents types de refroidisseurs d&rsquo;air mobiles pour diverses entreprises et organisations. Gr\u00e2ce au contact personnel et aux bonnes relations<a class=\"moretag\" href=\"https:\/\/www.be-cool.nl\/fr\/les-industries\/\">&#8230;<\/a><\/p>\n","protected":false},"author":1,"featured_media":0,"parent":0,"menu_order":0,"comment_status":"closed","ping_status":"closed","template":"","meta":{"_glsr_average":0,"_glsr_ranking":0,"_glsr_reviews":0,"footnotes":""},"class_list":["post-866","page","type-page","status-publish","hentry"],"yoast_head":"<!-- This site is optimized with the Yoast SEO plugin v27.5 - https:\/\/yoast.com\/product\/yoast-seo-wordpress\/ -->\n<title>Les industries - Be-Cool<\/title>\n<meta name=\"robots\" content=\"index, follow, max-snippet:-1, max-image-preview:large, max-video-preview:-1\" \/>\n<link rel=\"canonical\" href=\"https:\/\/www.be-cool.nl\/fr\/les-industries\/\" \/>\n<meta property=\"og:locale\" content=\"fr_FR\" \/>\n<meta property=\"og:type\" content=\"article\" \/>\n<meta property=\"og:title\" content=\"Les industries - Be-Cool\" \/>\n<meta property=\"og:description\" content=\"[vc_row][vc_column][vc_column_text]Depuis notre fondation, nous avons r\u00e9alis\u00e9 diff\u00e9rents types de refroidisseurs d&rsquo;air mobiles pour diverses entreprises et organisations. Gr\u00e2ce au contact personnel et aux bonnes relations...\" \/>\n<meta property=\"og:url\" content=\"https:\/\/www.be-cool.nl\/fr\/les-industries\/\" \/>\n<meta property=\"og:site_name\" content=\"Be-Cool\" \/>\n<meta property=\"article:modified_time\" content=\"2022-03-02T15:02:36+00:00\" \/>\n<meta name=\"twitter:card\" content=\"summary_large_image\" \/>\n<meta name=\"twitter:label1\" content=\"Dur\u00e9e de lecture estim\u00e9e\" \/>\n\t<meta name=\"twitter:data1\" content=\"1 minute\" \/>\n<script type=\"application\/ld+json\" class=\"yoast-schema-graph\">{\"@context\":\"https:\\\/\\\/schema.org\",\"@graph\":[{\"@type\":\"WebPage\",\"@id\":\"https:\\\/\\\/www.be-cool.nl\\\/fr\\\/les-industries\\\/\",\"url\":\"https:\\\/\\\/www.be-cool.nl\\\/fr\\\/les-industries\\\/\",\"name\":\"Les industries - Be-Cool\",\"isPartOf\":{\"@id\":\"https:\\\/\\\/www.be-cool.nl\\\/fr\\\/#website\"},\"datePublished\":\"2022-01-28T16:43:24+00:00\",\"dateModified\":\"2022-03-02T15:02:36+00:00\",\"breadcrumb\":{\"@id\":\"https:\\\/\\\/www.be-cool.nl\\\/fr\\\/les-industries\\\/#breadcrumb\"},\"inLanguage\":\"fr-FR\",\"potentialAction\":[{\"@type\":\"ReadAction\",\"target\":[\"https:\\\/\\\/www.be-cool.nl\\\/fr\\\/les-industries\\\/\"]}]},{\"@type\":\"BreadcrumbList\",\"@id\":\"https:\\\/\\\/www.be-cool.nl\\\/fr\\\/les-industries\\\/#breadcrumb\",\"itemListElement\":[{\"@type\":\"ListItem\",\"position\":1,\"name\":\"Home\",\"item\":\"https:\\\/\\\/www.be-cool.nl\\\/fr\\\/\"},{\"@type\":\"ListItem\",\"position\":2,\"name\":\"Les industries\"}]},{\"@type\":\"WebSite\",\"@id\":\"https:\\\/\\\/www.be-cool.nl\\\/fr\\\/#website\",\"url\":\"https:\\\/\\\/www.be-cool.nl\\\/fr\\\/\",\"name\":\"Be-Cool\",\"description\":\"\",\"publisher\":{\"@id\":\"https:\\\/\\\/www.be-cool.nl\\\/fr\\\/#organization\"},\"potentialAction\":[{\"@type\":\"SearchAction\",\"target\":{\"@type\":\"EntryPoint\",\"urlTemplate\":\"https:\\\/\\\/www.be-cool.nl\\\/fr\\\/?s={search_term_string}\"},\"query-input\":{\"@type\":\"PropertyValueSpecification\",\"valueRequired\":true,\"valueName\":\"search_term_string\"}}],\"inLanguage\":\"fr-FR\"},{\"@type\":\"Organization\",\"@id\":\"https:\\\/\\\/www.be-cool.nl\\\/fr\\\/#organization\",\"name\":\"Be-Cool\",\"url\":\"https:\\\/\\\/www.be-cool.nl\\\/fr\\\/\",\"logo\":{\"@type\":\"ImageObject\",\"inLanguage\":\"fr-FR\",\"@id\":\"https:\\\/\\\/www.be-cool.nl\\\/fr\\\/#\\\/schema\\\/logo\\\/image\\\/\",\"url\":\"https:\\\/\\\/www.be-cool.nl\\\/wp-content\\\/uploads\\\/Be-cool_Logo.png\",\"contentUrl\":\"https:\\\/\\\/www.be-cool.nl\\\/wp-content\\\/uploads\\\/Be-cool_Logo.png\",\"width\":426,\"height\":142,\"caption\":\"Be-Cool\"},\"image\":{\"@id\":\"https:\\\/\\\/www.be-cool.nl\\\/fr\\\/#\\\/schema\\\/logo\\\/image\\\/\"}}]}<\/script>\n<!-- \/ Yoast SEO plugin. -->","yoast_head_json":{"title":"Les industries - Be-Cool","robots":{"index":"index","follow":"follow","max-snippet":"max-snippet:-1","max-image-preview":"max-image-preview:large","max-video-preview":"max-video-preview:-1"},"canonical":"https:\/\/www.be-cool.nl\/fr\/les-industries\/","og_locale":"fr_FR","og_type":"article","og_title":"Les industries - Be-Cool","og_description":"[vc_row][vc_column][vc_column_text]Depuis notre fondation, nous avons r\u00e9alis\u00e9 diff\u00e9rents types de refroidisseurs d&rsquo;air mobiles pour diverses entreprises et organisations. Gr\u00e2ce au contact personnel et aux bonnes relations...","og_url":"https:\/\/www.be-cool.nl\/fr\/les-industries\/","og_site_name":"Be-Cool","article_modified_time":"2022-03-02T15:02:36+00:00","twitter_card":"summary_large_image","twitter_misc":{"Dur\u00e9e de lecture estim\u00e9e":"1 minute"},"schema":{"@context":"https:\/\/schema.org","@graph":[{"@type":"WebPage","@id":"https:\/\/www.be-cool.nl\/fr\/les-industries\/","url":"https:\/\/www.be-cool.nl\/fr\/les-industries\/","name":"Les industries - Be-Cool","isPartOf":{"@id":"https:\/\/www.be-cool.nl\/fr\/#website"},"datePublished":"2022-01-28T16:43:24+00:00","dateModified":"2022-03-02T15:02:36+00:00","breadcrumb":{"@id":"https:\/\/www.be-cool.nl\/fr\/les-industries\/#breadcrumb"},"inLanguage":"fr-FR","potentialAction":[{"@type":"ReadAction","target":["https:\/\/www.be-cool.nl\/fr\/les-industries\/"]}]},{"@type":"BreadcrumbList","@id":"https:\/\/www.be-cool.nl\/fr\/les-industries\/#breadcrumb","itemListElement":[{"@type":"ListItem","position":1,"name":"Home","item":"https:\/\/www.be-cool.nl\/fr\/"},{"@type":"ListItem","position":2,"name":"Les industries"}]},{"@type":"WebSite","@id":"https:\/\/www.be-cool.nl\/fr\/#website","url":"https:\/\/www.be-cool.nl\/fr\/","name":"Be-Cool","description":"","publisher":{"@id":"https:\/\/www.be-cool.nl\/fr\/#organization"},"potentialAction":[{"@type":"SearchAction","target":{"@type":"EntryPoint","urlTemplate":"https:\/\/www.be-cool.nl\/fr\/?s={search_term_string}"},"query-input":{"@type":"PropertyValueSpecification","valueRequired":true,"valueName":"search_term_string"}}],"inLanguage":"fr-FR"},{"@type":"Organization","@id":"https:\/\/www.be-cool.nl\/fr\/#organization","name":"Be-Cool","url":"https:\/\/www.be-cool.nl\/fr\/","logo":{"@type":"ImageObject","inLanguage":"fr-FR","@id":"https:\/\/www.be-cool.nl\/fr\/#\/schema\/logo\/image\/","url":"https:\/\/www.be-cool.nl\/wp-content\/uploads\/Be-cool_Logo.png","contentUrl":"https:\/\/www.be-cool.nl\/wp-content\/uploads\/Be-cool_Logo.png","width":426,"height":142,"caption":"Be-Cool"},"image":{"@id":"https:\/\/www.be-cool.nl\/fr\/#\/schema\/logo\/image\/"}}]}},"_links":{"self":[{"href":"https:\/\/www.be-cool.nl\/fr\/wp-json\/wp\/v2\/pages\/866","targetHints":{"allow":["GET"]}}],"collection":[{"href":"https:\/\/www.be-cool.nl\/fr\/wp-json\/wp\/v2\/pages"}],"about":[{"href":"https:\/\/www.be-cool.nl\/fr\/wp-json\/wp\/v2\/types\/page"}],"author":[{"embeddable":true,"href":"https:\/\/www.be-cool.nl\/fr\/wp-json\/wp\/v2\/users\/1"}],"replies":[{"embeddable":true,"href":"https:\/\/www.be-cool.nl\/fr\/wp-json\/wp\/v2\/comments?post=866"}],"version-history":[{"count":1,"href":"https:\/\/www.be-cool.nl\/fr\/wp-json\/wp\/v2\/pages\/866\/revisions"}],"predecessor-version":[{"id":867,"href":"https:\/\/www.be-cool.nl\/fr\/wp-json\/wp\/v2\/pages\/866\/revisions\/867"}],"wp:attachment":[{"href":"https:\/\/www.be-cool.nl\/fr\/wp-json\/wp\/v2\/media?parent=866"}],"curies":[{"name":"wp","href":"https:\/\/api.w.org\/{rel}","templated":true}]}}