{"id":899,"date":"2022-02-16T14:03:58","date_gmt":"2022-02-16T13:03:58","guid":{"rendered":"https:\/\/www.be-cool.nl\/?page_id=899"},"modified":"2022-03-02T16:31:11","modified_gmt":"2022-03-02T15:31:11","slug":"experiences","status":"publish","type":"page","link":"https:\/\/www.be-cool.nl\/fr\/experiences\/","title":{"rendered":"Exp\u00e9riences"},"content":{"rendered":"<div class=\"wpb-content-wrapper\"><p>[vc_row el_class=\u00a0\u00bbreviewpage\u00a0\u00bb][vc_column width=\u00a0\u00bb2\/3&Prime;][vc_column_text]<div class=\"shortcode-site-reviews\"><div class=\"glsr glsr-default\" id=\"kzsdecrm\" data-from=\"shortcode\" data-shortcode=\"site_reviews\" data-hide=\"title\" data-pagination=\"true\"><div class=\"glsr-reviews-wrap\">\n    <div class=\"glsr-reviews\">\n        <div class=\"glsr-review\" data-id=\"3610\" data-type=\"local\" id=\"review-3610\" data-assigned='[]'>\n    \n    <div class=\"glsr-review-rating\"><div class=\"glsr-star-rating glsr-stars\" role=\"img\" aria-label=\"Rated 5 out of 5 stars\" data-rating=\"5\" data-reviews=\"0\"><span class=\"glsr-star glsr-star-full\" aria-hidden=\"true\"><\/span><span class=\"glsr-star glsr-star-full\" aria-hidden=\"true\"><\/span><span class=\"glsr-star glsr-star-full\" aria-hidden=\"true\"><\/span><span class=\"glsr-star glsr-star-full\" aria-hidden=\"true\"><\/span><span class=\"glsr-star glsr-star-full\" aria-hidden=\"true\"><\/span><\/div><\/div> <div class=\"glsr-review-date\"><span class=\"glsr-tag-value\">10 f\u00e9vrier 2026<\/span><\/div>\n    \n    <div class=\"glsr-review-content\"><div class=\"glsr-tag-value\" data-expanded=\"false\"><p><\/p><\/div><\/div>\n    \n    <div class=\"glsr-review-author\"><span class=\"glsr-tag-value\">TestReviewer<\/span><\/div>  \n    \n<\/div>\n<div class=\"glsr-review\" data-id=\"418\" data-type=\"local\" id=\"review-418\" data-assigned='[]'>\n    \n    <div class=\"glsr-review-rating\"><div class=\"glsr-star-rating glsr-stars\" role=\"img\" aria-label=\"Rated 5 out of 5 stars\" data-rating=\"5\" data-reviews=\"0\"><span class=\"glsr-star glsr-star-full\" aria-hidden=\"true\"><\/span><span class=\"glsr-star glsr-star-full\" aria-hidden=\"true\"><\/span><span class=\"glsr-star glsr-star-full\" aria-hidden=\"true\"><\/span><span class=\"glsr-star glsr-star-full\" aria-hidden=\"true\"><\/span><span class=\"glsr-star glsr-star-full\" aria-hidden=\"true\"><\/span><\/div><\/div> <div class=\"glsr-review-date\"><span class=\"glsr-tag-value\">5 septembre 2022<\/span><\/div>\n    \n    <div class=\"glsr-review-content\"><div class=\"glsr-tag-value\" data-expanded=\"false\"><p>Wij hebben een koeler aangeschaft voor het magazijn. Gezien de investering eerst een model op proef gehad om te testen. Daarna gelijk een nieuwe aangeschaft. Goede service en prima apparaat!<\/p><\/div><\/div>\n    \n    <div class=\"glsr-review-author\"><span class=\"glsr-tag-value\">New Wave Textiles<\/span><\/div>  \n    \n<\/div>\n<div class=\"glsr-review\" data-id=\"420\" data-type=\"local\" id=\"review-420\" data-assigned='[]'>\n    \n    <div class=\"glsr-review-rating\"><div class=\"glsr-star-rating glsr-stars\" role=\"img\" aria-label=\"Rated 5 out of 5 stars\" data-rating=\"5\" data-reviews=\"0\"><span class=\"glsr-star glsr-star-full\" aria-hidden=\"true\"><\/span><span class=\"glsr-star glsr-star-full\" aria-hidden=\"true\"><\/span><span class=\"glsr-star glsr-star-full\" aria-hidden=\"true\"><\/span><span class=\"glsr-star glsr-star-full\" aria-hidden=\"true\"><\/span><span class=\"glsr-star glsr-star-full\" aria-hidden=\"true\"><\/span><\/div><\/div> <div class=\"glsr-review-date\"><span class=\"glsr-tag-value\">23 juin 2021<\/span><\/div>\n    \n    <div class=\"glsr-review-content\"><div class=\"glsr-tag-value\" data-expanded=\"false\"><p>We hebben aangebouwd en daardoor konden we de temperatuur niet meer goed sturen. Daarom 2 Portacool 270 machines neergezet. Het werkt !! we kunnen de temperatuur weer sturen. Top<\/p><\/div><\/div>\n    \n    <div class=\"glsr-review-author\"><span class=\"glsr-tag-value\">Schipper kozijnen Peter Bleeker<\/span><\/div>  \n    \n<\/div>\n<div class=\"glsr-review\" data-id=\"416\" data-type=\"local\" id=\"review-416\" data-assigned='[]'>\n    \n    <div class=\"glsr-review-rating\"><div class=\"glsr-star-rating glsr-stars\" role=\"img\" aria-label=\"Rated 5 out of 5 stars\" data-rating=\"5\" data-reviews=\"0\"><span class=\"glsr-star glsr-star-full\" aria-hidden=\"true\"><\/span><span class=\"glsr-star glsr-star-full\" aria-hidden=\"true\"><\/span><span class=\"glsr-star glsr-star-full\" aria-hidden=\"true\"><\/span><span class=\"glsr-star glsr-star-full\" aria-hidden=\"true\"><\/span><span class=\"glsr-star glsr-star-full\" aria-hidden=\"true\"><\/span><\/div><\/div> <div class=\"glsr-review-date\"><span class=\"glsr-tag-value\">4 ao\u00fbt 2018<\/span><\/div>\n    \n    <div class=\"glsr-review-content\"><div class=\"glsr-tag-value\" data-expanded=\"false\"><p>Terraskoeler werkt prima. Staat in een zaal om de helft te verfrissen en doet wat verwacht.<\/p><\/div><\/div>\n    \n    <div class=\"glsr-review-author\"><span class=\"glsr-tag-value\">Zaal lindehof hasselt<\/span><\/div>  \n    \n<\/div>\n<div class=\"glsr-review\" data-id=\"414\" data-type=\"local\" id=\"review-414\" data-assigned='[]'>\n    \n    <div class=\"glsr-review-rating\"><div class=\"glsr-star-rating glsr-stars\" role=\"img\" aria-label=\"Rated 5 out of 5 stars\" data-rating=\"5\" data-reviews=\"0\"><span class=\"glsr-star glsr-star-full\" aria-hidden=\"true\"><\/span><span class=\"glsr-star glsr-star-full\" aria-hidden=\"true\"><\/span><span class=\"glsr-star glsr-star-full\" aria-hidden=\"true\"><\/span><span class=\"glsr-star glsr-star-full\" aria-hidden=\"true\"><\/span><span class=\"glsr-star glsr-star-full\" aria-hidden=\"true\"><\/span><\/div><\/div> <div class=\"glsr-review-date\"><span class=\"glsr-tag-value\">4 juin 2018<\/span><\/div>\n    \n    <div class=\"glsr-review-content\"><div class=\"glsr-tag-value\" data-expanded=\"false\"><p>Be-Cool heeft ons goed geholpen en geadviseerd! Zeer tevreden over de service en altijd bereikbaar!<\/p><\/div><\/div>\n    \n    <div class=\"glsr-review-author\"><span class=\"glsr-tag-value\">Aschwin<\/span><\/div>  \n    \n<\/div>\n    <\/div>\n    <div class=\"glsr-pagination\" data-class=\"glsr glsr-default\" data-hide=\"title\" data-id=\"kzsdecrm\" data-pagination=\"true\"><div class=\"pagination\">\n    <nav class=\"navigation\" role=\"navigation\">\n        <h2 class=\"screen-reader-text\">Navigation Site Reviews<\/h2>\n        <div class=\"nav-links\">\n            <span class=\"page-numbers current\" aria-current=\"page\" data-page=\"1\"><span class=\"meta-nav screen-reader-text\">Page <\/span>1<\/span>\n<a class=\"page-numbers\" data-page=\"2\" href=\"https:\/\/www.be-cool.nl\/fr\/experiences\/?reviews-page=2\"><span class=\"meta-nav screen-reader-text\">Page <\/span>2<\/a>\n<a class=\"page-numbers\" data-page=\"3\" href=\"https:\/\/www.be-cool.nl\/fr\/experiences\/?reviews-page=3\"><span class=\"meta-nav screen-reader-text\">Page <\/span>3<\/a>\n<a class=\"page-numbers next\" data-page=\"2\" href=\"https:\/\/www.be-cool.nl\/fr\/experiences\/?reviews-page=2\">Suivant<\/a>\n        <\/div>\n    <\/nav>\n<\/div><\/div>\n<\/div><\/div><\/div>[\/vc_column_text][\/vc_column][vc_column width=\u00a0\u00bb1\/3&Prime;][vc_column_text css=\u00a0\u00bb.vc_custom_1646235048476{margin-bottom: 0px !important;}\u00a0\u00bb]<\/p>\n<h3>Laissez un avis en utilisant le formulaire ci-dessous<\/h3>\n<p>[\/vc_column_text][vc_column_text]<div class=\"shortcode-site-reviews-form\"><div class=\"glsr glsr-default\" id=\"glsr_oisddwzo\" data-from=\"shortcode\" data-shortcode=\"site_reviews_form\"><div class=\"glsr-form-wrap\">\n    <form class=\"glsr-form glsr-review-form\" method=\"post\" enctype=\"multipart\/form-data\">\n        <input type=\"hidden\" name=\"site-reviews[_action]\" value=\"submit-review\" \/>\n<input type=\"hidden\" name=\"site-reviews[_nonce]\" value=\"8ce9756f8e\" \/>\n<input type=\"hidden\" name=\"site-reviews[_post_id]\" value=\"899\" \/>\n<input type=\"hidden\" name=\"site-reviews[_referer]\" value=\"\" \/>\n<input type=\"hidden\" name=\"site-reviews[assigned_posts]\" value=\"\" \/>\n<input type=\"hidden\" name=\"site-reviews[assigned_terms]\" value=\"\" \/>\n<input type=\"hidden\" name=\"site-reviews[assigned_users]\" value=\"\" \/>\n<input type=\"hidden\" name=\"site-reviews[excluded]\" value=\"\" \/>\n<input type=\"hidden\" name=\"site-reviews[form_id]\" value=\"glsr_oisddwzo\" \/>\n<input type=\"hidden\" name=\"site-reviews[form_signature]\" value=\"urCdorYoVmaOlqkvSqYN3g4G0LBRwk7MxW_WJKTsIhJxhmEaP73wlc2cQRUEVkdZEs4Qjmqy_5gk4tgqMdC4CjWl9OAIPAWdPLAdwddKnnX2o_KgTDdvnJ_dj8bVBrP2PH_vI4ytMdNdnY57NBbxjHGqY8OigxtsV5GetvnwhwTiScOsLB55NmOLhFRx9iRiEcZHQc2eq5YzvWhU6TKRfvbDGt8dIq8O9k40c53r2yY3qcFVoAiZdkt7jWFqcl6YCPFhvBqy_d2dBwmFP01qYIPEOZtg8Qg3gEnoV9Ju-uadGHbkn44NE9Lh0B6pedqlSVUYTI_-l0mKAWKS-PszCNJ17lis6SvTiUj4Fvdx0BCKFvwfp1N3Vz-hLugo4dwsisWVotBf3iDYWzUclbOm69dodyOwyfv7qfc-wNUjEVyObTL4O4tes7s6XA\" \/>\n<input type=\"hidden\" name=\"site-reviews[terms_exist]\" value=\"1\" \/>\n<div class=\"glsr-field\" style=\"display:none;\"><label for=\"site-reviews-91cc6b6b-glsr_oisddwzo\">Votre avis<\/label><input type=\"text\" class=\"glsr-input glsr-input-text\" id=\"site-reviews-91cc6b6b-glsr_oisddwzo\" name=\"site-reviews[91cc6b6b]\" value=\"\" \/><\/div>\n<div class=\"glsr-field glsr-field-rating glsr-required\" data-field=\"rating\" data-type=\"rating\">\n    <label class=\"glsr-label\" for=\"glsr_oisddwzo-rating\">\n    <span>Votre note globale<\/span>\n<\/label>\n    <select class=\"browser-default disable-select glsr-select no-wrap no_wrap\" id=\"glsr_oisddwzo-rating\" name=\"site-reviews[rating]\" required><option value=\"\">S\u00e9lectionnez une note<\/option><option value=\"5\">5 \u00e9toiles<\/option><option value=\"4\">4 \u00e9toiles<\/option><option value=\"3\">3 \u00e9toiles<\/option><option value=\"2\">2 \u00e9toiles<\/option><option value=\"1\">1 \u00e9toile<\/option><\/select>\n    <div class=\"glsr-field-error\"><\/div>\n<\/div>\n<div class=\"glsr-field glsr-field-text glsr-required\" data-field=\"title\" data-type=\"text\">\n    <label class=\"glsr-label\" for=\"glsr_oisddwzo-title\">\n    <span>Titre de votre avis<\/span>\n<\/label>\n    <input type=\"text\" class=\"glsr-input glsr-input-text\" id=\"glsr_oisddwzo-title\" name=\"site-reviews[title]\" required placeholder=\"R\u00e9sumez votre avis ou mettez en \u00e9vidence un d\u00e9tail int\u00e9ressant\" value=\"\" \/>\n    <div class=\"glsr-field-error\"><\/div>\n<\/div>\n<div class=\"glsr-field glsr-field-textarea glsr-required\" data-field=\"content\" data-type=\"textarea\">\n    <label class=\"glsr-label\" for=\"glsr_oisddwzo-content\">\n    <span>Votre avis<\/span>\n<\/label>\n    <textarea class=\"glsr-textarea\" id=\"glsr_oisddwzo-content\" name=\"site-reviews[content]\" required placeholder=\"Donnez votre avis\" rows=\"5\"><\/textarea>\n    <div class=\"glsr-field-error\"><\/div>\n<\/div>\n<div class=\"glsr-field glsr-field-text glsr-required\" data-field=\"name\" data-type=\"text\">\n    <label class=\"glsr-label\" for=\"glsr_oisddwzo-name\">\n    <span>Votre nom<\/span>\n<\/label>\n    <input type=\"text\" class=\"glsr-input glsr-input-text\" id=\"glsr_oisddwzo-name\" name=\"site-reviews[name]\" required placeholder=\"Donnez votre nom\" value=\"\" \/>\n    <div class=\"glsr-field-error\"><\/div>\n<\/div>\n<div class=\"glsr-field glsr-field-email glsr-required\" data-field=\"email\" data-type=\"email\">\n    <label class=\"glsr-label\" for=\"glsr_oisddwzo-email\">\n    <span>Votre e-mail<\/span>\n<\/label>\n    <input type=\"email\" class=\"glsr-input glsr-input-email\" id=\"glsr_oisddwzo-email\" name=\"site-reviews[email]\" required placeholder=\"Donnez votre e-mail\" value=\"\" \/>\n    <div class=\"glsr-field-error\"><\/div>\n<\/div>\n<div class=\"glsr-field glsr-field-choice glsr-required\" data-field=\"terms\" data-type=\"toggle\">\n    \n    <div class=\"glsr-field-subgroup\">\n        <span class=\"glsr-field-toggle\">\n    <span>\n        <span class=\"glsr-toggle\"><input type=\"checkbox\" class=\"glsr-input-toggle\" id=\"glsr_oisddwzo-terms-1\" name=\"site-reviews[terms]\" required value=\"1\" \/><span class=\"glsr-toggle-track\"><\/span><\/span>\n    <\/span>\n    <label for=\"glsr_oisddwzo-terms-1\">Cette note est fond\u00e9e sur ma propre exp\u00e9rience et mon v\u00e9ritable avis.<\/label>\n<\/span>\n    <\/div>\n    <div class=\"glsr-field-error\"><\/div>\n<\/div>\n        <div class=\"glsr-form-message\">\n    \n<\/div>\n        <div data-field=\"submit-button\">\n    <div class=\"wp-block-buttons is-layout-flex\">\n        <div class=\"wp-block-button\">\n            <button type=\"submit\" class=\"glsr-button wp-block-button__link wp-element-button\" aria-busy=\"false\" data-loading=\"Submitting, please wait...\">Envoyer un avis<\/button>\n        <\/div>\n    <\/div>\n<\/div>\n    <\/form>\n<\/div><\/div><\/div>[\/vc_column_text][\/vc_column][\/vc_row]<\/p>\n<\/div>","protected":false},"excerpt":{"rendered":"<p>[vc_row el_class=\u00a0\u00bbreviewpage\u00a0\u00bb][vc_column width=\u00a0\u00bb2\/3&Prime;][vc_column_text][\/vc_column_text][\/vc_column][vc_column width=\u00a0\u00bb1\/3&Prime;][vc_column_text css=\u00a0\u00bb.vc_custom_1646235048476{margin-bottom: 0px !important;}\u00a0\u00bb] Laissez un avis en utilisant le formulaire ci-dessous [\/vc_column_text][vc_column_text][\/vc_column_text][\/vc_column][\/vc_row]<\/p>\n","protected":false},"author":1,"featured_media":0,"parent":0,"menu_order":0,"comment_status":"closed","ping_status":"closed","template":"","meta":{"_glsr_average":0,"_glsr_ranking":0,"_glsr_reviews":0,"footnotes":""},"class_list":["post-899","page","type-page","status-publish","hentry"],"yoast_head":"<!-- This site is optimized with the Yoast SEO plugin v27.5 - https:\/\/yoast.com\/product\/yoast-seo-wordpress\/ -->\n<title>Exp\u00e9riences - Be-Cool<\/title>\n<meta name=\"robots\" content=\"index, follow, max-snippet:-1, max-image-preview:large, max-video-preview:-1\" \/>\n<link rel=\"canonical\" href=\"https:\/\/www.be-cool.nl\/fr\/experiences\/\" \/>\n<meta property=\"og:locale\" content=\"fr_FR\" \/>\n<meta property=\"og:type\" content=\"article\" \/>\n<meta property=\"og:title\" content=\"Exp\u00e9riences - Be-Cool\" \/>\n<meta property=\"og:description\" content=\"[vc_row el_class=\u00a0\u00bbreviewpage\u00a0\u00bb][vc_column width=\u00a0\u00bb2\/3&Prime;][vc_column_text][\/vc_column_text][\/vc_column][vc_column width=\u00a0\u00bb1\/3&Prime;][vc_column_text css=\u00a0\u00bb.vc_custom_1646235048476{margin-bottom: 0px !important;}\u00a0\u00bb] Laissez un avis en utilisant le formulaire ci-dessous [\/vc_column_text][vc_column_text][\/vc_column_text][\/vc_column][\/vc_row]\" \/>\n<meta property=\"og:url\" content=\"https:\/\/www.be-cool.nl\/fr\/experiences\/\" \/>\n<meta property=\"og:site_name\" content=\"Be-Cool\" \/>\n<meta property=\"article:modified_time\" content=\"2022-03-02T15:31:11+00:00\" \/>\n<meta name=\"twitter:card\" content=\"summary_large_image\" \/>\n<meta name=\"twitter:label1\" content=\"Dur\u00e9e de lecture estim\u00e9e\" \/>\n\t<meta name=\"twitter:data1\" content=\"1 minute\" \/>\n<script type=\"application\/ld+json\" class=\"yoast-schema-graph\">{\"@context\":\"https:\\\/\\\/schema.org\",\"@graph\":[{\"@type\":\"WebPage\",\"@id\":\"https:\\\/\\\/www.be-cool.nl\\\/fr\\\/experiences\\\/\",\"url\":\"https:\\\/\\\/www.be-cool.nl\\\/fr\\\/experiences\\\/\",\"name\":\"Exp\u00e9riences - Be-Cool\",\"isPartOf\":{\"@id\":\"https:\\\/\\\/www.be-cool.nl\\\/fr\\\/#website\"},\"datePublished\":\"2022-02-16T13:03:58+00:00\",\"dateModified\":\"2022-03-02T15:31:11+00:00\",\"breadcrumb\":{\"@id\":\"https:\\\/\\\/www.be-cool.nl\\\/fr\\\/experiences\\\/#breadcrumb\"},\"inLanguage\":\"fr-FR\",\"potentialAction\":[{\"@type\":\"ReadAction\",\"target\":[\"https:\\\/\\\/www.be-cool.nl\\\/fr\\\/experiences\\\/\"]}]},{\"@type\":\"BreadcrumbList\",\"@id\":\"https:\\\/\\\/www.be-cool.nl\\\/fr\\\/experiences\\\/#breadcrumb\",\"itemListElement\":[{\"@type\":\"ListItem\",\"position\":1,\"name\":\"Home\",\"item\":\"https:\\\/\\\/www.be-cool.nl\\\/fr\\\/\"},{\"@type\":\"ListItem\",\"position\":2,\"name\":\"Exp\u00e9riences\"}]},{\"@type\":\"WebSite\",\"@id\":\"https:\\\/\\\/www.be-cool.nl\\\/fr\\\/#website\",\"url\":\"https:\\\/\\\/www.be-cool.nl\\\/fr\\\/\",\"name\":\"Be-Cool\",\"description\":\"\",\"publisher\":{\"@id\":\"https:\\\/\\\/www.be-cool.nl\\\/fr\\\/#organization\"},\"potentialAction\":[{\"@type\":\"SearchAction\",\"target\":{\"@type\":\"EntryPoint\",\"urlTemplate\":\"https:\\\/\\\/www.be-cool.nl\\\/fr\\\/?s={search_term_string}\"},\"query-input\":{\"@type\":\"PropertyValueSpecification\",\"valueRequired\":true,\"valueName\":\"search_term_string\"}}],\"inLanguage\":\"fr-FR\"},{\"@type\":\"Organization\",\"@id\":\"https:\\\/\\\/www.be-cool.nl\\\/fr\\\/#organization\",\"name\":\"Be-Cool\",\"url\":\"https:\\\/\\\/www.be-cool.nl\\\/fr\\\/\",\"logo\":{\"@type\":\"ImageObject\",\"inLanguage\":\"fr-FR\",\"@id\":\"https:\\\/\\\/www.be-cool.nl\\\/fr\\\/#\\\/schema\\\/logo\\\/image\\\/\",\"url\":\"https:\\\/\\\/www.be-cool.nl\\\/wp-content\\\/uploads\\\/Be-cool_Logo.png\",\"contentUrl\":\"https:\\\/\\\/www.be-cool.nl\\\/wp-content\\\/uploads\\\/Be-cool_Logo.png\",\"width\":426,\"height\":142,\"caption\":\"Be-Cool\"},\"image\":{\"@id\":\"https:\\\/\\\/www.be-cool.nl\\\/fr\\\/#\\\/schema\\\/logo\\\/image\\\/\"}}]}<\/script>\n<!-- \/ Yoast SEO plugin. -->","yoast_head_json":{"title":"Exp\u00e9riences - Be-Cool","robots":{"index":"index","follow":"follow","max-snippet":"max-snippet:-1","max-image-preview":"max-image-preview:large","max-video-preview":"max-video-preview:-1"},"canonical":"https:\/\/www.be-cool.nl\/fr\/experiences\/","og_locale":"fr_FR","og_type":"article","og_title":"Exp\u00e9riences - Be-Cool","og_description":"[vc_row el_class=\u00a0\u00bbreviewpage\u00a0\u00bb][vc_column width=\u00a0\u00bb2\/3&Prime;][vc_column_text][\/vc_column_text][\/vc_column][vc_column width=\u00a0\u00bb1\/3&Prime;][vc_column_text css=\u00a0\u00bb.vc_custom_1646235048476{margin-bottom: 0px !important;}\u00a0\u00bb] Laissez un avis en utilisant le formulaire ci-dessous [\/vc_column_text][vc_column_text][\/vc_column_text][\/vc_column][\/vc_row]","og_url":"https:\/\/www.be-cool.nl\/fr\/experiences\/","og_site_name":"Be-Cool","article_modified_time":"2022-03-02T15:31:11+00:00","twitter_card":"summary_large_image","twitter_misc":{"Dur\u00e9e de lecture estim\u00e9e":"1 minute"},"schema":{"@context":"https:\/\/schema.org","@graph":[{"@type":"WebPage","@id":"https:\/\/www.be-cool.nl\/fr\/experiences\/","url":"https:\/\/www.be-cool.nl\/fr\/experiences\/","name":"Exp\u00e9riences - Be-Cool","isPartOf":{"@id":"https:\/\/www.be-cool.nl\/fr\/#website"},"datePublished":"2022-02-16T13:03:58+00:00","dateModified":"2022-03-02T15:31:11+00:00","breadcrumb":{"@id":"https:\/\/www.be-cool.nl\/fr\/experiences\/#breadcrumb"},"inLanguage":"fr-FR","potentialAction":[{"@type":"ReadAction","target":["https:\/\/www.be-cool.nl\/fr\/experiences\/"]}]},{"@type":"BreadcrumbList","@id":"https:\/\/www.be-cool.nl\/fr\/experiences\/#breadcrumb","itemListElement":[{"@type":"ListItem","position":1,"name":"Home","item":"https:\/\/www.be-cool.nl\/fr\/"},{"@type":"ListItem","position":2,"name":"Exp\u00e9riences"}]},{"@type":"WebSite","@id":"https:\/\/www.be-cool.nl\/fr\/#website","url":"https:\/\/www.be-cool.nl\/fr\/","name":"Be-Cool","description":"","publisher":{"@id":"https:\/\/www.be-cool.nl\/fr\/#organization"},"potentialAction":[{"@type":"SearchAction","target":{"@type":"EntryPoint","urlTemplate":"https:\/\/www.be-cool.nl\/fr\/?s={search_term_string}"},"query-input":{"@type":"PropertyValueSpecification","valueRequired":true,"valueName":"search_term_string"}}],"inLanguage":"fr-FR"},{"@type":"Organization","@id":"https:\/\/www.be-cool.nl\/fr\/#organization","name":"Be-Cool","url":"https:\/\/www.be-cool.nl\/fr\/","logo":{"@type":"ImageObject","inLanguage":"fr-FR","@id":"https:\/\/www.be-cool.nl\/fr\/#\/schema\/logo\/image\/","url":"https:\/\/www.be-cool.nl\/wp-content\/uploads\/Be-cool_Logo.png","contentUrl":"https:\/\/www.be-cool.nl\/wp-content\/uploads\/Be-cool_Logo.png","width":426,"height":142,"caption":"Be-Cool"},"image":{"@id":"https:\/\/www.be-cool.nl\/fr\/#\/schema\/logo\/image\/"}}]}},"_links":{"self":[{"href":"https:\/\/www.be-cool.nl\/fr\/wp-json\/wp\/v2\/pages\/899","targetHints":{"allow":["GET"]}}],"collection":[{"href":"https:\/\/www.be-cool.nl\/fr\/wp-json\/wp\/v2\/pages"}],"about":[{"href":"https:\/\/www.be-cool.nl\/fr\/wp-json\/wp\/v2\/types\/page"}],"author":[{"embeddable":true,"href":"https:\/\/www.be-cool.nl\/fr\/wp-json\/wp\/v2\/users\/1"}],"replies":[{"embeddable":true,"href":"https:\/\/www.be-cool.nl\/fr\/wp-json\/wp\/v2\/comments?post=899"}],"version-history":[{"count":1,"href":"https:\/\/www.be-cool.nl\/fr\/wp-json\/wp\/v2\/pages\/899\/revisions"}],"predecessor-version":[{"id":900,"href":"https:\/\/www.be-cool.nl\/fr\/wp-json\/wp\/v2\/pages\/899\/revisions\/900"}],"wp:attachment":[{"href":"https:\/\/www.be-cool.nl\/fr\/wp-json\/wp\/v2\/media?parent=899"}],"curies":[{"name":"wp","href":"https:\/\/api.w.org\/{rel}","templated":true}]}}