{"id":909,"date":"2022-02-21T11:33:52","date_gmt":"2022-02-21T10:33:52","guid":{"rendered":"https:\/\/www.be-cool.nl\/?page_id=909"},"modified":"2022-03-03T10:09:36","modified_gmt":"2022-03-03T09:09:36","slug":"f-a-q-support","status":"publish","type":"page","link":"https:\/\/www.be-cool.nl\/fr\/f-a-q-support\/","title":{"rendered":"F.A.Q. &#038; Support"},"content":{"rendered":"<div class=\"wpb-content-wrapper\"><p>[vc_row][vc_column][vc_column_text]<\/p>\n<h2>F.A.Q. Refroidissement \u00e9conome en \u00e9nergie<\/h2>\n<p>Vous trouverez ci-dessous les questions les plus fr\u00e9quemment pos\u00e9es sur le refroidissement mobile et le refroidissement \u00e9conome en \u00e9nergie. Votre question n\u2019est pas entre les deux ? S\u2019il vous pla\u00eet n\u2019h\u00e9sitez pas \u00e0 nous contacter, nous serons heureux de vous aider![\/vc_column_text][\/vc_column][\/vc_row][vc_row][vc_column][vc_tta_accordion active_section=\u00a0\u00bb-1&Prime;][vc_tta_section title=\u00a0\u00bbDans quelles industries le refroidisseur mobile adiabatique Port A Cool est-il utilis\u00e9?\u00a0\u00bb tab_id=\u00a0\u00bb1517473763273-3d99771c-616a\u00a0\u00bb][vc_column_text]Les refroidisseurs mobiles Port A Cool sont utilis\u00e9s dans diverses industries et emplacements. Quelques exemples sont l\u2019industrie, l\u2019automobile, la maison, l\u2019agriculture, l\u2019horticulture, l\u2019arm\u00e9e, l\u2019aviation, le sport, les festivals, les parties, la restauration, l\u2019atelier et le hangar.[\/vc_column_text][\/vc_tta_section][vc_tta_section title=\u00a0\u00bbDans quelles conditions les refroidisseurs d\u2019air mobiles fonctionnent-ils le mieux?\u00a0\u00bb tab_id=\u00a0\u00bb1517473763294-0bc6f451-e73e\u00a0\u00bb][vc_column_text]Les refroidisseurs d\u2019air mobiles Port A Cool sont les meilleurs dans les zones ventil\u00e9es. En raison de la bonne ventilation, l\u2019air chaud peut facilement quitter la pi\u00e8ce et l\u2019air frais remplit la pi\u00e8ce. Cet avantage est id\u00e9al pour les ateliers o\u00f9 les portes sont ouvertes en permanence ou les grands espaces qui auparavant ne pouvaient pas \u00eatre refroidis.[\/vc_column_text][\/vc_tta_section][vc_tta_section title=\u00a0\u00bbQuelles pi\u00e8ces sont dans un refroidisseur d\u2019air mobile?\u00a0\u00bb tab_id=\u00a0\u00bb1517473845189-d1693f75-eb17&Prime;][vc_column_text]Les pi\u00e8ces suivantes sont dans un refroidisseur d\u2019air mobile; plaquettes brevet\u00e9es, ventilateur, pompe \u00e0 eau, r\u00e9servoir d\u2019eau, panneau de commande, connexions : \u00e9lectricit\u00e9 et eau du robinet.[\/vc_column_text][\/vc_tta_section][\/vc_tta_accordion][\/vc_column][\/vc_row][vc_row][vc_column][vc_separator][\/vc_column][\/vc_row][vc_row][vc_column][vc_column_text]<\/p>\n<h4>Dois-je assembler l\u2019unit\u00e9 moi-m\u00eame?<\/h4>\n<p>Non, les unit\u00e9s de refroidissement peuvent \u00eatre utilis\u00e9es imm\u00e9diatement.<\/p>\n<h4>Comment puis-je pr\u00e9parer mon refroidisseur d\u2019air mobile pour le stockage?<\/h4>\n<p>D\u00e9gonfler l\u2019appareil, s\u00e9cher les plaquettes de refroidissement et placer l\u2019appareil, de pr\u00e9f\u00e9rence couvert, dans un endroit frais et sec. Pour plus d\u2019informations, appelez be-cool.<\/p>\n<h4>J\u2019ai ma glaci\u00e8re branch\u00e9e pour la premi\u00e8re fois et elle r\u00e9pand un air d\u00e9sagr\u00e9able ! Qu\u2019est-ce qui ne va pas ?<\/h4>\n<p>Une nouvelle unit\u00e9 a un \u00ab temps de travail \u00bb au cours duquel elle peut r\u00e9pandre une odeur un peu \u00e9trange. Les coussinets de refroidissement \u00e0 l\u2019arri\u00e8re de l\u2019appareil n\u2019ont jamais \u00e9t\u00e9 mouill\u00e9s. Lorsque les plaquettes de refroidissement sont mouill\u00e9es pour la premi\u00e8re fois, elles dispersent un certain air. Cela prendra environ trois semaines. Gardez l\u2019appareil dans un espace ouvert jusqu\u2019\u00e0 ce que l\u2019air soit parti, ou mettez un savon avec adoucisseur de tissu dans le r\u00e9cipient au fond de l\u2019unit\u00e9. Une fois l\u2019appareil utilis\u00e9 depuis environ deux semaines, l\u2019air dispara\u00eetra. Lorsque l\u2019appareil n\u2019est pas neuf, les algues et les bact\u00e9ries peuvent \u00eatre caus\u00e9es par un mauvais entretien et causer certaines conditions d\u2019air. Consultez le Manuel des propri\u00e9taires pour le nettoyage et l\u2019entretien.<\/p>\n<h4>Ma glaci\u00e8re ne fournit pas d\u2019air frais.<\/h4>\n<p>Tout d\u2019abord, v\u00e9rifiez \u00e0 l\u2019arri\u00e8re de l\u2019appareil que les plaquettes de refroidissement sont humides. Ajuster la circulation de l\u2019eau. Pour s\u2019\u00e9vaporer, les plaquettes de refroidissement doivent \u00eatre humides avant que le ventilateur ne soit allum\u00e9. Deuxi\u00e8mement, vous devez vous assurer qu\u2019il y a de l\u2019eau dans le r\u00e9cipient. Laissez-le se remplir compl\u00e8tement avant d\u2019allumer la pompe. Troisi\u00e8mement, vous devez vous assurer que l\u2019eau et les lignes \u00e9lectriques sont reli\u00e9es et fonctionnent. Si aucune de ces solutions ne r\u00e9sout le probl\u00e8me, vous pouvez appeler Be-cool ou envoyer un e-mail <a href=\"mailto:info@be-cool.nl\">info@be-cool.nl<\/a><\/p>\n<h4>Quels sont les meilleurs facteurs environnementaux pour que le refroidisseur d\u2019air d\u2019\u00e9vaporation adiabatique mobile se propage autant d\u2019air frais que possible?<\/h4>\n<p>Pour fonctionner de fa\u00e7on optimale, la temp\u00e9rature doit \u00eatre de 24 \u00baC ou plus. L\u2019humidit\u00e9 relative devrait \u00eatre inf\u00e9rieure \u00e0 75 pour cent. Les unit\u00e9s abaissent la temp\u00e9rature dans presque toutes les pi\u00e8ces, ce qui facilite le travail.<\/p>\n<h4>Quelle est la diff\u00e9rence entre le refroidissement par \u00e9vaporation et les usines de n\u00e9bulisation?<\/h4>\n<p>Les plantes n\u00e9buliseurs pulv\u00e9risent de la brume d\u2019eau dans l\u2019air qui atterrit sur les gens et le sol, ce qui la rend humide. L\u2019unit\u00e9 de refroidissement utilise le processus d\u2019\u00e9vaporation pour produire de l\u2019air plus frais.<\/p>\n<h4>Comment dois-je huiler le moteur du ventilateur?<\/h4>\n<p>Le manuel d\u2019information sur l\u2019installation et la maintenance du moteur Emerson indique. Les moteurs \u00e0 roulement de gel\u00e9e doivent \u00eatre r\u00e9guli\u00e8rement huil\u00e9s. Les unit\u00e9s qui sont constamment utilis\u00e9es doivent \u00eatre huil\u00e9es une fois par an, qui sont utilis\u00e9es r\u00e9guli\u00e8rement tous les deux ans et qui sont utilis\u00e9es occasionnellement tous les cinq ans. Utilisez 30 \u00e0 35 gouttes de SAE No. 20 huile non d\u00e9tergente, ou huile de moteur \u00e9lectrique.<\/p>\n<h4>Que puis-je faire si la machine r\u00e9pand une odeur d\u00e9sagr\u00e9able?<\/h4>\n<p>Une nouvelle unit\u00e9 a besoin d\u2019une courte p\u00e9riode de travail et peut r\u00e9pandre une odeur. Normalement, apr\u00e8s environ 2 semaines, l\u2019odeur devrait dispara\u00eetre. Si l\u2019appareil n\u2019est pas nouveau, la croissance bact\u00e9rienne peut propager une odeur en raison d\u2019un entretien insuffisant. Le manuel d\u00e9crit en d\u00e9tail comment la machine peut \u00eatre nettoy\u00e9e et entretenue.<\/p>\n<h4>O\u00f9 puis-je acheter des pi\u00e8ces de rechange?<\/h4>\n<p>Les pi\u00e8ces de rechange de l\u2019appareil peuvent \u00eatre achet\u00e9es chez nous <a href=\"https:\/\/www.be-cool.nl\/fr\/\">www.be-cool.nl<\/a><\/p>\n<h4>\u00c0 quelle fr\u00e9quence les plaquettes de refroidissement doivent-elles \u00eatre remplac\u00e9es?<\/h4>\n<p>Selon l\u2019entretien et le niveau d\u2019utilisation, les plaquettes de refroidissement durent g\u00e9n\u00e9ralement jusqu\u2019\u00e0 cinq ans. Toutefois, si vous avez des questions sur la dur\u00e9e de vie des plaquettes de refroidissement de votre appareil ou si vous voulez savoir comment remplacer les plaquettes de refroidissement, vous pouvez toujours contacter Be-cool par t\u00e9l\u00e9phone.<\/p>\n<h4>Quelle quantit\u00e9 d\u2019humidit\u00e9 produit une unit\u00e9?<\/h4>\n<p>L\u2019humidit\u00e9 augmentera de 2% \u00e0 5%, selon la temp\u00e9rature et l\u2019humidit\u00e9 de l\u2019environnement. Cette augmentation de l\u2019humidit\u00e9 n\u2019est pas perceptible dans une zone bien a\u00e9r\u00e9e o\u00f9 l\u2019air de l\u2019appareil est emport\u00e9.<\/p>\n<h4>Combien de temps dure un r\u00e9ceptacle complet?<\/h4>\n<p>S\u2019il n\u2019est pas reli\u00e9 \u00e0 un approvisionnement continu en eau, une unit\u00e9 op\u00e9rationnelle \u00e9vaporera toute l\u2019eau dans un r\u00e9cipient complet dans les deux heures. Le rapport d\u2019\u00e9vaporation d\u00e9pend de la temp\u00e9rature et de l\u2019humidit\u00e9. Le fabricant recommande que le r\u00e9cipient soit fourni avec un approvisionnement en eau continu. La plupart des unit\u00e9s ont une vanne de flottaison interne pour r\u00e9guler l\u2019approvisionnement en eau du r\u00e9cipient.<\/p>\n<h4>Si je veux mieux me rafra\u00eechir, puis-je utiliser de la glace dans le r\u00e9cipient?<\/h4>\n<p>Le ventilateur peut disperser la vapeur de la glace d\u2019eau, mais cela n\u2019augmente pas l\u2019\u00e9vaporation et ne conduira donc pas \u00e0 un refroidissement nettement meilleur.<\/p>\n<h4>O\u00f9 puis-je trouver le mod\u00e8le et les num\u00e9ros de s\u00e9rie sur l\u2019unit\u00e9?<\/h4>\n<p>\u00c0 l\u2019ext\u00e9rieur du bo\u00eetier de chaque unit\u00e9 est une plaque m\u00e9tallique avec une \u00e9tiquette blanche avec des codes \u00e0 barres et d\u2019autres sp\u00e9cifications. Le num\u00e9ro de mod\u00e8le de l\u2019unit\u00e9 commence par les num\u00e9ros de s\u00e9rie \u00ab C \u00bb se composent enti\u00e8rement de nombres.<\/p>\n<h4>Que faire si mes questions ne sont pas r\u00e9pondues ici?<\/h4>\n<p>Veuillez envoyer un e-mail \u00e0 <a href=\"mailto:info@be-cool.nl\">info@be-cool.nl<\/a>[\/vc_column_text][\/vc_column][\/vc_row]<\/p>\n<\/div>","protected":false},"excerpt":{"rendered":"<p>[vc_row][vc_column][vc_column_text] F.A.Q. Refroidissement \u00e9conome en \u00e9nergie Vous trouverez ci-dessous les questions les plus fr\u00e9quemment pos\u00e9es sur le refroidissement mobile et le refroidissement \u00e9conome en \u00e9nergie.<a class=\"moretag\" href=\"https:\/\/www.be-cool.nl\/fr\/f-a-q-support\/\">&#8230;<\/a><\/p>\n","protected":false},"author":1,"featured_media":0,"parent":0,"menu_order":0,"comment_status":"closed","ping_status":"closed","template":"","meta":{"_glsr_average":0,"_glsr_ranking":0,"_glsr_reviews":0,"footnotes":""},"class_list":["post-909","page","type-page","status-publish","hentry"],"yoast_head":"<!-- This site is optimized with the Yoast SEO plugin v27.5 - https:\/\/yoast.com\/product\/yoast-seo-wordpress\/ -->\n<title>F.A.Q. &amp; Support - Be-Cool<\/title>\n<meta name=\"robots\" content=\"index, follow, max-snippet:-1, max-image-preview:large, max-video-preview:-1\" \/>\n<link rel=\"canonical\" href=\"https:\/\/www.be-cool.nl\/fr\/f-a-q-support\/\" \/>\n<meta property=\"og:locale\" content=\"fr_FR\" \/>\n<meta property=\"og:type\" content=\"article\" \/>\n<meta property=\"og:title\" content=\"F.A.Q. &amp; Support - Be-Cool\" \/>\n<meta property=\"og:description\" content=\"[vc_row][vc_column][vc_column_text] F.A.Q. Refroidissement \u00e9conome en \u00e9nergie Vous trouverez ci-dessous les questions les plus fr\u00e9quemment pos\u00e9es sur le refroidissement mobile et le refroidissement \u00e9conome en \u00e9nergie....\" \/>\n<meta property=\"og:url\" content=\"https:\/\/www.be-cool.nl\/fr\/f-a-q-support\/\" \/>\n<meta property=\"og:site_name\" content=\"Be-Cool\" \/>\n<meta property=\"article:modified_time\" content=\"2022-03-03T09:09:36+00:00\" \/>\n<meta name=\"twitter:card\" content=\"summary_large_image\" \/>\n<meta name=\"twitter:label1\" content=\"Dur\u00e9e de lecture estim\u00e9e\" \/>\n\t<meta name=\"twitter:data1\" content=\"7 minutes\" \/>\n<script type=\"application\/ld+json\" class=\"yoast-schema-graph\">{\"@context\":\"https:\\\/\\\/schema.org\",\"@graph\":[{\"@type\":\"WebPage\",\"@id\":\"https:\\\/\\\/www.be-cool.nl\\\/fr\\\/f-a-q-support\\\/\",\"url\":\"https:\\\/\\\/www.be-cool.nl\\\/fr\\\/f-a-q-support\\\/\",\"name\":\"F.A.Q. & Support - Be-Cool\",\"isPartOf\":{\"@id\":\"https:\\\/\\\/www.be-cool.nl\\\/fr\\\/#website\"},\"datePublished\":\"2022-02-21T10:33:52+00:00\",\"dateModified\":\"2022-03-03T09:09:36+00:00\",\"breadcrumb\":{\"@id\":\"https:\\\/\\\/www.be-cool.nl\\\/fr\\\/f-a-q-support\\\/#breadcrumb\"},\"inLanguage\":\"fr-FR\",\"potentialAction\":[{\"@type\":\"ReadAction\",\"target\":[\"https:\\\/\\\/www.be-cool.nl\\\/fr\\\/f-a-q-support\\\/\"]}]},{\"@type\":\"BreadcrumbList\",\"@id\":\"https:\\\/\\\/www.be-cool.nl\\\/fr\\\/f-a-q-support\\\/#breadcrumb\",\"itemListElement\":[{\"@type\":\"ListItem\",\"position\":1,\"name\":\"Home\",\"item\":\"https:\\\/\\\/www.be-cool.nl\\\/fr\\\/\"},{\"@type\":\"ListItem\",\"position\":2,\"name\":\"F.A.Q. &#038; Support\"}]},{\"@type\":\"WebSite\",\"@id\":\"https:\\\/\\\/www.be-cool.nl\\\/fr\\\/#website\",\"url\":\"https:\\\/\\\/www.be-cool.nl\\\/fr\\\/\",\"name\":\"Be-Cool\",\"description\":\"\",\"publisher\":{\"@id\":\"https:\\\/\\\/www.be-cool.nl\\\/fr\\\/#organization\"},\"potentialAction\":[{\"@type\":\"SearchAction\",\"target\":{\"@type\":\"EntryPoint\",\"urlTemplate\":\"https:\\\/\\\/www.be-cool.nl\\\/fr\\\/?s={search_term_string}\"},\"query-input\":{\"@type\":\"PropertyValueSpecification\",\"valueRequired\":true,\"valueName\":\"search_term_string\"}}],\"inLanguage\":\"fr-FR\"},{\"@type\":\"Organization\",\"@id\":\"https:\\\/\\\/www.be-cool.nl\\\/fr\\\/#organization\",\"name\":\"Be-Cool\",\"url\":\"https:\\\/\\\/www.be-cool.nl\\\/fr\\\/\",\"logo\":{\"@type\":\"ImageObject\",\"inLanguage\":\"fr-FR\",\"@id\":\"https:\\\/\\\/www.be-cool.nl\\\/fr\\\/#\\\/schema\\\/logo\\\/image\\\/\",\"url\":\"https:\\\/\\\/www.be-cool.nl\\\/wp-content\\\/uploads\\\/Be-cool_Logo.png\",\"contentUrl\":\"https:\\\/\\\/www.be-cool.nl\\\/wp-content\\\/uploads\\\/Be-cool_Logo.png\",\"width\":426,\"height\":142,\"caption\":\"Be-Cool\"},\"image\":{\"@id\":\"https:\\\/\\\/www.be-cool.nl\\\/fr\\\/#\\\/schema\\\/logo\\\/image\\\/\"}}]}<\/script>\n<!-- \/ Yoast SEO plugin. -->","yoast_head_json":{"title":"F.A.Q. & Support - Be-Cool","robots":{"index":"index","follow":"follow","max-snippet":"max-snippet:-1","max-image-preview":"max-image-preview:large","max-video-preview":"max-video-preview:-1"},"canonical":"https:\/\/www.be-cool.nl\/fr\/f-a-q-support\/","og_locale":"fr_FR","og_type":"article","og_title":"F.A.Q. & Support - Be-Cool","og_description":"[vc_row][vc_column][vc_column_text] F.A.Q. Refroidissement \u00e9conome en \u00e9nergie Vous trouverez ci-dessous les questions les plus fr\u00e9quemment pos\u00e9es sur le refroidissement mobile et le refroidissement \u00e9conome en \u00e9nergie....","og_url":"https:\/\/www.be-cool.nl\/fr\/f-a-q-support\/","og_site_name":"Be-Cool","article_modified_time":"2022-03-03T09:09:36+00:00","twitter_card":"summary_large_image","twitter_misc":{"Dur\u00e9e de lecture estim\u00e9e":"7 minutes"},"schema":{"@context":"https:\/\/schema.org","@graph":[{"@type":"WebPage","@id":"https:\/\/www.be-cool.nl\/fr\/f-a-q-support\/","url":"https:\/\/www.be-cool.nl\/fr\/f-a-q-support\/","name":"F.A.Q. & Support - Be-Cool","isPartOf":{"@id":"https:\/\/www.be-cool.nl\/fr\/#website"},"datePublished":"2022-02-21T10:33:52+00:00","dateModified":"2022-03-03T09:09:36+00:00","breadcrumb":{"@id":"https:\/\/www.be-cool.nl\/fr\/f-a-q-support\/#breadcrumb"},"inLanguage":"fr-FR","potentialAction":[{"@type":"ReadAction","target":["https:\/\/www.be-cool.nl\/fr\/f-a-q-support\/"]}]},{"@type":"BreadcrumbList","@id":"https:\/\/www.be-cool.nl\/fr\/f-a-q-support\/#breadcrumb","itemListElement":[{"@type":"ListItem","position":1,"name":"Home","item":"https:\/\/www.be-cool.nl\/fr\/"},{"@type":"ListItem","position":2,"name":"F.A.Q. &#038; Support"}]},{"@type":"WebSite","@id":"https:\/\/www.be-cool.nl\/fr\/#website","url":"https:\/\/www.be-cool.nl\/fr\/","name":"Be-Cool","description":"","publisher":{"@id":"https:\/\/www.be-cool.nl\/fr\/#organization"},"potentialAction":[{"@type":"SearchAction","target":{"@type":"EntryPoint","urlTemplate":"https:\/\/www.be-cool.nl\/fr\/?s={search_term_string}"},"query-input":{"@type":"PropertyValueSpecification","valueRequired":true,"valueName":"search_term_string"}}],"inLanguage":"fr-FR"},{"@type":"Organization","@id":"https:\/\/www.be-cool.nl\/fr\/#organization","name":"Be-Cool","url":"https:\/\/www.be-cool.nl\/fr\/","logo":{"@type":"ImageObject","inLanguage":"fr-FR","@id":"https:\/\/www.be-cool.nl\/fr\/#\/schema\/logo\/image\/","url":"https:\/\/www.be-cool.nl\/wp-content\/uploads\/Be-cool_Logo.png","contentUrl":"https:\/\/www.be-cool.nl\/wp-content\/uploads\/Be-cool_Logo.png","width":426,"height":142,"caption":"Be-Cool"},"image":{"@id":"https:\/\/www.be-cool.nl\/fr\/#\/schema\/logo\/image\/"}}]}},"_links":{"self":[{"href":"https:\/\/www.be-cool.nl\/fr\/wp-json\/wp\/v2\/pages\/909","targetHints":{"allow":["GET"]}}],"collection":[{"href":"https:\/\/www.be-cool.nl\/fr\/wp-json\/wp\/v2\/pages"}],"about":[{"href":"https:\/\/www.be-cool.nl\/fr\/wp-json\/wp\/v2\/types\/page"}],"author":[{"embeddable":true,"href":"https:\/\/www.be-cool.nl\/fr\/wp-json\/wp\/v2\/users\/1"}],"replies":[{"embeddable":true,"href":"https:\/\/www.be-cool.nl\/fr\/wp-json\/wp\/v2\/comments?post=909"}],"version-history":[{"count":1,"href":"https:\/\/www.be-cool.nl\/fr\/wp-json\/wp\/v2\/pages\/909\/revisions"}],"predecessor-version":[{"id":910,"href":"https:\/\/www.be-cool.nl\/fr\/wp-json\/wp\/v2\/pages\/909\/revisions\/910"}],"wp:attachment":[{"href":"https:\/\/www.be-cool.nl\/fr\/wp-json\/wp\/v2\/media?parent=909"}],"curies":[{"name":"wp","href":"https:\/\/api.w.org\/{rel}","templated":true}]}}