{"id":919,"date":"2022-02-21T11:35:08","date_gmt":"2022-02-21T10:35:08","guid":{"rendered":"https:\/\/www.be-cool.nl\/?page_id=919"},"modified":"2022-03-03T10:15:43","modified_gmt":"2022-03-03T09:15:43","slug":"refroidissement-de-grands-espaces","status":"publish","type":"page","link":"https:\/\/www.be-cool.nl\/fr\/refroidissement-de-grands-espaces\/","title":{"rendered":"Refroidissement de grands espaces"},"content":{"rendered":"<h2>Refroidissez vos grands espaces<\/h2>\n<p>Voulez-vous refroidir un grand espace d\u2019une mani\u00e8re efficace, \u00e9conome en \u00e9nergie et abordable? Par exemple, vos locaux commerciaux? Alors faites-le avec les refroidisseurs d\u2019air mobiles de Be-Cool! Nous nous sp\u00e9cialisons dans les techniques de refroidissement et vendons des refroidisseurs d\u2019air portacool. Ce sont des refroidisseurs qui sont connus pour leur excellente qualit\u00e9. Vous pouvez \u00e9galement profiter d\u2019un excellent service avec nous. Curieux de nos refroidisseurs pour les grands espaces? Lisez la suite ou contactez-nous directement.  <\/p>\n<h3>Les avantages de nos refroidisseurs mobiles<\/h3>\n<p>Lorsque vous voulez refroidir une grande pi\u00e8ce, un refroidisseur d\u2019air puissant est essentiel. Nous vendons des glaci\u00e8res qui r\u00e9pondent \u00e0 cette exigence. Les refroidisseurs d\u2019air mobiles ont un syst\u00e8me de refroidissement par \u00e9vaporation unique. Le syst\u00e8me vous donne la possibilit\u00e9 de refroidir de grands espaces ouverts d\u2019une mani\u00e8re efficace, \u00e9conomique et \u00e9cologique. Refroidir votre espace avec nos glaci\u00e8res est beaucoup moins cher qu\u2019avant.<\/p>\n<h3>Comment nos refroidisseurs d\u2019air refroidissent votre espace<\/h3>\n<p>Comment fonctionne exactement la glaci\u00e8re mobile de Portacool ? La glaci\u00e8re assure que la chaleur est extraite de l\u2019air par \u00e9vaporation de l\u2019eau. Ceci est rendu possible par les plaquettes brevet\u00e9es (\u00e9galement appel\u00e9es plaquettes K\u00fc\u00fcl) qui sont situ\u00e9es dans les unit\u00e9s. La pompe \u00e0 eau pompe l\u2019eau du r\u00e9servoir d\u2019eau et permet \u00e0 l\u2019eau de couler \u00e0 travers les canaux des plaquettes. Cela garantit que les coussinets sont maintenus uniform\u00e9ment humides. Ensuite, l\u2019air chaud est aspir\u00e9 par le ventilateur et l\u2019eau s\u2019\u00e9vapore dans les coussinets. L\u2019air est refroidi et finalement cet air froid est puissamment souffl\u00e9. Les plaquettes K\u00fc\u00fcl assurent que l\u2019air chaud est refroidi de 20%. Mais les coussinets non seulement refroidir l\u2019air, ils filtrent \u00e9galement les polluants hors de l\u2019air. Vous b\u00e9n\u00e9ficiez \u00e9galement d\u2019un air plus pur.<\/p>\n<h3>Refroidir vos chambres avec nos glaci\u00e8res<\/h3>\n<p>Souhaitez-vous \u00e9galement refroidir vos grands espaces avec l\u2019un de nos refroidisseurs d\u2019air? Avec nous, vous trouverez plusieurs s\u00e9ries avec des refroidisseurs d\u2019air puissants de la marque Portacool. Par exemple, choisissez la s\u00e9rie Cyclone, la s\u00e9rie Jetstream, la s\u00e9rie Pack 36\/48 ou la s\u00e9rie Hurricane. La capacit\u00e9 de refroidissement de ces refroidisseurs d\u2019air varie de 28 m2 \u00e0 580 m2. Ainsi, vous trouverez toujours une glaci\u00e8re d\u2019air qui convient \u00e0 vos besoins et peut compl\u00e8tement refroidir votre grand espace.  <\/p>\n<h3>Pour plus d\u2019informations, veuillez<\/h3>\n<p>Curieux de nos refroidisseurs d\u2019air pour les grands espaces? Veuillez nous contacter au <a href=\"tel:0152002116\">015-2002116<\/a> ou envoyer un courriel <a href=mailto:info@be-cool.nl> <\/a> info@be-cool.nl. Il est \u00e9galement possible de laisser un message via notre formulaire de contact en ligne. Nous sommes heureux de vous servir lorsque vous voulez refroidir votre grand espace efficacement.  <\/p>\n","protected":false},"excerpt":{"rendered":"<p>Refroidissez vos grands espaces Voulez-vous refroidir un grand espace d\u2019une mani\u00e8re efficace, \u00e9conome en \u00e9nergie et abordable? Par exemple, vos locaux commerciaux? Alors faites-le avec<a class=\"moretag\" href=\"https:\/\/www.be-cool.nl\/fr\/refroidissement-de-grands-espaces\/\">&#8230;<\/a><\/p>\n","protected":false},"author":1,"featured_media":0,"parent":0,"menu_order":0,"comment_status":"closed","ping_status":"closed","template":"","meta":{"_glsr_average":0,"_glsr_ranking":0,"_glsr_reviews":0,"footnotes":""},"class_list":["post-919","page","type-page","status-publish","hentry"],"yoast_head":"<!-- This site is optimized with the Yoast SEO plugin v27.4 - https:\/\/yoast.com\/product\/yoast-seo-wordpress\/ -->\n<title>Refroidissement de grands espaces - Be-Cool<\/title>\n<meta name=\"description\" content=\"Voulez-vous refroidir votre grand espace efficacement? Alors tu vas bien \u00e0 Be-Cool. Nous vendons des refroidisseurs d\u2019air mobiles de la meilleure qualit\u00e9. De cette fa\u00e7on, vous obtenez votre grand espace refroidi d\u2019une mani\u00e8re \u00e9cologique et \u00e9conomique. Curieux de notre gamme? Appelez \u260e 015-2002116.\" \/>\n<meta name=\"robots\" content=\"index, follow, max-snippet:-1, max-image-preview:large, max-video-preview:-1\" \/>\n<link rel=\"canonical\" href=\"https:\/\/www.be-cool.nl\/fr\/refroidissement-de-grands-espaces\/\" \/>\n<meta property=\"og:locale\" content=\"fr_FR\" \/>\n<meta property=\"og:type\" content=\"article\" \/>\n<meta property=\"og:title\" content=\"Refroidissement de grands espaces - Be-Cool\" \/>\n<meta property=\"og:description\" content=\"Voulez-vous refroidir votre grand espace efficacement? Alors tu vas bien \u00e0 Be-Cool. Nous vendons des refroidisseurs d\u2019air mobiles de la meilleure qualit\u00e9. De cette fa\u00e7on, vous obtenez votre grand espace refroidi d\u2019une mani\u00e8re \u00e9cologique et \u00e9conomique. Curieux de notre gamme? Appelez \u260e 015-2002116.\" \/>\n<meta property=\"og:url\" content=\"https:\/\/www.be-cool.nl\/fr\/refroidissement-de-grands-espaces\/\" \/>\n<meta property=\"og:site_name\" content=\"Be-Cool\" \/>\n<meta property=\"article:modified_time\" content=\"2022-03-03T09:15:43+00:00\" \/>\n<meta name=\"twitter:card\" content=\"summary_large_image\" \/>\n<meta name=\"twitter:label1\" content=\"Dur\u00e9e de lecture estim\u00e9e\" \/>\n\t<meta name=\"twitter:data1\" content=\"2 minutes\" \/>\n<script type=\"application\/ld+json\" class=\"yoast-schema-graph\">{\"@context\":\"https:\\\/\\\/schema.org\",\"@graph\":[{\"@type\":\"WebPage\",\"@id\":\"https:\\\/\\\/www.be-cool.nl\\\/fr\\\/refroidissement-de-grands-espaces\\\/\",\"url\":\"https:\\\/\\\/www.be-cool.nl\\\/fr\\\/refroidissement-de-grands-espaces\\\/\",\"name\":\"Refroidissement de grands espaces - Be-Cool\",\"isPartOf\":{\"@id\":\"https:\\\/\\\/www.be-cool.nl\\\/fr\\\/#website\"},\"datePublished\":\"2022-02-21T10:35:08+00:00\",\"dateModified\":\"2022-03-03T09:15:43+00:00\",\"description\":\"Voulez-vous refroidir votre grand espace efficacement? Alors tu vas bien \u00e0 Be-Cool. Nous vendons des refroidisseurs d\u2019air mobiles de la meilleure qualit\u00e9. De cette fa\u00e7on, vous obtenez votre grand espace refroidi d\u2019une mani\u00e8re \u00e9cologique et \u00e9conomique. Curieux de notre gamme? Appelez \u260e 015-2002116.\",\"breadcrumb\":{\"@id\":\"https:\\\/\\\/www.be-cool.nl\\\/fr\\\/refroidissement-de-grands-espaces\\\/#breadcrumb\"},\"inLanguage\":\"fr-FR\",\"potentialAction\":[{\"@type\":\"ReadAction\",\"target\":[\"https:\\\/\\\/www.be-cool.nl\\\/fr\\\/refroidissement-de-grands-espaces\\\/\"]}]},{\"@type\":\"BreadcrumbList\",\"@id\":\"https:\\\/\\\/www.be-cool.nl\\\/fr\\\/refroidissement-de-grands-espaces\\\/#breadcrumb\",\"itemListElement\":[{\"@type\":\"ListItem\",\"position\":1,\"name\":\"Home\",\"item\":\"https:\\\/\\\/www.be-cool.nl\\\/fr\\\/\"},{\"@type\":\"ListItem\",\"position\":2,\"name\":\"Refroidissement de grands espaces\"}]},{\"@type\":\"WebSite\",\"@id\":\"https:\\\/\\\/www.be-cool.nl\\\/fr\\\/#website\",\"url\":\"https:\\\/\\\/www.be-cool.nl\\\/fr\\\/\",\"name\":\"Be-Cool\",\"description\":\"\",\"publisher\":{\"@id\":\"https:\\\/\\\/www.be-cool.nl\\\/fr\\\/#organization\"},\"potentialAction\":[{\"@type\":\"SearchAction\",\"target\":{\"@type\":\"EntryPoint\",\"urlTemplate\":\"https:\\\/\\\/www.be-cool.nl\\\/fr\\\/?s={search_term_string}\"},\"query-input\":{\"@type\":\"PropertyValueSpecification\",\"valueRequired\":true,\"valueName\":\"search_term_string\"}}],\"inLanguage\":\"fr-FR\"},{\"@type\":\"Organization\",\"@id\":\"https:\\\/\\\/www.be-cool.nl\\\/fr\\\/#organization\",\"name\":\"Be-Cool\",\"url\":\"https:\\\/\\\/www.be-cool.nl\\\/fr\\\/\",\"logo\":{\"@type\":\"ImageObject\",\"inLanguage\":\"fr-FR\",\"@id\":\"https:\\\/\\\/www.be-cool.nl\\\/fr\\\/#\\\/schema\\\/logo\\\/image\\\/\",\"url\":\"https:\\\/\\\/www.be-cool.nl\\\/wp-content\\\/uploads\\\/Be-cool_Logo.png\",\"contentUrl\":\"https:\\\/\\\/www.be-cool.nl\\\/wp-content\\\/uploads\\\/Be-cool_Logo.png\",\"width\":426,\"height\":142,\"caption\":\"Be-Cool\"},\"image\":{\"@id\":\"https:\\\/\\\/www.be-cool.nl\\\/fr\\\/#\\\/schema\\\/logo\\\/image\\\/\"}}]}<\/script>\n<!-- \/ Yoast SEO plugin. -->","yoast_head_json":{"title":"Refroidissement de grands espaces - Be-Cool","description":"Voulez-vous refroidir votre grand espace efficacement? Alors tu vas bien \u00e0 Be-Cool. Nous vendons des refroidisseurs d\u2019air mobiles de la meilleure qualit\u00e9. De cette fa\u00e7on, vous obtenez votre grand espace refroidi d\u2019une mani\u00e8re \u00e9cologique et \u00e9conomique. Curieux de notre gamme? Appelez \u260e 015-2002116.","robots":{"index":"index","follow":"follow","max-snippet":"max-snippet:-1","max-image-preview":"max-image-preview:large","max-video-preview":"max-video-preview:-1"},"canonical":"https:\/\/www.be-cool.nl\/fr\/refroidissement-de-grands-espaces\/","og_locale":"fr_FR","og_type":"article","og_title":"Refroidissement de grands espaces - Be-Cool","og_description":"Voulez-vous refroidir votre grand espace efficacement? Alors tu vas bien \u00e0 Be-Cool. Nous vendons des refroidisseurs d\u2019air mobiles de la meilleure qualit\u00e9. De cette fa\u00e7on, vous obtenez votre grand espace refroidi d\u2019une mani\u00e8re \u00e9cologique et \u00e9conomique. Curieux de notre gamme? Appelez \u260e 015-2002116.","og_url":"https:\/\/www.be-cool.nl\/fr\/refroidissement-de-grands-espaces\/","og_site_name":"Be-Cool","article_modified_time":"2022-03-03T09:15:43+00:00","twitter_card":"summary_large_image","twitter_misc":{"Dur\u00e9e de lecture estim\u00e9e":"2 minutes"},"schema":{"@context":"https:\/\/schema.org","@graph":[{"@type":"WebPage","@id":"https:\/\/www.be-cool.nl\/fr\/refroidissement-de-grands-espaces\/","url":"https:\/\/www.be-cool.nl\/fr\/refroidissement-de-grands-espaces\/","name":"Refroidissement de grands espaces - Be-Cool","isPartOf":{"@id":"https:\/\/www.be-cool.nl\/fr\/#website"},"datePublished":"2022-02-21T10:35:08+00:00","dateModified":"2022-03-03T09:15:43+00:00","description":"Voulez-vous refroidir votre grand espace efficacement? Alors tu vas bien \u00e0 Be-Cool. Nous vendons des refroidisseurs d\u2019air mobiles de la meilleure qualit\u00e9. De cette fa\u00e7on, vous obtenez votre grand espace refroidi d\u2019une mani\u00e8re \u00e9cologique et \u00e9conomique. Curieux de notre gamme? Appelez \u260e 015-2002116.","breadcrumb":{"@id":"https:\/\/www.be-cool.nl\/fr\/refroidissement-de-grands-espaces\/#breadcrumb"},"inLanguage":"fr-FR","potentialAction":[{"@type":"ReadAction","target":["https:\/\/www.be-cool.nl\/fr\/refroidissement-de-grands-espaces\/"]}]},{"@type":"BreadcrumbList","@id":"https:\/\/www.be-cool.nl\/fr\/refroidissement-de-grands-espaces\/#breadcrumb","itemListElement":[{"@type":"ListItem","position":1,"name":"Home","item":"https:\/\/www.be-cool.nl\/fr\/"},{"@type":"ListItem","position":2,"name":"Refroidissement de grands espaces"}]},{"@type":"WebSite","@id":"https:\/\/www.be-cool.nl\/fr\/#website","url":"https:\/\/www.be-cool.nl\/fr\/","name":"Be-Cool","description":"","publisher":{"@id":"https:\/\/www.be-cool.nl\/fr\/#organization"},"potentialAction":[{"@type":"SearchAction","target":{"@type":"EntryPoint","urlTemplate":"https:\/\/www.be-cool.nl\/fr\/?s={search_term_string}"},"query-input":{"@type":"PropertyValueSpecification","valueRequired":true,"valueName":"search_term_string"}}],"inLanguage":"fr-FR"},{"@type":"Organization","@id":"https:\/\/www.be-cool.nl\/fr\/#organization","name":"Be-Cool","url":"https:\/\/www.be-cool.nl\/fr\/","logo":{"@type":"ImageObject","inLanguage":"fr-FR","@id":"https:\/\/www.be-cool.nl\/fr\/#\/schema\/logo\/image\/","url":"https:\/\/www.be-cool.nl\/wp-content\/uploads\/Be-cool_Logo.png","contentUrl":"https:\/\/www.be-cool.nl\/wp-content\/uploads\/Be-cool_Logo.png","width":426,"height":142,"caption":"Be-Cool"},"image":{"@id":"https:\/\/www.be-cool.nl\/fr\/#\/schema\/logo\/image\/"}}]}},"_links":{"self":[{"href":"https:\/\/www.be-cool.nl\/fr\/wp-json\/wp\/v2\/pages\/919","targetHints":{"allow":["GET"]}}],"collection":[{"href":"https:\/\/www.be-cool.nl\/fr\/wp-json\/wp\/v2\/pages"}],"about":[{"href":"https:\/\/www.be-cool.nl\/fr\/wp-json\/wp\/v2\/types\/page"}],"author":[{"embeddable":true,"href":"https:\/\/www.be-cool.nl\/fr\/wp-json\/wp\/v2\/users\/1"}],"replies":[{"embeddable":true,"href":"https:\/\/www.be-cool.nl\/fr\/wp-json\/wp\/v2\/comments?post=919"}],"version-history":[{"count":1,"href":"https:\/\/www.be-cool.nl\/fr\/wp-json\/wp\/v2\/pages\/919\/revisions"}],"predecessor-version":[{"id":920,"href":"https:\/\/www.be-cool.nl\/fr\/wp-json\/wp\/v2\/pages\/919\/revisions\/920"}],"wp:attachment":[{"href":"https:\/\/www.be-cool.nl\/fr\/wp-json\/wp\/v2\/media?parent=919"}],"curies":[{"name":"wp","href":"https:\/\/api.w.org\/{rel}","templated":true}]}}