{"id":939,"date":"2022-02-21T11:35:43","date_gmt":"2022-02-21T10:35:43","guid":{"rendered":"https:\/\/www.be-cool.nl\/?page_id=939"},"modified":"2022-03-03T10:26:29","modified_gmt":"2022-03-03T09:26:29","slug":"refroidisseur-dair-avec-eau-refroidissement-stable","status":"publish","type":"page","link":"https:\/\/www.be-cool.nl\/fr\/refroidisseur-dair-avec-eau-refroidissement-stable\/","title":{"rendered":"Refroidisseur d\u2019air avec eau \/ refroidissement stable"},"content":{"rendered":"<h2>Refroidissement stable de Be-Cool<\/h2>\n<p>Vous \u00eates \u00e0 la recherche d\u2019une entreprise o\u00f9 vous pouvez aller pour un refroidissement stable? Jetez un oeil \u00e0 la gamme de Be-Cool. Nous nous sp\u00e9cialisons dans la vente de syst\u00e8mes de refroidissement avanc\u00e9s. Nos glaci\u00e8res sont de la marque Portacool et sont connues pour leur excellente qualit\u00e9. Vous pouvez \u00e9galement compter sur un service raffin\u00e9 et des conseils sur mesure. Voulez-vous en savoir plus sur notre refroidisseur d\u2019eau? Lisez la suite ou contactez-nous directement.<\/p>\n<h3>Le refroidisseur d\u2019air \u00e9conome en \u00e9nergie<\/h3>\n<p>Dans le cas d\u2019un refroidissement stable, l\u2019utilisation de l\u2019eau est tr\u00e8s importante. Nos refroidisseurs utilisent un syst\u00e8me de refroidissement par \u00e9vaporation unique. Il utilise l\u2019eau pour refroidir l\u2019air dans votre espace d\u2019une mani\u00e8re \u00e9conomique et \u00e9cologique. Parce que nos refroidisseurs mobiles sont tr\u00e8s \u00e9conomes en \u00e9nergie, vous \u00eates beaucoup moins cher qu\u2019avant. Le refroidisseur d\u2019air est facile \u00e0 d\u00e9placer, vous permettant de le placer exactement l\u00e0 o\u00f9 il est n\u00e9cessaire.  <\/p>\n<h3>Le fonctionnement du refroidisseur d\u2019air<\/h3>\n<p>Comment nos refroidisseurs fonctionnent-ils exactement avec le syst\u00e8me de refroidissement par \u00e9vaporation? Le refroidisseur d\u2019air avec de l\u2019eau extrait la chaleur de l\u2019air par \u00e9vaporation. Les plaquettes brevet\u00e9es (\u00e9galement appel\u00e9es plaquettes K\u00fc\u00fcl) dans le syst\u00e8me s\u2019en assurent. Ils sont faits de papier comprim\u00e9 et ont de petits canaux. La pompe \u00e0 eau dans le refroidisseur d\u2019air pompe l\u2019eau et permet \u00e0 cette eau de couler \u00e0 travers les canaux. Cela maintient les coussinets humides tout le temps. Ensuite, l\u2019air chaud est aspir\u00e9 par les ventilateurs le long des coussinets humides. L\u2019eau refroidit l\u2019air et l\u2019air frais est puissamment souffl\u00e9. Cela cr\u00e9e une temp\u00e9rature agr\u00e9able dans votre \u00e9curie ou l\u2019espace. Les coussinets s\u2019assurent que l\u2019air chaud est refroidi de 20%. Ce faisant, ils filtrent les polluants de l\u2019air qui coule. De cette fa\u00e7on, le refroidisseur d\u2019air avec de l\u2019eau fournit \u00e9galement de l\u2019air plus propre.  <\/p>\n<h3>Les caract\u00e9ristiques d\u2019un refroidissement stable portacool<\/h3>\n<p>Nous mettons les caract\u00e9ristiques de notre refroidissement stable dans une rang\u00e9e pour vous:<\/p>\n<ul>\n<li>Facile \u00e0 d\u00e9placer<\/li>\n<li>Low cost<\/li>\n<li>\u00c9cologique<\/li>\n<li>Pas de frais d\u2019installation<\/li>\n<li>Pratiquement sans entretien<\/li>\n<li>Bo\u00eetier durable en poly\u00e9thyl\u00e8ne coul\u00e9<\/li>\n<li>Tr\u00e8s bon \u00e0 utiliser dans les lieux de travail avec beaucoup de poussi\u00e8re d\u2019espace<\/li>\n<\/ul>\n<p>Curieux de notre refroidissement de l\u2019air avec de l\u2019eau? Nous aimerions vous en dire plus sur les possibilit\u00e9s et les applications.<\/p>\n<h3>Approchez-nous pour un refroidisseur d\u2019air<\/h3>\n<p>Voulez-vous en savoir plus sur nos refroidisseurs d\u2019air? Veuillez nous contacter au <a href=\"tel:0152002116\">015-2002116<\/a> ou envoyer un courriel <a href=mailto:info@be-cool.nl> <\/a> info@be-cool.nl. Il est \u00e9galement possible de laisser un message via notre formulaire de contact en ligne. Vous pouvez compter sur nous lorsque vous choisissez le bon refroidisseur d\u2019air avec de l\u2019eau.  <\/p>\n","protected":false},"excerpt":{"rendered":"<p>Refroidissement stable de Be-Cool Vous \u00eates \u00e0 la recherche d\u2019une entreprise o\u00f9 vous pouvez aller pour un refroidissement stable? Jetez un oeil \u00e0 la gamme<a class=\"moretag\" href=\"https:\/\/www.be-cool.nl\/fr\/refroidisseur-dair-avec-eau-refroidissement-stable\/\">&#8230;<\/a><\/p>\n","protected":false},"author":1,"featured_media":0,"parent":0,"menu_order":0,"comment_status":"closed","ping_status":"closed","template":"","meta":{"_glsr_average":0,"_glsr_ranking":0,"_glsr_reviews":0,"footnotes":""},"class_list":["post-939","page","type-page","status-publish","hentry"],"yoast_head":"<!-- This site is optimized with the Yoast SEO plugin v27.6 - https:\/\/yoast.com\/product\/yoast-seo-wordpress\/ -->\n<title>Refroidisseur d\u2019air avec eau \/ refroidissement stable - Be-Cool<\/title>\n<meta name=\"description\" content=\"\u00cates-vous \u00e0 la recherche d\u2019un refroidissement stable qui peut refroidir votre \u00e9curie ou l\u2019espace de la bonne fa\u00e7on? Chez Be-Cool, vous trouverez la glaci\u00e8re avec de l\u2019eau que vous voulez. Notre refroidissement stable refroidit votre espace d\u2019une mani\u00e8re \u00e9conomique et \u00e9cologique. \u00cates-vous devenu curieux au sujet de nos produits? Appelez \u260e 015-2002116.\" \/>\n<meta name=\"robots\" content=\"index, follow, max-snippet:-1, max-image-preview:large, max-video-preview:-1\" \/>\n<link rel=\"canonical\" href=\"https:\/\/www.be-cool.nl\/fr\/refroidisseur-dair-avec-eau-refroidissement-stable\/\" \/>\n<meta property=\"og:locale\" content=\"fr_FR\" \/>\n<meta property=\"og:type\" content=\"article\" \/>\n<meta property=\"og:title\" content=\"Refroidisseur d\u2019air avec eau \/ refroidissement stable - Be-Cool\" \/>\n<meta property=\"og:description\" content=\"\u00cates-vous \u00e0 la recherche d\u2019un refroidissement stable qui peut refroidir votre \u00e9curie ou l\u2019espace de la bonne fa\u00e7on? Chez Be-Cool, vous trouverez la glaci\u00e8re avec de l\u2019eau que vous voulez. Notre refroidissement stable refroidit votre espace d\u2019une mani\u00e8re \u00e9conomique et \u00e9cologique. \u00cates-vous devenu curieux au sujet de nos produits? Appelez \u260e 015-2002116.\" \/>\n<meta property=\"og:url\" content=\"https:\/\/www.be-cool.nl\/fr\/refroidisseur-dair-avec-eau-refroidissement-stable\/\" \/>\n<meta property=\"og:site_name\" content=\"Be-Cool\" \/>\n<meta property=\"article:modified_time\" content=\"2022-03-03T09:26:29+00:00\" \/>\n<meta name=\"twitter:card\" content=\"summary_large_image\" \/>\n<meta name=\"twitter:label1\" content=\"Dur\u00e9e de lecture estim\u00e9e\" \/>\n\t<meta name=\"twitter:data1\" content=\"2 minutes\" \/>\n<script type=\"application\/ld+json\" class=\"yoast-schema-graph\">{\"@context\":\"https:\\\/\\\/schema.org\",\"@graph\":[{\"@type\":\"WebPage\",\"@id\":\"https:\\\/\\\/www.be-cool.nl\\\/fr\\\/refroidisseur-dair-avec-eau-refroidissement-stable\\\/\",\"url\":\"https:\\\/\\\/www.be-cool.nl\\\/fr\\\/refroidisseur-dair-avec-eau-refroidissement-stable\\\/\",\"name\":\"Refroidisseur d\u2019air avec eau \\\/ refroidissement stable - Be-Cool\",\"isPartOf\":{\"@id\":\"https:\\\/\\\/www.be-cool.nl\\\/fr\\\/#website\"},\"datePublished\":\"2022-02-21T10:35:43+00:00\",\"dateModified\":\"2022-03-03T09:26:29+00:00\",\"description\":\"\u00cates-vous \u00e0 la recherche d\u2019un refroidissement stable qui peut refroidir votre \u00e9curie ou l\u2019espace de la bonne fa\u00e7on? Chez Be-Cool, vous trouverez la glaci\u00e8re avec de l\u2019eau que vous voulez. Notre refroidissement stable refroidit votre espace d\u2019une mani\u00e8re \u00e9conomique et \u00e9cologique. \u00cates-vous devenu curieux au sujet de nos produits? Appelez \u260e 015-2002116.\",\"breadcrumb\":{\"@id\":\"https:\\\/\\\/www.be-cool.nl\\\/fr\\\/refroidisseur-dair-avec-eau-refroidissement-stable\\\/#breadcrumb\"},\"inLanguage\":\"fr-FR\",\"potentialAction\":[{\"@type\":\"ReadAction\",\"target\":[\"https:\\\/\\\/www.be-cool.nl\\\/fr\\\/refroidisseur-dair-avec-eau-refroidissement-stable\\\/\"]}]},{\"@type\":\"BreadcrumbList\",\"@id\":\"https:\\\/\\\/www.be-cool.nl\\\/fr\\\/refroidisseur-dair-avec-eau-refroidissement-stable\\\/#breadcrumb\",\"itemListElement\":[{\"@type\":\"ListItem\",\"position\":1,\"name\":\"Home\",\"item\":\"https:\\\/\\\/www.be-cool.nl\\\/fr\\\/\"},{\"@type\":\"ListItem\",\"position\":2,\"name\":\"Refroidisseur d\u2019air avec eau \\\/ refroidissement stable\"}]},{\"@type\":\"WebSite\",\"@id\":\"https:\\\/\\\/www.be-cool.nl\\\/fr\\\/#website\",\"url\":\"https:\\\/\\\/www.be-cool.nl\\\/fr\\\/\",\"name\":\"Be-Cool\",\"description\":\"\",\"publisher\":{\"@id\":\"https:\\\/\\\/www.be-cool.nl\\\/fr\\\/#organization\"},\"potentialAction\":[{\"@type\":\"SearchAction\",\"target\":{\"@type\":\"EntryPoint\",\"urlTemplate\":\"https:\\\/\\\/www.be-cool.nl\\\/fr\\\/?s={search_term_string}\"},\"query-input\":{\"@type\":\"PropertyValueSpecification\",\"valueRequired\":true,\"valueName\":\"search_term_string\"}}],\"inLanguage\":\"fr-FR\"},{\"@type\":\"Organization\",\"@id\":\"https:\\\/\\\/www.be-cool.nl\\\/fr\\\/#organization\",\"name\":\"Be-Cool\",\"url\":\"https:\\\/\\\/www.be-cool.nl\\\/fr\\\/\",\"logo\":{\"@type\":\"ImageObject\",\"inLanguage\":\"fr-FR\",\"@id\":\"https:\\\/\\\/www.be-cool.nl\\\/fr\\\/#\\\/schema\\\/logo\\\/image\\\/\",\"url\":\"https:\\\/\\\/www.be-cool.nl\\\/wp-content\\\/uploads\\\/Be-cool_Logo.png\",\"contentUrl\":\"https:\\\/\\\/www.be-cool.nl\\\/wp-content\\\/uploads\\\/Be-cool_Logo.png\",\"width\":426,\"height\":142,\"caption\":\"Be-Cool\"},\"image\":{\"@id\":\"https:\\\/\\\/www.be-cool.nl\\\/fr\\\/#\\\/schema\\\/logo\\\/image\\\/\"}}]}<\/script>\n<!-- \/ Yoast SEO plugin. -->","yoast_head_json":{"title":"Refroidisseur d\u2019air avec eau \/ refroidissement stable - Be-Cool","description":"\u00cates-vous \u00e0 la recherche d\u2019un refroidissement stable qui peut refroidir votre \u00e9curie ou l\u2019espace de la bonne fa\u00e7on? Chez Be-Cool, vous trouverez la glaci\u00e8re avec de l\u2019eau que vous voulez. Notre refroidissement stable refroidit votre espace d\u2019une mani\u00e8re \u00e9conomique et \u00e9cologique. \u00cates-vous devenu curieux au sujet de nos produits? Appelez \u260e 015-2002116.","robots":{"index":"index","follow":"follow","max-snippet":"max-snippet:-1","max-image-preview":"max-image-preview:large","max-video-preview":"max-video-preview:-1"},"canonical":"https:\/\/www.be-cool.nl\/fr\/refroidisseur-dair-avec-eau-refroidissement-stable\/","og_locale":"fr_FR","og_type":"article","og_title":"Refroidisseur d\u2019air avec eau \/ refroidissement stable - Be-Cool","og_description":"\u00cates-vous \u00e0 la recherche d\u2019un refroidissement stable qui peut refroidir votre \u00e9curie ou l\u2019espace de la bonne fa\u00e7on? Chez Be-Cool, vous trouverez la glaci\u00e8re avec de l\u2019eau que vous voulez. Notre refroidissement stable refroidit votre espace d\u2019une mani\u00e8re \u00e9conomique et \u00e9cologique. \u00cates-vous devenu curieux au sujet de nos produits? Appelez \u260e 015-2002116.","og_url":"https:\/\/www.be-cool.nl\/fr\/refroidisseur-dair-avec-eau-refroidissement-stable\/","og_site_name":"Be-Cool","article_modified_time":"2022-03-03T09:26:29+00:00","twitter_card":"summary_large_image","twitter_misc":{"Dur\u00e9e de lecture estim\u00e9e":"2 minutes"},"schema":{"@context":"https:\/\/schema.org","@graph":[{"@type":"WebPage","@id":"https:\/\/www.be-cool.nl\/fr\/refroidisseur-dair-avec-eau-refroidissement-stable\/","url":"https:\/\/www.be-cool.nl\/fr\/refroidisseur-dair-avec-eau-refroidissement-stable\/","name":"Refroidisseur d\u2019air avec eau \/ refroidissement stable - Be-Cool","isPartOf":{"@id":"https:\/\/www.be-cool.nl\/fr\/#website"},"datePublished":"2022-02-21T10:35:43+00:00","dateModified":"2022-03-03T09:26:29+00:00","description":"\u00cates-vous \u00e0 la recherche d\u2019un refroidissement stable qui peut refroidir votre \u00e9curie ou l\u2019espace de la bonne fa\u00e7on? Chez Be-Cool, vous trouverez la glaci\u00e8re avec de l\u2019eau que vous voulez. Notre refroidissement stable refroidit votre espace d\u2019une mani\u00e8re \u00e9conomique et \u00e9cologique. \u00cates-vous devenu curieux au sujet de nos produits? Appelez \u260e 015-2002116.","breadcrumb":{"@id":"https:\/\/www.be-cool.nl\/fr\/refroidisseur-dair-avec-eau-refroidissement-stable\/#breadcrumb"},"inLanguage":"fr-FR","potentialAction":[{"@type":"ReadAction","target":["https:\/\/www.be-cool.nl\/fr\/refroidisseur-dair-avec-eau-refroidissement-stable\/"]}]},{"@type":"BreadcrumbList","@id":"https:\/\/www.be-cool.nl\/fr\/refroidisseur-dair-avec-eau-refroidissement-stable\/#breadcrumb","itemListElement":[{"@type":"ListItem","position":1,"name":"Home","item":"https:\/\/www.be-cool.nl\/fr\/"},{"@type":"ListItem","position":2,"name":"Refroidisseur d\u2019air avec eau \/ refroidissement stable"}]},{"@type":"WebSite","@id":"https:\/\/www.be-cool.nl\/fr\/#website","url":"https:\/\/www.be-cool.nl\/fr\/","name":"Be-Cool","description":"","publisher":{"@id":"https:\/\/www.be-cool.nl\/fr\/#organization"},"potentialAction":[{"@type":"SearchAction","target":{"@type":"EntryPoint","urlTemplate":"https:\/\/www.be-cool.nl\/fr\/?s={search_term_string}"},"query-input":{"@type":"PropertyValueSpecification","valueRequired":true,"valueName":"search_term_string"}}],"inLanguage":"fr-FR"},{"@type":"Organization","@id":"https:\/\/www.be-cool.nl\/fr\/#organization","name":"Be-Cool","url":"https:\/\/www.be-cool.nl\/fr\/","logo":{"@type":"ImageObject","inLanguage":"fr-FR","@id":"https:\/\/www.be-cool.nl\/fr\/#\/schema\/logo\/image\/","url":"https:\/\/www.be-cool.nl\/wp-content\/uploads\/Be-cool_Logo.png","contentUrl":"https:\/\/www.be-cool.nl\/wp-content\/uploads\/Be-cool_Logo.png","width":426,"height":142,"caption":"Be-Cool"},"image":{"@id":"https:\/\/www.be-cool.nl\/fr\/#\/schema\/logo\/image\/"}}]}},"_links":{"self":[{"href":"https:\/\/www.be-cool.nl\/fr\/wp-json\/wp\/v2\/pages\/939","targetHints":{"allow":["GET"]}}],"collection":[{"href":"https:\/\/www.be-cool.nl\/fr\/wp-json\/wp\/v2\/pages"}],"about":[{"href":"https:\/\/www.be-cool.nl\/fr\/wp-json\/wp\/v2\/types\/page"}],"author":[{"embeddable":true,"href":"https:\/\/www.be-cool.nl\/fr\/wp-json\/wp\/v2\/users\/1"}],"replies":[{"embeddable":true,"href":"https:\/\/www.be-cool.nl\/fr\/wp-json\/wp\/v2\/comments?post=939"}],"version-history":[{"count":1,"href":"https:\/\/www.be-cool.nl\/fr\/wp-json\/wp\/v2\/pages\/939\/revisions"}],"predecessor-version":[{"id":940,"href":"https:\/\/www.be-cool.nl\/fr\/wp-json\/wp\/v2\/pages\/939\/revisions\/940"}],"wp:attachment":[{"href":"https:\/\/www.be-cool.nl\/fr\/wp-json\/wp\/v2\/media?parent=939"}],"curies":[{"name":"wp","href":"https:\/\/api.w.org\/{rel}","templated":true}]}}