{"id":969,"date":"2022-02-21T11:37:30","date_gmt":"2022-02-21T10:37:30","guid":{"rendered":"https:\/\/www.be-cool.nl\/?page_id=969"},"modified":"2022-03-03T10:50:25","modified_gmt":"2022-03-03T09:50:25","slug":"refroidisseur-dair-adiabatique-mobile","status":"publish","type":"page","link":"https:\/\/www.be-cool.nl\/fr\/refroidisseur-dair-adiabatique-mobile\/","title":{"rendered":"Refroidisseur d\u2019air adiabatique mobile"},"content":{"rendered":"<h2>Le refroidisseur d\u2019air adiabatique mobile chez Be-Cool<\/h2>\n<p>Souhaitez-vous un refroidisseur d\u2019air adiabatique mobile pour vos locaux? Chez Be-Cool, vous \u00eates arriv\u00e9 au bon endroit. Nous vendons un refroidissement appropri\u00e9 pour chaque situation. Vous pouvez penser \u00e0 un refroidisseur d\u2019air adiabatique, refroidisseur par \u00e9vaporation et refroidisseur terrasse. Vous pouvez venir \u00e0 nous pour des glaci\u00e8res d\u2019excellente qualit\u00e9 et le meilleur service. Avez-vous besoin de plus d\u2019informations sur les refroidisseurs adiabatiques? Ensuite, lisez-nous ou approchez-nous directement pour acheter un nouveau refroidissement.<\/p>\n<h3>Les avantages des refroidisseurs d\u2019air adiabatique<\/h3>\n<p>Nous vendons des refroidisseurs d\u2019air adiabatique de la marque Portacool. Les refroidisseurs adiabatiques utilisent un syst\u00e8me sp\u00e9cial de refroidissement par \u00e9vaporation. Mais qu\u2019est-ce que le refroidissement par \u00e9vaporation? Mouillez votre doigt dans un seau d\u2019eau, puis soufflez le long du doigt. L\u2019\u00e9vaporation de l\u2019eau vous fera sentir frais. C\u2019est aussi ce qu\u2019on appelle le refroidissement adiabatique. Le syst\u00e8me offre la possibilit\u00e9 de refroidir les grands espaces ouverts d\u2019une mani\u00e8re \u00e9cologique et \u00e9conomique. Nos refroidisseurs \u00e9conomes en \u00e9nergie rendent le refroidissement des grands espaces beaucoup moins cher.  <\/p>\n<h3>Comment fonctionne le refroidissement mobile Portacool ?<\/h3>\n<p>Un refroidisseur d\u2019air Portacool agit comme un refroidissement autonome dans lequel la chaleur est extraite de l\u2019air par \u00e9vaporation de l\u2019eau. Les plaquettes brevet\u00e9es K\u00fc\u00fcl sont l\u2019un des composants les plus importants des unit\u00e9s adiabatiques Portacool. Ces plaquettes sont faites de papier comprim\u00e9. Au moyen d\u2019une pompe \u00e0 eau, l\u2019eau est pomp\u00e9e du r\u00e9servoir d\u2019eau. L\u2019eau est aliment\u00e9e par les canaux dans les coussinets, de sorte qu\u2019ils sont gard\u00e9s humides partout. Ensuite, l\u2019air chaud est aspir\u00e9 \u00e0 travers les coussinets. En cons\u00e9quence, l\u2019eau s\u2019\u00e9vapore et l\u2019air est refroidi. Cet air est souffl\u00e9 d\u2019une mani\u00e8re puissante. Les plaquettes K\u00fc\u00fcl assurent que l\u2019air chaud est refroidi de 20%. Un avantage suppl\u00e9mentaire est qu\u2019en raison de la structure ing\u00e9nieuse et la m\u00e9thode de placement des plaquettes K\u00fc\u00fcl, les polluants sont filtr\u00e9s hors de l\u2019air qui coule. Il fournit \u00e9galement un air plus propre.<\/p>\n<h3>Les avantages d\u2019un Portacool<\/h3>\n<p>Nous aimerions \u00e9num\u00e9rer les avantages d\u2019un Portacool pour vous:<\/p>\n<ul>\n<li>Facile \u00e0 d\u00e9placer<\/li>\n<li>Low cost<\/li>\n<li>\u00c9cologique<\/li>\n<li>Pas de frais d\u2019installation<\/li>\n<li>Alimentation en eau par l\u2019interm\u00e9diaire d\u2019un tuyau d\u2019arrosage ou de remplissage<\/li>\n<li>Facilit\u00e9 d\u2019utilisation insouciante et pratiquement sans entretien<\/li>\n<li>Bo\u00eetier durable en poly\u00e9thyl\u00e8ne coul\u00e9 hors d\u2019un<\/li>\n<li>Id\u00e9al pour refroidir les grands lieux de travail de poussi\u00e8re d\u2019espace<\/li>\n<\/ul>\n<h3>Pour plus d\u2019informations, veuillez<\/h3>\n<p>\u00cates-vous devenu curieux au sujet d\u2019un nouveau refroidisseur d\u2019air? Contactez-nous par l\u2019interm\u00e9diaire <a href=\"tel:0152002116\">du 015-2002116<\/a> ou envoyez un courriel <a href=mailto:info@be-cool.nl> <\/a> info@be-cool.nl. Vous pouvez \u00e9galement laisser un message via notre formulaire de contact en ligne. Nous sommes heureux d\u2019\u00eatre l\u00e0 pour vous quand vous voulez acheter un refroidisseur adiabatique mobile.<\/p>\n","protected":false},"excerpt":{"rendered":"<p>Le refroidisseur d\u2019air adiabatique mobile chez Be-Cool Souhaitez-vous un refroidisseur d\u2019air adiabatique mobile pour vos locaux? Chez Be-Cool, vous \u00eates arriv\u00e9 au bon endroit. Nous<a class=\"moretag\" href=\"https:\/\/www.be-cool.nl\/fr\/refroidisseur-dair-adiabatique-mobile\/\">&#8230;<\/a><\/p>\n","protected":false},"author":1,"featured_media":0,"parent":0,"menu_order":0,"comment_status":"closed","ping_status":"closed","template":"","meta":{"_glsr_average":0,"_glsr_ranking":0,"_glsr_reviews":0,"footnotes":""},"class_list":["post-969","page","type-page","status-publish","hentry"],"yoast_head":"<!-- This site is optimized with the Yoast SEO plugin v27.5 - https:\/\/yoast.com\/product\/yoast-seo-wordpress\/ -->\n<title>Refroidisseur d\u2019air adiabatique mobile - Be-Cool<\/title>\n<meta name=\"description\" content=\"Souhaitez-vous un refroidisseur d\u2019air adiabatique mobile pour vos locaux? Veuillez contacter Be-Cool. Nous vendons des refroidisseurs d\u2019air adiabatique de haute qualit\u00e9. Vous pouvez \u00e9galement compter sur le meilleur service avec nous. Pour plus d\u2019informations, appelez-nous par num\u00e9ro de t\u00e9l\u00e9phone 015-2002116.\" \/>\n<meta name=\"robots\" content=\"index, follow, max-snippet:-1, max-image-preview:large, max-video-preview:-1\" \/>\n<link rel=\"canonical\" href=\"https:\/\/www.be-cool.nl\/fr\/refroidisseur-dair-adiabatique-mobile\/\" \/>\n<meta property=\"og:locale\" content=\"fr_FR\" \/>\n<meta property=\"og:type\" content=\"article\" \/>\n<meta property=\"og:title\" content=\"Refroidisseur d\u2019air adiabatique mobile - Be-Cool\" \/>\n<meta property=\"og:description\" content=\"Souhaitez-vous un refroidisseur d\u2019air adiabatique mobile pour vos locaux? Veuillez contacter Be-Cool. Nous vendons des refroidisseurs d\u2019air adiabatique de haute qualit\u00e9. Vous pouvez \u00e9galement compter sur le meilleur service avec nous. Pour plus d\u2019informations, appelez-nous par num\u00e9ro de t\u00e9l\u00e9phone 015-2002116.\" \/>\n<meta property=\"og:url\" content=\"https:\/\/www.be-cool.nl\/fr\/refroidisseur-dair-adiabatique-mobile\/\" \/>\n<meta property=\"og:site_name\" content=\"Be-Cool\" \/>\n<meta property=\"article:modified_time\" content=\"2022-03-03T09:50:25+00:00\" \/>\n<meta name=\"twitter:card\" content=\"summary_large_image\" \/>\n<meta name=\"twitter:label1\" content=\"Dur\u00e9e de lecture estim\u00e9e\" \/>\n\t<meta name=\"twitter:data1\" content=\"2 minutes\" \/>\n<script type=\"application\/ld+json\" class=\"yoast-schema-graph\">{\"@context\":\"https:\\\/\\\/schema.org\",\"@graph\":[{\"@type\":\"WebPage\",\"@id\":\"https:\\\/\\\/www.be-cool.nl\\\/fr\\\/refroidisseur-dair-adiabatique-mobile\\\/\",\"url\":\"https:\\\/\\\/www.be-cool.nl\\\/fr\\\/refroidisseur-dair-adiabatique-mobile\\\/\",\"name\":\"Refroidisseur d\u2019air adiabatique mobile - Be-Cool\",\"isPartOf\":{\"@id\":\"https:\\\/\\\/www.be-cool.nl\\\/fr\\\/#website\"},\"datePublished\":\"2022-02-21T10:37:30+00:00\",\"dateModified\":\"2022-03-03T09:50:25+00:00\",\"description\":\"Souhaitez-vous un refroidisseur d\u2019air adiabatique mobile pour vos locaux? Veuillez contacter Be-Cool. Nous vendons des refroidisseurs d\u2019air adiabatique de haute qualit\u00e9. Vous pouvez \u00e9galement compter sur le meilleur service avec nous. Pour plus d\u2019informations, appelez-nous par num\u00e9ro de t\u00e9l\u00e9phone 015-2002116.\",\"breadcrumb\":{\"@id\":\"https:\\\/\\\/www.be-cool.nl\\\/fr\\\/refroidisseur-dair-adiabatique-mobile\\\/#breadcrumb\"},\"inLanguage\":\"fr-FR\",\"potentialAction\":[{\"@type\":\"ReadAction\",\"target\":[\"https:\\\/\\\/www.be-cool.nl\\\/fr\\\/refroidisseur-dair-adiabatique-mobile\\\/\"]}]},{\"@type\":\"BreadcrumbList\",\"@id\":\"https:\\\/\\\/www.be-cool.nl\\\/fr\\\/refroidisseur-dair-adiabatique-mobile\\\/#breadcrumb\",\"itemListElement\":[{\"@type\":\"ListItem\",\"position\":1,\"name\":\"Home\",\"item\":\"https:\\\/\\\/www.be-cool.nl\\\/fr\\\/\"},{\"@type\":\"ListItem\",\"position\":2,\"name\":\"Refroidisseur d\u2019air adiabatique mobile\"}]},{\"@type\":\"WebSite\",\"@id\":\"https:\\\/\\\/www.be-cool.nl\\\/fr\\\/#website\",\"url\":\"https:\\\/\\\/www.be-cool.nl\\\/fr\\\/\",\"name\":\"Be-Cool\",\"description\":\"\",\"publisher\":{\"@id\":\"https:\\\/\\\/www.be-cool.nl\\\/fr\\\/#organization\"},\"potentialAction\":[{\"@type\":\"SearchAction\",\"target\":{\"@type\":\"EntryPoint\",\"urlTemplate\":\"https:\\\/\\\/www.be-cool.nl\\\/fr\\\/?s={search_term_string}\"},\"query-input\":{\"@type\":\"PropertyValueSpecification\",\"valueRequired\":true,\"valueName\":\"search_term_string\"}}],\"inLanguage\":\"fr-FR\"},{\"@type\":\"Organization\",\"@id\":\"https:\\\/\\\/www.be-cool.nl\\\/fr\\\/#organization\",\"name\":\"Be-Cool\",\"url\":\"https:\\\/\\\/www.be-cool.nl\\\/fr\\\/\",\"logo\":{\"@type\":\"ImageObject\",\"inLanguage\":\"fr-FR\",\"@id\":\"https:\\\/\\\/www.be-cool.nl\\\/fr\\\/#\\\/schema\\\/logo\\\/image\\\/\",\"url\":\"https:\\\/\\\/www.be-cool.nl\\\/wp-content\\\/uploads\\\/Be-cool_Logo.png\",\"contentUrl\":\"https:\\\/\\\/www.be-cool.nl\\\/wp-content\\\/uploads\\\/Be-cool_Logo.png\",\"width\":426,\"height\":142,\"caption\":\"Be-Cool\"},\"image\":{\"@id\":\"https:\\\/\\\/www.be-cool.nl\\\/fr\\\/#\\\/schema\\\/logo\\\/image\\\/\"}}]}<\/script>\n<!-- \/ Yoast SEO plugin. -->","yoast_head_json":{"title":"Refroidisseur d\u2019air adiabatique mobile - Be-Cool","description":"Souhaitez-vous un refroidisseur d\u2019air adiabatique mobile pour vos locaux? Veuillez contacter Be-Cool. Nous vendons des refroidisseurs d\u2019air adiabatique de haute qualit\u00e9. Vous pouvez \u00e9galement compter sur le meilleur service avec nous. Pour plus d\u2019informations, appelez-nous par num\u00e9ro de t\u00e9l\u00e9phone 015-2002116.","robots":{"index":"index","follow":"follow","max-snippet":"max-snippet:-1","max-image-preview":"max-image-preview:large","max-video-preview":"max-video-preview:-1"},"canonical":"https:\/\/www.be-cool.nl\/fr\/refroidisseur-dair-adiabatique-mobile\/","og_locale":"fr_FR","og_type":"article","og_title":"Refroidisseur d\u2019air adiabatique mobile - Be-Cool","og_description":"Souhaitez-vous un refroidisseur d\u2019air adiabatique mobile pour vos locaux? Veuillez contacter Be-Cool. Nous vendons des refroidisseurs d\u2019air adiabatique de haute qualit\u00e9. Vous pouvez \u00e9galement compter sur le meilleur service avec nous. Pour plus d\u2019informations, appelez-nous par num\u00e9ro de t\u00e9l\u00e9phone 015-2002116.","og_url":"https:\/\/www.be-cool.nl\/fr\/refroidisseur-dair-adiabatique-mobile\/","og_site_name":"Be-Cool","article_modified_time":"2022-03-03T09:50:25+00:00","twitter_card":"summary_large_image","twitter_misc":{"Dur\u00e9e de lecture estim\u00e9e":"2 minutes"},"schema":{"@context":"https:\/\/schema.org","@graph":[{"@type":"WebPage","@id":"https:\/\/www.be-cool.nl\/fr\/refroidisseur-dair-adiabatique-mobile\/","url":"https:\/\/www.be-cool.nl\/fr\/refroidisseur-dair-adiabatique-mobile\/","name":"Refroidisseur d\u2019air adiabatique mobile - Be-Cool","isPartOf":{"@id":"https:\/\/www.be-cool.nl\/fr\/#website"},"datePublished":"2022-02-21T10:37:30+00:00","dateModified":"2022-03-03T09:50:25+00:00","description":"Souhaitez-vous un refroidisseur d\u2019air adiabatique mobile pour vos locaux? Veuillez contacter Be-Cool. Nous vendons des refroidisseurs d\u2019air adiabatique de haute qualit\u00e9. Vous pouvez \u00e9galement compter sur le meilleur service avec nous. Pour plus d\u2019informations, appelez-nous par num\u00e9ro de t\u00e9l\u00e9phone 015-2002116.","breadcrumb":{"@id":"https:\/\/www.be-cool.nl\/fr\/refroidisseur-dair-adiabatique-mobile\/#breadcrumb"},"inLanguage":"fr-FR","potentialAction":[{"@type":"ReadAction","target":["https:\/\/www.be-cool.nl\/fr\/refroidisseur-dair-adiabatique-mobile\/"]}]},{"@type":"BreadcrumbList","@id":"https:\/\/www.be-cool.nl\/fr\/refroidisseur-dair-adiabatique-mobile\/#breadcrumb","itemListElement":[{"@type":"ListItem","position":1,"name":"Home","item":"https:\/\/www.be-cool.nl\/fr\/"},{"@type":"ListItem","position":2,"name":"Refroidisseur d\u2019air adiabatique mobile"}]},{"@type":"WebSite","@id":"https:\/\/www.be-cool.nl\/fr\/#website","url":"https:\/\/www.be-cool.nl\/fr\/","name":"Be-Cool","description":"","publisher":{"@id":"https:\/\/www.be-cool.nl\/fr\/#organization"},"potentialAction":[{"@type":"SearchAction","target":{"@type":"EntryPoint","urlTemplate":"https:\/\/www.be-cool.nl\/fr\/?s={search_term_string}"},"query-input":{"@type":"PropertyValueSpecification","valueRequired":true,"valueName":"search_term_string"}}],"inLanguage":"fr-FR"},{"@type":"Organization","@id":"https:\/\/www.be-cool.nl\/fr\/#organization","name":"Be-Cool","url":"https:\/\/www.be-cool.nl\/fr\/","logo":{"@type":"ImageObject","inLanguage":"fr-FR","@id":"https:\/\/www.be-cool.nl\/fr\/#\/schema\/logo\/image\/","url":"https:\/\/www.be-cool.nl\/wp-content\/uploads\/Be-cool_Logo.png","contentUrl":"https:\/\/www.be-cool.nl\/wp-content\/uploads\/Be-cool_Logo.png","width":426,"height":142,"caption":"Be-Cool"},"image":{"@id":"https:\/\/www.be-cool.nl\/fr\/#\/schema\/logo\/image\/"}}]}},"_links":{"self":[{"href":"https:\/\/www.be-cool.nl\/fr\/wp-json\/wp\/v2\/pages\/969","targetHints":{"allow":["GET"]}}],"collection":[{"href":"https:\/\/www.be-cool.nl\/fr\/wp-json\/wp\/v2\/pages"}],"about":[{"href":"https:\/\/www.be-cool.nl\/fr\/wp-json\/wp\/v2\/types\/page"}],"author":[{"embeddable":true,"href":"https:\/\/www.be-cool.nl\/fr\/wp-json\/wp\/v2\/users\/1"}],"replies":[{"embeddable":true,"href":"https:\/\/www.be-cool.nl\/fr\/wp-json\/wp\/v2\/comments?post=969"}],"version-history":[{"count":1,"href":"https:\/\/www.be-cool.nl\/fr\/wp-json\/wp\/v2\/pages\/969\/revisions"}],"predecessor-version":[{"id":970,"href":"https:\/\/www.be-cool.nl\/fr\/wp-json\/wp\/v2\/pages\/969\/revisions\/970"}],"wp:attachment":[{"href":"https:\/\/www.be-cool.nl\/fr\/wp-json\/wp\/v2\/media?parent=969"}],"curies":[{"name":"wp","href":"https:\/\/api.w.org\/{rel}","templated":true}]}}